{"id":9447,"date":"2025-01-17T11:16:37","date_gmt":"2025-01-17T14:16:37","guid":{"rendered":"https:\/\/mettapapelaria.com.br\/catalogo\/?post_type=product&#038;p=9447"},"modified":"2025-01-17T11:16:39","modified_gmt":"2025-01-17T14:16:39","slug":"marca-texto-cis-lumini-neon","status":"publish","type":"product","link":"https:\/\/mettapapelaria.com.br\/catalogo\/produto\/marca-texto-cis-lumini-neon\/","title":{"rendered":"MARCA TEXTO CIS LUMINI NEON"},"content":{"rendered":"<p>O Caneta Marca Texto Cis Lumini Neon \u00e9 um produto de alta qualidade, ideal para quem busca destacar informa\u00e7\u00f5es importantes em textos. Os marca textos podem vir em at\u00e9 seis cores neon vibrantes: amarelo, verde, laranja, rosa, azul e violeta. As canetas possuem ponta chanfrada, que permite tra\u00e7os de 1 a 3.5mm, perfeitos para sublinhar ou destacar textos. A tinta \u00e0 base de \u00e1gua garante uma secagem r\u00e1pida, evitando borr\u00f5es e manchas no papel. Al\u00e9m disso, a composi\u00e7\u00e3o das canetas inclui resinas termopl\u00e1sticas e corantes org\u00e2nicos, garantindo um produto de alta durabilidade e resist\u00eancia. O corpo das canetas \u00e9 feito de pl\u00e1stico resistente, com um di\u00e2metro de 1.3 cm, proporcionando um manuseio confort\u00e1vel. A marca Cis \u00e9 reconhecida pela qualidade de seus produtos, e o modelo Lumini Neon n\u00e3o \u00e9 exce\u00e7\u00e3o.<\/p>\n","protected":false},"excerpt":{"rendered":"<p>O Caneta Marca Texto Cis Lumini Neon \u00e9 um produto de alta qualidade, ideal para quem busca destacar informa\u00e7\u00f5es importantes em textos. Os marca textos&#8230;<\/p>\n","protected":false},"featured_media":9448,"comment_status":"open","ping_status":"closed","template":"","meta":[],"etheme_brands":[{"term_id":379,"name":"CIS","slug":"cis","term_group":0,"term_taxonomy_id":379,"taxonomy":"brand","description":"","parent":0,"count":31,"filter":"raw"}],"product_brand":[],"product_cat":[160,76,16],"product_tag":[377,254,907,338,397,293,276,364,316,275,255,294,292,256,382,860,227,225,226,239,317,274,318],"class_list":{"0":"post-9447","1":"product","2":"type-product","3":"status-publish","4":"has-post-thumbnail","6":"brand-cis","7":"product_cat-instrumentos","8":"product_cat-marca-texto","9":"product_cat-material-escolar","10":"product_tag-caneta","11":"product_tag-casa","12":"product_tag-cis","13":"product_tag-colorido","14":"product_tag-cores-pasteis","15":"product_tag-crianca","16":"product_tag-escola","17":"product_tag-estojo","18":"product_tag-estudante","19":"product_tag-faculdade","20":"product_tag-home","21":"product_tag-infantil","22":"product_tag-kids","23":"product_tag-lar","24":"product_tag-marca-texto","25":"product_tag-marca-texto-neon","26":"product_tag-material-escolar","27":"product_tag-metta-papelaria","28":"product_tag-mochila","29":"product_tag-organizacao","30":"product_tag-study","31":"product_tag-universidade","32":"product_tag-volta-as-aulas","34":"first","35":"instock","36":"sold-individually","37":"shipping-taxable","38":"purchasable","39":"product-type-simple"},"yoast_head":"<!-- This site is optimized with the Yoast SEO plugin v26.9 - https:\/\/yoast.com\/product\/yoast-seo-wordpress\/ -->\n<title>MARCA TEXTO CIS LUMINI NEON - Metta Papelaria<\/title>\n<meta name=\"description\" content=\"O Caneta Marca Texto Cis Lumini Neon \u00e9 um produto de alta qualidade, ideal para quem busca destacar informa\u00e7\u00f5es importantes em textos.\" \/>\n<meta name=\"robots\" content=\"index, follow, max-snippet:-1, max-image-preview:large, max-video-preview:-1\" \/>\n<link rel=\"canonical\" href=\"https:\/\/mettapapelaria.com.br\/catalogo\/produto\/marca-texto-cis-lumini-neon\/\" \/>\n<meta property=\"og:locale\" content=\"pt_BR\" \/>\n<meta property=\"og:type\" content=\"article\" \/>\n<meta property=\"og:title\" content=\"MARCA TEXTO CIS LUMINI NEON - Metta Papelaria\" \/>\n<meta property=\"og:description\" content=\"O Caneta Marca Texto Cis Lumini Neon \u00e9 um produto de alta qualidade, ideal para quem busca destacar informa\u00e7\u00f5es importantes em textos.\" \/>\n<meta property=\"og:url\" content=\"https:\/\/mettapapelaria.com.br\/catalogo\/produto\/marca-texto-cis-lumini-neon\/\" \/>\n<meta property=\"og:site_name\" content=\"Metta Papelaria\" \/>\n<meta property=\"article:publisher\" content=\"https:\/\/www.facebook.com\/mettapapelaria\/\" \/>\n<meta property=\"article:modified_time\" content=\"2025-01-17T14:16:39+00:00\" \/>\n<meta property=\"og:image\" content=\"https:\/\/mettapapelaria.com.br\/catalogo\/wp-content\/uploads\/2025\/01\/BIBLIOCANTO-PASTEL-MAXCRIL-2025-01-17T111026.838.png\" \/>\n\t<meta property=\"og:image:width\" content=\"500\" \/>\n\t<meta property=\"og:image:height\" content=\"500\" \/>\n\t<meta property=\"og:image:type\" content=\"image\/png\" \/>\n<meta name=\"twitter:card\" content=\"summary_large_image\" \/>\n<meta name=\"twitter:label1\" content=\"Est. tempo de leitura\" \/>\n\t<meta name=\"twitter:data1\" content=\"1 minuto\" \/>\n<script type=\"application\/ld+json\" class=\"yoast-schema-graph\">{\"@context\":\"https:\/\/schema.org\",\"@graph\":[{\"@type\":\"WebPage\",\"@id\":\"https:\/\/mettapapelaria.com.br\/catalogo\/produto\/marca-texto-cis-lumini-neon\/\",\"url\":\"https:\/\/mettapapelaria.com.br\/catalogo\/produto\/marca-texto-cis-lumini-neon\/\",\"name\":\"MARCA TEXTO CIS LUMINI NEON - Metta Papelaria\",\"isPartOf\":{\"@id\":\"https:\/\/mettapapelaria.com.br\/catalogo\/#website\"},\"primaryImageOfPage\":{\"@id\":\"https:\/\/mettapapelaria.com.br\/catalogo\/produto\/marca-texto-cis-lumini-neon\/#primaryimage\"},\"image\":{\"@id\":\"https:\/\/mettapapelaria.com.br\/catalogo\/produto\/marca-texto-cis-lumini-neon\/#primaryimage\"},\"thumbnailUrl\":\"https:\/\/mettapapelaria.com.br\/catalogo\/wp-content\/uploads\/2025\/01\/BIBLIOCANTO-PASTEL-MAXCRIL-2025-01-17T111026.838.png\",\"datePublished\":\"2025-01-17T14:16:37+00:00\",\"dateModified\":\"2025-01-17T14:16:39+00:00\",\"description\":\"O Caneta Marca Texto Cis Lumini Neon \u00e9 um produto de alta qualidade, ideal para quem busca destacar informa\u00e7\u00f5es importantes em textos.\",\"breadcrumb\":{\"@id\":\"https:\/\/mettapapelaria.com.br\/catalogo\/produto\/marca-texto-cis-lumini-neon\/#breadcrumb\"},\"inLanguage\":\"pt-BR\",\"potentialAction\":[{\"@type\":\"ReadAction\",\"target\":[\"https:\/\/mettapapelaria.com.br\/catalogo\/produto\/marca-texto-cis-lumini-neon\/\"]}]},{\"@type\":\"ImageObject\",\"inLanguage\":\"pt-BR\",\"@id\":\"https:\/\/mettapapelaria.com.br\/catalogo\/produto\/marca-texto-cis-lumini-neon\/#primaryimage\",\"url\":\"https:\/\/mettapapelaria.com.br\/catalogo\/wp-content\/uploads\/2025\/01\/BIBLIOCANTO-PASTEL-MAXCRIL-2025-01-17T111026.838.png\",\"contentUrl\":\"https:\/\/mettapapelaria.com.br\/catalogo\/wp-content\/uploads\/2025\/01\/BIBLIOCANTO-PASTEL-MAXCRIL-2025-01-17T111026.838.png\",\"width\":500,\"height\":500},{\"@type\":\"BreadcrumbList\",\"@id\":\"https:\/\/mettapapelaria.com.br\/catalogo\/produto\/marca-texto-cis-lumini-neon\/#breadcrumb\",\"itemListElement\":[{\"@type\":\"ListItem\",\"position\":1,\"name\":\"In\u00edcio\",\"item\":\"https:\/\/mettapapelaria.com.br\/catalogo\/\"},{\"@type\":\"ListItem\",\"position\":2,\"name\":\"Shop\",\"item\":\"https:\/\/mettapapelaria.com.br\/catalogo\/shop\/\"},{\"@type\":\"ListItem\",\"position\":3,\"name\":\"MARCA TEXTO CIS LUMINI NEON\"}]},{\"@type\":\"WebSite\",\"@id\":\"https:\/\/mettapapelaria.com.br\/catalogo\/#website\",\"url\":\"https:\/\/mettapapelaria.com.br\/catalogo\/\",\"name\":\"Metta Papelaria\",\"description\":\"Materiais e equipamentos de escrit\u00f3rio, suprimentos para inform\u00e1tica, e uma diversificada linha de material escolar\",\"publisher\":{\"@id\":\"https:\/\/mettapapelaria.com.br\/catalogo\/#organization\"},\"potentialAction\":[{\"@type\":\"SearchAction\",\"target\":{\"@type\":\"EntryPoint\",\"urlTemplate\":\"https:\/\/mettapapelaria.com.br\/catalogo\/?s={search_term_string}\"},\"query-input\":{\"@type\":\"PropertyValueSpecification\",\"valueRequired\":true,\"valueName\":\"search_term_string\"}}],\"inLanguage\":\"pt-BR\"},{\"@type\":\"Organization\",\"@id\":\"https:\/\/mettapapelaria.com.br\/catalogo\/#organization\",\"name\":\"Metta Papelaria\",\"url\":\"https:\/\/mettapapelaria.com.br\/catalogo\/\",\"logo\":{\"@type\":\"ImageObject\",\"inLanguage\":\"pt-BR\",\"@id\":\"https:\/\/mettapapelaria.com.br\/catalogo\/#\/schema\/logo\/image\/\",\"url\":\"https:\/\/mettapapelaria.com.br\/catalogo\/wp-content\/uploads\/2023\/12\/cropped-favicon-Metta_512-1.png\",\"contentUrl\":\"https:\/\/mettapapelaria.com.br\/catalogo\/wp-content\/uploads\/2023\/12\/cropped-favicon-Metta_512-1.png\",\"width\":512,\"height\":512,\"caption\":\"Metta Papelaria\"},\"image\":{\"@id\":\"https:\/\/mettapapelaria.com.br\/catalogo\/#\/schema\/logo\/image\/\"},\"sameAs\":[\"https:\/\/www.facebook.com\/mettapapelaria\/\",\"https:\/\/www.instagram.com\/papelariametta\/\"]}]}<\/script>\n<!-- \/ Yoast SEO plugin. -->","yoast_head_json":{"title":"MARCA TEXTO CIS LUMINI NEON - Metta Papelaria","description":"O Caneta Marca Texto Cis Lumini Neon \u00e9 um produto de alta qualidade, ideal para quem busca destacar informa\u00e7\u00f5es importantes em textos.","robots":{"index":"index","follow":"follow","max-snippet":"max-snippet:-1","max-image-preview":"max-image-preview:large","max-video-preview":"max-video-preview:-1"},"canonical":"https:\/\/mettapapelaria.com.br\/catalogo\/produto\/marca-texto-cis-lumini-neon\/","og_locale":"pt_BR","og_type":"article","og_title":"MARCA TEXTO CIS LUMINI NEON - Metta Papelaria","og_description":"O Caneta Marca Texto Cis Lumini Neon \u00e9 um produto de alta qualidade, ideal para quem busca destacar informa\u00e7\u00f5es importantes em textos.","og_url":"https:\/\/mettapapelaria.com.br\/catalogo\/produto\/marca-texto-cis-lumini-neon\/","og_site_name":"Metta Papelaria","article_publisher":"https:\/\/www.facebook.com\/mettapapelaria\/","article_modified_time":"2025-01-17T14:16:39+00:00","og_image":[{"width":500,"height":500,"url":"https:\/\/mettapapelaria.com.br\/catalogo\/wp-content\/uploads\/2025\/01\/BIBLIOCANTO-PASTEL-MAXCRIL-2025-01-17T111026.838.png","type":"image\/png"}],"twitter_card":"summary_large_image","twitter_misc":{"Est. tempo de leitura":"1 minuto"},"schema":{"@context":"https:\/\/schema.org","@graph":[{"@type":"WebPage","@id":"https:\/\/mettapapelaria.com.br\/catalogo\/produto\/marca-texto-cis-lumini-neon\/","url":"https:\/\/mettapapelaria.com.br\/catalogo\/produto\/marca-texto-cis-lumini-neon\/","name":"MARCA TEXTO CIS LUMINI NEON - Metta Papelaria","isPartOf":{"@id":"https:\/\/mettapapelaria.com.br\/catalogo\/#website"},"primaryImageOfPage":{"@id":"https:\/\/mettapapelaria.com.br\/catalogo\/produto\/marca-texto-cis-lumini-neon\/#primaryimage"},"image":{"@id":"https:\/\/mettapapelaria.com.br\/catalogo\/produto\/marca-texto-cis-lumini-neon\/#primaryimage"},"thumbnailUrl":"https:\/\/mettapapelaria.com.br\/catalogo\/wp-content\/uploads\/2025\/01\/BIBLIOCANTO-PASTEL-MAXCRIL-2025-01-17T111026.838.png","datePublished":"2025-01-17T14:16:37+00:00","dateModified":"2025-01-17T14:16:39+00:00","description":"O Caneta Marca Texto Cis Lumini Neon \u00e9 um produto de alta qualidade, ideal para quem busca destacar informa\u00e7\u00f5es importantes em textos.","breadcrumb":{"@id":"https:\/\/mettapapelaria.com.br\/catalogo\/produto\/marca-texto-cis-lumini-neon\/#breadcrumb"},"inLanguage":"pt-BR","potentialAction":[{"@type":"ReadAction","target":["https:\/\/mettapapelaria.com.br\/catalogo\/produto\/marca-texto-cis-lumini-neon\/"]}]},{"@type":"ImageObject","inLanguage":"pt-BR","@id":"https:\/\/mettapapelaria.com.br\/catalogo\/produto\/marca-texto-cis-lumini-neon\/#primaryimage","url":"https:\/\/mettapapelaria.com.br\/catalogo\/wp-content\/uploads\/2025\/01\/BIBLIOCANTO-PASTEL-MAXCRIL-2025-01-17T111026.838.png","contentUrl":"https:\/\/mettapapelaria.com.br\/catalogo\/wp-content\/uploads\/2025\/01\/BIBLIOCANTO-PASTEL-MAXCRIL-2025-01-17T111026.838.png","width":500,"height":500},{"@type":"BreadcrumbList","@id":"https:\/\/mettapapelaria.com.br\/catalogo\/produto\/marca-texto-cis-lumini-neon\/#breadcrumb","itemListElement":[{"@type":"ListItem","position":1,"name":"In\u00edcio","item":"https:\/\/mettapapelaria.com.br\/catalogo\/"},{"@type":"ListItem","position":2,"name":"Shop","item":"https:\/\/mettapapelaria.com.br\/catalogo\/shop\/"},{"@type":"ListItem","position":3,"name":"MARCA TEXTO CIS LUMINI NEON"}]},{"@type":"WebSite","@id":"https:\/\/mettapapelaria.com.br\/catalogo\/#website","url":"https:\/\/mettapapelaria.com.br\/catalogo\/","name":"Metta Papelaria","description":"Materiais e equipamentos de escrit\u00f3rio, suprimentos para inform\u00e1tica, e uma diversificada linha de material escolar","publisher":{"@id":"https:\/\/mettapapelaria.com.br\/catalogo\/#organization"},"potentialAction":[{"@type":"SearchAction","target":{"@type":"EntryPoint","urlTemplate":"https:\/\/mettapapelaria.com.br\/catalogo\/?s={search_term_string}"},"query-input":{"@type":"PropertyValueSpecification","valueRequired":true,"valueName":"search_term_string"}}],"inLanguage":"pt-BR"},{"@type":"Organization","@id":"https:\/\/mettapapelaria.com.br\/catalogo\/#organization","name":"Metta Papelaria","url":"https:\/\/mettapapelaria.com.br\/catalogo\/","logo":{"@type":"ImageObject","inLanguage":"pt-BR","@id":"https:\/\/mettapapelaria.com.br\/catalogo\/#\/schema\/logo\/image\/","url":"https:\/\/mettapapelaria.com.br\/catalogo\/wp-content\/uploads\/2023\/12\/cropped-favicon-Metta_512-1.png","contentUrl":"https:\/\/mettapapelaria.com.br\/catalogo\/wp-content\/uploads\/2023\/12\/cropped-favicon-Metta_512-1.png","width":512,"height":512,"caption":"Metta Papelaria"},"image":{"@id":"https:\/\/mettapapelaria.com.br\/catalogo\/#\/schema\/logo\/image\/"},"sameAs":["https:\/\/www.facebook.com\/mettapapelaria\/","https:\/\/www.instagram.com\/papelariametta\/"]}]}},"_links":{"self":[{"href":"https:\/\/mettapapelaria.com.br\/catalogo\/wp-json\/wp\/v2\/product\/9447","targetHints":{"allow":["GET"]}}],"collection":[{"href":"https:\/\/mettapapelaria.com.br\/catalogo\/wp-json\/wp\/v2\/product"}],"about":[{"href":"https:\/\/mettapapelaria.com.br\/catalogo\/wp-json\/wp\/v2\/types\/product"}],"replies":[{"embeddable":true,"href":"https:\/\/mettapapelaria.com.br\/catalogo\/wp-json\/wp\/v2\/comments?post=9447"}],"version-history":[{"count":1,"href":"https:\/\/mettapapelaria.com.br\/catalogo\/wp-json\/wp\/v2\/product\/9447\/revisions"}],"predecessor-version":[{"id":9449,"href":"https:\/\/mettapapelaria.com.br\/catalogo\/wp-json\/wp\/v2\/product\/9447\/revisions\/9449"}],"wp:featuredmedia":[{"embeddable":true,"href":"https:\/\/mettapapelaria.com.br\/catalogo\/wp-json\/wp\/v2\/media\/9448"}],"wp:attachment":[{"href":"https:\/\/mettapapelaria.com.br\/catalogo\/wp-json\/wp\/v2\/media?parent=9447"}],"wp:term":[{"taxonomy":"brand","embeddable":true,"href":"https:\/\/mettapapelaria.com.br\/catalogo\/wp-json\/wp\/v2\/etheme_brands?post=9447"},{"taxonomy":"product_brand","embeddable":true,"href":"https:\/\/mettapapelaria.com.br\/catalogo\/wp-json\/wp\/v2\/product_brand?post=9447"},{"taxonomy":"product_cat","embeddable":true,"href":"https:\/\/mettapapelaria.com.br\/catalogo\/wp-json\/wp\/v2\/product_cat?post=9447"},{"taxonomy":"product_tag","embeddable":true,"href":"https:\/\/mettapapelaria.com.br\/catalogo\/wp-json\/wp\/v2\/product_tag?post=9447"}],"curies":[{"name":"wp","href":"https:\/\/api.w.org\/{rel}","templated":true}]}}