{"id":9427,"date":"2025-01-16T11:26:07","date_gmt":"2025-01-16T14:26:07","guid":{"rendered":"https:\/\/mettapapelaria.com.br\/catalogo\/?post_type=product&#038;p=9427"},"modified":"2025-01-16T11:26:08","modified_gmt":"2025-01-16T14:26:08","slug":"canetinha-12-cores-compactor","status":"publish","type":"product","link":"https:\/\/mettapapelaria.com.br\/catalogo\/produto\/canetinha-12-cores-compactor\/","title":{"rendered":"CANETINHA 12 CORES COMPACTOR"},"content":{"rendered":"<p>As canetinhas hidrogr\u00e1ficas Neo-Pen da Compactor s\u00e3o grandes amigas da crian\u00e7ada. Todos os detalhes nesse produto forma pensados para garantir divers\u00e3o, aprendizado e muita seguran\u00e7a!<\/p>\n<p>Neo-Pen tem ponta super resistente, mas escrita macia. Isso significa que mesmo os mais novos conseguem produzir tra\u00e7os bem coloridos sem danificar a ponta das canetas. Se juntarmos isso a um super compartimento de tinta, teremos um produto que dura muito mais, afinal quem n\u00e3o gosta de economia e efici\u00eancia?<\/p>\n<p>As cores das canetinhas hidrogr\u00e1ficas Neo-Pen s\u00e3o muito intensas, tornando os desenhos muito mais vibrantes e cheios de vida!<\/p>\n<p>No quesito seguran\u00e7a, a Linha Neo-Pen tamb\u00e9m \u00e9 imbat\u00edvel! Sua tampa \u00e9 anti-asfixiante e a tampinha da ponta de tr\u00e1s \u00e9 muito bem fixada para evitar acidentes com os pequenos.<\/p>\n<p>Sua tinta \u00e0 base de \u00e1gua \u00e9 super lav\u00e1vel e dispensa uso de alvejantes para retirar as manchas do uniforme.<\/p>\n<p>Com 12 cores, esse \u00e9 o produto perfeita para desenhar, colorir e se divertir.<\/p>\n","protected":false},"excerpt":{"rendered":"<p>As canetinhas hidrogr\u00e1ficas Neo-Pen da Compactor s\u00e3o grandes amigas da crian\u00e7ada. Todos os detalhes nesse produto forma pensados para garantir divers\u00e3o, aprendizado e muita seguran\u00e7a!&#8230;<\/p>\n","protected":false},"featured_media":9428,"comment_status":"open","ping_status":"closed","template":"","meta":[],"etheme_brands":[{"term_id":204,"name":"Compactor","slug":"compactor","term_group":0,"term_taxonomy_id":204,"taxonomy":"brand","description":"","parent":0,"count":4,"filter":"raw"}],"product_brand":[],"product_cat":[21,75,160,16],"product_tag":[377,900,905,254,338,904,397,293,276,364,316,275,255,294,292,256,227,225,226,239,384,317,274,318],"class_list":{"0":"post-9427","1":"product","2":"type-product","3":"status-publish","4":"has-post-thumbnail","6":"brand-compactor","7":"product_cat-canetas","8":"product_cat-canetas-hidrocor-canetinhas","9":"product_cat-instrumentos","10":"product_cat-material-escolar","11":"product_tag-caneta","12":"product_tag-canetinha","13":"product_tag-canetinha-compactor","14":"product_tag-casa","15":"product_tag-colorido","16":"product_tag-compactor","17":"product_tag-cores-pasteis","18":"product_tag-crianca","19":"product_tag-escola","20":"product_tag-estojo","21":"product_tag-estudante","22":"product_tag-faculdade","23":"product_tag-home","24":"product_tag-infantil","25":"product_tag-kids","26":"product_tag-lar","27":"product_tag-material-escolar","28":"product_tag-metta-papelaria","29":"product_tag-mochila","30":"product_tag-organizacao","31":"product_tag-pastel","32":"product_tag-study","33":"product_tag-universidade","34":"product_tag-volta-as-aulas","36":"first","37":"instock","38":"sold-individually","39":"shipping-taxable","40":"purchasable","41":"product-type-simple"},"yoast_head":"<!-- This site is optimized with the Yoast SEO plugin v26.9 - https:\/\/yoast.com\/product\/yoast-seo-wordpress\/ -->\n<title>CANETINHA 12 CORES COMPACTOR - Metta Papelaria<\/title>\n<meta name=\"description\" content=\"As canetinhas hidrogr\u00e1ficas Neo-Pen da Compactor s\u00e3o grandes amigas da crian\u00e7ada. Todos os detalhes nesse produto forma pensados para garantir divers\u00e3o, aprendizado e muita seguran\u00e7a!\" \/>\n<meta name=\"robots\" content=\"index, follow, max-snippet:-1, max-image-preview:large, max-video-preview:-1\" \/>\n<link rel=\"canonical\" href=\"https:\/\/mettapapelaria.com.br\/catalogo\/produto\/canetinha-12-cores-compactor\/\" \/>\n<meta property=\"og:locale\" content=\"pt_BR\" \/>\n<meta property=\"og:type\" content=\"article\" \/>\n<meta property=\"og:title\" content=\"CANETINHA 12 CORES COMPACTOR - Metta Papelaria\" \/>\n<meta property=\"og:description\" content=\"As canetinhas hidrogr\u00e1ficas Neo-Pen da Compactor s\u00e3o grandes amigas da crian\u00e7ada. Todos os detalhes nesse produto forma pensados para garantir divers\u00e3o, aprendizado e muita seguran\u00e7a!\" \/>\n<meta property=\"og:url\" content=\"https:\/\/mettapapelaria.com.br\/catalogo\/produto\/canetinha-12-cores-compactor\/\" \/>\n<meta property=\"og:site_name\" content=\"Metta Papelaria\" \/>\n<meta property=\"article:publisher\" content=\"https:\/\/www.facebook.com\/mettapapelaria\/\" \/>\n<meta property=\"article:modified_time\" content=\"2025-01-16T14:26:08+00:00\" \/>\n<meta property=\"og:image\" content=\"https:\/\/mettapapelaria.com.br\/catalogo\/wp-content\/uploads\/2025\/01\/BIBLIOCANTO-PASTEL-MAXCRIL-2025-01-16T112133.928.png\" \/>\n\t<meta property=\"og:image:width\" content=\"500\" \/>\n\t<meta property=\"og:image:height\" content=\"500\" \/>\n\t<meta property=\"og:image:type\" content=\"image\/png\" \/>\n<meta name=\"twitter:card\" content=\"summary_large_image\" \/>\n<meta name=\"twitter:label1\" content=\"Est. tempo de leitura\" \/>\n\t<meta name=\"twitter:data1\" content=\"2 minutos\" \/>\n<script type=\"application\/ld+json\" class=\"yoast-schema-graph\">{\"@context\":\"https:\/\/schema.org\",\"@graph\":[{\"@type\":\"WebPage\",\"@id\":\"https:\/\/mettapapelaria.com.br\/catalogo\/produto\/canetinha-12-cores-compactor\/\",\"url\":\"https:\/\/mettapapelaria.com.br\/catalogo\/produto\/canetinha-12-cores-compactor\/\",\"name\":\"CANETINHA 12 CORES COMPACTOR - Metta Papelaria\",\"isPartOf\":{\"@id\":\"https:\/\/mettapapelaria.com.br\/catalogo\/#website\"},\"primaryImageOfPage\":{\"@id\":\"https:\/\/mettapapelaria.com.br\/catalogo\/produto\/canetinha-12-cores-compactor\/#primaryimage\"},\"image\":{\"@id\":\"https:\/\/mettapapelaria.com.br\/catalogo\/produto\/canetinha-12-cores-compactor\/#primaryimage\"},\"thumbnailUrl\":\"https:\/\/mettapapelaria.com.br\/catalogo\/wp-content\/uploads\/2025\/01\/BIBLIOCANTO-PASTEL-MAXCRIL-2025-01-16T112133.928.png\",\"datePublished\":\"2025-01-16T14:26:07+00:00\",\"dateModified\":\"2025-01-16T14:26:08+00:00\",\"description\":\"As canetinhas hidrogr\u00e1ficas Neo-Pen da Compactor s\u00e3o grandes amigas da crian\u00e7ada. Todos os detalhes nesse produto forma pensados para garantir divers\u00e3o, aprendizado e muita seguran\u00e7a!\",\"breadcrumb\":{\"@id\":\"https:\/\/mettapapelaria.com.br\/catalogo\/produto\/canetinha-12-cores-compactor\/#breadcrumb\"},\"inLanguage\":\"pt-BR\",\"potentialAction\":[{\"@type\":\"ReadAction\",\"target\":[\"https:\/\/mettapapelaria.com.br\/catalogo\/produto\/canetinha-12-cores-compactor\/\"]}]},{\"@type\":\"ImageObject\",\"inLanguage\":\"pt-BR\",\"@id\":\"https:\/\/mettapapelaria.com.br\/catalogo\/produto\/canetinha-12-cores-compactor\/#primaryimage\",\"url\":\"https:\/\/mettapapelaria.com.br\/catalogo\/wp-content\/uploads\/2025\/01\/BIBLIOCANTO-PASTEL-MAXCRIL-2025-01-16T112133.928.png\",\"contentUrl\":\"https:\/\/mettapapelaria.com.br\/catalogo\/wp-content\/uploads\/2025\/01\/BIBLIOCANTO-PASTEL-MAXCRIL-2025-01-16T112133.928.png\",\"width\":500,\"height\":500},{\"@type\":\"BreadcrumbList\",\"@id\":\"https:\/\/mettapapelaria.com.br\/catalogo\/produto\/canetinha-12-cores-compactor\/#breadcrumb\",\"itemListElement\":[{\"@type\":\"ListItem\",\"position\":1,\"name\":\"In\u00edcio\",\"item\":\"https:\/\/mettapapelaria.com.br\/catalogo\/\"},{\"@type\":\"ListItem\",\"position\":2,\"name\":\"Shop\",\"item\":\"https:\/\/mettapapelaria.com.br\/catalogo\/shop\/\"},{\"@type\":\"ListItem\",\"position\":3,\"name\":\"CANETINHA 12 CORES COMPACTOR\"}]},{\"@type\":\"WebSite\",\"@id\":\"https:\/\/mettapapelaria.com.br\/catalogo\/#website\",\"url\":\"https:\/\/mettapapelaria.com.br\/catalogo\/\",\"name\":\"Metta Papelaria\",\"description\":\"Materiais e equipamentos de escrit\u00f3rio, suprimentos para inform\u00e1tica, e uma diversificada linha de material escolar\",\"publisher\":{\"@id\":\"https:\/\/mettapapelaria.com.br\/catalogo\/#organization\"},\"potentialAction\":[{\"@type\":\"SearchAction\",\"target\":{\"@type\":\"EntryPoint\",\"urlTemplate\":\"https:\/\/mettapapelaria.com.br\/catalogo\/?s={search_term_string}\"},\"query-input\":{\"@type\":\"PropertyValueSpecification\",\"valueRequired\":true,\"valueName\":\"search_term_string\"}}],\"inLanguage\":\"pt-BR\"},{\"@type\":\"Organization\",\"@id\":\"https:\/\/mettapapelaria.com.br\/catalogo\/#organization\",\"name\":\"Metta Papelaria\",\"url\":\"https:\/\/mettapapelaria.com.br\/catalogo\/\",\"logo\":{\"@type\":\"ImageObject\",\"inLanguage\":\"pt-BR\",\"@id\":\"https:\/\/mettapapelaria.com.br\/catalogo\/#\/schema\/logo\/image\/\",\"url\":\"https:\/\/mettapapelaria.com.br\/catalogo\/wp-content\/uploads\/2023\/12\/cropped-favicon-Metta_512-1.png\",\"contentUrl\":\"https:\/\/mettapapelaria.com.br\/catalogo\/wp-content\/uploads\/2023\/12\/cropped-favicon-Metta_512-1.png\",\"width\":512,\"height\":512,\"caption\":\"Metta Papelaria\"},\"image\":{\"@id\":\"https:\/\/mettapapelaria.com.br\/catalogo\/#\/schema\/logo\/image\/\"},\"sameAs\":[\"https:\/\/www.facebook.com\/mettapapelaria\/\",\"https:\/\/www.instagram.com\/papelariametta\/\"]}]}<\/script>\n<!-- \/ Yoast SEO plugin. -->","yoast_head_json":{"title":"CANETINHA 12 CORES COMPACTOR - Metta Papelaria","description":"As canetinhas hidrogr\u00e1ficas Neo-Pen da Compactor s\u00e3o grandes amigas da crian\u00e7ada. Todos os detalhes nesse produto forma pensados para garantir divers\u00e3o, aprendizado e muita seguran\u00e7a!","robots":{"index":"index","follow":"follow","max-snippet":"max-snippet:-1","max-image-preview":"max-image-preview:large","max-video-preview":"max-video-preview:-1"},"canonical":"https:\/\/mettapapelaria.com.br\/catalogo\/produto\/canetinha-12-cores-compactor\/","og_locale":"pt_BR","og_type":"article","og_title":"CANETINHA 12 CORES COMPACTOR - Metta Papelaria","og_description":"As canetinhas hidrogr\u00e1ficas Neo-Pen da Compactor s\u00e3o grandes amigas da crian\u00e7ada. Todos os detalhes nesse produto forma pensados para garantir divers\u00e3o, aprendizado e muita seguran\u00e7a!","og_url":"https:\/\/mettapapelaria.com.br\/catalogo\/produto\/canetinha-12-cores-compactor\/","og_site_name":"Metta Papelaria","article_publisher":"https:\/\/www.facebook.com\/mettapapelaria\/","article_modified_time":"2025-01-16T14:26:08+00:00","og_image":[{"width":500,"height":500,"url":"https:\/\/mettapapelaria.com.br\/catalogo\/wp-content\/uploads\/2025\/01\/BIBLIOCANTO-PASTEL-MAXCRIL-2025-01-16T112133.928.png","type":"image\/png"}],"twitter_card":"summary_large_image","twitter_misc":{"Est. tempo de leitura":"2 minutos"},"schema":{"@context":"https:\/\/schema.org","@graph":[{"@type":"WebPage","@id":"https:\/\/mettapapelaria.com.br\/catalogo\/produto\/canetinha-12-cores-compactor\/","url":"https:\/\/mettapapelaria.com.br\/catalogo\/produto\/canetinha-12-cores-compactor\/","name":"CANETINHA 12 CORES COMPACTOR - Metta Papelaria","isPartOf":{"@id":"https:\/\/mettapapelaria.com.br\/catalogo\/#website"},"primaryImageOfPage":{"@id":"https:\/\/mettapapelaria.com.br\/catalogo\/produto\/canetinha-12-cores-compactor\/#primaryimage"},"image":{"@id":"https:\/\/mettapapelaria.com.br\/catalogo\/produto\/canetinha-12-cores-compactor\/#primaryimage"},"thumbnailUrl":"https:\/\/mettapapelaria.com.br\/catalogo\/wp-content\/uploads\/2025\/01\/BIBLIOCANTO-PASTEL-MAXCRIL-2025-01-16T112133.928.png","datePublished":"2025-01-16T14:26:07+00:00","dateModified":"2025-01-16T14:26:08+00:00","description":"As canetinhas hidrogr\u00e1ficas Neo-Pen da Compactor s\u00e3o grandes amigas da crian\u00e7ada. Todos os detalhes nesse produto forma pensados para garantir divers\u00e3o, aprendizado e muita seguran\u00e7a!","breadcrumb":{"@id":"https:\/\/mettapapelaria.com.br\/catalogo\/produto\/canetinha-12-cores-compactor\/#breadcrumb"},"inLanguage":"pt-BR","potentialAction":[{"@type":"ReadAction","target":["https:\/\/mettapapelaria.com.br\/catalogo\/produto\/canetinha-12-cores-compactor\/"]}]},{"@type":"ImageObject","inLanguage":"pt-BR","@id":"https:\/\/mettapapelaria.com.br\/catalogo\/produto\/canetinha-12-cores-compactor\/#primaryimage","url":"https:\/\/mettapapelaria.com.br\/catalogo\/wp-content\/uploads\/2025\/01\/BIBLIOCANTO-PASTEL-MAXCRIL-2025-01-16T112133.928.png","contentUrl":"https:\/\/mettapapelaria.com.br\/catalogo\/wp-content\/uploads\/2025\/01\/BIBLIOCANTO-PASTEL-MAXCRIL-2025-01-16T112133.928.png","width":500,"height":500},{"@type":"BreadcrumbList","@id":"https:\/\/mettapapelaria.com.br\/catalogo\/produto\/canetinha-12-cores-compactor\/#breadcrumb","itemListElement":[{"@type":"ListItem","position":1,"name":"In\u00edcio","item":"https:\/\/mettapapelaria.com.br\/catalogo\/"},{"@type":"ListItem","position":2,"name":"Shop","item":"https:\/\/mettapapelaria.com.br\/catalogo\/shop\/"},{"@type":"ListItem","position":3,"name":"CANETINHA 12 CORES COMPACTOR"}]},{"@type":"WebSite","@id":"https:\/\/mettapapelaria.com.br\/catalogo\/#website","url":"https:\/\/mettapapelaria.com.br\/catalogo\/","name":"Metta Papelaria","description":"Materiais e equipamentos de escrit\u00f3rio, suprimentos para inform\u00e1tica, e uma diversificada linha de material escolar","publisher":{"@id":"https:\/\/mettapapelaria.com.br\/catalogo\/#organization"},"potentialAction":[{"@type":"SearchAction","target":{"@type":"EntryPoint","urlTemplate":"https:\/\/mettapapelaria.com.br\/catalogo\/?s={search_term_string}"},"query-input":{"@type":"PropertyValueSpecification","valueRequired":true,"valueName":"search_term_string"}}],"inLanguage":"pt-BR"},{"@type":"Organization","@id":"https:\/\/mettapapelaria.com.br\/catalogo\/#organization","name":"Metta Papelaria","url":"https:\/\/mettapapelaria.com.br\/catalogo\/","logo":{"@type":"ImageObject","inLanguage":"pt-BR","@id":"https:\/\/mettapapelaria.com.br\/catalogo\/#\/schema\/logo\/image\/","url":"https:\/\/mettapapelaria.com.br\/catalogo\/wp-content\/uploads\/2023\/12\/cropped-favicon-Metta_512-1.png","contentUrl":"https:\/\/mettapapelaria.com.br\/catalogo\/wp-content\/uploads\/2023\/12\/cropped-favicon-Metta_512-1.png","width":512,"height":512,"caption":"Metta Papelaria"},"image":{"@id":"https:\/\/mettapapelaria.com.br\/catalogo\/#\/schema\/logo\/image\/"},"sameAs":["https:\/\/www.facebook.com\/mettapapelaria\/","https:\/\/www.instagram.com\/papelariametta\/"]}]}},"_links":{"self":[{"href":"https:\/\/mettapapelaria.com.br\/catalogo\/wp-json\/wp\/v2\/product\/9427","targetHints":{"allow":["GET"]}}],"collection":[{"href":"https:\/\/mettapapelaria.com.br\/catalogo\/wp-json\/wp\/v2\/product"}],"about":[{"href":"https:\/\/mettapapelaria.com.br\/catalogo\/wp-json\/wp\/v2\/types\/product"}],"replies":[{"embeddable":true,"href":"https:\/\/mettapapelaria.com.br\/catalogo\/wp-json\/wp\/v2\/comments?post=9427"}],"version-history":[{"count":1,"href":"https:\/\/mettapapelaria.com.br\/catalogo\/wp-json\/wp\/v2\/product\/9427\/revisions"}],"predecessor-version":[{"id":9429,"href":"https:\/\/mettapapelaria.com.br\/catalogo\/wp-json\/wp\/v2\/product\/9427\/revisions\/9429"}],"wp:featuredmedia":[{"embeddable":true,"href":"https:\/\/mettapapelaria.com.br\/catalogo\/wp-json\/wp\/v2\/media\/9428"}],"wp:attachment":[{"href":"https:\/\/mettapapelaria.com.br\/catalogo\/wp-json\/wp\/v2\/media?parent=9427"}],"wp:term":[{"taxonomy":"brand","embeddable":true,"href":"https:\/\/mettapapelaria.com.br\/catalogo\/wp-json\/wp\/v2\/etheme_brands?post=9427"},{"taxonomy":"product_brand","embeddable":true,"href":"https:\/\/mettapapelaria.com.br\/catalogo\/wp-json\/wp\/v2\/product_brand?post=9427"},{"taxonomy":"product_cat","embeddable":true,"href":"https:\/\/mettapapelaria.com.br\/catalogo\/wp-json\/wp\/v2\/product_cat?post=9427"},{"taxonomy":"product_tag","embeddable":true,"href":"https:\/\/mettapapelaria.com.br\/catalogo\/wp-json\/wp\/v2\/product_tag?post=9427"}],"curies":[{"name":"wp","href":"https:\/\/api.w.org\/{rel}","templated":true}]}}