{"id":9415,"date":"2025-01-16T11:01:21","date_gmt":"2025-01-16T14:01:21","guid":{"rendered":"https:\/\/mettapapelaria.com.br\/catalogo\/?post_type=product&#038;p=9415"},"modified":"2025-01-16T11:01:22","modified_gmt":"2025-01-16T14:01:22","slug":"canetinha-12-cores-winnie-the-pooh-leonora","status":"publish","type":"product","link":"https:\/\/mettapapelaria.com.br\/catalogo\/produto\/canetinha-12-cores-winnie-the-pooh-leonora\/","title":{"rendered":"CANETINHA 12 CORES WINNIE THE POOH LEONORA"},"content":{"rendered":"<div class=\"vtex-flex-layout-0-x-flexColChild vtex-flex-layout-0-x-flexColChild--product-container pb0\">\n<div class=\"vtex-flex-layout-0-x-flexRow vtex-flex-layout-0-x-flexRow--menu-infos\">\n<div class=\"flex mt0 mb0 pt0 pb0    justify-start vtex-flex-layout-0-x-flexRowContent vtex-flex-layout-0-x-flexRowContent--menu-infos items-stretch w-100\">\n<div class=\"pr0 items-stretch vtex-flex-layout-0-x-stretchChildrenWidth   flex\">\n<div class=\"vtex-tab-layout-0-x-container vtex-tab-layout-0-x-container--product-description vtex-tab-layout-0-x-container--product-description-pdp\">\n<div class=\"vtex-tab-layout-0-x-contentContainer w-100\">\n<div class=\"vtex-tab-layout-0-x-contentItem w-100\">\n<div class=\"vtex-store-components-3-x-productDescriptionContainer\">\n<div class=\"vtex-store-components-3-x-productDescriptionText c-muted-1\">\n<div class=\"vtex-store-components-3-x-container relative\">\n<div class=\"vtex-store-components-3-x-content h-auto\">Bem-vindo a um mundo vibrante e divertido, com 12 cores diferentes para soltar a imagina\u00e7\u00e3o. Os hidrocores possuem ponta e corpo redondos, facilitando o manuseio e a precis\u00e3o dos tra\u00e7os. Al\u00e9m disso, eles s\u00e3o aquarel\u00e1veis, ou seja, podem ser misturados com \u00e1gua para criar efeitos incr\u00edveis de pintura. \u00c9 um produto at\u00f3xico, garantindo seguran\u00e7a para as crian\u00e7as e para o meio ambiente. Aproveite agora e encante o seu p\u00fablico com esta novidade.<\/div>\n<\/div>\n<\/div>\n<\/div>\n<\/div>\n<\/div>\n<\/div>\n<\/div>\n<\/div>\n<\/div>\n<\/div>\n<div class=\"vtex-flex-layout-0-x-flexColChild vtex-flex-layout-0-x-flexColChild--product-container pb0\">\n<div class=\"vtex-flex-layout-0-x-flexRow vtex-flex-layout-0-x-flexRow--e-product-review\">\n<div class=\"flex mt0 mb0 pt0 pb0    justify-start vtex-flex-layout-0-x-flexRowContent vtex-flex-layout-0-x-flexRowContent--e-product-review items-stretch w-100\">\n<div class=\"pr0 items-stretch vtex-flex-layout-0-x-stretchChildrenWidth   flex\">\n<div id=\"trustvox-reviews\" class=\"b2bleonorashop-trustvox-1-x-trustvoxContainer\">\n<div id=\"_sincero_widget\" class=\"trustvox-widget\"><\/div>\n<\/div>\n<\/div>\n<\/div>\n<\/div>\n<\/div>\n","protected":false},"excerpt":{"rendered":"<p>Bem-vindo a um mundo vibrante e divertido, com 12 cores diferentes para soltar a imagina\u00e7\u00e3o. Os hidrocores possuem ponta e corpo redondos, facilitando o manuseio&#8230;<\/p>\n","protected":false},"featured_media":9416,"comment_status":"open","ping_status":"closed","template":"","meta":[],"etheme_brands":[{"term_id":249,"name":"Leonora","slug":"leonora","term_group":0,"term_taxonomy_id":249,"taxonomy":"brand","description":"","parent":0,"count":67,"filter":"raw"}],"product_brand":[],"product_cat":[21,75,160,16],"product_tag":[377,900,902,254,338,397,293,276,364,316,275,255,294,292,256,869,246,227,225,226,239,384,317,274,318],"class_list":{"0":"post-9415","1":"product","2":"type-product","3":"status-publish","4":"has-post-thumbnail","6":"brand-leonora","7":"product_cat-canetas","8":"product_cat-canetas-hidrocor-canetinhas","9":"product_cat-instrumentos","10":"product_cat-material-escolar","11":"product_tag-caneta","12":"product_tag-canetinha","13":"product_tag-canetinha-leo-e-leo","14":"product_tag-casa","15":"product_tag-colorido","16":"product_tag-cores-pasteis","17":"product_tag-crianca","18":"product_tag-escola","19":"product_tag-estojo","20":"product_tag-estudante","21":"product_tag-faculdade","22":"product_tag-home","23":"product_tag-infantil","24":"product_tag-kids","25":"product_tag-lar","26":"product_tag-leo-e-leo","27":"product_tag-leonora","28":"product_tag-material-escolar","29":"product_tag-metta-papelaria","30":"product_tag-mochila","31":"product_tag-organizacao","32":"product_tag-pastel","33":"product_tag-study","34":"product_tag-universidade","35":"product_tag-volta-as-aulas","37":"first","38":"instock","39":"sold-individually","40":"shipping-taxable","41":"purchasable","42":"product-type-simple"},"yoast_head":"<!-- This site is optimized with the Yoast SEO plugin v26.9 - https:\/\/yoast.com\/product\/yoast-seo-wordpress\/ -->\n<title>CANETINHA 12 CORES WINNIE THE POOH LEONORA - Metta Papelaria<\/title>\n<meta name=\"description\" content=\"Bem-vindo a um mundo vibrante e divertido, com 12 cores diferentes para soltar a imagina\u00e7\u00e3o.\" \/>\n<meta name=\"robots\" content=\"index, follow, max-snippet:-1, max-image-preview:large, max-video-preview:-1\" \/>\n<link rel=\"canonical\" href=\"https:\/\/mettapapelaria.com.br\/catalogo\/produto\/canetinha-12-cores-winnie-the-pooh-leonora\/\" \/>\n<meta property=\"og:locale\" content=\"pt_BR\" \/>\n<meta property=\"og:type\" content=\"article\" \/>\n<meta property=\"og:title\" content=\"CANETINHA 12 CORES WINNIE THE POOH LEONORA - Metta Papelaria\" \/>\n<meta property=\"og:description\" content=\"Bem-vindo a um mundo vibrante e divertido, com 12 cores diferentes para soltar a imagina\u00e7\u00e3o.\" \/>\n<meta property=\"og:url\" content=\"https:\/\/mettapapelaria.com.br\/catalogo\/produto\/canetinha-12-cores-winnie-the-pooh-leonora\/\" \/>\n<meta property=\"og:site_name\" content=\"Metta Papelaria\" \/>\n<meta property=\"article:publisher\" content=\"https:\/\/www.facebook.com\/mettapapelaria\/\" \/>\n<meta property=\"article:modified_time\" content=\"2025-01-16T14:01:22+00:00\" \/>\n<meta property=\"og:image\" content=\"https:\/\/mettapapelaria.com.br\/catalogo\/wp-content\/uploads\/2025\/01\/BIBLIOCANTO-PASTEL-MAXCRIL-2025-01-16T105631.900.png\" \/>\n\t<meta property=\"og:image:width\" content=\"500\" \/>\n\t<meta property=\"og:image:height\" content=\"500\" \/>\n\t<meta property=\"og:image:type\" content=\"image\/png\" \/>\n<meta name=\"twitter:card\" content=\"summary_large_image\" \/>\n<meta name=\"twitter:label1\" content=\"Est. tempo de leitura\" \/>\n\t<meta name=\"twitter:data1\" content=\"1 minuto\" \/>\n<script type=\"application\/ld+json\" class=\"yoast-schema-graph\">{\"@context\":\"https:\/\/schema.org\",\"@graph\":[{\"@type\":\"WebPage\",\"@id\":\"https:\/\/mettapapelaria.com.br\/catalogo\/produto\/canetinha-12-cores-winnie-the-pooh-leonora\/\",\"url\":\"https:\/\/mettapapelaria.com.br\/catalogo\/produto\/canetinha-12-cores-winnie-the-pooh-leonora\/\",\"name\":\"CANETINHA 12 CORES WINNIE THE POOH LEONORA - Metta Papelaria\",\"isPartOf\":{\"@id\":\"https:\/\/mettapapelaria.com.br\/catalogo\/#website\"},\"primaryImageOfPage\":{\"@id\":\"https:\/\/mettapapelaria.com.br\/catalogo\/produto\/canetinha-12-cores-winnie-the-pooh-leonora\/#primaryimage\"},\"image\":{\"@id\":\"https:\/\/mettapapelaria.com.br\/catalogo\/produto\/canetinha-12-cores-winnie-the-pooh-leonora\/#primaryimage\"},\"thumbnailUrl\":\"https:\/\/mettapapelaria.com.br\/catalogo\/wp-content\/uploads\/2025\/01\/BIBLIOCANTO-PASTEL-MAXCRIL-2025-01-16T105631.900.png\",\"datePublished\":\"2025-01-16T14:01:21+00:00\",\"dateModified\":\"2025-01-16T14:01:22+00:00\",\"description\":\"Bem-vindo a um mundo vibrante e divertido, com 12 cores diferentes para soltar a imagina\u00e7\u00e3o.\",\"breadcrumb\":{\"@id\":\"https:\/\/mettapapelaria.com.br\/catalogo\/produto\/canetinha-12-cores-winnie-the-pooh-leonora\/#breadcrumb\"},\"inLanguage\":\"pt-BR\",\"potentialAction\":[{\"@type\":\"ReadAction\",\"target\":[\"https:\/\/mettapapelaria.com.br\/catalogo\/produto\/canetinha-12-cores-winnie-the-pooh-leonora\/\"]}]},{\"@type\":\"ImageObject\",\"inLanguage\":\"pt-BR\",\"@id\":\"https:\/\/mettapapelaria.com.br\/catalogo\/produto\/canetinha-12-cores-winnie-the-pooh-leonora\/#primaryimage\",\"url\":\"https:\/\/mettapapelaria.com.br\/catalogo\/wp-content\/uploads\/2025\/01\/BIBLIOCANTO-PASTEL-MAXCRIL-2025-01-16T105631.900.png\",\"contentUrl\":\"https:\/\/mettapapelaria.com.br\/catalogo\/wp-content\/uploads\/2025\/01\/BIBLIOCANTO-PASTEL-MAXCRIL-2025-01-16T105631.900.png\",\"width\":500,\"height\":500},{\"@type\":\"BreadcrumbList\",\"@id\":\"https:\/\/mettapapelaria.com.br\/catalogo\/produto\/canetinha-12-cores-winnie-the-pooh-leonora\/#breadcrumb\",\"itemListElement\":[{\"@type\":\"ListItem\",\"position\":1,\"name\":\"In\u00edcio\",\"item\":\"https:\/\/mettapapelaria.com.br\/catalogo\/\"},{\"@type\":\"ListItem\",\"position\":2,\"name\":\"Shop\",\"item\":\"https:\/\/mettapapelaria.com.br\/catalogo\/shop\/\"},{\"@type\":\"ListItem\",\"position\":3,\"name\":\"CANETINHA 12 CORES WINNIE THE POOH LEONORA\"}]},{\"@type\":\"WebSite\",\"@id\":\"https:\/\/mettapapelaria.com.br\/catalogo\/#website\",\"url\":\"https:\/\/mettapapelaria.com.br\/catalogo\/\",\"name\":\"Metta Papelaria\",\"description\":\"Materiais e equipamentos de escrit\u00f3rio, suprimentos para inform\u00e1tica, e uma diversificada linha de material escolar\",\"publisher\":{\"@id\":\"https:\/\/mettapapelaria.com.br\/catalogo\/#organization\"},\"potentialAction\":[{\"@type\":\"SearchAction\",\"target\":{\"@type\":\"EntryPoint\",\"urlTemplate\":\"https:\/\/mettapapelaria.com.br\/catalogo\/?s={search_term_string}\"},\"query-input\":{\"@type\":\"PropertyValueSpecification\",\"valueRequired\":true,\"valueName\":\"search_term_string\"}}],\"inLanguage\":\"pt-BR\"},{\"@type\":\"Organization\",\"@id\":\"https:\/\/mettapapelaria.com.br\/catalogo\/#organization\",\"name\":\"Metta Papelaria\",\"url\":\"https:\/\/mettapapelaria.com.br\/catalogo\/\",\"logo\":{\"@type\":\"ImageObject\",\"inLanguage\":\"pt-BR\",\"@id\":\"https:\/\/mettapapelaria.com.br\/catalogo\/#\/schema\/logo\/image\/\",\"url\":\"https:\/\/mettapapelaria.com.br\/catalogo\/wp-content\/uploads\/2023\/12\/cropped-favicon-Metta_512-1.png\",\"contentUrl\":\"https:\/\/mettapapelaria.com.br\/catalogo\/wp-content\/uploads\/2023\/12\/cropped-favicon-Metta_512-1.png\",\"width\":512,\"height\":512,\"caption\":\"Metta Papelaria\"},\"image\":{\"@id\":\"https:\/\/mettapapelaria.com.br\/catalogo\/#\/schema\/logo\/image\/\"},\"sameAs\":[\"https:\/\/www.facebook.com\/mettapapelaria\/\",\"https:\/\/www.instagram.com\/papelariametta\/\"]}]}<\/script>\n<!-- \/ Yoast SEO plugin. -->","yoast_head_json":{"title":"CANETINHA 12 CORES WINNIE THE POOH LEONORA - Metta Papelaria","description":"Bem-vindo a um mundo vibrante e divertido, com 12 cores diferentes para soltar a imagina\u00e7\u00e3o.","robots":{"index":"index","follow":"follow","max-snippet":"max-snippet:-1","max-image-preview":"max-image-preview:large","max-video-preview":"max-video-preview:-1"},"canonical":"https:\/\/mettapapelaria.com.br\/catalogo\/produto\/canetinha-12-cores-winnie-the-pooh-leonora\/","og_locale":"pt_BR","og_type":"article","og_title":"CANETINHA 12 CORES WINNIE THE POOH LEONORA - Metta Papelaria","og_description":"Bem-vindo a um mundo vibrante e divertido, com 12 cores diferentes para soltar a imagina\u00e7\u00e3o.","og_url":"https:\/\/mettapapelaria.com.br\/catalogo\/produto\/canetinha-12-cores-winnie-the-pooh-leonora\/","og_site_name":"Metta Papelaria","article_publisher":"https:\/\/www.facebook.com\/mettapapelaria\/","article_modified_time":"2025-01-16T14:01:22+00:00","og_image":[{"width":500,"height":500,"url":"https:\/\/mettapapelaria.com.br\/catalogo\/wp-content\/uploads\/2025\/01\/BIBLIOCANTO-PASTEL-MAXCRIL-2025-01-16T105631.900.png","type":"image\/png"}],"twitter_card":"summary_large_image","twitter_misc":{"Est. tempo de leitura":"1 minuto"},"schema":{"@context":"https:\/\/schema.org","@graph":[{"@type":"WebPage","@id":"https:\/\/mettapapelaria.com.br\/catalogo\/produto\/canetinha-12-cores-winnie-the-pooh-leonora\/","url":"https:\/\/mettapapelaria.com.br\/catalogo\/produto\/canetinha-12-cores-winnie-the-pooh-leonora\/","name":"CANETINHA 12 CORES WINNIE THE POOH LEONORA - Metta Papelaria","isPartOf":{"@id":"https:\/\/mettapapelaria.com.br\/catalogo\/#website"},"primaryImageOfPage":{"@id":"https:\/\/mettapapelaria.com.br\/catalogo\/produto\/canetinha-12-cores-winnie-the-pooh-leonora\/#primaryimage"},"image":{"@id":"https:\/\/mettapapelaria.com.br\/catalogo\/produto\/canetinha-12-cores-winnie-the-pooh-leonora\/#primaryimage"},"thumbnailUrl":"https:\/\/mettapapelaria.com.br\/catalogo\/wp-content\/uploads\/2025\/01\/BIBLIOCANTO-PASTEL-MAXCRIL-2025-01-16T105631.900.png","datePublished":"2025-01-16T14:01:21+00:00","dateModified":"2025-01-16T14:01:22+00:00","description":"Bem-vindo a um mundo vibrante e divertido, com 12 cores diferentes para soltar a imagina\u00e7\u00e3o.","breadcrumb":{"@id":"https:\/\/mettapapelaria.com.br\/catalogo\/produto\/canetinha-12-cores-winnie-the-pooh-leonora\/#breadcrumb"},"inLanguage":"pt-BR","potentialAction":[{"@type":"ReadAction","target":["https:\/\/mettapapelaria.com.br\/catalogo\/produto\/canetinha-12-cores-winnie-the-pooh-leonora\/"]}]},{"@type":"ImageObject","inLanguage":"pt-BR","@id":"https:\/\/mettapapelaria.com.br\/catalogo\/produto\/canetinha-12-cores-winnie-the-pooh-leonora\/#primaryimage","url":"https:\/\/mettapapelaria.com.br\/catalogo\/wp-content\/uploads\/2025\/01\/BIBLIOCANTO-PASTEL-MAXCRIL-2025-01-16T105631.900.png","contentUrl":"https:\/\/mettapapelaria.com.br\/catalogo\/wp-content\/uploads\/2025\/01\/BIBLIOCANTO-PASTEL-MAXCRIL-2025-01-16T105631.900.png","width":500,"height":500},{"@type":"BreadcrumbList","@id":"https:\/\/mettapapelaria.com.br\/catalogo\/produto\/canetinha-12-cores-winnie-the-pooh-leonora\/#breadcrumb","itemListElement":[{"@type":"ListItem","position":1,"name":"In\u00edcio","item":"https:\/\/mettapapelaria.com.br\/catalogo\/"},{"@type":"ListItem","position":2,"name":"Shop","item":"https:\/\/mettapapelaria.com.br\/catalogo\/shop\/"},{"@type":"ListItem","position":3,"name":"CANETINHA 12 CORES WINNIE THE POOH LEONORA"}]},{"@type":"WebSite","@id":"https:\/\/mettapapelaria.com.br\/catalogo\/#website","url":"https:\/\/mettapapelaria.com.br\/catalogo\/","name":"Metta Papelaria","description":"Materiais e equipamentos de escrit\u00f3rio, suprimentos para inform\u00e1tica, e uma diversificada linha de material escolar","publisher":{"@id":"https:\/\/mettapapelaria.com.br\/catalogo\/#organization"},"potentialAction":[{"@type":"SearchAction","target":{"@type":"EntryPoint","urlTemplate":"https:\/\/mettapapelaria.com.br\/catalogo\/?s={search_term_string}"},"query-input":{"@type":"PropertyValueSpecification","valueRequired":true,"valueName":"search_term_string"}}],"inLanguage":"pt-BR"},{"@type":"Organization","@id":"https:\/\/mettapapelaria.com.br\/catalogo\/#organization","name":"Metta Papelaria","url":"https:\/\/mettapapelaria.com.br\/catalogo\/","logo":{"@type":"ImageObject","inLanguage":"pt-BR","@id":"https:\/\/mettapapelaria.com.br\/catalogo\/#\/schema\/logo\/image\/","url":"https:\/\/mettapapelaria.com.br\/catalogo\/wp-content\/uploads\/2023\/12\/cropped-favicon-Metta_512-1.png","contentUrl":"https:\/\/mettapapelaria.com.br\/catalogo\/wp-content\/uploads\/2023\/12\/cropped-favicon-Metta_512-1.png","width":512,"height":512,"caption":"Metta Papelaria"},"image":{"@id":"https:\/\/mettapapelaria.com.br\/catalogo\/#\/schema\/logo\/image\/"},"sameAs":["https:\/\/www.facebook.com\/mettapapelaria\/","https:\/\/www.instagram.com\/papelariametta\/"]}]}},"_links":{"self":[{"href":"https:\/\/mettapapelaria.com.br\/catalogo\/wp-json\/wp\/v2\/product\/9415","targetHints":{"allow":["GET"]}}],"collection":[{"href":"https:\/\/mettapapelaria.com.br\/catalogo\/wp-json\/wp\/v2\/product"}],"about":[{"href":"https:\/\/mettapapelaria.com.br\/catalogo\/wp-json\/wp\/v2\/types\/product"}],"replies":[{"embeddable":true,"href":"https:\/\/mettapapelaria.com.br\/catalogo\/wp-json\/wp\/v2\/comments?post=9415"}],"version-history":[{"count":1,"href":"https:\/\/mettapapelaria.com.br\/catalogo\/wp-json\/wp\/v2\/product\/9415\/revisions"}],"predecessor-version":[{"id":9417,"href":"https:\/\/mettapapelaria.com.br\/catalogo\/wp-json\/wp\/v2\/product\/9415\/revisions\/9417"}],"wp:featuredmedia":[{"embeddable":true,"href":"https:\/\/mettapapelaria.com.br\/catalogo\/wp-json\/wp\/v2\/media\/9416"}],"wp:attachment":[{"href":"https:\/\/mettapapelaria.com.br\/catalogo\/wp-json\/wp\/v2\/media?parent=9415"}],"wp:term":[{"taxonomy":"brand","embeddable":true,"href":"https:\/\/mettapapelaria.com.br\/catalogo\/wp-json\/wp\/v2\/etheme_brands?post=9415"},{"taxonomy":"product_brand","embeddable":true,"href":"https:\/\/mettapapelaria.com.br\/catalogo\/wp-json\/wp\/v2\/product_brand?post=9415"},{"taxonomy":"product_cat","embeddable":true,"href":"https:\/\/mettapapelaria.com.br\/catalogo\/wp-json\/wp\/v2\/product_cat?post=9415"},{"taxonomy":"product_tag","embeddable":true,"href":"https:\/\/mettapapelaria.com.br\/catalogo\/wp-json\/wp\/v2\/product_tag?post=9415"}],"curies":[{"name":"wp","href":"https:\/\/api.w.org\/{rel}","templated":true}]}}