{"id":9397,"date":"2025-01-16T10:20:49","date_gmt":"2025-01-16T13:20:49","guid":{"rendered":"https:\/\/mettapapelaria.com.br\/catalogo\/?post_type=product&#038;p=9397"},"modified":"2025-01-16T10:20:51","modified_gmt":"2025-01-16T13:20:51","slug":"canetinha-vai-e-vem-faber-castell-24-cores","status":"publish","type":"product","link":"https:\/\/mettapapelaria.com.br\/catalogo\/produto\/canetinha-vai-e-vem-faber-castell-24-cores\/","title":{"rendered":"CANETINHA VAI E VEM FABER CASTELL 24 CORES"},"content":{"rendered":"<div class=\"user-content font-small mb-4\">\n<div class=\"paragraph-text\">\n<h3 class=\"headline\">Canetinha Hidrografica Vai e Vem 24 Cores<\/h3>\n<p class=\"copy\">Canetas de ponta de fibra para cada situa\u00e7\u00e3o: As pontas de fibra largas est\u00e3o dispon\u00edveis para grandes superf\u00edcies coloridas, enquanto as pontas finas est\u00e3o dispon\u00edveis para desenhar linhas finas e acentuar os detalhes.<\/p>\n<\/div>\n<div class=\"paragraph-text features\">\n<h3 class=\"headline\">Detalhes do produto<\/h3>\n<ul>\n<li>As canetinhas hidrogr\u00e1ficas Faber-Castell estimulam a criatividade das crian\u00e7as com a formula\u00e7\u00e3o exclusiva de corantes de alta qualidade com cores mais vivas<\/li>\n<li>As canetinhas tem ponta m\u00e9dia com a tecnologia exclusiva da ponta Vai e Vem: sistema de amortecimento contra impactos, garantindo maior resist\u00eancia e durabilidade<\/li>\n<li>A tinta \u00e9 lav\u00e1vel e o produto \u00e9 at\u00f3xico<\/li>\n<\/ul>\n<\/div>\n<\/div>\n<div id=\"reviewsapp\"><\/div>\n<div class=\"social-share \"><\/div>\n","protected":false},"excerpt":{"rendered":"<p>Canetinha Hidrografica Vai e Vem 24 Cores Canetas de ponta de fibra para cada situa\u00e7\u00e3o: As pontas de fibra largas est\u00e3o dispon\u00edveis para grandes superf\u00edcies&#8230;<\/p>\n","protected":false},"featured_media":9398,"comment_status":"open","ping_status":"closed","template":"","meta":[],"etheme_brands":[{"term_id":217,"name":"Faber Castell","slug":"faber-castell","term_group":0,"term_taxonomy_id":217,"taxonomy":"brand","description":"","parent":0,"count":33,"filter":"raw"}],"product_brand":[],"product_cat":[21,75,160,16],"product_tag":[784,900,254,338,397,293,276,364,316,243,275,255,294,292,256,227,225,226,239,384,317,274,318],"class_list":{"0":"post-9397","1":"product","2":"type-product","3":"status-publish","4":"has-post-thumbnail","6":"brand-faber-castell","7":"product_cat-canetas","8":"product_cat-canetas-hidrocor-canetinhas","9":"product_cat-instrumentos","10":"product_cat-material-escolar","11":"product_tag-caneta-hidrocor","12":"product_tag-canetinha","13":"product_tag-casa","14":"product_tag-colorido","15":"product_tag-cores-pasteis","16":"product_tag-crianca","17":"product_tag-escola","18":"product_tag-estojo","19":"product_tag-estudante","20":"product_tag-faber-castell","21":"product_tag-faculdade","22":"product_tag-home","23":"product_tag-infantil","24":"product_tag-kids","25":"product_tag-lar","26":"product_tag-material-escolar","27":"product_tag-metta-papelaria","28":"product_tag-mochila","29":"product_tag-organizacao","30":"product_tag-pastel","31":"product_tag-study","32":"product_tag-universidade","33":"product_tag-volta-as-aulas","35":"first","36":"instock","37":"sold-individually","38":"shipping-taxable","39":"purchasable","40":"product-type-simple"},"yoast_head":"<!-- This site is optimized with the Yoast SEO plugin v26.9 - https:\/\/yoast.com\/product\/yoast-seo-wordpress\/ -->\n<title>CANETINHA VAI E VEM FABER CASTELL 24 CORES - Metta Papelaria<\/title>\n<meta name=\"description\" content=\"As canetinhas hidrogr\u00e1ficas Faber-Castell estimulam a criatividade das crian\u00e7as com a formula\u00e7\u00e3o exclusiva de corantes de alta qualidade com cores mais vivas\" \/>\n<meta name=\"robots\" content=\"index, follow, max-snippet:-1, max-image-preview:large, max-video-preview:-1\" \/>\n<link rel=\"canonical\" href=\"https:\/\/mettapapelaria.com.br\/catalogo\/produto\/canetinha-vai-e-vem-faber-castell-24-cores\/\" \/>\n<meta property=\"og:locale\" content=\"pt_BR\" \/>\n<meta property=\"og:type\" content=\"article\" \/>\n<meta property=\"og:title\" content=\"CANETINHA VAI E VEM FABER CASTELL 24 CORES - Metta Papelaria\" \/>\n<meta property=\"og:description\" content=\"As canetinhas hidrogr\u00e1ficas Faber-Castell estimulam a criatividade das crian\u00e7as com a formula\u00e7\u00e3o exclusiva de corantes de alta qualidade com cores mais vivas\" \/>\n<meta property=\"og:url\" content=\"https:\/\/mettapapelaria.com.br\/catalogo\/produto\/canetinha-vai-e-vem-faber-castell-24-cores\/\" \/>\n<meta property=\"og:site_name\" content=\"Metta Papelaria\" \/>\n<meta property=\"article:publisher\" content=\"https:\/\/www.facebook.com\/mettapapelaria\/\" \/>\n<meta property=\"article:modified_time\" content=\"2025-01-16T13:20:51+00:00\" \/>\n<meta property=\"og:image\" content=\"https:\/\/mettapapelaria.com.br\/catalogo\/wp-content\/uploads\/2025\/01\/BIBLIOCANTO-PASTEL-MAXCRIL-2025-01-16T101546.806.png\" \/>\n\t<meta property=\"og:image:width\" content=\"500\" \/>\n\t<meta property=\"og:image:height\" content=\"500\" \/>\n\t<meta property=\"og:image:type\" content=\"image\/png\" \/>\n<meta name=\"twitter:card\" content=\"summary_large_image\" \/>\n<meta name=\"twitter:label1\" content=\"Est. tempo de leitura\" \/>\n\t<meta name=\"twitter:data1\" content=\"1 minuto\" \/>\n<script type=\"application\/ld+json\" class=\"yoast-schema-graph\">{\"@context\":\"https:\/\/schema.org\",\"@graph\":[{\"@type\":\"WebPage\",\"@id\":\"https:\/\/mettapapelaria.com.br\/catalogo\/produto\/canetinha-vai-e-vem-faber-castell-24-cores\/\",\"url\":\"https:\/\/mettapapelaria.com.br\/catalogo\/produto\/canetinha-vai-e-vem-faber-castell-24-cores\/\",\"name\":\"CANETINHA VAI E VEM FABER CASTELL 24 CORES - Metta Papelaria\",\"isPartOf\":{\"@id\":\"https:\/\/mettapapelaria.com.br\/catalogo\/#website\"},\"primaryImageOfPage\":{\"@id\":\"https:\/\/mettapapelaria.com.br\/catalogo\/produto\/canetinha-vai-e-vem-faber-castell-24-cores\/#primaryimage\"},\"image\":{\"@id\":\"https:\/\/mettapapelaria.com.br\/catalogo\/produto\/canetinha-vai-e-vem-faber-castell-24-cores\/#primaryimage\"},\"thumbnailUrl\":\"https:\/\/mettapapelaria.com.br\/catalogo\/wp-content\/uploads\/2025\/01\/BIBLIOCANTO-PASTEL-MAXCRIL-2025-01-16T101546.806.png\",\"datePublished\":\"2025-01-16T13:20:49+00:00\",\"dateModified\":\"2025-01-16T13:20:51+00:00\",\"description\":\"As canetinhas hidrogr\u00e1ficas Faber-Castell estimulam a criatividade das crian\u00e7as com a formula\u00e7\u00e3o exclusiva de corantes de alta qualidade com cores mais vivas\",\"breadcrumb\":{\"@id\":\"https:\/\/mettapapelaria.com.br\/catalogo\/produto\/canetinha-vai-e-vem-faber-castell-24-cores\/#breadcrumb\"},\"inLanguage\":\"pt-BR\",\"potentialAction\":[{\"@type\":\"ReadAction\",\"target\":[\"https:\/\/mettapapelaria.com.br\/catalogo\/produto\/canetinha-vai-e-vem-faber-castell-24-cores\/\"]}]},{\"@type\":\"ImageObject\",\"inLanguage\":\"pt-BR\",\"@id\":\"https:\/\/mettapapelaria.com.br\/catalogo\/produto\/canetinha-vai-e-vem-faber-castell-24-cores\/#primaryimage\",\"url\":\"https:\/\/mettapapelaria.com.br\/catalogo\/wp-content\/uploads\/2025\/01\/BIBLIOCANTO-PASTEL-MAXCRIL-2025-01-16T101546.806.png\",\"contentUrl\":\"https:\/\/mettapapelaria.com.br\/catalogo\/wp-content\/uploads\/2025\/01\/BIBLIOCANTO-PASTEL-MAXCRIL-2025-01-16T101546.806.png\",\"width\":500,\"height\":500},{\"@type\":\"BreadcrumbList\",\"@id\":\"https:\/\/mettapapelaria.com.br\/catalogo\/produto\/canetinha-vai-e-vem-faber-castell-24-cores\/#breadcrumb\",\"itemListElement\":[{\"@type\":\"ListItem\",\"position\":1,\"name\":\"In\u00edcio\",\"item\":\"https:\/\/mettapapelaria.com.br\/catalogo\/\"},{\"@type\":\"ListItem\",\"position\":2,\"name\":\"Shop\",\"item\":\"https:\/\/mettapapelaria.com.br\/catalogo\/shop\/\"},{\"@type\":\"ListItem\",\"position\":3,\"name\":\"CANETINHA VAI E VEM FABER CASTELL 24 CORES\"}]},{\"@type\":\"WebSite\",\"@id\":\"https:\/\/mettapapelaria.com.br\/catalogo\/#website\",\"url\":\"https:\/\/mettapapelaria.com.br\/catalogo\/\",\"name\":\"Metta Papelaria\",\"description\":\"Materiais e equipamentos de escrit\u00f3rio, suprimentos para inform\u00e1tica, e uma diversificada linha de material escolar\",\"publisher\":{\"@id\":\"https:\/\/mettapapelaria.com.br\/catalogo\/#organization\"},\"potentialAction\":[{\"@type\":\"SearchAction\",\"target\":{\"@type\":\"EntryPoint\",\"urlTemplate\":\"https:\/\/mettapapelaria.com.br\/catalogo\/?s={search_term_string}\"},\"query-input\":{\"@type\":\"PropertyValueSpecification\",\"valueRequired\":true,\"valueName\":\"search_term_string\"}}],\"inLanguage\":\"pt-BR\"},{\"@type\":\"Organization\",\"@id\":\"https:\/\/mettapapelaria.com.br\/catalogo\/#organization\",\"name\":\"Metta Papelaria\",\"url\":\"https:\/\/mettapapelaria.com.br\/catalogo\/\",\"logo\":{\"@type\":\"ImageObject\",\"inLanguage\":\"pt-BR\",\"@id\":\"https:\/\/mettapapelaria.com.br\/catalogo\/#\/schema\/logo\/image\/\",\"url\":\"https:\/\/mettapapelaria.com.br\/catalogo\/wp-content\/uploads\/2023\/12\/cropped-favicon-Metta_512-1.png\",\"contentUrl\":\"https:\/\/mettapapelaria.com.br\/catalogo\/wp-content\/uploads\/2023\/12\/cropped-favicon-Metta_512-1.png\",\"width\":512,\"height\":512,\"caption\":\"Metta Papelaria\"},\"image\":{\"@id\":\"https:\/\/mettapapelaria.com.br\/catalogo\/#\/schema\/logo\/image\/\"},\"sameAs\":[\"https:\/\/www.facebook.com\/mettapapelaria\/\",\"https:\/\/www.instagram.com\/papelariametta\/\"]}]}<\/script>\n<!-- \/ Yoast SEO plugin. -->","yoast_head_json":{"title":"CANETINHA VAI E VEM FABER CASTELL 24 CORES - Metta Papelaria","description":"As canetinhas hidrogr\u00e1ficas Faber-Castell estimulam a criatividade das crian\u00e7as com a formula\u00e7\u00e3o exclusiva de corantes de alta qualidade com cores mais vivas","robots":{"index":"index","follow":"follow","max-snippet":"max-snippet:-1","max-image-preview":"max-image-preview:large","max-video-preview":"max-video-preview:-1"},"canonical":"https:\/\/mettapapelaria.com.br\/catalogo\/produto\/canetinha-vai-e-vem-faber-castell-24-cores\/","og_locale":"pt_BR","og_type":"article","og_title":"CANETINHA VAI E VEM FABER CASTELL 24 CORES - Metta Papelaria","og_description":"As canetinhas hidrogr\u00e1ficas Faber-Castell estimulam a criatividade das crian\u00e7as com a formula\u00e7\u00e3o exclusiva de corantes de alta qualidade com cores mais vivas","og_url":"https:\/\/mettapapelaria.com.br\/catalogo\/produto\/canetinha-vai-e-vem-faber-castell-24-cores\/","og_site_name":"Metta Papelaria","article_publisher":"https:\/\/www.facebook.com\/mettapapelaria\/","article_modified_time":"2025-01-16T13:20:51+00:00","og_image":[{"width":500,"height":500,"url":"https:\/\/mettapapelaria.com.br\/catalogo\/wp-content\/uploads\/2025\/01\/BIBLIOCANTO-PASTEL-MAXCRIL-2025-01-16T101546.806.png","type":"image\/png"}],"twitter_card":"summary_large_image","twitter_misc":{"Est. tempo de leitura":"1 minuto"},"schema":{"@context":"https:\/\/schema.org","@graph":[{"@type":"WebPage","@id":"https:\/\/mettapapelaria.com.br\/catalogo\/produto\/canetinha-vai-e-vem-faber-castell-24-cores\/","url":"https:\/\/mettapapelaria.com.br\/catalogo\/produto\/canetinha-vai-e-vem-faber-castell-24-cores\/","name":"CANETINHA VAI E VEM FABER CASTELL 24 CORES - Metta Papelaria","isPartOf":{"@id":"https:\/\/mettapapelaria.com.br\/catalogo\/#website"},"primaryImageOfPage":{"@id":"https:\/\/mettapapelaria.com.br\/catalogo\/produto\/canetinha-vai-e-vem-faber-castell-24-cores\/#primaryimage"},"image":{"@id":"https:\/\/mettapapelaria.com.br\/catalogo\/produto\/canetinha-vai-e-vem-faber-castell-24-cores\/#primaryimage"},"thumbnailUrl":"https:\/\/mettapapelaria.com.br\/catalogo\/wp-content\/uploads\/2025\/01\/BIBLIOCANTO-PASTEL-MAXCRIL-2025-01-16T101546.806.png","datePublished":"2025-01-16T13:20:49+00:00","dateModified":"2025-01-16T13:20:51+00:00","description":"As canetinhas hidrogr\u00e1ficas Faber-Castell estimulam a criatividade das crian\u00e7as com a formula\u00e7\u00e3o exclusiva de corantes de alta qualidade com cores mais vivas","breadcrumb":{"@id":"https:\/\/mettapapelaria.com.br\/catalogo\/produto\/canetinha-vai-e-vem-faber-castell-24-cores\/#breadcrumb"},"inLanguage":"pt-BR","potentialAction":[{"@type":"ReadAction","target":["https:\/\/mettapapelaria.com.br\/catalogo\/produto\/canetinha-vai-e-vem-faber-castell-24-cores\/"]}]},{"@type":"ImageObject","inLanguage":"pt-BR","@id":"https:\/\/mettapapelaria.com.br\/catalogo\/produto\/canetinha-vai-e-vem-faber-castell-24-cores\/#primaryimage","url":"https:\/\/mettapapelaria.com.br\/catalogo\/wp-content\/uploads\/2025\/01\/BIBLIOCANTO-PASTEL-MAXCRIL-2025-01-16T101546.806.png","contentUrl":"https:\/\/mettapapelaria.com.br\/catalogo\/wp-content\/uploads\/2025\/01\/BIBLIOCANTO-PASTEL-MAXCRIL-2025-01-16T101546.806.png","width":500,"height":500},{"@type":"BreadcrumbList","@id":"https:\/\/mettapapelaria.com.br\/catalogo\/produto\/canetinha-vai-e-vem-faber-castell-24-cores\/#breadcrumb","itemListElement":[{"@type":"ListItem","position":1,"name":"In\u00edcio","item":"https:\/\/mettapapelaria.com.br\/catalogo\/"},{"@type":"ListItem","position":2,"name":"Shop","item":"https:\/\/mettapapelaria.com.br\/catalogo\/shop\/"},{"@type":"ListItem","position":3,"name":"CANETINHA VAI E VEM FABER CASTELL 24 CORES"}]},{"@type":"WebSite","@id":"https:\/\/mettapapelaria.com.br\/catalogo\/#website","url":"https:\/\/mettapapelaria.com.br\/catalogo\/","name":"Metta Papelaria","description":"Materiais e equipamentos de escrit\u00f3rio, suprimentos para inform\u00e1tica, e uma diversificada linha de material escolar","publisher":{"@id":"https:\/\/mettapapelaria.com.br\/catalogo\/#organization"},"potentialAction":[{"@type":"SearchAction","target":{"@type":"EntryPoint","urlTemplate":"https:\/\/mettapapelaria.com.br\/catalogo\/?s={search_term_string}"},"query-input":{"@type":"PropertyValueSpecification","valueRequired":true,"valueName":"search_term_string"}}],"inLanguage":"pt-BR"},{"@type":"Organization","@id":"https:\/\/mettapapelaria.com.br\/catalogo\/#organization","name":"Metta Papelaria","url":"https:\/\/mettapapelaria.com.br\/catalogo\/","logo":{"@type":"ImageObject","inLanguage":"pt-BR","@id":"https:\/\/mettapapelaria.com.br\/catalogo\/#\/schema\/logo\/image\/","url":"https:\/\/mettapapelaria.com.br\/catalogo\/wp-content\/uploads\/2023\/12\/cropped-favicon-Metta_512-1.png","contentUrl":"https:\/\/mettapapelaria.com.br\/catalogo\/wp-content\/uploads\/2023\/12\/cropped-favicon-Metta_512-1.png","width":512,"height":512,"caption":"Metta Papelaria"},"image":{"@id":"https:\/\/mettapapelaria.com.br\/catalogo\/#\/schema\/logo\/image\/"},"sameAs":["https:\/\/www.facebook.com\/mettapapelaria\/","https:\/\/www.instagram.com\/papelariametta\/"]}]}},"_links":{"self":[{"href":"https:\/\/mettapapelaria.com.br\/catalogo\/wp-json\/wp\/v2\/product\/9397","targetHints":{"allow":["GET"]}}],"collection":[{"href":"https:\/\/mettapapelaria.com.br\/catalogo\/wp-json\/wp\/v2\/product"}],"about":[{"href":"https:\/\/mettapapelaria.com.br\/catalogo\/wp-json\/wp\/v2\/types\/product"}],"replies":[{"embeddable":true,"href":"https:\/\/mettapapelaria.com.br\/catalogo\/wp-json\/wp\/v2\/comments?post=9397"}],"version-history":[{"count":1,"href":"https:\/\/mettapapelaria.com.br\/catalogo\/wp-json\/wp\/v2\/product\/9397\/revisions"}],"predecessor-version":[{"id":9399,"href":"https:\/\/mettapapelaria.com.br\/catalogo\/wp-json\/wp\/v2\/product\/9397\/revisions\/9399"}],"wp:featuredmedia":[{"embeddable":true,"href":"https:\/\/mettapapelaria.com.br\/catalogo\/wp-json\/wp\/v2\/media\/9398"}],"wp:attachment":[{"href":"https:\/\/mettapapelaria.com.br\/catalogo\/wp-json\/wp\/v2\/media?parent=9397"}],"wp:term":[{"taxonomy":"brand","embeddable":true,"href":"https:\/\/mettapapelaria.com.br\/catalogo\/wp-json\/wp\/v2\/etheme_brands?post=9397"},{"taxonomy":"product_brand","embeddable":true,"href":"https:\/\/mettapapelaria.com.br\/catalogo\/wp-json\/wp\/v2\/product_brand?post=9397"},{"taxonomy":"product_cat","embeddable":true,"href":"https:\/\/mettapapelaria.com.br\/catalogo\/wp-json\/wp\/v2\/product_cat?post=9397"},{"taxonomy":"product_tag","embeddable":true,"href":"https:\/\/mettapapelaria.com.br\/catalogo\/wp-json\/wp\/v2\/product_tag?post=9397"}],"curies":[{"name":"wp","href":"https:\/\/api.w.org\/{rel}","templated":true}]}}