{"id":9388,"date":"2025-01-15T13:54:59","date_gmt":"2025-01-15T16:54:59","guid":{"rendered":"https:\/\/mettapapelaria.com.br\/catalogo\/?post_type=product&#038;p=9388"},"modified":"2025-01-15T13:55:00","modified_gmt":"2025-01-15T16:55:00","slug":"cola-bastao-40g-3m","status":"publish","type":"product","link":"https:\/\/mettapapelaria.com.br\/catalogo\/produto\/cola-bastao-40g-3m\/","title":{"rendered":"COLA BAST\u00c3O 40G 3M"},"content":{"rendered":"<p>A Cola em Bast\u00e3o Scotch\u00ae \u00e9 perfeita para o uso no escrit\u00f3rio, casa ou escola, excelente para colagens de pap\u00e9is, fotos e materiais semelhantes. Com qualidade Scotch\u00ae, ela n\u00e3o escorre, n\u00e3o resseca no tubo e pode ser lavada. Tem \u00f3timo acabamento na colagem, fica transparente ao secar e n\u00e3o faz sujeiras. Seu rendimento \u00e9 maior, pois o bast\u00e3o de cola fica preso \u00e0 base, evitando quedas e proporcionando o seu uso at\u00e9 o final. A Cola em Bast\u00e3o Scotch\u00ae conta com tampa em design exclusivo, desenvolvida a fim de promover mais seguran\u00e7a durante o uso por crian\u00e7as.<\/p>\n<p>&#8211; N\u00e3o possui solvente.<br \/>\n&#8211; N\u00e3o faz sujeira.<br \/>\n&#8211; N\u00e3o resseca no tubo, \u00e9 lav\u00e1vel e n\u00e3o t\u00f3xica.<br \/>\n&#8211; Tampa maior, visando mais seguran\u00e7a para o uso infantil.<\/p>\n","protected":false},"excerpt":{"rendered":"<p>A Cola em Bast\u00e3o Scotch\u00ae \u00e9 perfeita para o uso no escrit\u00f3rio, casa ou escola, excelente para colagens de pap\u00e9is, fotos e materiais semelhantes. Com&#8230;<\/p>\n","protected":false},"featured_media":9389,"comment_status":"open","ping_status":"closed","template":"","meta":[],"etheme_brands":[{"term_id":178,"name":"3M","slug":"3m","term_group":0,"term_taxonomy_id":178,"taxonomy":"brand","description":"","parent":0,"count":11,"filter":"raw"}],"product_brand":[],"product_cat":[22,89,160,16],"product_tag":[894,254,240,895,649,338,293,276,364,316,275,255,294,292,256,227,225,226,239,317,274,318],"class_list":{"0":"post-9388","1":"product","2":"type-product","3":"status-publish","4":"has-post-thumbnail","6":"brand-3m","7":"product_cat-cola","8":"product_cat-colas-bastao","9":"product_cat-instrumentos","10":"product_cat-material-escolar","11":"product_tag-3m","12":"product_tag-casa","13":"product_tag-cola","14":"product_tag-cola-3m","15":"product_tag-cola-bastao","16":"product_tag-colorido","17":"product_tag-crianca","18":"product_tag-escola","19":"product_tag-estojo","20":"product_tag-estudante","21":"product_tag-faculdade","22":"product_tag-home","23":"product_tag-infantil","24":"product_tag-kids","25":"product_tag-lar","26":"product_tag-material-escolar","27":"product_tag-metta-papelaria","28":"product_tag-mochila","29":"product_tag-organizacao","30":"product_tag-study","31":"product_tag-universidade","32":"product_tag-volta-as-aulas","34":"first","35":"instock","36":"sold-individually","37":"shipping-taxable","38":"purchasable","39":"product-type-simple"},"yoast_head":"<!-- This site is optimized with the Yoast SEO plugin v26.9 - https:\/\/yoast.com\/product\/yoast-seo-wordpress\/ -->\n<title>COLA BAST\u00c3O 40G 3M - Metta Papelaria<\/title>\n<meta name=\"description\" content=\"A Cola em Bast\u00e3o Scotch\u00ae \u00e9 perfeita para o uso no escrit\u00f3rio, casa ou escola, excelente para colagens de pap\u00e9is, fotos e materiais semelhantes.\" \/>\n<meta name=\"robots\" content=\"index, follow, max-snippet:-1, max-image-preview:large, max-video-preview:-1\" \/>\n<link rel=\"canonical\" href=\"https:\/\/mettapapelaria.com.br\/catalogo\/produto\/cola-bastao-40g-3m\/\" \/>\n<meta property=\"og:locale\" content=\"pt_BR\" \/>\n<meta property=\"og:type\" content=\"article\" \/>\n<meta property=\"og:title\" content=\"COLA BAST\u00c3O 40G 3M - Metta Papelaria\" \/>\n<meta property=\"og:description\" content=\"A Cola em Bast\u00e3o Scotch\u00ae \u00e9 perfeita para o uso no escrit\u00f3rio, casa ou escola, excelente para colagens de pap\u00e9is, fotos e materiais semelhantes.\" \/>\n<meta property=\"og:url\" content=\"https:\/\/mettapapelaria.com.br\/catalogo\/produto\/cola-bastao-40g-3m\/\" \/>\n<meta property=\"og:site_name\" content=\"Metta Papelaria\" \/>\n<meta property=\"article:publisher\" content=\"https:\/\/www.facebook.com\/mettapapelaria\/\" \/>\n<meta property=\"article:modified_time\" content=\"2025-01-15T16:55:00+00:00\" \/>\n<meta property=\"og:image\" content=\"https:\/\/mettapapelaria.com.br\/catalogo\/wp-content\/uploads\/2025\/01\/BIBLIOCANTO-PASTEL-MAXCRIL-2025-01-15T135035.814.png\" \/>\n\t<meta property=\"og:image:width\" content=\"500\" \/>\n\t<meta property=\"og:image:height\" content=\"500\" \/>\n\t<meta property=\"og:image:type\" content=\"image\/png\" \/>\n<meta name=\"twitter:card\" content=\"summary_large_image\" \/>\n<meta name=\"twitter:label1\" content=\"Est. tempo de leitura\" \/>\n\t<meta name=\"twitter:data1\" content=\"1 minuto\" \/>\n<script type=\"application\/ld+json\" class=\"yoast-schema-graph\">{\"@context\":\"https:\/\/schema.org\",\"@graph\":[{\"@type\":\"WebPage\",\"@id\":\"https:\/\/mettapapelaria.com.br\/catalogo\/produto\/cola-bastao-40g-3m\/\",\"url\":\"https:\/\/mettapapelaria.com.br\/catalogo\/produto\/cola-bastao-40g-3m\/\",\"name\":\"COLA BAST\u00c3O 40G 3M - Metta Papelaria\",\"isPartOf\":{\"@id\":\"https:\/\/mettapapelaria.com.br\/catalogo\/#website\"},\"primaryImageOfPage\":{\"@id\":\"https:\/\/mettapapelaria.com.br\/catalogo\/produto\/cola-bastao-40g-3m\/#primaryimage\"},\"image\":{\"@id\":\"https:\/\/mettapapelaria.com.br\/catalogo\/produto\/cola-bastao-40g-3m\/#primaryimage\"},\"thumbnailUrl\":\"https:\/\/mettapapelaria.com.br\/catalogo\/wp-content\/uploads\/2025\/01\/BIBLIOCANTO-PASTEL-MAXCRIL-2025-01-15T135035.814.png\",\"datePublished\":\"2025-01-15T16:54:59+00:00\",\"dateModified\":\"2025-01-15T16:55:00+00:00\",\"description\":\"A Cola em Bast\u00e3o Scotch\u00ae \u00e9 perfeita para o uso no escrit\u00f3rio, casa ou escola, excelente para colagens de pap\u00e9is, fotos e materiais semelhantes.\",\"breadcrumb\":{\"@id\":\"https:\/\/mettapapelaria.com.br\/catalogo\/produto\/cola-bastao-40g-3m\/#breadcrumb\"},\"inLanguage\":\"pt-BR\",\"potentialAction\":[{\"@type\":\"ReadAction\",\"target\":[\"https:\/\/mettapapelaria.com.br\/catalogo\/produto\/cola-bastao-40g-3m\/\"]}]},{\"@type\":\"ImageObject\",\"inLanguage\":\"pt-BR\",\"@id\":\"https:\/\/mettapapelaria.com.br\/catalogo\/produto\/cola-bastao-40g-3m\/#primaryimage\",\"url\":\"https:\/\/mettapapelaria.com.br\/catalogo\/wp-content\/uploads\/2025\/01\/BIBLIOCANTO-PASTEL-MAXCRIL-2025-01-15T135035.814.png\",\"contentUrl\":\"https:\/\/mettapapelaria.com.br\/catalogo\/wp-content\/uploads\/2025\/01\/BIBLIOCANTO-PASTEL-MAXCRIL-2025-01-15T135035.814.png\",\"width\":500,\"height\":500},{\"@type\":\"BreadcrumbList\",\"@id\":\"https:\/\/mettapapelaria.com.br\/catalogo\/produto\/cola-bastao-40g-3m\/#breadcrumb\",\"itemListElement\":[{\"@type\":\"ListItem\",\"position\":1,\"name\":\"In\u00edcio\",\"item\":\"https:\/\/mettapapelaria.com.br\/catalogo\/\"},{\"@type\":\"ListItem\",\"position\":2,\"name\":\"Shop\",\"item\":\"https:\/\/mettapapelaria.com.br\/catalogo\/shop\/\"},{\"@type\":\"ListItem\",\"position\":3,\"name\":\"COLA BAST\u00c3O 40G 3M\"}]},{\"@type\":\"WebSite\",\"@id\":\"https:\/\/mettapapelaria.com.br\/catalogo\/#website\",\"url\":\"https:\/\/mettapapelaria.com.br\/catalogo\/\",\"name\":\"Metta Papelaria\",\"description\":\"Materiais e equipamentos de escrit\u00f3rio, suprimentos para inform\u00e1tica, e uma diversificada linha de material escolar\",\"publisher\":{\"@id\":\"https:\/\/mettapapelaria.com.br\/catalogo\/#organization\"},\"potentialAction\":[{\"@type\":\"SearchAction\",\"target\":{\"@type\":\"EntryPoint\",\"urlTemplate\":\"https:\/\/mettapapelaria.com.br\/catalogo\/?s={search_term_string}\"},\"query-input\":{\"@type\":\"PropertyValueSpecification\",\"valueRequired\":true,\"valueName\":\"search_term_string\"}}],\"inLanguage\":\"pt-BR\"},{\"@type\":\"Organization\",\"@id\":\"https:\/\/mettapapelaria.com.br\/catalogo\/#organization\",\"name\":\"Metta Papelaria\",\"url\":\"https:\/\/mettapapelaria.com.br\/catalogo\/\",\"logo\":{\"@type\":\"ImageObject\",\"inLanguage\":\"pt-BR\",\"@id\":\"https:\/\/mettapapelaria.com.br\/catalogo\/#\/schema\/logo\/image\/\",\"url\":\"https:\/\/mettapapelaria.com.br\/catalogo\/wp-content\/uploads\/2023\/12\/cropped-favicon-Metta_512-1.png\",\"contentUrl\":\"https:\/\/mettapapelaria.com.br\/catalogo\/wp-content\/uploads\/2023\/12\/cropped-favicon-Metta_512-1.png\",\"width\":512,\"height\":512,\"caption\":\"Metta Papelaria\"},\"image\":{\"@id\":\"https:\/\/mettapapelaria.com.br\/catalogo\/#\/schema\/logo\/image\/\"},\"sameAs\":[\"https:\/\/www.facebook.com\/mettapapelaria\/\",\"https:\/\/www.instagram.com\/papelariametta\/\"]}]}<\/script>\n<!-- \/ Yoast SEO plugin. -->","yoast_head_json":{"title":"COLA BAST\u00c3O 40G 3M - Metta Papelaria","description":"A Cola em Bast\u00e3o Scotch\u00ae \u00e9 perfeita para o uso no escrit\u00f3rio, casa ou escola, excelente para colagens de pap\u00e9is, fotos e materiais semelhantes.","robots":{"index":"index","follow":"follow","max-snippet":"max-snippet:-1","max-image-preview":"max-image-preview:large","max-video-preview":"max-video-preview:-1"},"canonical":"https:\/\/mettapapelaria.com.br\/catalogo\/produto\/cola-bastao-40g-3m\/","og_locale":"pt_BR","og_type":"article","og_title":"COLA BAST\u00c3O 40G 3M - Metta Papelaria","og_description":"A Cola em Bast\u00e3o Scotch\u00ae \u00e9 perfeita para o uso no escrit\u00f3rio, casa ou escola, excelente para colagens de pap\u00e9is, fotos e materiais semelhantes.","og_url":"https:\/\/mettapapelaria.com.br\/catalogo\/produto\/cola-bastao-40g-3m\/","og_site_name":"Metta Papelaria","article_publisher":"https:\/\/www.facebook.com\/mettapapelaria\/","article_modified_time":"2025-01-15T16:55:00+00:00","og_image":[{"width":500,"height":500,"url":"https:\/\/mettapapelaria.com.br\/catalogo\/wp-content\/uploads\/2025\/01\/BIBLIOCANTO-PASTEL-MAXCRIL-2025-01-15T135035.814.png","type":"image\/png"}],"twitter_card":"summary_large_image","twitter_misc":{"Est. tempo de leitura":"1 minuto"},"schema":{"@context":"https:\/\/schema.org","@graph":[{"@type":"WebPage","@id":"https:\/\/mettapapelaria.com.br\/catalogo\/produto\/cola-bastao-40g-3m\/","url":"https:\/\/mettapapelaria.com.br\/catalogo\/produto\/cola-bastao-40g-3m\/","name":"COLA BAST\u00c3O 40G 3M - Metta Papelaria","isPartOf":{"@id":"https:\/\/mettapapelaria.com.br\/catalogo\/#website"},"primaryImageOfPage":{"@id":"https:\/\/mettapapelaria.com.br\/catalogo\/produto\/cola-bastao-40g-3m\/#primaryimage"},"image":{"@id":"https:\/\/mettapapelaria.com.br\/catalogo\/produto\/cola-bastao-40g-3m\/#primaryimage"},"thumbnailUrl":"https:\/\/mettapapelaria.com.br\/catalogo\/wp-content\/uploads\/2025\/01\/BIBLIOCANTO-PASTEL-MAXCRIL-2025-01-15T135035.814.png","datePublished":"2025-01-15T16:54:59+00:00","dateModified":"2025-01-15T16:55:00+00:00","description":"A Cola em Bast\u00e3o Scotch\u00ae \u00e9 perfeita para o uso no escrit\u00f3rio, casa ou escola, excelente para colagens de pap\u00e9is, fotos e materiais semelhantes.","breadcrumb":{"@id":"https:\/\/mettapapelaria.com.br\/catalogo\/produto\/cola-bastao-40g-3m\/#breadcrumb"},"inLanguage":"pt-BR","potentialAction":[{"@type":"ReadAction","target":["https:\/\/mettapapelaria.com.br\/catalogo\/produto\/cola-bastao-40g-3m\/"]}]},{"@type":"ImageObject","inLanguage":"pt-BR","@id":"https:\/\/mettapapelaria.com.br\/catalogo\/produto\/cola-bastao-40g-3m\/#primaryimage","url":"https:\/\/mettapapelaria.com.br\/catalogo\/wp-content\/uploads\/2025\/01\/BIBLIOCANTO-PASTEL-MAXCRIL-2025-01-15T135035.814.png","contentUrl":"https:\/\/mettapapelaria.com.br\/catalogo\/wp-content\/uploads\/2025\/01\/BIBLIOCANTO-PASTEL-MAXCRIL-2025-01-15T135035.814.png","width":500,"height":500},{"@type":"BreadcrumbList","@id":"https:\/\/mettapapelaria.com.br\/catalogo\/produto\/cola-bastao-40g-3m\/#breadcrumb","itemListElement":[{"@type":"ListItem","position":1,"name":"In\u00edcio","item":"https:\/\/mettapapelaria.com.br\/catalogo\/"},{"@type":"ListItem","position":2,"name":"Shop","item":"https:\/\/mettapapelaria.com.br\/catalogo\/shop\/"},{"@type":"ListItem","position":3,"name":"COLA BAST\u00c3O 40G 3M"}]},{"@type":"WebSite","@id":"https:\/\/mettapapelaria.com.br\/catalogo\/#website","url":"https:\/\/mettapapelaria.com.br\/catalogo\/","name":"Metta Papelaria","description":"Materiais e equipamentos de escrit\u00f3rio, suprimentos para inform\u00e1tica, e uma diversificada linha de material escolar","publisher":{"@id":"https:\/\/mettapapelaria.com.br\/catalogo\/#organization"},"potentialAction":[{"@type":"SearchAction","target":{"@type":"EntryPoint","urlTemplate":"https:\/\/mettapapelaria.com.br\/catalogo\/?s={search_term_string}"},"query-input":{"@type":"PropertyValueSpecification","valueRequired":true,"valueName":"search_term_string"}}],"inLanguage":"pt-BR"},{"@type":"Organization","@id":"https:\/\/mettapapelaria.com.br\/catalogo\/#organization","name":"Metta Papelaria","url":"https:\/\/mettapapelaria.com.br\/catalogo\/","logo":{"@type":"ImageObject","inLanguage":"pt-BR","@id":"https:\/\/mettapapelaria.com.br\/catalogo\/#\/schema\/logo\/image\/","url":"https:\/\/mettapapelaria.com.br\/catalogo\/wp-content\/uploads\/2023\/12\/cropped-favicon-Metta_512-1.png","contentUrl":"https:\/\/mettapapelaria.com.br\/catalogo\/wp-content\/uploads\/2023\/12\/cropped-favicon-Metta_512-1.png","width":512,"height":512,"caption":"Metta Papelaria"},"image":{"@id":"https:\/\/mettapapelaria.com.br\/catalogo\/#\/schema\/logo\/image\/"},"sameAs":["https:\/\/www.facebook.com\/mettapapelaria\/","https:\/\/www.instagram.com\/papelariametta\/"]}]}},"_links":{"self":[{"href":"https:\/\/mettapapelaria.com.br\/catalogo\/wp-json\/wp\/v2\/product\/9388","targetHints":{"allow":["GET"]}}],"collection":[{"href":"https:\/\/mettapapelaria.com.br\/catalogo\/wp-json\/wp\/v2\/product"}],"about":[{"href":"https:\/\/mettapapelaria.com.br\/catalogo\/wp-json\/wp\/v2\/types\/product"}],"replies":[{"embeddable":true,"href":"https:\/\/mettapapelaria.com.br\/catalogo\/wp-json\/wp\/v2\/comments?post=9388"}],"version-history":[{"count":1,"href":"https:\/\/mettapapelaria.com.br\/catalogo\/wp-json\/wp\/v2\/product\/9388\/revisions"}],"predecessor-version":[{"id":9390,"href":"https:\/\/mettapapelaria.com.br\/catalogo\/wp-json\/wp\/v2\/product\/9388\/revisions\/9390"}],"wp:featuredmedia":[{"embeddable":true,"href":"https:\/\/mettapapelaria.com.br\/catalogo\/wp-json\/wp\/v2\/media\/9389"}],"wp:attachment":[{"href":"https:\/\/mettapapelaria.com.br\/catalogo\/wp-json\/wp\/v2\/media?parent=9388"}],"wp:term":[{"taxonomy":"brand","embeddable":true,"href":"https:\/\/mettapapelaria.com.br\/catalogo\/wp-json\/wp\/v2\/etheme_brands?post=9388"},{"taxonomy":"product_brand","embeddable":true,"href":"https:\/\/mettapapelaria.com.br\/catalogo\/wp-json\/wp\/v2\/product_brand?post=9388"},{"taxonomy":"product_cat","embeddable":true,"href":"https:\/\/mettapapelaria.com.br\/catalogo\/wp-json\/wp\/v2\/product_cat?post=9388"},{"taxonomy":"product_tag","embeddable":true,"href":"https:\/\/mettapapelaria.com.br\/catalogo\/wp-json\/wp\/v2\/product_tag?post=9388"}],"curies":[{"name":"wp","href":"https:\/\/api.w.org\/{rel}","templated":true}]}}