{"id":9361,"date":"2025-01-15T10:41:34","date_gmt":"2025-01-15T13:41:34","guid":{"rendered":"https:\/\/mettapapelaria.com.br\/catalogo\/?post_type=product&#038;p=9361"},"modified":"2025-01-15T10:41:35","modified_gmt":"2025-01-15T13:41:35","slug":"kit-cola-colorida-com-6-un-acrilex","status":"publish","type":"product","link":"https:\/\/mettapapelaria.com.br\/catalogo\/produto\/kit-cola-colorida-com-6-un-acrilex\/","title":{"rendered":"KIT COLA COLORIDA COM 6 UN ACRILEX"},"content":{"rendered":"<p>A Cola Colorida Acrilex \u00e9 uma excelente op\u00e7\u00e3o para quem busca um material de artesanato vers\u00e1til e f\u00e1cil de usar. Com seu bico aplicador, ela permite que seja aplicada com precis\u00e3o em diferentes superf\u00edcies, incluindo pap\u00e9is, cart\u00f5es, cartolinas, entre outros. Um dos principais benef\u00edcios da Cola Colorida Acrilex \u00e9 que ela \u00e9 um material n\u00e3o t\u00f3xico, o que a torna segura para ser usada por crian\u00e7as e adultos. Al\u00e9m disso, suas cores t\u00eam um brilho intenso que ajuda a dar um toque especial aos projetos. Essa cola \u00e9 ideal para ser usada em colagens, relevos coloridos, decora\u00e7\u00f5es em geral e para pintar sobre todos os tipos de papel. Com 6 cores dispon\u00edveis, \u00e9 poss\u00edvel criar uma variedade de projetos criativos e coloridos. Cada pote cont\u00e9m 23 gramas, o que \u00e9 uma quantidade consider\u00e1vel para a maioria dos projetos. A Acrilex \u00e9 uma marca conhecida por sua qualidade e confiabilidade, o que garante que a Cola Colorida Acrilex seja um produto de alto desempenho e durabilidade.<\/p>\n<div id=\"product-wrapper\" class=\"product-wrapper\">\n<div class=\"product-tabs\">\n<div class=\"tabs-content\">\n<div id=\"descricao\" class=\"tab rte description-ab active\">\n<p>&#8211; 6 cores diferentes<br \/>\n&#8211; Possui bico aplicador<br \/>\n&#8211; Material n\u00e3o t\u00f3xico<br \/>\n&#8211; Cores com brilho intenso<br \/>\n&#8211; Ideal para colagens, relevos coloridos, decora\u00e7\u00f5es em geral, pintura sobre todos os tipos de papel<br \/>\n&#8211; 6 potes com 23 gramas cada<\/p>\n<\/div>\n<\/div>\n<\/div>\n<\/div>\n<div class=\"section-product-related\">\n<div class=\"container\">\n<div class=\"section-header\"><\/div>\n<\/div>\n<\/div>\n","protected":false},"excerpt":{"rendered":"<p>A Cola Colorida Acrilex \u00e9 uma excelente op\u00e7\u00e3o para quem busca um material de artesanato vers\u00e1til e f\u00e1cil de usar. Com seu bico aplicador, ela&#8230;<\/p>\n","protected":false},"featured_media":9362,"comment_status":"open","ping_status":"closed","template":"","meta":[],"etheme_brands":[{"term_id":720,"name":"Acrilex","slug":"acrilex","term_group":0,"term_taxonomy_id":720,"taxonomy":"brand","description":"","parent":0,"count":11,"filter":"raw"}],"product_brand":[],"product_cat":[22,92,160,16],"product_tag":[887,254,240,886,883,338,293,276,316,275,255,294,292,256,227,225,226,239,317,274,318],"class_list":{"0":"post-9361","1":"product","2":"type-product","3":"status-publish","4":"has-post-thumbnail","6":"brand-acrilex","7":"product_cat-cola","8":"product_cat-colas-glitter-colas-coloridas","9":"product_cat-instrumentos","10":"product_cat-material-escolar","11":"product_tag-acrilex","12":"product_tag-casa","13":"product_tag-cola","14":"product_tag-cola-acrilex","15":"product_tag-cola-colorida","16":"product_tag-colorido","17":"product_tag-crianca","18":"product_tag-escola","19":"product_tag-estudante","20":"product_tag-faculdade","21":"product_tag-home","22":"product_tag-infantil","23":"product_tag-kids","24":"product_tag-lar","25":"product_tag-material-escolar","26":"product_tag-metta-papelaria","27":"product_tag-mochila","28":"product_tag-organizacao","29":"product_tag-study","30":"product_tag-universidade","31":"product_tag-volta-as-aulas","33":"first","34":"instock","35":"sold-individually","36":"shipping-taxable","37":"purchasable","38":"product-type-simple"},"yoast_head":"<!-- This site is optimized with the Yoast SEO plugin v26.9 - https:\/\/yoast.com\/product\/yoast-seo-wordpress\/ -->\n<title>KIT COLA COLORIDA COM 6 UN ACRILEX - Metta Papelaria<\/title>\n<meta name=\"description\" content=\"A Cola Colorida Acrilex \u00e9 uma excelente op\u00e7\u00e3o para quem busca um material de artesanato vers\u00e1til e f\u00e1cil de usar.\" \/>\n<meta name=\"robots\" content=\"index, follow, max-snippet:-1, max-image-preview:large, max-video-preview:-1\" \/>\n<link rel=\"canonical\" href=\"https:\/\/mettapapelaria.com.br\/catalogo\/produto\/kit-cola-colorida-com-6-un-acrilex\/\" \/>\n<meta property=\"og:locale\" content=\"pt_BR\" \/>\n<meta property=\"og:type\" content=\"article\" \/>\n<meta property=\"og:title\" content=\"KIT COLA COLORIDA COM 6 UN ACRILEX - Metta Papelaria\" \/>\n<meta property=\"og:description\" content=\"A Cola Colorida Acrilex \u00e9 uma excelente op\u00e7\u00e3o para quem busca um material de artesanato vers\u00e1til e f\u00e1cil de usar.\" \/>\n<meta property=\"og:url\" content=\"https:\/\/mettapapelaria.com.br\/catalogo\/produto\/kit-cola-colorida-com-6-un-acrilex\/\" \/>\n<meta property=\"og:site_name\" content=\"Metta Papelaria\" \/>\n<meta property=\"article:publisher\" content=\"https:\/\/www.facebook.com\/mettapapelaria\/\" \/>\n<meta property=\"article:modified_time\" content=\"2025-01-15T13:41:35+00:00\" \/>\n<meta property=\"og:image\" content=\"https:\/\/mettapapelaria.com.br\/catalogo\/wp-content\/uploads\/2025\/01\/BIBLIOCANTO-PASTEL-MAXCRIL-2025-01-15T103712.840.png\" \/>\n\t<meta property=\"og:image:width\" content=\"500\" \/>\n\t<meta property=\"og:image:height\" content=\"500\" \/>\n\t<meta property=\"og:image:type\" content=\"image\/png\" \/>\n<meta name=\"twitter:card\" content=\"summary_large_image\" \/>\n<meta name=\"twitter:label1\" content=\"Est. tempo de leitura\" \/>\n\t<meta name=\"twitter:data1\" content=\"2 minutos\" \/>\n<script type=\"application\/ld+json\" class=\"yoast-schema-graph\">{\"@context\":\"https:\/\/schema.org\",\"@graph\":[{\"@type\":\"WebPage\",\"@id\":\"https:\/\/mettapapelaria.com.br\/catalogo\/produto\/kit-cola-colorida-com-6-un-acrilex\/\",\"url\":\"https:\/\/mettapapelaria.com.br\/catalogo\/produto\/kit-cola-colorida-com-6-un-acrilex\/\",\"name\":\"KIT COLA COLORIDA COM 6 UN ACRILEX - Metta Papelaria\",\"isPartOf\":{\"@id\":\"https:\/\/mettapapelaria.com.br\/catalogo\/#website\"},\"primaryImageOfPage\":{\"@id\":\"https:\/\/mettapapelaria.com.br\/catalogo\/produto\/kit-cola-colorida-com-6-un-acrilex\/#primaryimage\"},\"image\":{\"@id\":\"https:\/\/mettapapelaria.com.br\/catalogo\/produto\/kit-cola-colorida-com-6-un-acrilex\/#primaryimage\"},\"thumbnailUrl\":\"https:\/\/mettapapelaria.com.br\/catalogo\/wp-content\/uploads\/2025\/01\/BIBLIOCANTO-PASTEL-MAXCRIL-2025-01-15T103712.840.png\",\"datePublished\":\"2025-01-15T13:41:34+00:00\",\"dateModified\":\"2025-01-15T13:41:35+00:00\",\"description\":\"A Cola Colorida Acrilex \u00e9 uma excelente op\u00e7\u00e3o para quem busca um material de artesanato vers\u00e1til e f\u00e1cil de usar.\",\"breadcrumb\":{\"@id\":\"https:\/\/mettapapelaria.com.br\/catalogo\/produto\/kit-cola-colorida-com-6-un-acrilex\/#breadcrumb\"},\"inLanguage\":\"pt-BR\",\"potentialAction\":[{\"@type\":\"ReadAction\",\"target\":[\"https:\/\/mettapapelaria.com.br\/catalogo\/produto\/kit-cola-colorida-com-6-un-acrilex\/\"]}]},{\"@type\":\"ImageObject\",\"inLanguage\":\"pt-BR\",\"@id\":\"https:\/\/mettapapelaria.com.br\/catalogo\/produto\/kit-cola-colorida-com-6-un-acrilex\/#primaryimage\",\"url\":\"https:\/\/mettapapelaria.com.br\/catalogo\/wp-content\/uploads\/2025\/01\/BIBLIOCANTO-PASTEL-MAXCRIL-2025-01-15T103712.840.png\",\"contentUrl\":\"https:\/\/mettapapelaria.com.br\/catalogo\/wp-content\/uploads\/2025\/01\/BIBLIOCANTO-PASTEL-MAXCRIL-2025-01-15T103712.840.png\",\"width\":500,\"height\":500},{\"@type\":\"BreadcrumbList\",\"@id\":\"https:\/\/mettapapelaria.com.br\/catalogo\/produto\/kit-cola-colorida-com-6-un-acrilex\/#breadcrumb\",\"itemListElement\":[{\"@type\":\"ListItem\",\"position\":1,\"name\":\"In\u00edcio\",\"item\":\"https:\/\/mettapapelaria.com.br\/catalogo\/\"},{\"@type\":\"ListItem\",\"position\":2,\"name\":\"Shop\",\"item\":\"https:\/\/mettapapelaria.com.br\/catalogo\/shop\/\"},{\"@type\":\"ListItem\",\"position\":3,\"name\":\"KIT COLA COLORIDA COM 6 UN ACRILEX\"}]},{\"@type\":\"WebSite\",\"@id\":\"https:\/\/mettapapelaria.com.br\/catalogo\/#website\",\"url\":\"https:\/\/mettapapelaria.com.br\/catalogo\/\",\"name\":\"Metta Papelaria\",\"description\":\"Materiais e equipamentos de escrit\u00f3rio, suprimentos para inform\u00e1tica, e uma diversificada linha de material escolar\",\"publisher\":{\"@id\":\"https:\/\/mettapapelaria.com.br\/catalogo\/#organization\"},\"potentialAction\":[{\"@type\":\"SearchAction\",\"target\":{\"@type\":\"EntryPoint\",\"urlTemplate\":\"https:\/\/mettapapelaria.com.br\/catalogo\/?s={search_term_string}\"},\"query-input\":{\"@type\":\"PropertyValueSpecification\",\"valueRequired\":true,\"valueName\":\"search_term_string\"}}],\"inLanguage\":\"pt-BR\"},{\"@type\":\"Organization\",\"@id\":\"https:\/\/mettapapelaria.com.br\/catalogo\/#organization\",\"name\":\"Metta Papelaria\",\"url\":\"https:\/\/mettapapelaria.com.br\/catalogo\/\",\"logo\":{\"@type\":\"ImageObject\",\"inLanguage\":\"pt-BR\",\"@id\":\"https:\/\/mettapapelaria.com.br\/catalogo\/#\/schema\/logo\/image\/\",\"url\":\"https:\/\/mettapapelaria.com.br\/catalogo\/wp-content\/uploads\/2023\/12\/cropped-favicon-Metta_512-1.png\",\"contentUrl\":\"https:\/\/mettapapelaria.com.br\/catalogo\/wp-content\/uploads\/2023\/12\/cropped-favicon-Metta_512-1.png\",\"width\":512,\"height\":512,\"caption\":\"Metta Papelaria\"},\"image\":{\"@id\":\"https:\/\/mettapapelaria.com.br\/catalogo\/#\/schema\/logo\/image\/\"},\"sameAs\":[\"https:\/\/www.facebook.com\/mettapapelaria\/\",\"https:\/\/www.instagram.com\/papelariametta\/\"]}]}<\/script>\n<!-- \/ Yoast SEO plugin. -->","yoast_head_json":{"title":"KIT COLA COLORIDA COM 6 UN ACRILEX - Metta Papelaria","description":"A Cola Colorida Acrilex \u00e9 uma excelente op\u00e7\u00e3o para quem busca um material de artesanato vers\u00e1til e f\u00e1cil de usar.","robots":{"index":"index","follow":"follow","max-snippet":"max-snippet:-1","max-image-preview":"max-image-preview:large","max-video-preview":"max-video-preview:-1"},"canonical":"https:\/\/mettapapelaria.com.br\/catalogo\/produto\/kit-cola-colorida-com-6-un-acrilex\/","og_locale":"pt_BR","og_type":"article","og_title":"KIT COLA COLORIDA COM 6 UN ACRILEX - Metta Papelaria","og_description":"A Cola Colorida Acrilex \u00e9 uma excelente op\u00e7\u00e3o para quem busca um material de artesanato vers\u00e1til e f\u00e1cil de usar.","og_url":"https:\/\/mettapapelaria.com.br\/catalogo\/produto\/kit-cola-colorida-com-6-un-acrilex\/","og_site_name":"Metta Papelaria","article_publisher":"https:\/\/www.facebook.com\/mettapapelaria\/","article_modified_time":"2025-01-15T13:41:35+00:00","og_image":[{"width":500,"height":500,"url":"https:\/\/mettapapelaria.com.br\/catalogo\/wp-content\/uploads\/2025\/01\/BIBLIOCANTO-PASTEL-MAXCRIL-2025-01-15T103712.840.png","type":"image\/png"}],"twitter_card":"summary_large_image","twitter_misc":{"Est. tempo de leitura":"2 minutos"},"schema":{"@context":"https:\/\/schema.org","@graph":[{"@type":"WebPage","@id":"https:\/\/mettapapelaria.com.br\/catalogo\/produto\/kit-cola-colorida-com-6-un-acrilex\/","url":"https:\/\/mettapapelaria.com.br\/catalogo\/produto\/kit-cola-colorida-com-6-un-acrilex\/","name":"KIT COLA COLORIDA COM 6 UN ACRILEX - Metta Papelaria","isPartOf":{"@id":"https:\/\/mettapapelaria.com.br\/catalogo\/#website"},"primaryImageOfPage":{"@id":"https:\/\/mettapapelaria.com.br\/catalogo\/produto\/kit-cola-colorida-com-6-un-acrilex\/#primaryimage"},"image":{"@id":"https:\/\/mettapapelaria.com.br\/catalogo\/produto\/kit-cola-colorida-com-6-un-acrilex\/#primaryimage"},"thumbnailUrl":"https:\/\/mettapapelaria.com.br\/catalogo\/wp-content\/uploads\/2025\/01\/BIBLIOCANTO-PASTEL-MAXCRIL-2025-01-15T103712.840.png","datePublished":"2025-01-15T13:41:34+00:00","dateModified":"2025-01-15T13:41:35+00:00","description":"A Cola Colorida Acrilex \u00e9 uma excelente op\u00e7\u00e3o para quem busca um material de artesanato vers\u00e1til e f\u00e1cil de usar.","breadcrumb":{"@id":"https:\/\/mettapapelaria.com.br\/catalogo\/produto\/kit-cola-colorida-com-6-un-acrilex\/#breadcrumb"},"inLanguage":"pt-BR","potentialAction":[{"@type":"ReadAction","target":["https:\/\/mettapapelaria.com.br\/catalogo\/produto\/kit-cola-colorida-com-6-un-acrilex\/"]}]},{"@type":"ImageObject","inLanguage":"pt-BR","@id":"https:\/\/mettapapelaria.com.br\/catalogo\/produto\/kit-cola-colorida-com-6-un-acrilex\/#primaryimage","url":"https:\/\/mettapapelaria.com.br\/catalogo\/wp-content\/uploads\/2025\/01\/BIBLIOCANTO-PASTEL-MAXCRIL-2025-01-15T103712.840.png","contentUrl":"https:\/\/mettapapelaria.com.br\/catalogo\/wp-content\/uploads\/2025\/01\/BIBLIOCANTO-PASTEL-MAXCRIL-2025-01-15T103712.840.png","width":500,"height":500},{"@type":"BreadcrumbList","@id":"https:\/\/mettapapelaria.com.br\/catalogo\/produto\/kit-cola-colorida-com-6-un-acrilex\/#breadcrumb","itemListElement":[{"@type":"ListItem","position":1,"name":"In\u00edcio","item":"https:\/\/mettapapelaria.com.br\/catalogo\/"},{"@type":"ListItem","position":2,"name":"Shop","item":"https:\/\/mettapapelaria.com.br\/catalogo\/shop\/"},{"@type":"ListItem","position":3,"name":"KIT COLA COLORIDA COM 6 UN ACRILEX"}]},{"@type":"WebSite","@id":"https:\/\/mettapapelaria.com.br\/catalogo\/#website","url":"https:\/\/mettapapelaria.com.br\/catalogo\/","name":"Metta Papelaria","description":"Materiais e equipamentos de escrit\u00f3rio, suprimentos para inform\u00e1tica, e uma diversificada linha de material escolar","publisher":{"@id":"https:\/\/mettapapelaria.com.br\/catalogo\/#organization"},"potentialAction":[{"@type":"SearchAction","target":{"@type":"EntryPoint","urlTemplate":"https:\/\/mettapapelaria.com.br\/catalogo\/?s={search_term_string}"},"query-input":{"@type":"PropertyValueSpecification","valueRequired":true,"valueName":"search_term_string"}}],"inLanguage":"pt-BR"},{"@type":"Organization","@id":"https:\/\/mettapapelaria.com.br\/catalogo\/#organization","name":"Metta Papelaria","url":"https:\/\/mettapapelaria.com.br\/catalogo\/","logo":{"@type":"ImageObject","inLanguage":"pt-BR","@id":"https:\/\/mettapapelaria.com.br\/catalogo\/#\/schema\/logo\/image\/","url":"https:\/\/mettapapelaria.com.br\/catalogo\/wp-content\/uploads\/2023\/12\/cropped-favicon-Metta_512-1.png","contentUrl":"https:\/\/mettapapelaria.com.br\/catalogo\/wp-content\/uploads\/2023\/12\/cropped-favicon-Metta_512-1.png","width":512,"height":512,"caption":"Metta Papelaria"},"image":{"@id":"https:\/\/mettapapelaria.com.br\/catalogo\/#\/schema\/logo\/image\/"},"sameAs":["https:\/\/www.facebook.com\/mettapapelaria\/","https:\/\/www.instagram.com\/papelariametta\/"]}]}},"_links":{"self":[{"href":"https:\/\/mettapapelaria.com.br\/catalogo\/wp-json\/wp\/v2\/product\/9361","targetHints":{"allow":["GET"]}}],"collection":[{"href":"https:\/\/mettapapelaria.com.br\/catalogo\/wp-json\/wp\/v2\/product"}],"about":[{"href":"https:\/\/mettapapelaria.com.br\/catalogo\/wp-json\/wp\/v2\/types\/product"}],"replies":[{"embeddable":true,"href":"https:\/\/mettapapelaria.com.br\/catalogo\/wp-json\/wp\/v2\/comments?post=9361"}],"version-history":[{"count":1,"href":"https:\/\/mettapapelaria.com.br\/catalogo\/wp-json\/wp\/v2\/product\/9361\/revisions"}],"predecessor-version":[{"id":9363,"href":"https:\/\/mettapapelaria.com.br\/catalogo\/wp-json\/wp\/v2\/product\/9361\/revisions\/9363"}],"wp:featuredmedia":[{"embeddable":true,"href":"https:\/\/mettapapelaria.com.br\/catalogo\/wp-json\/wp\/v2\/media\/9362"}],"wp:attachment":[{"href":"https:\/\/mettapapelaria.com.br\/catalogo\/wp-json\/wp\/v2\/media?parent=9361"}],"wp:term":[{"taxonomy":"brand","embeddable":true,"href":"https:\/\/mettapapelaria.com.br\/catalogo\/wp-json\/wp\/v2\/etheme_brands?post=9361"},{"taxonomy":"product_brand","embeddable":true,"href":"https:\/\/mettapapelaria.com.br\/catalogo\/wp-json\/wp\/v2\/product_brand?post=9361"},{"taxonomy":"product_cat","embeddable":true,"href":"https:\/\/mettapapelaria.com.br\/catalogo\/wp-json\/wp\/v2\/product_cat?post=9361"},{"taxonomy":"product_tag","embeddable":true,"href":"https:\/\/mettapapelaria.com.br\/catalogo\/wp-json\/wp\/v2\/product_tag?post=9361"}],"curies":[{"name":"wp","href":"https:\/\/api.w.org\/{rel}","templated":true}]}}