{"id":9304,"date":"2024-12-27T09:03:46","date_gmt":"2024-12-27T12:03:46","guid":{"rendered":"https:\/\/mettapapelaria.com.br\/catalogo\/?post_type=product&#038;p=9304"},"modified":"2024-12-27T09:03:47","modified_gmt":"2024-12-27T12:03:47","slug":"estojo-simples-sonic-leonora","status":"publish","type":"product","link":"https:\/\/mettapapelaria.com.br\/catalogo\/produto\/estojo-simples-sonic-leonora\/","title":{"rendered":"ESTOJO SIMPLES SONIC LEONORA"},"content":{"rendered":"<p>Para quem gosta de ser r\u00e1pido em organizar o material escolar, o Estojo Tubo com Patch Sonic Pacote com 6 Un Leo&amp;Leo \u00e9 a pedida certa.<br \/>\nEle vem com estampa exclusiva do Sonic e um aplique na parte frontal.<br \/>\nPossui z\u00edper para ter mais praticidade e seguran\u00e7a na hora de guardar os materiais escolares. Tamb\u00e9m tem al\u00e7a que facilita segurar e carregar para todos os lugares e puxador personalizado.<br \/>\nFuncional e compacto, ele tem capacidade para at\u00e9 55 l\u00e1pis, sem ocupar muito espa\u00e7o na mochila. Al\u00e9m disso, ele possui cores alegres e ilustra\u00e7\u00f5es vibrantes, bem com o Sonic.<br \/>\nO Estojo Tubo com Patch Sonic \u00e9 o produto essencial em sala de aula e que todo mundo vai correr para ter e aproveitar em todos os momentos.<\/p>\n","protected":false},"excerpt":{"rendered":"<p>Para quem gosta de ser r\u00e1pido em organizar o material escolar, o Estojo Tubo com Patch Sonic Pacote com 6 Un Leo&amp;Leo \u00e9 a pedida&#8230;<\/p>\n","protected":false},"featured_media":9305,"comment_status":"open","ping_status":"closed","template":"","meta":[],"etheme_brands":[],"product_brand":[],"product_cat":[518],"product_tag":[338,293,276,364,450,316,294,292,869,227,225,239,717,317,318],"class_list":{"0":"post-9304","1":"product","2":"type-product","3":"status-publish","4":"has-post-thumbnail","6":"product_cat-sem-categoria","7":"product_tag-colorido","8":"product_tag-crianca","9":"product_tag-escola","10":"product_tag-estojo","11":"product_tag-estojo-simples","12":"product_tag-estudante","13":"product_tag-infantil","14":"product_tag-kids","15":"product_tag-leo-e-leo","16":"product_tag-material-escolar","17":"product_tag-metta-papelaria","18":"product_tag-organizacao","19":"product_tag-sonic","20":"product_tag-study","21":"product_tag-volta-as-aulas","23":"first","24":"instock","25":"sold-individually","26":"shipping-taxable","27":"purchasable","28":"product-type-simple"},"yoast_head":"<!-- This site is optimized with the Yoast SEO plugin v26.9 - https:\/\/yoast.com\/product\/yoast-seo-wordpress\/ -->\n<title>ESTOJO SIMPLES SONIC LEONORA - Metta Papelaria<\/title>\n<meta name=\"description\" content=\"Para quem gosta de ser r\u00e1pido em organizar o material escolar, o Estojo Tubo com Patch Sonic Pacote com 6 Un Leo&amp;Leo \u00e9 a pedida certa.\" \/>\n<meta name=\"robots\" content=\"index, follow, max-snippet:-1, max-image-preview:large, max-video-preview:-1\" \/>\n<link rel=\"canonical\" href=\"https:\/\/mettapapelaria.com.br\/catalogo\/produto\/estojo-simples-sonic-leonora\/\" \/>\n<meta property=\"og:locale\" content=\"pt_BR\" \/>\n<meta property=\"og:type\" content=\"article\" \/>\n<meta property=\"og:title\" content=\"ESTOJO SIMPLES SONIC LEONORA - Metta Papelaria\" \/>\n<meta property=\"og:description\" content=\"Para quem gosta de ser r\u00e1pido em organizar o material escolar, o Estojo Tubo com Patch Sonic Pacote com 6 Un Leo&amp;Leo \u00e9 a pedida certa.\" \/>\n<meta property=\"og:url\" content=\"https:\/\/mettapapelaria.com.br\/catalogo\/produto\/estojo-simples-sonic-leonora\/\" \/>\n<meta property=\"og:site_name\" content=\"Metta Papelaria\" \/>\n<meta property=\"article:publisher\" content=\"https:\/\/www.facebook.com\/mettapapelaria\/\" \/>\n<meta property=\"article:modified_time\" content=\"2024-12-27T12:03:47+00:00\" \/>\n<meta property=\"og:image\" content=\"https:\/\/mettapapelaria.com.br\/catalogo\/wp-content\/uploads\/2024\/12\/Copy-of-Copy-of-Copy-of-BIBLIOCANTO-PASTEL-MAXCRIL-2024-12-27T090033.372.png\" \/>\n\t<meta property=\"og:image:width\" content=\"500\" \/>\n\t<meta property=\"og:image:height\" content=\"500\" \/>\n\t<meta property=\"og:image:type\" content=\"image\/png\" \/>\n<meta name=\"twitter:card\" content=\"summary_large_image\" \/>\n<meta name=\"twitter:label1\" content=\"Est. tempo de leitura\" \/>\n\t<meta name=\"twitter:data1\" content=\"1 minuto\" \/>\n<script type=\"application\/ld+json\" class=\"yoast-schema-graph\">{\"@context\":\"https:\/\/schema.org\",\"@graph\":[{\"@type\":\"WebPage\",\"@id\":\"https:\/\/mettapapelaria.com.br\/catalogo\/produto\/estojo-simples-sonic-leonora\/\",\"url\":\"https:\/\/mettapapelaria.com.br\/catalogo\/produto\/estojo-simples-sonic-leonora\/\",\"name\":\"ESTOJO SIMPLES SONIC LEONORA - Metta Papelaria\",\"isPartOf\":{\"@id\":\"https:\/\/mettapapelaria.com.br\/catalogo\/#website\"},\"primaryImageOfPage\":{\"@id\":\"https:\/\/mettapapelaria.com.br\/catalogo\/produto\/estojo-simples-sonic-leonora\/#primaryimage\"},\"image\":{\"@id\":\"https:\/\/mettapapelaria.com.br\/catalogo\/produto\/estojo-simples-sonic-leonora\/#primaryimage\"},\"thumbnailUrl\":\"https:\/\/mettapapelaria.com.br\/catalogo\/wp-content\/uploads\/2024\/12\/Copy-of-Copy-of-Copy-of-BIBLIOCANTO-PASTEL-MAXCRIL-2024-12-27T090033.372.png\",\"datePublished\":\"2024-12-27T12:03:46+00:00\",\"dateModified\":\"2024-12-27T12:03:47+00:00\",\"description\":\"Para quem gosta de ser r\u00e1pido em organizar o material escolar, o Estojo Tubo com Patch Sonic Pacote com 6 Un Leo&Leo \u00e9 a pedida certa.\",\"breadcrumb\":{\"@id\":\"https:\/\/mettapapelaria.com.br\/catalogo\/produto\/estojo-simples-sonic-leonora\/#breadcrumb\"},\"inLanguage\":\"pt-BR\",\"potentialAction\":[{\"@type\":\"ReadAction\",\"target\":[\"https:\/\/mettapapelaria.com.br\/catalogo\/produto\/estojo-simples-sonic-leonora\/\"]}]},{\"@type\":\"ImageObject\",\"inLanguage\":\"pt-BR\",\"@id\":\"https:\/\/mettapapelaria.com.br\/catalogo\/produto\/estojo-simples-sonic-leonora\/#primaryimage\",\"url\":\"https:\/\/mettapapelaria.com.br\/catalogo\/wp-content\/uploads\/2024\/12\/Copy-of-Copy-of-Copy-of-BIBLIOCANTO-PASTEL-MAXCRIL-2024-12-27T090033.372.png\",\"contentUrl\":\"https:\/\/mettapapelaria.com.br\/catalogo\/wp-content\/uploads\/2024\/12\/Copy-of-Copy-of-Copy-of-BIBLIOCANTO-PASTEL-MAXCRIL-2024-12-27T090033.372.png\",\"width\":500,\"height\":500},{\"@type\":\"BreadcrumbList\",\"@id\":\"https:\/\/mettapapelaria.com.br\/catalogo\/produto\/estojo-simples-sonic-leonora\/#breadcrumb\",\"itemListElement\":[{\"@type\":\"ListItem\",\"position\":1,\"name\":\"In\u00edcio\",\"item\":\"https:\/\/mettapapelaria.com.br\/catalogo\/\"},{\"@type\":\"ListItem\",\"position\":2,\"name\":\"Shop\",\"item\":\"https:\/\/mettapapelaria.com.br\/catalogo\/shop\/\"},{\"@type\":\"ListItem\",\"position\":3,\"name\":\"ESTOJO SIMPLES SONIC LEONORA\"}]},{\"@type\":\"WebSite\",\"@id\":\"https:\/\/mettapapelaria.com.br\/catalogo\/#website\",\"url\":\"https:\/\/mettapapelaria.com.br\/catalogo\/\",\"name\":\"Metta Papelaria\",\"description\":\"Materiais e equipamentos de escrit\u00f3rio, suprimentos para inform\u00e1tica, e uma diversificada linha de material escolar\",\"publisher\":{\"@id\":\"https:\/\/mettapapelaria.com.br\/catalogo\/#organization\"},\"potentialAction\":[{\"@type\":\"SearchAction\",\"target\":{\"@type\":\"EntryPoint\",\"urlTemplate\":\"https:\/\/mettapapelaria.com.br\/catalogo\/?s={search_term_string}\"},\"query-input\":{\"@type\":\"PropertyValueSpecification\",\"valueRequired\":true,\"valueName\":\"search_term_string\"}}],\"inLanguage\":\"pt-BR\"},{\"@type\":\"Organization\",\"@id\":\"https:\/\/mettapapelaria.com.br\/catalogo\/#organization\",\"name\":\"Metta Papelaria\",\"url\":\"https:\/\/mettapapelaria.com.br\/catalogo\/\",\"logo\":{\"@type\":\"ImageObject\",\"inLanguage\":\"pt-BR\",\"@id\":\"https:\/\/mettapapelaria.com.br\/catalogo\/#\/schema\/logo\/image\/\",\"url\":\"https:\/\/mettapapelaria.com.br\/catalogo\/wp-content\/uploads\/2023\/12\/cropped-favicon-Metta_512-1.png\",\"contentUrl\":\"https:\/\/mettapapelaria.com.br\/catalogo\/wp-content\/uploads\/2023\/12\/cropped-favicon-Metta_512-1.png\",\"width\":512,\"height\":512,\"caption\":\"Metta Papelaria\"},\"image\":{\"@id\":\"https:\/\/mettapapelaria.com.br\/catalogo\/#\/schema\/logo\/image\/\"},\"sameAs\":[\"https:\/\/www.facebook.com\/mettapapelaria\/\",\"https:\/\/www.instagram.com\/papelariametta\/\"]}]}<\/script>\n<!-- \/ Yoast SEO plugin. -->","yoast_head_json":{"title":"ESTOJO SIMPLES SONIC LEONORA - Metta Papelaria","description":"Para quem gosta de ser r\u00e1pido em organizar o material escolar, o Estojo Tubo com Patch Sonic Pacote com 6 Un Leo&Leo \u00e9 a pedida certa.","robots":{"index":"index","follow":"follow","max-snippet":"max-snippet:-1","max-image-preview":"max-image-preview:large","max-video-preview":"max-video-preview:-1"},"canonical":"https:\/\/mettapapelaria.com.br\/catalogo\/produto\/estojo-simples-sonic-leonora\/","og_locale":"pt_BR","og_type":"article","og_title":"ESTOJO SIMPLES SONIC LEONORA - Metta Papelaria","og_description":"Para quem gosta de ser r\u00e1pido em organizar o material escolar, o Estojo Tubo com Patch Sonic Pacote com 6 Un Leo&Leo \u00e9 a pedida certa.","og_url":"https:\/\/mettapapelaria.com.br\/catalogo\/produto\/estojo-simples-sonic-leonora\/","og_site_name":"Metta Papelaria","article_publisher":"https:\/\/www.facebook.com\/mettapapelaria\/","article_modified_time":"2024-12-27T12:03:47+00:00","og_image":[{"width":500,"height":500,"url":"https:\/\/mettapapelaria.com.br\/catalogo\/wp-content\/uploads\/2024\/12\/Copy-of-Copy-of-Copy-of-BIBLIOCANTO-PASTEL-MAXCRIL-2024-12-27T090033.372.png","type":"image\/png"}],"twitter_card":"summary_large_image","twitter_misc":{"Est. tempo de leitura":"1 minuto"},"schema":{"@context":"https:\/\/schema.org","@graph":[{"@type":"WebPage","@id":"https:\/\/mettapapelaria.com.br\/catalogo\/produto\/estojo-simples-sonic-leonora\/","url":"https:\/\/mettapapelaria.com.br\/catalogo\/produto\/estojo-simples-sonic-leonora\/","name":"ESTOJO SIMPLES SONIC LEONORA - Metta Papelaria","isPartOf":{"@id":"https:\/\/mettapapelaria.com.br\/catalogo\/#website"},"primaryImageOfPage":{"@id":"https:\/\/mettapapelaria.com.br\/catalogo\/produto\/estojo-simples-sonic-leonora\/#primaryimage"},"image":{"@id":"https:\/\/mettapapelaria.com.br\/catalogo\/produto\/estojo-simples-sonic-leonora\/#primaryimage"},"thumbnailUrl":"https:\/\/mettapapelaria.com.br\/catalogo\/wp-content\/uploads\/2024\/12\/Copy-of-Copy-of-Copy-of-BIBLIOCANTO-PASTEL-MAXCRIL-2024-12-27T090033.372.png","datePublished":"2024-12-27T12:03:46+00:00","dateModified":"2024-12-27T12:03:47+00:00","description":"Para quem gosta de ser r\u00e1pido em organizar o material escolar, o Estojo Tubo com Patch Sonic Pacote com 6 Un Leo&Leo \u00e9 a pedida certa.","breadcrumb":{"@id":"https:\/\/mettapapelaria.com.br\/catalogo\/produto\/estojo-simples-sonic-leonora\/#breadcrumb"},"inLanguage":"pt-BR","potentialAction":[{"@type":"ReadAction","target":["https:\/\/mettapapelaria.com.br\/catalogo\/produto\/estojo-simples-sonic-leonora\/"]}]},{"@type":"ImageObject","inLanguage":"pt-BR","@id":"https:\/\/mettapapelaria.com.br\/catalogo\/produto\/estojo-simples-sonic-leonora\/#primaryimage","url":"https:\/\/mettapapelaria.com.br\/catalogo\/wp-content\/uploads\/2024\/12\/Copy-of-Copy-of-Copy-of-BIBLIOCANTO-PASTEL-MAXCRIL-2024-12-27T090033.372.png","contentUrl":"https:\/\/mettapapelaria.com.br\/catalogo\/wp-content\/uploads\/2024\/12\/Copy-of-Copy-of-Copy-of-BIBLIOCANTO-PASTEL-MAXCRIL-2024-12-27T090033.372.png","width":500,"height":500},{"@type":"BreadcrumbList","@id":"https:\/\/mettapapelaria.com.br\/catalogo\/produto\/estojo-simples-sonic-leonora\/#breadcrumb","itemListElement":[{"@type":"ListItem","position":1,"name":"In\u00edcio","item":"https:\/\/mettapapelaria.com.br\/catalogo\/"},{"@type":"ListItem","position":2,"name":"Shop","item":"https:\/\/mettapapelaria.com.br\/catalogo\/shop\/"},{"@type":"ListItem","position":3,"name":"ESTOJO SIMPLES SONIC LEONORA"}]},{"@type":"WebSite","@id":"https:\/\/mettapapelaria.com.br\/catalogo\/#website","url":"https:\/\/mettapapelaria.com.br\/catalogo\/","name":"Metta Papelaria","description":"Materiais e equipamentos de escrit\u00f3rio, suprimentos para inform\u00e1tica, e uma diversificada linha de material escolar","publisher":{"@id":"https:\/\/mettapapelaria.com.br\/catalogo\/#organization"},"potentialAction":[{"@type":"SearchAction","target":{"@type":"EntryPoint","urlTemplate":"https:\/\/mettapapelaria.com.br\/catalogo\/?s={search_term_string}"},"query-input":{"@type":"PropertyValueSpecification","valueRequired":true,"valueName":"search_term_string"}}],"inLanguage":"pt-BR"},{"@type":"Organization","@id":"https:\/\/mettapapelaria.com.br\/catalogo\/#organization","name":"Metta Papelaria","url":"https:\/\/mettapapelaria.com.br\/catalogo\/","logo":{"@type":"ImageObject","inLanguage":"pt-BR","@id":"https:\/\/mettapapelaria.com.br\/catalogo\/#\/schema\/logo\/image\/","url":"https:\/\/mettapapelaria.com.br\/catalogo\/wp-content\/uploads\/2023\/12\/cropped-favicon-Metta_512-1.png","contentUrl":"https:\/\/mettapapelaria.com.br\/catalogo\/wp-content\/uploads\/2023\/12\/cropped-favicon-Metta_512-1.png","width":512,"height":512,"caption":"Metta Papelaria"},"image":{"@id":"https:\/\/mettapapelaria.com.br\/catalogo\/#\/schema\/logo\/image\/"},"sameAs":["https:\/\/www.facebook.com\/mettapapelaria\/","https:\/\/www.instagram.com\/papelariametta\/"]}]}},"_links":{"self":[{"href":"https:\/\/mettapapelaria.com.br\/catalogo\/wp-json\/wp\/v2\/product\/9304","targetHints":{"allow":["GET"]}}],"collection":[{"href":"https:\/\/mettapapelaria.com.br\/catalogo\/wp-json\/wp\/v2\/product"}],"about":[{"href":"https:\/\/mettapapelaria.com.br\/catalogo\/wp-json\/wp\/v2\/types\/product"}],"replies":[{"embeddable":true,"href":"https:\/\/mettapapelaria.com.br\/catalogo\/wp-json\/wp\/v2\/comments?post=9304"}],"version-history":[{"count":1,"href":"https:\/\/mettapapelaria.com.br\/catalogo\/wp-json\/wp\/v2\/product\/9304\/revisions"}],"predecessor-version":[{"id":9306,"href":"https:\/\/mettapapelaria.com.br\/catalogo\/wp-json\/wp\/v2\/product\/9304\/revisions\/9306"}],"wp:featuredmedia":[{"embeddable":true,"href":"https:\/\/mettapapelaria.com.br\/catalogo\/wp-json\/wp\/v2\/media\/9305"}],"wp:attachment":[{"href":"https:\/\/mettapapelaria.com.br\/catalogo\/wp-json\/wp\/v2\/media?parent=9304"}],"wp:term":[{"taxonomy":"brand","embeddable":true,"href":"https:\/\/mettapapelaria.com.br\/catalogo\/wp-json\/wp\/v2\/etheme_brands?post=9304"},{"taxonomy":"product_brand","embeddable":true,"href":"https:\/\/mettapapelaria.com.br\/catalogo\/wp-json\/wp\/v2\/product_brand?post=9304"},{"taxonomy":"product_cat","embeddable":true,"href":"https:\/\/mettapapelaria.com.br\/catalogo\/wp-json\/wp\/v2\/product_cat?post=9304"},{"taxonomy":"product_tag","embeddable":true,"href":"https:\/\/mettapapelaria.com.br\/catalogo\/wp-json\/wp\/v2\/product_tag?post=9304"}],"curies":[{"name":"wp","href":"https:\/\/api.w.org\/{rel}","templated":true}]}}