{"id":9227,"date":"2024-12-11T09:55:28","date_gmt":"2024-12-11T12:55:28","guid":{"rendered":"https:\/\/mettapapelaria.com.br\/catalogo\/?post_type=product&#038;p=9227"},"modified":"2024-12-11T09:55:29","modified_gmt":"2024-12-11T12:55:29","slug":"cola-bastao-10gr-mercur","status":"publish","type":"product","link":"https:\/\/mettapapelaria.com.br\/catalogo\/produto\/cola-bastao-10gr-mercur\/","title":{"rendered":"COLA BAST\u00c3O 10GR MERCUR"},"content":{"rendered":"<div class=\"container container__product-description\" data-content=\"product-description\">\n<div class=\"block\">\n<div class=\"container\">\n<div id=\"accordion\" class=\"product-tabs\">\n<div class=\"card\">\n<div id=\"tab-descricao1-collapse\" class=\"collapse show\" aria-labelledby=\"tab-descricao1\" data-parent=\"#accordion\">\n<div class=\"card-body\">\n<div class=\"typography\">Cola Bast\u00e3o Mercur 10 gramas, Superader\u00eancia: alto poder de colagem, desliza f\u00e1cil, cola r\u00e1pido, n\u00e3o suja e n\u00e3o enruga o papel. Oferece tempo suficiente para reposicionar a colagem antes de secar. Cola bem, mesmo alguns segundos ap\u00f3s ser aplicada no papel. Ideal para colagem de pap\u00e9is, fotos, cartolinas, tecidos e outros materiais. N\u00e3o t\u00f3xico, \u00e0 base d \u00e1gua, lav\u00e1vel.<\/div>\n<\/div>\n<\/div>\n<\/div>\n<\/div>\n<\/div>\n<\/div>\n<\/div>\n<div class=\"container container__products-carousel-grid\" data-content=\"products-carousel-grid\">\n<div class=\"col-12 col-md-12 col-lg-12 block block-products-carousel\" data-layout=\"grid-5\">\n<div class=\"block-header\"><\/div>\n<\/div>\n<\/div>\n","protected":false},"excerpt":{"rendered":"<p>Cola Bast\u00e3o Mercur 10 gramas, Superader\u00eancia: alto poder de colagem, desliza f\u00e1cil, cola r\u00e1pido, n\u00e3o suja e n\u00e3o enruga o papel. Oferece tempo suficiente para&#8230;<\/p>\n","protected":false},"featured_media":9228,"comment_status":"open","ping_status":"closed","template":"","meta":[],"etheme_brands":[{"term_id":585,"name":"Mercur","slug":"mercur","term_group":0,"term_taxonomy_id":585,"taxonomy":"brand","description":"","parent":0,"count":23,"filter":"raw"}],"product_brand":[],"product_cat":[22,89],"product_tag":[240,649,338,293,276,316,294,292,227,863,225,239,317,318],"class_list":{"0":"post-9227","1":"product","2":"type-product","3":"status-publish","4":"has-post-thumbnail","6":"brand-mercur","7":"product_cat-cola","8":"product_cat-colas-bastao","9":"product_tag-cola","10":"product_tag-cola-bastao","11":"product_tag-colorido","12":"product_tag-crianca","13":"product_tag-escola","14":"product_tag-estudante","15":"product_tag-infantil","16":"product_tag-kids","17":"product_tag-material-escolar","18":"product_tag-mercur","19":"product_tag-metta-papelaria","20":"product_tag-organizacao","21":"product_tag-study","22":"product_tag-volta-as-aulas","24":"first","25":"instock","26":"sold-individually","27":"shipping-taxable","28":"purchasable","29":"product-type-simple"},"yoast_head":"<!-- This site is optimized with the Yoast SEO plugin v26.9 - https:\/\/yoast.com\/product\/yoast-seo-wordpress\/ -->\n<title>COLA BAST\u00c3O 10GR MERCUR - Metta Papelaria<\/title>\n<meta name=\"description\" content=\"Cola Bast\u00e3o Mercur 10 gramas, Superader\u00eancia: alto poder de colagem, desliza f\u00e1cil, cola r\u00e1pido, n\u00e3o suja e n\u00e3o enruga o papel.\" \/>\n<meta name=\"robots\" content=\"index, follow, max-snippet:-1, max-image-preview:large, max-video-preview:-1\" \/>\n<link rel=\"canonical\" href=\"https:\/\/mettapapelaria.com.br\/catalogo\/produto\/cola-bastao-10gr-mercur\/\" \/>\n<meta property=\"og:locale\" content=\"pt_BR\" \/>\n<meta property=\"og:type\" content=\"article\" \/>\n<meta property=\"og:title\" content=\"COLA BAST\u00c3O 10GR MERCUR - Metta Papelaria\" \/>\n<meta property=\"og:description\" content=\"Cola Bast\u00e3o Mercur 10 gramas, Superader\u00eancia: alto poder de colagem, desliza f\u00e1cil, cola r\u00e1pido, n\u00e3o suja e n\u00e3o enruga o papel.\" \/>\n<meta property=\"og:url\" content=\"https:\/\/mettapapelaria.com.br\/catalogo\/produto\/cola-bastao-10gr-mercur\/\" \/>\n<meta property=\"og:site_name\" content=\"Metta Papelaria\" \/>\n<meta property=\"article:publisher\" content=\"https:\/\/www.facebook.com\/mettapapelaria\/\" \/>\n<meta property=\"article:modified_time\" content=\"2024-12-11T12:55:29+00:00\" \/>\n<meta property=\"og:image\" content=\"https:\/\/mettapapelaria.com.br\/catalogo\/wp-content\/uploads\/2024\/12\/Copy-of-Copy-of-Copy-of-BIBLIOCANTO-PASTEL-MAXCRIL-2024-12-11T095259.018.png\" \/>\n\t<meta property=\"og:image:width\" content=\"500\" \/>\n\t<meta property=\"og:image:height\" content=\"500\" \/>\n\t<meta property=\"og:image:type\" content=\"image\/png\" \/>\n<meta name=\"twitter:card\" content=\"summary_large_image\" \/>\n<meta name=\"twitter:label1\" content=\"Est. tempo de leitura\" \/>\n\t<meta name=\"twitter:data1\" content=\"1 minuto\" \/>\n<script type=\"application\/ld+json\" class=\"yoast-schema-graph\">{\"@context\":\"https:\/\/schema.org\",\"@graph\":[{\"@type\":\"WebPage\",\"@id\":\"https:\/\/mettapapelaria.com.br\/catalogo\/produto\/cola-bastao-10gr-mercur\/\",\"url\":\"https:\/\/mettapapelaria.com.br\/catalogo\/produto\/cola-bastao-10gr-mercur\/\",\"name\":\"COLA BAST\u00c3O 10GR MERCUR - Metta Papelaria\",\"isPartOf\":{\"@id\":\"https:\/\/mettapapelaria.com.br\/catalogo\/#website\"},\"primaryImageOfPage\":{\"@id\":\"https:\/\/mettapapelaria.com.br\/catalogo\/produto\/cola-bastao-10gr-mercur\/#primaryimage\"},\"image\":{\"@id\":\"https:\/\/mettapapelaria.com.br\/catalogo\/produto\/cola-bastao-10gr-mercur\/#primaryimage\"},\"thumbnailUrl\":\"https:\/\/mettapapelaria.com.br\/catalogo\/wp-content\/uploads\/2024\/12\/Copy-of-Copy-of-Copy-of-BIBLIOCANTO-PASTEL-MAXCRIL-2024-12-11T095259.018.png\",\"datePublished\":\"2024-12-11T12:55:28+00:00\",\"dateModified\":\"2024-12-11T12:55:29+00:00\",\"description\":\"Cola Bast\u00e3o Mercur 10 gramas, Superader\u00eancia: alto poder de colagem, desliza f\u00e1cil, cola r\u00e1pido, n\u00e3o suja e n\u00e3o enruga o papel.\",\"breadcrumb\":{\"@id\":\"https:\/\/mettapapelaria.com.br\/catalogo\/produto\/cola-bastao-10gr-mercur\/#breadcrumb\"},\"inLanguage\":\"pt-BR\",\"potentialAction\":[{\"@type\":\"ReadAction\",\"target\":[\"https:\/\/mettapapelaria.com.br\/catalogo\/produto\/cola-bastao-10gr-mercur\/\"]}]},{\"@type\":\"ImageObject\",\"inLanguage\":\"pt-BR\",\"@id\":\"https:\/\/mettapapelaria.com.br\/catalogo\/produto\/cola-bastao-10gr-mercur\/#primaryimage\",\"url\":\"https:\/\/mettapapelaria.com.br\/catalogo\/wp-content\/uploads\/2024\/12\/Copy-of-Copy-of-Copy-of-BIBLIOCANTO-PASTEL-MAXCRIL-2024-12-11T095259.018.png\",\"contentUrl\":\"https:\/\/mettapapelaria.com.br\/catalogo\/wp-content\/uploads\/2024\/12\/Copy-of-Copy-of-Copy-of-BIBLIOCANTO-PASTEL-MAXCRIL-2024-12-11T095259.018.png\",\"width\":500,\"height\":500},{\"@type\":\"BreadcrumbList\",\"@id\":\"https:\/\/mettapapelaria.com.br\/catalogo\/produto\/cola-bastao-10gr-mercur\/#breadcrumb\",\"itemListElement\":[{\"@type\":\"ListItem\",\"position\":1,\"name\":\"In\u00edcio\",\"item\":\"https:\/\/mettapapelaria.com.br\/catalogo\/\"},{\"@type\":\"ListItem\",\"position\":2,\"name\":\"Shop\",\"item\":\"https:\/\/mettapapelaria.com.br\/catalogo\/shop\/\"},{\"@type\":\"ListItem\",\"position\":3,\"name\":\"COLA BAST\u00c3O 10GR MERCUR\"}]},{\"@type\":\"WebSite\",\"@id\":\"https:\/\/mettapapelaria.com.br\/catalogo\/#website\",\"url\":\"https:\/\/mettapapelaria.com.br\/catalogo\/\",\"name\":\"Metta Papelaria\",\"description\":\"Materiais e equipamentos de escrit\u00f3rio, suprimentos para inform\u00e1tica, e uma diversificada linha de material escolar\",\"publisher\":{\"@id\":\"https:\/\/mettapapelaria.com.br\/catalogo\/#organization\"},\"potentialAction\":[{\"@type\":\"SearchAction\",\"target\":{\"@type\":\"EntryPoint\",\"urlTemplate\":\"https:\/\/mettapapelaria.com.br\/catalogo\/?s={search_term_string}\"},\"query-input\":{\"@type\":\"PropertyValueSpecification\",\"valueRequired\":true,\"valueName\":\"search_term_string\"}}],\"inLanguage\":\"pt-BR\"},{\"@type\":\"Organization\",\"@id\":\"https:\/\/mettapapelaria.com.br\/catalogo\/#organization\",\"name\":\"Metta Papelaria\",\"url\":\"https:\/\/mettapapelaria.com.br\/catalogo\/\",\"logo\":{\"@type\":\"ImageObject\",\"inLanguage\":\"pt-BR\",\"@id\":\"https:\/\/mettapapelaria.com.br\/catalogo\/#\/schema\/logo\/image\/\",\"url\":\"https:\/\/mettapapelaria.com.br\/catalogo\/wp-content\/uploads\/2023\/12\/cropped-favicon-Metta_512-1.png\",\"contentUrl\":\"https:\/\/mettapapelaria.com.br\/catalogo\/wp-content\/uploads\/2023\/12\/cropped-favicon-Metta_512-1.png\",\"width\":512,\"height\":512,\"caption\":\"Metta Papelaria\"},\"image\":{\"@id\":\"https:\/\/mettapapelaria.com.br\/catalogo\/#\/schema\/logo\/image\/\"},\"sameAs\":[\"https:\/\/www.facebook.com\/mettapapelaria\/\",\"https:\/\/www.instagram.com\/papelariametta\/\"]}]}<\/script>\n<!-- \/ Yoast SEO plugin. -->","yoast_head_json":{"title":"COLA BAST\u00c3O 10GR MERCUR - Metta Papelaria","description":"Cola Bast\u00e3o Mercur 10 gramas, Superader\u00eancia: alto poder de colagem, desliza f\u00e1cil, cola r\u00e1pido, n\u00e3o suja e n\u00e3o enruga o papel.","robots":{"index":"index","follow":"follow","max-snippet":"max-snippet:-1","max-image-preview":"max-image-preview:large","max-video-preview":"max-video-preview:-1"},"canonical":"https:\/\/mettapapelaria.com.br\/catalogo\/produto\/cola-bastao-10gr-mercur\/","og_locale":"pt_BR","og_type":"article","og_title":"COLA BAST\u00c3O 10GR MERCUR - Metta Papelaria","og_description":"Cola Bast\u00e3o Mercur 10 gramas, Superader\u00eancia: alto poder de colagem, desliza f\u00e1cil, cola r\u00e1pido, n\u00e3o suja e n\u00e3o enruga o papel.","og_url":"https:\/\/mettapapelaria.com.br\/catalogo\/produto\/cola-bastao-10gr-mercur\/","og_site_name":"Metta Papelaria","article_publisher":"https:\/\/www.facebook.com\/mettapapelaria\/","article_modified_time":"2024-12-11T12:55:29+00:00","og_image":[{"width":500,"height":500,"url":"https:\/\/mettapapelaria.com.br\/catalogo\/wp-content\/uploads\/2024\/12\/Copy-of-Copy-of-Copy-of-BIBLIOCANTO-PASTEL-MAXCRIL-2024-12-11T095259.018.png","type":"image\/png"}],"twitter_card":"summary_large_image","twitter_misc":{"Est. tempo de leitura":"1 minuto"},"schema":{"@context":"https:\/\/schema.org","@graph":[{"@type":"WebPage","@id":"https:\/\/mettapapelaria.com.br\/catalogo\/produto\/cola-bastao-10gr-mercur\/","url":"https:\/\/mettapapelaria.com.br\/catalogo\/produto\/cola-bastao-10gr-mercur\/","name":"COLA BAST\u00c3O 10GR MERCUR - Metta Papelaria","isPartOf":{"@id":"https:\/\/mettapapelaria.com.br\/catalogo\/#website"},"primaryImageOfPage":{"@id":"https:\/\/mettapapelaria.com.br\/catalogo\/produto\/cola-bastao-10gr-mercur\/#primaryimage"},"image":{"@id":"https:\/\/mettapapelaria.com.br\/catalogo\/produto\/cola-bastao-10gr-mercur\/#primaryimage"},"thumbnailUrl":"https:\/\/mettapapelaria.com.br\/catalogo\/wp-content\/uploads\/2024\/12\/Copy-of-Copy-of-Copy-of-BIBLIOCANTO-PASTEL-MAXCRIL-2024-12-11T095259.018.png","datePublished":"2024-12-11T12:55:28+00:00","dateModified":"2024-12-11T12:55:29+00:00","description":"Cola Bast\u00e3o Mercur 10 gramas, Superader\u00eancia: alto poder de colagem, desliza f\u00e1cil, cola r\u00e1pido, n\u00e3o suja e n\u00e3o enruga o papel.","breadcrumb":{"@id":"https:\/\/mettapapelaria.com.br\/catalogo\/produto\/cola-bastao-10gr-mercur\/#breadcrumb"},"inLanguage":"pt-BR","potentialAction":[{"@type":"ReadAction","target":["https:\/\/mettapapelaria.com.br\/catalogo\/produto\/cola-bastao-10gr-mercur\/"]}]},{"@type":"ImageObject","inLanguage":"pt-BR","@id":"https:\/\/mettapapelaria.com.br\/catalogo\/produto\/cola-bastao-10gr-mercur\/#primaryimage","url":"https:\/\/mettapapelaria.com.br\/catalogo\/wp-content\/uploads\/2024\/12\/Copy-of-Copy-of-Copy-of-BIBLIOCANTO-PASTEL-MAXCRIL-2024-12-11T095259.018.png","contentUrl":"https:\/\/mettapapelaria.com.br\/catalogo\/wp-content\/uploads\/2024\/12\/Copy-of-Copy-of-Copy-of-BIBLIOCANTO-PASTEL-MAXCRIL-2024-12-11T095259.018.png","width":500,"height":500},{"@type":"BreadcrumbList","@id":"https:\/\/mettapapelaria.com.br\/catalogo\/produto\/cola-bastao-10gr-mercur\/#breadcrumb","itemListElement":[{"@type":"ListItem","position":1,"name":"In\u00edcio","item":"https:\/\/mettapapelaria.com.br\/catalogo\/"},{"@type":"ListItem","position":2,"name":"Shop","item":"https:\/\/mettapapelaria.com.br\/catalogo\/shop\/"},{"@type":"ListItem","position":3,"name":"COLA BAST\u00c3O 10GR MERCUR"}]},{"@type":"WebSite","@id":"https:\/\/mettapapelaria.com.br\/catalogo\/#website","url":"https:\/\/mettapapelaria.com.br\/catalogo\/","name":"Metta Papelaria","description":"Materiais e equipamentos de escrit\u00f3rio, suprimentos para inform\u00e1tica, e uma diversificada linha de material escolar","publisher":{"@id":"https:\/\/mettapapelaria.com.br\/catalogo\/#organization"},"potentialAction":[{"@type":"SearchAction","target":{"@type":"EntryPoint","urlTemplate":"https:\/\/mettapapelaria.com.br\/catalogo\/?s={search_term_string}"},"query-input":{"@type":"PropertyValueSpecification","valueRequired":true,"valueName":"search_term_string"}}],"inLanguage":"pt-BR"},{"@type":"Organization","@id":"https:\/\/mettapapelaria.com.br\/catalogo\/#organization","name":"Metta Papelaria","url":"https:\/\/mettapapelaria.com.br\/catalogo\/","logo":{"@type":"ImageObject","inLanguage":"pt-BR","@id":"https:\/\/mettapapelaria.com.br\/catalogo\/#\/schema\/logo\/image\/","url":"https:\/\/mettapapelaria.com.br\/catalogo\/wp-content\/uploads\/2023\/12\/cropped-favicon-Metta_512-1.png","contentUrl":"https:\/\/mettapapelaria.com.br\/catalogo\/wp-content\/uploads\/2023\/12\/cropped-favicon-Metta_512-1.png","width":512,"height":512,"caption":"Metta Papelaria"},"image":{"@id":"https:\/\/mettapapelaria.com.br\/catalogo\/#\/schema\/logo\/image\/"},"sameAs":["https:\/\/www.facebook.com\/mettapapelaria\/","https:\/\/www.instagram.com\/papelariametta\/"]}]}},"_links":{"self":[{"href":"https:\/\/mettapapelaria.com.br\/catalogo\/wp-json\/wp\/v2\/product\/9227","targetHints":{"allow":["GET"]}}],"collection":[{"href":"https:\/\/mettapapelaria.com.br\/catalogo\/wp-json\/wp\/v2\/product"}],"about":[{"href":"https:\/\/mettapapelaria.com.br\/catalogo\/wp-json\/wp\/v2\/types\/product"}],"replies":[{"embeddable":true,"href":"https:\/\/mettapapelaria.com.br\/catalogo\/wp-json\/wp\/v2\/comments?post=9227"}],"version-history":[{"count":1,"href":"https:\/\/mettapapelaria.com.br\/catalogo\/wp-json\/wp\/v2\/product\/9227\/revisions"}],"predecessor-version":[{"id":9229,"href":"https:\/\/mettapapelaria.com.br\/catalogo\/wp-json\/wp\/v2\/product\/9227\/revisions\/9229"}],"wp:featuredmedia":[{"embeddable":true,"href":"https:\/\/mettapapelaria.com.br\/catalogo\/wp-json\/wp\/v2\/media\/9228"}],"wp:attachment":[{"href":"https:\/\/mettapapelaria.com.br\/catalogo\/wp-json\/wp\/v2\/media?parent=9227"}],"wp:term":[{"taxonomy":"brand","embeddable":true,"href":"https:\/\/mettapapelaria.com.br\/catalogo\/wp-json\/wp\/v2\/etheme_brands?post=9227"},{"taxonomy":"product_brand","embeddable":true,"href":"https:\/\/mettapapelaria.com.br\/catalogo\/wp-json\/wp\/v2\/product_brand?post=9227"},{"taxonomy":"product_cat","embeddable":true,"href":"https:\/\/mettapapelaria.com.br\/catalogo\/wp-json\/wp\/v2\/product_cat?post=9227"},{"taxonomy":"product_tag","embeddable":true,"href":"https:\/\/mettapapelaria.com.br\/catalogo\/wp-json\/wp\/v2\/product_tag?post=9227"}],"curies":[{"name":"wp","href":"https:\/\/api.w.org\/{rel}","templated":true}]}}