{"id":9217,"date":"2024-12-11T09:41:17","date_gmt":"2024-12-11T12:41:17","guid":{"rendered":"https:\/\/mettapapelaria.com.br\/catalogo\/?post_type=product&#038;p=9217"},"modified":"2024-12-11T09:41:18","modified_gmt":"2024-12-11T12:41:18","slug":"corretivo-liquido-mercur","status":"publish","type":"product","link":"https:\/\/mettapapelaria.com.br\/catalogo\/produto\/corretivo-liquido-mercur\/","title":{"rendered":"CORRETIVO L\u00cdQUIDO MERCUR"},"content":{"rendered":"<p>O Corretivo L\u00edquido 18ml da Mercur \u00e9 a solu\u00e7\u00e3o ideal para quem busca efici\u00eancia e praticidade na hora de corrigir seus escritos! Com uma cobertura incr\u00edvel, ele se espalha facilmente, permitindo que voc\u00ea use menos produto para cobrir uma \u00e1rea maior. \u00c9 como se fosse uma pintura: uma dem\u00e3o e t\u00e1 tudo certo! Compacto e leve, com medidas de 2,8 x 6,8 cm e pesando apenas 38g, ele \u00e9 perfeito para levar na mochila ou na bolsa. Feito com resina, \u00e1gua e conservantes, garante qualidade para suas corre\u00e7\u00f5es. N\u00e3o deixe suas anota\u00e7\u00f5es bagun\u00e7adas, adquira j\u00e1 o seu Corretivo L\u00edquido Mercur e fa\u00e7a suas corre\u00e7\u00f5es com estilo!<\/p>\n","protected":false},"excerpt":{"rendered":"<p>O Corretivo L\u00edquido 18ml da Mercur \u00e9 a solu\u00e7\u00e3o ideal para quem busca efici\u00eancia e praticidade na hora de corrigir seus escritos! Com uma cobertura&#8230;<\/p>\n","protected":false},"featured_media":9218,"comment_status":"open","ping_status":"closed","template":"","meta":[],"etheme_brands":[{"term_id":585,"name":"Mercur","slug":"mercur","term_group":0,"term_taxonomy_id":585,"taxonomy":"brand","description":"","parent":0,"count":23,"filter":"raw"}],"product_brand":[],"product_cat":[72,102],"product_tag":[338,397,579,580,293,396,276,316,395,294,292,227,863,225,239,317,318],"class_list":{"0":"post-9217","1":"product","2":"type-product","3":"status-publish","4":"has-post-thumbnail","6":"brand-mercur","7":"product_cat-corretivos","8":"product_cat-corretivos-liquidos","9":"product_tag-colorido","10":"product_tag-cores-pasteis","11":"product_tag-corretivo","12":"product_tag-corretivo-liquido","13":"product_tag-crianca","14":"product_tag-cute","15":"product_tag-escola","16":"product_tag-estudante","17":"product_tag-fofo","18":"product_tag-infantil","19":"product_tag-kids","20":"product_tag-material-escolar","21":"product_tag-mercur","22":"product_tag-metta-papelaria","23":"product_tag-organizacao","24":"product_tag-study","25":"product_tag-volta-as-aulas","27":"first","28":"instock","29":"sold-individually","30":"shipping-taxable","31":"purchasable","32":"product-type-simple"},"yoast_head":"<!-- This site is optimized with the Yoast SEO plugin v26.9 - https:\/\/yoast.com\/product\/yoast-seo-wordpress\/ -->\n<title>CORRETIVO L\u00cdQUIDO MERCUR - Metta Papelaria<\/title>\n<meta name=\"description\" content=\"O Corretivo L\u00edquido 18ml da Mercur \u00e9 a solu\u00e7\u00e3o ideal para quem busca efici\u00eancia e praticidade na hora de corrigir seus escritos!\" \/>\n<meta name=\"robots\" content=\"index, follow, max-snippet:-1, max-image-preview:large, max-video-preview:-1\" \/>\n<link rel=\"canonical\" href=\"https:\/\/mettapapelaria.com.br\/catalogo\/produto\/corretivo-liquido-mercur\/\" \/>\n<meta property=\"og:locale\" content=\"pt_BR\" \/>\n<meta property=\"og:type\" content=\"article\" \/>\n<meta property=\"og:title\" content=\"CORRETIVO L\u00cdQUIDO MERCUR - Metta Papelaria\" \/>\n<meta property=\"og:description\" content=\"O Corretivo L\u00edquido 18ml da Mercur \u00e9 a solu\u00e7\u00e3o ideal para quem busca efici\u00eancia e praticidade na hora de corrigir seus escritos!\" \/>\n<meta property=\"og:url\" content=\"https:\/\/mettapapelaria.com.br\/catalogo\/produto\/corretivo-liquido-mercur\/\" \/>\n<meta property=\"og:site_name\" content=\"Metta Papelaria\" \/>\n<meta property=\"article:publisher\" content=\"https:\/\/www.facebook.com\/mettapapelaria\/\" \/>\n<meta property=\"article:modified_time\" content=\"2024-12-11T12:41:18+00:00\" \/>\n<meta property=\"og:image\" content=\"https:\/\/mettapapelaria.com.br\/catalogo\/wp-content\/uploads\/2024\/12\/Copy-of-Copy-of-Copy-of-BIBLIOCANTO-PASTEL-MAXCRIL-2024-12-11T093835.711.png\" \/>\n\t<meta property=\"og:image:width\" content=\"500\" \/>\n\t<meta property=\"og:image:height\" content=\"500\" \/>\n\t<meta property=\"og:image:type\" content=\"image\/png\" \/>\n<meta name=\"twitter:card\" content=\"summary_large_image\" \/>\n<meta name=\"twitter:label1\" content=\"Est. tempo de leitura\" \/>\n\t<meta name=\"twitter:data1\" content=\"1 minuto\" \/>\n<script type=\"application\/ld+json\" class=\"yoast-schema-graph\">{\"@context\":\"https:\/\/schema.org\",\"@graph\":[{\"@type\":\"WebPage\",\"@id\":\"https:\/\/mettapapelaria.com.br\/catalogo\/produto\/corretivo-liquido-mercur\/\",\"url\":\"https:\/\/mettapapelaria.com.br\/catalogo\/produto\/corretivo-liquido-mercur\/\",\"name\":\"CORRETIVO L\u00cdQUIDO MERCUR - Metta Papelaria\",\"isPartOf\":{\"@id\":\"https:\/\/mettapapelaria.com.br\/catalogo\/#website\"},\"primaryImageOfPage\":{\"@id\":\"https:\/\/mettapapelaria.com.br\/catalogo\/produto\/corretivo-liquido-mercur\/#primaryimage\"},\"image\":{\"@id\":\"https:\/\/mettapapelaria.com.br\/catalogo\/produto\/corretivo-liquido-mercur\/#primaryimage\"},\"thumbnailUrl\":\"https:\/\/mettapapelaria.com.br\/catalogo\/wp-content\/uploads\/2024\/12\/Copy-of-Copy-of-Copy-of-BIBLIOCANTO-PASTEL-MAXCRIL-2024-12-11T093835.711.png\",\"datePublished\":\"2024-12-11T12:41:17+00:00\",\"dateModified\":\"2024-12-11T12:41:18+00:00\",\"description\":\"O Corretivo L\u00edquido 18ml da Mercur \u00e9 a solu\u00e7\u00e3o ideal para quem busca efici\u00eancia e praticidade na hora de corrigir seus escritos!\",\"breadcrumb\":{\"@id\":\"https:\/\/mettapapelaria.com.br\/catalogo\/produto\/corretivo-liquido-mercur\/#breadcrumb\"},\"inLanguage\":\"pt-BR\",\"potentialAction\":[{\"@type\":\"ReadAction\",\"target\":[\"https:\/\/mettapapelaria.com.br\/catalogo\/produto\/corretivo-liquido-mercur\/\"]}]},{\"@type\":\"ImageObject\",\"inLanguage\":\"pt-BR\",\"@id\":\"https:\/\/mettapapelaria.com.br\/catalogo\/produto\/corretivo-liquido-mercur\/#primaryimage\",\"url\":\"https:\/\/mettapapelaria.com.br\/catalogo\/wp-content\/uploads\/2024\/12\/Copy-of-Copy-of-Copy-of-BIBLIOCANTO-PASTEL-MAXCRIL-2024-12-11T093835.711.png\",\"contentUrl\":\"https:\/\/mettapapelaria.com.br\/catalogo\/wp-content\/uploads\/2024\/12\/Copy-of-Copy-of-Copy-of-BIBLIOCANTO-PASTEL-MAXCRIL-2024-12-11T093835.711.png\",\"width\":500,\"height\":500},{\"@type\":\"BreadcrumbList\",\"@id\":\"https:\/\/mettapapelaria.com.br\/catalogo\/produto\/corretivo-liquido-mercur\/#breadcrumb\",\"itemListElement\":[{\"@type\":\"ListItem\",\"position\":1,\"name\":\"In\u00edcio\",\"item\":\"https:\/\/mettapapelaria.com.br\/catalogo\/\"},{\"@type\":\"ListItem\",\"position\":2,\"name\":\"Shop\",\"item\":\"https:\/\/mettapapelaria.com.br\/catalogo\/shop\/\"},{\"@type\":\"ListItem\",\"position\":3,\"name\":\"CORRETIVO L\u00cdQUIDO MERCUR\"}]},{\"@type\":\"WebSite\",\"@id\":\"https:\/\/mettapapelaria.com.br\/catalogo\/#website\",\"url\":\"https:\/\/mettapapelaria.com.br\/catalogo\/\",\"name\":\"Metta Papelaria\",\"description\":\"Materiais e equipamentos de escrit\u00f3rio, suprimentos para inform\u00e1tica, e uma diversificada linha de material escolar\",\"publisher\":{\"@id\":\"https:\/\/mettapapelaria.com.br\/catalogo\/#organization\"},\"potentialAction\":[{\"@type\":\"SearchAction\",\"target\":{\"@type\":\"EntryPoint\",\"urlTemplate\":\"https:\/\/mettapapelaria.com.br\/catalogo\/?s={search_term_string}\"},\"query-input\":{\"@type\":\"PropertyValueSpecification\",\"valueRequired\":true,\"valueName\":\"search_term_string\"}}],\"inLanguage\":\"pt-BR\"},{\"@type\":\"Organization\",\"@id\":\"https:\/\/mettapapelaria.com.br\/catalogo\/#organization\",\"name\":\"Metta Papelaria\",\"url\":\"https:\/\/mettapapelaria.com.br\/catalogo\/\",\"logo\":{\"@type\":\"ImageObject\",\"inLanguage\":\"pt-BR\",\"@id\":\"https:\/\/mettapapelaria.com.br\/catalogo\/#\/schema\/logo\/image\/\",\"url\":\"https:\/\/mettapapelaria.com.br\/catalogo\/wp-content\/uploads\/2023\/12\/cropped-favicon-Metta_512-1.png\",\"contentUrl\":\"https:\/\/mettapapelaria.com.br\/catalogo\/wp-content\/uploads\/2023\/12\/cropped-favicon-Metta_512-1.png\",\"width\":512,\"height\":512,\"caption\":\"Metta Papelaria\"},\"image\":{\"@id\":\"https:\/\/mettapapelaria.com.br\/catalogo\/#\/schema\/logo\/image\/\"},\"sameAs\":[\"https:\/\/www.facebook.com\/mettapapelaria\/\",\"https:\/\/www.instagram.com\/papelariametta\/\"]}]}<\/script>\n<!-- \/ Yoast SEO plugin. -->","yoast_head_json":{"title":"CORRETIVO L\u00cdQUIDO MERCUR - Metta Papelaria","description":"O Corretivo L\u00edquido 18ml da Mercur \u00e9 a solu\u00e7\u00e3o ideal para quem busca efici\u00eancia e praticidade na hora de corrigir seus escritos!","robots":{"index":"index","follow":"follow","max-snippet":"max-snippet:-1","max-image-preview":"max-image-preview:large","max-video-preview":"max-video-preview:-1"},"canonical":"https:\/\/mettapapelaria.com.br\/catalogo\/produto\/corretivo-liquido-mercur\/","og_locale":"pt_BR","og_type":"article","og_title":"CORRETIVO L\u00cdQUIDO MERCUR - Metta Papelaria","og_description":"O Corretivo L\u00edquido 18ml da Mercur \u00e9 a solu\u00e7\u00e3o ideal para quem busca efici\u00eancia e praticidade na hora de corrigir seus escritos!","og_url":"https:\/\/mettapapelaria.com.br\/catalogo\/produto\/corretivo-liquido-mercur\/","og_site_name":"Metta Papelaria","article_publisher":"https:\/\/www.facebook.com\/mettapapelaria\/","article_modified_time":"2024-12-11T12:41:18+00:00","og_image":[{"width":500,"height":500,"url":"https:\/\/mettapapelaria.com.br\/catalogo\/wp-content\/uploads\/2024\/12\/Copy-of-Copy-of-Copy-of-BIBLIOCANTO-PASTEL-MAXCRIL-2024-12-11T093835.711.png","type":"image\/png"}],"twitter_card":"summary_large_image","twitter_misc":{"Est. tempo de leitura":"1 minuto"},"schema":{"@context":"https:\/\/schema.org","@graph":[{"@type":"WebPage","@id":"https:\/\/mettapapelaria.com.br\/catalogo\/produto\/corretivo-liquido-mercur\/","url":"https:\/\/mettapapelaria.com.br\/catalogo\/produto\/corretivo-liquido-mercur\/","name":"CORRETIVO L\u00cdQUIDO MERCUR - Metta Papelaria","isPartOf":{"@id":"https:\/\/mettapapelaria.com.br\/catalogo\/#website"},"primaryImageOfPage":{"@id":"https:\/\/mettapapelaria.com.br\/catalogo\/produto\/corretivo-liquido-mercur\/#primaryimage"},"image":{"@id":"https:\/\/mettapapelaria.com.br\/catalogo\/produto\/corretivo-liquido-mercur\/#primaryimage"},"thumbnailUrl":"https:\/\/mettapapelaria.com.br\/catalogo\/wp-content\/uploads\/2024\/12\/Copy-of-Copy-of-Copy-of-BIBLIOCANTO-PASTEL-MAXCRIL-2024-12-11T093835.711.png","datePublished":"2024-12-11T12:41:17+00:00","dateModified":"2024-12-11T12:41:18+00:00","description":"O Corretivo L\u00edquido 18ml da Mercur \u00e9 a solu\u00e7\u00e3o ideal para quem busca efici\u00eancia e praticidade na hora de corrigir seus escritos!","breadcrumb":{"@id":"https:\/\/mettapapelaria.com.br\/catalogo\/produto\/corretivo-liquido-mercur\/#breadcrumb"},"inLanguage":"pt-BR","potentialAction":[{"@type":"ReadAction","target":["https:\/\/mettapapelaria.com.br\/catalogo\/produto\/corretivo-liquido-mercur\/"]}]},{"@type":"ImageObject","inLanguage":"pt-BR","@id":"https:\/\/mettapapelaria.com.br\/catalogo\/produto\/corretivo-liquido-mercur\/#primaryimage","url":"https:\/\/mettapapelaria.com.br\/catalogo\/wp-content\/uploads\/2024\/12\/Copy-of-Copy-of-Copy-of-BIBLIOCANTO-PASTEL-MAXCRIL-2024-12-11T093835.711.png","contentUrl":"https:\/\/mettapapelaria.com.br\/catalogo\/wp-content\/uploads\/2024\/12\/Copy-of-Copy-of-Copy-of-BIBLIOCANTO-PASTEL-MAXCRIL-2024-12-11T093835.711.png","width":500,"height":500},{"@type":"BreadcrumbList","@id":"https:\/\/mettapapelaria.com.br\/catalogo\/produto\/corretivo-liquido-mercur\/#breadcrumb","itemListElement":[{"@type":"ListItem","position":1,"name":"In\u00edcio","item":"https:\/\/mettapapelaria.com.br\/catalogo\/"},{"@type":"ListItem","position":2,"name":"Shop","item":"https:\/\/mettapapelaria.com.br\/catalogo\/shop\/"},{"@type":"ListItem","position":3,"name":"CORRETIVO L\u00cdQUIDO MERCUR"}]},{"@type":"WebSite","@id":"https:\/\/mettapapelaria.com.br\/catalogo\/#website","url":"https:\/\/mettapapelaria.com.br\/catalogo\/","name":"Metta Papelaria","description":"Materiais e equipamentos de escrit\u00f3rio, suprimentos para inform\u00e1tica, e uma diversificada linha de material escolar","publisher":{"@id":"https:\/\/mettapapelaria.com.br\/catalogo\/#organization"},"potentialAction":[{"@type":"SearchAction","target":{"@type":"EntryPoint","urlTemplate":"https:\/\/mettapapelaria.com.br\/catalogo\/?s={search_term_string}"},"query-input":{"@type":"PropertyValueSpecification","valueRequired":true,"valueName":"search_term_string"}}],"inLanguage":"pt-BR"},{"@type":"Organization","@id":"https:\/\/mettapapelaria.com.br\/catalogo\/#organization","name":"Metta Papelaria","url":"https:\/\/mettapapelaria.com.br\/catalogo\/","logo":{"@type":"ImageObject","inLanguage":"pt-BR","@id":"https:\/\/mettapapelaria.com.br\/catalogo\/#\/schema\/logo\/image\/","url":"https:\/\/mettapapelaria.com.br\/catalogo\/wp-content\/uploads\/2023\/12\/cropped-favicon-Metta_512-1.png","contentUrl":"https:\/\/mettapapelaria.com.br\/catalogo\/wp-content\/uploads\/2023\/12\/cropped-favicon-Metta_512-1.png","width":512,"height":512,"caption":"Metta Papelaria"},"image":{"@id":"https:\/\/mettapapelaria.com.br\/catalogo\/#\/schema\/logo\/image\/"},"sameAs":["https:\/\/www.facebook.com\/mettapapelaria\/","https:\/\/www.instagram.com\/papelariametta\/"]}]}},"_links":{"self":[{"href":"https:\/\/mettapapelaria.com.br\/catalogo\/wp-json\/wp\/v2\/product\/9217","targetHints":{"allow":["GET"]}}],"collection":[{"href":"https:\/\/mettapapelaria.com.br\/catalogo\/wp-json\/wp\/v2\/product"}],"about":[{"href":"https:\/\/mettapapelaria.com.br\/catalogo\/wp-json\/wp\/v2\/types\/product"}],"replies":[{"embeddable":true,"href":"https:\/\/mettapapelaria.com.br\/catalogo\/wp-json\/wp\/v2\/comments?post=9217"}],"version-history":[{"count":1,"href":"https:\/\/mettapapelaria.com.br\/catalogo\/wp-json\/wp\/v2\/product\/9217\/revisions"}],"predecessor-version":[{"id":9220,"href":"https:\/\/mettapapelaria.com.br\/catalogo\/wp-json\/wp\/v2\/product\/9217\/revisions\/9220"}],"wp:featuredmedia":[{"embeddable":true,"href":"https:\/\/mettapapelaria.com.br\/catalogo\/wp-json\/wp\/v2\/media\/9218"}],"wp:attachment":[{"href":"https:\/\/mettapapelaria.com.br\/catalogo\/wp-json\/wp\/v2\/media?parent=9217"}],"wp:term":[{"taxonomy":"brand","embeddable":true,"href":"https:\/\/mettapapelaria.com.br\/catalogo\/wp-json\/wp\/v2\/etheme_brands?post=9217"},{"taxonomy":"product_brand","embeddable":true,"href":"https:\/\/mettapapelaria.com.br\/catalogo\/wp-json\/wp\/v2\/product_brand?post=9217"},{"taxonomy":"product_cat","embeddable":true,"href":"https:\/\/mettapapelaria.com.br\/catalogo\/wp-json\/wp\/v2\/product_cat?post=9217"},{"taxonomy":"product_tag","embeddable":true,"href":"https:\/\/mettapapelaria.com.br\/catalogo\/wp-json\/wp\/v2\/product_tag?post=9217"}],"curies":[{"name":"wp","href":"https:\/\/api.w.org\/{rel}","templated":true}]}}