{"id":9211,"date":"2024-12-11T09:32:36","date_gmt":"2024-12-11T12:32:36","guid":{"rendered":"https:\/\/mettapapelaria.com.br\/catalogo\/?post_type=product&#038;p=9211"},"modified":"2024-12-11T09:32:37","modified_gmt":"2024-12-11T12:32:37","slug":"cola-branca-90gr-escolar-mercur","status":"publish","type":"product","link":"https:\/\/mettapapelaria.com.br\/catalogo\/produto\/cola-branca-90gr-escolar-mercur\/","title":{"rendered":"COLA BRANCA 90GR ESCOLAR MERCUR"},"content":{"rendered":"<p><span style=\"font-family: Comic Sans MS\">A Cola Branca M\u00e1gicas 90g da Mercur \u00e9 a solu\u00e7\u00e3o perfeita para projetos escolares, art\u00edsticos e profissionais que exigem uma fixa\u00e7\u00e3o segura e eficiente. Com sua f\u00f3rmula de alta qualidade, essa cola proporciona uma colagem r\u00e1pida e dur\u00e1vel em pap\u00e9is, cartolinas, tecidos e outros materiais leves. A embalagem pr\u00e1tica de 90g \u00e9 ideal para uso frequente, oferecendo o equil\u00edbrio perfeito entre quantidade e economia.<\/span><\/p>\n<p><span style=\"font-family: Comic Sans MS\">Perfeita para atividades criativas, a Cola M\u00e1gicas Mercur \u00e9 f\u00e1cil de aplicar e limpa, sem deixar res\u00edduos indesejados, permitindo que crian\u00e7as e adultos soltem a imagina\u00e7\u00e3o em projetos manuais com total seguran\u00e7a.<\/span><\/p>\n","protected":false},"excerpt":{"rendered":"<p>A Cola Branca M\u00e1gicas 90g da Mercur \u00e9 a solu\u00e7\u00e3o perfeita para projetos escolares, art\u00edsticos e profissionais que exigem uma fixa\u00e7\u00e3o segura e eficiente. Com&#8230;<\/p>\n","protected":false},"featured_media":9212,"comment_status":"open","ping_status":"closed","template":"","meta":[],"etheme_brands":[{"term_id":585,"name":"Mercur","slug":"mercur","term_group":0,"term_taxonomy_id":585,"taxonomy":"brand","description":"","parent":0,"count":23,"filter":"raw"}],"product_brand":[],"product_cat":[22,90],"product_tag":[240,864,865,338,397,293,396,276,316,275,395,294,292,227,863,225,239,317,318],"class_list":{"0":"post-9211","1":"product","2":"type-product","3":"status-publish","4":"has-post-thumbnail","6":"brand-mercur","7":"product_cat-cola","8":"product_cat-colas-liquidas","9":"product_tag-cola","10":"product_tag-cola-branca","11":"product_tag-cola-liquida","12":"product_tag-colorido","13":"product_tag-cores-pasteis","14":"product_tag-crianca","15":"product_tag-cute","16":"product_tag-escola","17":"product_tag-estudante","18":"product_tag-faculdade","19":"product_tag-fofo","20":"product_tag-infantil","21":"product_tag-kids","22":"product_tag-material-escolar","23":"product_tag-mercur","24":"product_tag-metta-papelaria","25":"product_tag-organizacao","26":"product_tag-study","27":"product_tag-volta-as-aulas","29":"first","30":"instock","31":"sold-individually","32":"shipping-taxable","33":"purchasable","34":"product-type-simple"},"yoast_head":"<!-- This site is optimized with the Yoast SEO plugin v26.9 - https:\/\/yoast.com\/product\/yoast-seo-wordpress\/ -->\n<title>COLA BRANCA 90GR ESCOLAR MERCUR - Metta Papelaria<\/title>\n<meta name=\"description\" content=\"A Cola Branca M\u00e1gicas 90g da Mercur \u00e9 a solu\u00e7\u00e3o perfeita para projetos escolares, art\u00edsticos e profissionais que exigem uma fixa\u00e7\u00e3o segura e eficiente.\" \/>\n<meta name=\"robots\" content=\"index, follow, max-snippet:-1, max-image-preview:large, max-video-preview:-1\" \/>\n<link rel=\"canonical\" href=\"https:\/\/mettapapelaria.com.br\/catalogo\/produto\/cola-branca-90gr-escolar-mercur\/\" \/>\n<meta property=\"og:locale\" content=\"pt_BR\" \/>\n<meta property=\"og:type\" content=\"article\" \/>\n<meta property=\"og:title\" content=\"COLA BRANCA 90GR ESCOLAR MERCUR - Metta Papelaria\" \/>\n<meta property=\"og:description\" content=\"A Cola Branca M\u00e1gicas 90g da Mercur \u00e9 a solu\u00e7\u00e3o perfeita para projetos escolares, art\u00edsticos e profissionais que exigem uma fixa\u00e7\u00e3o segura e eficiente.\" \/>\n<meta property=\"og:url\" content=\"https:\/\/mettapapelaria.com.br\/catalogo\/produto\/cola-branca-90gr-escolar-mercur\/\" \/>\n<meta property=\"og:site_name\" content=\"Metta Papelaria\" \/>\n<meta property=\"article:publisher\" content=\"https:\/\/www.facebook.com\/mettapapelaria\/\" \/>\n<meta property=\"article:modified_time\" content=\"2024-12-11T12:32:37+00:00\" \/>\n<meta property=\"og:image\" content=\"https:\/\/mettapapelaria.com.br\/catalogo\/wp-content\/uploads\/2024\/12\/Copy-of-Copy-of-Copy-of-BIBLIOCANTO-PASTEL-MAXCRIL-98.png\" \/>\n\t<meta property=\"og:image:width\" content=\"500\" \/>\n\t<meta property=\"og:image:height\" content=\"500\" \/>\n\t<meta property=\"og:image:type\" content=\"image\/png\" \/>\n<meta name=\"twitter:card\" content=\"summary_large_image\" \/>\n<meta name=\"twitter:label1\" content=\"Est. tempo de leitura\" \/>\n\t<meta name=\"twitter:data1\" content=\"1 minuto\" \/>\n<script type=\"application\/ld+json\" class=\"yoast-schema-graph\">{\"@context\":\"https:\/\/schema.org\",\"@graph\":[{\"@type\":\"WebPage\",\"@id\":\"https:\/\/mettapapelaria.com.br\/catalogo\/produto\/cola-branca-90gr-escolar-mercur\/\",\"url\":\"https:\/\/mettapapelaria.com.br\/catalogo\/produto\/cola-branca-90gr-escolar-mercur\/\",\"name\":\"COLA BRANCA 90GR ESCOLAR MERCUR - Metta Papelaria\",\"isPartOf\":{\"@id\":\"https:\/\/mettapapelaria.com.br\/catalogo\/#website\"},\"primaryImageOfPage\":{\"@id\":\"https:\/\/mettapapelaria.com.br\/catalogo\/produto\/cola-branca-90gr-escolar-mercur\/#primaryimage\"},\"image\":{\"@id\":\"https:\/\/mettapapelaria.com.br\/catalogo\/produto\/cola-branca-90gr-escolar-mercur\/#primaryimage\"},\"thumbnailUrl\":\"https:\/\/mettapapelaria.com.br\/catalogo\/wp-content\/uploads\/2024\/12\/Copy-of-Copy-of-Copy-of-BIBLIOCANTO-PASTEL-MAXCRIL-98.png\",\"datePublished\":\"2024-12-11T12:32:36+00:00\",\"dateModified\":\"2024-12-11T12:32:37+00:00\",\"description\":\"A Cola Branca M\u00e1gicas 90g da Mercur \u00e9 a solu\u00e7\u00e3o perfeita para projetos escolares, art\u00edsticos e profissionais que exigem uma fixa\u00e7\u00e3o segura e eficiente.\",\"breadcrumb\":{\"@id\":\"https:\/\/mettapapelaria.com.br\/catalogo\/produto\/cola-branca-90gr-escolar-mercur\/#breadcrumb\"},\"inLanguage\":\"pt-BR\",\"potentialAction\":[{\"@type\":\"ReadAction\",\"target\":[\"https:\/\/mettapapelaria.com.br\/catalogo\/produto\/cola-branca-90gr-escolar-mercur\/\"]}]},{\"@type\":\"ImageObject\",\"inLanguage\":\"pt-BR\",\"@id\":\"https:\/\/mettapapelaria.com.br\/catalogo\/produto\/cola-branca-90gr-escolar-mercur\/#primaryimage\",\"url\":\"https:\/\/mettapapelaria.com.br\/catalogo\/wp-content\/uploads\/2024\/12\/Copy-of-Copy-of-Copy-of-BIBLIOCANTO-PASTEL-MAXCRIL-98.png\",\"contentUrl\":\"https:\/\/mettapapelaria.com.br\/catalogo\/wp-content\/uploads\/2024\/12\/Copy-of-Copy-of-Copy-of-BIBLIOCANTO-PASTEL-MAXCRIL-98.png\",\"width\":500,\"height\":500},{\"@type\":\"BreadcrumbList\",\"@id\":\"https:\/\/mettapapelaria.com.br\/catalogo\/produto\/cola-branca-90gr-escolar-mercur\/#breadcrumb\",\"itemListElement\":[{\"@type\":\"ListItem\",\"position\":1,\"name\":\"In\u00edcio\",\"item\":\"https:\/\/mettapapelaria.com.br\/catalogo\/\"},{\"@type\":\"ListItem\",\"position\":2,\"name\":\"Shop\",\"item\":\"https:\/\/mettapapelaria.com.br\/catalogo\/shop\/\"},{\"@type\":\"ListItem\",\"position\":3,\"name\":\"COLA BRANCA 90GR ESCOLAR MERCUR\"}]},{\"@type\":\"WebSite\",\"@id\":\"https:\/\/mettapapelaria.com.br\/catalogo\/#website\",\"url\":\"https:\/\/mettapapelaria.com.br\/catalogo\/\",\"name\":\"Metta Papelaria\",\"description\":\"Materiais e equipamentos de escrit\u00f3rio, suprimentos para inform\u00e1tica, e uma diversificada linha de material escolar\",\"publisher\":{\"@id\":\"https:\/\/mettapapelaria.com.br\/catalogo\/#organization\"},\"potentialAction\":[{\"@type\":\"SearchAction\",\"target\":{\"@type\":\"EntryPoint\",\"urlTemplate\":\"https:\/\/mettapapelaria.com.br\/catalogo\/?s={search_term_string}\"},\"query-input\":{\"@type\":\"PropertyValueSpecification\",\"valueRequired\":true,\"valueName\":\"search_term_string\"}}],\"inLanguage\":\"pt-BR\"},{\"@type\":\"Organization\",\"@id\":\"https:\/\/mettapapelaria.com.br\/catalogo\/#organization\",\"name\":\"Metta Papelaria\",\"url\":\"https:\/\/mettapapelaria.com.br\/catalogo\/\",\"logo\":{\"@type\":\"ImageObject\",\"inLanguage\":\"pt-BR\",\"@id\":\"https:\/\/mettapapelaria.com.br\/catalogo\/#\/schema\/logo\/image\/\",\"url\":\"https:\/\/mettapapelaria.com.br\/catalogo\/wp-content\/uploads\/2023\/12\/cropped-favicon-Metta_512-1.png\",\"contentUrl\":\"https:\/\/mettapapelaria.com.br\/catalogo\/wp-content\/uploads\/2023\/12\/cropped-favicon-Metta_512-1.png\",\"width\":512,\"height\":512,\"caption\":\"Metta Papelaria\"},\"image\":{\"@id\":\"https:\/\/mettapapelaria.com.br\/catalogo\/#\/schema\/logo\/image\/\"},\"sameAs\":[\"https:\/\/www.facebook.com\/mettapapelaria\/\",\"https:\/\/www.instagram.com\/papelariametta\/\"]}]}<\/script>\n<!-- \/ Yoast SEO plugin. -->","yoast_head_json":{"title":"COLA BRANCA 90GR ESCOLAR MERCUR - Metta Papelaria","description":"A Cola Branca M\u00e1gicas 90g da Mercur \u00e9 a solu\u00e7\u00e3o perfeita para projetos escolares, art\u00edsticos e profissionais que exigem uma fixa\u00e7\u00e3o segura e eficiente.","robots":{"index":"index","follow":"follow","max-snippet":"max-snippet:-1","max-image-preview":"max-image-preview:large","max-video-preview":"max-video-preview:-1"},"canonical":"https:\/\/mettapapelaria.com.br\/catalogo\/produto\/cola-branca-90gr-escolar-mercur\/","og_locale":"pt_BR","og_type":"article","og_title":"COLA BRANCA 90GR ESCOLAR MERCUR - Metta Papelaria","og_description":"A Cola Branca M\u00e1gicas 90g da Mercur \u00e9 a solu\u00e7\u00e3o perfeita para projetos escolares, art\u00edsticos e profissionais que exigem uma fixa\u00e7\u00e3o segura e eficiente.","og_url":"https:\/\/mettapapelaria.com.br\/catalogo\/produto\/cola-branca-90gr-escolar-mercur\/","og_site_name":"Metta Papelaria","article_publisher":"https:\/\/www.facebook.com\/mettapapelaria\/","article_modified_time":"2024-12-11T12:32:37+00:00","og_image":[{"width":500,"height":500,"url":"https:\/\/mettapapelaria.com.br\/catalogo\/wp-content\/uploads\/2024\/12\/Copy-of-Copy-of-Copy-of-BIBLIOCANTO-PASTEL-MAXCRIL-98.png","type":"image\/png"}],"twitter_card":"summary_large_image","twitter_misc":{"Est. tempo de leitura":"1 minuto"},"schema":{"@context":"https:\/\/schema.org","@graph":[{"@type":"WebPage","@id":"https:\/\/mettapapelaria.com.br\/catalogo\/produto\/cola-branca-90gr-escolar-mercur\/","url":"https:\/\/mettapapelaria.com.br\/catalogo\/produto\/cola-branca-90gr-escolar-mercur\/","name":"COLA BRANCA 90GR ESCOLAR MERCUR - Metta Papelaria","isPartOf":{"@id":"https:\/\/mettapapelaria.com.br\/catalogo\/#website"},"primaryImageOfPage":{"@id":"https:\/\/mettapapelaria.com.br\/catalogo\/produto\/cola-branca-90gr-escolar-mercur\/#primaryimage"},"image":{"@id":"https:\/\/mettapapelaria.com.br\/catalogo\/produto\/cola-branca-90gr-escolar-mercur\/#primaryimage"},"thumbnailUrl":"https:\/\/mettapapelaria.com.br\/catalogo\/wp-content\/uploads\/2024\/12\/Copy-of-Copy-of-Copy-of-BIBLIOCANTO-PASTEL-MAXCRIL-98.png","datePublished":"2024-12-11T12:32:36+00:00","dateModified":"2024-12-11T12:32:37+00:00","description":"A Cola Branca M\u00e1gicas 90g da Mercur \u00e9 a solu\u00e7\u00e3o perfeita para projetos escolares, art\u00edsticos e profissionais que exigem uma fixa\u00e7\u00e3o segura e eficiente.","breadcrumb":{"@id":"https:\/\/mettapapelaria.com.br\/catalogo\/produto\/cola-branca-90gr-escolar-mercur\/#breadcrumb"},"inLanguage":"pt-BR","potentialAction":[{"@type":"ReadAction","target":["https:\/\/mettapapelaria.com.br\/catalogo\/produto\/cola-branca-90gr-escolar-mercur\/"]}]},{"@type":"ImageObject","inLanguage":"pt-BR","@id":"https:\/\/mettapapelaria.com.br\/catalogo\/produto\/cola-branca-90gr-escolar-mercur\/#primaryimage","url":"https:\/\/mettapapelaria.com.br\/catalogo\/wp-content\/uploads\/2024\/12\/Copy-of-Copy-of-Copy-of-BIBLIOCANTO-PASTEL-MAXCRIL-98.png","contentUrl":"https:\/\/mettapapelaria.com.br\/catalogo\/wp-content\/uploads\/2024\/12\/Copy-of-Copy-of-Copy-of-BIBLIOCANTO-PASTEL-MAXCRIL-98.png","width":500,"height":500},{"@type":"BreadcrumbList","@id":"https:\/\/mettapapelaria.com.br\/catalogo\/produto\/cola-branca-90gr-escolar-mercur\/#breadcrumb","itemListElement":[{"@type":"ListItem","position":1,"name":"In\u00edcio","item":"https:\/\/mettapapelaria.com.br\/catalogo\/"},{"@type":"ListItem","position":2,"name":"Shop","item":"https:\/\/mettapapelaria.com.br\/catalogo\/shop\/"},{"@type":"ListItem","position":3,"name":"COLA BRANCA 90GR ESCOLAR MERCUR"}]},{"@type":"WebSite","@id":"https:\/\/mettapapelaria.com.br\/catalogo\/#website","url":"https:\/\/mettapapelaria.com.br\/catalogo\/","name":"Metta Papelaria","description":"Materiais e equipamentos de escrit\u00f3rio, suprimentos para inform\u00e1tica, e uma diversificada linha de material escolar","publisher":{"@id":"https:\/\/mettapapelaria.com.br\/catalogo\/#organization"},"potentialAction":[{"@type":"SearchAction","target":{"@type":"EntryPoint","urlTemplate":"https:\/\/mettapapelaria.com.br\/catalogo\/?s={search_term_string}"},"query-input":{"@type":"PropertyValueSpecification","valueRequired":true,"valueName":"search_term_string"}}],"inLanguage":"pt-BR"},{"@type":"Organization","@id":"https:\/\/mettapapelaria.com.br\/catalogo\/#organization","name":"Metta Papelaria","url":"https:\/\/mettapapelaria.com.br\/catalogo\/","logo":{"@type":"ImageObject","inLanguage":"pt-BR","@id":"https:\/\/mettapapelaria.com.br\/catalogo\/#\/schema\/logo\/image\/","url":"https:\/\/mettapapelaria.com.br\/catalogo\/wp-content\/uploads\/2023\/12\/cropped-favicon-Metta_512-1.png","contentUrl":"https:\/\/mettapapelaria.com.br\/catalogo\/wp-content\/uploads\/2023\/12\/cropped-favicon-Metta_512-1.png","width":512,"height":512,"caption":"Metta Papelaria"},"image":{"@id":"https:\/\/mettapapelaria.com.br\/catalogo\/#\/schema\/logo\/image\/"},"sameAs":["https:\/\/www.facebook.com\/mettapapelaria\/","https:\/\/www.instagram.com\/papelariametta\/"]}]}},"_links":{"self":[{"href":"https:\/\/mettapapelaria.com.br\/catalogo\/wp-json\/wp\/v2\/product\/9211","targetHints":{"allow":["GET"]}}],"collection":[{"href":"https:\/\/mettapapelaria.com.br\/catalogo\/wp-json\/wp\/v2\/product"}],"about":[{"href":"https:\/\/mettapapelaria.com.br\/catalogo\/wp-json\/wp\/v2\/types\/product"}],"replies":[{"embeddable":true,"href":"https:\/\/mettapapelaria.com.br\/catalogo\/wp-json\/wp\/v2\/comments?post=9211"}],"version-history":[{"count":1,"href":"https:\/\/mettapapelaria.com.br\/catalogo\/wp-json\/wp\/v2\/product\/9211\/revisions"}],"predecessor-version":[{"id":9213,"href":"https:\/\/mettapapelaria.com.br\/catalogo\/wp-json\/wp\/v2\/product\/9211\/revisions\/9213"}],"wp:featuredmedia":[{"embeddable":true,"href":"https:\/\/mettapapelaria.com.br\/catalogo\/wp-json\/wp\/v2\/media\/9212"}],"wp:attachment":[{"href":"https:\/\/mettapapelaria.com.br\/catalogo\/wp-json\/wp\/v2\/media?parent=9211"}],"wp:term":[{"taxonomy":"brand","embeddable":true,"href":"https:\/\/mettapapelaria.com.br\/catalogo\/wp-json\/wp\/v2\/etheme_brands?post=9211"},{"taxonomy":"product_brand","embeddable":true,"href":"https:\/\/mettapapelaria.com.br\/catalogo\/wp-json\/wp\/v2\/product_brand?post=9211"},{"taxonomy":"product_cat","embeddable":true,"href":"https:\/\/mettapapelaria.com.br\/catalogo\/wp-json\/wp\/v2\/product_cat?post=9211"},{"taxonomy":"product_tag","embeddable":true,"href":"https:\/\/mettapapelaria.com.br\/catalogo\/wp-json\/wp\/v2\/product_tag?post=9211"}],"curies":[{"name":"wp","href":"https:\/\/api.w.org\/{rel}","templated":true}]}}