{"id":9194,"date":"2024-12-06T15:54:33","date_gmt":"2024-12-06T18:54:33","guid":{"rendered":"https:\/\/mettapapelaria.com.br\/catalogo\/?post_type=product&#038;p=9194"},"modified":"2024-12-06T15:54:34","modified_gmt":"2024-12-06T18:54:34","slug":"mochila-executiva-com-roda-maxprint","status":"publish","type":"product","link":"https:\/\/mettapapelaria.com.br\/catalogo\/produto\/mochila-executiva-com-roda-maxprint\/","title":{"rendered":"MOCHILA EXECUTIVA COM RODA MAXPRINT"},"content":{"rendered":"<p>\u2022\u00a0Mochila executiva que armazena notebooks de at\u00e9 15,6\u2033<br \/>\n\u2022\u00a0Possui tr\u00eas compartimentos e bolsos laterais com z\u00edper<br \/>\n\u2022\u00a0Possui rodas compartimento traseiro para esconder as al\u00e7as<br \/>\n\u2022\u00a0Composi\u00e7\u00e3o em nylon com costura refor\u00e7ada e al\u00e7as e encosto almofadados.<\/p>\n<div class=\"main-page-wrapper\">\n<div class=\"container-fluid\">\n<div class=\"row content-layout-wrapper align-items-start\">\n<div class=\"site-content shop-content-area col-12 breadcrumbs-location-summary wd-builder-off\" role=\"main\">\n<div id=\"product-16936\" class=\"single-product-page single-product-content product-design-default tabs-location-standard tabs-type-tabs meta-location-add_to_cart reviews-location-tabs product-summary-shadow product-sticky-on product-no-bg product type-product post-16936 status-publish first instock product_cat-mochilas-e-acessorios has-post-thumbnail shipping-taxable product-type-simple\">\n<div class=\"product-tabs-wrapper\">\n<div class=\"container\">\n<div class=\"row\">\n<div class=\"col-12 poduct-tabs-inner\">\n<div class=\"woocommerce-tabs wc-tabs-wrapper tabs-layout-tabs\" data-state=\"first\" data-layout=\"tabs\">\n<div class=\"wd-accordion-item\">\n<div id=\"tab-description\" class=\"entry-content woocommerce-Tabs-panel woocommerce-Tabs-panel--description wd-active panel wc-tab\" role=\"tabpanel\" aria-labelledby=\"tab-title-description\" data-accordion-index=\"description\">\n<div class=\"wc-tab-inner\">\n<p>Conforto, espa\u00e7o, design s\u00f3brio e elegante que combinam com seu estilo de vida. Esse modelo permite o uso como bagagem de m\u00e3o para viagens curtas.<\/p>\n<\/div>\n<\/div>\n<\/div>\n<\/div>\n<\/div>\n<\/div>\n<\/div>\n<\/div>\n<div class=\"container related-and-upsells\"><\/div>\n<\/div>\n<\/div>\n<\/div>\n<\/div>\n<\/div>\n<footer class=\"footer-container color-scheme-dark\">\n<div class=\"container main-footer\">\n<aside class=\"footer-sidebar widget-area row\">\n<div class=\"footer-column footer-column-1 col-12 col-sm-6 col-lg-3\">\n<div class=\"elementor elementor-818\" data-elementor-type=\"wp-post\" data-elementor-id=\"818\" data-elementor-post-type=\"cms_block\">\n<div class=\"elementor-element elementor-element-ecda44b e-flex e-con-boxed e-con e-parent e-lazyloaded\" data-id=\"ecda44b\" data-element_type=\"container\">\n<div class=\"e-con-inner\">\n<div class=\"elementor-element elementor-element-75f8b1a elementor-widget__width-inherit elementor-widget elementor-widget-wd_image_or_svg\" data-id=\"75f8b1a\" data-element_type=\"widget\" data-widget_type=\"wd_image_or_svg.default\">\n<div class=\"elementor-widget-container\"><\/div>\n<\/div>\n<\/div>\n<\/div>\n<\/div>\n<\/div>\n<\/aside>\n<\/div>\n<\/footer>\n","protected":false},"excerpt":{"rendered":"<p>\u2022\u00a0Mochila executiva que armazena notebooks de at\u00e9 15,6\u2033 \u2022\u00a0Possui tr\u00eas compartimentos e bolsos laterais com z\u00edper \u2022\u00a0Possui rodas compartimento traseiro para esconder as al\u00e7as \u2022\u00a0Composi\u00e7\u00e3o&#8230;<\/p>\n","protected":false},"featured_media":9195,"comment_status":"open","ping_status":"closed","template":"","meta":[],"etheme_brands":[{"term_id":386,"name":"MaxPrint","slug":"maxprint","term_group":0,"term_taxonomy_id":386,"taxonomy":"brand","description":"","parent":0,"count":26,"filter":"raw"}],"product_brand":[],"product_cat":[31],"product_tag":[293,276,385,316,275,294,292,228,227,225,226,680,861,622,239,317,274,318],"class_list":{"0":"post-9194","1":"product","2":"type-product","3":"status-publish","4":"has-post-thumbnail","6":"brand-maxprint","7":"product_cat-mochilas-bolsas","8":"product_tag-crianca","9":"product_tag-escola","10":"product_tag-escritorio","11":"product_tag-estudante","12":"product_tag-faculdade","13":"product_tag-infantil","14":"product_tag-kids","15":"product_tag-material-de-escritorio","16":"product_tag-material-escolar","17":"product_tag-metta-papelaria","18":"product_tag-mochila","19":"product_tag-mochila-de-rodinhas","20":"product_tag-mochila-executiva","21":"product_tag-office","22":"product_tag-organizacao","23":"product_tag-study","24":"product_tag-universidade","25":"product_tag-volta-as-aulas","27":"first","28":"instock","29":"sold-individually","30":"shipping-taxable","31":"purchasable","32":"product-type-simple"},"yoast_head":"<!-- This site is optimized with the Yoast SEO plugin v26.9 - https:\/\/yoast.com\/product\/yoast-seo-wordpress\/ -->\n<title>MOCHILA EXECUTIVA COM RODA MAXPRINT - Metta Papelaria<\/title>\n<meta name=\"description\" content=\"Conforto, espa\u00e7o, design s\u00f3brio e elegante que combinam com seu estilo de vida. Esse modelo permite o uso como bagagem de m\u00e3o para viagens curtas.\" \/>\n<meta name=\"robots\" content=\"index, follow, max-snippet:-1, max-image-preview:large, max-video-preview:-1\" \/>\n<link rel=\"canonical\" href=\"https:\/\/mettapapelaria.com.br\/catalogo\/produto\/mochila-executiva-com-roda-maxprint\/\" \/>\n<meta property=\"og:locale\" content=\"pt_BR\" \/>\n<meta property=\"og:type\" content=\"article\" \/>\n<meta property=\"og:title\" content=\"MOCHILA EXECUTIVA COM RODA MAXPRINT - Metta Papelaria\" \/>\n<meta property=\"og:description\" content=\"Conforto, espa\u00e7o, design s\u00f3brio e elegante que combinam com seu estilo de vida. Esse modelo permite o uso como bagagem de m\u00e3o para viagens curtas.\" \/>\n<meta property=\"og:url\" content=\"https:\/\/mettapapelaria.com.br\/catalogo\/produto\/mochila-executiva-com-roda-maxprint\/\" \/>\n<meta property=\"og:site_name\" content=\"Metta Papelaria\" \/>\n<meta property=\"article:publisher\" content=\"https:\/\/www.facebook.com\/mettapapelaria\/\" \/>\n<meta property=\"article:modified_time\" content=\"2024-12-06T18:54:34+00:00\" \/>\n<meta property=\"og:image\" content=\"https:\/\/mettapapelaria.com.br\/catalogo\/wp-content\/uploads\/2024\/12\/Copy-of-BIBLIOCANTO-PASTEL-MAXCRIL-59.png\" \/>\n\t<meta property=\"og:image:width\" content=\"500\" \/>\n\t<meta property=\"og:image:height\" content=\"500\" \/>\n\t<meta property=\"og:image:type\" content=\"image\/png\" \/>\n<meta name=\"twitter:card\" content=\"summary_large_image\" \/>\n<meta name=\"twitter:label1\" content=\"Est. tempo de leitura\" \/>\n\t<meta name=\"twitter:data1\" content=\"1 minuto\" \/>\n<script type=\"application\/ld+json\" class=\"yoast-schema-graph\">{\"@context\":\"https:\/\/schema.org\",\"@graph\":[{\"@type\":\"WebPage\",\"@id\":\"https:\/\/mettapapelaria.com.br\/catalogo\/produto\/mochila-executiva-com-roda-maxprint\/\",\"url\":\"https:\/\/mettapapelaria.com.br\/catalogo\/produto\/mochila-executiva-com-roda-maxprint\/\",\"name\":\"MOCHILA EXECUTIVA COM RODA MAXPRINT - Metta Papelaria\",\"isPartOf\":{\"@id\":\"https:\/\/mettapapelaria.com.br\/catalogo\/#website\"},\"primaryImageOfPage\":{\"@id\":\"https:\/\/mettapapelaria.com.br\/catalogo\/produto\/mochila-executiva-com-roda-maxprint\/#primaryimage\"},\"image\":{\"@id\":\"https:\/\/mettapapelaria.com.br\/catalogo\/produto\/mochila-executiva-com-roda-maxprint\/#primaryimage\"},\"thumbnailUrl\":\"https:\/\/mettapapelaria.com.br\/catalogo\/wp-content\/uploads\/2024\/12\/Copy-of-BIBLIOCANTO-PASTEL-MAXCRIL-59.png\",\"datePublished\":\"2024-12-06T18:54:33+00:00\",\"dateModified\":\"2024-12-06T18:54:34+00:00\",\"description\":\"Conforto, espa\u00e7o, design s\u00f3brio e elegante que combinam com seu estilo de vida. Esse modelo permite o uso como bagagem de m\u00e3o para viagens curtas.\",\"breadcrumb\":{\"@id\":\"https:\/\/mettapapelaria.com.br\/catalogo\/produto\/mochila-executiva-com-roda-maxprint\/#breadcrumb\"},\"inLanguage\":\"pt-BR\",\"potentialAction\":[{\"@type\":\"ReadAction\",\"target\":[\"https:\/\/mettapapelaria.com.br\/catalogo\/produto\/mochila-executiva-com-roda-maxprint\/\"]}]},{\"@type\":\"ImageObject\",\"inLanguage\":\"pt-BR\",\"@id\":\"https:\/\/mettapapelaria.com.br\/catalogo\/produto\/mochila-executiva-com-roda-maxprint\/#primaryimage\",\"url\":\"https:\/\/mettapapelaria.com.br\/catalogo\/wp-content\/uploads\/2024\/12\/Copy-of-BIBLIOCANTO-PASTEL-MAXCRIL-59.png\",\"contentUrl\":\"https:\/\/mettapapelaria.com.br\/catalogo\/wp-content\/uploads\/2024\/12\/Copy-of-BIBLIOCANTO-PASTEL-MAXCRIL-59.png\",\"width\":500,\"height\":500},{\"@type\":\"BreadcrumbList\",\"@id\":\"https:\/\/mettapapelaria.com.br\/catalogo\/produto\/mochila-executiva-com-roda-maxprint\/#breadcrumb\",\"itemListElement\":[{\"@type\":\"ListItem\",\"position\":1,\"name\":\"In\u00edcio\",\"item\":\"https:\/\/mettapapelaria.com.br\/catalogo\/\"},{\"@type\":\"ListItem\",\"position\":2,\"name\":\"Shop\",\"item\":\"https:\/\/mettapapelaria.com.br\/catalogo\/shop\/\"},{\"@type\":\"ListItem\",\"position\":3,\"name\":\"MOCHILA EXECUTIVA COM RODA MAXPRINT\"}]},{\"@type\":\"WebSite\",\"@id\":\"https:\/\/mettapapelaria.com.br\/catalogo\/#website\",\"url\":\"https:\/\/mettapapelaria.com.br\/catalogo\/\",\"name\":\"Metta Papelaria\",\"description\":\"Materiais e equipamentos de escrit\u00f3rio, suprimentos para inform\u00e1tica, e uma diversificada linha de material escolar\",\"publisher\":{\"@id\":\"https:\/\/mettapapelaria.com.br\/catalogo\/#organization\"},\"potentialAction\":[{\"@type\":\"SearchAction\",\"target\":{\"@type\":\"EntryPoint\",\"urlTemplate\":\"https:\/\/mettapapelaria.com.br\/catalogo\/?s={search_term_string}\"},\"query-input\":{\"@type\":\"PropertyValueSpecification\",\"valueRequired\":true,\"valueName\":\"search_term_string\"}}],\"inLanguage\":\"pt-BR\"},{\"@type\":\"Organization\",\"@id\":\"https:\/\/mettapapelaria.com.br\/catalogo\/#organization\",\"name\":\"Metta Papelaria\",\"url\":\"https:\/\/mettapapelaria.com.br\/catalogo\/\",\"logo\":{\"@type\":\"ImageObject\",\"inLanguage\":\"pt-BR\",\"@id\":\"https:\/\/mettapapelaria.com.br\/catalogo\/#\/schema\/logo\/image\/\",\"url\":\"https:\/\/mettapapelaria.com.br\/catalogo\/wp-content\/uploads\/2023\/12\/cropped-favicon-Metta_512-1.png\",\"contentUrl\":\"https:\/\/mettapapelaria.com.br\/catalogo\/wp-content\/uploads\/2023\/12\/cropped-favicon-Metta_512-1.png\",\"width\":512,\"height\":512,\"caption\":\"Metta Papelaria\"},\"image\":{\"@id\":\"https:\/\/mettapapelaria.com.br\/catalogo\/#\/schema\/logo\/image\/\"},\"sameAs\":[\"https:\/\/www.facebook.com\/mettapapelaria\/\",\"https:\/\/www.instagram.com\/papelariametta\/\"]}]}<\/script>\n<!-- \/ Yoast SEO plugin. -->","yoast_head_json":{"title":"MOCHILA EXECUTIVA COM RODA MAXPRINT - Metta Papelaria","description":"Conforto, espa\u00e7o, design s\u00f3brio e elegante que combinam com seu estilo de vida. Esse modelo permite o uso como bagagem de m\u00e3o para viagens curtas.","robots":{"index":"index","follow":"follow","max-snippet":"max-snippet:-1","max-image-preview":"max-image-preview:large","max-video-preview":"max-video-preview:-1"},"canonical":"https:\/\/mettapapelaria.com.br\/catalogo\/produto\/mochila-executiva-com-roda-maxprint\/","og_locale":"pt_BR","og_type":"article","og_title":"MOCHILA EXECUTIVA COM RODA MAXPRINT - Metta Papelaria","og_description":"Conforto, espa\u00e7o, design s\u00f3brio e elegante que combinam com seu estilo de vida. Esse modelo permite o uso como bagagem de m\u00e3o para viagens curtas.","og_url":"https:\/\/mettapapelaria.com.br\/catalogo\/produto\/mochila-executiva-com-roda-maxprint\/","og_site_name":"Metta Papelaria","article_publisher":"https:\/\/www.facebook.com\/mettapapelaria\/","article_modified_time":"2024-12-06T18:54:34+00:00","og_image":[{"width":500,"height":500,"url":"https:\/\/mettapapelaria.com.br\/catalogo\/wp-content\/uploads\/2024\/12\/Copy-of-BIBLIOCANTO-PASTEL-MAXCRIL-59.png","type":"image\/png"}],"twitter_card":"summary_large_image","twitter_misc":{"Est. tempo de leitura":"1 minuto"},"schema":{"@context":"https:\/\/schema.org","@graph":[{"@type":"WebPage","@id":"https:\/\/mettapapelaria.com.br\/catalogo\/produto\/mochila-executiva-com-roda-maxprint\/","url":"https:\/\/mettapapelaria.com.br\/catalogo\/produto\/mochila-executiva-com-roda-maxprint\/","name":"MOCHILA EXECUTIVA COM RODA MAXPRINT - Metta Papelaria","isPartOf":{"@id":"https:\/\/mettapapelaria.com.br\/catalogo\/#website"},"primaryImageOfPage":{"@id":"https:\/\/mettapapelaria.com.br\/catalogo\/produto\/mochila-executiva-com-roda-maxprint\/#primaryimage"},"image":{"@id":"https:\/\/mettapapelaria.com.br\/catalogo\/produto\/mochila-executiva-com-roda-maxprint\/#primaryimage"},"thumbnailUrl":"https:\/\/mettapapelaria.com.br\/catalogo\/wp-content\/uploads\/2024\/12\/Copy-of-BIBLIOCANTO-PASTEL-MAXCRIL-59.png","datePublished":"2024-12-06T18:54:33+00:00","dateModified":"2024-12-06T18:54:34+00:00","description":"Conforto, espa\u00e7o, design s\u00f3brio e elegante que combinam com seu estilo de vida. Esse modelo permite o uso como bagagem de m\u00e3o para viagens curtas.","breadcrumb":{"@id":"https:\/\/mettapapelaria.com.br\/catalogo\/produto\/mochila-executiva-com-roda-maxprint\/#breadcrumb"},"inLanguage":"pt-BR","potentialAction":[{"@type":"ReadAction","target":["https:\/\/mettapapelaria.com.br\/catalogo\/produto\/mochila-executiva-com-roda-maxprint\/"]}]},{"@type":"ImageObject","inLanguage":"pt-BR","@id":"https:\/\/mettapapelaria.com.br\/catalogo\/produto\/mochila-executiva-com-roda-maxprint\/#primaryimage","url":"https:\/\/mettapapelaria.com.br\/catalogo\/wp-content\/uploads\/2024\/12\/Copy-of-BIBLIOCANTO-PASTEL-MAXCRIL-59.png","contentUrl":"https:\/\/mettapapelaria.com.br\/catalogo\/wp-content\/uploads\/2024\/12\/Copy-of-BIBLIOCANTO-PASTEL-MAXCRIL-59.png","width":500,"height":500},{"@type":"BreadcrumbList","@id":"https:\/\/mettapapelaria.com.br\/catalogo\/produto\/mochila-executiva-com-roda-maxprint\/#breadcrumb","itemListElement":[{"@type":"ListItem","position":1,"name":"In\u00edcio","item":"https:\/\/mettapapelaria.com.br\/catalogo\/"},{"@type":"ListItem","position":2,"name":"Shop","item":"https:\/\/mettapapelaria.com.br\/catalogo\/shop\/"},{"@type":"ListItem","position":3,"name":"MOCHILA EXECUTIVA COM RODA MAXPRINT"}]},{"@type":"WebSite","@id":"https:\/\/mettapapelaria.com.br\/catalogo\/#website","url":"https:\/\/mettapapelaria.com.br\/catalogo\/","name":"Metta Papelaria","description":"Materiais e equipamentos de escrit\u00f3rio, suprimentos para inform\u00e1tica, e uma diversificada linha de material escolar","publisher":{"@id":"https:\/\/mettapapelaria.com.br\/catalogo\/#organization"},"potentialAction":[{"@type":"SearchAction","target":{"@type":"EntryPoint","urlTemplate":"https:\/\/mettapapelaria.com.br\/catalogo\/?s={search_term_string}"},"query-input":{"@type":"PropertyValueSpecification","valueRequired":true,"valueName":"search_term_string"}}],"inLanguage":"pt-BR"},{"@type":"Organization","@id":"https:\/\/mettapapelaria.com.br\/catalogo\/#organization","name":"Metta Papelaria","url":"https:\/\/mettapapelaria.com.br\/catalogo\/","logo":{"@type":"ImageObject","inLanguage":"pt-BR","@id":"https:\/\/mettapapelaria.com.br\/catalogo\/#\/schema\/logo\/image\/","url":"https:\/\/mettapapelaria.com.br\/catalogo\/wp-content\/uploads\/2023\/12\/cropped-favicon-Metta_512-1.png","contentUrl":"https:\/\/mettapapelaria.com.br\/catalogo\/wp-content\/uploads\/2023\/12\/cropped-favicon-Metta_512-1.png","width":512,"height":512,"caption":"Metta Papelaria"},"image":{"@id":"https:\/\/mettapapelaria.com.br\/catalogo\/#\/schema\/logo\/image\/"},"sameAs":["https:\/\/www.facebook.com\/mettapapelaria\/","https:\/\/www.instagram.com\/papelariametta\/"]}]}},"_links":{"self":[{"href":"https:\/\/mettapapelaria.com.br\/catalogo\/wp-json\/wp\/v2\/product\/9194","targetHints":{"allow":["GET"]}}],"collection":[{"href":"https:\/\/mettapapelaria.com.br\/catalogo\/wp-json\/wp\/v2\/product"}],"about":[{"href":"https:\/\/mettapapelaria.com.br\/catalogo\/wp-json\/wp\/v2\/types\/product"}],"replies":[{"embeddable":true,"href":"https:\/\/mettapapelaria.com.br\/catalogo\/wp-json\/wp\/v2\/comments?post=9194"}],"version-history":[{"count":1,"href":"https:\/\/mettapapelaria.com.br\/catalogo\/wp-json\/wp\/v2\/product\/9194\/revisions"}],"predecessor-version":[{"id":9196,"href":"https:\/\/mettapapelaria.com.br\/catalogo\/wp-json\/wp\/v2\/product\/9194\/revisions\/9196"}],"wp:featuredmedia":[{"embeddable":true,"href":"https:\/\/mettapapelaria.com.br\/catalogo\/wp-json\/wp\/v2\/media\/9195"}],"wp:attachment":[{"href":"https:\/\/mettapapelaria.com.br\/catalogo\/wp-json\/wp\/v2\/media?parent=9194"}],"wp:term":[{"taxonomy":"brand","embeddable":true,"href":"https:\/\/mettapapelaria.com.br\/catalogo\/wp-json\/wp\/v2\/etheme_brands?post=9194"},{"taxonomy":"product_brand","embeddable":true,"href":"https:\/\/mettapapelaria.com.br\/catalogo\/wp-json\/wp\/v2\/product_brand?post=9194"},{"taxonomy":"product_cat","embeddable":true,"href":"https:\/\/mettapapelaria.com.br\/catalogo\/wp-json\/wp\/v2\/product_cat?post=9194"},{"taxonomy":"product_tag","embeddable":true,"href":"https:\/\/mettapapelaria.com.br\/catalogo\/wp-json\/wp\/v2\/product_tag?post=9194"}],"curies":[{"name":"wp","href":"https:\/\/api.w.org\/{rel}","templated":true}]}}