{"id":9188,"date":"2024-12-06T15:42:35","date_gmt":"2024-12-06T18:42:35","guid":{"rendered":"https:\/\/mettapapelaria.com.br\/catalogo\/?post_type=product&#038;p=9188"},"modified":"2024-12-06T15:42:36","modified_gmt":"2024-12-06T18:42:36","slug":"mouse-airy-sem-fio-maxprint-2","status":"publish","type":"product","link":"https:\/\/mettapapelaria.com.br\/catalogo\/produto\/mouse-airy-sem-fio-maxprint-2\/","title":{"rendered":"MOUSE AIRY SEM FIO MAXPRINT"},"content":{"rendered":"<p>\u2022\u00a0Compatibilidade: Windows XP\/Vista\/7 e Superior\/MAC<br \/>\n\u2022\u00a0Conex\u00e3o Wireless 2.4g via dongle USB 2.0<br \/>\n\u2022\u00a0N\u00e3o acompanha pilhas (1AA)<br \/>\n\u2022\u00a0Resolu\u00e7\u00e3o de 1600 DPI<br \/>\n\u2022\u00a0Bot\u00e3o Scroll para rolagem de tela<br \/>\n\u2022\u00a0Desempenho preciso atrav\u00e9s do sensor \u00f3ptico<br \/>\n\u2022\u00a0Distancia de funcionamento: 10m<br \/>\n\u2022 3 Bot\u00f5es<\/p>\n<div class=\"main-page-wrapper\" data-rocket-location-hash=\"4a2fe321e990c94151b29af1c306d73b\">\n<div class=\"container-fluid\" data-rocket-location-hash=\"57f5f94b700c18128ff11e2d8b2bec34\">\n<div class=\"row content-layout-wrapper align-items-start\">\n<div class=\"site-content shop-content-area col-12 breadcrumbs-location-summary wd-builder-off\" role=\"main\">\n<div id=\"product-16591\" class=\"single-product-page single-product-content product-design-default tabs-location-standard tabs-type-tabs meta-location-add_to_cart reviews-location-tabs product-summary-shadow product-sticky-on product-no-bg product type-product post-16591 status-publish first instock product_cat-informatica product_cat-mouses has-post-thumbnail shipping-taxable product-type-simple\">\n<div class=\"product-tabs-wrapper\">\n<div class=\"container\">\n<div class=\"row\">\n<div class=\"col-12 poduct-tabs-inner\">\n<div class=\"woocommerce-tabs wc-tabs-wrapper tabs-layout-tabs\" data-state=\"first\" data-layout=\"tabs\">\n<div class=\"wd-accordion-item\">\n<div id=\"tab-description\" class=\"entry-content woocommerce-Tabs-panel woocommerce-Tabs-panel--description wd-active panel wc-tab\" role=\"tabpanel\" aria-labelledby=\"tab-title-description\" data-accordion-index=\"description\">\n<div class=\"wc-tab-inner\">\n<p>O mouse Airy com sua tecnologia sem fio e seu design singular, apresenta DPI ajust\u00e1vel de at\u00e9 1600 DPI e resolu\u00e7\u00e3o precisa atrav\u00e9s de seu sensor optico<\/p>\n<\/div>\n<\/div>\n<\/div>\n<\/div>\n<\/div>\n<\/div>\n<\/div>\n<\/div>\n<div class=\"container related-and-upsells\"><\/div>\n<\/div>\n<\/div>\n<\/div>\n<\/div>\n<\/div>\n<footer class=\"footer-container color-scheme-dark\" data-rocket-location-hash=\"f04d7daa7365f30bad76b6076054c55a\">\n<div class=\"container main-footer\">\n<aside class=\"footer-sidebar widget-area row\">\n<div class=\"footer-column footer-column-1 col-12 col-sm-6 col-lg-3\">\n<div class=\"elementor elementor-818\" data-elementor-type=\"wp-post\" data-elementor-id=\"818\" data-elementor-post-type=\"cms_block\">\n<div class=\"elementor-element elementor-element-ecda44b e-flex e-con-boxed e-con e-parent e-lazyloaded\" data-id=\"ecda44b\" data-element_type=\"container\">\n<div class=\"e-con-inner\">\n<div class=\"elementor-element elementor-element-75f8b1a elementor-widget__width-inherit elementor-widget elementor-widget-wd_image_or_svg\" data-id=\"75f8b1a\" data-element_type=\"widget\" data-widget_type=\"wd_image_or_svg.default\">\n<div class=\"elementor-widget-container\"><\/div>\n<\/div>\n<\/div>\n<\/div>\n<\/div>\n<\/div>\n<\/aside>\n<\/div>\n<\/footer>\n","protected":false},"excerpt":{"rendered":"<p>\u2022\u00a0Compatibilidade: Windows XP\/Vista\/7 e Superior\/MAC \u2022\u00a0Conex\u00e3o Wireless 2.4g via dongle USB 2.0 \u2022\u00a0N\u00e3o acompanha pilhas (1AA) \u2022\u00a0Resolu\u00e7\u00e3o de 1600 DPI \u2022\u00a0Bot\u00e3o Scroll para rolagem de&#8230;<\/p>\n","protected":false},"featured_media":9189,"comment_status":"open","ping_status":"closed","template":"","meta":[],"etheme_brands":[{"term_id":386,"name":"MaxPrint","slug":"maxprint","term_group":0,"term_taxonomy_id":386,"taxonomy":"brand","description":"","parent":0,"count":26,"filter":"raw"}],"product_brand":[],"product_cat":[41],"product_tag":[385,275,228,225,716,772,771,622,239,274,318],"class_list":{"0":"post-9188","1":"product","2":"type-product","3":"status-publish","4":"has-post-thumbnail","6":"brand-maxprint","7":"product_cat-mouses-teclados-e-acessorios","8":"product_tag-escritorio","9":"product_tag-faculdade","10":"product_tag-material-de-escritorio","11":"product_tag-metta-papelaria","12":"product_tag-mouse","13":"product_tag-mouse-bluethooth","14":"product_tag-mouse-sem-fio","15":"product_tag-office","16":"product_tag-organizacao","17":"product_tag-universidade","18":"product_tag-volta-as-aulas","20":"first","21":"instock","22":"sold-individually","23":"shipping-taxable","24":"purchasable","25":"product-type-simple"},"yoast_head":"<!-- This site is optimized with the Yoast SEO plugin v26.9 - https:\/\/yoast.com\/product\/yoast-seo-wordpress\/ -->\n<title>MOUSE AIRY SEM FIO MAXPRINT - Metta Papelaria<\/title>\n<meta name=\"description\" content=\"O mouse Airy com sua tecnologia sem fio e seu design singular, apresenta DPI ajust\u00e1vel de at\u00e9 1600 DPI e resolu\u00e7\u00e3o precisa atrav\u00e9s de seu sensor optico\" \/>\n<meta name=\"robots\" content=\"index, follow, max-snippet:-1, max-image-preview:large, max-video-preview:-1\" \/>\n<link rel=\"canonical\" href=\"https:\/\/mettapapelaria.com.br\/catalogo\/produto\/mouse-airy-sem-fio-maxprint-2\/\" \/>\n<meta property=\"og:locale\" content=\"pt_BR\" \/>\n<meta property=\"og:type\" content=\"article\" \/>\n<meta property=\"og:title\" content=\"MOUSE AIRY SEM FIO MAXPRINT - Metta Papelaria\" \/>\n<meta property=\"og:description\" content=\"O mouse Airy com sua tecnologia sem fio e seu design singular, apresenta DPI ajust\u00e1vel de at\u00e9 1600 DPI e resolu\u00e7\u00e3o precisa atrav\u00e9s de seu sensor optico\" \/>\n<meta property=\"og:url\" content=\"https:\/\/mettapapelaria.com.br\/catalogo\/produto\/mouse-airy-sem-fio-maxprint-2\/\" \/>\n<meta property=\"og:site_name\" content=\"Metta Papelaria\" \/>\n<meta property=\"article:publisher\" content=\"https:\/\/www.facebook.com\/mettapapelaria\/\" \/>\n<meta property=\"article:modified_time\" content=\"2024-12-06T18:42:36+00:00\" \/>\n<meta property=\"og:image\" content=\"https:\/\/mettapapelaria.com.br\/catalogo\/wp-content\/uploads\/2024\/12\/Copy-of-BIBLIOCANTO-PASTEL-MAXCRIL-57.png\" \/>\n\t<meta property=\"og:image:width\" content=\"500\" \/>\n\t<meta property=\"og:image:height\" content=\"500\" \/>\n\t<meta property=\"og:image:type\" content=\"image\/png\" \/>\n<meta name=\"twitter:card\" content=\"summary_large_image\" \/>\n<meta name=\"twitter:label1\" content=\"Est. tempo de leitura\" \/>\n\t<meta name=\"twitter:data1\" content=\"1 minuto\" \/>\n<script type=\"application\/ld+json\" class=\"yoast-schema-graph\">{\"@context\":\"https:\/\/schema.org\",\"@graph\":[{\"@type\":\"WebPage\",\"@id\":\"https:\/\/mettapapelaria.com.br\/catalogo\/produto\/mouse-airy-sem-fio-maxprint-2\/\",\"url\":\"https:\/\/mettapapelaria.com.br\/catalogo\/produto\/mouse-airy-sem-fio-maxprint-2\/\",\"name\":\"MOUSE AIRY SEM FIO MAXPRINT - Metta Papelaria\",\"isPartOf\":{\"@id\":\"https:\/\/mettapapelaria.com.br\/catalogo\/#website\"},\"primaryImageOfPage\":{\"@id\":\"https:\/\/mettapapelaria.com.br\/catalogo\/produto\/mouse-airy-sem-fio-maxprint-2\/#primaryimage\"},\"image\":{\"@id\":\"https:\/\/mettapapelaria.com.br\/catalogo\/produto\/mouse-airy-sem-fio-maxprint-2\/#primaryimage\"},\"thumbnailUrl\":\"https:\/\/mettapapelaria.com.br\/catalogo\/wp-content\/uploads\/2024\/12\/Copy-of-BIBLIOCANTO-PASTEL-MAXCRIL-57.png\",\"datePublished\":\"2024-12-06T18:42:35+00:00\",\"dateModified\":\"2024-12-06T18:42:36+00:00\",\"description\":\"O mouse Airy com sua tecnologia sem fio e seu design singular, apresenta DPI ajust\u00e1vel de at\u00e9 1600 DPI e resolu\u00e7\u00e3o precisa atrav\u00e9s de seu sensor optico\",\"breadcrumb\":{\"@id\":\"https:\/\/mettapapelaria.com.br\/catalogo\/produto\/mouse-airy-sem-fio-maxprint-2\/#breadcrumb\"},\"inLanguage\":\"pt-BR\",\"potentialAction\":[{\"@type\":\"ReadAction\",\"target\":[\"https:\/\/mettapapelaria.com.br\/catalogo\/produto\/mouse-airy-sem-fio-maxprint-2\/\"]}]},{\"@type\":\"ImageObject\",\"inLanguage\":\"pt-BR\",\"@id\":\"https:\/\/mettapapelaria.com.br\/catalogo\/produto\/mouse-airy-sem-fio-maxprint-2\/#primaryimage\",\"url\":\"https:\/\/mettapapelaria.com.br\/catalogo\/wp-content\/uploads\/2024\/12\/Copy-of-BIBLIOCANTO-PASTEL-MAXCRIL-57.png\",\"contentUrl\":\"https:\/\/mettapapelaria.com.br\/catalogo\/wp-content\/uploads\/2024\/12\/Copy-of-BIBLIOCANTO-PASTEL-MAXCRIL-57.png\",\"width\":500,\"height\":500},{\"@type\":\"BreadcrumbList\",\"@id\":\"https:\/\/mettapapelaria.com.br\/catalogo\/produto\/mouse-airy-sem-fio-maxprint-2\/#breadcrumb\",\"itemListElement\":[{\"@type\":\"ListItem\",\"position\":1,\"name\":\"In\u00edcio\",\"item\":\"https:\/\/mettapapelaria.com.br\/catalogo\/\"},{\"@type\":\"ListItem\",\"position\":2,\"name\":\"Shop\",\"item\":\"https:\/\/mettapapelaria.com.br\/catalogo\/shop\/\"},{\"@type\":\"ListItem\",\"position\":3,\"name\":\"MOUSE AIRY SEM FIO MAXPRINT\"}]},{\"@type\":\"WebSite\",\"@id\":\"https:\/\/mettapapelaria.com.br\/catalogo\/#website\",\"url\":\"https:\/\/mettapapelaria.com.br\/catalogo\/\",\"name\":\"Metta Papelaria\",\"description\":\"Materiais e equipamentos de escrit\u00f3rio, suprimentos para inform\u00e1tica, e uma diversificada linha de material escolar\",\"publisher\":{\"@id\":\"https:\/\/mettapapelaria.com.br\/catalogo\/#organization\"},\"potentialAction\":[{\"@type\":\"SearchAction\",\"target\":{\"@type\":\"EntryPoint\",\"urlTemplate\":\"https:\/\/mettapapelaria.com.br\/catalogo\/?s={search_term_string}\"},\"query-input\":{\"@type\":\"PropertyValueSpecification\",\"valueRequired\":true,\"valueName\":\"search_term_string\"}}],\"inLanguage\":\"pt-BR\"},{\"@type\":\"Organization\",\"@id\":\"https:\/\/mettapapelaria.com.br\/catalogo\/#organization\",\"name\":\"Metta Papelaria\",\"url\":\"https:\/\/mettapapelaria.com.br\/catalogo\/\",\"logo\":{\"@type\":\"ImageObject\",\"inLanguage\":\"pt-BR\",\"@id\":\"https:\/\/mettapapelaria.com.br\/catalogo\/#\/schema\/logo\/image\/\",\"url\":\"https:\/\/mettapapelaria.com.br\/catalogo\/wp-content\/uploads\/2023\/12\/cropped-favicon-Metta_512-1.png\",\"contentUrl\":\"https:\/\/mettapapelaria.com.br\/catalogo\/wp-content\/uploads\/2023\/12\/cropped-favicon-Metta_512-1.png\",\"width\":512,\"height\":512,\"caption\":\"Metta Papelaria\"},\"image\":{\"@id\":\"https:\/\/mettapapelaria.com.br\/catalogo\/#\/schema\/logo\/image\/\"},\"sameAs\":[\"https:\/\/www.facebook.com\/mettapapelaria\/\",\"https:\/\/www.instagram.com\/papelariametta\/\"]}]}<\/script>\n<!-- \/ Yoast SEO plugin. -->","yoast_head_json":{"title":"MOUSE AIRY SEM FIO MAXPRINT - Metta Papelaria","description":"O mouse Airy com sua tecnologia sem fio e seu design singular, apresenta DPI ajust\u00e1vel de at\u00e9 1600 DPI e resolu\u00e7\u00e3o precisa atrav\u00e9s de seu sensor optico","robots":{"index":"index","follow":"follow","max-snippet":"max-snippet:-1","max-image-preview":"max-image-preview:large","max-video-preview":"max-video-preview:-1"},"canonical":"https:\/\/mettapapelaria.com.br\/catalogo\/produto\/mouse-airy-sem-fio-maxprint-2\/","og_locale":"pt_BR","og_type":"article","og_title":"MOUSE AIRY SEM FIO MAXPRINT - Metta Papelaria","og_description":"O mouse Airy com sua tecnologia sem fio e seu design singular, apresenta DPI ajust\u00e1vel de at\u00e9 1600 DPI e resolu\u00e7\u00e3o precisa atrav\u00e9s de seu sensor optico","og_url":"https:\/\/mettapapelaria.com.br\/catalogo\/produto\/mouse-airy-sem-fio-maxprint-2\/","og_site_name":"Metta Papelaria","article_publisher":"https:\/\/www.facebook.com\/mettapapelaria\/","article_modified_time":"2024-12-06T18:42:36+00:00","og_image":[{"width":500,"height":500,"url":"https:\/\/mettapapelaria.com.br\/catalogo\/wp-content\/uploads\/2024\/12\/Copy-of-BIBLIOCANTO-PASTEL-MAXCRIL-57.png","type":"image\/png"}],"twitter_card":"summary_large_image","twitter_misc":{"Est. tempo de leitura":"1 minuto"},"schema":{"@context":"https:\/\/schema.org","@graph":[{"@type":"WebPage","@id":"https:\/\/mettapapelaria.com.br\/catalogo\/produto\/mouse-airy-sem-fio-maxprint-2\/","url":"https:\/\/mettapapelaria.com.br\/catalogo\/produto\/mouse-airy-sem-fio-maxprint-2\/","name":"MOUSE AIRY SEM FIO MAXPRINT - Metta Papelaria","isPartOf":{"@id":"https:\/\/mettapapelaria.com.br\/catalogo\/#website"},"primaryImageOfPage":{"@id":"https:\/\/mettapapelaria.com.br\/catalogo\/produto\/mouse-airy-sem-fio-maxprint-2\/#primaryimage"},"image":{"@id":"https:\/\/mettapapelaria.com.br\/catalogo\/produto\/mouse-airy-sem-fio-maxprint-2\/#primaryimage"},"thumbnailUrl":"https:\/\/mettapapelaria.com.br\/catalogo\/wp-content\/uploads\/2024\/12\/Copy-of-BIBLIOCANTO-PASTEL-MAXCRIL-57.png","datePublished":"2024-12-06T18:42:35+00:00","dateModified":"2024-12-06T18:42:36+00:00","description":"O mouse Airy com sua tecnologia sem fio e seu design singular, apresenta DPI ajust\u00e1vel de at\u00e9 1600 DPI e resolu\u00e7\u00e3o precisa atrav\u00e9s de seu sensor optico","breadcrumb":{"@id":"https:\/\/mettapapelaria.com.br\/catalogo\/produto\/mouse-airy-sem-fio-maxprint-2\/#breadcrumb"},"inLanguage":"pt-BR","potentialAction":[{"@type":"ReadAction","target":["https:\/\/mettapapelaria.com.br\/catalogo\/produto\/mouse-airy-sem-fio-maxprint-2\/"]}]},{"@type":"ImageObject","inLanguage":"pt-BR","@id":"https:\/\/mettapapelaria.com.br\/catalogo\/produto\/mouse-airy-sem-fio-maxprint-2\/#primaryimage","url":"https:\/\/mettapapelaria.com.br\/catalogo\/wp-content\/uploads\/2024\/12\/Copy-of-BIBLIOCANTO-PASTEL-MAXCRIL-57.png","contentUrl":"https:\/\/mettapapelaria.com.br\/catalogo\/wp-content\/uploads\/2024\/12\/Copy-of-BIBLIOCANTO-PASTEL-MAXCRIL-57.png","width":500,"height":500},{"@type":"BreadcrumbList","@id":"https:\/\/mettapapelaria.com.br\/catalogo\/produto\/mouse-airy-sem-fio-maxprint-2\/#breadcrumb","itemListElement":[{"@type":"ListItem","position":1,"name":"In\u00edcio","item":"https:\/\/mettapapelaria.com.br\/catalogo\/"},{"@type":"ListItem","position":2,"name":"Shop","item":"https:\/\/mettapapelaria.com.br\/catalogo\/shop\/"},{"@type":"ListItem","position":3,"name":"MOUSE AIRY SEM FIO MAXPRINT"}]},{"@type":"WebSite","@id":"https:\/\/mettapapelaria.com.br\/catalogo\/#website","url":"https:\/\/mettapapelaria.com.br\/catalogo\/","name":"Metta Papelaria","description":"Materiais e equipamentos de escrit\u00f3rio, suprimentos para inform\u00e1tica, e uma diversificada linha de material escolar","publisher":{"@id":"https:\/\/mettapapelaria.com.br\/catalogo\/#organization"},"potentialAction":[{"@type":"SearchAction","target":{"@type":"EntryPoint","urlTemplate":"https:\/\/mettapapelaria.com.br\/catalogo\/?s={search_term_string}"},"query-input":{"@type":"PropertyValueSpecification","valueRequired":true,"valueName":"search_term_string"}}],"inLanguage":"pt-BR"},{"@type":"Organization","@id":"https:\/\/mettapapelaria.com.br\/catalogo\/#organization","name":"Metta Papelaria","url":"https:\/\/mettapapelaria.com.br\/catalogo\/","logo":{"@type":"ImageObject","inLanguage":"pt-BR","@id":"https:\/\/mettapapelaria.com.br\/catalogo\/#\/schema\/logo\/image\/","url":"https:\/\/mettapapelaria.com.br\/catalogo\/wp-content\/uploads\/2023\/12\/cropped-favicon-Metta_512-1.png","contentUrl":"https:\/\/mettapapelaria.com.br\/catalogo\/wp-content\/uploads\/2023\/12\/cropped-favicon-Metta_512-1.png","width":512,"height":512,"caption":"Metta Papelaria"},"image":{"@id":"https:\/\/mettapapelaria.com.br\/catalogo\/#\/schema\/logo\/image\/"},"sameAs":["https:\/\/www.facebook.com\/mettapapelaria\/","https:\/\/www.instagram.com\/papelariametta\/"]}]}},"_links":{"self":[{"href":"https:\/\/mettapapelaria.com.br\/catalogo\/wp-json\/wp\/v2\/product\/9188","targetHints":{"allow":["GET"]}}],"collection":[{"href":"https:\/\/mettapapelaria.com.br\/catalogo\/wp-json\/wp\/v2\/product"}],"about":[{"href":"https:\/\/mettapapelaria.com.br\/catalogo\/wp-json\/wp\/v2\/types\/product"}],"replies":[{"embeddable":true,"href":"https:\/\/mettapapelaria.com.br\/catalogo\/wp-json\/wp\/v2\/comments?post=9188"}],"version-history":[{"count":1,"href":"https:\/\/mettapapelaria.com.br\/catalogo\/wp-json\/wp\/v2\/product\/9188\/revisions"}],"predecessor-version":[{"id":9190,"href":"https:\/\/mettapapelaria.com.br\/catalogo\/wp-json\/wp\/v2\/product\/9188\/revisions\/9190"}],"wp:featuredmedia":[{"embeddable":true,"href":"https:\/\/mettapapelaria.com.br\/catalogo\/wp-json\/wp\/v2\/media\/9189"}],"wp:attachment":[{"href":"https:\/\/mettapapelaria.com.br\/catalogo\/wp-json\/wp\/v2\/media?parent=9188"}],"wp:term":[{"taxonomy":"brand","embeddable":true,"href":"https:\/\/mettapapelaria.com.br\/catalogo\/wp-json\/wp\/v2\/etheme_brands?post=9188"},{"taxonomy":"product_brand","embeddable":true,"href":"https:\/\/mettapapelaria.com.br\/catalogo\/wp-json\/wp\/v2\/product_brand?post=9188"},{"taxonomy":"product_cat","embeddable":true,"href":"https:\/\/mettapapelaria.com.br\/catalogo\/wp-json\/wp\/v2\/product_cat?post=9188"},{"taxonomy":"product_tag","embeddable":true,"href":"https:\/\/mettapapelaria.com.br\/catalogo\/wp-json\/wp\/v2\/product_tag?post=9188"}],"curies":[{"name":"wp","href":"https:\/\/api.w.org\/{rel}","templated":true}]}}