{"id":9185,"date":"2024-12-06T15:38:58","date_gmt":"2024-12-06T18:38:58","guid":{"rendered":"https:\/\/mettapapelaria.com.br\/catalogo\/?post_type=product&#038;p=9185"},"modified":"2024-12-06T15:38:59","modified_gmt":"2024-12-06T18:38:59","slug":"marca-texto-hype-neon-maxprint","status":"publish","type":"product","link":"https:\/\/mettapapelaria.com.br\/catalogo\/produto\/marca-texto-hype-neon-maxprint\/","title":{"rendered":"MARCA TEXTO HYPE NEON MAXPRINT"},"content":{"rendered":"<p>\u2022 Corpo mais grosso, com formato anat\u00f4mico<br \/>\n\u2022 Ponta chanfrada de 5,0mm<br \/>\n\u2022 Ponta mais macia, composi\u00e7\u00e3o em feltro<br \/>\n\u2022 Tinta alem\u00e3<br \/>\n\u2022 Maior resist\u00eancia \u00e0 luz e pigmenta\u00e7\u00e3o mais uniforme<br \/>\n\u2022 Material do corpo e da caixa ecol\u00f3gicos<\/p>\n<div class=\"main-page-wrapper\" data-rocket-location-hash=\"4a2fe321e990c94151b29af1c306d73b\">\n<div class=\"container-fluid\" data-rocket-location-hash=\"57f5f94b700c18128ff11e2d8b2bec34\">\n<div class=\"row content-layout-wrapper align-items-start\">\n<div class=\"site-content shop-content-area col-12 breadcrumbs-location-summary wd-builder-off\" role=\"main\">\n<div id=\"product-24438\" class=\"single-product-page single-product-content product-design-default tabs-location-standard tabs-type-tabs meta-location-add_to_cart reviews-location-tabs product-summary-shadow product-sticky-on product-no-bg product type-product post-24438 status-publish first instock product_cat-caneta-marca-texto product_cat-escrita-correcao product_cat-papelaria has-post-thumbnail shipping-taxable product-type-simple\">\n<div class=\"product-tabs-wrapper\">\n<div class=\"container\">\n<div class=\"row\">\n<div class=\"col-12 poduct-tabs-inner\">\n<div class=\"woocommerce-tabs wc-tabs-wrapper tabs-layout-tabs\" data-state=\"first\" data-layout=\"tabs\">\n<div class=\"wd-accordion-item\">\n<div id=\"tab-description\" class=\"entry-content woocommerce-Tabs-panel woocommerce-Tabs-panel--description wd-active panel wc-tab\" role=\"tabpanel\" aria-labelledby=\"tab-title-description\" data-accordion-index=\"description\">\n<div class=\"wc-tab-inner\">\n<p>A nova linha de marcadores Ecowrite re\u00fane produtos de alta qualidade com mais sustentabilidade para combinar com seu estilo de vida. O material do corpo \u00e9 reciclado e em conformidade com o GRS e as embalagens s\u00e3o feitas de kraft.<\/p>\n<\/div>\n<\/div>\n<\/div>\n<\/div>\n<\/div>\n<\/div>\n<\/div>\n<\/div>\n<div class=\"container related-and-upsells\"><\/div>\n<\/div>\n<\/div>\n<\/div>\n<\/div>\n<\/div>\n<footer class=\"footer-container color-scheme-dark\" data-rocket-location-hash=\"f04d7daa7365f30bad76b6076054c55a\">\n<div class=\"container main-footer\">\n<aside class=\"footer-sidebar widget-area row\">\n<div class=\"footer-column footer-column-1 col-12 col-sm-6 col-lg-3\">\n<div class=\"elementor elementor-818\" data-elementor-type=\"wp-post\" data-elementor-id=\"818\" data-elementor-post-type=\"cms_block\">\n<div class=\"elementor-element elementor-element-ecda44b e-flex e-con-boxed e-con e-parent e-lazyloaded\" data-id=\"ecda44b\" data-element_type=\"container\">\n<div class=\"e-con-inner\">\n<div class=\"elementor-element elementor-element-75f8b1a elementor-widget__width-inherit elementor-widget elementor-widget-wd_image_or_svg\" data-id=\"75f8b1a\" data-element_type=\"widget\" data-widget_type=\"wd_image_or_svg.default\">\n<div class=\"elementor-widget-container\"><\/div>\n<\/div>\n<\/div>\n<\/div>\n<\/div>\n<\/div>\n<\/aside>\n<\/div>\n<\/footer>\n","protected":false},"excerpt":{"rendered":"<p>\u2022 Corpo mais grosso, com formato anat\u00f4mico \u2022 Ponta chanfrada de 5,0mm \u2022 Ponta mais macia, composi\u00e7\u00e3o em feltro \u2022 Tinta alem\u00e3 \u2022 Maior resist\u00eancia&#8230;<\/p>\n","protected":false},"featured_media":9186,"comment_status":"open","ping_status":"closed","template":"","meta":[],"etheme_brands":[{"term_id":386,"name":"MaxPrint","slug":"maxprint","term_group":0,"term_taxonomy_id":386,"taxonomy":"brand","description":"","parent":0,"count":26,"filter":"raw"}],"product_brand":[],"product_cat":[76],"product_tag":[338,293,276,316,294,292,382,860,227,225,239,317,318],"class_list":{"0":"post-9185","1":"product","2":"type-product","3":"status-publish","4":"has-post-thumbnail","6":"brand-maxprint","7":"product_cat-marca-texto","8":"product_tag-colorido","9":"product_tag-crianca","10":"product_tag-escola","11":"product_tag-estudante","12":"product_tag-infantil","13":"product_tag-kids","14":"product_tag-marca-texto","15":"product_tag-marca-texto-neon","16":"product_tag-material-escolar","17":"product_tag-metta-papelaria","18":"product_tag-organizacao","19":"product_tag-study","20":"product_tag-volta-as-aulas","22":"first","23":"instock","24":"sold-individually","25":"shipping-taxable","26":"purchasable","27":"product-type-simple"},"yoast_head":"<!-- This site is optimized with the Yoast SEO plugin v26.9 - https:\/\/yoast.com\/product\/yoast-seo-wordpress\/ -->\n<title>MARCA TEXTO HYPE NEON MAXPRINT - Metta Papelaria<\/title>\n<meta name=\"description\" content=\"A nova linha de marcadores Ecowrite re\u00fane produtos de alta qualidade com mais sustentabilidade para combinar com seu estilo de vida.\" \/>\n<meta name=\"robots\" content=\"index, follow, max-snippet:-1, max-image-preview:large, max-video-preview:-1\" \/>\n<link rel=\"canonical\" href=\"https:\/\/mettapapelaria.com.br\/catalogo\/produto\/marca-texto-hype-neon-maxprint\/\" \/>\n<meta property=\"og:locale\" content=\"pt_BR\" \/>\n<meta property=\"og:type\" content=\"article\" \/>\n<meta property=\"og:title\" content=\"MARCA TEXTO HYPE NEON MAXPRINT - Metta Papelaria\" \/>\n<meta property=\"og:description\" content=\"A nova linha de marcadores Ecowrite re\u00fane produtos de alta qualidade com mais sustentabilidade para combinar com seu estilo de vida.\" \/>\n<meta property=\"og:url\" content=\"https:\/\/mettapapelaria.com.br\/catalogo\/produto\/marca-texto-hype-neon-maxprint\/\" \/>\n<meta property=\"og:site_name\" content=\"Metta Papelaria\" \/>\n<meta property=\"article:publisher\" content=\"https:\/\/www.facebook.com\/mettapapelaria\/\" \/>\n<meta property=\"article:modified_time\" content=\"2024-12-06T18:38:59+00:00\" \/>\n<meta property=\"og:image\" content=\"https:\/\/mettapapelaria.com.br\/catalogo\/wp-content\/uploads\/2024\/12\/Copy-of-BIBLIOCANTO-PASTEL-MAXCRIL-56.png\" \/>\n\t<meta property=\"og:image:width\" content=\"500\" \/>\n\t<meta property=\"og:image:height\" content=\"500\" \/>\n\t<meta property=\"og:image:type\" content=\"image\/png\" \/>\n<meta name=\"twitter:card\" content=\"summary_large_image\" \/>\n<meta name=\"twitter:label1\" content=\"Est. tempo de leitura\" \/>\n\t<meta name=\"twitter:data1\" content=\"1 minuto\" \/>\n<script type=\"application\/ld+json\" class=\"yoast-schema-graph\">{\"@context\":\"https:\/\/schema.org\",\"@graph\":[{\"@type\":\"WebPage\",\"@id\":\"https:\/\/mettapapelaria.com.br\/catalogo\/produto\/marca-texto-hype-neon-maxprint\/\",\"url\":\"https:\/\/mettapapelaria.com.br\/catalogo\/produto\/marca-texto-hype-neon-maxprint\/\",\"name\":\"MARCA TEXTO HYPE NEON MAXPRINT - Metta Papelaria\",\"isPartOf\":{\"@id\":\"https:\/\/mettapapelaria.com.br\/catalogo\/#website\"},\"primaryImageOfPage\":{\"@id\":\"https:\/\/mettapapelaria.com.br\/catalogo\/produto\/marca-texto-hype-neon-maxprint\/#primaryimage\"},\"image\":{\"@id\":\"https:\/\/mettapapelaria.com.br\/catalogo\/produto\/marca-texto-hype-neon-maxprint\/#primaryimage\"},\"thumbnailUrl\":\"https:\/\/mettapapelaria.com.br\/catalogo\/wp-content\/uploads\/2024\/12\/Copy-of-BIBLIOCANTO-PASTEL-MAXCRIL-56.png\",\"datePublished\":\"2024-12-06T18:38:58+00:00\",\"dateModified\":\"2024-12-06T18:38:59+00:00\",\"description\":\"A nova linha de marcadores Ecowrite re\u00fane produtos de alta qualidade com mais sustentabilidade para combinar com seu estilo de vida.\",\"breadcrumb\":{\"@id\":\"https:\/\/mettapapelaria.com.br\/catalogo\/produto\/marca-texto-hype-neon-maxprint\/#breadcrumb\"},\"inLanguage\":\"pt-BR\",\"potentialAction\":[{\"@type\":\"ReadAction\",\"target\":[\"https:\/\/mettapapelaria.com.br\/catalogo\/produto\/marca-texto-hype-neon-maxprint\/\"]}]},{\"@type\":\"ImageObject\",\"inLanguage\":\"pt-BR\",\"@id\":\"https:\/\/mettapapelaria.com.br\/catalogo\/produto\/marca-texto-hype-neon-maxprint\/#primaryimage\",\"url\":\"https:\/\/mettapapelaria.com.br\/catalogo\/wp-content\/uploads\/2024\/12\/Copy-of-BIBLIOCANTO-PASTEL-MAXCRIL-56.png\",\"contentUrl\":\"https:\/\/mettapapelaria.com.br\/catalogo\/wp-content\/uploads\/2024\/12\/Copy-of-BIBLIOCANTO-PASTEL-MAXCRIL-56.png\",\"width\":500,\"height\":500},{\"@type\":\"BreadcrumbList\",\"@id\":\"https:\/\/mettapapelaria.com.br\/catalogo\/produto\/marca-texto-hype-neon-maxprint\/#breadcrumb\",\"itemListElement\":[{\"@type\":\"ListItem\",\"position\":1,\"name\":\"In\u00edcio\",\"item\":\"https:\/\/mettapapelaria.com.br\/catalogo\/\"},{\"@type\":\"ListItem\",\"position\":2,\"name\":\"Shop\",\"item\":\"https:\/\/mettapapelaria.com.br\/catalogo\/shop\/\"},{\"@type\":\"ListItem\",\"position\":3,\"name\":\"MARCA TEXTO HYPE NEON MAXPRINT\"}]},{\"@type\":\"WebSite\",\"@id\":\"https:\/\/mettapapelaria.com.br\/catalogo\/#website\",\"url\":\"https:\/\/mettapapelaria.com.br\/catalogo\/\",\"name\":\"Metta Papelaria\",\"description\":\"Materiais e equipamentos de escrit\u00f3rio, suprimentos para inform\u00e1tica, e uma diversificada linha de material escolar\",\"publisher\":{\"@id\":\"https:\/\/mettapapelaria.com.br\/catalogo\/#organization\"},\"potentialAction\":[{\"@type\":\"SearchAction\",\"target\":{\"@type\":\"EntryPoint\",\"urlTemplate\":\"https:\/\/mettapapelaria.com.br\/catalogo\/?s={search_term_string}\"},\"query-input\":{\"@type\":\"PropertyValueSpecification\",\"valueRequired\":true,\"valueName\":\"search_term_string\"}}],\"inLanguage\":\"pt-BR\"},{\"@type\":\"Organization\",\"@id\":\"https:\/\/mettapapelaria.com.br\/catalogo\/#organization\",\"name\":\"Metta Papelaria\",\"url\":\"https:\/\/mettapapelaria.com.br\/catalogo\/\",\"logo\":{\"@type\":\"ImageObject\",\"inLanguage\":\"pt-BR\",\"@id\":\"https:\/\/mettapapelaria.com.br\/catalogo\/#\/schema\/logo\/image\/\",\"url\":\"https:\/\/mettapapelaria.com.br\/catalogo\/wp-content\/uploads\/2023\/12\/cropped-favicon-Metta_512-1.png\",\"contentUrl\":\"https:\/\/mettapapelaria.com.br\/catalogo\/wp-content\/uploads\/2023\/12\/cropped-favicon-Metta_512-1.png\",\"width\":512,\"height\":512,\"caption\":\"Metta Papelaria\"},\"image\":{\"@id\":\"https:\/\/mettapapelaria.com.br\/catalogo\/#\/schema\/logo\/image\/\"},\"sameAs\":[\"https:\/\/www.facebook.com\/mettapapelaria\/\",\"https:\/\/www.instagram.com\/papelariametta\/\"]}]}<\/script>\n<!-- \/ Yoast SEO plugin. -->","yoast_head_json":{"title":"MARCA TEXTO HYPE NEON MAXPRINT - Metta Papelaria","description":"A nova linha de marcadores Ecowrite re\u00fane produtos de alta qualidade com mais sustentabilidade para combinar com seu estilo de vida.","robots":{"index":"index","follow":"follow","max-snippet":"max-snippet:-1","max-image-preview":"max-image-preview:large","max-video-preview":"max-video-preview:-1"},"canonical":"https:\/\/mettapapelaria.com.br\/catalogo\/produto\/marca-texto-hype-neon-maxprint\/","og_locale":"pt_BR","og_type":"article","og_title":"MARCA TEXTO HYPE NEON MAXPRINT - Metta Papelaria","og_description":"A nova linha de marcadores Ecowrite re\u00fane produtos de alta qualidade com mais sustentabilidade para combinar com seu estilo de vida.","og_url":"https:\/\/mettapapelaria.com.br\/catalogo\/produto\/marca-texto-hype-neon-maxprint\/","og_site_name":"Metta Papelaria","article_publisher":"https:\/\/www.facebook.com\/mettapapelaria\/","article_modified_time":"2024-12-06T18:38:59+00:00","og_image":[{"width":500,"height":500,"url":"https:\/\/mettapapelaria.com.br\/catalogo\/wp-content\/uploads\/2024\/12\/Copy-of-BIBLIOCANTO-PASTEL-MAXCRIL-56.png","type":"image\/png"}],"twitter_card":"summary_large_image","twitter_misc":{"Est. tempo de leitura":"1 minuto"},"schema":{"@context":"https:\/\/schema.org","@graph":[{"@type":"WebPage","@id":"https:\/\/mettapapelaria.com.br\/catalogo\/produto\/marca-texto-hype-neon-maxprint\/","url":"https:\/\/mettapapelaria.com.br\/catalogo\/produto\/marca-texto-hype-neon-maxprint\/","name":"MARCA TEXTO HYPE NEON MAXPRINT - Metta Papelaria","isPartOf":{"@id":"https:\/\/mettapapelaria.com.br\/catalogo\/#website"},"primaryImageOfPage":{"@id":"https:\/\/mettapapelaria.com.br\/catalogo\/produto\/marca-texto-hype-neon-maxprint\/#primaryimage"},"image":{"@id":"https:\/\/mettapapelaria.com.br\/catalogo\/produto\/marca-texto-hype-neon-maxprint\/#primaryimage"},"thumbnailUrl":"https:\/\/mettapapelaria.com.br\/catalogo\/wp-content\/uploads\/2024\/12\/Copy-of-BIBLIOCANTO-PASTEL-MAXCRIL-56.png","datePublished":"2024-12-06T18:38:58+00:00","dateModified":"2024-12-06T18:38:59+00:00","description":"A nova linha de marcadores Ecowrite re\u00fane produtos de alta qualidade com mais sustentabilidade para combinar com seu estilo de vida.","breadcrumb":{"@id":"https:\/\/mettapapelaria.com.br\/catalogo\/produto\/marca-texto-hype-neon-maxprint\/#breadcrumb"},"inLanguage":"pt-BR","potentialAction":[{"@type":"ReadAction","target":["https:\/\/mettapapelaria.com.br\/catalogo\/produto\/marca-texto-hype-neon-maxprint\/"]}]},{"@type":"ImageObject","inLanguage":"pt-BR","@id":"https:\/\/mettapapelaria.com.br\/catalogo\/produto\/marca-texto-hype-neon-maxprint\/#primaryimage","url":"https:\/\/mettapapelaria.com.br\/catalogo\/wp-content\/uploads\/2024\/12\/Copy-of-BIBLIOCANTO-PASTEL-MAXCRIL-56.png","contentUrl":"https:\/\/mettapapelaria.com.br\/catalogo\/wp-content\/uploads\/2024\/12\/Copy-of-BIBLIOCANTO-PASTEL-MAXCRIL-56.png","width":500,"height":500},{"@type":"BreadcrumbList","@id":"https:\/\/mettapapelaria.com.br\/catalogo\/produto\/marca-texto-hype-neon-maxprint\/#breadcrumb","itemListElement":[{"@type":"ListItem","position":1,"name":"In\u00edcio","item":"https:\/\/mettapapelaria.com.br\/catalogo\/"},{"@type":"ListItem","position":2,"name":"Shop","item":"https:\/\/mettapapelaria.com.br\/catalogo\/shop\/"},{"@type":"ListItem","position":3,"name":"MARCA TEXTO HYPE NEON MAXPRINT"}]},{"@type":"WebSite","@id":"https:\/\/mettapapelaria.com.br\/catalogo\/#website","url":"https:\/\/mettapapelaria.com.br\/catalogo\/","name":"Metta Papelaria","description":"Materiais e equipamentos de escrit\u00f3rio, suprimentos para inform\u00e1tica, e uma diversificada linha de material escolar","publisher":{"@id":"https:\/\/mettapapelaria.com.br\/catalogo\/#organization"},"potentialAction":[{"@type":"SearchAction","target":{"@type":"EntryPoint","urlTemplate":"https:\/\/mettapapelaria.com.br\/catalogo\/?s={search_term_string}"},"query-input":{"@type":"PropertyValueSpecification","valueRequired":true,"valueName":"search_term_string"}}],"inLanguage":"pt-BR"},{"@type":"Organization","@id":"https:\/\/mettapapelaria.com.br\/catalogo\/#organization","name":"Metta Papelaria","url":"https:\/\/mettapapelaria.com.br\/catalogo\/","logo":{"@type":"ImageObject","inLanguage":"pt-BR","@id":"https:\/\/mettapapelaria.com.br\/catalogo\/#\/schema\/logo\/image\/","url":"https:\/\/mettapapelaria.com.br\/catalogo\/wp-content\/uploads\/2023\/12\/cropped-favicon-Metta_512-1.png","contentUrl":"https:\/\/mettapapelaria.com.br\/catalogo\/wp-content\/uploads\/2023\/12\/cropped-favicon-Metta_512-1.png","width":512,"height":512,"caption":"Metta Papelaria"},"image":{"@id":"https:\/\/mettapapelaria.com.br\/catalogo\/#\/schema\/logo\/image\/"},"sameAs":["https:\/\/www.facebook.com\/mettapapelaria\/","https:\/\/www.instagram.com\/papelariametta\/"]}]}},"_links":{"self":[{"href":"https:\/\/mettapapelaria.com.br\/catalogo\/wp-json\/wp\/v2\/product\/9185","targetHints":{"allow":["GET"]}}],"collection":[{"href":"https:\/\/mettapapelaria.com.br\/catalogo\/wp-json\/wp\/v2\/product"}],"about":[{"href":"https:\/\/mettapapelaria.com.br\/catalogo\/wp-json\/wp\/v2\/types\/product"}],"replies":[{"embeddable":true,"href":"https:\/\/mettapapelaria.com.br\/catalogo\/wp-json\/wp\/v2\/comments?post=9185"}],"version-history":[{"count":1,"href":"https:\/\/mettapapelaria.com.br\/catalogo\/wp-json\/wp\/v2\/product\/9185\/revisions"}],"predecessor-version":[{"id":9187,"href":"https:\/\/mettapapelaria.com.br\/catalogo\/wp-json\/wp\/v2\/product\/9185\/revisions\/9187"}],"wp:featuredmedia":[{"embeddable":true,"href":"https:\/\/mettapapelaria.com.br\/catalogo\/wp-json\/wp\/v2\/media\/9186"}],"wp:attachment":[{"href":"https:\/\/mettapapelaria.com.br\/catalogo\/wp-json\/wp\/v2\/media?parent=9185"}],"wp:term":[{"taxonomy":"brand","embeddable":true,"href":"https:\/\/mettapapelaria.com.br\/catalogo\/wp-json\/wp\/v2\/etheme_brands?post=9185"},{"taxonomy":"product_brand","embeddable":true,"href":"https:\/\/mettapapelaria.com.br\/catalogo\/wp-json\/wp\/v2\/product_brand?post=9185"},{"taxonomy":"product_cat","embeddable":true,"href":"https:\/\/mettapapelaria.com.br\/catalogo\/wp-json\/wp\/v2\/product_cat?post=9185"},{"taxonomy":"product_tag","embeddable":true,"href":"https:\/\/mettapapelaria.com.br\/catalogo\/wp-json\/wp\/v2\/product_tag?post=9185"}],"curies":[{"name":"wp","href":"https:\/\/api.w.org\/{rel}","templated":true}]}}