{"id":9165,"date":"2024-12-06T14:14:17","date_gmt":"2024-12-06T17:14:17","guid":{"rendered":"https:\/\/mettapapelaria.com.br\/catalogo\/?post_type=product&#038;p=9165"},"modified":"2024-12-06T14:14:18","modified_gmt":"2024-12-06T17:14:18","slug":"livro-arte-e-cor-stitch-culturama","status":"publish","type":"product","link":"https:\/\/mettapapelaria.com.br\/catalogo\/produto\/livro-arte-e-cor-stitch-culturama\/","title":{"rendered":"LIVRO ARTE E COR STITCH CULTURAMA"},"content":{"rendered":"<div id=\"bookDescription_feature_div\" class=\"celwidget\" data-feature-name=\"bookDescription\" data-csa-c-type=\"widget\" data-csa-c-content-id=\"bookDescription\" data-csa-c-slot-id=\"bookDescription_feature_div\" data-csa-c-asin=\"8594728956\" data-csa-c-is-in-initial-active-row=\"false\" data-csa-c-id=\"iyok58-gwbnq6-z99qmm-bkurx0\" data-cel-widget=\"bookDescription_feature_div\">\n<div class=\"a-expander-collapsed-height a-row a-expander-container a-spacing-base a-expander-partial-collapse-container\" data-a-expander-name=\"book_description_expander\" data-a-expander-collapsed-height=\"280\">\n<div class=\"a-expander-content a-expander-partial-collapse-content\" data-expanded=\"false\">Divirta-se colorindo personagens e cen\u00e1rios do universo de Stitch! Com este livro, voc\u00ea vai soltar a imagina\u00e7\u00e3o e a criatividade a cada p\u00e1gina.<\/div>\n<\/div>\n<\/div>\n<div id=\"globalStoreInfoBullets_feature_div\" class=\"celwidget\" data-feature-name=\"globalStoreInfoBullets\" data-csa-c-type=\"widget\" data-csa-c-content-id=\"globalStoreInfoBullets\" data-csa-c-slot-id=\"globalStoreInfoBullets_feature_div\" data-csa-c-asin=\"8594728956\" data-csa-c-is-in-initial-active-row=\"false\" data-csa-c-id=\"21qrvp-cxju2n-kpax4q-dwp7bn\" data-cel-widget=\"globalStoreInfoBullets_feature_div\"><\/div>\n<div id=\"buyingOptionNostosBadge_feature_div\" class=\"celwidget\" data-feature-name=\"buyingOptionNostosBadge\" data-csa-c-type=\"widget\" data-csa-c-content-id=\"buyingOptionNostosBadge\" data-csa-c-slot-id=\"buyingOptionNostosBadge_feature_div\" data-csa-c-asin=\"8594728956\" data-csa-c-is-in-initial-active-row=\"false\" data-csa-c-id=\"ljakyf-sfh9zg-ps03dd-yw5500\" data-cel-widget=\"buyingOptionNostosBadge_feature_div\"><\/div>\n<div id=\"tellAmazon_feature_div\" class=\"celwidget\" data-feature-name=\"tellAmazon\" data-csa-c-type=\"widget\" data-csa-c-content-id=\"tellAmazon\" data-csa-c-slot-id=\"tellAmazon_feature_div\" data-csa-c-asin=\"8594728956\" data-csa-c-is-in-initial-active-row=\"false\" data-csa-c-id=\"2r9tbi-ruyx28-alfj3e-3jffdp\" data-cel-widget=\"tellAmazon_feature_div\">\n<div class=\"celwidget c-f\" data-csa-op-log-render=\"\" data-csa-c-content-id=\"DsUnknown\" data-csa-c-slot-id=\"DsUnknown-2\" data-csa-c-type=\"widget\" data-csa-c-painter=\"tell-amazon-desktop-cards\" data-csa-c-id=\"ukimbc-pacolo-hxkn4k-bfpx0n\" data-cel-widget=\"tell-amazon-desktop_DetailPage_1\">\n<div id=\"CardInstance5m4zfH-DvSXxsCrjmdT3qQ\" data-card-metrics-id=\"tell-amazon-desktop_DetailPage_1\" data-acp-tracking=\"{}\" data-mix-claimed=\"true\">\n<div class=\"_tell-amazon-desktop_style_tell_amazon_div__1YDZk\" data-asin=\"8594728956\" data-marketplace=\"A2Q3Y263D00KWC\" data-logged-in=\"false\"><\/div>\n<\/div>\n<\/div>\n<\/div>\n","protected":false},"excerpt":{"rendered":"<p>Divirta-se colorindo personagens e cen\u00e1rios do universo de Stitch! Com este livro, voc\u00ea vai soltar a imagina\u00e7\u00e3o e a criatividade a cada p\u00e1gina.<\/p>\n","protected":false},"featured_media":9166,"comment_status":"open","ping_status":"closed","template":"","meta":[],"etheme_brands":[{"term_id":854,"name":"Culturama","slug":"culturama","term_group":0,"term_taxonomy_id":854,"taxonomy":"brand","description":"","parent":0,"count":2,"filter":"raw"}],"product_brand":[],"product_cat":[24],"product_tag":[254,338,397,293,396,276,316,395,255,294,292,256,846,227,225,239,844,317,318],"class_list":{"0":"post-9165","1":"product","2":"type-product","3":"status-publish","4":"has-post-thumbnail","6":"brand-culturama","7":"product_cat-dicionarios-livros-mapas","8":"product_tag-casa","9":"product_tag-colorido","10":"product_tag-cores-pasteis","11":"product_tag-crianca","12":"product_tag-cute","13":"product_tag-escola","14":"product_tag-estudante","15":"product_tag-fofo","16":"product_tag-home","17":"product_tag-infantil","18":"product_tag-kids","19":"product_tag-lar","20":"product_tag-livro-de-colorir","21":"product_tag-material-escolar","22":"product_tag-metta-papelaria","23":"product_tag-organizacao","24":"product_tag-stitich","25":"product_tag-study","26":"product_tag-volta-as-aulas","28":"first","29":"instock","30":"sold-individually","31":"shipping-taxable","32":"purchasable","33":"product-type-simple"},"yoast_head":"<!-- This site is optimized with the Yoast SEO plugin v26.9 - https:\/\/yoast.com\/product\/yoast-seo-wordpress\/ -->\n<title>LIVRO ARTE E COR STITCH CULTURAMA - Metta Papelaria<\/title>\n<meta name=\"description\" content=\"Divirta-se colorindo personagens e cen\u00e1rios do universo de Stitch! Com este livro, voc\u00ea vai soltar a imagina\u00e7\u00e3o e a criatividade a cada p\u00e1gina.\" \/>\n<meta name=\"robots\" content=\"index, follow, max-snippet:-1, max-image-preview:large, max-video-preview:-1\" \/>\n<link rel=\"canonical\" href=\"https:\/\/mettapapelaria.com.br\/catalogo\/produto\/livro-arte-e-cor-stitch-culturama\/\" \/>\n<meta property=\"og:locale\" content=\"pt_BR\" \/>\n<meta property=\"og:type\" content=\"article\" \/>\n<meta property=\"og:title\" content=\"LIVRO ARTE E COR STITCH CULTURAMA - Metta Papelaria\" \/>\n<meta property=\"og:description\" content=\"Divirta-se colorindo personagens e cen\u00e1rios do universo de Stitch! Com este livro, voc\u00ea vai soltar a imagina\u00e7\u00e3o e a criatividade a cada p\u00e1gina.\" \/>\n<meta property=\"og:url\" content=\"https:\/\/mettapapelaria.com.br\/catalogo\/produto\/livro-arte-e-cor-stitch-culturama\/\" \/>\n<meta property=\"og:site_name\" content=\"Metta Papelaria\" \/>\n<meta property=\"article:publisher\" content=\"https:\/\/www.facebook.com\/mettapapelaria\/\" \/>\n<meta property=\"article:modified_time\" content=\"2024-12-06T17:14:18+00:00\" \/>\n<meta property=\"og:image\" content=\"https:\/\/mettapapelaria.com.br\/catalogo\/wp-content\/uploads\/2024\/12\/Copy-of-BIBLIOCANTO-PASTEL-MAXCRIL-49.png\" \/>\n\t<meta property=\"og:image:width\" content=\"500\" \/>\n\t<meta property=\"og:image:height\" content=\"500\" \/>\n\t<meta property=\"og:image:type\" content=\"image\/png\" \/>\n<meta name=\"twitter:card\" content=\"summary_large_image\" \/>\n<meta name=\"twitter:label1\" content=\"Est. tempo de leitura\" \/>\n\t<meta name=\"twitter:data1\" content=\"1 minuto\" \/>\n<script type=\"application\/ld+json\" class=\"yoast-schema-graph\">{\"@context\":\"https:\/\/schema.org\",\"@graph\":[{\"@type\":\"WebPage\",\"@id\":\"https:\/\/mettapapelaria.com.br\/catalogo\/produto\/livro-arte-e-cor-stitch-culturama\/\",\"url\":\"https:\/\/mettapapelaria.com.br\/catalogo\/produto\/livro-arte-e-cor-stitch-culturama\/\",\"name\":\"LIVRO ARTE E COR STITCH CULTURAMA - Metta Papelaria\",\"isPartOf\":{\"@id\":\"https:\/\/mettapapelaria.com.br\/catalogo\/#website\"},\"primaryImageOfPage\":{\"@id\":\"https:\/\/mettapapelaria.com.br\/catalogo\/produto\/livro-arte-e-cor-stitch-culturama\/#primaryimage\"},\"image\":{\"@id\":\"https:\/\/mettapapelaria.com.br\/catalogo\/produto\/livro-arte-e-cor-stitch-culturama\/#primaryimage\"},\"thumbnailUrl\":\"https:\/\/mettapapelaria.com.br\/catalogo\/wp-content\/uploads\/2024\/12\/Copy-of-BIBLIOCANTO-PASTEL-MAXCRIL-49.png\",\"datePublished\":\"2024-12-06T17:14:17+00:00\",\"dateModified\":\"2024-12-06T17:14:18+00:00\",\"description\":\"Divirta-se colorindo personagens e cen\u00e1rios do universo de Stitch! Com este livro, voc\u00ea vai soltar a imagina\u00e7\u00e3o e a criatividade a cada p\u00e1gina.\",\"breadcrumb\":{\"@id\":\"https:\/\/mettapapelaria.com.br\/catalogo\/produto\/livro-arte-e-cor-stitch-culturama\/#breadcrumb\"},\"inLanguage\":\"pt-BR\",\"potentialAction\":[{\"@type\":\"ReadAction\",\"target\":[\"https:\/\/mettapapelaria.com.br\/catalogo\/produto\/livro-arte-e-cor-stitch-culturama\/\"]}]},{\"@type\":\"ImageObject\",\"inLanguage\":\"pt-BR\",\"@id\":\"https:\/\/mettapapelaria.com.br\/catalogo\/produto\/livro-arte-e-cor-stitch-culturama\/#primaryimage\",\"url\":\"https:\/\/mettapapelaria.com.br\/catalogo\/wp-content\/uploads\/2024\/12\/Copy-of-BIBLIOCANTO-PASTEL-MAXCRIL-49.png\",\"contentUrl\":\"https:\/\/mettapapelaria.com.br\/catalogo\/wp-content\/uploads\/2024\/12\/Copy-of-BIBLIOCANTO-PASTEL-MAXCRIL-49.png\",\"width\":500,\"height\":500},{\"@type\":\"BreadcrumbList\",\"@id\":\"https:\/\/mettapapelaria.com.br\/catalogo\/produto\/livro-arte-e-cor-stitch-culturama\/#breadcrumb\",\"itemListElement\":[{\"@type\":\"ListItem\",\"position\":1,\"name\":\"In\u00edcio\",\"item\":\"https:\/\/mettapapelaria.com.br\/catalogo\/\"},{\"@type\":\"ListItem\",\"position\":2,\"name\":\"Shop\",\"item\":\"https:\/\/mettapapelaria.com.br\/catalogo\/shop\/\"},{\"@type\":\"ListItem\",\"position\":3,\"name\":\"LIVRO ARTE E COR STITCH CULTURAMA\"}]},{\"@type\":\"WebSite\",\"@id\":\"https:\/\/mettapapelaria.com.br\/catalogo\/#website\",\"url\":\"https:\/\/mettapapelaria.com.br\/catalogo\/\",\"name\":\"Metta Papelaria\",\"description\":\"Materiais e equipamentos de escrit\u00f3rio, suprimentos para inform\u00e1tica, e uma diversificada linha de material escolar\",\"publisher\":{\"@id\":\"https:\/\/mettapapelaria.com.br\/catalogo\/#organization\"},\"potentialAction\":[{\"@type\":\"SearchAction\",\"target\":{\"@type\":\"EntryPoint\",\"urlTemplate\":\"https:\/\/mettapapelaria.com.br\/catalogo\/?s={search_term_string}\"},\"query-input\":{\"@type\":\"PropertyValueSpecification\",\"valueRequired\":true,\"valueName\":\"search_term_string\"}}],\"inLanguage\":\"pt-BR\"},{\"@type\":\"Organization\",\"@id\":\"https:\/\/mettapapelaria.com.br\/catalogo\/#organization\",\"name\":\"Metta Papelaria\",\"url\":\"https:\/\/mettapapelaria.com.br\/catalogo\/\",\"logo\":{\"@type\":\"ImageObject\",\"inLanguage\":\"pt-BR\",\"@id\":\"https:\/\/mettapapelaria.com.br\/catalogo\/#\/schema\/logo\/image\/\",\"url\":\"https:\/\/mettapapelaria.com.br\/catalogo\/wp-content\/uploads\/2023\/12\/cropped-favicon-Metta_512-1.png\",\"contentUrl\":\"https:\/\/mettapapelaria.com.br\/catalogo\/wp-content\/uploads\/2023\/12\/cropped-favicon-Metta_512-1.png\",\"width\":512,\"height\":512,\"caption\":\"Metta Papelaria\"},\"image\":{\"@id\":\"https:\/\/mettapapelaria.com.br\/catalogo\/#\/schema\/logo\/image\/\"},\"sameAs\":[\"https:\/\/www.facebook.com\/mettapapelaria\/\",\"https:\/\/www.instagram.com\/papelariametta\/\"]}]}<\/script>\n<!-- \/ Yoast SEO plugin. -->","yoast_head_json":{"title":"LIVRO ARTE E COR STITCH CULTURAMA - Metta Papelaria","description":"Divirta-se colorindo personagens e cen\u00e1rios do universo de Stitch! Com este livro, voc\u00ea vai soltar a imagina\u00e7\u00e3o e a criatividade a cada p\u00e1gina.","robots":{"index":"index","follow":"follow","max-snippet":"max-snippet:-1","max-image-preview":"max-image-preview:large","max-video-preview":"max-video-preview:-1"},"canonical":"https:\/\/mettapapelaria.com.br\/catalogo\/produto\/livro-arte-e-cor-stitch-culturama\/","og_locale":"pt_BR","og_type":"article","og_title":"LIVRO ARTE E COR STITCH CULTURAMA - Metta Papelaria","og_description":"Divirta-se colorindo personagens e cen\u00e1rios do universo de Stitch! Com este livro, voc\u00ea vai soltar a imagina\u00e7\u00e3o e a criatividade a cada p\u00e1gina.","og_url":"https:\/\/mettapapelaria.com.br\/catalogo\/produto\/livro-arte-e-cor-stitch-culturama\/","og_site_name":"Metta Papelaria","article_publisher":"https:\/\/www.facebook.com\/mettapapelaria\/","article_modified_time":"2024-12-06T17:14:18+00:00","og_image":[{"width":500,"height":500,"url":"https:\/\/mettapapelaria.com.br\/catalogo\/wp-content\/uploads\/2024\/12\/Copy-of-BIBLIOCANTO-PASTEL-MAXCRIL-49.png","type":"image\/png"}],"twitter_card":"summary_large_image","twitter_misc":{"Est. tempo de leitura":"1 minuto"},"schema":{"@context":"https:\/\/schema.org","@graph":[{"@type":"WebPage","@id":"https:\/\/mettapapelaria.com.br\/catalogo\/produto\/livro-arte-e-cor-stitch-culturama\/","url":"https:\/\/mettapapelaria.com.br\/catalogo\/produto\/livro-arte-e-cor-stitch-culturama\/","name":"LIVRO ARTE E COR STITCH CULTURAMA - Metta Papelaria","isPartOf":{"@id":"https:\/\/mettapapelaria.com.br\/catalogo\/#website"},"primaryImageOfPage":{"@id":"https:\/\/mettapapelaria.com.br\/catalogo\/produto\/livro-arte-e-cor-stitch-culturama\/#primaryimage"},"image":{"@id":"https:\/\/mettapapelaria.com.br\/catalogo\/produto\/livro-arte-e-cor-stitch-culturama\/#primaryimage"},"thumbnailUrl":"https:\/\/mettapapelaria.com.br\/catalogo\/wp-content\/uploads\/2024\/12\/Copy-of-BIBLIOCANTO-PASTEL-MAXCRIL-49.png","datePublished":"2024-12-06T17:14:17+00:00","dateModified":"2024-12-06T17:14:18+00:00","description":"Divirta-se colorindo personagens e cen\u00e1rios do universo de Stitch! Com este livro, voc\u00ea vai soltar a imagina\u00e7\u00e3o e a criatividade a cada p\u00e1gina.","breadcrumb":{"@id":"https:\/\/mettapapelaria.com.br\/catalogo\/produto\/livro-arte-e-cor-stitch-culturama\/#breadcrumb"},"inLanguage":"pt-BR","potentialAction":[{"@type":"ReadAction","target":["https:\/\/mettapapelaria.com.br\/catalogo\/produto\/livro-arte-e-cor-stitch-culturama\/"]}]},{"@type":"ImageObject","inLanguage":"pt-BR","@id":"https:\/\/mettapapelaria.com.br\/catalogo\/produto\/livro-arte-e-cor-stitch-culturama\/#primaryimage","url":"https:\/\/mettapapelaria.com.br\/catalogo\/wp-content\/uploads\/2024\/12\/Copy-of-BIBLIOCANTO-PASTEL-MAXCRIL-49.png","contentUrl":"https:\/\/mettapapelaria.com.br\/catalogo\/wp-content\/uploads\/2024\/12\/Copy-of-BIBLIOCANTO-PASTEL-MAXCRIL-49.png","width":500,"height":500},{"@type":"BreadcrumbList","@id":"https:\/\/mettapapelaria.com.br\/catalogo\/produto\/livro-arte-e-cor-stitch-culturama\/#breadcrumb","itemListElement":[{"@type":"ListItem","position":1,"name":"In\u00edcio","item":"https:\/\/mettapapelaria.com.br\/catalogo\/"},{"@type":"ListItem","position":2,"name":"Shop","item":"https:\/\/mettapapelaria.com.br\/catalogo\/shop\/"},{"@type":"ListItem","position":3,"name":"LIVRO ARTE E COR STITCH CULTURAMA"}]},{"@type":"WebSite","@id":"https:\/\/mettapapelaria.com.br\/catalogo\/#website","url":"https:\/\/mettapapelaria.com.br\/catalogo\/","name":"Metta Papelaria","description":"Materiais e equipamentos de escrit\u00f3rio, suprimentos para inform\u00e1tica, e uma diversificada linha de material escolar","publisher":{"@id":"https:\/\/mettapapelaria.com.br\/catalogo\/#organization"},"potentialAction":[{"@type":"SearchAction","target":{"@type":"EntryPoint","urlTemplate":"https:\/\/mettapapelaria.com.br\/catalogo\/?s={search_term_string}"},"query-input":{"@type":"PropertyValueSpecification","valueRequired":true,"valueName":"search_term_string"}}],"inLanguage":"pt-BR"},{"@type":"Organization","@id":"https:\/\/mettapapelaria.com.br\/catalogo\/#organization","name":"Metta Papelaria","url":"https:\/\/mettapapelaria.com.br\/catalogo\/","logo":{"@type":"ImageObject","inLanguage":"pt-BR","@id":"https:\/\/mettapapelaria.com.br\/catalogo\/#\/schema\/logo\/image\/","url":"https:\/\/mettapapelaria.com.br\/catalogo\/wp-content\/uploads\/2023\/12\/cropped-favicon-Metta_512-1.png","contentUrl":"https:\/\/mettapapelaria.com.br\/catalogo\/wp-content\/uploads\/2023\/12\/cropped-favicon-Metta_512-1.png","width":512,"height":512,"caption":"Metta Papelaria"},"image":{"@id":"https:\/\/mettapapelaria.com.br\/catalogo\/#\/schema\/logo\/image\/"},"sameAs":["https:\/\/www.facebook.com\/mettapapelaria\/","https:\/\/www.instagram.com\/papelariametta\/"]}]}},"_links":{"self":[{"href":"https:\/\/mettapapelaria.com.br\/catalogo\/wp-json\/wp\/v2\/product\/9165","targetHints":{"allow":["GET"]}}],"collection":[{"href":"https:\/\/mettapapelaria.com.br\/catalogo\/wp-json\/wp\/v2\/product"}],"about":[{"href":"https:\/\/mettapapelaria.com.br\/catalogo\/wp-json\/wp\/v2\/types\/product"}],"replies":[{"embeddable":true,"href":"https:\/\/mettapapelaria.com.br\/catalogo\/wp-json\/wp\/v2\/comments?post=9165"}],"version-history":[{"count":1,"href":"https:\/\/mettapapelaria.com.br\/catalogo\/wp-json\/wp\/v2\/product\/9165\/revisions"}],"predecessor-version":[{"id":9167,"href":"https:\/\/mettapapelaria.com.br\/catalogo\/wp-json\/wp\/v2\/product\/9165\/revisions\/9167"}],"wp:featuredmedia":[{"embeddable":true,"href":"https:\/\/mettapapelaria.com.br\/catalogo\/wp-json\/wp\/v2\/media\/9166"}],"wp:attachment":[{"href":"https:\/\/mettapapelaria.com.br\/catalogo\/wp-json\/wp\/v2\/media?parent=9165"}],"wp:term":[{"taxonomy":"brand","embeddable":true,"href":"https:\/\/mettapapelaria.com.br\/catalogo\/wp-json\/wp\/v2\/etheme_brands?post=9165"},{"taxonomy":"product_brand","embeddable":true,"href":"https:\/\/mettapapelaria.com.br\/catalogo\/wp-json\/wp\/v2\/product_brand?post=9165"},{"taxonomy":"product_cat","embeddable":true,"href":"https:\/\/mettapapelaria.com.br\/catalogo\/wp-json\/wp\/v2\/product_cat?post=9165"},{"taxonomy":"product_tag","embeddable":true,"href":"https:\/\/mettapapelaria.com.br\/catalogo\/wp-json\/wp\/v2\/product_tag?post=9165"}],"curies":[{"name":"wp","href":"https:\/\/api.w.org\/{rel}","templated":true}]}}