{"id":9156,"date":"2024-12-06T13:55:48","date_gmt":"2024-12-06T16:55:48","guid":{"rendered":"https:\/\/mettapapelaria.com.br\/catalogo\/?post_type=product&#038;p=9156"},"modified":"2024-12-06T13:55:49","modified_gmt":"2024-12-06T16:55:49","slug":"refil-para-plastificacao-a4-100fls-mares","status":"publish","type":"product","link":"https:\/\/mettapapelaria.com.br\/catalogo\/produto\/refil-para-plastificacao-a4-100fls-mares\/","title":{"rendered":"REFIL PARA PLASTIFICA\u00c7\u00c3O A4 100FLS MARES"},"content":{"rendered":"<p>O Pl\u00e1stico para Plastifica\u00e7\u00e3o Mares formato A4 \u00e9 um kit essencial para quem busca preservar e proteger documentos, fotografias e certificados de forma pr\u00e1tica e eficaz. Este conjunto inclui 100 folhas de plastifica\u00e7\u00e3o de alta qualidade, projetadas especialmente para o formato padr\u00e3o A4.<\/p>\n<p>Cada folha \u00e9 meticulosamente produzida pela renomada marca Mares, conhecida por sua excel\u00eancia em materiais de escrit\u00f3rio. Com a espessura ideal, oferece uma plastifica\u00e7\u00e3o uniforme e sem imperfei\u00e7\u00f5es, mantendo o conte\u00fado protegido contra desgaste, umidade e rasgos.<\/p>\n<p>A aplica\u00e7\u00e3o \u00e9 simples e r\u00e1pida, podendo ser utilizada em uma variedade de m\u00e1quinas de plastifica\u00e7\u00e3o. O resultado final \u00e9 um acabamento profissional e transparente que real\u00e7a a apar\u00eancia dos documentos, sem prejudicar a legibilidade.<\/p>\n<p>Seja para organizar e preservar documentos importantes, criar materiais de apresenta\u00e7\u00e3o ou produzir recursos did\u00e1ticos dur\u00e1veis, o Pl\u00e1stico para Plastifica\u00e7\u00e3o Mares \u00e9 uma escolha confi\u00e1vel e pr\u00e1tica. Invista na prote\u00e7\u00e3o de seus documentos e assegure-se de que permane\u00e7am em perfeito estado com este conjunto de alta qualidade\u00a0da\u00a0Mares.<br \/>\nPlastifica quais documentos: A4<\/p>\n","protected":false},"excerpt":{"rendered":"<p>O Pl\u00e1stico para Plastifica\u00e7\u00e3o Mares formato A4 \u00e9 um kit essencial para quem busca preservar e proteger documentos, fotografias e certificados de forma pr\u00e1tica e&#8230;<\/p>\n","protected":false},"featured_media":9157,"comment_status":"open","ping_status":"closed","template":"","meta":[],"etheme_brands":[{"term_id":848,"name":"Mares","slug":"mares","term_group":0,"term_taxonomy_id":848,"taxonomy":"brand","description":"","parent":0,"count":1,"filter":"raw"}],"product_brand":[],"product_cat":[518,46],"product_tag":[254,385,255,256,228,225,622,239,849,502,850],"class_list":{"0":"post-9156","1":"product","2":"type-product","3":"status-publish","4":"has-post-thumbnail","6":"brand-mares","7":"product_cat-sem-categoria","8":"product_cat-encadernacao-plastificacao","9":"product_tag-casa","10":"product_tag-escritorio","11":"product_tag-home","12":"product_tag-lar","13":"product_tag-material-de-escritorio","14":"product_tag-metta-papelaria","15":"product_tag-office","16":"product_tag-organizacao","17":"product_tag-plastificacao","18":"product_tag-refil","19":"product_tag-refil-para-plastificacao","21":"first","22":"instock","23":"sold-individually","24":"shipping-taxable","25":"purchasable","26":"product-type-simple"},"yoast_head":"<!-- This site is optimized with the Yoast SEO plugin v26.9 - https:\/\/yoast.com\/product\/yoast-seo-wordpress\/ -->\n<title>REFIL PARA PLASTIFICA\u00c7\u00c3O A4 100FLS MARES - Metta Papelaria<\/title>\n<meta name=\"description\" content=\"O Pl\u00e1stico para Plastifica\u00e7\u00e3o Mares formato A4 \u00e9 um kit essencial para quem busca preservar e proteger documentos, fotografias e certificados de forma pr\u00e1tica e eficaz.\" \/>\n<meta name=\"robots\" content=\"index, follow, max-snippet:-1, max-image-preview:large, max-video-preview:-1\" \/>\n<link rel=\"canonical\" href=\"https:\/\/mettapapelaria.com.br\/catalogo\/produto\/refil-para-plastificacao-a4-100fls-mares\/\" \/>\n<meta property=\"og:locale\" content=\"pt_BR\" \/>\n<meta property=\"og:type\" content=\"article\" \/>\n<meta property=\"og:title\" content=\"REFIL PARA PLASTIFICA\u00c7\u00c3O A4 100FLS MARES - Metta Papelaria\" \/>\n<meta property=\"og:description\" content=\"O Pl\u00e1stico para Plastifica\u00e7\u00e3o Mares formato A4 \u00e9 um kit essencial para quem busca preservar e proteger documentos, fotografias e certificados de forma pr\u00e1tica e eficaz.\" \/>\n<meta property=\"og:url\" content=\"https:\/\/mettapapelaria.com.br\/catalogo\/produto\/refil-para-plastificacao-a4-100fls-mares\/\" \/>\n<meta property=\"og:site_name\" content=\"Metta Papelaria\" \/>\n<meta property=\"article:publisher\" content=\"https:\/\/www.facebook.com\/mettapapelaria\/\" \/>\n<meta property=\"article:modified_time\" content=\"2024-12-06T16:55:49+00:00\" \/>\n<meta property=\"og:image\" content=\"https:\/\/mettapapelaria.com.br\/catalogo\/wp-content\/uploads\/2024\/12\/Copy-of-BIBLIOCANTO-PASTEL-MAXCRIL-46.png\" \/>\n\t<meta property=\"og:image:width\" content=\"500\" \/>\n\t<meta property=\"og:image:height\" content=\"500\" \/>\n\t<meta property=\"og:image:type\" content=\"image\/png\" \/>\n<meta name=\"twitter:card\" content=\"summary_large_image\" \/>\n<meta name=\"twitter:label1\" content=\"Est. tempo de leitura\" \/>\n\t<meta name=\"twitter:data1\" content=\"2 minutos\" \/>\n<script type=\"application\/ld+json\" class=\"yoast-schema-graph\">{\"@context\":\"https:\/\/schema.org\",\"@graph\":[{\"@type\":\"WebPage\",\"@id\":\"https:\/\/mettapapelaria.com.br\/catalogo\/produto\/refil-para-plastificacao-a4-100fls-mares\/\",\"url\":\"https:\/\/mettapapelaria.com.br\/catalogo\/produto\/refil-para-plastificacao-a4-100fls-mares\/\",\"name\":\"REFIL PARA PLASTIFICA\u00c7\u00c3O A4 100FLS MARES - Metta Papelaria\",\"isPartOf\":{\"@id\":\"https:\/\/mettapapelaria.com.br\/catalogo\/#website\"},\"primaryImageOfPage\":{\"@id\":\"https:\/\/mettapapelaria.com.br\/catalogo\/produto\/refil-para-plastificacao-a4-100fls-mares\/#primaryimage\"},\"image\":{\"@id\":\"https:\/\/mettapapelaria.com.br\/catalogo\/produto\/refil-para-plastificacao-a4-100fls-mares\/#primaryimage\"},\"thumbnailUrl\":\"https:\/\/mettapapelaria.com.br\/catalogo\/wp-content\/uploads\/2024\/12\/Copy-of-BIBLIOCANTO-PASTEL-MAXCRIL-46.png\",\"datePublished\":\"2024-12-06T16:55:48+00:00\",\"dateModified\":\"2024-12-06T16:55:49+00:00\",\"description\":\"O Pl\u00e1stico para Plastifica\u00e7\u00e3o Mares formato A4 \u00e9 um kit essencial para quem busca preservar e proteger documentos, fotografias e certificados de forma pr\u00e1tica e eficaz.\",\"breadcrumb\":{\"@id\":\"https:\/\/mettapapelaria.com.br\/catalogo\/produto\/refil-para-plastificacao-a4-100fls-mares\/#breadcrumb\"},\"inLanguage\":\"pt-BR\",\"potentialAction\":[{\"@type\":\"ReadAction\",\"target\":[\"https:\/\/mettapapelaria.com.br\/catalogo\/produto\/refil-para-plastificacao-a4-100fls-mares\/\"]}]},{\"@type\":\"ImageObject\",\"inLanguage\":\"pt-BR\",\"@id\":\"https:\/\/mettapapelaria.com.br\/catalogo\/produto\/refil-para-plastificacao-a4-100fls-mares\/#primaryimage\",\"url\":\"https:\/\/mettapapelaria.com.br\/catalogo\/wp-content\/uploads\/2024\/12\/Copy-of-BIBLIOCANTO-PASTEL-MAXCRIL-46.png\",\"contentUrl\":\"https:\/\/mettapapelaria.com.br\/catalogo\/wp-content\/uploads\/2024\/12\/Copy-of-BIBLIOCANTO-PASTEL-MAXCRIL-46.png\",\"width\":500,\"height\":500},{\"@type\":\"BreadcrumbList\",\"@id\":\"https:\/\/mettapapelaria.com.br\/catalogo\/produto\/refil-para-plastificacao-a4-100fls-mares\/#breadcrumb\",\"itemListElement\":[{\"@type\":\"ListItem\",\"position\":1,\"name\":\"In\u00edcio\",\"item\":\"https:\/\/mettapapelaria.com.br\/catalogo\/\"},{\"@type\":\"ListItem\",\"position\":2,\"name\":\"Shop\",\"item\":\"https:\/\/mettapapelaria.com.br\/catalogo\/shop\/\"},{\"@type\":\"ListItem\",\"position\":3,\"name\":\"REFIL PARA PLASTIFICA\u00c7\u00c3O A4 100FLS MARES\"}]},{\"@type\":\"WebSite\",\"@id\":\"https:\/\/mettapapelaria.com.br\/catalogo\/#website\",\"url\":\"https:\/\/mettapapelaria.com.br\/catalogo\/\",\"name\":\"Metta Papelaria\",\"description\":\"Materiais e equipamentos de escrit\u00f3rio, suprimentos para inform\u00e1tica, e uma diversificada linha de material escolar\",\"publisher\":{\"@id\":\"https:\/\/mettapapelaria.com.br\/catalogo\/#organization\"},\"potentialAction\":[{\"@type\":\"SearchAction\",\"target\":{\"@type\":\"EntryPoint\",\"urlTemplate\":\"https:\/\/mettapapelaria.com.br\/catalogo\/?s={search_term_string}\"},\"query-input\":{\"@type\":\"PropertyValueSpecification\",\"valueRequired\":true,\"valueName\":\"search_term_string\"}}],\"inLanguage\":\"pt-BR\"},{\"@type\":\"Organization\",\"@id\":\"https:\/\/mettapapelaria.com.br\/catalogo\/#organization\",\"name\":\"Metta Papelaria\",\"url\":\"https:\/\/mettapapelaria.com.br\/catalogo\/\",\"logo\":{\"@type\":\"ImageObject\",\"inLanguage\":\"pt-BR\",\"@id\":\"https:\/\/mettapapelaria.com.br\/catalogo\/#\/schema\/logo\/image\/\",\"url\":\"https:\/\/mettapapelaria.com.br\/catalogo\/wp-content\/uploads\/2023\/12\/cropped-favicon-Metta_512-1.png\",\"contentUrl\":\"https:\/\/mettapapelaria.com.br\/catalogo\/wp-content\/uploads\/2023\/12\/cropped-favicon-Metta_512-1.png\",\"width\":512,\"height\":512,\"caption\":\"Metta Papelaria\"},\"image\":{\"@id\":\"https:\/\/mettapapelaria.com.br\/catalogo\/#\/schema\/logo\/image\/\"},\"sameAs\":[\"https:\/\/www.facebook.com\/mettapapelaria\/\",\"https:\/\/www.instagram.com\/papelariametta\/\"]}]}<\/script>\n<!-- \/ Yoast SEO plugin. -->","yoast_head_json":{"title":"REFIL PARA PLASTIFICA\u00c7\u00c3O A4 100FLS MARES - Metta Papelaria","description":"O Pl\u00e1stico para Plastifica\u00e7\u00e3o Mares formato A4 \u00e9 um kit essencial para quem busca preservar e proteger documentos, fotografias e certificados de forma pr\u00e1tica e eficaz.","robots":{"index":"index","follow":"follow","max-snippet":"max-snippet:-1","max-image-preview":"max-image-preview:large","max-video-preview":"max-video-preview:-1"},"canonical":"https:\/\/mettapapelaria.com.br\/catalogo\/produto\/refil-para-plastificacao-a4-100fls-mares\/","og_locale":"pt_BR","og_type":"article","og_title":"REFIL PARA PLASTIFICA\u00c7\u00c3O A4 100FLS MARES - Metta Papelaria","og_description":"O Pl\u00e1stico para Plastifica\u00e7\u00e3o Mares formato A4 \u00e9 um kit essencial para quem busca preservar e proteger documentos, fotografias e certificados de forma pr\u00e1tica e eficaz.","og_url":"https:\/\/mettapapelaria.com.br\/catalogo\/produto\/refil-para-plastificacao-a4-100fls-mares\/","og_site_name":"Metta Papelaria","article_publisher":"https:\/\/www.facebook.com\/mettapapelaria\/","article_modified_time":"2024-12-06T16:55:49+00:00","og_image":[{"width":500,"height":500,"url":"https:\/\/mettapapelaria.com.br\/catalogo\/wp-content\/uploads\/2024\/12\/Copy-of-BIBLIOCANTO-PASTEL-MAXCRIL-46.png","type":"image\/png"}],"twitter_card":"summary_large_image","twitter_misc":{"Est. tempo de leitura":"2 minutos"},"schema":{"@context":"https:\/\/schema.org","@graph":[{"@type":"WebPage","@id":"https:\/\/mettapapelaria.com.br\/catalogo\/produto\/refil-para-plastificacao-a4-100fls-mares\/","url":"https:\/\/mettapapelaria.com.br\/catalogo\/produto\/refil-para-plastificacao-a4-100fls-mares\/","name":"REFIL PARA PLASTIFICA\u00c7\u00c3O A4 100FLS MARES - Metta Papelaria","isPartOf":{"@id":"https:\/\/mettapapelaria.com.br\/catalogo\/#website"},"primaryImageOfPage":{"@id":"https:\/\/mettapapelaria.com.br\/catalogo\/produto\/refil-para-plastificacao-a4-100fls-mares\/#primaryimage"},"image":{"@id":"https:\/\/mettapapelaria.com.br\/catalogo\/produto\/refil-para-plastificacao-a4-100fls-mares\/#primaryimage"},"thumbnailUrl":"https:\/\/mettapapelaria.com.br\/catalogo\/wp-content\/uploads\/2024\/12\/Copy-of-BIBLIOCANTO-PASTEL-MAXCRIL-46.png","datePublished":"2024-12-06T16:55:48+00:00","dateModified":"2024-12-06T16:55:49+00:00","description":"O Pl\u00e1stico para Plastifica\u00e7\u00e3o Mares formato A4 \u00e9 um kit essencial para quem busca preservar e proteger documentos, fotografias e certificados de forma pr\u00e1tica e eficaz.","breadcrumb":{"@id":"https:\/\/mettapapelaria.com.br\/catalogo\/produto\/refil-para-plastificacao-a4-100fls-mares\/#breadcrumb"},"inLanguage":"pt-BR","potentialAction":[{"@type":"ReadAction","target":["https:\/\/mettapapelaria.com.br\/catalogo\/produto\/refil-para-plastificacao-a4-100fls-mares\/"]}]},{"@type":"ImageObject","inLanguage":"pt-BR","@id":"https:\/\/mettapapelaria.com.br\/catalogo\/produto\/refil-para-plastificacao-a4-100fls-mares\/#primaryimage","url":"https:\/\/mettapapelaria.com.br\/catalogo\/wp-content\/uploads\/2024\/12\/Copy-of-BIBLIOCANTO-PASTEL-MAXCRIL-46.png","contentUrl":"https:\/\/mettapapelaria.com.br\/catalogo\/wp-content\/uploads\/2024\/12\/Copy-of-BIBLIOCANTO-PASTEL-MAXCRIL-46.png","width":500,"height":500},{"@type":"BreadcrumbList","@id":"https:\/\/mettapapelaria.com.br\/catalogo\/produto\/refil-para-plastificacao-a4-100fls-mares\/#breadcrumb","itemListElement":[{"@type":"ListItem","position":1,"name":"In\u00edcio","item":"https:\/\/mettapapelaria.com.br\/catalogo\/"},{"@type":"ListItem","position":2,"name":"Shop","item":"https:\/\/mettapapelaria.com.br\/catalogo\/shop\/"},{"@type":"ListItem","position":3,"name":"REFIL PARA PLASTIFICA\u00c7\u00c3O A4 100FLS MARES"}]},{"@type":"WebSite","@id":"https:\/\/mettapapelaria.com.br\/catalogo\/#website","url":"https:\/\/mettapapelaria.com.br\/catalogo\/","name":"Metta Papelaria","description":"Materiais e equipamentos de escrit\u00f3rio, suprimentos para inform\u00e1tica, e uma diversificada linha de material escolar","publisher":{"@id":"https:\/\/mettapapelaria.com.br\/catalogo\/#organization"},"potentialAction":[{"@type":"SearchAction","target":{"@type":"EntryPoint","urlTemplate":"https:\/\/mettapapelaria.com.br\/catalogo\/?s={search_term_string}"},"query-input":{"@type":"PropertyValueSpecification","valueRequired":true,"valueName":"search_term_string"}}],"inLanguage":"pt-BR"},{"@type":"Organization","@id":"https:\/\/mettapapelaria.com.br\/catalogo\/#organization","name":"Metta Papelaria","url":"https:\/\/mettapapelaria.com.br\/catalogo\/","logo":{"@type":"ImageObject","inLanguage":"pt-BR","@id":"https:\/\/mettapapelaria.com.br\/catalogo\/#\/schema\/logo\/image\/","url":"https:\/\/mettapapelaria.com.br\/catalogo\/wp-content\/uploads\/2023\/12\/cropped-favicon-Metta_512-1.png","contentUrl":"https:\/\/mettapapelaria.com.br\/catalogo\/wp-content\/uploads\/2023\/12\/cropped-favicon-Metta_512-1.png","width":512,"height":512,"caption":"Metta Papelaria"},"image":{"@id":"https:\/\/mettapapelaria.com.br\/catalogo\/#\/schema\/logo\/image\/"},"sameAs":["https:\/\/www.facebook.com\/mettapapelaria\/","https:\/\/www.instagram.com\/papelariametta\/"]}]}},"_links":{"self":[{"href":"https:\/\/mettapapelaria.com.br\/catalogo\/wp-json\/wp\/v2\/product\/9156","targetHints":{"allow":["GET"]}}],"collection":[{"href":"https:\/\/mettapapelaria.com.br\/catalogo\/wp-json\/wp\/v2\/product"}],"about":[{"href":"https:\/\/mettapapelaria.com.br\/catalogo\/wp-json\/wp\/v2\/types\/product"}],"replies":[{"embeddable":true,"href":"https:\/\/mettapapelaria.com.br\/catalogo\/wp-json\/wp\/v2\/comments?post=9156"}],"version-history":[{"count":1,"href":"https:\/\/mettapapelaria.com.br\/catalogo\/wp-json\/wp\/v2\/product\/9156\/revisions"}],"predecessor-version":[{"id":9158,"href":"https:\/\/mettapapelaria.com.br\/catalogo\/wp-json\/wp\/v2\/product\/9156\/revisions\/9158"}],"wp:featuredmedia":[{"embeddable":true,"href":"https:\/\/mettapapelaria.com.br\/catalogo\/wp-json\/wp\/v2\/media\/9157"}],"wp:attachment":[{"href":"https:\/\/mettapapelaria.com.br\/catalogo\/wp-json\/wp\/v2\/media?parent=9156"}],"wp:term":[{"taxonomy":"brand","embeddable":true,"href":"https:\/\/mettapapelaria.com.br\/catalogo\/wp-json\/wp\/v2\/etheme_brands?post=9156"},{"taxonomy":"product_brand","embeddable":true,"href":"https:\/\/mettapapelaria.com.br\/catalogo\/wp-json\/wp\/v2\/product_brand?post=9156"},{"taxonomy":"product_cat","embeddable":true,"href":"https:\/\/mettapapelaria.com.br\/catalogo\/wp-json\/wp\/v2\/product_cat?post=9156"},{"taxonomy":"product_tag","embeddable":true,"href":"https:\/\/mettapapelaria.com.br\/catalogo\/wp-json\/wp\/v2\/product_tag?post=9156"}],"curies":[{"name":"wp","href":"https:\/\/api.w.org\/{rel}","templated":true}]}}