{"id":9116,"date":"2024-11-29T16:18:13","date_gmt":"2024-11-29T19:18:13","guid":{"rendered":"https:\/\/mettapapelaria.com.br\/catalogo\/?post_type=product&#038;p=9116"},"modified":"2024-11-29T16:18:13","modified_gmt":"2024-11-29T19:18:13","slug":"pasta-sanfonada-a4-12-div-preta-dac","status":"publish","type":"product","link":"https:\/\/mettapapelaria.com.br\/catalogo\/produto\/pasta-sanfonada-a4-12-div-preta-dac\/","title":{"rendered":"PASTA SANFONADA A4 12 DIV. PRETA DAC"},"content":{"rendered":"<p>Organize seus documentos com mais praticidade. Esta pasta sanfonada \u00e9 ideal para usar em necessidades anuais pois conta com 12 divis\u00f5es, exatamente um espa\u00e7o para cada m\u00eas do ano, ou pode separar por ordem alfab\u00e9tica, num\u00e9rica, por assunto de import\u00e2ncia ou qualquer ordem l\u00f3gica, que podem ser identificadas com as etiquetas coloridas.<\/p>\n","protected":false},"excerpt":{"rendered":"<p>Organize seus documentos com mais praticidade. Esta pasta sanfonada \u00e9 ideal para usar em necessidades anuais pois conta com 12 divis\u00f5es, exatamente um espa\u00e7o para&#8230;<\/p>\n","protected":false},"featured_media":9117,"comment_status":"open","ping_status":"closed","template":"","meta":[],"etheme_brands":[{"term_id":821,"name":"DAC","slug":"dac","term_group":0,"term_taxonomy_id":821,"taxonomy":"brand","description":"","parent":0,"count":45,"filter":"raw"}],"product_brand":[],"product_cat":[106,139],"product_tag":[385,316,275,228,225,622,239,370,778,317,274,318],"class_list":{"0":"post-9116","1":"product","2":"type-product","3":"status-publish","4":"has-post-thumbnail","6":"brand-dac","7":"product_cat-pastas1","8":"product_cat-pastas-sanfonadas-material-escritorio","9":"product_tag-escritorio","10":"product_tag-estudante","11":"product_tag-faculdade","12":"product_tag-material-de-escritorio","13":"product_tag-metta-papelaria","14":"product_tag-office","15":"product_tag-organizacao","16":"product_tag-pasta","17":"product_tag-pasta-sanfonada","18":"product_tag-study","19":"product_tag-universidade","20":"product_tag-volta-as-aulas","22":"first","23":"instock","24":"sold-individually","25":"shipping-taxable","26":"purchasable","27":"product-type-simple"},"yoast_head":"<!-- This site is optimized with the Yoast SEO plugin v26.9 - https:\/\/yoast.com\/product\/yoast-seo-wordpress\/ -->\n<title>PASTA SANFONADA A4 12 DIV. PRETA DAC - Metta Papelaria<\/title>\n<meta name=\"description\" content=\"Organize seus documentos com mais praticidade. Esta pasta sanfonada \u00e9 ideal para usar em necessidades anuais pois conta com 12 divis\u00f5es\" \/>\n<meta name=\"robots\" content=\"index, follow, max-snippet:-1, max-image-preview:large, max-video-preview:-1\" \/>\n<link rel=\"canonical\" href=\"https:\/\/mettapapelaria.com.br\/catalogo\/produto\/pasta-sanfonada-a4-12-div-preta-dac\/\" \/>\n<meta property=\"og:locale\" content=\"pt_BR\" \/>\n<meta property=\"og:type\" content=\"article\" \/>\n<meta property=\"og:title\" content=\"PASTA SANFONADA A4 12 DIV. PRETA DAC - Metta Papelaria\" \/>\n<meta property=\"og:description\" content=\"Organize seus documentos com mais praticidade. Esta pasta sanfonada \u00e9 ideal para usar em necessidades anuais pois conta com 12 divis\u00f5es\" \/>\n<meta property=\"og:url\" content=\"https:\/\/mettapapelaria.com.br\/catalogo\/produto\/pasta-sanfonada-a4-12-div-preta-dac\/\" \/>\n<meta property=\"og:site_name\" content=\"Metta Papelaria\" \/>\n<meta property=\"article:publisher\" content=\"https:\/\/www.facebook.com\/mettapapelaria\/\" \/>\n<meta property=\"og:image\" content=\"https:\/\/mettapapelaria.com.br\/catalogo\/wp-content\/uploads\/2024\/11\/Copy-of-Copy-of-Copy-of-Copy-of-BIBLIOCANTO-PASTEL-MAXCRIL-15.png\" \/>\n\t<meta property=\"og:image:width\" content=\"500\" \/>\n\t<meta property=\"og:image:height\" content=\"500\" \/>\n\t<meta property=\"og:image:type\" content=\"image\/png\" \/>\n<meta name=\"twitter:card\" content=\"summary_large_image\" \/>\n<meta name=\"twitter:label1\" content=\"Est. tempo de leitura\" \/>\n\t<meta name=\"twitter:data1\" content=\"1 minuto\" \/>\n<script type=\"application\/ld+json\" class=\"yoast-schema-graph\">{\"@context\":\"https:\/\/schema.org\",\"@graph\":[{\"@type\":\"WebPage\",\"@id\":\"https:\/\/mettapapelaria.com.br\/catalogo\/produto\/pasta-sanfonada-a4-12-div-preta-dac\/\",\"url\":\"https:\/\/mettapapelaria.com.br\/catalogo\/produto\/pasta-sanfonada-a4-12-div-preta-dac\/\",\"name\":\"PASTA SANFONADA A4 12 DIV. PRETA DAC - Metta Papelaria\",\"isPartOf\":{\"@id\":\"https:\/\/mettapapelaria.com.br\/catalogo\/#website\"},\"primaryImageOfPage\":{\"@id\":\"https:\/\/mettapapelaria.com.br\/catalogo\/produto\/pasta-sanfonada-a4-12-div-preta-dac\/#primaryimage\"},\"image\":{\"@id\":\"https:\/\/mettapapelaria.com.br\/catalogo\/produto\/pasta-sanfonada-a4-12-div-preta-dac\/#primaryimage\"},\"thumbnailUrl\":\"https:\/\/mettapapelaria.com.br\/catalogo\/wp-content\/uploads\/2024\/11\/Copy-of-Copy-of-Copy-of-Copy-of-BIBLIOCANTO-PASTEL-MAXCRIL-15.png\",\"datePublished\":\"2024-11-29T19:18:13+00:00\",\"description\":\"Organize seus documentos com mais praticidade. Esta pasta sanfonada \u00e9 ideal para usar em necessidades anuais pois conta com 12 divis\u00f5es\",\"breadcrumb\":{\"@id\":\"https:\/\/mettapapelaria.com.br\/catalogo\/produto\/pasta-sanfonada-a4-12-div-preta-dac\/#breadcrumb\"},\"inLanguage\":\"pt-BR\",\"potentialAction\":[{\"@type\":\"ReadAction\",\"target\":[\"https:\/\/mettapapelaria.com.br\/catalogo\/produto\/pasta-sanfonada-a4-12-div-preta-dac\/\"]}]},{\"@type\":\"ImageObject\",\"inLanguage\":\"pt-BR\",\"@id\":\"https:\/\/mettapapelaria.com.br\/catalogo\/produto\/pasta-sanfonada-a4-12-div-preta-dac\/#primaryimage\",\"url\":\"https:\/\/mettapapelaria.com.br\/catalogo\/wp-content\/uploads\/2024\/11\/Copy-of-Copy-of-Copy-of-Copy-of-BIBLIOCANTO-PASTEL-MAXCRIL-15.png\",\"contentUrl\":\"https:\/\/mettapapelaria.com.br\/catalogo\/wp-content\/uploads\/2024\/11\/Copy-of-Copy-of-Copy-of-Copy-of-BIBLIOCANTO-PASTEL-MAXCRIL-15.png\",\"width\":500,\"height\":500},{\"@type\":\"BreadcrumbList\",\"@id\":\"https:\/\/mettapapelaria.com.br\/catalogo\/produto\/pasta-sanfonada-a4-12-div-preta-dac\/#breadcrumb\",\"itemListElement\":[{\"@type\":\"ListItem\",\"position\":1,\"name\":\"In\u00edcio\",\"item\":\"https:\/\/mettapapelaria.com.br\/catalogo\/\"},{\"@type\":\"ListItem\",\"position\":2,\"name\":\"Shop\",\"item\":\"https:\/\/mettapapelaria.com.br\/catalogo\/shop\/\"},{\"@type\":\"ListItem\",\"position\":3,\"name\":\"PASTA SANFONADA A4 12 DIV. PRETA DAC\"}]},{\"@type\":\"WebSite\",\"@id\":\"https:\/\/mettapapelaria.com.br\/catalogo\/#website\",\"url\":\"https:\/\/mettapapelaria.com.br\/catalogo\/\",\"name\":\"Metta Papelaria\",\"description\":\"Materiais e equipamentos de escrit\u00f3rio, suprimentos para inform\u00e1tica, e uma diversificada linha de material escolar\",\"publisher\":{\"@id\":\"https:\/\/mettapapelaria.com.br\/catalogo\/#organization\"},\"potentialAction\":[{\"@type\":\"SearchAction\",\"target\":{\"@type\":\"EntryPoint\",\"urlTemplate\":\"https:\/\/mettapapelaria.com.br\/catalogo\/?s={search_term_string}\"},\"query-input\":{\"@type\":\"PropertyValueSpecification\",\"valueRequired\":true,\"valueName\":\"search_term_string\"}}],\"inLanguage\":\"pt-BR\"},{\"@type\":\"Organization\",\"@id\":\"https:\/\/mettapapelaria.com.br\/catalogo\/#organization\",\"name\":\"Metta Papelaria\",\"url\":\"https:\/\/mettapapelaria.com.br\/catalogo\/\",\"logo\":{\"@type\":\"ImageObject\",\"inLanguage\":\"pt-BR\",\"@id\":\"https:\/\/mettapapelaria.com.br\/catalogo\/#\/schema\/logo\/image\/\",\"url\":\"https:\/\/mettapapelaria.com.br\/catalogo\/wp-content\/uploads\/2023\/12\/cropped-favicon-Metta_512-1.png\",\"contentUrl\":\"https:\/\/mettapapelaria.com.br\/catalogo\/wp-content\/uploads\/2023\/12\/cropped-favicon-Metta_512-1.png\",\"width\":512,\"height\":512,\"caption\":\"Metta Papelaria\"},\"image\":{\"@id\":\"https:\/\/mettapapelaria.com.br\/catalogo\/#\/schema\/logo\/image\/\"},\"sameAs\":[\"https:\/\/www.facebook.com\/mettapapelaria\/\",\"https:\/\/www.instagram.com\/papelariametta\/\"]}]}<\/script>\n<!-- \/ Yoast SEO plugin. -->","yoast_head_json":{"title":"PASTA SANFONADA A4 12 DIV. PRETA DAC - Metta Papelaria","description":"Organize seus documentos com mais praticidade. Esta pasta sanfonada \u00e9 ideal para usar em necessidades anuais pois conta com 12 divis\u00f5es","robots":{"index":"index","follow":"follow","max-snippet":"max-snippet:-1","max-image-preview":"max-image-preview:large","max-video-preview":"max-video-preview:-1"},"canonical":"https:\/\/mettapapelaria.com.br\/catalogo\/produto\/pasta-sanfonada-a4-12-div-preta-dac\/","og_locale":"pt_BR","og_type":"article","og_title":"PASTA SANFONADA A4 12 DIV. PRETA DAC - Metta Papelaria","og_description":"Organize seus documentos com mais praticidade. Esta pasta sanfonada \u00e9 ideal para usar em necessidades anuais pois conta com 12 divis\u00f5es","og_url":"https:\/\/mettapapelaria.com.br\/catalogo\/produto\/pasta-sanfonada-a4-12-div-preta-dac\/","og_site_name":"Metta Papelaria","article_publisher":"https:\/\/www.facebook.com\/mettapapelaria\/","og_image":[{"width":500,"height":500,"url":"https:\/\/mettapapelaria.com.br\/catalogo\/wp-content\/uploads\/2024\/11\/Copy-of-Copy-of-Copy-of-Copy-of-BIBLIOCANTO-PASTEL-MAXCRIL-15.png","type":"image\/png"}],"twitter_card":"summary_large_image","twitter_misc":{"Est. tempo de leitura":"1 minuto"},"schema":{"@context":"https:\/\/schema.org","@graph":[{"@type":"WebPage","@id":"https:\/\/mettapapelaria.com.br\/catalogo\/produto\/pasta-sanfonada-a4-12-div-preta-dac\/","url":"https:\/\/mettapapelaria.com.br\/catalogo\/produto\/pasta-sanfonada-a4-12-div-preta-dac\/","name":"PASTA SANFONADA A4 12 DIV. PRETA DAC - Metta Papelaria","isPartOf":{"@id":"https:\/\/mettapapelaria.com.br\/catalogo\/#website"},"primaryImageOfPage":{"@id":"https:\/\/mettapapelaria.com.br\/catalogo\/produto\/pasta-sanfonada-a4-12-div-preta-dac\/#primaryimage"},"image":{"@id":"https:\/\/mettapapelaria.com.br\/catalogo\/produto\/pasta-sanfonada-a4-12-div-preta-dac\/#primaryimage"},"thumbnailUrl":"https:\/\/mettapapelaria.com.br\/catalogo\/wp-content\/uploads\/2024\/11\/Copy-of-Copy-of-Copy-of-Copy-of-BIBLIOCANTO-PASTEL-MAXCRIL-15.png","datePublished":"2024-11-29T19:18:13+00:00","description":"Organize seus documentos com mais praticidade. Esta pasta sanfonada \u00e9 ideal para usar em necessidades anuais pois conta com 12 divis\u00f5es","breadcrumb":{"@id":"https:\/\/mettapapelaria.com.br\/catalogo\/produto\/pasta-sanfonada-a4-12-div-preta-dac\/#breadcrumb"},"inLanguage":"pt-BR","potentialAction":[{"@type":"ReadAction","target":["https:\/\/mettapapelaria.com.br\/catalogo\/produto\/pasta-sanfonada-a4-12-div-preta-dac\/"]}]},{"@type":"ImageObject","inLanguage":"pt-BR","@id":"https:\/\/mettapapelaria.com.br\/catalogo\/produto\/pasta-sanfonada-a4-12-div-preta-dac\/#primaryimage","url":"https:\/\/mettapapelaria.com.br\/catalogo\/wp-content\/uploads\/2024\/11\/Copy-of-Copy-of-Copy-of-Copy-of-BIBLIOCANTO-PASTEL-MAXCRIL-15.png","contentUrl":"https:\/\/mettapapelaria.com.br\/catalogo\/wp-content\/uploads\/2024\/11\/Copy-of-Copy-of-Copy-of-Copy-of-BIBLIOCANTO-PASTEL-MAXCRIL-15.png","width":500,"height":500},{"@type":"BreadcrumbList","@id":"https:\/\/mettapapelaria.com.br\/catalogo\/produto\/pasta-sanfonada-a4-12-div-preta-dac\/#breadcrumb","itemListElement":[{"@type":"ListItem","position":1,"name":"In\u00edcio","item":"https:\/\/mettapapelaria.com.br\/catalogo\/"},{"@type":"ListItem","position":2,"name":"Shop","item":"https:\/\/mettapapelaria.com.br\/catalogo\/shop\/"},{"@type":"ListItem","position":3,"name":"PASTA SANFONADA A4 12 DIV. PRETA DAC"}]},{"@type":"WebSite","@id":"https:\/\/mettapapelaria.com.br\/catalogo\/#website","url":"https:\/\/mettapapelaria.com.br\/catalogo\/","name":"Metta Papelaria","description":"Materiais e equipamentos de escrit\u00f3rio, suprimentos para inform\u00e1tica, e uma diversificada linha de material escolar","publisher":{"@id":"https:\/\/mettapapelaria.com.br\/catalogo\/#organization"},"potentialAction":[{"@type":"SearchAction","target":{"@type":"EntryPoint","urlTemplate":"https:\/\/mettapapelaria.com.br\/catalogo\/?s={search_term_string}"},"query-input":{"@type":"PropertyValueSpecification","valueRequired":true,"valueName":"search_term_string"}}],"inLanguage":"pt-BR"},{"@type":"Organization","@id":"https:\/\/mettapapelaria.com.br\/catalogo\/#organization","name":"Metta Papelaria","url":"https:\/\/mettapapelaria.com.br\/catalogo\/","logo":{"@type":"ImageObject","inLanguage":"pt-BR","@id":"https:\/\/mettapapelaria.com.br\/catalogo\/#\/schema\/logo\/image\/","url":"https:\/\/mettapapelaria.com.br\/catalogo\/wp-content\/uploads\/2023\/12\/cropped-favicon-Metta_512-1.png","contentUrl":"https:\/\/mettapapelaria.com.br\/catalogo\/wp-content\/uploads\/2023\/12\/cropped-favicon-Metta_512-1.png","width":512,"height":512,"caption":"Metta Papelaria"},"image":{"@id":"https:\/\/mettapapelaria.com.br\/catalogo\/#\/schema\/logo\/image\/"},"sameAs":["https:\/\/www.facebook.com\/mettapapelaria\/","https:\/\/www.instagram.com\/papelariametta\/"]}]}},"_links":{"self":[{"href":"https:\/\/mettapapelaria.com.br\/catalogo\/wp-json\/wp\/v2\/product\/9116","targetHints":{"allow":["GET"]}}],"collection":[{"href":"https:\/\/mettapapelaria.com.br\/catalogo\/wp-json\/wp\/v2\/product"}],"about":[{"href":"https:\/\/mettapapelaria.com.br\/catalogo\/wp-json\/wp\/v2\/types\/product"}],"replies":[{"embeddable":true,"href":"https:\/\/mettapapelaria.com.br\/catalogo\/wp-json\/wp\/v2\/comments?post=9116"}],"version-history":[{"count":1,"href":"https:\/\/mettapapelaria.com.br\/catalogo\/wp-json\/wp\/v2\/product\/9116\/revisions"}],"predecessor-version":[{"id":9118,"href":"https:\/\/mettapapelaria.com.br\/catalogo\/wp-json\/wp\/v2\/product\/9116\/revisions\/9118"}],"wp:featuredmedia":[{"embeddable":true,"href":"https:\/\/mettapapelaria.com.br\/catalogo\/wp-json\/wp\/v2\/media\/9117"}],"wp:attachment":[{"href":"https:\/\/mettapapelaria.com.br\/catalogo\/wp-json\/wp\/v2\/media?parent=9116"}],"wp:term":[{"taxonomy":"brand","embeddable":true,"href":"https:\/\/mettapapelaria.com.br\/catalogo\/wp-json\/wp\/v2\/etheme_brands?post=9116"},{"taxonomy":"product_brand","embeddable":true,"href":"https:\/\/mettapapelaria.com.br\/catalogo\/wp-json\/wp\/v2\/product_brand?post=9116"},{"taxonomy":"product_cat","embeddable":true,"href":"https:\/\/mettapapelaria.com.br\/catalogo\/wp-json\/wp\/v2\/product_cat?post=9116"},{"taxonomy":"product_tag","embeddable":true,"href":"https:\/\/mettapapelaria.com.br\/catalogo\/wp-json\/wp\/v2\/product_tag?post=9116"}],"curies":[{"name":"wp","href":"https:\/\/api.w.org\/{rel}","templated":true}]}}