{"id":8967,"date":"2024-11-27T14:20:52","date_gmt":"2024-11-27T17:20:52","guid":{"rendered":"https:\/\/mettapapelaria.com.br\/catalogo\/?post_type=product&#038;p=8967"},"modified":"2024-11-27T14:20:53","modified_gmt":"2024-11-27T17:20:53","slug":"quebra-cabeca-de-encaixe-sistema-solar-xalingo","status":"publish","type":"product","link":"https:\/\/mettapapelaria.com.br\/catalogo\/produto\/quebra-cabeca-de-encaixe-sistema-solar-xalingo\/","title":{"rendered":"QUEBRA-CABE\u00c7A DE ENCAIXE SISTEMA SOLAR XALINGO"},"content":{"rendered":"<p>Aprenda mais sobre o sistema solar e suas curiosidades!<br \/>\nO Steam Quebra-Cabe\u00e7a Encaixe Sistema Solar, \u00e9 um jogo educativo, composto por 15 pe\u00e7as em madeira reflorestada, onde permite \u00e0 crian\u00e7a aprender brincando sobre os planetas do sistema solar, estrelas, cometas, aster\u00f3ides e meteoritos! Tamb\u00e9m, \u00e9 ideal para professores trabalharem o conte\u00fado nas aulas, auxiliando os pequenos no desenvolvimento da aten\u00e7\u00e3o, mem\u00f3ria, concentra\u00e7\u00e3o, coordena\u00e7\u00e3o motora, no\u00e7\u00e3o espacial e percep\u00e7\u00e3o visual, de maneira l\u00fadica e divertida. Indicado para crian\u00e7as a partir de 6 anos.<\/p>\n","protected":false},"excerpt":{"rendered":"<p>Aprenda mais sobre o sistema solar e suas curiosidades! O Steam Quebra-Cabe\u00e7a Encaixe Sistema Solar, \u00e9 um jogo educativo, composto por 15 pe\u00e7as em madeira&#8230;<\/p>\n","protected":false},"featured_media":8968,"comment_status":"open","ping_status":"closed","template":"","meta":[],"etheme_brands":[{"term_id":801,"name":"Xalingo","slug":"xalingo","term_group":0,"term_taxonomy_id":801,"taxonomy":"brand","description":"","parent":0,"count":25,"filter":"raw"}],"product_brand":[],"product_cat":[18,47],"product_tag":[254,338,293,396,276,316,395,255,256,227,225,239,803,317,318],"class_list":{"0":"post-8967","1":"product","2":"type-product","3":"status-publish","4":"has-post-thumbnail","6":"brand-xalingo","7":"product_cat-brinquedos-jogos","8":"product_cat-pedagogicos","9":"product_tag-casa","10":"product_tag-colorido","11":"product_tag-crianca","12":"product_tag-cute","13":"product_tag-escola","14":"product_tag-estudante","15":"product_tag-fofo","16":"product_tag-home","17":"product_tag-lar","18":"product_tag-material-escolar","19":"product_tag-metta-papelaria","20":"product_tag-organizacao","21":"product_tag-quebra-cabeca","22":"product_tag-study","23":"product_tag-volta-as-aulas","25":"first","26":"instock","27":"sold-individually","28":"shipping-taxable","29":"purchasable","30":"product-type-simple"},"yoast_head":"<!-- This site is optimized with the Yoast SEO plugin v26.9 - https:\/\/yoast.com\/product\/yoast-seo-wordpress\/ -->\n<title>QUEBRA-CABE\u00c7A DE ENCAIXE SISTEMA SOLAR XALINGO - Metta Papelaria<\/title>\n<meta name=\"description\" content=\"O Steam Quebra-Cabe\u00e7a Encaixe Sistema Solar, \u00e9 um jogo educativo, composto por 15 pe\u00e7as em madeira reflorestada, onde permite \u00e0 crian\u00e7a aprender brincando sobre os planetas do sistema solar\" \/>\n<meta name=\"robots\" content=\"index, follow, max-snippet:-1, max-image-preview:large, max-video-preview:-1\" \/>\n<link rel=\"canonical\" href=\"https:\/\/mettapapelaria.com.br\/catalogo\/produto\/quebra-cabeca-de-encaixe-sistema-solar-xalingo\/\" \/>\n<meta property=\"og:locale\" content=\"pt_BR\" \/>\n<meta property=\"og:type\" content=\"article\" \/>\n<meta property=\"og:title\" content=\"QUEBRA-CABE\u00c7A DE ENCAIXE SISTEMA SOLAR XALINGO - Metta Papelaria\" \/>\n<meta property=\"og:description\" content=\"O Steam Quebra-Cabe\u00e7a Encaixe Sistema Solar, \u00e9 um jogo educativo, composto por 15 pe\u00e7as em madeira reflorestada, onde permite \u00e0 crian\u00e7a aprender brincando sobre os planetas do sistema solar\" \/>\n<meta property=\"og:url\" content=\"https:\/\/mettapapelaria.com.br\/catalogo\/produto\/quebra-cabeca-de-encaixe-sistema-solar-xalingo\/\" \/>\n<meta property=\"og:site_name\" content=\"Metta Papelaria\" \/>\n<meta property=\"article:publisher\" content=\"https:\/\/www.facebook.com\/mettapapelaria\/\" \/>\n<meta property=\"article:modified_time\" content=\"2024-11-27T17:20:53+00:00\" \/>\n<meta property=\"og:image\" content=\"https:\/\/mettapapelaria.com.br\/catalogo\/wp-content\/uploads\/2024\/11\/Copy-of-Copy-of-Copy-of-BIBLIOCANTO-PASTEL-MAXCRIL-56.png\" \/>\n\t<meta property=\"og:image:width\" content=\"500\" \/>\n\t<meta property=\"og:image:height\" content=\"500\" \/>\n\t<meta property=\"og:image:type\" content=\"image\/png\" \/>\n<meta name=\"twitter:card\" content=\"summary_large_image\" \/>\n<meta name=\"twitter:label1\" content=\"Est. tempo de leitura\" \/>\n\t<meta name=\"twitter:data1\" content=\"1 minuto\" \/>\n<script type=\"application\/ld+json\" class=\"yoast-schema-graph\">{\"@context\":\"https:\/\/schema.org\",\"@graph\":[{\"@type\":\"WebPage\",\"@id\":\"https:\/\/mettapapelaria.com.br\/catalogo\/produto\/quebra-cabeca-de-encaixe-sistema-solar-xalingo\/\",\"url\":\"https:\/\/mettapapelaria.com.br\/catalogo\/produto\/quebra-cabeca-de-encaixe-sistema-solar-xalingo\/\",\"name\":\"QUEBRA-CABE\u00c7A DE ENCAIXE SISTEMA SOLAR XALINGO - Metta Papelaria\",\"isPartOf\":{\"@id\":\"https:\/\/mettapapelaria.com.br\/catalogo\/#website\"},\"primaryImageOfPage\":{\"@id\":\"https:\/\/mettapapelaria.com.br\/catalogo\/produto\/quebra-cabeca-de-encaixe-sistema-solar-xalingo\/#primaryimage\"},\"image\":{\"@id\":\"https:\/\/mettapapelaria.com.br\/catalogo\/produto\/quebra-cabeca-de-encaixe-sistema-solar-xalingo\/#primaryimage\"},\"thumbnailUrl\":\"https:\/\/mettapapelaria.com.br\/catalogo\/wp-content\/uploads\/2024\/11\/Copy-of-Copy-of-Copy-of-BIBLIOCANTO-PASTEL-MAXCRIL-56.png\",\"datePublished\":\"2024-11-27T17:20:52+00:00\",\"dateModified\":\"2024-11-27T17:20:53+00:00\",\"description\":\"O Steam Quebra-Cabe\u00e7a Encaixe Sistema Solar, \u00e9 um jogo educativo, composto por 15 pe\u00e7as em madeira reflorestada, onde permite \u00e0 crian\u00e7a aprender brincando sobre os planetas do sistema solar\",\"breadcrumb\":{\"@id\":\"https:\/\/mettapapelaria.com.br\/catalogo\/produto\/quebra-cabeca-de-encaixe-sistema-solar-xalingo\/#breadcrumb\"},\"inLanguage\":\"pt-BR\",\"potentialAction\":[{\"@type\":\"ReadAction\",\"target\":[\"https:\/\/mettapapelaria.com.br\/catalogo\/produto\/quebra-cabeca-de-encaixe-sistema-solar-xalingo\/\"]}]},{\"@type\":\"ImageObject\",\"inLanguage\":\"pt-BR\",\"@id\":\"https:\/\/mettapapelaria.com.br\/catalogo\/produto\/quebra-cabeca-de-encaixe-sistema-solar-xalingo\/#primaryimage\",\"url\":\"https:\/\/mettapapelaria.com.br\/catalogo\/wp-content\/uploads\/2024\/11\/Copy-of-Copy-of-Copy-of-BIBLIOCANTO-PASTEL-MAXCRIL-56.png\",\"contentUrl\":\"https:\/\/mettapapelaria.com.br\/catalogo\/wp-content\/uploads\/2024\/11\/Copy-of-Copy-of-Copy-of-BIBLIOCANTO-PASTEL-MAXCRIL-56.png\",\"width\":500,\"height\":500},{\"@type\":\"BreadcrumbList\",\"@id\":\"https:\/\/mettapapelaria.com.br\/catalogo\/produto\/quebra-cabeca-de-encaixe-sistema-solar-xalingo\/#breadcrumb\",\"itemListElement\":[{\"@type\":\"ListItem\",\"position\":1,\"name\":\"In\u00edcio\",\"item\":\"https:\/\/mettapapelaria.com.br\/catalogo\/\"},{\"@type\":\"ListItem\",\"position\":2,\"name\":\"Shop\",\"item\":\"https:\/\/mettapapelaria.com.br\/catalogo\/shop\/\"},{\"@type\":\"ListItem\",\"position\":3,\"name\":\"QUEBRA-CABE\u00c7A DE ENCAIXE SISTEMA SOLAR XALINGO\"}]},{\"@type\":\"WebSite\",\"@id\":\"https:\/\/mettapapelaria.com.br\/catalogo\/#website\",\"url\":\"https:\/\/mettapapelaria.com.br\/catalogo\/\",\"name\":\"Metta Papelaria\",\"description\":\"Materiais e equipamentos de escrit\u00f3rio, suprimentos para inform\u00e1tica, e uma diversificada linha de material escolar\",\"publisher\":{\"@id\":\"https:\/\/mettapapelaria.com.br\/catalogo\/#organization\"},\"potentialAction\":[{\"@type\":\"SearchAction\",\"target\":{\"@type\":\"EntryPoint\",\"urlTemplate\":\"https:\/\/mettapapelaria.com.br\/catalogo\/?s={search_term_string}\"},\"query-input\":{\"@type\":\"PropertyValueSpecification\",\"valueRequired\":true,\"valueName\":\"search_term_string\"}}],\"inLanguage\":\"pt-BR\"},{\"@type\":\"Organization\",\"@id\":\"https:\/\/mettapapelaria.com.br\/catalogo\/#organization\",\"name\":\"Metta Papelaria\",\"url\":\"https:\/\/mettapapelaria.com.br\/catalogo\/\",\"logo\":{\"@type\":\"ImageObject\",\"inLanguage\":\"pt-BR\",\"@id\":\"https:\/\/mettapapelaria.com.br\/catalogo\/#\/schema\/logo\/image\/\",\"url\":\"https:\/\/mettapapelaria.com.br\/catalogo\/wp-content\/uploads\/2023\/12\/cropped-favicon-Metta_512-1.png\",\"contentUrl\":\"https:\/\/mettapapelaria.com.br\/catalogo\/wp-content\/uploads\/2023\/12\/cropped-favicon-Metta_512-1.png\",\"width\":512,\"height\":512,\"caption\":\"Metta Papelaria\"},\"image\":{\"@id\":\"https:\/\/mettapapelaria.com.br\/catalogo\/#\/schema\/logo\/image\/\"},\"sameAs\":[\"https:\/\/www.facebook.com\/mettapapelaria\/\",\"https:\/\/www.instagram.com\/papelariametta\/\"]}]}<\/script>\n<!-- \/ Yoast SEO plugin. -->","yoast_head_json":{"title":"QUEBRA-CABE\u00c7A DE ENCAIXE SISTEMA SOLAR XALINGO - Metta Papelaria","description":"O Steam Quebra-Cabe\u00e7a Encaixe Sistema Solar, \u00e9 um jogo educativo, composto por 15 pe\u00e7as em madeira reflorestada, onde permite \u00e0 crian\u00e7a aprender brincando sobre os planetas do sistema solar","robots":{"index":"index","follow":"follow","max-snippet":"max-snippet:-1","max-image-preview":"max-image-preview:large","max-video-preview":"max-video-preview:-1"},"canonical":"https:\/\/mettapapelaria.com.br\/catalogo\/produto\/quebra-cabeca-de-encaixe-sistema-solar-xalingo\/","og_locale":"pt_BR","og_type":"article","og_title":"QUEBRA-CABE\u00c7A DE ENCAIXE SISTEMA SOLAR XALINGO - Metta Papelaria","og_description":"O Steam Quebra-Cabe\u00e7a Encaixe Sistema Solar, \u00e9 um jogo educativo, composto por 15 pe\u00e7as em madeira reflorestada, onde permite \u00e0 crian\u00e7a aprender brincando sobre os planetas do sistema solar","og_url":"https:\/\/mettapapelaria.com.br\/catalogo\/produto\/quebra-cabeca-de-encaixe-sistema-solar-xalingo\/","og_site_name":"Metta Papelaria","article_publisher":"https:\/\/www.facebook.com\/mettapapelaria\/","article_modified_time":"2024-11-27T17:20:53+00:00","og_image":[{"width":500,"height":500,"url":"https:\/\/mettapapelaria.com.br\/catalogo\/wp-content\/uploads\/2024\/11\/Copy-of-Copy-of-Copy-of-BIBLIOCANTO-PASTEL-MAXCRIL-56.png","type":"image\/png"}],"twitter_card":"summary_large_image","twitter_misc":{"Est. tempo de leitura":"1 minuto"},"schema":{"@context":"https:\/\/schema.org","@graph":[{"@type":"WebPage","@id":"https:\/\/mettapapelaria.com.br\/catalogo\/produto\/quebra-cabeca-de-encaixe-sistema-solar-xalingo\/","url":"https:\/\/mettapapelaria.com.br\/catalogo\/produto\/quebra-cabeca-de-encaixe-sistema-solar-xalingo\/","name":"QUEBRA-CABE\u00c7A DE ENCAIXE SISTEMA SOLAR XALINGO - Metta Papelaria","isPartOf":{"@id":"https:\/\/mettapapelaria.com.br\/catalogo\/#website"},"primaryImageOfPage":{"@id":"https:\/\/mettapapelaria.com.br\/catalogo\/produto\/quebra-cabeca-de-encaixe-sistema-solar-xalingo\/#primaryimage"},"image":{"@id":"https:\/\/mettapapelaria.com.br\/catalogo\/produto\/quebra-cabeca-de-encaixe-sistema-solar-xalingo\/#primaryimage"},"thumbnailUrl":"https:\/\/mettapapelaria.com.br\/catalogo\/wp-content\/uploads\/2024\/11\/Copy-of-Copy-of-Copy-of-BIBLIOCANTO-PASTEL-MAXCRIL-56.png","datePublished":"2024-11-27T17:20:52+00:00","dateModified":"2024-11-27T17:20:53+00:00","description":"O Steam Quebra-Cabe\u00e7a Encaixe Sistema Solar, \u00e9 um jogo educativo, composto por 15 pe\u00e7as em madeira reflorestada, onde permite \u00e0 crian\u00e7a aprender brincando sobre os planetas do sistema solar","breadcrumb":{"@id":"https:\/\/mettapapelaria.com.br\/catalogo\/produto\/quebra-cabeca-de-encaixe-sistema-solar-xalingo\/#breadcrumb"},"inLanguage":"pt-BR","potentialAction":[{"@type":"ReadAction","target":["https:\/\/mettapapelaria.com.br\/catalogo\/produto\/quebra-cabeca-de-encaixe-sistema-solar-xalingo\/"]}]},{"@type":"ImageObject","inLanguage":"pt-BR","@id":"https:\/\/mettapapelaria.com.br\/catalogo\/produto\/quebra-cabeca-de-encaixe-sistema-solar-xalingo\/#primaryimage","url":"https:\/\/mettapapelaria.com.br\/catalogo\/wp-content\/uploads\/2024\/11\/Copy-of-Copy-of-Copy-of-BIBLIOCANTO-PASTEL-MAXCRIL-56.png","contentUrl":"https:\/\/mettapapelaria.com.br\/catalogo\/wp-content\/uploads\/2024\/11\/Copy-of-Copy-of-Copy-of-BIBLIOCANTO-PASTEL-MAXCRIL-56.png","width":500,"height":500},{"@type":"BreadcrumbList","@id":"https:\/\/mettapapelaria.com.br\/catalogo\/produto\/quebra-cabeca-de-encaixe-sistema-solar-xalingo\/#breadcrumb","itemListElement":[{"@type":"ListItem","position":1,"name":"In\u00edcio","item":"https:\/\/mettapapelaria.com.br\/catalogo\/"},{"@type":"ListItem","position":2,"name":"Shop","item":"https:\/\/mettapapelaria.com.br\/catalogo\/shop\/"},{"@type":"ListItem","position":3,"name":"QUEBRA-CABE\u00c7A DE ENCAIXE SISTEMA SOLAR XALINGO"}]},{"@type":"WebSite","@id":"https:\/\/mettapapelaria.com.br\/catalogo\/#website","url":"https:\/\/mettapapelaria.com.br\/catalogo\/","name":"Metta Papelaria","description":"Materiais e equipamentos de escrit\u00f3rio, suprimentos para inform\u00e1tica, e uma diversificada linha de material escolar","publisher":{"@id":"https:\/\/mettapapelaria.com.br\/catalogo\/#organization"},"potentialAction":[{"@type":"SearchAction","target":{"@type":"EntryPoint","urlTemplate":"https:\/\/mettapapelaria.com.br\/catalogo\/?s={search_term_string}"},"query-input":{"@type":"PropertyValueSpecification","valueRequired":true,"valueName":"search_term_string"}}],"inLanguage":"pt-BR"},{"@type":"Organization","@id":"https:\/\/mettapapelaria.com.br\/catalogo\/#organization","name":"Metta Papelaria","url":"https:\/\/mettapapelaria.com.br\/catalogo\/","logo":{"@type":"ImageObject","inLanguage":"pt-BR","@id":"https:\/\/mettapapelaria.com.br\/catalogo\/#\/schema\/logo\/image\/","url":"https:\/\/mettapapelaria.com.br\/catalogo\/wp-content\/uploads\/2023\/12\/cropped-favicon-Metta_512-1.png","contentUrl":"https:\/\/mettapapelaria.com.br\/catalogo\/wp-content\/uploads\/2023\/12\/cropped-favicon-Metta_512-1.png","width":512,"height":512,"caption":"Metta Papelaria"},"image":{"@id":"https:\/\/mettapapelaria.com.br\/catalogo\/#\/schema\/logo\/image\/"},"sameAs":["https:\/\/www.facebook.com\/mettapapelaria\/","https:\/\/www.instagram.com\/papelariametta\/"]}]}},"_links":{"self":[{"href":"https:\/\/mettapapelaria.com.br\/catalogo\/wp-json\/wp\/v2\/product\/8967","targetHints":{"allow":["GET"]}}],"collection":[{"href":"https:\/\/mettapapelaria.com.br\/catalogo\/wp-json\/wp\/v2\/product"}],"about":[{"href":"https:\/\/mettapapelaria.com.br\/catalogo\/wp-json\/wp\/v2\/types\/product"}],"replies":[{"embeddable":true,"href":"https:\/\/mettapapelaria.com.br\/catalogo\/wp-json\/wp\/v2\/comments?post=8967"}],"version-history":[{"count":1,"href":"https:\/\/mettapapelaria.com.br\/catalogo\/wp-json\/wp\/v2\/product\/8967\/revisions"}],"predecessor-version":[{"id":8969,"href":"https:\/\/mettapapelaria.com.br\/catalogo\/wp-json\/wp\/v2\/product\/8967\/revisions\/8969"}],"wp:featuredmedia":[{"embeddable":true,"href":"https:\/\/mettapapelaria.com.br\/catalogo\/wp-json\/wp\/v2\/media\/8968"}],"wp:attachment":[{"href":"https:\/\/mettapapelaria.com.br\/catalogo\/wp-json\/wp\/v2\/media?parent=8967"}],"wp:term":[{"taxonomy":"brand","embeddable":true,"href":"https:\/\/mettapapelaria.com.br\/catalogo\/wp-json\/wp\/v2\/etheme_brands?post=8967"},{"taxonomy":"product_brand","embeddable":true,"href":"https:\/\/mettapapelaria.com.br\/catalogo\/wp-json\/wp\/v2\/product_brand?post=8967"},{"taxonomy":"product_cat","embeddable":true,"href":"https:\/\/mettapapelaria.com.br\/catalogo\/wp-json\/wp\/v2\/product_cat?post=8967"},{"taxonomy":"product_tag","embeddable":true,"href":"https:\/\/mettapapelaria.com.br\/catalogo\/wp-json\/wp\/v2\/product_tag?post=8967"}],"curies":[{"name":"wp","href":"https:\/\/api.w.org\/{rel}","templated":true}]}}