{"id":8872,"date":"2024-11-27T10:43:32","date_gmt":"2024-11-27T13:43:32","guid":{"rendered":"https:\/\/mettapapelaria.com.br\/catalogo\/?post_type=product&#038;p=8872"},"modified":"2024-11-27T10:43:32","modified_gmt":"2024-11-27T13:43:32","slug":"mochila-triviun-camuflada-tn","status":"publish","type":"product","link":"https:\/\/mettapapelaria.com.br\/catalogo\/produto\/mochila-triviun-camuflada-tn\/","title":{"rendered":"MOCHILA TRIVIUN CAMUFLADA TN"},"content":{"rendered":"<p>Uma mochila que cabe tudo o que voc\u00ea precisa para ir pro col\u00e9gio, universidade, viagem, passeio.<\/p>\n<p>Ela tem costuras em relevo e estampa camuflado, que comp\u00f5em um estilo esportivo e ao mesmo tempo, sofisticado.<\/p>\n<p>Al\u00e9m disso, ela tem um bolso frontal bem grande, 2 bolsos laterais (perfeito para as garrafinhas de \u00e1gua) e conta com um compartimento semi-t\u00e9rmico para notebook de 15 polegadas!<\/p>\n","protected":false},"excerpt":{"rendered":"<p>Uma mochila que cabe tudo o que voc\u00ea precisa para ir pro col\u00e9gio, universidade, viagem, passeio. Ela tem costuras em relevo e estampa camuflado, que&#8230;<\/p>\n","protected":false},"featured_media":8873,"comment_status":"open","ping_status":"closed","template":"","meta":[],"etheme_brands":[{"term_id":787,"name":"TN","slug":"tn","term_group":0,"term_taxonomy_id":787,"taxonomy":"brand","description":"","parent":0,"count":13,"filter":"raw"}],"product_brand":[],"product_cat":[518],"product_tag":[276,316,275,227,225,226,239,317,274,318],"class_list":{"0":"post-8872","1":"product","2":"type-product","3":"status-publish","4":"has-post-thumbnail","6":"brand-tn","7":"product_cat-sem-categoria","8":"product_tag-escola","9":"product_tag-estudante","10":"product_tag-faculdade","11":"product_tag-material-escolar","12":"product_tag-metta-papelaria","13":"product_tag-mochila","14":"product_tag-organizacao","15":"product_tag-study","16":"product_tag-universidade","17":"product_tag-volta-as-aulas","19":"first","20":"instock","21":"sold-individually","22":"shipping-taxable","23":"purchasable","24":"product-type-simple"},"yoast_head":"<!-- This site is optimized with the Yoast SEO plugin v26.9 - https:\/\/yoast.com\/product\/yoast-seo-wordpress\/ -->\n<title>MOCHILA TRIVIUN CAMUFLADA TN - Metta Papelaria<\/title>\n<meta name=\"description\" content=\"Uma mochila que cabe tudo o que voc\u00ea precisa para ir pro col\u00e9gio, universidade, viagem, passeio.\" \/>\n<meta name=\"robots\" content=\"index, follow, max-snippet:-1, max-image-preview:large, max-video-preview:-1\" \/>\n<link rel=\"canonical\" href=\"https:\/\/mettapapelaria.com.br\/catalogo\/produto\/mochila-triviun-camuflada-tn\/\" \/>\n<meta property=\"og:locale\" content=\"pt_BR\" \/>\n<meta property=\"og:type\" content=\"article\" \/>\n<meta property=\"og:title\" content=\"MOCHILA TRIVIUN CAMUFLADA TN - Metta Papelaria\" \/>\n<meta property=\"og:description\" content=\"Uma mochila que cabe tudo o que voc\u00ea precisa para ir pro col\u00e9gio, universidade, viagem, passeio.\" \/>\n<meta property=\"og:url\" content=\"https:\/\/mettapapelaria.com.br\/catalogo\/produto\/mochila-triviun-camuflada-tn\/\" \/>\n<meta property=\"og:site_name\" content=\"Metta Papelaria\" \/>\n<meta property=\"article:publisher\" content=\"https:\/\/www.facebook.com\/mettapapelaria\/\" \/>\n<meta property=\"og:image\" content=\"https:\/\/mettapapelaria.com.br\/catalogo\/wp-content\/uploads\/2024\/11\/Copy-of-Copy-of-Copy-of-BIBLIOCANTO-PASTEL-MAXCRIL-20.png\" \/>\n\t<meta property=\"og:image:width\" content=\"500\" \/>\n\t<meta property=\"og:image:height\" content=\"500\" \/>\n\t<meta property=\"og:image:type\" content=\"image\/png\" \/>\n<meta name=\"twitter:card\" content=\"summary_large_image\" \/>\n<meta name=\"twitter:label1\" content=\"Est. tempo de leitura\" \/>\n\t<meta name=\"twitter:data1\" content=\"1 minuto\" \/>\n<script type=\"application\/ld+json\" class=\"yoast-schema-graph\">{\"@context\":\"https:\/\/schema.org\",\"@graph\":[{\"@type\":\"WebPage\",\"@id\":\"https:\/\/mettapapelaria.com.br\/catalogo\/produto\/mochila-triviun-camuflada-tn\/\",\"url\":\"https:\/\/mettapapelaria.com.br\/catalogo\/produto\/mochila-triviun-camuflada-tn\/\",\"name\":\"MOCHILA TRIVIUN CAMUFLADA TN - Metta Papelaria\",\"isPartOf\":{\"@id\":\"https:\/\/mettapapelaria.com.br\/catalogo\/#website\"},\"primaryImageOfPage\":{\"@id\":\"https:\/\/mettapapelaria.com.br\/catalogo\/produto\/mochila-triviun-camuflada-tn\/#primaryimage\"},\"image\":{\"@id\":\"https:\/\/mettapapelaria.com.br\/catalogo\/produto\/mochila-triviun-camuflada-tn\/#primaryimage\"},\"thumbnailUrl\":\"https:\/\/mettapapelaria.com.br\/catalogo\/wp-content\/uploads\/2024\/11\/Copy-of-Copy-of-Copy-of-BIBLIOCANTO-PASTEL-MAXCRIL-20.png\",\"datePublished\":\"2024-11-27T13:43:32+00:00\",\"description\":\"Uma mochila que cabe tudo o que voc\u00ea precisa para ir pro col\u00e9gio, universidade, viagem, passeio.\",\"breadcrumb\":{\"@id\":\"https:\/\/mettapapelaria.com.br\/catalogo\/produto\/mochila-triviun-camuflada-tn\/#breadcrumb\"},\"inLanguage\":\"pt-BR\",\"potentialAction\":[{\"@type\":\"ReadAction\",\"target\":[\"https:\/\/mettapapelaria.com.br\/catalogo\/produto\/mochila-triviun-camuflada-tn\/\"]}]},{\"@type\":\"ImageObject\",\"inLanguage\":\"pt-BR\",\"@id\":\"https:\/\/mettapapelaria.com.br\/catalogo\/produto\/mochila-triviun-camuflada-tn\/#primaryimage\",\"url\":\"https:\/\/mettapapelaria.com.br\/catalogo\/wp-content\/uploads\/2024\/11\/Copy-of-Copy-of-Copy-of-BIBLIOCANTO-PASTEL-MAXCRIL-20.png\",\"contentUrl\":\"https:\/\/mettapapelaria.com.br\/catalogo\/wp-content\/uploads\/2024\/11\/Copy-of-Copy-of-Copy-of-BIBLIOCANTO-PASTEL-MAXCRIL-20.png\",\"width\":500,\"height\":500},{\"@type\":\"BreadcrumbList\",\"@id\":\"https:\/\/mettapapelaria.com.br\/catalogo\/produto\/mochila-triviun-camuflada-tn\/#breadcrumb\",\"itemListElement\":[{\"@type\":\"ListItem\",\"position\":1,\"name\":\"In\u00edcio\",\"item\":\"https:\/\/mettapapelaria.com.br\/catalogo\/\"},{\"@type\":\"ListItem\",\"position\":2,\"name\":\"Shop\",\"item\":\"https:\/\/mettapapelaria.com.br\/catalogo\/shop\/\"},{\"@type\":\"ListItem\",\"position\":3,\"name\":\"MOCHILA TRIVIUN CAMUFLADA TN\"}]},{\"@type\":\"WebSite\",\"@id\":\"https:\/\/mettapapelaria.com.br\/catalogo\/#website\",\"url\":\"https:\/\/mettapapelaria.com.br\/catalogo\/\",\"name\":\"Metta Papelaria\",\"description\":\"Materiais e equipamentos de escrit\u00f3rio, suprimentos para inform\u00e1tica, e uma diversificada linha de material escolar\",\"publisher\":{\"@id\":\"https:\/\/mettapapelaria.com.br\/catalogo\/#organization\"},\"potentialAction\":[{\"@type\":\"SearchAction\",\"target\":{\"@type\":\"EntryPoint\",\"urlTemplate\":\"https:\/\/mettapapelaria.com.br\/catalogo\/?s={search_term_string}\"},\"query-input\":{\"@type\":\"PropertyValueSpecification\",\"valueRequired\":true,\"valueName\":\"search_term_string\"}}],\"inLanguage\":\"pt-BR\"},{\"@type\":\"Organization\",\"@id\":\"https:\/\/mettapapelaria.com.br\/catalogo\/#organization\",\"name\":\"Metta Papelaria\",\"url\":\"https:\/\/mettapapelaria.com.br\/catalogo\/\",\"logo\":{\"@type\":\"ImageObject\",\"inLanguage\":\"pt-BR\",\"@id\":\"https:\/\/mettapapelaria.com.br\/catalogo\/#\/schema\/logo\/image\/\",\"url\":\"https:\/\/mettapapelaria.com.br\/catalogo\/wp-content\/uploads\/2023\/12\/cropped-favicon-Metta_512-1.png\",\"contentUrl\":\"https:\/\/mettapapelaria.com.br\/catalogo\/wp-content\/uploads\/2023\/12\/cropped-favicon-Metta_512-1.png\",\"width\":512,\"height\":512,\"caption\":\"Metta Papelaria\"},\"image\":{\"@id\":\"https:\/\/mettapapelaria.com.br\/catalogo\/#\/schema\/logo\/image\/\"},\"sameAs\":[\"https:\/\/www.facebook.com\/mettapapelaria\/\",\"https:\/\/www.instagram.com\/papelariametta\/\"]}]}<\/script>\n<!-- \/ Yoast SEO plugin. -->","yoast_head_json":{"title":"MOCHILA TRIVIUN CAMUFLADA TN - Metta Papelaria","description":"Uma mochila que cabe tudo o que voc\u00ea precisa para ir pro col\u00e9gio, universidade, viagem, passeio.","robots":{"index":"index","follow":"follow","max-snippet":"max-snippet:-1","max-image-preview":"max-image-preview:large","max-video-preview":"max-video-preview:-1"},"canonical":"https:\/\/mettapapelaria.com.br\/catalogo\/produto\/mochila-triviun-camuflada-tn\/","og_locale":"pt_BR","og_type":"article","og_title":"MOCHILA TRIVIUN CAMUFLADA TN - Metta Papelaria","og_description":"Uma mochila que cabe tudo o que voc\u00ea precisa para ir pro col\u00e9gio, universidade, viagem, passeio.","og_url":"https:\/\/mettapapelaria.com.br\/catalogo\/produto\/mochila-triviun-camuflada-tn\/","og_site_name":"Metta Papelaria","article_publisher":"https:\/\/www.facebook.com\/mettapapelaria\/","og_image":[{"width":500,"height":500,"url":"https:\/\/mettapapelaria.com.br\/catalogo\/wp-content\/uploads\/2024\/11\/Copy-of-Copy-of-Copy-of-BIBLIOCANTO-PASTEL-MAXCRIL-20.png","type":"image\/png"}],"twitter_card":"summary_large_image","twitter_misc":{"Est. tempo de leitura":"1 minuto"},"schema":{"@context":"https:\/\/schema.org","@graph":[{"@type":"WebPage","@id":"https:\/\/mettapapelaria.com.br\/catalogo\/produto\/mochila-triviun-camuflada-tn\/","url":"https:\/\/mettapapelaria.com.br\/catalogo\/produto\/mochila-triviun-camuflada-tn\/","name":"MOCHILA TRIVIUN CAMUFLADA TN - Metta Papelaria","isPartOf":{"@id":"https:\/\/mettapapelaria.com.br\/catalogo\/#website"},"primaryImageOfPage":{"@id":"https:\/\/mettapapelaria.com.br\/catalogo\/produto\/mochila-triviun-camuflada-tn\/#primaryimage"},"image":{"@id":"https:\/\/mettapapelaria.com.br\/catalogo\/produto\/mochila-triviun-camuflada-tn\/#primaryimage"},"thumbnailUrl":"https:\/\/mettapapelaria.com.br\/catalogo\/wp-content\/uploads\/2024\/11\/Copy-of-Copy-of-Copy-of-BIBLIOCANTO-PASTEL-MAXCRIL-20.png","datePublished":"2024-11-27T13:43:32+00:00","description":"Uma mochila que cabe tudo o que voc\u00ea precisa para ir pro col\u00e9gio, universidade, viagem, passeio.","breadcrumb":{"@id":"https:\/\/mettapapelaria.com.br\/catalogo\/produto\/mochila-triviun-camuflada-tn\/#breadcrumb"},"inLanguage":"pt-BR","potentialAction":[{"@type":"ReadAction","target":["https:\/\/mettapapelaria.com.br\/catalogo\/produto\/mochila-triviun-camuflada-tn\/"]}]},{"@type":"ImageObject","inLanguage":"pt-BR","@id":"https:\/\/mettapapelaria.com.br\/catalogo\/produto\/mochila-triviun-camuflada-tn\/#primaryimage","url":"https:\/\/mettapapelaria.com.br\/catalogo\/wp-content\/uploads\/2024\/11\/Copy-of-Copy-of-Copy-of-BIBLIOCANTO-PASTEL-MAXCRIL-20.png","contentUrl":"https:\/\/mettapapelaria.com.br\/catalogo\/wp-content\/uploads\/2024\/11\/Copy-of-Copy-of-Copy-of-BIBLIOCANTO-PASTEL-MAXCRIL-20.png","width":500,"height":500},{"@type":"BreadcrumbList","@id":"https:\/\/mettapapelaria.com.br\/catalogo\/produto\/mochila-triviun-camuflada-tn\/#breadcrumb","itemListElement":[{"@type":"ListItem","position":1,"name":"In\u00edcio","item":"https:\/\/mettapapelaria.com.br\/catalogo\/"},{"@type":"ListItem","position":2,"name":"Shop","item":"https:\/\/mettapapelaria.com.br\/catalogo\/shop\/"},{"@type":"ListItem","position":3,"name":"MOCHILA TRIVIUN CAMUFLADA TN"}]},{"@type":"WebSite","@id":"https:\/\/mettapapelaria.com.br\/catalogo\/#website","url":"https:\/\/mettapapelaria.com.br\/catalogo\/","name":"Metta Papelaria","description":"Materiais e equipamentos de escrit\u00f3rio, suprimentos para inform\u00e1tica, e uma diversificada linha de material escolar","publisher":{"@id":"https:\/\/mettapapelaria.com.br\/catalogo\/#organization"},"potentialAction":[{"@type":"SearchAction","target":{"@type":"EntryPoint","urlTemplate":"https:\/\/mettapapelaria.com.br\/catalogo\/?s={search_term_string}"},"query-input":{"@type":"PropertyValueSpecification","valueRequired":true,"valueName":"search_term_string"}}],"inLanguage":"pt-BR"},{"@type":"Organization","@id":"https:\/\/mettapapelaria.com.br\/catalogo\/#organization","name":"Metta Papelaria","url":"https:\/\/mettapapelaria.com.br\/catalogo\/","logo":{"@type":"ImageObject","inLanguage":"pt-BR","@id":"https:\/\/mettapapelaria.com.br\/catalogo\/#\/schema\/logo\/image\/","url":"https:\/\/mettapapelaria.com.br\/catalogo\/wp-content\/uploads\/2023\/12\/cropped-favicon-Metta_512-1.png","contentUrl":"https:\/\/mettapapelaria.com.br\/catalogo\/wp-content\/uploads\/2023\/12\/cropped-favicon-Metta_512-1.png","width":512,"height":512,"caption":"Metta Papelaria"},"image":{"@id":"https:\/\/mettapapelaria.com.br\/catalogo\/#\/schema\/logo\/image\/"},"sameAs":["https:\/\/www.facebook.com\/mettapapelaria\/","https:\/\/www.instagram.com\/papelariametta\/"]}]}},"_links":{"self":[{"href":"https:\/\/mettapapelaria.com.br\/catalogo\/wp-json\/wp\/v2\/product\/8872","targetHints":{"allow":["GET"]}}],"collection":[{"href":"https:\/\/mettapapelaria.com.br\/catalogo\/wp-json\/wp\/v2\/product"}],"about":[{"href":"https:\/\/mettapapelaria.com.br\/catalogo\/wp-json\/wp\/v2\/types\/product"}],"replies":[{"embeddable":true,"href":"https:\/\/mettapapelaria.com.br\/catalogo\/wp-json\/wp\/v2\/comments?post=8872"}],"version-history":[{"count":1,"href":"https:\/\/mettapapelaria.com.br\/catalogo\/wp-json\/wp\/v2\/product\/8872\/revisions"}],"predecessor-version":[{"id":8875,"href":"https:\/\/mettapapelaria.com.br\/catalogo\/wp-json\/wp\/v2\/product\/8872\/revisions\/8875"}],"wp:featuredmedia":[{"embeddable":true,"href":"https:\/\/mettapapelaria.com.br\/catalogo\/wp-json\/wp\/v2\/media\/8873"}],"wp:attachment":[{"href":"https:\/\/mettapapelaria.com.br\/catalogo\/wp-json\/wp\/v2\/media?parent=8872"}],"wp:term":[{"taxonomy":"brand","embeddable":true,"href":"https:\/\/mettapapelaria.com.br\/catalogo\/wp-json\/wp\/v2\/etheme_brands?post=8872"},{"taxonomy":"product_brand","embeddable":true,"href":"https:\/\/mettapapelaria.com.br\/catalogo\/wp-json\/wp\/v2\/product_brand?post=8872"},{"taxonomy":"product_cat","embeddable":true,"href":"https:\/\/mettapapelaria.com.br\/catalogo\/wp-json\/wp\/v2\/product_cat?post=8872"},{"taxonomy":"product_tag","embeddable":true,"href":"https:\/\/mettapapelaria.com.br\/catalogo\/wp-json\/wp\/v2\/product_tag?post=8872"}],"curies":[{"name":"wp","href":"https:\/\/api.w.org\/{rel}","templated":true}]}}