{"id":8854,"date":"2024-11-27T10:09:18","date_gmt":"2024-11-27T13:09:18","guid":{"rendered":"https:\/\/mettapapelaria.com.br\/catalogo\/?post_type=product&#038;p=8854"},"modified":"2024-11-27T10:09:18","modified_gmt":"2024-11-27T13:09:18","slug":"alfinetes-para-mapa-8mm-50un-brw","status":"publish","type":"product","link":"https:\/\/mettapapelaria.com.br\/catalogo\/produto\/alfinetes-para-mapa-8mm-50un-brw\/","title":{"rendered":"ALFINETES PARA MAPA 8MM 50UN BRW"},"content":{"rendered":"<div class=\"vtex-flex-layout-0-x-flexRow vtex-flex-layout-0-x-flexRow--pdp-about-and-specs\">\n<section class=\"vtex-store-components-3-x-container ph3 ph5-m ph2-xl mw9 center \">\n<div class=\"flex mt0 mb0 pt0 pb0    justify-start vtex-flex-layout-0-x-flexRowContent vtex-flex-layout-0-x-flexRowContent--pdp-about-and-specs items-stretch w-100\">\n<div class=\"pr0 items-stretch vtex-flex-layout-0-x-stretchChildrenWidth   flex\">\n<div class=\"vtex-tab-layout-0-x-container vtex-tab-layout-0-x-container--about-and-specs\">\n<div class=\"vtex-tab-layout-0-x-contentContainer w-100\">\n<div class=\"vtex-tab-layout-0-x-contentItem vtex-tab-layout-0-x-contentItem--pdp-tab w-100\">\n<div class=\"vtex-store-components-3-x-productDescriptionContainer vtex-store-components-3-x-productDescriptionContainer--pdp-tab\">\n<div class=\"vtex-store-components-3-x-productDescriptionText vtex-store-components-3-x-productDescriptionText--pdp-tab c-muted-1\">\n<div class=\"vtex-store-components-3-x-container vtex-store-components-3-x-container--pdp-tab relative\">\n<div class=\"vtex-store-components-3-x-content vtex-store-components-3-x-content--pdp-tab h-auto\">Os Alfinetes para Mapa Bola 8mm BRW s\u00e3o perfeitos para demarca\u00e7\u00f5es de localiza\u00e7\u00f5es em mapas, perfura\u00e7\u00e3o em murais de avisos e para organiza\u00e7\u00e3o de informa\u00e7\u00f5es importantes em quadros de recados! Com a ponta redonda e em cores sortidas, os alfinetes podem ser mesclados para destacar e classificar dados nas mais variadas superf\u00edcies. Sua utiliza\u00e7\u00e3o \u00e9 indicada para auxiliar em atividades escolares e tamb\u00e9m em apresenta\u00e7\u00f5es empresariais. Al\u00e9m disso, tamb\u00e9m pode perfurar e prender pap\u00e9is, fotografias, tecidos, lonas e pl\u00e1sticos de forma r\u00e1pida, pr\u00e1tica e totalmente segura. Feito a base de arame de a\u00e7o niquelado com ponta de pl\u00e1stico poliestireno, os alfinetes BRW s\u00e3o de alta qualidade, resist\u00eancia e com grande durabilidade.<\/div>\n<\/div>\n<\/div>\n<\/div>\n<\/div>\n<\/div>\n<\/div>\n<\/div>\n<\/div>\n<\/section>\n<\/div>\n<div class=\"vtex-flex-layout-0-x-flexRow vtex-flex-layout-0-x-flexRow--reviews-and-ratings\">\n<section class=\"vtex-store-components-3-x-container ph3 ph5-m ph2-xl mw9 center \">\n<div class=\"flex mt0 mb0 pt0 pb0    justify-start vtex-flex-layout-0-x-flexRowContent vtex-flex-layout-0-x-flexRowContent--reviews-and-ratings items-stretch w-100\">\n<div class=\"pr0 items-stretch vtex-flex-layout-0-x-stretchChildrenWidth   flex\">\n<div class=\"vtex-flex-layout-0-x-flexCol vtex-flex-layout-0-x-flexCol--reviews-and-ratings-container  ml0 mr0 pl0 pr0      flex flex-column h-100 w-100\">\n<div class=\"vtex-flex-layout-0-x-flexColChild vtex-flex-layout-0-x-flexColChild--reviews-and-ratings-container pb0\">\n<div class=\"vtex-flex-layout-0-x-flexRow vtex-flex-layout-0-x-flexRow--reviews-and-ratings-content\">\n<div class=\"flex mt0 mb0 pt0 pb0    justify-start vtex-flex-layout-0-x-flexRowContent vtex-flex-layout-0-x-flexRowContent--reviews-and-ratings-content items-stretch w-100\">\n<div class=\"pr0  vtex-flex-layout-0-x-stretchChildrenWidth   flex\">\n<div class=\"vtex-flex-layout-0-x-flexCol vtex-flex-layout-0-x-flexCol--ratings-only  ml0 mr0 pl0 pr0      flex flex-column h-100 w-100\">\n<div class=\"vtex-flex-layout-0-x-flexColChild vtex-flex-layout-0-x-flexColChild--ratings-only pb0\">\n<div id=\"reviews-main-container\" class=\"vtex-reviews-and-ratings-3-x-container review mw8 center ph5\"><\/div>\n<\/div>\n<\/div>\n<\/div>\n<\/div>\n<\/div>\n<\/div>\n<\/div>\n<\/div>\n<\/div>\n<\/section>\n<\/div>\n","protected":false},"excerpt":{"rendered":"<p>Os Alfinetes para Mapa Bola 8mm BRW s\u00e3o perfeitos para demarca\u00e7\u00f5es de localiza\u00e7\u00f5es em mapas, perfura\u00e7\u00e3o em murais de avisos e para organiza\u00e7\u00e3o de informa\u00e7\u00f5es&#8230;<\/p>\n","protected":false},"featured_media":8855,"comment_status":"open","ping_status":"closed","template":"","meta":[],"etheme_brands":[{"term_id":193,"name":"BRW","slug":"brw","term_group":0,"term_taxonomy_id":193,"taxonomy":"brand","description":"","parent":0,"count":34,"filter":"raw"}],"product_brand":[],"product_cat":[36,15],"product_tag":[785,338,276,316,275,228,227,225,239,786,317,274,318],"class_list":{"0":"post-8854","1":"product","2":"type-product","3":"status-publish","4":"has-post-thumbnail","6":"brand-brw","7":"product_cat-alfinete-colchete-percevejos","8":"product_cat-material-escritorio","9":"product_tag-alfinete","10":"product_tag-colorido","11":"product_tag-escola","12":"product_tag-estudante","13":"product_tag-faculdade","14":"product_tag-material-de-escritorio","15":"product_tag-material-escolar","16":"product_tag-metta-papelaria","17":"product_tag-organizacao","18":"product_tag-percevejo","19":"product_tag-study","20":"product_tag-universidade","21":"product_tag-volta-as-aulas","23":"first","24":"instock","25":"sold-individually","26":"shipping-taxable","27":"purchasable","28":"product-type-simple"},"yoast_head":"<!-- This site is optimized with the Yoast SEO plugin v26.9 - https:\/\/yoast.com\/product\/yoast-seo-wordpress\/ -->\n<title>ALFINETES PARA MAPA 8MM 50UN BRW - Metta Papelaria<\/title>\n<meta name=\"description\" content=\"Os Alfinetes para Mapa Bola 8mm BRW s\u00e3o perfeitos para demarca\u00e7\u00f5es de localiza\u00e7\u00f5es em mapas, perfura\u00e7\u00e3o em murais de avisos e para organiza\u00e7\u00e3o de informa\u00e7\u00f5es importantes em quadros de recados!\" \/>\n<meta name=\"robots\" content=\"index, follow, max-snippet:-1, max-image-preview:large, max-video-preview:-1\" \/>\n<link rel=\"canonical\" href=\"https:\/\/mettapapelaria.com.br\/catalogo\/produto\/alfinetes-para-mapa-8mm-50un-brw\/\" \/>\n<meta property=\"og:locale\" content=\"pt_BR\" \/>\n<meta property=\"og:type\" content=\"article\" \/>\n<meta property=\"og:title\" content=\"ALFINETES PARA MAPA 8MM 50UN BRW - Metta Papelaria\" \/>\n<meta property=\"og:description\" content=\"Os Alfinetes para Mapa Bola 8mm BRW s\u00e3o perfeitos para demarca\u00e7\u00f5es de localiza\u00e7\u00f5es em mapas, perfura\u00e7\u00e3o em murais de avisos e para organiza\u00e7\u00e3o de informa\u00e7\u00f5es importantes em quadros de recados!\" \/>\n<meta property=\"og:url\" content=\"https:\/\/mettapapelaria.com.br\/catalogo\/produto\/alfinetes-para-mapa-8mm-50un-brw\/\" \/>\n<meta property=\"og:site_name\" content=\"Metta Papelaria\" \/>\n<meta property=\"article:publisher\" content=\"https:\/\/www.facebook.com\/mettapapelaria\/\" \/>\n<meta property=\"og:image\" content=\"https:\/\/mettapapelaria.com.br\/catalogo\/wp-content\/uploads\/2024\/11\/Copy-of-Copy-of-Copy-of-BIBLIOCANTO-PASTEL-MAXCRIL-13.png\" \/>\n\t<meta property=\"og:image:width\" content=\"500\" \/>\n\t<meta property=\"og:image:height\" content=\"500\" \/>\n\t<meta property=\"og:image:type\" content=\"image\/png\" \/>\n<meta name=\"twitter:card\" content=\"summary_large_image\" \/>\n<meta name=\"twitter:label1\" content=\"Est. tempo de leitura\" \/>\n\t<meta name=\"twitter:data1\" content=\"1 minuto\" \/>\n<script type=\"application\/ld+json\" class=\"yoast-schema-graph\">{\"@context\":\"https:\/\/schema.org\",\"@graph\":[{\"@type\":\"WebPage\",\"@id\":\"https:\/\/mettapapelaria.com.br\/catalogo\/produto\/alfinetes-para-mapa-8mm-50un-brw\/\",\"url\":\"https:\/\/mettapapelaria.com.br\/catalogo\/produto\/alfinetes-para-mapa-8mm-50un-brw\/\",\"name\":\"ALFINETES PARA MAPA 8MM 50UN BRW - Metta Papelaria\",\"isPartOf\":{\"@id\":\"https:\/\/mettapapelaria.com.br\/catalogo\/#website\"},\"primaryImageOfPage\":{\"@id\":\"https:\/\/mettapapelaria.com.br\/catalogo\/produto\/alfinetes-para-mapa-8mm-50un-brw\/#primaryimage\"},\"image\":{\"@id\":\"https:\/\/mettapapelaria.com.br\/catalogo\/produto\/alfinetes-para-mapa-8mm-50un-brw\/#primaryimage\"},\"thumbnailUrl\":\"https:\/\/mettapapelaria.com.br\/catalogo\/wp-content\/uploads\/2024\/11\/Copy-of-Copy-of-Copy-of-BIBLIOCANTO-PASTEL-MAXCRIL-13.png\",\"datePublished\":\"2024-11-27T13:09:18+00:00\",\"description\":\"Os Alfinetes para Mapa Bola 8mm BRW s\u00e3o perfeitos para demarca\u00e7\u00f5es de localiza\u00e7\u00f5es em mapas, perfura\u00e7\u00e3o em murais de avisos e para organiza\u00e7\u00e3o de informa\u00e7\u00f5es importantes em quadros de recados!\",\"breadcrumb\":{\"@id\":\"https:\/\/mettapapelaria.com.br\/catalogo\/produto\/alfinetes-para-mapa-8mm-50un-brw\/#breadcrumb\"},\"inLanguage\":\"pt-BR\",\"potentialAction\":[{\"@type\":\"ReadAction\",\"target\":[\"https:\/\/mettapapelaria.com.br\/catalogo\/produto\/alfinetes-para-mapa-8mm-50un-brw\/\"]}]},{\"@type\":\"ImageObject\",\"inLanguage\":\"pt-BR\",\"@id\":\"https:\/\/mettapapelaria.com.br\/catalogo\/produto\/alfinetes-para-mapa-8mm-50un-brw\/#primaryimage\",\"url\":\"https:\/\/mettapapelaria.com.br\/catalogo\/wp-content\/uploads\/2024\/11\/Copy-of-Copy-of-Copy-of-BIBLIOCANTO-PASTEL-MAXCRIL-13.png\",\"contentUrl\":\"https:\/\/mettapapelaria.com.br\/catalogo\/wp-content\/uploads\/2024\/11\/Copy-of-Copy-of-Copy-of-BIBLIOCANTO-PASTEL-MAXCRIL-13.png\",\"width\":500,\"height\":500},{\"@type\":\"BreadcrumbList\",\"@id\":\"https:\/\/mettapapelaria.com.br\/catalogo\/produto\/alfinetes-para-mapa-8mm-50un-brw\/#breadcrumb\",\"itemListElement\":[{\"@type\":\"ListItem\",\"position\":1,\"name\":\"In\u00edcio\",\"item\":\"https:\/\/mettapapelaria.com.br\/catalogo\/\"},{\"@type\":\"ListItem\",\"position\":2,\"name\":\"Shop\",\"item\":\"https:\/\/mettapapelaria.com.br\/catalogo\/shop\/\"},{\"@type\":\"ListItem\",\"position\":3,\"name\":\"ALFINETES PARA MAPA 8MM 50UN BRW\"}]},{\"@type\":\"WebSite\",\"@id\":\"https:\/\/mettapapelaria.com.br\/catalogo\/#website\",\"url\":\"https:\/\/mettapapelaria.com.br\/catalogo\/\",\"name\":\"Metta Papelaria\",\"description\":\"Materiais e equipamentos de escrit\u00f3rio, suprimentos para inform\u00e1tica, e uma diversificada linha de material escolar\",\"publisher\":{\"@id\":\"https:\/\/mettapapelaria.com.br\/catalogo\/#organization\"},\"potentialAction\":[{\"@type\":\"SearchAction\",\"target\":{\"@type\":\"EntryPoint\",\"urlTemplate\":\"https:\/\/mettapapelaria.com.br\/catalogo\/?s={search_term_string}\"},\"query-input\":{\"@type\":\"PropertyValueSpecification\",\"valueRequired\":true,\"valueName\":\"search_term_string\"}}],\"inLanguage\":\"pt-BR\"},{\"@type\":\"Organization\",\"@id\":\"https:\/\/mettapapelaria.com.br\/catalogo\/#organization\",\"name\":\"Metta Papelaria\",\"url\":\"https:\/\/mettapapelaria.com.br\/catalogo\/\",\"logo\":{\"@type\":\"ImageObject\",\"inLanguage\":\"pt-BR\",\"@id\":\"https:\/\/mettapapelaria.com.br\/catalogo\/#\/schema\/logo\/image\/\",\"url\":\"https:\/\/mettapapelaria.com.br\/catalogo\/wp-content\/uploads\/2023\/12\/cropped-favicon-Metta_512-1.png\",\"contentUrl\":\"https:\/\/mettapapelaria.com.br\/catalogo\/wp-content\/uploads\/2023\/12\/cropped-favicon-Metta_512-1.png\",\"width\":512,\"height\":512,\"caption\":\"Metta Papelaria\"},\"image\":{\"@id\":\"https:\/\/mettapapelaria.com.br\/catalogo\/#\/schema\/logo\/image\/\"},\"sameAs\":[\"https:\/\/www.facebook.com\/mettapapelaria\/\",\"https:\/\/www.instagram.com\/papelariametta\/\"]}]}<\/script>\n<!-- \/ Yoast SEO plugin. -->","yoast_head_json":{"title":"ALFINETES PARA MAPA 8MM 50UN BRW - Metta Papelaria","description":"Os Alfinetes para Mapa Bola 8mm BRW s\u00e3o perfeitos para demarca\u00e7\u00f5es de localiza\u00e7\u00f5es em mapas, perfura\u00e7\u00e3o em murais de avisos e para organiza\u00e7\u00e3o de informa\u00e7\u00f5es importantes em quadros de recados!","robots":{"index":"index","follow":"follow","max-snippet":"max-snippet:-1","max-image-preview":"max-image-preview:large","max-video-preview":"max-video-preview:-1"},"canonical":"https:\/\/mettapapelaria.com.br\/catalogo\/produto\/alfinetes-para-mapa-8mm-50un-brw\/","og_locale":"pt_BR","og_type":"article","og_title":"ALFINETES PARA MAPA 8MM 50UN BRW - Metta Papelaria","og_description":"Os Alfinetes para Mapa Bola 8mm BRW s\u00e3o perfeitos para demarca\u00e7\u00f5es de localiza\u00e7\u00f5es em mapas, perfura\u00e7\u00e3o em murais de avisos e para organiza\u00e7\u00e3o de informa\u00e7\u00f5es importantes em quadros de recados!","og_url":"https:\/\/mettapapelaria.com.br\/catalogo\/produto\/alfinetes-para-mapa-8mm-50un-brw\/","og_site_name":"Metta Papelaria","article_publisher":"https:\/\/www.facebook.com\/mettapapelaria\/","og_image":[{"width":500,"height":500,"url":"https:\/\/mettapapelaria.com.br\/catalogo\/wp-content\/uploads\/2024\/11\/Copy-of-Copy-of-Copy-of-BIBLIOCANTO-PASTEL-MAXCRIL-13.png","type":"image\/png"}],"twitter_card":"summary_large_image","twitter_misc":{"Est. tempo de leitura":"1 minuto"},"schema":{"@context":"https:\/\/schema.org","@graph":[{"@type":"WebPage","@id":"https:\/\/mettapapelaria.com.br\/catalogo\/produto\/alfinetes-para-mapa-8mm-50un-brw\/","url":"https:\/\/mettapapelaria.com.br\/catalogo\/produto\/alfinetes-para-mapa-8mm-50un-brw\/","name":"ALFINETES PARA MAPA 8MM 50UN BRW - Metta Papelaria","isPartOf":{"@id":"https:\/\/mettapapelaria.com.br\/catalogo\/#website"},"primaryImageOfPage":{"@id":"https:\/\/mettapapelaria.com.br\/catalogo\/produto\/alfinetes-para-mapa-8mm-50un-brw\/#primaryimage"},"image":{"@id":"https:\/\/mettapapelaria.com.br\/catalogo\/produto\/alfinetes-para-mapa-8mm-50un-brw\/#primaryimage"},"thumbnailUrl":"https:\/\/mettapapelaria.com.br\/catalogo\/wp-content\/uploads\/2024\/11\/Copy-of-Copy-of-Copy-of-BIBLIOCANTO-PASTEL-MAXCRIL-13.png","datePublished":"2024-11-27T13:09:18+00:00","description":"Os Alfinetes para Mapa Bola 8mm BRW s\u00e3o perfeitos para demarca\u00e7\u00f5es de localiza\u00e7\u00f5es em mapas, perfura\u00e7\u00e3o em murais de avisos e para organiza\u00e7\u00e3o de informa\u00e7\u00f5es importantes em quadros de recados!","breadcrumb":{"@id":"https:\/\/mettapapelaria.com.br\/catalogo\/produto\/alfinetes-para-mapa-8mm-50un-brw\/#breadcrumb"},"inLanguage":"pt-BR","potentialAction":[{"@type":"ReadAction","target":["https:\/\/mettapapelaria.com.br\/catalogo\/produto\/alfinetes-para-mapa-8mm-50un-brw\/"]}]},{"@type":"ImageObject","inLanguage":"pt-BR","@id":"https:\/\/mettapapelaria.com.br\/catalogo\/produto\/alfinetes-para-mapa-8mm-50un-brw\/#primaryimage","url":"https:\/\/mettapapelaria.com.br\/catalogo\/wp-content\/uploads\/2024\/11\/Copy-of-Copy-of-Copy-of-BIBLIOCANTO-PASTEL-MAXCRIL-13.png","contentUrl":"https:\/\/mettapapelaria.com.br\/catalogo\/wp-content\/uploads\/2024\/11\/Copy-of-Copy-of-Copy-of-BIBLIOCANTO-PASTEL-MAXCRIL-13.png","width":500,"height":500},{"@type":"BreadcrumbList","@id":"https:\/\/mettapapelaria.com.br\/catalogo\/produto\/alfinetes-para-mapa-8mm-50un-brw\/#breadcrumb","itemListElement":[{"@type":"ListItem","position":1,"name":"In\u00edcio","item":"https:\/\/mettapapelaria.com.br\/catalogo\/"},{"@type":"ListItem","position":2,"name":"Shop","item":"https:\/\/mettapapelaria.com.br\/catalogo\/shop\/"},{"@type":"ListItem","position":3,"name":"ALFINETES PARA MAPA 8MM 50UN BRW"}]},{"@type":"WebSite","@id":"https:\/\/mettapapelaria.com.br\/catalogo\/#website","url":"https:\/\/mettapapelaria.com.br\/catalogo\/","name":"Metta Papelaria","description":"Materiais e equipamentos de escrit\u00f3rio, suprimentos para inform\u00e1tica, e uma diversificada linha de material escolar","publisher":{"@id":"https:\/\/mettapapelaria.com.br\/catalogo\/#organization"},"potentialAction":[{"@type":"SearchAction","target":{"@type":"EntryPoint","urlTemplate":"https:\/\/mettapapelaria.com.br\/catalogo\/?s={search_term_string}"},"query-input":{"@type":"PropertyValueSpecification","valueRequired":true,"valueName":"search_term_string"}}],"inLanguage":"pt-BR"},{"@type":"Organization","@id":"https:\/\/mettapapelaria.com.br\/catalogo\/#organization","name":"Metta Papelaria","url":"https:\/\/mettapapelaria.com.br\/catalogo\/","logo":{"@type":"ImageObject","inLanguage":"pt-BR","@id":"https:\/\/mettapapelaria.com.br\/catalogo\/#\/schema\/logo\/image\/","url":"https:\/\/mettapapelaria.com.br\/catalogo\/wp-content\/uploads\/2023\/12\/cropped-favicon-Metta_512-1.png","contentUrl":"https:\/\/mettapapelaria.com.br\/catalogo\/wp-content\/uploads\/2023\/12\/cropped-favicon-Metta_512-1.png","width":512,"height":512,"caption":"Metta Papelaria"},"image":{"@id":"https:\/\/mettapapelaria.com.br\/catalogo\/#\/schema\/logo\/image\/"},"sameAs":["https:\/\/www.facebook.com\/mettapapelaria\/","https:\/\/www.instagram.com\/papelariametta\/"]}]}},"_links":{"self":[{"href":"https:\/\/mettapapelaria.com.br\/catalogo\/wp-json\/wp\/v2\/product\/8854","targetHints":{"allow":["GET"]}}],"collection":[{"href":"https:\/\/mettapapelaria.com.br\/catalogo\/wp-json\/wp\/v2\/product"}],"about":[{"href":"https:\/\/mettapapelaria.com.br\/catalogo\/wp-json\/wp\/v2\/types\/product"}],"replies":[{"embeddable":true,"href":"https:\/\/mettapapelaria.com.br\/catalogo\/wp-json\/wp\/v2\/comments?post=8854"}],"version-history":[{"count":2,"href":"https:\/\/mettapapelaria.com.br\/catalogo\/wp-json\/wp\/v2\/product\/8854\/revisions"}],"predecessor-version":[{"id":8858,"href":"https:\/\/mettapapelaria.com.br\/catalogo\/wp-json\/wp\/v2\/product\/8854\/revisions\/8858"}],"wp:featuredmedia":[{"embeddable":true,"href":"https:\/\/mettapapelaria.com.br\/catalogo\/wp-json\/wp\/v2\/media\/8855"}],"wp:attachment":[{"href":"https:\/\/mettapapelaria.com.br\/catalogo\/wp-json\/wp\/v2\/media?parent=8854"}],"wp:term":[{"taxonomy":"brand","embeddable":true,"href":"https:\/\/mettapapelaria.com.br\/catalogo\/wp-json\/wp\/v2\/etheme_brands?post=8854"},{"taxonomy":"product_brand","embeddable":true,"href":"https:\/\/mettapapelaria.com.br\/catalogo\/wp-json\/wp\/v2\/product_brand?post=8854"},{"taxonomy":"product_cat","embeddable":true,"href":"https:\/\/mettapapelaria.com.br\/catalogo\/wp-json\/wp\/v2\/product_cat?post=8854"},{"taxonomy":"product_tag","embeddable":true,"href":"https:\/\/mettapapelaria.com.br\/catalogo\/wp-json\/wp\/v2\/product_tag?post=8854"}],"curies":[{"name":"wp","href":"https:\/\/api.w.org\/{rel}","templated":true}]}}