{"id":8827,"date":"2024-11-27T08:35:23","date_gmt":"2024-11-27T11:35:23","guid":{"rendered":"https:\/\/mettapapelaria.com.br\/catalogo\/?post_type=product&#038;p=8827"},"modified":"2024-11-27T08:35:23","modified_gmt":"2024-11-27T11:35:23","slug":"garrafa-termica-metalica-500ml-brw","status":"publish","type":"product","link":"https:\/\/mettapapelaria.com.br\/catalogo\/produto\/garrafa-termica-metalica-500ml-brw\/","title":{"rendered":"GARRAFA T\u00c9RMICA MET\u00c1LICA 500ML BRW"},"content":{"rendered":"<p>A garrafa BRW de a\u00e7o inoxid\u00e1vel met\u00e1lica, com capacidade de 500ml, \u00e9 uma op\u00e7\u00e3o elegante e dur\u00e1vel para levar suas bebidas favoritas onde quer que v\u00e1, seja quente ou gelada.<\/p>\n<p>&nbsp;<\/p>\n<p>Fabricada em a\u00e7o inoxid\u00e1vel de alta qualidade, a garrafa \u00e9 resistente a impactos, quedas e corros\u00e3o, al\u00e9m de ser leve e f\u00e1cil de transportar. A tampa possui veda\u00e7\u00e3o herm\u00e9tica, evitando vazamentos e mantendo a temperatura da bebida por mais tempo.<\/p>\n<p>&nbsp;<\/p>\n<p>A garrafa \u00e9 livre de BPA, o que a torna segura para o consumo de bebidas.<\/p>\n<p>Al\u00e9m disso, \u00e9 uma op\u00e7\u00e3o ecologicamente correta, j\u00e1 que \u00e9 reutiliz\u00e1vel e ajuda a reduzir o descarte de garrafas pl\u00e1sticas descart\u00e1veis.<\/p>\n<p>&nbsp;<\/p>\n<p>F\u00e1cil de limpar, pode ser lavada \u00e0 m\u00e3o ou na lava-lou\u00e7as, tornando seu uso ainda mais pr\u00e1tico.<\/p>\n<p>&nbsp;<\/p>\n<p>Em resumo, a garrafa BRW de a\u00e7o inoxid\u00e1vel de 500ml \u00e9 uma op\u00e7\u00e3o elegante, dur\u00e1vel, segura e ecologicamente correta para levar suas bebidas favoritas onde quer que v\u00e1, seja no trabalho, na academia ou em atividades ao ar livre.<\/p>\n","protected":false},"excerpt":{"rendered":"<p>A garrafa BRW de a\u00e7o inoxid\u00e1vel met\u00e1lica, com capacidade de 500ml, \u00e9 uma op\u00e7\u00e3o elegante e dur\u00e1vel para levar suas bebidas favoritas onde quer que&#8230;<\/p>\n","protected":false},"featured_media":8829,"comment_status":"open","ping_status":"closed","template":"","meta":[],"etheme_brands":[{"term_id":193,"name":"BRW","slug":"brw","term_group":0,"term_taxonomy_id":193,"taxonomy":"brand","description":"","parent":0,"count":34,"filter":"raw"}],"product_brand":[],"product_cat":[518,144],"product_tag":[276,316,275,287,597,605,294,227,225,317,274,318],"class_list":{"0":"post-8827","1":"product","2":"type-product","3":"status-publish","4":"has-post-thumbnail","6":"brand-brw","7":"product_cat-sem-categoria","8":"product_cat-garrafass","9":"product_tag-escola","10":"product_tag-estudante","11":"product_tag-faculdade","12":"product_tag-garrafa","13":"product_tag-garrafa-de-agua","14":"product_tag-garrafa-termica","15":"product_tag-infantil","16":"product_tag-material-escolar","17":"product_tag-metta-papelaria","18":"product_tag-study","19":"product_tag-universidade","20":"product_tag-volta-as-aulas","22":"first","23":"instock","24":"sold-individually","25":"shipping-taxable","26":"purchasable","27":"product-type-simple"},"yoast_head":"<!-- This site is optimized with the Yoast SEO plugin v26.9 - https:\/\/yoast.com\/product\/yoast-seo-wordpress\/ -->\n<title>GARRAFA T\u00c9RMICA MET\u00c1LICA 500ML BRW - Metta Papelaria<\/title>\n<meta name=\"description\" content=\"Em resumo, a garrafa BRW de a\u00e7o inoxid\u00e1vel de 500ml \u00e9 uma op\u00e7\u00e3o elegante, dur\u00e1vel, segura e ecologicamente correta para levar suas bebidas favoritas onde quer que v\u00e1, seja no trabalho, na academia ou em atividades ao ar livre.\" \/>\n<meta name=\"robots\" content=\"index, follow, max-snippet:-1, max-image-preview:large, max-video-preview:-1\" \/>\n<link rel=\"canonical\" href=\"https:\/\/mettapapelaria.com.br\/catalogo\/produto\/garrafa-termica-metalica-500ml-brw\/\" \/>\n<meta property=\"og:locale\" content=\"pt_BR\" \/>\n<meta property=\"og:type\" content=\"article\" \/>\n<meta property=\"og:title\" content=\"GARRAFA T\u00c9RMICA MET\u00c1LICA 500ML BRW - Metta Papelaria\" \/>\n<meta property=\"og:description\" content=\"Em resumo, a garrafa BRW de a\u00e7o inoxid\u00e1vel de 500ml \u00e9 uma op\u00e7\u00e3o elegante, dur\u00e1vel, segura e ecologicamente correta para levar suas bebidas favoritas onde quer que v\u00e1, seja no trabalho, na academia ou em atividades ao ar livre.\" \/>\n<meta property=\"og:url\" content=\"https:\/\/mettapapelaria.com.br\/catalogo\/produto\/garrafa-termica-metalica-500ml-brw\/\" \/>\n<meta property=\"og:site_name\" content=\"Metta Papelaria\" \/>\n<meta property=\"article:publisher\" content=\"https:\/\/www.facebook.com\/mettapapelaria\/\" \/>\n<meta property=\"og:image\" content=\"https:\/\/mettapapelaria.com.br\/catalogo\/wp-content\/uploads\/2024\/11\/Copy-of-Copy-of-Copy-of-BIBLIOCANTO-PASTEL-MAXCRIL-3.png\" \/>\n\t<meta property=\"og:image:width\" content=\"500\" \/>\n\t<meta property=\"og:image:height\" content=\"500\" \/>\n\t<meta property=\"og:image:type\" content=\"image\/png\" \/>\n<meta name=\"twitter:card\" content=\"summary_large_image\" \/>\n<meta name=\"twitter:label1\" content=\"Est. tempo de leitura\" \/>\n\t<meta name=\"twitter:data1\" content=\"2 minutos\" \/>\n<script type=\"application\/ld+json\" class=\"yoast-schema-graph\">{\"@context\":\"https:\/\/schema.org\",\"@graph\":[{\"@type\":\"WebPage\",\"@id\":\"https:\/\/mettapapelaria.com.br\/catalogo\/produto\/garrafa-termica-metalica-500ml-brw\/\",\"url\":\"https:\/\/mettapapelaria.com.br\/catalogo\/produto\/garrafa-termica-metalica-500ml-brw\/\",\"name\":\"GARRAFA T\u00c9RMICA MET\u00c1LICA 500ML BRW - Metta Papelaria\",\"isPartOf\":{\"@id\":\"https:\/\/mettapapelaria.com.br\/catalogo\/#website\"},\"primaryImageOfPage\":{\"@id\":\"https:\/\/mettapapelaria.com.br\/catalogo\/produto\/garrafa-termica-metalica-500ml-brw\/#primaryimage\"},\"image\":{\"@id\":\"https:\/\/mettapapelaria.com.br\/catalogo\/produto\/garrafa-termica-metalica-500ml-brw\/#primaryimage\"},\"thumbnailUrl\":\"https:\/\/mettapapelaria.com.br\/catalogo\/wp-content\/uploads\/2024\/11\/Copy-of-Copy-of-Copy-of-BIBLIOCANTO-PASTEL-MAXCRIL-3.png\",\"datePublished\":\"2024-11-27T11:35:23+00:00\",\"description\":\"Em resumo, a garrafa BRW de a\u00e7o inoxid\u00e1vel de 500ml \u00e9 uma op\u00e7\u00e3o elegante, dur\u00e1vel, segura e ecologicamente correta para levar suas bebidas favoritas onde quer que v\u00e1, seja no trabalho, na academia ou em atividades ao ar livre.\",\"breadcrumb\":{\"@id\":\"https:\/\/mettapapelaria.com.br\/catalogo\/produto\/garrafa-termica-metalica-500ml-brw\/#breadcrumb\"},\"inLanguage\":\"pt-BR\",\"potentialAction\":[{\"@type\":\"ReadAction\",\"target\":[\"https:\/\/mettapapelaria.com.br\/catalogo\/produto\/garrafa-termica-metalica-500ml-brw\/\"]}]},{\"@type\":\"ImageObject\",\"inLanguage\":\"pt-BR\",\"@id\":\"https:\/\/mettapapelaria.com.br\/catalogo\/produto\/garrafa-termica-metalica-500ml-brw\/#primaryimage\",\"url\":\"https:\/\/mettapapelaria.com.br\/catalogo\/wp-content\/uploads\/2024\/11\/Copy-of-Copy-of-Copy-of-BIBLIOCANTO-PASTEL-MAXCRIL-3.png\",\"contentUrl\":\"https:\/\/mettapapelaria.com.br\/catalogo\/wp-content\/uploads\/2024\/11\/Copy-of-Copy-of-Copy-of-BIBLIOCANTO-PASTEL-MAXCRIL-3.png\",\"width\":500,\"height\":500},{\"@type\":\"BreadcrumbList\",\"@id\":\"https:\/\/mettapapelaria.com.br\/catalogo\/produto\/garrafa-termica-metalica-500ml-brw\/#breadcrumb\",\"itemListElement\":[{\"@type\":\"ListItem\",\"position\":1,\"name\":\"In\u00edcio\",\"item\":\"https:\/\/mettapapelaria.com.br\/catalogo\/\"},{\"@type\":\"ListItem\",\"position\":2,\"name\":\"Shop\",\"item\":\"https:\/\/mettapapelaria.com.br\/catalogo\/shop\/\"},{\"@type\":\"ListItem\",\"position\":3,\"name\":\"GARRAFA T\u00c9RMICA MET\u00c1LICA 500ML BRW\"}]},{\"@type\":\"WebSite\",\"@id\":\"https:\/\/mettapapelaria.com.br\/catalogo\/#website\",\"url\":\"https:\/\/mettapapelaria.com.br\/catalogo\/\",\"name\":\"Metta Papelaria\",\"description\":\"Materiais e equipamentos de escrit\u00f3rio, suprimentos para inform\u00e1tica, e uma diversificada linha de material escolar\",\"publisher\":{\"@id\":\"https:\/\/mettapapelaria.com.br\/catalogo\/#organization\"},\"potentialAction\":[{\"@type\":\"SearchAction\",\"target\":{\"@type\":\"EntryPoint\",\"urlTemplate\":\"https:\/\/mettapapelaria.com.br\/catalogo\/?s={search_term_string}\"},\"query-input\":{\"@type\":\"PropertyValueSpecification\",\"valueRequired\":true,\"valueName\":\"search_term_string\"}}],\"inLanguage\":\"pt-BR\"},{\"@type\":\"Organization\",\"@id\":\"https:\/\/mettapapelaria.com.br\/catalogo\/#organization\",\"name\":\"Metta Papelaria\",\"url\":\"https:\/\/mettapapelaria.com.br\/catalogo\/\",\"logo\":{\"@type\":\"ImageObject\",\"inLanguage\":\"pt-BR\",\"@id\":\"https:\/\/mettapapelaria.com.br\/catalogo\/#\/schema\/logo\/image\/\",\"url\":\"https:\/\/mettapapelaria.com.br\/catalogo\/wp-content\/uploads\/2023\/12\/cropped-favicon-Metta_512-1.png\",\"contentUrl\":\"https:\/\/mettapapelaria.com.br\/catalogo\/wp-content\/uploads\/2023\/12\/cropped-favicon-Metta_512-1.png\",\"width\":512,\"height\":512,\"caption\":\"Metta Papelaria\"},\"image\":{\"@id\":\"https:\/\/mettapapelaria.com.br\/catalogo\/#\/schema\/logo\/image\/\"},\"sameAs\":[\"https:\/\/www.facebook.com\/mettapapelaria\/\",\"https:\/\/www.instagram.com\/papelariametta\/\"]}]}<\/script>\n<!-- \/ Yoast SEO plugin. -->","yoast_head_json":{"title":"GARRAFA T\u00c9RMICA MET\u00c1LICA 500ML BRW - Metta Papelaria","description":"Em resumo, a garrafa BRW de a\u00e7o inoxid\u00e1vel de 500ml \u00e9 uma op\u00e7\u00e3o elegante, dur\u00e1vel, segura e ecologicamente correta para levar suas bebidas favoritas onde quer que v\u00e1, seja no trabalho, na academia ou em atividades ao ar livre.","robots":{"index":"index","follow":"follow","max-snippet":"max-snippet:-1","max-image-preview":"max-image-preview:large","max-video-preview":"max-video-preview:-1"},"canonical":"https:\/\/mettapapelaria.com.br\/catalogo\/produto\/garrafa-termica-metalica-500ml-brw\/","og_locale":"pt_BR","og_type":"article","og_title":"GARRAFA T\u00c9RMICA MET\u00c1LICA 500ML BRW - Metta Papelaria","og_description":"Em resumo, a garrafa BRW de a\u00e7o inoxid\u00e1vel de 500ml \u00e9 uma op\u00e7\u00e3o elegante, dur\u00e1vel, segura e ecologicamente correta para levar suas bebidas favoritas onde quer que v\u00e1, seja no trabalho, na academia ou em atividades ao ar livre.","og_url":"https:\/\/mettapapelaria.com.br\/catalogo\/produto\/garrafa-termica-metalica-500ml-brw\/","og_site_name":"Metta Papelaria","article_publisher":"https:\/\/www.facebook.com\/mettapapelaria\/","og_image":[{"width":500,"height":500,"url":"https:\/\/mettapapelaria.com.br\/catalogo\/wp-content\/uploads\/2024\/11\/Copy-of-Copy-of-Copy-of-BIBLIOCANTO-PASTEL-MAXCRIL-3.png","type":"image\/png"}],"twitter_card":"summary_large_image","twitter_misc":{"Est. tempo de leitura":"2 minutos"},"schema":{"@context":"https:\/\/schema.org","@graph":[{"@type":"WebPage","@id":"https:\/\/mettapapelaria.com.br\/catalogo\/produto\/garrafa-termica-metalica-500ml-brw\/","url":"https:\/\/mettapapelaria.com.br\/catalogo\/produto\/garrafa-termica-metalica-500ml-brw\/","name":"GARRAFA T\u00c9RMICA MET\u00c1LICA 500ML BRW - Metta Papelaria","isPartOf":{"@id":"https:\/\/mettapapelaria.com.br\/catalogo\/#website"},"primaryImageOfPage":{"@id":"https:\/\/mettapapelaria.com.br\/catalogo\/produto\/garrafa-termica-metalica-500ml-brw\/#primaryimage"},"image":{"@id":"https:\/\/mettapapelaria.com.br\/catalogo\/produto\/garrafa-termica-metalica-500ml-brw\/#primaryimage"},"thumbnailUrl":"https:\/\/mettapapelaria.com.br\/catalogo\/wp-content\/uploads\/2024\/11\/Copy-of-Copy-of-Copy-of-BIBLIOCANTO-PASTEL-MAXCRIL-3.png","datePublished":"2024-11-27T11:35:23+00:00","description":"Em resumo, a garrafa BRW de a\u00e7o inoxid\u00e1vel de 500ml \u00e9 uma op\u00e7\u00e3o elegante, dur\u00e1vel, segura e ecologicamente correta para levar suas bebidas favoritas onde quer que v\u00e1, seja no trabalho, na academia ou em atividades ao ar livre.","breadcrumb":{"@id":"https:\/\/mettapapelaria.com.br\/catalogo\/produto\/garrafa-termica-metalica-500ml-brw\/#breadcrumb"},"inLanguage":"pt-BR","potentialAction":[{"@type":"ReadAction","target":["https:\/\/mettapapelaria.com.br\/catalogo\/produto\/garrafa-termica-metalica-500ml-brw\/"]}]},{"@type":"ImageObject","inLanguage":"pt-BR","@id":"https:\/\/mettapapelaria.com.br\/catalogo\/produto\/garrafa-termica-metalica-500ml-brw\/#primaryimage","url":"https:\/\/mettapapelaria.com.br\/catalogo\/wp-content\/uploads\/2024\/11\/Copy-of-Copy-of-Copy-of-BIBLIOCANTO-PASTEL-MAXCRIL-3.png","contentUrl":"https:\/\/mettapapelaria.com.br\/catalogo\/wp-content\/uploads\/2024\/11\/Copy-of-Copy-of-Copy-of-BIBLIOCANTO-PASTEL-MAXCRIL-3.png","width":500,"height":500},{"@type":"BreadcrumbList","@id":"https:\/\/mettapapelaria.com.br\/catalogo\/produto\/garrafa-termica-metalica-500ml-brw\/#breadcrumb","itemListElement":[{"@type":"ListItem","position":1,"name":"In\u00edcio","item":"https:\/\/mettapapelaria.com.br\/catalogo\/"},{"@type":"ListItem","position":2,"name":"Shop","item":"https:\/\/mettapapelaria.com.br\/catalogo\/shop\/"},{"@type":"ListItem","position":3,"name":"GARRAFA T\u00c9RMICA MET\u00c1LICA 500ML BRW"}]},{"@type":"WebSite","@id":"https:\/\/mettapapelaria.com.br\/catalogo\/#website","url":"https:\/\/mettapapelaria.com.br\/catalogo\/","name":"Metta Papelaria","description":"Materiais e equipamentos de escrit\u00f3rio, suprimentos para inform\u00e1tica, e uma diversificada linha de material escolar","publisher":{"@id":"https:\/\/mettapapelaria.com.br\/catalogo\/#organization"},"potentialAction":[{"@type":"SearchAction","target":{"@type":"EntryPoint","urlTemplate":"https:\/\/mettapapelaria.com.br\/catalogo\/?s={search_term_string}"},"query-input":{"@type":"PropertyValueSpecification","valueRequired":true,"valueName":"search_term_string"}}],"inLanguage":"pt-BR"},{"@type":"Organization","@id":"https:\/\/mettapapelaria.com.br\/catalogo\/#organization","name":"Metta Papelaria","url":"https:\/\/mettapapelaria.com.br\/catalogo\/","logo":{"@type":"ImageObject","inLanguage":"pt-BR","@id":"https:\/\/mettapapelaria.com.br\/catalogo\/#\/schema\/logo\/image\/","url":"https:\/\/mettapapelaria.com.br\/catalogo\/wp-content\/uploads\/2023\/12\/cropped-favicon-Metta_512-1.png","contentUrl":"https:\/\/mettapapelaria.com.br\/catalogo\/wp-content\/uploads\/2023\/12\/cropped-favicon-Metta_512-1.png","width":512,"height":512,"caption":"Metta Papelaria"},"image":{"@id":"https:\/\/mettapapelaria.com.br\/catalogo\/#\/schema\/logo\/image\/"},"sameAs":["https:\/\/www.facebook.com\/mettapapelaria\/","https:\/\/www.instagram.com\/papelariametta\/"]}]}},"_links":{"self":[{"href":"https:\/\/mettapapelaria.com.br\/catalogo\/wp-json\/wp\/v2\/product\/8827","targetHints":{"allow":["GET"]}}],"collection":[{"href":"https:\/\/mettapapelaria.com.br\/catalogo\/wp-json\/wp\/v2\/product"}],"about":[{"href":"https:\/\/mettapapelaria.com.br\/catalogo\/wp-json\/wp\/v2\/types\/product"}],"replies":[{"embeddable":true,"href":"https:\/\/mettapapelaria.com.br\/catalogo\/wp-json\/wp\/v2\/comments?post=8827"}],"version-history":[{"count":2,"href":"https:\/\/mettapapelaria.com.br\/catalogo\/wp-json\/wp\/v2\/product\/8827\/revisions"}],"predecessor-version":[{"id":8831,"href":"https:\/\/mettapapelaria.com.br\/catalogo\/wp-json\/wp\/v2\/product\/8827\/revisions\/8831"}],"wp:featuredmedia":[{"embeddable":true,"href":"https:\/\/mettapapelaria.com.br\/catalogo\/wp-json\/wp\/v2\/media\/8829"}],"wp:attachment":[{"href":"https:\/\/mettapapelaria.com.br\/catalogo\/wp-json\/wp\/v2\/media?parent=8827"}],"wp:term":[{"taxonomy":"brand","embeddable":true,"href":"https:\/\/mettapapelaria.com.br\/catalogo\/wp-json\/wp\/v2\/etheme_brands?post=8827"},{"taxonomy":"product_brand","embeddable":true,"href":"https:\/\/mettapapelaria.com.br\/catalogo\/wp-json\/wp\/v2\/product_brand?post=8827"},{"taxonomy":"product_cat","embeddable":true,"href":"https:\/\/mettapapelaria.com.br\/catalogo\/wp-json\/wp\/v2\/product_cat?post=8827"},{"taxonomy":"product_tag","embeddable":true,"href":"https:\/\/mettapapelaria.com.br\/catalogo\/wp-json\/wp\/v2\/product_tag?post=8827"}],"curies":[{"name":"wp","href":"https:\/\/api.w.org\/{rel}","templated":true}]}}