{"id":8824,"date":"2024-11-27T08:27:36","date_gmt":"2024-11-27T11:27:36","guid":{"rendered":"https:\/\/mettapapelaria.com.br\/catalogo\/?post_type=product&#038;p=8824"},"modified":"2024-11-27T08:27:37","modified_gmt":"2024-11-27T11:27:37","slug":"kit-c-2-porta-objetos-full-color-rosa-e-roxo-dello","status":"publish","type":"product","link":"https:\/\/mettapapelaria.com.br\/catalogo\/produto\/kit-c-2-porta-objetos-full-color-rosa-e-roxo-dello\/","title":{"rendered":"KIT C\/2 PORTA OBJETOS FULL COLOR ROSA E ROXO DELLO"},"content":{"rendered":"<p>Organizar itens escolares n\u00e3o \u00e9 tarefa f\u00e1cil! L\u00e1pis, canetas, borrachas e outros objetos se misturam facilmente. Este Kit Duo de Porta Objetos foi pensado para que essas situa\u00e7\u00f5es n\u00e3o aconte\u00e7am. As cores s\u00e3o lindas! E pode facilmente fazer parte da composi\u00e7\u00e3o de algum ambiente.<\/p>\n","protected":false},"excerpt":{"rendered":"<p>Organizar itens escolares n\u00e3o \u00e9 tarefa f\u00e1cil! L\u00e1pis, canetas, borrachas e outros objetos se misturam facilmente. Este Kit Duo de Porta Objetos foi pensado para&#8230;<\/p>\n","protected":false},"featured_media":8825,"comment_status":"open","ping_status":"closed","template":"","meta":[],"etheme_brands":[{"term_id":777,"name":"Dello","slug":"dello","term_group":0,"term_taxonomy_id":777,"taxonomy":"brand","description":"","parent":0,"count":3,"filter":"raw"}],"product_brand":[],"product_cat":[85,67],"product_tag":[377,254,338,397,255,256,228,227,225,239,281,317,318],"class_list":{"0":"post-8824","1":"product","2":"type-product","3":"status-publish","4":"has-post-thumbnail","6":"brand-dello","7":"product_cat-porta-canetas-lapis","8":"product_cat-porta-coisas","9":"product_tag-caneta","10":"product_tag-casa","11":"product_tag-colorido","12":"product_tag-cores-pasteis","13":"product_tag-home","14":"product_tag-lar","15":"product_tag-material-de-escritorio","16":"product_tag-material-escolar","17":"product_tag-metta-papelaria","18":"product_tag-organizacao","19":"product_tag-porta-canetas","20":"product_tag-study","21":"product_tag-volta-as-aulas","23":"first","24":"instock","25":"sold-individually","26":"shipping-taxable","27":"purchasable","28":"product-type-simple"},"yoast_head":"<!-- This site is optimized with the Yoast SEO plugin v26.9 - https:\/\/yoast.com\/product\/yoast-seo-wordpress\/ -->\n<title>KIT C\/2 PORTA OBJETOS FULL COLOR ROSA E ROXO DELLO - Metta Papelaria<\/title>\n<meta name=\"description\" content=\"Organizar itens escolares n\u00e3o \u00e9 tarefa f\u00e1cil! L\u00e1pis, canetas, borrachas e outros objetos se misturam facilmente. Este Kit Duo de Porta Objetos foi pensado para que essas situa\u00e7\u00f5es n\u00e3o aconte\u00e7am.\" \/>\n<meta name=\"robots\" content=\"index, follow, max-snippet:-1, max-image-preview:large, max-video-preview:-1\" \/>\n<link rel=\"canonical\" href=\"https:\/\/mettapapelaria.com.br\/catalogo\/produto\/kit-c-2-porta-objetos-full-color-rosa-e-roxo-dello\/\" \/>\n<meta property=\"og:locale\" content=\"pt_BR\" \/>\n<meta property=\"og:type\" content=\"article\" \/>\n<meta property=\"og:title\" content=\"KIT C\/2 PORTA OBJETOS FULL COLOR ROSA E ROXO DELLO - Metta Papelaria\" \/>\n<meta property=\"og:description\" content=\"Organizar itens escolares n\u00e3o \u00e9 tarefa f\u00e1cil! L\u00e1pis, canetas, borrachas e outros objetos se misturam facilmente. Este Kit Duo de Porta Objetos foi pensado para que essas situa\u00e7\u00f5es n\u00e3o aconte\u00e7am.\" \/>\n<meta property=\"og:url\" content=\"https:\/\/mettapapelaria.com.br\/catalogo\/produto\/kit-c-2-porta-objetos-full-color-rosa-e-roxo-dello\/\" \/>\n<meta property=\"og:site_name\" content=\"Metta Papelaria\" \/>\n<meta property=\"article:publisher\" content=\"https:\/\/www.facebook.com\/mettapapelaria\/\" \/>\n<meta property=\"article:modified_time\" content=\"2024-11-27T11:27:37+00:00\" \/>\n<meta property=\"og:image\" content=\"https:\/\/mettapapelaria.com.br\/catalogo\/wp-content\/uploads\/2024\/11\/Copy-of-Copy-of-Copy-of-BIBLIOCANTO-PASTEL-MAXCRIL-2.png\" \/>\n\t<meta property=\"og:image:width\" content=\"500\" \/>\n\t<meta property=\"og:image:height\" content=\"500\" \/>\n\t<meta property=\"og:image:type\" content=\"image\/png\" \/>\n<meta name=\"twitter:card\" content=\"summary_large_image\" \/>\n<meta name=\"twitter:label1\" content=\"Est. tempo de leitura\" \/>\n\t<meta name=\"twitter:data1\" content=\"1 minuto\" \/>\n<script type=\"application\/ld+json\" class=\"yoast-schema-graph\">{\"@context\":\"https:\/\/schema.org\",\"@graph\":[{\"@type\":\"WebPage\",\"@id\":\"https:\/\/mettapapelaria.com.br\/catalogo\/produto\/kit-c-2-porta-objetos-full-color-rosa-e-roxo-dello\/\",\"url\":\"https:\/\/mettapapelaria.com.br\/catalogo\/produto\/kit-c-2-porta-objetos-full-color-rosa-e-roxo-dello\/\",\"name\":\"KIT C\/2 PORTA OBJETOS FULL COLOR ROSA E ROXO DELLO - Metta Papelaria\",\"isPartOf\":{\"@id\":\"https:\/\/mettapapelaria.com.br\/catalogo\/#website\"},\"primaryImageOfPage\":{\"@id\":\"https:\/\/mettapapelaria.com.br\/catalogo\/produto\/kit-c-2-porta-objetos-full-color-rosa-e-roxo-dello\/#primaryimage\"},\"image\":{\"@id\":\"https:\/\/mettapapelaria.com.br\/catalogo\/produto\/kit-c-2-porta-objetos-full-color-rosa-e-roxo-dello\/#primaryimage\"},\"thumbnailUrl\":\"https:\/\/mettapapelaria.com.br\/catalogo\/wp-content\/uploads\/2024\/11\/Copy-of-Copy-of-Copy-of-BIBLIOCANTO-PASTEL-MAXCRIL-2.png\",\"datePublished\":\"2024-11-27T11:27:36+00:00\",\"dateModified\":\"2024-11-27T11:27:37+00:00\",\"description\":\"Organizar itens escolares n\u00e3o \u00e9 tarefa f\u00e1cil! L\u00e1pis, canetas, borrachas e outros objetos se misturam facilmente. Este Kit Duo de Porta Objetos foi pensado para que essas situa\u00e7\u00f5es n\u00e3o aconte\u00e7am.\",\"breadcrumb\":{\"@id\":\"https:\/\/mettapapelaria.com.br\/catalogo\/produto\/kit-c-2-porta-objetos-full-color-rosa-e-roxo-dello\/#breadcrumb\"},\"inLanguage\":\"pt-BR\",\"potentialAction\":[{\"@type\":\"ReadAction\",\"target\":[\"https:\/\/mettapapelaria.com.br\/catalogo\/produto\/kit-c-2-porta-objetos-full-color-rosa-e-roxo-dello\/\"]}]},{\"@type\":\"ImageObject\",\"inLanguage\":\"pt-BR\",\"@id\":\"https:\/\/mettapapelaria.com.br\/catalogo\/produto\/kit-c-2-porta-objetos-full-color-rosa-e-roxo-dello\/#primaryimage\",\"url\":\"https:\/\/mettapapelaria.com.br\/catalogo\/wp-content\/uploads\/2024\/11\/Copy-of-Copy-of-Copy-of-BIBLIOCANTO-PASTEL-MAXCRIL-2.png\",\"contentUrl\":\"https:\/\/mettapapelaria.com.br\/catalogo\/wp-content\/uploads\/2024\/11\/Copy-of-Copy-of-Copy-of-BIBLIOCANTO-PASTEL-MAXCRIL-2.png\",\"width\":500,\"height\":500},{\"@type\":\"BreadcrumbList\",\"@id\":\"https:\/\/mettapapelaria.com.br\/catalogo\/produto\/kit-c-2-porta-objetos-full-color-rosa-e-roxo-dello\/#breadcrumb\",\"itemListElement\":[{\"@type\":\"ListItem\",\"position\":1,\"name\":\"In\u00edcio\",\"item\":\"https:\/\/mettapapelaria.com.br\/catalogo\/\"},{\"@type\":\"ListItem\",\"position\":2,\"name\":\"Shop\",\"item\":\"https:\/\/mettapapelaria.com.br\/catalogo\/shop\/\"},{\"@type\":\"ListItem\",\"position\":3,\"name\":\"KIT C\/2 PORTA OBJETOS FULL COLOR ROSA E ROXO DELLO\"}]},{\"@type\":\"WebSite\",\"@id\":\"https:\/\/mettapapelaria.com.br\/catalogo\/#website\",\"url\":\"https:\/\/mettapapelaria.com.br\/catalogo\/\",\"name\":\"Metta Papelaria\",\"description\":\"Materiais e equipamentos de escrit\u00f3rio, suprimentos para inform\u00e1tica, e uma diversificada linha de material escolar\",\"publisher\":{\"@id\":\"https:\/\/mettapapelaria.com.br\/catalogo\/#organization\"},\"potentialAction\":[{\"@type\":\"SearchAction\",\"target\":{\"@type\":\"EntryPoint\",\"urlTemplate\":\"https:\/\/mettapapelaria.com.br\/catalogo\/?s={search_term_string}\"},\"query-input\":{\"@type\":\"PropertyValueSpecification\",\"valueRequired\":true,\"valueName\":\"search_term_string\"}}],\"inLanguage\":\"pt-BR\"},{\"@type\":\"Organization\",\"@id\":\"https:\/\/mettapapelaria.com.br\/catalogo\/#organization\",\"name\":\"Metta Papelaria\",\"url\":\"https:\/\/mettapapelaria.com.br\/catalogo\/\",\"logo\":{\"@type\":\"ImageObject\",\"inLanguage\":\"pt-BR\",\"@id\":\"https:\/\/mettapapelaria.com.br\/catalogo\/#\/schema\/logo\/image\/\",\"url\":\"https:\/\/mettapapelaria.com.br\/catalogo\/wp-content\/uploads\/2023\/12\/cropped-favicon-Metta_512-1.png\",\"contentUrl\":\"https:\/\/mettapapelaria.com.br\/catalogo\/wp-content\/uploads\/2023\/12\/cropped-favicon-Metta_512-1.png\",\"width\":512,\"height\":512,\"caption\":\"Metta Papelaria\"},\"image\":{\"@id\":\"https:\/\/mettapapelaria.com.br\/catalogo\/#\/schema\/logo\/image\/\"},\"sameAs\":[\"https:\/\/www.facebook.com\/mettapapelaria\/\",\"https:\/\/www.instagram.com\/papelariametta\/\"]}]}<\/script>\n<!-- \/ Yoast SEO plugin. -->","yoast_head_json":{"title":"KIT C\/2 PORTA OBJETOS FULL COLOR ROSA E ROXO DELLO - Metta Papelaria","description":"Organizar itens escolares n\u00e3o \u00e9 tarefa f\u00e1cil! L\u00e1pis, canetas, borrachas e outros objetos se misturam facilmente. Este Kit Duo de Porta Objetos foi pensado para que essas situa\u00e7\u00f5es n\u00e3o aconte\u00e7am.","robots":{"index":"index","follow":"follow","max-snippet":"max-snippet:-1","max-image-preview":"max-image-preview:large","max-video-preview":"max-video-preview:-1"},"canonical":"https:\/\/mettapapelaria.com.br\/catalogo\/produto\/kit-c-2-porta-objetos-full-color-rosa-e-roxo-dello\/","og_locale":"pt_BR","og_type":"article","og_title":"KIT C\/2 PORTA OBJETOS FULL COLOR ROSA E ROXO DELLO - Metta Papelaria","og_description":"Organizar itens escolares n\u00e3o \u00e9 tarefa f\u00e1cil! L\u00e1pis, canetas, borrachas e outros objetos se misturam facilmente. Este Kit Duo de Porta Objetos foi pensado para que essas situa\u00e7\u00f5es n\u00e3o aconte\u00e7am.","og_url":"https:\/\/mettapapelaria.com.br\/catalogo\/produto\/kit-c-2-porta-objetos-full-color-rosa-e-roxo-dello\/","og_site_name":"Metta Papelaria","article_publisher":"https:\/\/www.facebook.com\/mettapapelaria\/","article_modified_time":"2024-11-27T11:27:37+00:00","og_image":[{"width":500,"height":500,"url":"https:\/\/mettapapelaria.com.br\/catalogo\/wp-content\/uploads\/2024\/11\/Copy-of-Copy-of-Copy-of-BIBLIOCANTO-PASTEL-MAXCRIL-2.png","type":"image\/png"}],"twitter_card":"summary_large_image","twitter_misc":{"Est. tempo de leitura":"1 minuto"},"schema":{"@context":"https:\/\/schema.org","@graph":[{"@type":"WebPage","@id":"https:\/\/mettapapelaria.com.br\/catalogo\/produto\/kit-c-2-porta-objetos-full-color-rosa-e-roxo-dello\/","url":"https:\/\/mettapapelaria.com.br\/catalogo\/produto\/kit-c-2-porta-objetos-full-color-rosa-e-roxo-dello\/","name":"KIT C\/2 PORTA OBJETOS FULL COLOR ROSA E ROXO DELLO - Metta Papelaria","isPartOf":{"@id":"https:\/\/mettapapelaria.com.br\/catalogo\/#website"},"primaryImageOfPage":{"@id":"https:\/\/mettapapelaria.com.br\/catalogo\/produto\/kit-c-2-porta-objetos-full-color-rosa-e-roxo-dello\/#primaryimage"},"image":{"@id":"https:\/\/mettapapelaria.com.br\/catalogo\/produto\/kit-c-2-porta-objetos-full-color-rosa-e-roxo-dello\/#primaryimage"},"thumbnailUrl":"https:\/\/mettapapelaria.com.br\/catalogo\/wp-content\/uploads\/2024\/11\/Copy-of-Copy-of-Copy-of-BIBLIOCANTO-PASTEL-MAXCRIL-2.png","datePublished":"2024-11-27T11:27:36+00:00","dateModified":"2024-11-27T11:27:37+00:00","description":"Organizar itens escolares n\u00e3o \u00e9 tarefa f\u00e1cil! L\u00e1pis, canetas, borrachas e outros objetos se misturam facilmente. Este Kit Duo de Porta Objetos foi pensado para que essas situa\u00e7\u00f5es n\u00e3o aconte\u00e7am.","breadcrumb":{"@id":"https:\/\/mettapapelaria.com.br\/catalogo\/produto\/kit-c-2-porta-objetos-full-color-rosa-e-roxo-dello\/#breadcrumb"},"inLanguage":"pt-BR","potentialAction":[{"@type":"ReadAction","target":["https:\/\/mettapapelaria.com.br\/catalogo\/produto\/kit-c-2-porta-objetos-full-color-rosa-e-roxo-dello\/"]}]},{"@type":"ImageObject","inLanguage":"pt-BR","@id":"https:\/\/mettapapelaria.com.br\/catalogo\/produto\/kit-c-2-porta-objetos-full-color-rosa-e-roxo-dello\/#primaryimage","url":"https:\/\/mettapapelaria.com.br\/catalogo\/wp-content\/uploads\/2024\/11\/Copy-of-Copy-of-Copy-of-BIBLIOCANTO-PASTEL-MAXCRIL-2.png","contentUrl":"https:\/\/mettapapelaria.com.br\/catalogo\/wp-content\/uploads\/2024\/11\/Copy-of-Copy-of-Copy-of-BIBLIOCANTO-PASTEL-MAXCRIL-2.png","width":500,"height":500},{"@type":"BreadcrumbList","@id":"https:\/\/mettapapelaria.com.br\/catalogo\/produto\/kit-c-2-porta-objetos-full-color-rosa-e-roxo-dello\/#breadcrumb","itemListElement":[{"@type":"ListItem","position":1,"name":"In\u00edcio","item":"https:\/\/mettapapelaria.com.br\/catalogo\/"},{"@type":"ListItem","position":2,"name":"Shop","item":"https:\/\/mettapapelaria.com.br\/catalogo\/shop\/"},{"@type":"ListItem","position":3,"name":"KIT C\/2 PORTA OBJETOS FULL COLOR ROSA E ROXO DELLO"}]},{"@type":"WebSite","@id":"https:\/\/mettapapelaria.com.br\/catalogo\/#website","url":"https:\/\/mettapapelaria.com.br\/catalogo\/","name":"Metta Papelaria","description":"Materiais e equipamentos de escrit\u00f3rio, suprimentos para inform\u00e1tica, e uma diversificada linha de material escolar","publisher":{"@id":"https:\/\/mettapapelaria.com.br\/catalogo\/#organization"},"potentialAction":[{"@type":"SearchAction","target":{"@type":"EntryPoint","urlTemplate":"https:\/\/mettapapelaria.com.br\/catalogo\/?s={search_term_string}"},"query-input":{"@type":"PropertyValueSpecification","valueRequired":true,"valueName":"search_term_string"}}],"inLanguage":"pt-BR"},{"@type":"Organization","@id":"https:\/\/mettapapelaria.com.br\/catalogo\/#organization","name":"Metta Papelaria","url":"https:\/\/mettapapelaria.com.br\/catalogo\/","logo":{"@type":"ImageObject","inLanguage":"pt-BR","@id":"https:\/\/mettapapelaria.com.br\/catalogo\/#\/schema\/logo\/image\/","url":"https:\/\/mettapapelaria.com.br\/catalogo\/wp-content\/uploads\/2023\/12\/cropped-favicon-Metta_512-1.png","contentUrl":"https:\/\/mettapapelaria.com.br\/catalogo\/wp-content\/uploads\/2023\/12\/cropped-favicon-Metta_512-1.png","width":512,"height":512,"caption":"Metta Papelaria"},"image":{"@id":"https:\/\/mettapapelaria.com.br\/catalogo\/#\/schema\/logo\/image\/"},"sameAs":["https:\/\/www.facebook.com\/mettapapelaria\/","https:\/\/www.instagram.com\/papelariametta\/"]}]}},"_links":{"self":[{"href":"https:\/\/mettapapelaria.com.br\/catalogo\/wp-json\/wp\/v2\/product\/8824","targetHints":{"allow":["GET"]}}],"collection":[{"href":"https:\/\/mettapapelaria.com.br\/catalogo\/wp-json\/wp\/v2\/product"}],"about":[{"href":"https:\/\/mettapapelaria.com.br\/catalogo\/wp-json\/wp\/v2\/types\/product"}],"replies":[{"embeddable":true,"href":"https:\/\/mettapapelaria.com.br\/catalogo\/wp-json\/wp\/v2\/comments?post=8824"}],"version-history":[{"count":1,"href":"https:\/\/mettapapelaria.com.br\/catalogo\/wp-json\/wp\/v2\/product\/8824\/revisions"}],"predecessor-version":[{"id":8826,"href":"https:\/\/mettapapelaria.com.br\/catalogo\/wp-json\/wp\/v2\/product\/8824\/revisions\/8826"}],"wp:featuredmedia":[{"embeddable":true,"href":"https:\/\/mettapapelaria.com.br\/catalogo\/wp-json\/wp\/v2\/media\/8825"}],"wp:attachment":[{"href":"https:\/\/mettapapelaria.com.br\/catalogo\/wp-json\/wp\/v2\/media?parent=8824"}],"wp:term":[{"taxonomy":"brand","embeddable":true,"href":"https:\/\/mettapapelaria.com.br\/catalogo\/wp-json\/wp\/v2\/etheme_brands?post=8824"},{"taxonomy":"product_brand","embeddable":true,"href":"https:\/\/mettapapelaria.com.br\/catalogo\/wp-json\/wp\/v2\/product_brand?post=8824"},{"taxonomy":"product_cat","embeddable":true,"href":"https:\/\/mettapapelaria.com.br\/catalogo\/wp-json\/wp\/v2\/product_cat?post=8824"},{"taxonomy":"product_tag","embeddable":true,"href":"https:\/\/mettapapelaria.com.br\/catalogo\/wp-json\/wp\/v2\/product_tag?post=8824"}],"curies":[{"name":"wp","href":"https:\/\/api.w.org\/{rel}","templated":true}]}}