{"id":8738,"date":"2024-11-21T14:36:53","date_gmt":"2024-11-21T17:36:53","guid":{"rendered":"https:\/\/mettapapelaria.com.br\/catalogo\/?post_type=product&#038;p=8738"},"modified":"2024-11-21T14:36:54","modified_gmt":"2024-11-21T17:36:54","slug":"apontador-unicornio-tilibra","status":"publish","type":"product","link":"https:\/\/mettapapelaria.com.br\/catalogo\/produto\/apontador-unicornio-tilibra\/","title":{"rendered":"APONTADOR UNIC\u00d3RNIO TILIBRA"},"content":{"rendered":"<p>O Apontador 1 Furo com Dep\u00f3sito Unic\u00f3rnio \u00e9 perfeito para quem gosta de um toque m\u00e1gico na hora de apontar l\u00e1pis! Com l\u00e2mina em a\u00e7o carbono, o produto garante uma ponta de l\u00e1pis fina e precisa. O dep\u00f3sito integrado tamb\u00e9m ajuda a evitar sujeira no momento de apontar o l\u00e1pis.<br \/>\nEste produto tem corpo pl\u00e1stico, com design de unic\u00f3rnio, para adicionar um toque de fantasia aos seus materiais.<\/p>\n","protected":false},"excerpt":{"rendered":"<p>O Apontador 1 Furo com Dep\u00f3sito Unic\u00f3rnio \u00e9 perfeito para quem gosta de um toque m\u00e1gico na hora de apontar l\u00e1pis! Com l\u00e2mina em a\u00e7o&#8230;<\/p>\n","protected":false},"featured_media":8739,"comment_status":"open","ping_status":"closed","template":"","meta":[],"etheme_brands":[{"term_id":311,"name":"Tilibra","slug":"tilibra","term_group":0,"term_taxonomy_id":311,"taxonomy":"brand","description":"","parent":0,"count":148,"filter":"raw"}],"product_brand":[],"product_cat":[19,82],"product_tag":[328,329,330,338,397,293,396,276,316,395,294,292,227,225,239,317,318],"class_list":{"0":"post-8738","1":"product","2":"type-product","3":"status-publish","4":"has-post-thumbnail","6":"brand-tilibra","7":"product_cat-apontadores","8":"product_cat-apontadores-com-deposito","9":"product_tag-apontador","10":"product_tag-apontador-com-deposito","11":"product_tag-apontador-com-lixeira","12":"product_tag-colorido","13":"product_tag-cores-pasteis","14":"product_tag-crianca","15":"product_tag-cute","16":"product_tag-escola","17":"product_tag-estudante","18":"product_tag-fofo","19":"product_tag-infantil","20":"product_tag-kids","21":"product_tag-material-escolar","22":"product_tag-metta-papelaria","23":"product_tag-organizacao","24":"product_tag-study","25":"product_tag-volta-as-aulas","27":"first","28":"instock","29":"sold-individually","30":"shipping-taxable","31":"purchasable","32":"product-type-simple"},"yoast_head":"<!-- This site is optimized with the Yoast SEO plugin v26.9 - https:\/\/yoast.com\/product\/yoast-seo-wordpress\/ -->\n<title>APONTADOR UNIC\u00d3RNIO TILIBRA - Metta Papelaria<\/title>\n<meta name=\"description\" content=\"O Apontador 1 Furo com Dep\u00f3sito Unic\u00f3rnio \u00e9 perfeito para quem gosta de um toque m\u00e1gico na hora de apontar l\u00e1pis! Com l\u00e2mina em a\u00e7o carbono, o produto garante uma ponta de l\u00e1pis fina e precisa\" \/>\n<meta name=\"robots\" content=\"index, follow, max-snippet:-1, max-image-preview:large, max-video-preview:-1\" \/>\n<link rel=\"canonical\" href=\"https:\/\/mettapapelaria.com.br\/catalogo\/produto\/apontador-unicornio-tilibra\/\" \/>\n<meta property=\"og:locale\" content=\"pt_BR\" \/>\n<meta property=\"og:type\" content=\"article\" \/>\n<meta property=\"og:title\" content=\"APONTADOR UNIC\u00d3RNIO TILIBRA - Metta Papelaria\" \/>\n<meta property=\"og:description\" content=\"O Apontador 1 Furo com Dep\u00f3sito Unic\u00f3rnio \u00e9 perfeito para quem gosta de um toque m\u00e1gico na hora de apontar l\u00e1pis! Com l\u00e2mina em a\u00e7o carbono, o produto garante uma ponta de l\u00e1pis fina e precisa\" \/>\n<meta property=\"og:url\" content=\"https:\/\/mettapapelaria.com.br\/catalogo\/produto\/apontador-unicornio-tilibra\/\" \/>\n<meta property=\"og:site_name\" content=\"Metta Papelaria\" \/>\n<meta property=\"article:publisher\" content=\"https:\/\/www.facebook.com\/mettapapelaria\/\" \/>\n<meta property=\"article:modified_time\" content=\"2024-11-21T17:36:54+00:00\" \/>\n<meta property=\"og:image\" content=\"https:\/\/mettapapelaria.com.br\/catalogo\/wp-content\/uploads\/2024\/11\/Copy-of-BIBLIOCANTO-PASTEL-MAXCRIL-26.png\" \/>\n\t<meta property=\"og:image:width\" content=\"500\" \/>\n\t<meta property=\"og:image:height\" content=\"500\" \/>\n\t<meta property=\"og:image:type\" content=\"image\/png\" \/>\n<meta name=\"twitter:card\" content=\"summary_large_image\" \/>\n<meta name=\"twitter:label1\" content=\"Est. tempo de leitura\" \/>\n\t<meta name=\"twitter:data1\" content=\"1 minuto\" \/>\n<script type=\"application\/ld+json\" class=\"yoast-schema-graph\">{\"@context\":\"https:\/\/schema.org\",\"@graph\":[{\"@type\":\"WebPage\",\"@id\":\"https:\/\/mettapapelaria.com.br\/catalogo\/produto\/apontador-unicornio-tilibra\/\",\"url\":\"https:\/\/mettapapelaria.com.br\/catalogo\/produto\/apontador-unicornio-tilibra\/\",\"name\":\"APONTADOR UNIC\u00d3RNIO TILIBRA - Metta Papelaria\",\"isPartOf\":{\"@id\":\"https:\/\/mettapapelaria.com.br\/catalogo\/#website\"},\"primaryImageOfPage\":{\"@id\":\"https:\/\/mettapapelaria.com.br\/catalogo\/produto\/apontador-unicornio-tilibra\/#primaryimage\"},\"image\":{\"@id\":\"https:\/\/mettapapelaria.com.br\/catalogo\/produto\/apontador-unicornio-tilibra\/#primaryimage\"},\"thumbnailUrl\":\"https:\/\/mettapapelaria.com.br\/catalogo\/wp-content\/uploads\/2024\/11\/Copy-of-BIBLIOCANTO-PASTEL-MAXCRIL-26.png\",\"datePublished\":\"2024-11-21T17:36:53+00:00\",\"dateModified\":\"2024-11-21T17:36:54+00:00\",\"description\":\"O Apontador 1 Furo com Dep\u00f3sito Unic\u00f3rnio \u00e9 perfeito para quem gosta de um toque m\u00e1gico na hora de apontar l\u00e1pis! Com l\u00e2mina em a\u00e7o carbono, o produto garante uma ponta de l\u00e1pis fina e precisa\",\"breadcrumb\":{\"@id\":\"https:\/\/mettapapelaria.com.br\/catalogo\/produto\/apontador-unicornio-tilibra\/#breadcrumb\"},\"inLanguage\":\"pt-BR\",\"potentialAction\":[{\"@type\":\"ReadAction\",\"target\":[\"https:\/\/mettapapelaria.com.br\/catalogo\/produto\/apontador-unicornio-tilibra\/\"]}]},{\"@type\":\"ImageObject\",\"inLanguage\":\"pt-BR\",\"@id\":\"https:\/\/mettapapelaria.com.br\/catalogo\/produto\/apontador-unicornio-tilibra\/#primaryimage\",\"url\":\"https:\/\/mettapapelaria.com.br\/catalogo\/wp-content\/uploads\/2024\/11\/Copy-of-BIBLIOCANTO-PASTEL-MAXCRIL-26.png\",\"contentUrl\":\"https:\/\/mettapapelaria.com.br\/catalogo\/wp-content\/uploads\/2024\/11\/Copy-of-BIBLIOCANTO-PASTEL-MAXCRIL-26.png\",\"width\":500,\"height\":500},{\"@type\":\"BreadcrumbList\",\"@id\":\"https:\/\/mettapapelaria.com.br\/catalogo\/produto\/apontador-unicornio-tilibra\/#breadcrumb\",\"itemListElement\":[{\"@type\":\"ListItem\",\"position\":1,\"name\":\"In\u00edcio\",\"item\":\"https:\/\/mettapapelaria.com.br\/catalogo\/\"},{\"@type\":\"ListItem\",\"position\":2,\"name\":\"Shop\",\"item\":\"https:\/\/mettapapelaria.com.br\/catalogo\/shop\/\"},{\"@type\":\"ListItem\",\"position\":3,\"name\":\"APONTADOR UNIC\u00d3RNIO TILIBRA\"}]},{\"@type\":\"WebSite\",\"@id\":\"https:\/\/mettapapelaria.com.br\/catalogo\/#website\",\"url\":\"https:\/\/mettapapelaria.com.br\/catalogo\/\",\"name\":\"Metta Papelaria\",\"description\":\"Materiais e equipamentos de escrit\u00f3rio, suprimentos para inform\u00e1tica, e uma diversificada linha de material escolar\",\"publisher\":{\"@id\":\"https:\/\/mettapapelaria.com.br\/catalogo\/#organization\"},\"potentialAction\":[{\"@type\":\"SearchAction\",\"target\":{\"@type\":\"EntryPoint\",\"urlTemplate\":\"https:\/\/mettapapelaria.com.br\/catalogo\/?s={search_term_string}\"},\"query-input\":{\"@type\":\"PropertyValueSpecification\",\"valueRequired\":true,\"valueName\":\"search_term_string\"}}],\"inLanguage\":\"pt-BR\"},{\"@type\":\"Organization\",\"@id\":\"https:\/\/mettapapelaria.com.br\/catalogo\/#organization\",\"name\":\"Metta Papelaria\",\"url\":\"https:\/\/mettapapelaria.com.br\/catalogo\/\",\"logo\":{\"@type\":\"ImageObject\",\"inLanguage\":\"pt-BR\",\"@id\":\"https:\/\/mettapapelaria.com.br\/catalogo\/#\/schema\/logo\/image\/\",\"url\":\"https:\/\/mettapapelaria.com.br\/catalogo\/wp-content\/uploads\/2023\/12\/cropped-favicon-Metta_512-1.png\",\"contentUrl\":\"https:\/\/mettapapelaria.com.br\/catalogo\/wp-content\/uploads\/2023\/12\/cropped-favicon-Metta_512-1.png\",\"width\":512,\"height\":512,\"caption\":\"Metta Papelaria\"},\"image\":{\"@id\":\"https:\/\/mettapapelaria.com.br\/catalogo\/#\/schema\/logo\/image\/\"},\"sameAs\":[\"https:\/\/www.facebook.com\/mettapapelaria\/\",\"https:\/\/www.instagram.com\/papelariametta\/\"]}]}<\/script>\n<!-- \/ Yoast SEO plugin. -->","yoast_head_json":{"title":"APONTADOR UNIC\u00d3RNIO TILIBRA - Metta Papelaria","description":"O Apontador 1 Furo com Dep\u00f3sito Unic\u00f3rnio \u00e9 perfeito para quem gosta de um toque m\u00e1gico na hora de apontar l\u00e1pis! Com l\u00e2mina em a\u00e7o carbono, o produto garante uma ponta de l\u00e1pis fina e precisa","robots":{"index":"index","follow":"follow","max-snippet":"max-snippet:-1","max-image-preview":"max-image-preview:large","max-video-preview":"max-video-preview:-1"},"canonical":"https:\/\/mettapapelaria.com.br\/catalogo\/produto\/apontador-unicornio-tilibra\/","og_locale":"pt_BR","og_type":"article","og_title":"APONTADOR UNIC\u00d3RNIO TILIBRA - Metta Papelaria","og_description":"O Apontador 1 Furo com Dep\u00f3sito Unic\u00f3rnio \u00e9 perfeito para quem gosta de um toque m\u00e1gico na hora de apontar l\u00e1pis! Com l\u00e2mina em a\u00e7o carbono, o produto garante uma ponta de l\u00e1pis fina e precisa","og_url":"https:\/\/mettapapelaria.com.br\/catalogo\/produto\/apontador-unicornio-tilibra\/","og_site_name":"Metta Papelaria","article_publisher":"https:\/\/www.facebook.com\/mettapapelaria\/","article_modified_time":"2024-11-21T17:36:54+00:00","og_image":[{"width":500,"height":500,"url":"https:\/\/mettapapelaria.com.br\/catalogo\/wp-content\/uploads\/2024\/11\/Copy-of-BIBLIOCANTO-PASTEL-MAXCRIL-26.png","type":"image\/png"}],"twitter_card":"summary_large_image","twitter_misc":{"Est. tempo de leitura":"1 minuto"},"schema":{"@context":"https:\/\/schema.org","@graph":[{"@type":"WebPage","@id":"https:\/\/mettapapelaria.com.br\/catalogo\/produto\/apontador-unicornio-tilibra\/","url":"https:\/\/mettapapelaria.com.br\/catalogo\/produto\/apontador-unicornio-tilibra\/","name":"APONTADOR UNIC\u00d3RNIO TILIBRA - Metta Papelaria","isPartOf":{"@id":"https:\/\/mettapapelaria.com.br\/catalogo\/#website"},"primaryImageOfPage":{"@id":"https:\/\/mettapapelaria.com.br\/catalogo\/produto\/apontador-unicornio-tilibra\/#primaryimage"},"image":{"@id":"https:\/\/mettapapelaria.com.br\/catalogo\/produto\/apontador-unicornio-tilibra\/#primaryimage"},"thumbnailUrl":"https:\/\/mettapapelaria.com.br\/catalogo\/wp-content\/uploads\/2024\/11\/Copy-of-BIBLIOCANTO-PASTEL-MAXCRIL-26.png","datePublished":"2024-11-21T17:36:53+00:00","dateModified":"2024-11-21T17:36:54+00:00","description":"O Apontador 1 Furo com Dep\u00f3sito Unic\u00f3rnio \u00e9 perfeito para quem gosta de um toque m\u00e1gico na hora de apontar l\u00e1pis! Com l\u00e2mina em a\u00e7o carbono, o produto garante uma ponta de l\u00e1pis fina e precisa","breadcrumb":{"@id":"https:\/\/mettapapelaria.com.br\/catalogo\/produto\/apontador-unicornio-tilibra\/#breadcrumb"},"inLanguage":"pt-BR","potentialAction":[{"@type":"ReadAction","target":["https:\/\/mettapapelaria.com.br\/catalogo\/produto\/apontador-unicornio-tilibra\/"]}]},{"@type":"ImageObject","inLanguage":"pt-BR","@id":"https:\/\/mettapapelaria.com.br\/catalogo\/produto\/apontador-unicornio-tilibra\/#primaryimage","url":"https:\/\/mettapapelaria.com.br\/catalogo\/wp-content\/uploads\/2024\/11\/Copy-of-BIBLIOCANTO-PASTEL-MAXCRIL-26.png","contentUrl":"https:\/\/mettapapelaria.com.br\/catalogo\/wp-content\/uploads\/2024\/11\/Copy-of-BIBLIOCANTO-PASTEL-MAXCRIL-26.png","width":500,"height":500},{"@type":"BreadcrumbList","@id":"https:\/\/mettapapelaria.com.br\/catalogo\/produto\/apontador-unicornio-tilibra\/#breadcrumb","itemListElement":[{"@type":"ListItem","position":1,"name":"In\u00edcio","item":"https:\/\/mettapapelaria.com.br\/catalogo\/"},{"@type":"ListItem","position":2,"name":"Shop","item":"https:\/\/mettapapelaria.com.br\/catalogo\/shop\/"},{"@type":"ListItem","position":3,"name":"APONTADOR UNIC\u00d3RNIO TILIBRA"}]},{"@type":"WebSite","@id":"https:\/\/mettapapelaria.com.br\/catalogo\/#website","url":"https:\/\/mettapapelaria.com.br\/catalogo\/","name":"Metta Papelaria","description":"Materiais e equipamentos de escrit\u00f3rio, suprimentos para inform\u00e1tica, e uma diversificada linha de material escolar","publisher":{"@id":"https:\/\/mettapapelaria.com.br\/catalogo\/#organization"},"potentialAction":[{"@type":"SearchAction","target":{"@type":"EntryPoint","urlTemplate":"https:\/\/mettapapelaria.com.br\/catalogo\/?s={search_term_string}"},"query-input":{"@type":"PropertyValueSpecification","valueRequired":true,"valueName":"search_term_string"}}],"inLanguage":"pt-BR"},{"@type":"Organization","@id":"https:\/\/mettapapelaria.com.br\/catalogo\/#organization","name":"Metta Papelaria","url":"https:\/\/mettapapelaria.com.br\/catalogo\/","logo":{"@type":"ImageObject","inLanguage":"pt-BR","@id":"https:\/\/mettapapelaria.com.br\/catalogo\/#\/schema\/logo\/image\/","url":"https:\/\/mettapapelaria.com.br\/catalogo\/wp-content\/uploads\/2023\/12\/cropped-favicon-Metta_512-1.png","contentUrl":"https:\/\/mettapapelaria.com.br\/catalogo\/wp-content\/uploads\/2023\/12\/cropped-favicon-Metta_512-1.png","width":512,"height":512,"caption":"Metta Papelaria"},"image":{"@id":"https:\/\/mettapapelaria.com.br\/catalogo\/#\/schema\/logo\/image\/"},"sameAs":["https:\/\/www.facebook.com\/mettapapelaria\/","https:\/\/www.instagram.com\/papelariametta\/"]}]}},"_links":{"self":[{"href":"https:\/\/mettapapelaria.com.br\/catalogo\/wp-json\/wp\/v2\/product\/8738","targetHints":{"allow":["GET"]}}],"collection":[{"href":"https:\/\/mettapapelaria.com.br\/catalogo\/wp-json\/wp\/v2\/product"}],"about":[{"href":"https:\/\/mettapapelaria.com.br\/catalogo\/wp-json\/wp\/v2\/types\/product"}],"replies":[{"embeddable":true,"href":"https:\/\/mettapapelaria.com.br\/catalogo\/wp-json\/wp\/v2\/comments?post=8738"}],"version-history":[{"count":1,"href":"https:\/\/mettapapelaria.com.br\/catalogo\/wp-json\/wp\/v2\/product\/8738\/revisions"}],"predecessor-version":[{"id":8740,"href":"https:\/\/mettapapelaria.com.br\/catalogo\/wp-json\/wp\/v2\/product\/8738\/revisions\/8740"}],"wp:featuredmedia":[{"embeddable":true,"href":"https:\/\/mettapapelaria.com.br\/catalogo\/wp-json\/wp\/v2\/media\/8739"}],"wp:attachment":[{"href":"https:\/\/mettapapelaria.com.br\/catalogo\/wp-json\/wp\/v2\/media?parent=8738"}],"wp:term":[{"taxonomy":"brand","embeddable":true,"href":"https:\/\/mettapapelaria.com.br\/catalogo\/wp-json\/wp\/v2\/etheme_brands?post=8738"},{"taxonomy":"product_brand","embeddable":true,"href":"https:\/\/mettapapelaria.com.br\/catalogo\/wp-json\/wp\/v2\/product_brand?post=8738"},{"taxonomy":"product_cat","embeddable":true,"href":"https:\/\/mettapapelaria.com.br\/catalogo\/wp-json\/wp\/v2\/product_cat?post=8738"},{"taxonomy":"product_tag","embeddable":true,"href":"https:\/\/mettapapelaria.com.br\/catalogo\/wp-json\/wp\/v2\/product_tag?post=8738"}],"curies":[{"name":"wp","href":"https:\/\/api.w.org\/{rel}","templated":true}]}}