{"id":8725,"date":"2024-11-21T14:22:35","date_gmt":"2024-11-21T17:22:35","guid":{"rendered":"https:\/\/mettapapelaria.com.br\/catalogo\/?post_type=product&#038;p=8725"},"modified":"2024-11-21T14:22:36","modified_gmt":"2024-11-21T17:22:36","slug":"caderno-universitario-brochura-pepper-80fls-tilibra","status":"publish","type":"product","link":"https:\/\/mettapapelaria.com.br\/catalogo\/produto\/caderno-universitario-brochura-pepper-80fls-tilibra\/","title":{"rendered":"CADERNO UNIVERSIT\u00c1RIO BROCHURA PEPPER 80FLS TILIBRA"},"content":{"rendered":"<p class=\"description-text\">O Caderno Brochura Capa Dura Universit\u00e1rio Pepper 80 Folhas da Tilibra \u00e9 perfeito para voc\u00ea que busca uma op\u00e7\u00e3o vers\u00e1til para organiza\u00e7\u00e3o da rotina de estudos.<br \/>\nEste modelo de caderno brochura tem capa dura e folhas pautadas. Adquira j\u00e1 o seu caderno universit\u00e1rio Tilibra para organizar seus estudos e anota\u00e7\u00f5es de forma pr\u00e1tica e eficiente!<\/p>\n<div class=\"columns is-multiline\">\n<div class=\"column features\"><\/div>\n<\/div>\n","protected":false},"excerpt":{"rendered":"<p>O Caderno Brochura Capa Dura Universit\u00e1rio Pepper 80 Folhas da Tilibra \u00e9 perfeito para voc\u00ea que busca uma op\u00e7\u00e3o vers\u00e1til para organiza\u00e7\u00e3o da rotina de&#8230;<\/p>\n","protected":false},"featured_media":8726,"comment_status":"open","ping_status":"closed","template":"","meta":[],"etheme_brands":[{"term_id":311,"name":"Tilibra","slug":"tilibra","term_group":0,"term_taxonomy_id":311,"taxonomy":"brand","description":"","parent":0,"count":148,"filter":"raw"}],"product_brand":[],"product_cat":[518],"product_tag":[270,272,592,278,273,338,276,316,275,227,225,239,317,274,318],"class_list":{"0":"post-8725","1":"product","2":"type-product","3":"status-publish","4":"has-post-thumbnail","6":"brand-tilibra","7":"product_cat-sem-categoria","8":"product_tag-caderno","9":"product_tag-caderno-1-materia","10":"product_tag-caderno-brochura","11":"product_tag-caderno-grande","12":"product_tag-caderno-universitario","13":"product_tag-colorido","14":"product_tag-escola","15":"product_tag-estudante","16":"product_tag-faculdade","17":"product_tag-material-escolar","18":"product_tag-metta-papelaria","19":"product_tag-organizacao","20":"product_tag-study","21":"product_tag-universidade","22":"product_tag-volta-as-aulas","24":"first","25":"instock","26":"sold-individually","27":"shipping-taxable","28":"purchasable","29":"product-type-simple"},"yoast_head":"<!-- This site is optimized with the Yoast SEO plugin v26.9 - https:\/\/yoast.com\/product\/yoast-seo-wordpress\/ -->\n<title>CADERNO UNIVERSIT\u00c1RIO BROCHURA PEPPER 80FLS TILIBRA - Metta Papelaria<\/title>\n<meta name=\"description\" content=\"O Caderno Brochura Capa Dura Universit\u00e1rio Pepper 80 Folhas da Tilibra \u00e9 perfeito para voc\u00ea que busca uma op\u00e7\u00e3o vers\u00e1til para organiza\u00e7\u00e3o da rotina de estudos.\" \/>\n<meta name=\"robots\" content=\"index, follow, max-snippet:-1, max-image-preview:large, max-video-preview:-1\" \/>\n<link rel=\"canonical\" href=\"https:\/\/mettapapelaria.com.br\/catalogo\/produto\/caderno-universitario-brochura-pepper-80fls-tilibra\/\" \/>\n<meta property=\"og:locale\" content=\"pt_BR\" \/>\n<meta property=\"og:type\" content=\"article\" \/>\n<meta property=\"og:title\" content=\"CADERNO UNIVERSIT\u00c1RIO BROCHURA PEPPER 80FLS TILIBRA - Metta Papelaria\" \/>\n<meta property=\"og:description\" content=\"O Caderno Brochura Capa Dura Universit\u00e1rio Pepper 80 Folhas da Tilibra \u00e9 perfeito para voc\u00ea que busca uma op\u00e7\u00e3o vers\u00e1til para organiza\u00e7\u00e3o da rotina de estudos.\" \/>\n<meta property=\"og:url\" content=\"https:\/\/mettapapelaria.com.br\/catalogo\/produto\/caderno-universitario-brochura-pepper-80fls-tilibra\/\" \/>\n<meta property=\"og:site_name\" content=\"Metta Papelaria\" \/>\n<meta property=\"article:publisher\" content=\"https:\/\/www.facebook.com\/mettapapelaria\/\" \/>\n<meta property=\"article:modified_time\" content=\"2024-11-21T17:22:36+00:00\" \/>\n<meta property=\"og:image\" content=\"https:\/\/mettapapelaria.com.br\/catalogo\/wp-content\/uploads\/2024\/11\/Copy-of-BIBLIOCANTO-PASTEL-MAXCRIL-19.png\" \/>\n\t<meta property=\"og:image:width\" content=\"500\" \/>\n\t<meta property=\"og:image:height\" content=\"500\" \/>\n\t<meta property=\"og:image:type\" content=\"image\/png\" \/>\n<meta name=\"twitter:card\" content=\"summary_large_image\" \/>\n<meta name=\"twitter:label1\" content=\"Est. tempo de leitura\" \/>\n\t<meta name=\"twitter:data1\" content=\"1 minuto\" \/>\n<script type=\"application\/ld+json\" class=\"yoast-schema-graph\">{\"@context\":\"https:\/\/schema.org\",\"@graph\":[{\"@type\":\"WebPage\",\"@id\":\"https:\/\/mettapapelaria.com.br\/catalogo\/produto\/caderno-universitario-brochura-pepper-80fls-tilibra\/\",\"url\":\"https:\/\/mettapapelaria.com.br\/catalogo\/produto\/caderno-universitario-brochura-pepper-80fls-tilibra\/\",\"name\":\"CADERNO UNIVERSIT\u00c1RIO BROCHURA PEPPER 80FLS TILIBRA - Metta Papelaria\",\"isPartOf\":{\"@id\":\"https:\/\/mettapapelaria.com.br\/catalogo\/#website\"},\"primaryImageOfPage\":{\"@id\":\"https:\/\/mettapapelaria.com.br\/catalogo\/produto\/caderno-universitario-brochura-pepper-80fls-tilibra\/#primaryimage\"},\"image\":{\"@id\":\"https:\/\/mettapapelaria.com.br\/catalogo\/produto\/caderno-universitario-brochura-pepper-80fls-tilibra\/#primaryimage\"},\"thumbnailUrl\":\"https:\/\/mettapapelaria.com.br\/catalogo\/wp-content\/uploads\/2024\/11\/Copy-of-BIBLIOCANTO-PASTEL-MAXCRIL-19.png\",\"datePublished\":\"2024-11-21T17:22:35+00:00\",\"dateModified\":\"2024-11-21T17:22:36+00:00\",\"description\":\"O Caderno Brochura Capa Dura Universit\u00e1rio Pepper 80 Folhas da Tilibra \u00e9 perfeito para voc\u00ea que busca uma op\u00e7\u00e3o vers\u00e1til para organiza\u00e7\u00e3o da rotina de estudos.\",\"breadcrumb\":{\"@id\":\"https:\/\/mettapapelaria.com.br\/catalogo\/produto\/caderno-universitario-brochura-pepper-80fls-tilibra\/#breadcrumb\"},\"inLanguage\":\"pt-BR\",\"potentialAction\":[{\"@type\":\"ReadAction\",\"target\":[\"https:\/\/mettapapelaria.com.br\/catalogo\/produto\/caderno-universitario-brochura-pepper-80fls-tilibra\/\"]}]},{\"@type\":\"ImageObject\",\"inLanguage\":\"pt-BR\",\"@id\":\"https:\/\/mettapapelaria.com.br\/catalogo\/produto\/caderno-universitario-brochura-pepper-80fls-tilibra\/#primaryimage\",\"url\":\"https:\/\/mettapapelaria.com.br\/catalogo\/wp-content\/uploads\/2024\/11\/Copy-of-BIBLIOCANTO-PASTEL-MAXCRIL-19.png\",\"contentUrl\":\"https:\/\/mettapapelaria.com.br\/catalogo\/wp-content\/uploads\/2024\/11\/Copy-of-BIBLIOCANTO-PASTEL-MAXCRIL-19.png\",\"width\":500,\"height\":500},{\"@type\":\"BreadcrumbList\",\"@id\":\"https:\/\/mettapapelaria.com.br\/catalogo\/produto\/caderno-universitario-brochura-pepper-80fls-tilibra\/#breadcrumb\",\"itemListElement\":[{\"@type\":\"ListItem\",\"position\":1,\"name\":\"In\u00edcio\",\"item\":\"https:\/\/mettapapelaria.com.br\/catalogo\/\"},{\"@type\":\"ListItem\",\"position\":2,\"name\":\"Shop\",\"item\":\"https:\/\/mettapapelaria.com.br\/catalogo\/shop\/\"},{\"@type\":\"ListItem\",\"position\":3,\"name\":\"CADERNO UNIVERSIT\u00c1RIO BROCHURA PEPPER 80FLS TILIBRA\"}]},{\"@type\":\"WebSite\",\"@id\":\"https:\/\/mettapapelaria.com.br\/catalogo\/#website\",\"url\":\"https:\/\/mettapapelaria.com.br\/catalogo\/\",\"name\":\"Metta Papelaria\",\"description\":\"Materiais e equipamentos de escrit\u00f3rio, suprimentos para inform\u00e1tica, e uma diversificada linha de material escolar\",\"publisher\":{\"@id\":\"https:\/\/mettapapelaria.com.br\/catalogo\/#organization\"},\"potentialAction\":[{\"@type\":\"SearchAction\",\"target\":{\"@type\":\"EntryPoint\",\"urlTemplate\":\"https:\/\/mettapapelaria.com.br\/catalogo\/?s={search_term_string}\"},\"query-input\":{\"@type\":\"PropertyValueSpecification\",\"valueRequired\":true,\"valueName\":\"search_term_string\"}}],\"inLanguage\":\"pt-BR\"},{\"@type\":\"Organization\",\"@id\":\"https:\/\/mettapapelaria.com.br\/catalogo\/#organization\",\"name\":\"Metta Papelaria\",\"url\":\"https:\/\/mettapapelaria.com.br\/catalogo\/\",\"logo\":{\"@type\":\"ImageObject\",\"inLanguage\":\"pt-BR\",\"@id\":\"https:\/\/mettapapelaria.com.br\/catalogo\/#\/schema\/logo\/image\/\",\"url\":\"https:\/\/mettapapelaria.com.br\/catalogo\/wp-content\/uploads\/2023\/12\/cropped-favicon-Metta_512-1.png\",\"contentUrl\":\"https:\/\/mettapapelaria.com.br\/catalogo\/wp-content\/uploads\/2023\/12\/cropped-favicon-Metta_512-1.png\",\"width\":512,\"height\":512,\"caption\":\"Metta Papelaria\"},\"image\":{\"@id\":\"https:\/\/mettapapelaria.com.br\/catalogo\/#\/schema\/logo\/image\/\"},\"sameAs\":[\"https:\/\/www.facebook.com\/mettapapelaria\/\",\"https:\/\/www.instagram.com\/papelariametta\/\"]}]}<\/script>\n<!-- \/ Yoast SEO plugin. -->","yoast_head_json":{"title":"CADERNO UNIVERSIT\u00c1RIO BROCHURA PEPPER 80FLS TILIBRA - Metta Papelaria","description":"O Caderno Brochura Capa Dura Universit\u00e1rio Pepper 80 Folhas da Tilibra \u00e9 perfeito para voc\u00ea que busca uma op\u00e7\u00e3o vers\u00e1til para organiza\u00e7\u00e3o da rotina de estudos.","robots":{"index":"index","follow":"follow","max-snippet":"max-snippet:-1","max-image-preview":"max-image-preview:large","max-video-preview":"max-video-preview:-1"},"canonical":"https:\/\/mettapapelaria.com.br\/catalogo\/produto\/caderno-universitario-brochura-pepper-80fls-tilibra\/","og_locale":"pt_BR","og_type":"article","og_title":"CADERNO UNIVERSIT\u00c1RIO BROCHURA PEPPER 80FLS TILIBRA - Metta Papelaria","og_description":"O Caderno Brochura Capa Dura Universit\u00e1rio Pepper 80 Folhas da Tilibra \u00e9 perfeito para voc\u00ea que busca uma op\u00e7\u00e3o vers\u00e1til para organiza\u00e7\u00e3o da rotina de estudos.","og_url":"https:\/\/mettapapelaria.com.br\/catalogo\/produto\/caderno-universitario-brochura-pepper-80fls-tilibra\/","og_site_name":"Metta Papelaria","article_publisher":"https:\/\/www.facebook.com\/mettapapelaria\/","article_modified_time":"2024-11-21T17:22:36+00:00","og_image":[{"width":500,"height":500,"url":"https:\/\/mettapapelaria.com.br\/catalogo\/wp-content\/uploads\/2024\/11\/Copy-of-BIBLIOCANTO-PASTEL-MAXCRIL-19.png","type":"image\/png"}],"twitter_card":"summary_large_image","twitter_misc":{"Est. tempo de leitura":"1 minuto"},"schema":{"@context":"https:\/\/schema.org","@graph":[{"@type":"WebPage","@id":"https:\/\/mettapapelaria.com.br\/catalogo\/produto\/caderno-universitario-brochura-pepper-80fls-tilibra\/","url":"https:\/\/mettapapelaria.com.br\/catalogo\/produto\/caderno-universitario-brochura-pepper-80fls-tilibra\/","name":"CADERNO UNIVERSIT\u00c1RIO BROCHURA PEPPER 80FLS TILIBRA - Metta Papelaria","isPartOf":{"@id":"https:\/\/mettapapelaria.com.br\/catalogo\/#website"},"primaryImageOfPage":{"@id":"https:\/\/mettapapelaria.com.br\/catalogo\/produto\/caderno-universitario-brochura-pepper-80fls-tilibra\/#primaryimage"},"image":{"@id":"https:\/\/mettapapelaria.com.br\/catalogo\/produto\/caderno-universitario-brochura-pepper-80fls-tilibra\/#primaryimage"},"thumbnailUrl":"https:\/\/mettapapelaria.com.br\/catalogo\/wp-content\/uploads\/2024\/11\/Copy-of-BIBLIOCANTO-PASTEL-MAXCRIL-19.png","datePublished":"2024-11-21T17:22:35+00:00","dateModified":"2024-11-21T17:22:36+00:00","description":"O Caderno Brochura Capa Dura Universit\u00e1rio Pepper 80 Folhas da Tilibra \u00e9 perfeito para voc\u00ea que busca uma op\u00e7\u00e3o vers\u00e1til para organiza\u00e7\u00e3o da rotina de estudos.","breadcrumb":{"@id":"https:\/\/mettapapelaria.com.br\/catalogo\/produto\/caderno-universitario-brochura-pepper-80fls-tilibra\/#breadcrumb"},"inLanguage":"pt-BR","potentialAction":[{"@type":"ReadAction","target":["https:\/\/mettapapelaria.com.br\/catalogo\/produto\/caderno-universitario-brochura-pepper-80fls-tilibra\/"]}]},{"@type":"ImageObject","inLanguage":"pt-BR","@id":"https:\/\/mettapapelaria.com.br\/catalogo\/produto\/caderno-universitario-brochura-pepper-80fls-tilibra\/#primaryimage","url":"https:\/\/mettapapelaria.com.br\/catalogo\/wp-content\/uploads\/2024\/11\/Copy-of-BIBLIOCANTO-PASTEL-MAXCRIL-19.png","contentUrl":"https:\/\/mettapapelaria.com.br\/catalogo\/wp-content\/uploads\/2024\/11\/Copy-of-BIBLIOCANTO-PASTEL-MAXCRIL-19.png","width":500,"height":500},{"@type":"BreadcrumbList","@id":"https:\/\/mettapapelaria.com.br\/catalogo\/produto\/caderno-universitario-brochura-pepper-80fls-tilibra\/#breadcrumb","itemListElement":[{"@type":"ListItem","position":1,"name":"In\u00edcio","item":"https:\/\/mettapapelaria.com.br\/catalogo\/"},{"@type":"ListItem","position":2,"name":"Shop","item":"https:\/\/mettapapelaria.com.br\/catalogo\/shop\/"},{"@type":"ListItem","position":3,"name":"CADERNO UNIVERSIT\u00c1RIO BROCHURA PEPPER 80FLS TILIBRA"}]},{"@type":"WebSite","@id":"https:\/\/mettapapelaria.com.br\/catalogo\/#website","url":"https:\/\/mettapapelaria.com.br\/catalogo\/","name":"Metta Papelaria","description":"Materiais e equipamentos de escrit\u00f3rio, suprimentos para inform\u00e1tica, e uma diversificada linha de material escolar","publisher":{"@id":"https:\/\/mettapapelaria.com.br\/catalogo\/#organization"},"potentialAction":[{"@type":"SearchAction","target":{"@type":"EntryPoint","urlTemplate":"https:\/\/mettapapelaria.com.br\/catalogo\/?s={search_term_string}"},"query-input":{"@type":"PropertyValueSpecification","valueRequired":true,"valueName":"search_term_string"}}],"inLanguage":"pt-BR"},{"@type":"Organization","@id":"https:\/\/mettapapelaria.com.br\/catalogo\/#organization","name":"Metta Papelaria","url":"https:\/\/mettapapelaria.com.br\/catalogo\/","logo":{"@type":"ImageObject","inLanguage":"pt-BR","@id":"https:\/\/mettapapelaria.com.br\/catalogo\/#\/schema\/logo\/image\/","url":"https:\/\/mettapapelaria.com.br\/catalogo\/wp-content\/uploads\/2023\/12\/cropped-favicon-Metta_512-1.png","contentUrl":"https:\/\/mettapapelaria.com.br\/catalogo\/wp-content\/uploads\/2023\/12\/cropped-favicon-Metta_512-1.png","width":512,"height":512,"caption":"Metta Papelaria"},"image":{"@id":"https:\/\/mettapapelaria.com.br\/catalogo\/#\/schema\/logo\/image\/"},"sameAs":["https:\/\/www.facebook.com\/mettapapelaria\/","https:\/\/www.instagram.com\/papelariametta\/"]}]}},"_links":{"self":[{"href":"https:\/\/mettapapelaria.com.br\/catalogo\/wp-json\/wp\/v2\/product\/8725","targetHints":{"allow":["GET"]}}],"collection":[{"href":"https:\/\/mettapapelaria.com.br\/catalogo\/wp-json\/wp\/v2\/product"}],"about":[{"href":"https:\/\/mettapapelaria.com.br\/catalogo\/wp-json\/wp\/v2\/types\/product"}],"replies":[{"embeddable":true,"href":"https:\/\/mettapapelaria.com.br\/catalogo\/wp-json\/wp\/v2\/comments?post=8725"}],"version-history":[{"count":1,"href":"https:\/\/mettapapelaria.com.br\/catalogo\/wp-json\/wp\/v2\/product\/8725\/revisions"}],"predecessor-version":[{"id":8729,"href":"https:\/\/mettapapelaria.com.br\/catalogo\/wp-json\/wp\/v2\/product\/8725\/revisions\/8729"}],"wp:featuredmedia":[{"embeddable":true,"href":"https:\/\/mettapapelaria.com.br\/catalogo\/wp-json\/wp\/v2\/media\/8726"}],"wp:attachment":[{"href":"https:\/\/mettapapelaria.com.br\/catalogo\/wp-json\/wp\/v2\/media?parent=8725"}],"wp:term":[{"taxonomy":"brand","embeddable":true,"href":"https:\/\/mettapapelaria.com.br\/catalogo\/wp-json\/wp\/v2\/etheme_brands?post=8725"},{"taxonomy":"product_brand","embeddable":true,"href":"https:\/\/mettapapelaria.com.br\/catalogo\/wp-json\/wp\/v2\/product_brand?post=8725"},{"taxonomy":"product_cat","embeddable":true,"href":"https:\/\/mettapapelaria.com.br\/catalogo\/wp-json\/wp\/v2\/product_cat?post=8725"},{"taxonomy":"product_tag","embeddable":true,"href":"https:\/\/mettapapelaria.com.br\/catalogo\/wp-json\/wp\/v2\/product_tag?post=8725"}],"curies":[{"name":"wp","href":"https:\/\/api.w.org\/{rel}","templated":true}]}}