{"id":864,"date":"2022-11-08T14:20:42","date_gmt":"2022-11-08T17:20:42","guid":{"rendered":"https:\/\/mettapapelaria.com.br\/catalogo\/produto\/apontador-com-deposito-e-borracha-fun-cis\/"},"modified":"2024-01-04T08:48:10","modified_gmt":"2024-01-04T11:48:10","slug":"apontador-com-deposito-e-borracha-fun-cis","status":"publish","type":"product","link":"https:\/\/mettapapelaria.com.br\/catalogo\/produto\/apontador-com-deposito-e-borracha-fun-cis\/","title":{"rendered":"APONTADOR COM DEP\u00d3SITO E BORRACHA FUN CIS"},"content":{"rendered":"<p>Chegou o apontador com borracha de animais fofinhos e divertidos!\u00a0Apontador de 1 furo com dep\u00f3sito. Produzido com material dur\u00e1vel, l\u00e2mina resistente e dep\u00f3sito com boa capacidade. O produto \u00e9 ideal para o dia a dia escolar, auxiliando o aluno nas atividades de escrever, desenhar e colorir.<\/p>\n","protected":false},"excerpt":{"rendered":"<p>Chegou o apontador com borracha de animais fofinhos e divertidos!\u00a0Apontador de 1 furo com dep\u00f3sito. Produzido com material dur\u00e1vel, l\u00e2mina resistente e dep\u00f3sito com boa&#8230;<\/p>\n","protected":false},"featured_media":860,"comment_status":"open","ping_status":"closed","template":"","meta":[],"etheme_brands":[{"term_id":379,"name":"CIS","slug":"cis","term_group":0,"term_taxonomy_id":379,"taxonomy":"brand","description":"","parent":0,"count":31,"filter":"raw"}],"product_brand":[],"product_cat":[19,82,99,73,25],"product_tag":[333,404,328,329,330,334,331,332,413,397,293,396,276,316,275,395,294,292,414,227,225,407,410,384,408,409,317,394,274,412,411,318],"class_list":{"0":"post-864","1":"product","2":"type-product","3":"status-publish","4":"has-post-thumbnail","6":"brand-cis","7":"product_cat-apontadores","8":"product_cat-apontadores-com-deposito","9":"product_cat-borracha-com-capa","10":"product_cat-borrachas","11":"product_cat-material","12":"product_tag-2-em-1","13":"product_tag-animais","14":"product_tag-apontador","15":"product_tag-apontador-com-deposito","16":"product_tag-apontador-com-lixeira","17":"product_tag-apontador-e-borracha","18":"product_tag-borracha","19":"product_tag-borracha-com-capa","20":"product_tag-coala","21":"product_tag-cores-pasteis","22":"product_tag-crianca","23":"product_tag-cute","24":"product_tag-escola","25":"product_tag-estudante","26":"product_tag-faculdade","27":"product_tag-fofo","28":"product_tag-infantil","29":"product_tag-kids","30":"product_tag-koala","31":"product_tag-material-escolar","32":"product_tag-metta-papelaria","33":"product_tag-panda","34":"product_tag-pandinha","35":"product_tag-pastel","36":"product_tag-porco","37":"product_tag-porquinho","38":"product_tag-study","39":"product_tag-tilibra","40":"product_tag-universidade","41":"product_tag-ursinho","42":"product_tag-urso","43":"product_tag-volta-as-aulas","45":"first","46":"instock","47":"sold-individually","48":"shipping-taxable","49":"purchasable","50":"product-type-simple"},"yoast_head":"<!-- This site is optimized with the Yoast SEO plugin v26.9 - https:\/\/yoast.com\/product\/yoast-seo-wordpress\/ -->\n<title>APONTADOR COM DEP\u00d3SITO E BORRACHA FUN CIS - Metta Papelaria<\/title>\n<meta name=\"robots\" content=\"index, follow, max-snippet:-1, max-image-preview:large, max-video-preview:-1\" \/>\n<link rel=\"canonical\" href=\"https:\/\/mettapapelaria.com.br\/catalogo\/produto\/apontador-com-deposito-e-borracha-fun-cis\/\" \/>\n<meta property=\"og:locale\" content=\"pt_BR\" \/>\n<meta property=\"og:type\" content=\"article\" \/>\n<meta property=\"og:title\" content=\"APONTADOR COM DEP\u00d3SITO E BORRACHA FUN CIS - Metta Papelaria\" \/>\n<meta property=\"og:description\" content=\"Chegou o apontador com borracha de animais fofinhos e divertidos!\u00a0Apontador de 1 furo com dep\u00f3sito. Produzido com material dur\u00e1vel, l\u00e2mina resistente e dep\u00f3sito com boa...\" \/>\n<meta property=\"og:url\" content=\"https:\/\/mettapapelaria.com.br\/catalogo\/produto\/apontador-com-deposito-e-borracha-fun-cis\/\" \/>\n<meta property=\"og:site_name\" content=\"Metta Papelaria\" \/>\n<meta property=\"article:publisher\" content=\"https:\/\/www.facebook.com\/mettapapelaria\/\" \/>\n<meta property=\"article:modified_time\" content=\"2024-01-04T11:48:10+00:00\" \/>\n<meta property=\"og:image\" content=\"https:\/\/mettapapelaria.com.br\/catalogo\/wp-content\/uploads\/2022\/11\/APONTADOR-COM-DEPOSITO-E-BORRACHA-FUN-CIS.jpg\" \/>\n\t<meta property=\"og:image:width\" content=\"1080\" \/>\n\t<meta property=\"og:image:height\" content=\"1080\" \/>\n\t<meta property=\"og:image:type\" content=\"image\/jpeg\" \/>\n<meta name=\"twitter:card\" content=\"summary_large_image\" \/>\n<script type=\"application\/ld+json\" class=\"yoast-schema-graph\">{\"@context\":\"https:\/\/schema.org\",\"@graph\":[{\"@type\":\"WebPage\",\"@id\":\"https:\/\/mettapapelaria.com.br\/catalogo\/produto\/apontador-com-deposito-e-borracha-fun-cis\/\",\"url\":\"https:\/\/mettapapelaria.com.br\/catalogo\/produto\/apontador-com-deposito-e-borracha-fun-cis\/\",\"name\":\"APONTADOR COM DEP\u00d3SITO E BORRACHA FUN CIS - Metta Papelaria\",\"isPartOf\":{\"@id\":\"https:\/\/mettapapelaria.com.br\/catalogo\/#website\"},\"primaryImageOfPage\":{\"@id\":\"https:\/\/mettapapelaria.com.br\/catalogo\/produto\/apontador-com-deposito-e-borracha-fun-cis\/#primaryimage\"},\"image\":{\"@id\":\"https:\/\/mettapapelaria.com.br\/catalogo\/produto\/apontador-com-deposito-e-borracha-fun-cis\/#primaryimage\"},\"thumbnailUrl\":\"https:\/\/mettapapelaria.com.br\/catalogo\/wp-content\/uploads\/2022\/11\/APONTADOR-COM-DEPOSITO-E-BORRACHA-FUN-CIS.jpg\",\"datePublished\":\"2022-11-08T17:20:42+00:00\",\"dateModified\":\"2024-01-04T11:48:10+00:00\",\"breadcrumb\":{\"@id\":\"https:\/\/mettapapelaria.com.br\/catalogo\/produto\/apontador-com-deposito-e-borracha-fun-cis\/#breadcrumb\"},\"inLanguage\":\"pt-BR\",\"potentialAction\":[{\"@type\":\"ReadAction\",\"target\":[\"https:\/\/mettapapelaria.com.br\/catalogo\/produto\/apontador-com-deposito-e-borracha-fun-cis\/\"]}]},{\"@type\":\"ImageObject\",\"inLanguage\":\"pt-BR\",\"@id\":\"https:\/\/mettapapelaria.com.br\/catalogo\/produto\/apontador-com-deposito-e-borracha-fun-cis\/#primaryimage\",\"url\":\"https:\/\/mettapapelaria.com.br\/catalogo\/wp-content\/uploads\/2022\/11\/APONTADOR-COM-DEPOSITO-E-BORRACHA-FUN-CIS.jpg\",\"contentUrl\":\"https:\/\/mettapapelaria.com.br\/catalogo\/wp-content\/uploads\/2022\/11\/APONTADOR-COM-DEPOSITO-E-BORRACHA-FUN-CIS.jpg\",\"width\":1080,\"height\":1080,\"caption\":\"APONTADOR COM DEP\u00d3SITO E BORRACHA FUN CIS\"},{\"@type\":\"BreadcrumbList\",\"@id\":\"https:\/\/mettapapelaria.com.br\/catalogo\/produto\/apontador-com-deposito-e-borracha-fun-cis\/#breadcrumb\",\"itemListElement\":[{\"@type\":\"ListItem\",\"position\":1,\"name\":\"In\u00edcio\",\"item\":\"https:\/\/mettapapelaria.com.br\/catalogo\/\"},{\"@type\":\"ListItem\",\"position\":2,\"name\":\"Shop\",\"item\":\"https:\/\/mettapapelaria.com.br\/catalogo\/shop\/\"},{\"@type\":\"ListItem\",\"position\":3,\"name\":\"APONTADOR COM DEP\u00d3SITO E BORRACHA FUN CIS\"}]},{\"@type\":\"WebSite\",\"@id\":\"https:\/\/mettapapelaria.com.br\/catalogo\/#website\",\"url\":\"https:\/\/mettapapelaria.com.br\/catalogo\/\",\"name\":\"Metta Papelaria\",\"description\":\"Materiais e equipamentos de escrit\u00f3rio, suprimentos para inform\u00e1tica, e uma diversificada linha de material escolar\",\"publisher\":{\"@id\":\"https:\/\/mettapapelaria.com.br\/catalogo\/#organization\"},\"potentialAction\":[{\"@type\":\"SearchAction\",\"target\":{\"@type\":\"EntryPoint\",\"urlTemplate\":\"https:\/\/mettapapelaria.com.br\/catalogo\/?s={search_term_string}\"},\"query-input\":{\"@type\":\"PropertyValueSpecification\",\"valueRequired\":true,\"valueName\":\"search_term_string\"}}],\"inLanguage\":\"pt-BR\"},{\"@type\":\"Organization\",\"@id\":\"https:\/\/mettapapelaria.com.br\/catalogo\/#organization\",\"name\":\"Metta Papelaria\",\"url\":\"https:\/\/mettapapelaria.com.br\/catalogo\/\",\"logo\":{\"@type\":\"ImageObject\",\"inLanguage\":\"pt-BR\",\"@id\":\"https:\/\/mettapapelaria.com.br\/catalogo\/#\/schema\/logo\/image\/\",\"url\":\"https:\/\/mettapapelaria.com.br\/catalogo\/wp-content\/uploads\/2023\/12\/cropped-favicon-Metta_512-1.png\",\"contentUrl\":\"https:\/\/mettapapelaria.com.br\/catalogo\/wp-content\/uploads\/2023\/12\/cropped-favicon-Metta_512-1.png\",\"width\":512,\"height\":512,\"caption\":\"Metta Papelaria\"},\"image\":{\"@id\":\"https:\/\/mettapapelaria.com.br\/catalogo\/#\/schema\/logo\/image\/\"},\"sameAs\":[\"https:\/\/www.facebook.com\/mettapapelaria\/\",\"https:\/\/www.instagram.com\/papelariametta\/\"]}]}<\/script>\n<!-- \/ Yoast SEO plugin. -->","yoast_head_json":{"title":"APONTADOR COM DEP\u00d3SITO E BORRACHA FUN CIS - Metta Papelaria","robots":{"index":"index","follow":"follow","max-snippet":"max-snippet:-1","max-image-preview":"max-image-preview:large","max-video-preview":"max-video-preview:-1"},"canonical":"https:\/\/mettapapelaria.com.br\/catalogo\/produto\/apontador-com-deposito-e-borracha-fun-cis\/","og_locale":"pt_BR","og_type":"article","og_title":"APONTADOR COM DEP\u00d3SITO E BORRACHA FUN CIS - Metta Papelaria","og_description":"Chegou o apontador com borracha de animais fofinhos e divertidos!\u00a0Apontador de 1 furo com dep\u00f3sito. Produzido com material dur\u00e1vel, l\u00e2mina resistente e dep\u00f3sito com boa...","og_url":"https:\/\/mettapapelaria.com.br\/catalogo\/produto\/apontador-com-deposito-e-borracha-fun-cis\/","og_site_name":"Metta Papelaria","article_publisher":"https:\/\/www.facebook.com\/mettapapelaria\/","article_modified_time":"2024-01-04T11:48:10+00:00","og_image":[{"width":1080,"height":1080,"url":"https:\/\/mettapapelaria.com.br\/catalogo\/wp-content\/uploads\/2022\/11\/APONTADOR-COM-DEPOSITO-E-BORRACHA-FUN-CIS.jpg","type":"image\/jpeg"}],"twitter_card":"summary_large_image","schema":{"@context":"https:\/\/schema.org","@graph":[{"@type":"WebPage","@id":"https:\/\/mettapapelaria.com.br\/catalogo\/produto\/apontador-com-deposito-e-borracha-fun-cis\/","url":"https:\/\/mettapapelaria.com.br\/catalogo\/produto\/apontador-com-deposito-e-borracha-fun-cis\/","name":"APONTADOR COM DEP\u00d3SITO E BORRACHA FUN CIS - Metta Papelaria","isPartOf":{"@id":"https:\/\/mettapapelaria.com.br\/catalogo\/#website"},"primaryImageOfPage":{"@id":"https:\/\/mettapapelaria.com.br\/catalogo\/produto\/apontador-com-deposito-e-borracha-fun-cis\/#primaryimage"},"image":{"@id":"https:\/\/mettapapelaria.com.br\/catalogo\/produto\/apontador-com-deposito-e-borracha-fun-cis\/#primaryimage"},"thumbnailUrl":"https:\/\/mettapapelaria.com.br\/catalogo\/wp-content\/uploads\/2022\/11\/APONTADOR-COM-DEPOSITO-E-BORRACHA-FUN-CIS.jpg","datePublished":"2022-11-08T17:20:42+00:00","dateModified":"2024-01-04T11:48:10+00:00","breadcrumb":{"@id":"https:\/\/mettapapelaria.com.br\/catalogo\/produto\/apontador-com-deposito-e-borracha-fun-cis\/#breadcrumb"},"inLanguage":"pt-BR","potentialAction":[{"@type":"ReadAction","target":["https:\/\/mettapapelaria.com.br\/catalogo\/produto\/apontador-com-deposito-e-borracha-fun-cis\/"]}]},{"@type":"ImageObject","inLanguage":"pt-BR","@id":"https:\/\/mettapapelaria.com.br\/catalogo\/produto\/apontador-com-deposito-e-borracha-fun-cis\/#primaryimage","url":"https:\/\/mettapapelaria.com.br\/catalogo\/wp-content\/uploads\/2022\/11\/APONTADOR-COM-DEPOSITO-E-BORRACHA-FUN-CIS.jpg","contentUrl":"https:\/\/mettapapelaria.com.br\/catalogo\/wp-content\/uploads\/2022\/11\/APONTADOR-COM-DEPOSITO-E-BORRACHA-FUN-CIS.jpg","width":1080,"height":1080,"caption":"APONTADOR COM DEP\u00d3SITO E BORRACHA FUN CIS"},{"@type":"BreadcrumbList","@id":"https:\/\/mettapapelaria.com.br\/catalogo\/produto\/apontador-com-deposito-e-borracha-fun-cis\/#breadcrumb","itemListElement":[{"@type":"ListItem","position":1,"name":"In\u00edcio","item":"https:\/\/mettapapelaria.com.br\/catalogo\/"},{"@type":"ListItem","position":2,"name":"Shop","item":"https:\/\/mettapapelaria.com.br\/catalogo\/shop\/"},{"@type":"ListItem","position":3,"name":"APONTADOR COM DEP\u00d3SITO E BORRACHA FUN CIS"}]},{"@type":"WebSite","@id":"https:\/\/mettapapelaria.com.br\/catalogo\/#website","url":"https:\/\/mettapapelaria.com.br\/catalogo\/","name":"Metta Papelaria","description":"Materiais e equipamentos de escrit\u00f3rio, suprimentos para inform\u00e1tica, e uma diversificada linha de material escolar","publisher":{"@id":"https:\/\/mettapapelaria.com.br\/catalogo\/#organization"},"potentialAction":[{"@type":"SearchAction","target":{"@type":"EntryPoint","urlTemplate":"https:\/\/mettapapelaria.com.br\/catalogo\/?s={search_term_string}"},"query-input":{"@type":"PropertyValueSpecification","valueRequired":true,"valueName":"search_term_string"}}],"inLanguage":"pt-BR"},{"@type":"Organization","@id":"https:\/\/mettapapelaria.com.br\/catalogo\/#organization","name":"Metta Papelaria","url":"https:\/\/mettapapelaria.com.br\/catalogo\/","logo":{"@type":"ImageObject","inLanguage":"pt-BR","@id":"https:\/\/mettapapelaria.com.br\/catalogo\/#\/schema\/logo\/image\/","url":"https:\/\/mettapapelaria.com.br\/catalogo\/wp-content\/uploads\/2023\/12\/cropped-favicon-Metta_512-1.png","contentUrl":"https:\/\/mettapapelaria.com.br\/catalogo\/wp-content\/uploads\/2023\/12\/cropped-favicon-Metta_512-1.png","width":512,"height":512,"caption":"Metta Papelaria"},"image":{"@id":"https:\/\/mettapapelaria.com.br\/catalogo\/#\/schema\/logo\/image\/"},"sameAs":["https:\/\/www.facebook.com\/mettapapelaria\/","https:\/\/www.instagram.com\/papelariametta\/"]}]}},"_links":{"self":[{"href":"https:\/\/mettapapelaria.com.br\/catalogo\/wp-json\/wp\/v2\/product\/864","targetHints":{"allow":["GET"]}}],"collection":[{"href":"https:\/\/mettapapelaria.com.br\/catalogo\/wp-json\/wp\/v2\/product"}],"about":[{"href":"https:\/\/mettapapelaria.com.br\/catalogo\/wp-json\/wp\/v2\/types\/product"}],"replies":[{"embeddable":true,"href":"https:\/\/mettapapelaria.com.br\/catalogo\/wp-json\/wp\/v2\/comments?post=864"}],"version-history":[{"count":2,"href":"https:\/\/mettapapelaria.com.br\/catalogo\/wp-json\/wp\/v2\/product\/864\/revisions"}],"predecessor-version":[{"id":6227,"href":"https:\/\/mettapapelaria.com.br\/catalogo\/wp-json\/wp\/v2\/product\/864\/revisions\/6227"}],"wp:featuredmedia":[{"embeddable":true,"href":"https:\/\/mettapapelaria.com.br\/catalogo\/wp-json\/wp\/v2\/media\/860"}],"wp:attachment":[{"href":"https:\/\/mettapapelaria.com.br\/catalogo\/wp-json\/wp\/v2\/media?parent=864"}],"wp:term":[{"taxonomy":"brand","embeddable":true,"href":"https:\/\/mettapapelaria.com.br\/catalogo\/wp-json\/wp\/v2\/etheme_brands?post=864"},{"taxonomy":"product_brand","embeddable":true,"href":"https:\/\/mettapapelaria.com.br\/catalogo\/wp-json\/wp\/v2\/product_brand?post=864"},{"taxonomy":"product_cat","embeddable":true,"href":"https:\/\/mettapapelaria.com.br\/catalogo\/wp-json\/wp\/v2\/product_cat?post=864"},{"taxonomy":"product_tag","embeddable":true,"href":"https:\/\/mettapapelaria.com.br\/catalogo\/wp-json\/wp\/v2\/product_tag?post=864"}],"curies":[{"name":"wp","href":"https:\/\/api.w.org\/{rel}","templated":true}]}}