{"id":8624,"date":"2024-11-18T16:37:59","date_gmt":"2024-11-18T19:37:59","guid":{"rendered":"https:\/\/mettapapelaria.com.br\/catalogo\/?post_type=product&#038;p=8624"},"modified":"2024-11-18T16:37:59","modified_gmt":"2024-11-18T19:37:59","slug":"fita-papel-liso-marrom-tartan-3m","status":"publish","type":"product","link":"https:\/\/mettapapelaria.com.br\/catalogo\/produto\/fita-papel-liso-marrom-tartan-3m\/","title":{"rendered":"FITA PAPEL LISO MARROM TARTAN 3M"},"content":{"rendered":"<p class=\"mds-font_paragraph MMM--gapBottom\">A Fita de Empacotamento Tartan de Papel Crepado \u00e9 perfeita para manter a salvo materiais como porcelana, vidro e cer\u00e2mica. Ela \u00e9 vers\u00e1til, tem boa resist\u00eancia \u00e0 tra\u00e7\u00e3o e excelente conformabilidade nas superf\u00edcies aplicadas. Isso garante m\u00e1xima seguran\u00e7a ao fechar a sua caixa.<\/p>\n<p>Ela \u00e9 vers\u00e1til, tem boa resist\u00eancia \u00e0 tra\u00e7\u00e3o e excelente conformabilidade nas superf\u00edcies aplicadas. A Fita de Empacotamento Tartan Scotch\u00ae de Papel Crepado \u00e9 um produto de f\u00e1cil manuseio que proporciona tranquilidade, pois voc\u00ea saber\u00e1 que seu embrulho ou mesmo envelopes chegar\u00e3o fechados ao destino. Ela garante que qualquer processo de armazenagem ou transporte seja eficiente e sem estresses. \u00c9 ideal para regi\u00f5es de clima quente e \u00famido, pois possui tratamento que impermeabiliza o papel.<\/p>\n","protected":false},"excerpt":{"rendered":"<p>A Fita de Empacotamento Tartan de Papel Crepado \u00e9 perfeita para manter a salvo materiais como porcelana, vidro e cer\u00e2mica. Ela \u00e9 vers\u00e1til, tem boa&#8230;<\/p>\n","protected":false},"featured_media":8625,"comment_status":"open","ping_status":"closed","template":"","meta":[],"etheme_brands":[],"product_brand":[],"product_cat":[518],"product_tag":[760,764,769,766,768,225],"class_list":{"0":"post-8624","1":"product","2":"type-product","3":"status-publish","4":"has-post-thumbnail","6":"product_cat-sem-categoria","7":"product_tag-fita","8":"product_tag-fita-3m","9":"product_tag-fita-de-empacotamento","10":"product_tag-fita-marrom","11":"product_tag-fita-papel","12":"product_tag-metta-papelaria","14":"first","15":"instock","16":"sold-individually","17":"shipping-taxable","18":"product-type-simple"},"yoast_head":"<!-- This site is optimized with the Yoast SEO plugin v26.9 - https:\/\/yoast.com\/product\/yoast-seo-wordpress\/ -->\n<title>FITA PAPEL LISO MARROM TARTAN 3M - Metta Papelaria<\/title>\n<meta name=\"description\" content=\"A Fita de Empacotamento Tartan de Papel Crepado \u00e9 perfeita para manter a salvo materiais como porcelana, vidro e cer\u00e2mica. Ela \u00e9 vers\u00e1til, tem boa resist\u00eancia \u00e0 tra\u00e7\u00e3o e excelente conformabilidade nas superf\u00edcies aplicadas. Isso garante m\u00e1xima seguran\u00e7a ao fechar a sua caixa.\" \/>\n<meta name=\"robots\" content=\"index, follow, max-snippet:-1, max-image-preview:large, max-video-preview:-1\" \/>\n<link rel=\"canonical\" href=\"https:\/\/mettapapelaria.com.br\/catalogo\/produto\/fita-papel-liso-marrom-tartan-3m\/\" \/>\n<meta property=\"og:locale\" content=\"pt_BR\" \/>\n<meta property=\"og:type\" content=\"article\" \/>\n<meta property=\"og:title\" content=\"FITA PAPEL LISO MARROM TARTAN 3M - Metta Papelaria\" \/>\n<meta property=\"og:description\" content=\"A Fita de Empacotamento Tartan de Papel Crepado \u00e9 perfeita para manter a salvo materiais como porcelana, vidro e cer\u00e2mica. Ela \u00e9 vers\u00e1til, tem boa resist\u00eancia \u00e0 tra\u00e7\u00e3o e excelente conformabilidade nas superf\u00edcies aplicadas. Isso garante m\u00e1xima seguran\u00e7a ao fechar a sua caixa.\" \/>\n<meta property=\"og:url\" content=\"https:\/\/mettapapelaria.com.br\/catalogo\/produto\/fita-papel-liso-marrom-tartan-3m\/\" \/>\n<meta property=\"og:site_name\" content=\"Metta Papelaria\" \/>\n<meta property=\"article:publisher\" content=\"https:\/\/www.facebook.com\/mettapapelaria\/\" \/>\n<meta property=\"og:image\" content=\"https:\/\/mettapapelaria.com.br\/catalogo\/wp-content\/uploads\/2024\/11\/BIBLIOCANTO-PASTEL-MAXCRIL-74.png\" \/>\n\t<meta property=\"og:image:width\" content=\"500\" \/>\n\t<meta property=\"og:image:height\" content=\"500\" \/>\n\t<meta property=\"og:image:type\" content=\"image\/png\" \/>\n<meta name=\"twitter:card\" content=\"summary_large_image\" \/>\n<meta name=\"twitter:label1\" content=\"Est. tempo de leitura\" \/>\n\t<meta name=\"twitter:data1\" content=\"1 minuto\" \/>\n<script type=\"application\/ld+json\" class=\"yoast-schema-graph\">{\"@context\":\"https:\/\/schema.org\",\"@graph\":[{\"@type\":\"WebPage\",\"@id\":\"https:\/\/mettapapelaria.com.br\/catalogo\/produto\/fita-papel-liso-marrom-tartan-3m\/\",\"url\":\"https:\/\/mettapapelaria.com.br\/catalogo\/produto\/fita-papel-liso-marrom-tartan-3m\/\",\"name\":\"FITA PAPEL LISO MARROM TARTAN 3M - Metta Papelaria\",\"isPartOf\":{\"@id\":\"https:\/\/mettapapelaria.com.br\/catalogo\/#website\"},\"primaryImageOfPage\":{\"@id\":\"https:\/\/mettapapelaria.com.br\/catalogo\/produto\/fita-papel-liso-marrom-tartan-3m\/#primaryimage\"},\"image\":{\"@id\":\"https:\/\/mettapapelaria.com.br\/catalogo\/produto\/fita-papel-liso-marrom-tartan-3m\/#primaryimage\"},\"thumbnailUrl\":\"https:\/\/mettapapelaria.com.br\/catalogo\/wp-content\/uploads\/2024\/11\/BIBLIOCANTO-PASTEL-MAXCRIL-74.png\",\"datePublished\":\"2024-11-18T19:37:59+00:00\",\"description\":\"A Fita de Empacotamento Tartan de Papel Crepado \u00e9 perfeita para manter a salvo materiais como porcelana, vidro e cer\u00e2mica. Ela \u00e9 vers\u00e1til, tem boa resist\u00eancia \u00e0 tra\u00e7\u00e3o e excelente conformabilidade nas superf\u00edcies aplicadas. Isso garante m\u00e1xima seguran\u00e7a ao fechar a sua caixa.\",\"breadcrumb\":{\"@id\":\"https:\/\/mettapapelaria.com.br\/catalogo\/produto\/fita-papel-liso-marrom-tartan-3m\/#breadcrumb\"},\"inLanguage\":\"pt-BR\",\"potentialAction\":[{\"@type\":\"ReadAction\",\"target\":[\"https:\/\/mettapapelaria.com.br\/catalogo\/produto\/fita-papel-liso-marrom-tartan-3m\/\"]}]},{\"@type\":\"ImageObject\",\"inLanguage\":\"pt-BR\",\"@id\":\"https:\/\/mettapapelaria.com.br\/catalogo\/produto\/fita-papel-liso-marrom-tartan-3m\/#primaryimage\",\"url\":\"https:\/\/mettapapelaria.com.br\/catalogo\/wp-content\/uploads\/2024\/11\/BIBLIOCANTO-PASTEL-MAXCRIL-74.png\",\"contentUrl\":\"https:\/\/mettapapelaria.com.br\/catalogo\/wp-content\/uploads\/2024\/11\/BIBLIOCANTO-PASTEL-MAXCRIL-74.png\",\"width\":500,\"height\":500},{\"@type\":\"BreadcrumbList\",\"@id\":\"https:\/\/mettapapelaria.com.br\/catalogo\/produto\/fita-papel-liso-marrom-tartan-3m\/#breadcrumb\",\"itemListElement\":[{\"@type\":\"ListItem\",\"position\":1,\"name\":\"In\u00edcio\",\"item\":\"https:\/\/mettapapelaria.com.br\/catalogo\/\"},{\"@type\":\"ListItem\",\"position\":2,\"name\":\"Shop\",\"item\":\"https:\/\/mettapapelaria.com.br\/catalogo\/shop\/\"},{\"@type\":\"ListItem\",\"position\":3,\"name\":\"FITA PAPEL LISO MARROM TARTAN 3M\"}]},{\"@type\":\"WebSite\",\"@id\":\"https:\/\/mettapapelaria.com.br\/catalogo\/#website\",\"url\":\"https:\/\/mettapapelaria.com.br\/catalogo\/\",\"name\":\"Metta Papelaria\",\"description\":\"Materiais e equipamentos de escrit\u00f3rio, suprimentos para inform\u00e1tica, e uma diversificada linha de material escolar\",\"publisher\":{\"@id\":\"https:\/\/mettapapelaria.com.br\/catalogo\/#organization\"},\"potentialAction\":[{\"@type\":\"SearchAction\",\"target\":{\"@type\":\"EntryPoint\",\"urlTemplate\":\"https:\/\/mettapapelaria.com.br\/catalogo\/?s={search_term_string}\"},\"query-input\":{\"@type\":\"PropertyValueSpecification\",\"valueRequired\":true,\"valueName\":\"search_term_string\"}}],\"inLanguage\":\"pt-BR\"},{\"@type\":\"Organization\",\"@id\":\"https:\/\/mettapapelaria.com.br\/catalogo\/#organization\",\"name\":\"Metta Papelaria\",\"url\":\"https:\/\/mettapapelaria.com.br\/catalogo\/\",\"logo\":{\"@type\":\"ImageObject\",\"inLanguage\":\"pt-BR\",\"@id\":\"https:\/\/mettapapelaria.com.br\/catalogo\/#\/schema\/logo\/image\/\",\"url\":\"https:\/\/mettapapelaria.com.br\/catalogo\/wp-content\/uploads\/2023\/12\/cropped-favicon-Metta_512-1.png\",\"contentUrl\":\"https:\/\/mettapapelaria.com.br\/catalogo\/wp-content\/uploads\/2023\/12\/cropped-favicon-Metta_512-1.png\",\"width\":512,\"height\":512,\"caption\":\"Metta Papelaria\"},\"image\":{\"@id\":\"https:\/\/mettapapelaria.com.br\/catalogo\/#\/schema\/logo\/image\/\"},\"sameAs\":[\"https:\/\/www.facebook.com\/mettapapelaria\/\",\"https:\/\/www.instagram.com\/papelariametta\/\"]}]}<\/script>\n<!-- \/ Yoast SEO plugin. -->","yoast_head_json":{"title":"FITA PAPEL LISO MARROM TARTAN 3M - Metta Papelaria","description":"A Fita de Empacotamento Tartan de Papel Crepado \u00e9 perfeita para manter a salvo materiais como porcelana, vidro e cer\u00e2mica. Ela \u00e9 vers\u00e1til, tem boa resist\u00eancia \u00e0 tra\u00e7\u00e3o e excelente conformabilidade nas superf\u00edcies aplicadas. Isso garante m\u00e1xima seguran\u00e7a ao fechar a sua caixa.","robots":{"index":"index","follow":"follow","max-snippet":"max-snippet:-1","max-image-preview":"max-image-preview:large","max-video-preview":"max-video-preview:-1"},"canonical":"https:\/\/mettapapelaria.com.br\/catalogo\/produto\/fita-papel-liso-marrom-tartan-3m\/","og_locale":"pt_BR","og_type":"article","og_title":"FITA PAPEL LISO MARROM TARTAN 3M - Metta Papelaria","og_description":"A Fita de Empacotamento Tartan de Papel Crepado \u00e9 perfeita para manter a salvo materiais como porcelana, vidro e cer\u00e2mica. Ela \u00e9 vers\u00e1til, tem boa resist\u00eancia \u00e0 tra\u00e7\u00e3o e excelente conformabilidade nas superf\u00edcies aplicadas. Isso garante m\u00e1xima seguran\u00e7a ao fechar a sua caixa.","og_url":"https:\/\/mettapapelaria.com.br\/catalogo\/produto\/fita-papel-liso-marrom-tartan-3m\/","og_site_name":"Metta Papelaria","article_publisher":"https:\/\/www.facebook.com\/mettapapelaria\/","og_image":[{"width":500,"height":500,"url":"https:\/\/mettapapelaria.com.br\/catalogo\/wp-content\/uploads\/2024\/11\/BIBLIOCANTO-PASTEL-MAXCRIL-74.png","type":"image\/png"}],"twitter_card":"summary_large_image","twitter_misc":{"Est. tempo de leitura":"1 minuto"},"schema":{"@context":"https:\/\/schema.org","@graph":[{"@type":"WebPage","@id":"https:\/\/mettapapelaria.com.br\/catalogo\/produto\/fita-papel-liso-marrom-tartan-3m\/","url":"https:\/\/mettapapelaria.com.br\/catalogo\/produto\/fita-papel-liso-marrom-tartan-3m\/","name":"FITA PAPEL LISO MARROM TARTAN 3M - Metta Papelaria","isPartOf":{"@id":"https:\/\/mettapapelaria.com.br\/catalogo\/#website"},"primaryImageOfPage":{"@id":"https:\/\/mettapapelaria.com.br\/catalogo\/produto\/fita-papel-liso-marrom-tartan-3m\/#primaryimage"},"image":{"@id":"https:\/\/mettapapelaria.com.br\/catalogo\/produto\/fita-papel-liso-marrom-tartan-3m\/#primaryimage"},"thumbnailUrl":"https:\/\/mettapapelaria.com.br\/catalogo\/wp-content\/uploads\/2024\/11\/BIBLIOCANTO-PASTEL-MAXCRIL-74.png","datePublished":"2024-11-18T19:37:59+00:00","description":"A Fita de Empacotamento Tartan de Papel Crepado \u00e9 perfeita para manter a salvo materiais como porcelana, vidro e cer\u00e2mica. Ela \u00e9 vers\u00e1til, tem boa resist\u00eancia \u00e0 tra\u00e7\u00e3o e excelente conformabilidade nas superf\u00edcies aplicadas. Isso garante m\u00e1xima seguran\u00e7a ao fechar a sua caixa.","breadcrumb":{"@id":"https:\/\/mettapapelaria.com.br\/catalogo\/produto\/fita-papel-liso-marrom-tartan-3m\/#breadcrumb"},"inLanguage":"pt-BR","potentialAction":[{"@type":"ReadAction","target":["https:\/\/mettapapelaria.com.br\/catalogo\/produto\/fita-papel-liso-marrom-tartan-3m\/"]}]},{"@type":"ImageObject","inLanguage":"pt-BR","@id":"https:\/\/mettapapelaria.com.br\/catalogo\/produto\/fita-papel-liso-marrom-tartan-3m\/#primaryimage","url":"https:\/\/mettapapelaria.com.br\/catalogo\/wp-content\/uploads\/2024\/11\/BIBLIOCANTO-PASTEL-MAXCRIL-74.png","contentUrl":"https:\/\/mettapapelaria.com.br\/catalogo\/wp-content\/uploads\/2024\/11\/BIBLIOCANTO-PASTEL-MAXCRIL-74.png","width":500,"height":500},{"@type":"BreadcrumbList","@id":"https:\/\/mettapapelaria.com.br\/catalogo\/produto\/fita-papel-liso-marrom-tartan-3m\/#breadcrumb","itemListElement":[{"@type":"ListItem","position":1,"name":"In\u00edcio","item":"https:\/\/mettapapelaria.com.br\/catalogo\/"},{"@type":"ListItem","position":2,"name":"Shop","item":"https:\/\/mettapapelaria.com.br\/catalogo\/shop\/"},{"@type":"ListItem","position":3,"name":"FITA PAPEL LISO MARROM TARTAN 3M"}]},{"@type":"WebSite","@id":"https:\/\/mettapapelaria.com.br\/catalogo\/#website","url":"https:\/\/mettapapelaria.com.br\/catalogo\/","name":"Metta Papelaria","description":"Materiais e equipamentos de escrit\u00f3rio, suprimentos para inform\u00e1tica, e uma diversificada linha de material escolar","publisher":{"@id":"https:\/\/mettapapelaria.com.br\/catalogo\/#organization"},"potentialAction":[{"@type":"SearchAction","target":{"@type":"EntryPoint","urlTemplate":"https:\/\/mettapapelaria.com.br\/catalogo\/?s={search_term_string}"},"query-input":{"@type":"PropertyValueSpecification","valueRequired":true,"valueName":"search_term_string"}}],"inLanguage":"pt-BR"},{"@type":"Organization","@id":"https:\/\/mettapapelaria.com.br\/catalogo\/#organization","name":"Metta Papelaria","url":"https:\/\/mettapapelaria.com.br\/catalogo\/","logo":{"@type":"ImageObject","inLanguage":"pt-BR","@id":"https:\/\/mettapapelaria.com.br\/catalogo\/#\/schema\/logo\/image\/","url":"https:\/\/mettapapelaria.com.br\/catalogo\/wp-content\/uploads\/2023\/12\/cropped-favicon-Metta_512-1.png","contentUrl":"https:\/\/mettapapelaria.com.br\/catalogo\/wp-content\/uploads\/2023\/12\/cropped-favicon-Metta_512-1.png","width":512,"height":512,"caption":"Metta Papelaria"},"image":{"@id":"https:\/\/mettapapelaria.com.br\/catalogo\/#\/schema\/logo\/image\/"},"sameAs":["https:\/\/www.facebook.com\/mettapapelaria\/","https:\/\/www.instagram.com\/papelariametta\/"]}]}},"_links":{"self":[{"href":"https:\/\/mettapapelaria.com.br\/catalogo\/wp-json\/wp\/v2\/product\/8624","targetHints":{"allow":["GET"]}}],"collection":[{"href":"https:\/\/mettapapelaria.com.br\/catalogo\/wp-json\/wp\/v2\/product"}],"about":[{"href":"https:\/\/mettapapelaria.com.br\/catalogo\/wp-json\/wp\/v2\/types\/product"}],"replies":[{"embeddable":true,"href":"https:\/\/mettapapelaria.com.br\/catalogo\/wp-json\/wp\/v2\/comments?post=8624"}],"version-history":[{"count":1,"href":"https:\/\/mettapapelaria.com.br\/catalogo\/wp-json\/wp\/v2\/product\/8624\/revisions"}],"predecessor-version":[{"id":8626,"href":"https:\/\/mettapapelaria.com.br\/catalogo\/wp-json\/wp\/v2\/product\/8624\/revisions\/8626"}],"wp:featuredmedia":[{"embeddable":true,"href":"https:\/\/mettapapelaria.com.br\/catalogo\/wp-json\/wp\/v2\/media\/8625"}],"wp:attachment":[{"href":"https:\/\/mettapapelaria.com.br\/catalogo\/wp-json\/wp\/v2\/media?parent=8624"}],"wp:term":[{"taxonomy":"brand","embeddable":true,"href":"https:\/\/mettapapelaria.com.br\/catalogo\/wp-json\/wp\/v2\/etheme_brands?post=8624"},{"taxonomy":"product_brand","embeddable":true,"href":"https:\/\/mettapapelaria.com.br\/catalogo\/wp-json\/wp\/v2\/product_brand?post=8624"},{"taxonomy":"product_cat","embeddable":true,"href":"https:\/\/mettapapelaria.com.br\/catalogo\/wp-json\/wp\/v2\/product_cat?post=8624"},{"taxonomy":"product_tag","embeddable":true,"href":"https:\/\/mettapapelaria.com.br\/catalogo\/wp-json\/wp\/v2\/product_tag?post=8624"}],"curies":[{"name":"wp","href":"https:\/\/api.w.org\/{rel}","templated":true}]}}