{"id":8615,"date":"2024-11-18T16:13:51","date_gmt":"2024-11-18T19:13:51","guid":{"rendered":"https:\/\/mettapapelaria.com.br\/catalogo\/?post_type=product&#038;p=8615"},"modified":"2024-11-18T16:13:52","modified_gmt":"2024-11-18T19:13:52","slug":"fita-durex-magica-19x20-3m","status":"publish","type":"product","link":"https:\/\/mettapapelaria.com.br\/catalogo\/produto\/fita-durex-magica-19x20-3m\/","title":{"rendered":"FITA DUREX M\u00c1GICA 19X20 3M"},"content":{"rendered":"<p>Esque\u00e7a as fitas adesivas comuns e descubra a maneira mais r\u00e1pida e eficaz de se reparar documentos e identificar objetos com a Fita M\u00e1gica\u00ae Scotch\u00ae.<\/p>\n<p>Logo ap\u00f3s ser aplicada, a Fita M\u00e1gica\u00ae Scotch\u00ae adquire uma transpar\u00eancia que evita que a sua presen\u00e7a seja notada ao se gerar uma fotoc\u00f3pia ou digitalizar um determinado manuscrito, proporcionando a discri\u00e7\u00e3o necess\u00e1ria para que as informa\u00e7\u00f5es retificadas n\u00e3o destoem do restante do conte\u00fado.<\/p>\n<p>Confeccionado em acetato de celulose, a fita permite a escrita a l\u00e1pis, caneta ou marcador permanente, e ainda contribui para a preserva\u00e7\u00e3o da apar\u00eancia dos documentos j\u00e1 que n\u00e3o amarela com o passar do tempo.<\/p>\n<p>Seu adesivo acr\u00edlico de alta ades\u00e3o garante rapidez e praticidade na hora de corrigir aquele erro que passou despercebido ou remendar uma p\u00e1gina que foi danificada.<\/p>\n","protected":false},"excerpt":{"rendered":"<p>Esque\u00e7a as fitas adesivas comuns e descubra a maneira mais r\u00e1pida e eficaz de se reparar documentos e identificar objetos com a Fita M\u00e1gica\u00ae Scotch\u00ae&#8230;.<\/p>\n","protected":false},"featured_media":8616,"comment_status":"open","ping_status":"closed","template":"","meta":[],"etheme_brands":[{"term_id":178,"name":"3M","slug":"3m","term_group":0,"term_taxonomy_id":178,"taxonomy":"brand","description":"","parent":0,"count":11,"filter":"raw"}],"product_brand":[],"product_cat":[120],"product_tag":[760,762,763,225,239],"class_list":{"0":"post-8615","1":"product","2":"type-product","3":"status-publish","4":"has-post-thumbnail","6":"brand-3m","7":"product_cat-fitas-adesivass","8":"product_tag-fita","9":"product_tag-fita-durex","10":"product_tag-fita-magica","11":"product_tag-metta-papelaria","12":"product_tag-organizacao","14":"first","15":"instock","16":"sold-individually","17":"shipping-taxable","18":"purchasable","19":"product-type-simple"},"yoast_head":"<!-- This site is optimized with the Yoast SEO plugin v26.9 - https:\/\/yoast.com\/product\/yoast-seo-wordpress\/ -->\n<title>FITA DUREX M\u00c1GICA 19X20 3M - Metta Papelaria<\/title>\n<meta name=\"description\" content=\"Esque\u00e7a as fitas adesivas comuns e descubra a maneira mais r\u00e1pida e eficaz de se reparar documentos e identificar objetos com a Fita M\u00e1gica\u00ae Scotch\u00ae.\" \/>\n<meta name=\"robots\" content=\"index, follow, max-snippet:-1, max-image-preview:large, max-video-preview:-1\" \/>\n<link rel=\"canonical\" href=\"https:\/\/mettapapelaria.com.br\/catalogo\/produto\/fita-durex-magica-19x20-3m\/\" \/>\n<meta property=\"og:locale\" content=\"pt_BR\" \/>\n<meta property=\"og:type\" content=\"article\" \/>\n<meta property=\"og:title\" content=\"FITA DUREX M\u00c1GICA 19X20 3M - Metta Papelaria\" \/>\n<meta property=\"og:description\" content=\"Esque\u00e7a as fitas adesivas comuns e descubra a maneira mais r\u00e1pida e eficaz de se reparar documentos e identificar objetos com a Fita M\u00e1gica\u00ae Scotch\u00ae.\" \/>\n<meta property=\"og:url\" content=\"https:\/\/mettapapelaria.com.br\/catalogo\/produto\/fita-durex-magica-19x20-3m\/\" \/>\n<meta property=\"og:site_name\" content=\"Metta Papelaria\" \/>\n<meta property=\"article:publisher\" content=\"https:\/\/www.facebook.com\/mettapapelaria\/\" \/>\n<meta property=\"article:modified_time\" content=\"2024-11-18T19:13:52+00:00\" \/>\n<meta property=\"og:image\" content=\"https:\/\/mettapapelaria.com.br\/catalogo\/wp-content\/uploads\/2024\/11\/BIBLIOCANTO-PASTEL-MAXCRIL-71.png\" \/>\n\t<meta property=\"og:image:width\" content=\"500\" \/>\n\t<meta property=\"og:image:height\" content=\"500\" \/>\n\t<meta property=\"og:image:type\" content=\"image\/png\" \/>\n<meta name=\"twitter:card\" content=\"summary_large_image\" \/>\n<meta name=\"twitter:label1\" content=\"Est. tempo de leitura\" \/>\n\t<meta name=\"twitter:data1\" content=\"1 minuto\" \/>\n<script type=\"application\/ld+json\" class=\"yoast-schema-graph\">{\"@context\":\"https:\/\/schema.org\",\"@graph\":[{\"@type\":\"WebPage\",\"@id\":\"https:\/\/mettapapelaria.com.br\/catalogo\/produto\/fita-durex-magica-19x20-3m\/\",\"url\":\"https:\/\/mettapapelaria.com.br\/catalogo\/produto\/fita-durex-magica-19x20-3m\/\",\"name\":\"FITA DUREX M\u00c1GICA 19X20 3M - Metta Papelaria\",\"isPartOf\":{\"@id\":\"https:\/\/mettapapelaria.com.br\/catalogo\/#website\"},\"primaryImageOfPage\":{\"@id\":\"https:\/\/mettapapelaria.com.br\/catalogo\/produto\/fita-durex-magica-19x20-3m\/#primaryimage\"},\"image\":{\"@id\":\"https:\/\/mettapapelaria.com.br\/catalogo\/produto\/fita-durex-magica-19x20-3m\/#primaryimage\"},\"thumbnailUrl\":\"https:\/\/mettapapelaria.com.br\/catalogo\/wp-content\/uploads\/2024\/11\/BIBLIOCANTO-PASTEL-MAXCRIL-71.png\",\"datePublished\":\"2024-11-18T19:13:51+00:00\",\"dateModified\":\"2024-11-18T19:13:52+00:00\",\"description\":\"Esque\u00e7a as fitas adesivas comuns e descubra a maneira mais r\u00e1pida e eficaz de se reparar documentos e identificar objetos com a Fita M\u00e1gica\u00ae Scotch\u00ae.\",\"breadcrumb\":{\"@id\":\"https:\/\/mettapapelaria.com.br\/catalogo\/produto\/fita-durex-magica-19x20-3m\/#breadcrumb\"},\"inLanguage\":\"pt-BR\",\"potentialAction\":[{\"@type\":\"ReadAction\",\"target\":[\"https:\/\/mettapapelaria.com.br\/catalogo\/produto\/fita-durex-magica-19x20-3m\/\"]}]},{\"@type\":\"ImageObject\",\"inLanguage\":\"pt-BR\",\"@id\":\"https:\/\/mettapapelaria.com.br\/catalogo\/produto\/fita-durex-magica-19x20-3m\/#primaryimage\",\"url\":\"https:\/\/mettapapelaria.com.br\/catalogo\/wp-content\/uploads\/2024\/11\/BIBLIOCANTO-PASTEL-MAXCRIL-71.png\",\"contentUrl\":\"https:\/\/mettapapelaria.com.br\/catalogo\/wp-content\/uploads\/2024\/11\/BIBLIOCANTO-PASTEL-MAXCRIL-71.png\",\"width\":500,\"height\":500},{\"@type\":\"BreadcrumbList\",\"@id\":\"https:\/\/mettapapelaria.com.br\/catalogo\/produto\/fita-durex-magica-19x20-3m\/#breadcrumb\",\"itemListElement\":[{\"@type\":\"ListItem\",\"position\":1,\"name\":\"In\u00edcio\",\"item\":\"https:\/\/mettapapelaria.com.br\/catalogo\/\"},{\"@type\":\"ListItem\",\"position\":2,\"name\":\"Shop\",\"item\":\"https:\/\/mettapapelaria.com.br\/catalogo\/shop\/\"},{\"@type\":\"ListItem\",\"position\":3,\"name\":\"FITA DUREX M\u00c1GICA 19X20 3M\"}]},{\"@type\":\"WebSite\",\"@id\":\"https:\/\/mettapapelaria.com.br\/catalogo\/#website\",\"url\":\"https:\/\/mettapapelaria.com.br\/catalogo\/\",\"name\":\"Metta Papelaria\",\"description\":\"Materiais e equipamentos de escrit\u00f3rio, suprimentos para inform\u00e1tica, e uma diversificada linha de material escolar\",\"publisher\":{\"@id\":\"https:\/\/mettapapelaria.com.br\/catalogo\/#organization\"},\"potentialAction\":[{\"@type\":\"SearchAction\",\"target\":{\"@type\":\"EntryPoint\",\"urlTemplate\":\"https:\/\/mettapapelaria.com.br\/catalogo\/?s={search_term_string}\"},\"query-input\":{\"@type\":\"PropertyValueSpecification\",\"valueRequired\":true,\"valueName\":\"search_term_string\"}}],\"inLanguage\":\"pt-BR\"},{\"@type\":\"Organization\",\"@id\":\"https:\/\/mettapapelaria.com.br\/catalogo\/#organization\",\"name\":\"Metta Papelaria\",\"url\":\"https:\/\/mettapapelaria.com.br\/catalogo\/\",\"logo\":{\"@type\":\"ImageObject\",\"inLanguage\":\"pt-BR\",\"@id\":\"https:\/\/mettapapelaria.com.br\/catalogo\/#\/schema\/logo\/image\/\",\"url\":\"https:\/\/mettapapelaria.com.br\/catalogo\/wp-content\/uploads\/2023\/12\/cropped-favicon-Metta_512-1.png\",\"contentUrl\":\"https:\/\/mettapapelaria.com.br\/catalogo\/wp-content\/uploads\/2023\/12\/cropped-favicon-Metta_512-1.png\",\"width\":512,\"height\":512,\"caption\":\"Metta Papelaria\"},\"image\":{\"@id\":\"https:\/\/mettapapelaria.com.br\/catalogo\/#\/schema\/logo\/image\/\"},\"sameAs\":[\"https:\/\/www.facebook.com\/mettapapelaria\/\",\"https:\/\/www.instagram.com\/papelariametta\/\"]}]}<\/script>\n<!-- \/ Yoast SEO plugin. -->","yoast_head_json":{"title":"FITA DUREX M\u00c1GICA 19X20 3M - Metta Papelaria","description":"Esque\u00e7a as fitas adesivas comuns e descubra a maneira mais r\u00e1pida e eficaz de se reparar documentos e identificar objetos com a Fita M\u00e1gica\u00ae Scotch\u00ae.","robots":{"index":"index","follow":"follow","max-snippet":"max-snippet:-1","max-image-preview":"max-image-preview:large","max-video-preview":"max-video-preview:-1"},"canonical":"https:\/\/mettapapelaria.com.br\/catalogo\/produto\/fita-durex-magica-19x20-3m\/","og_locale":"pt_BR","og_type":"article","og_title":"FITA DUREX M\u00c1GICA 19X20 3M - Metta Papelaria","og_description":"Esque\u00e7a as fitas adesivas comuns e descubra a maneira mais r\u00e1pida e eficaz de se reparar documentos e identificar objetos com a Fita M\u00e1gica\u00ae Scotch\u00ae.","og_url":"https:\/\/mettapapelaria.com.br\/catalogo\/produto\/fita-durex-magica-19x20-3m\/","og_site_name":"Metta Papelaria","article_publisher":"https:\/\/www.facebook.com\/mettapapelaria\/","article_modified_time":"2024-11-18T19:13:52+00:00","og_image":[{"width":500,"height":500,"url":"https:\/\/mettapapelaria.com.br\/catalogo\/wp-content\/uploads\/2024\/11\/BIBLIOCANTO-PASTEL-MAXCRIL-71.png","type":"image\/png"}],"twitter_card":"summary_large_image","twitter_misc":{"Est. tempo de leitura":"1 minuto"},"schema":{"@context":"https:\/\/schema.org","@graph":[{"@type":"WebPage","@id":"https:\/\/mettapapelaria.com.br\/catalogo\/produto\/fita-durex-magica-19x20-3m\/","url":"https:\/\/mettapapelaria.com.br\/catalogo\/produto\/fita-durex-magica-19x20-3m\/","name":"FITA DUREX M\u00c1GICA 19X20 3M - Metta Papelaria","isPartOf":{"@id":"https:\/\/mettapapelaria.com.br\/catalogo\/#website"},"primaryImageOfPage":{"@id":"https:\/\/mettapapelaria.com.br\/catalogo\/produto\/fita-durex-magica-19x20-3m\/#primaryimage"},"image":{"@id":"https:\/\/mettapapelaria.com.br\/catalogo\/produto\/fita-durex-magica-19x20-3m\/#primaryimage"},"thumbnailUrl":"https:\/\/mettapapelaria.com.br\/catalogo\/wp-content\/uploads\/2024\/11\/BIBLIOCANTO-PASTEL-MAXCRIL-71.png","datePublished":"2024-11-18T19:13:51+00:00","dateModified":"2024-11-18T19:13:52+00:00","description":"Esque\u00e7a as fitas adesivas comuns e descubra a maneira mais r\u00e1pida e eficaz de se reparar documentos e identificar objetos com a Fita M\u00e1gica\u00ae Scotch\u00ae.","breadcrumb":{"@id":"https:\/\/mettapapelaria.com.br\/catalogo\/produto\/fita-durex-magica-19x20-3m\/#breadcrumb"},"inLanguage":"pt-BR","potentialAction":[{"@type":"ReadAction","target":["https:\/\/mettapapelaria.com.br\/catalogo\/produto\/fita-durex-magica-19x20-3m\/"]}]},{"@type":"ImageObject","inLanguage":"pt-BR","@id":"https:\/\/mettapapelaria.com.br\/catalogo\/produto\/fita-durex-magica-19x20-3m\/#primaryimage","url":"https:\/\/mettapapelaria.com.br\/catalogo\/wp-content\/uploads\/2024\/11\/BIBLIOCANTO-PASTEL-MAXCRIL-71.png","contentUrl":"https:\/\/mettapapelaria.com.br\/catalogo\/wp-content\/uploads\/2024\/11\/BIBLIOCANTO-PASTEL-MAXCRIL-71.png","width":500,"height":500},{"@type":"BreadcrumbList","@id":"https:\/\/mettapapelaria.com.br\/catalogo\/produto\/fita-durex-magica-19x20-3m\/#breadcrumb","itemListElement":[{"@type":"ListItem","position":1,"name":"In\u00edcio","item":"https:\/\/mettapapelaria.com.br\/catalogo\/"},{"@type":"ListItem","position":2,"name":"Shop","item":"https:\/\/mettapapelaria.com.br\/catalogo\/shop\/"},{"@type":"ListItem","position":3,"name":"FITA DUREX M\u00c1GICA 19X20 3M"}]},{"@type":"WebSite","@id":"https:\/\/mettapapelaria.com.br\/catalogo\/#website","url":"https:\/\/mettapapelaria.com.br\/catalogo\/","name":"Metta Papelaria","description":"Materiais e equipamentos de escrit\u00f3rio, suprimentos para inform\u00e1tica, e uma diversificada linha de material escolar","publisher":{"@id":"https:\/\/mettapapelaria.com.br\/catalogo\/#organization"},"potentialAction":[{"@type":"SearchAction","target":{"@type":"EntryPoint","urlTemplate":"https:\/\/mettapapelaria.com.br\/catalogo\/?s={search_term_string}"},"query-input":{"@type":"PropertyValueSpecification","valueRequired":true,"valueName":"search_term_string"}}],"inLanguage":"pt-BR"},{"@type":"Organization","@id":"https:\/\/mettapapelaria.com.br\/catalogo\/#organization","name":"Metta Papelaria","url":"https:\/\/mettapapelaria.com.br\/catalogo\/","logo":{"@type":"ImageObject","inLanguage":"pt-BR","@id":"https:\/\/mettapapelaria.com.br\/catalogo\/#\/schema\/logo\/image\/","url":"https:\/\/mettapapelaria.com.br\/catalogo\/wp-content\/uploads\/2023\/12\/cropped-favicon-Metta_512-1.png","contentUrl":"https:\/\/mettapapelaria.com.br\/catalogo\/wp-content\/uploads\/2023\/12\/cropped-favicon-Metta_512-1.png","width":512,"height":512,"caption":"Metta Papelaria"},"image":{"@id":"https:\/\/mettapapelaria.com.br\/catalogo\/#\/schema\/logo\/image\/"},"sameAs":["https:\/\/www.facebook.com\/mettapapelaria\/","https:\/\/www.instagram.com\/papelariametta\/"]}]}},"_links":{"self":[{"href":"https:\/\/mettapapelaria.com.br\/catalogo\/wp-json\/wp\/v2\/product\/8615","targetHints":{"allow":["GET"]}}],"collection":[{"href":"https:\/\/mettapapelaria.com.br\/catalogo\/wp-json\/wp\/v2\/product"}],"about":[{"href":"https:\/\/mettapapelaria.com.br\/catalogo\/wp-json\/wp\/v2\/types\/product"}],"replies":[{"embeddable":true,"href":"https:\/\/mettapapelaria.com.br\/catalogo\/wp-json\/wp\/v2\/comments?post=8615"}],"version-history":[{"count":1,"href":"https:\/\/mettapapelaria.com.br\/catalogo\/wp-json\/wp\/v2\/product\/8615\/revisions"}],"predecessor-version":[{"id":8617,"href":"https:\/\/mettapapelaria.com.br\/catalogo\/wp-json\/wp\/v2\/product\/8615\/revisions\/8617"}],"wp:featuredmedia":[{"embeddable":true,"href":"https:\/\/mettapapelaria.com.br\/catalogo\/wp-json\/wp\/v2\/media\/8616"}],"wp:attachment":[{"href":"https:\/\/mettapapelaria.com.br\/catalogo\/wp-json\/wp\/v2\/media?parent=8615"}],"wp:term":[{"taxonomy":"brand","embeddable":true,"href":"https:\/\/mettapapelaria.com.br\/catalogo\/wp-json\/wp\/v2\/etheme_brands?post=8615"},{"taxonomy":"product_brand","embeddable":true,"href":"https:\/\/mettapapelaria.com.br\/catalogo\/wp-json\/wp\/v2\/product_brand?post=8615"},{"taxonomy":"product_cat","embeddable":true,"href":"https:\/\/mettapapelaria.com.br\/catalogo\/wp-json\/wp\/v2\/product_cat?post=8615"},{"taxonomy":"product_tag","embeddable":true,"href":"https:\/\/mettapapelaria.com.br\/catalogo\/wp-json\/wp\/v2\/product_tag?post=8615"}],"curies":[{"name":"wp","href":"https:\/\/api.w.org\/{rel}","templated":true}]}}