{"id":8612,"date":"2024-11-18T16:08:56","date_gmt":"2024-11-18T19:08:56","guid":{"rendered":"https:\/\/mettapapelaria.com.br\/catalogo\/?post_type=product&#038;p=8612"},"modified":"2024-11-18T16:08:56","modified_gmt":"2024-11-18T19:08:56","slug":"fita-durex-magica-3m","status":"publish","type":"product","link":"https:\/\/mettapapelaria.com.br\/catalogo\/produto\/fita-durex-magica-3m\/","title":{"rendered":"FITA DUREX M\u00c1GICA 3M"},"content":{"rendered":"<p class=\"mds-font_paragraph MMM--gapBottom\">A Fita M\u00e1gica Scotch\u00ae 810 oferece qualidade superior devido \u00e0 sua \u00f3tima ader\u00eancia, invisibilidade, possibilidade de escrita e resist\u00eancia \u00e0s varia\u00e7\u00f5es normais de temperatura e umidade, sem ocasionar distor\u00e7\u00f5es no rolo da fita. \u00c9 uma fita indicada especialmente para ind\u00fastria gr\u00e1fica, na aplica\u00e7\u00e3o em emendas e fixa\u00e7\u00e3o de papel vegetal, folhas de livros, c\u00f3pias heliogr\u00e1ficas (sem afetar a reprodu\u00e7\u00e3o do original), na prote\u00e7\u00e3o de documentos, notas fiscais, etiquetas e r\u00f3tulos.<\/p>\n<p class=\"mds-font_paragraph\">A Fita M\u00e1gica Scotch\u00ae 810 \u00e9 constitu\u00edda de filme de acetato de celulose tratado, com acabamento fosco transl\u00facido e desenrolamento suave. Seu adesivo acr\u00edlico apresenta excelente ades\u00e3o a v\u00e1rias superf\u00edcies, \u00e9 resistente ao envelhecimento e n\u00e3o descolore ou amarela.<\/p>\n","protected":false},"excerpt":{"rendered":"<p>A Fita M\u00e1gica Scotch\u00ae 810 oferece qualidade superior devido \u00e0 sua \u00f3tima ader\u00eancia, invisibilidade, possibilidade de escrita e resist\u00eancia \u00e0s varia\u00e7\u00f5es normais de temperatura e&#8230;<\/p>\n","protected":false},"featured_media":8613,"comment_status":"open","ping_status":"closed","template":"","meta":[],"etheme_brands":[{"term_id":178,"name":"3M","slug":"3m","term_group":0,"term_taxonomy_id":178,"taxonomy":"brand","description":"","parent":0,"count":11,"filter":"raw"}],"product_brand":[],"product_cat":[120,25],"product_tag":[760,762,763,228,225],"class_list":{"0":"post-8612","1":"product","2":"type-product","3":"status-publish","4":"has-post-thumbnail","6":"brand-3m","7":"product_cat-fitas-adesivass","8":"product_cat-material","9":"product_tag-fita","10":"product_tag-fita-durex","11":"product_tag-fita-magica","12":"product_tag-material-de-escritorio","13":"product_tag-metta-papelaria","15":"first","16":"instock","17":"sold-individually","18":"shipping-taxable","19":"purchasable","20":"product-type-simple"},"yoast_head":"<!-- This site is optimized with the Yoast SEO plugin v26.9 - https:\/\/yoast.com\/product\/yoast-seo-wordpress\/ -->\n<title>FITA DUREX M\u00c1GICA 3M - Metta Papelaria<\/title>\n<meta name=\"description\" content=\"A Fita M\u00e1gica Scotch\u00ae 810 oferece qualidade superior devido \u00e0 sua \u00f3tima ader\u00eancia, invisibilidade, possibilidade de escrita e resist\u00eancia \u00e0s varia\u00e7\u00f5es normais de temperatura e umidade, sem ocasionar distor\u00e7\u00f5es no rolo da fita.\" \/>\n<meta name=\"robots\" content=\"index, follow, max-snippet:-1, max-image-preview:large, max-video-preview:-1\" \/>\n<link rel=\"canonical\" href=\"https:\/\/mettapapelaria.com.br\/catalogo\/produto\/fita-durex-magica-3m\/\" \/>\n<meta property=\"og:locale\" content=\"pt_BR\" \/>\n<meta property=\"og:type\" content=\"article\" \/>\n<meta property=\"og:title\" content=\"FITA DUREX M\u00c1GICA 3M - Metta Papelaria\" \/>\n<meta property=\"og:description\" content=\"A Fita M\u00e1gica Scotch\u00ae 810 oferece qualidade superior devido \u00e0 sua \u00f3tima ader\u00eancia, invisibilidade, possibilidade de escrita e resist\u00eancia \u00e0s varia\u00e7\u00f5es normais de temperatura e umidade, sem ocasionar distor\u00e7\u00f5es no rolo da fita.\" \/>\n<meta property=\"og:url\" content=\"https:\/\/mettapapelaria.com.br\/catalogo\/produto\/fita-durex-magica-3m\/\" \/>\n<meta property=\"og:site_name\" content=\"Metta Papelaria\" \/>\n<meta property=\"article:publisher\" content=\"https:\/\/www.facebook.com\/mettapapelaria\/\" \/>\n<meta property=\"og:image\" content=\"https:\/\/mettapapelaria.com.br\/catalogo\/wp-content\/uploads\/2024\/11\/BIBLIOCANTO-PASTEL-MAXCRIL-70.png\" \/>\n\t<meta property=\"og:image:width\" content=\"500\" \/>\n\t<meta property=\"og:image:height\" content=\"500\" \/>\n\t<meta property=\"og:image:type\" content=\"image\/png\" \/>\n<meta name=\"twitter:card\" content=\"summary_large_image\" \/>\n<meta name=\"twitter:label1\" content=\"Est. tempo de leitura\" \/>\n\t<meta name=\"twitter:data1\" content=\"1 minuto\" \/>\n<script type=\"application\/ld+json\" class=\"yoast-schema-graph\">{\"@context\":\"https:\/\/schema.org\",\"@graph\":[{\"@type\":\"WebPage\",\"@id\":\"https:\/\/mettapapelaria.com.br\/catalogo\/produto\/fita-durex-magica-3m\/\",\"url\":\"https:\/\/mettapapelaria.com.br\/catalogo\/produto\/fita-durex-magica-3m\/\",\"name\":\"FITA DUREX M\u00c1GICA 3M - Metta Papelaria\",\"isPartOf\":{\"@id\":\"https:\/\/mettapapelaria.com.br\/catalogo\/#website\"},\"primaryImageOfPage\":{\"@id\":\"https:\/\/mettapapelaria.com.br\/catalogo\/produto\/fita-durex-magica-3m\/#primaryimage\"},\"image\":{\"@id\":\"https:\/\/mettapapelaria.com.br\/catalogo\/produto\/fita-durex-magica-3m\/#primaryimage\"},\"thumbnailUrl\":\"https:\/\/mettapapelaria.com.br\/catalogo\/wp-content\/uploads\/2024\/11\/BIBLIOCANTO-PASTEL-MAXCRIL-70.png\",\"datePublished\":\"2024-11-18T19:08:56+00:00\",\"description\":\"A Fita M\u00e1gica Scotch\u00ae 810 oferece qualidade superior devido \u00e0 sua \u00f3tima ader\u00eancia, invisibilidade, possibilidade de escrita e resist\u00eancia \u00e0s varia\u00e7\u00f5es normais de temperatura e umidade, sem ocasionar distor\u00e7\u00f5es no rolo da fita.\",\"breadcrumb\":{\"@id\":\"https:\/\/mettapapelaria.com.br\/catalogo\/produto\/fita-durex-magica-3m\/#breadcrumb\"},\"inLanguage\":\"pt-BR\",\"potentialAction\":[{\"@type\":\"ReadAction\",\"target\":[\"https:\/\/mettapapelaria.com.br\/catalogo\/produto\/fita-durex-magica-3m\/\"]}]},{\"@type\":\"ImageObject\",\"inLanguage\":\"pt-BR\",\"@id\":\"https:\/\/mettapapelaria.com.br\/catalogo\/produto\/fita-durex-magica-3m\/#primaryimage\",\"url\":\"https:\/\/mettapapelaria.com.br\/catalogo\/wp-content\/uploads\/2024\/11\/BIBLIOCANTO-PASTEL-MAXCRIL-70.png\",\"contentUrl\":\"https:\/\/mettapapelaria.com.br\/catalogo\/wp-content\/uploads\/2024\/11\/BIBLIOCANTO-PASTEL-MAXCRIL-70.png\",\"width\":500,\"height\":500},{\"@type\":\"BreadcrumbList\",\"@id\":\"https:\/\/mettapapelaria.com.br\/catalogo\/produto\/fita-durex-magica-3m\/#breadcrumb\",\"itemListElement\":[{\"@type\":\"ListItem\",\"position\":1,\"name\":\"In\u00edcio\",\"item\":\"https:\/\/mettapapelaria.com.br\/catalogo\/\"},{\"@type\":\"ListItem\",\"position\":2,\"name\":\"Shop\",\"item\":\"https:\/\/mettapapelaria.com.br\/catalogo\/shop\/\"},{\"@type\":\"ListItem\",\"position\":3,\"name\":\"FITA DUREX M\u00c1GICA 3M\"}]},{\"@type\":\"WebSite\",\"@id\":\"https:\/\/mettapapelaria.com.br\/catalogo\/#website\",\"url\":\"https:\/\/mettapapelaria.com.br\/catalogo\/\",\"name\":\"Metta Papelaria\",\"description\":\"Materiais e equipamentos de escrit\u00f3rio, suprimentos para inform\u00e1tica, e uma diversificada linha de material escolar\",\"publisher\":{\"@id\":\"https:\/\/mettapapelaria.com.br\/catalogo\/#organization\"},\"potentialAction\":[{\"@type\":\"SearchAction\",\"target\":{\"@type\":\"EntryPoint\",\"urlTemplate\":\"https:\/\/mettapapelaria.com.br\/catalogo\/?s={search_term_string}\"},\"query-input\":{\"@type\":\"PropertyValueSpecification\",\"valueRequired\":true,\"valueName\":\"search_term_string\"}}],\"inLanguage\":\"pt-BR\"},{\"@type\":\"Organization\",\"@id\":\"https:\/\/mettapapelaria.com.br\/catalogo\/#organization\",\"name\":\"Metta Papelaria\",\"url\":\"https:\/\/mettapapelaria.com.br\/catalogo\/\",\"logo\":{\"@type\":\"ImageObject\",\"inLanguage\":\"pt-BR\",\"@id\":\"https:\/\/mettapapelaria.com.br\/catalogo\/#\/schema\/logo\/image\/\",\"url\":\"https:\/\/mettapapelaria.com.br\/catalogo\/wp-content\/uploads\/2023\/12\/cropped-favicon-Metta_512-1.png\",\"contentUrl\":\"https:\/\/mettapapelaria.com.br\/catalogo\/wp-content\/uploads\/2023\/12\/cropped-favicon-Metta_512-1.png\",\"width\":512,\"height\":512,\"caption\":\"Metta Papelaria\"},\"image\":{\"@id\":\"https:\/\/mettapapelaria.com.br\/catalogo\/#\/schema\/logo\/image\/\"},\"sameAs\":[\"https:\/\/www.facebook.com\/mettapapelaria\/\",\"https:\/\/www.instagram.com\/papelariametta\/\"]}]}<\/script>\n<!-- \/ Yoast SEO plugin. -->","yoast_head_json":{"title":"FITA DUREX M\u00c1GICA 3M - Metta Papelaria","description":"A Fita M\u00e1gica Scotch\u00ae 810 oferece qualidade superior devido \u00e0 sua \u00f3tima ader\u00eancia, invisibilidade, possibilidade de escrita e resist\u00eancia \u00e0s varia\u00e7\u00f5es normais de temperatura e umidade, sem ocasionar distor\u00e7\u00f5es no rolo da fita.","robots":{"index":"index","follow":"follow","max-snippet":"max-snippet:-1","max-image-preview":"max-image-preview:large","max-video-preview":"max-video-preview:-1"},"canonical":"https:\/\/mettapapelaria.com.br\/catalogo\/produto\/fita-durex-magica-3m\/","og_locale":"pt_BR","og_type":"article","og_title":"FITA DUREX M\u00c1GICA 3M - Metta Papelaria","og_description":"A Fita M\u00e1gica Scotch\u00ae 810 oferece qualidade superior devido \u00e0 sua \u00f3tima ader\u00eancia, invisibilidade, possibilidade de escrita e resist\u00eancia \u00e0s varia\u00e7\u00f5es normais de temperatura e umidade, sem ocasionar distor\u00e7\u00f5es no rolo da fita.","og_url":"https:\/\/mettapapelaria.com.br\/catalogo\/produto\/fita-durex-magica-3m\/","og_site_name":"Metta Papelaria","article_publisher":"https:\/\/www.facebook.com\/mettapapelaria\/","og_image":[{"width":500,"height":500,"url":"https:\/\/mettapapelaria.com.br\/catalogo\/wp-content\/uploads\/2024\/11\/BIBLIOCANTO-PASTEL-MAXCRIL-70.png","type":"image\/png"}],"twitter_card":"summary_large_image","twitter_misc":{"Est. tempo de leitura":"1 minuto"},"schema":{"@context":"https:\/\/schema.org","@graph":[{"@type":"WebPage","@id":"https:\/\/mettapapelaria.com.br\/catalogo\/produto\/fita-durex-magica-3m\/","url":"https:\/\/mettapapelaria.com.br\/catalogo\/produto\/fita-durex-magica-3m\/","name":"FITA DUREX M\u00c1GICA 3M - Metta Papelaria","isPartOf":{"@id":"https:\/\/mettapapelaria.com.br\/catalogo\/#website"},"primaryImageOfPage":{"@id":"https:\/\/mettapapelaria.com.br\/catalogo\/produto\/fita-durex-magica-3m\/#primaryimage"},"image":{"@id":"https:\/\/mettapapelaria.com.br\/catalogo\/produto\/fita-durex-magica-3m\/#primaryimage"},"thumbnailUrl":"https:\/\/mettapapelaria.com.br\/catalogo\/wp-content\/uploads\/2024\/11\/BIBLIOCANTO-PASTEL-MAXCRIL-70.png","datePublished":"2024-11-18T19:08:56+00:00","description":"A Fita M\u00e1gica Scotch\u00ae 810 oferece qualidade superior devido \u00e0 sua \u00f3tima ader\u00eancia, invisibilidade, possibilidade de escrita e resist\u00eancia \u00e0s varia\u00e7\u00f5es normais de temperatura e umidade, sem ocasionar distor\u00e7\u00f5es no rolo da fita.","breadcrumb":{"@id":"https:\/\/mettapapelaria.com.br\/catalogo\/produto\/fita-durex-magica-3m\/#breadcrumb"},"inLanguage":"pt-BR","potentialAction":[{"@type":"ReadAction","target":["https:\/\/mettapapelaria.com.br\/catalogo\/produto\/fita-durex-magica-3m\/"]}]},{"@type":"ImageObject","inLanguage":"pt-BR","@id":"https:\/\/mettapapelaria.com.br\/catalogo\/produto\/fita-durex-magica-3m\/#primaryimage","url":"https:\/\/mettapapelaria.com.br\/catalogo\/wp-content\/uploads\/2024\/11\/BIBLIOCANTO-PASTEL-MAXCRIL-70.png","contentUrl":"https:\/\/mettapapelaria.com.br\/catalogo\/wp-content\/uploads\/2024\/11\/BIBLIOCANTO-PASTEL-MAXCRIL-70.png","width":500,"height":500},{"@type":"BreadcrumbList","@id":"https:\/\/mettapapelaria.com.br\/catalogo\/produto\/fita-durex-magica-3m\/#breadcrumb","itemListElement":[{"@type":"ListItem","position":1,"name":"In\u00edcio","item":"https:\/\/mettapapelaria.com.br\/catalogo\/"},{"@type":"ListItem","position":2,"name":"Shop","item":"https:\/\/mettapapelaria.com.br\/catalogo\/shop\/"},{"@type":"ListItem","position":3,"name":"FITA DUREX M\u00c1GICA 3M"}]},{"@type":"WebSite","@id":"https:\/\/mettapapelaria.com.br\/catalogo\/#website","url":"https:\/\/mettapapelaria.com.br\/catalogo\/","name":"Metta Papelaria","description":"Materiais e equipamentos de escrit\u00f3rio, suprimentos para inform\u00e1tica, e uma diversificada linha de material escolar","publisher":{"@id":"https:\/\/mettapapelaria.com.br\/catalogo\/#organization"},"potentialAction":[{"@type":"SearchAction","target":{"@type":"EntryPoint","urlTemplate":"https:\/\/mettapapelaria.com.br\/catalogo\/?s={search_term_string}"},"query-input":{"@type":"PropertyValueSpecification","valueRequired":true,"valueName":"search_term_string"}}],"inLanguage":"pt-BR"},{"@type":"Organization","@id":"https:\/\/mettapapelaria.com.br\/catalogo\/#organization","name":"Metta Papelaria","url":"https:\/\/mettapapelaria.com.br\/catalogo\/","logo":{"@type":"ImageObject","inLanguage":"pt-BR","@id":"https:\/\/mettapapelaria.com.br\/catalogo\/#\/schema\/logo\/image\/","url":"https:\/\/mettapapelaria.com.br\/catalogo\/wp-content\/uploads\/2023\/12\/cropped-favicon-Metta_512-1.png","contentUrl":"https:\/\/mettapapelaria.com.br\/catalogo\/wp-content\/uploads\/2023\/12\/cropped-favicon-Metta_512-1.png","width":512,"height":512,"caption":"Metta Papelaria"},"image":{"@id":"https:\/\/mettapapelaria.com.br\/catalogo\/#\/schema\/logo\/image\/"},"sameAs":["https:\/\/www.facebook.com\/mettapapelaria\/","https:\/\/www.instagram.com\/papelariametta\/"]}]}},"_links":{"self":[{"href":"https:\/\/mettapapelaria.com.br\/catalogo\/wp-json\/wp\/v2\/product\/8612","targetHints":{"allow":["GET"]}}],"collection":[{"href":"https:\/\/mettapapelaria.com.br\/catalogo\/wp-json\/wp\/v2\/product"}],"about":[{"href":"https:\/\/mettapapelaria.com.br\/catalogo\/wp-json\/wp\/v2\/types\/product"}],"replies":[{"embeddable":true,"href":"https:\/\/mettapapelaria.com.br\/catalogo\/wp-json\/wp\/v2\/comments?post=8612"}],"version-history":[{"count":1,"href":"https:\/\/mettapapelaria.com.br\/catalogo\/wp-json\/wp\/v2\/product\/8612\/revisions"}],"predecessor-version":[{"id":8614,"href":"https:\/\/mettapapelaria.com.br\/catalogo\/wp-json\/wp\/v2\/product\/8612\/revisions\/8614"}],"wp:featuredmedia":[{"embeddable":true,"href":"https:\/\/mettapapelaria.com.br\/catalogo\/wp-json\/wp\/v2\/media\/8613"}],"wp:attachment":[{"href":"https:\/\/mettapapelaria.com.br\/catalogo\/wp-json\/wp\/v2\/media?parent=8612"}],"wp:term":[{"taxonomy":"brand","embeddable":true,"href":"https:\/\/mettapapelaria.com.br\/catalogo\/wp-json\/wp\/v2\/etheme_brands?post=8612"},{"taxonomy":"product_brand","embeddable":true,"href":"https:\/\/mettapapelaria.com.br\/catalogo\/wp-json\/wp\/v2\/product_brand?post=8612"},{"taxonomy":"product_cat","embeddable":true,"href":"https:\/\/mettapapelaria.com.br\/catalogo\/wp-json\/wp\/v2\/product_cat?post=8612"},{"taxonomy":"product_tag","embeddable":true,"href":"https:\/\/mettapapelaria.com.br\/catalogo\/wp-json\/wp\/v2\/product_tag?post=8612"}],"curies":[{"name":"wp","href":"https:\/\/api.w.org\/{rel}","templated":true}]}}