{"id":8609,"date":"2024-11-18T16:02:14","date_gmt":"2024-11-18T19:02:14","guid":{"rendered":"https:\/\/mettapapelaria.com.br\/catalogo\/?post_type=product&#038;p=8609"},"modified":"2024-11-18T16:03:19","modified_gmt":"2024-11-18T19:03:19","slug":"fita-dupla-face-fixa-forte-interior-3m","status":"publish","type":"product","link":"https:\/\/mettapapelaria.com.br\/catalogo\/produto\/fita-dupla-face-fixa-forte-interior-3m\/","title":{"rendered":"FITA DUPLA FACE FIXA FORTE INTERIOR 3M"},"content":{"rendered":"<p class=\"mds-font_paragraph MMM--gapBottom\">A Fita Dupla Face 3M Scotch\u00ae Fixa Forte Interiores (Espuma) \u00e9 a solu\u00e7\u00e3o mais pr\u00e1tica para fixar canaletas, porta-chaves, quadros, espelhos e pe\u00e7as de decora\u00e7\u00e3o, entre outros. Sua aplica\u00e7\u00e3o \u00e9 f\u00e1cil, evitando furos e sujeira.<\/p>\n<p class=\"mds-font_paragraph\">Fita adesiva constru\u00edda de dorso de espuma de polietileno coberta por adesivo acr\u00edlico com alto poder de ades\u00e3o em ambas as faces, protegida por um liner de papel antiaderente. A Fita Fixa Forte Espuma \u00e9 ideal para uso em ambientes interno. N\u00e3o resiste a solventes e \u00e0 intemp\u00e9ries.<\/p>\n","protected":false},"excerpt":{"rendered":"<p>A Fita Dupla Face 3M Scotch\u00ae Fixa Forte Interiores (Espuma) \u00e9 a solu\u00e7\u00e3o mais pr\u00e1tica para fixar canaletas, porta-chaves, quadros, espelhos e pe\u00e7as de decora\u00e7\u00e3o,&#8230;<\/p>\n","protected":false},"featured_media":8610,"comment_status":"open","ping_status":"closed","template":"","meta":[],"etheme_brands":[{"term_id":178,"name":"3M","slug":"3m","term_group":0,"term_taxonomy_id":178,"taxonomy":"brand","description":"","parent":0,"count":11,"filter":"raw"}],"product_brand":[],"product_cat":[518,120],"product_tag":[254,760,761,255,256,225,239],"class_list":{"0":"post-8609","1":"product","2":"type-product","3":"status-publish","4":"has-post-thumbnail","6":"brand-3m","7":"product_cat-sem-categoria","8":"product_cat-fitas-adesivass","9":"product_tag-casa","10":"product_tag-fita","11":"product_tag-fita-dupla-face","12":"product_tag-home","13":"product_tag-lar","14":"product_tag-metta-papelaria","15":"product_tag-organizacao","17":"first","18":"instock","19":"sold-individually","20":"shipping-taxable","21":"purchasable","22":"product-type-simple"},"yoast_head":"<!-- This site is optimized with the Yoast SEO plugin v26.9 - https:\/\/yoast.com\/product\/yoast-seo-wordpress\/ -->\n<title>FITA DUPLA FACE FIXA FORTE INTERIOR 3M - Metta Papelaria<\/title>\n<meta name=\"description\" content=\"A Fita Dupla Face 3M Scotch\u00ae Fixa Forte Interiores (Espuma) \u00e9 a solu\u00e7\u00e3o mais pr\u00e1tica para fixar canaletas, porta-chaves, quadros, espelhos e pe\u00e7as de decora\u00e7\u00e3o, entre outros. Sua aplica\u00e7\u00e3o \u00e9 f\u00e1cil, evitando furos e sujeira.\" \/>\n<meta name=\"robots\" content=\"index, follow, max-snippet:-1, max-image-preview:large, max-video-preview:-1\" \/>\n<link rel=\"canonical\" href=\"https:\/\/mettapapelaria.com.br\/catalogo\/produto\/fita-dupla-face-fixa-forte-interior-3m\/\" \/>\n<meta property=\"og:locale\" content=\"pt_BR\" \/>\n<meta property=\"og:type\" content=\"article\" \/>\n<meta property=\"og:title\" content=\"FITA DUPLA FACE FIXA FORTE INTERIOR 3M - Metta Papelaria\" \/>\n<meta property=\"og:description\" content=\"A Fita Dupla Face 3M Scotch\u00ae Fixa Forte Interiores (Espuma) \u00e9 a solu\u00e7\u00e3o mais pr\u00e1tica para fixar canaletas, porta-chaves, quadros, espelhos e pe\u00e7as de decora\u00e7\u00e3o, entre outros. Sua aplica\u00e7\u00e3o \u00e9 f\u00e1cil, evitando furos e sujeira.\" \/>\n<meta property=\"og:url\" content=\"https:\/\/mettapapelaria.com.br\/catalogo\/produto\/fita-dupla-face-fixa-forte-interior-3m\/\" \/>\n<meta property=\"og:site_name\" content=\"Metta Papelaria\" \/>\n<meta property=\"article:publisher\" content=\"https:\/\/www.facebook.com\/mettapapelaria\/\" \/>\n<meta property=\"article:modified_time\" content=\"2024-11-18T19:03:19+00:00\" \/>\n<meta property=\"og:image\" content=\"https:\/\/mettapapelaria.com.br\/catalogo\/wp-content\/uploads\/2024\/11\/BIBLIOCANTO-PASTEL-MAXCRIL-69.png\" \/>\n\t<meta property=\"og:image:width\" content=\"500\" \/>\n\t<meta property=\"og:image:height\" content=\"500\" \/>\n\t<meta property=\"og:image:type\" content=\"image\/png\" \/>\n<meta name=\"twitter:card\" content=\"summary_large_image\" \/>\n<meta name=\"twitter:label1\" content=\"Est. tempo de leitura\" \/>\n\t<meta name=\"twitter:data1\" content=\"1 minuto\" \/>\n<script type=\"application\/ld+json\" class=\"yoast-schema-graph\">{\"@context\":\"https:\/\/schema.org\",\"@graph\":[{\"@type\":\"WebPage\",\"@id\":\"https:\/\/mettapapelaria.com.br\/catalogo\/produto\/fita-dupla-face-fixa-forte-interior-3m\/\",\"url\":\"https:\/\/mettapapelaria.com.br\/catalogo\/produto\/fita-dupla-face-fixa-forte-interior-3m\/\",\"name\":\"FITA DUPLA FACE FIXA FORTE INTERIOR 3M - Metta Papelaria\",\"isPartOf\":{\"@id\":\"https:\/\/mettapapelaria.com.br\/catalogo\/#website\"},\"primaryImageOfPage\":{\"@id\":\"https:\/\/mettapapelaria.com.br\/catalogo\/produto\/fita-dupla-face-fixa-forte-interior-3m\/#primaryimage\"},\"image\":{\"@id\":\"https:\/\/mettapapelaria.com.br\/catalogo\/produto\/fita-dupla-face-fixa-forte-interior-3m\/#primaryimage\"},\"thumbnailUrl\":\"https:\/\/mettapapelaria.com.br\/catalogo\/wp-content\/uploads\/2024\/11\/BIBLIOCANTO-PASTEL-MAXCRIL-69.png\",\"datePublished\":\"2024-11-18T19:02:14+00:00\",\"dateModified\":\"2024-11-18T19:03:19+00:00\",\"description\":\"A Fita Dupla Face 3M Scotch\u00ae Fixa Forte Interiores (Espuma) \u00e9 a solu\u00e7\u00e3o mais pr\u00e1tica para fixar canaletas, porta-chaves, quadros, espelhos e pe\u00e7as de decora\u00e7\u00e3o, entre outros. Sua aplica\u00e7\u00e3o \u00e9 f\u00e1cil, evitando furos e sujeira.\",\"breadcrumb\":{\"@id\":\"https:\/\/mettapapelaria.com.br\/catalogo\/produto\/fita-dupla-face-fixa-forte-interior-3m\/#breadcrumb\"},\"inLanguage\":\"pt-BR\",\"potentialAction\":[{\"@type\":\"ReadAction\",\"target\":[\"https:\/\/mettapapelaria.com.br\/catalogo\/produto\/fita-dupla-face-fixa-forte-interior-3m\/\"]}]},{\"@type\":\"ImageObject\",\"inLanguage\":\"pt-BR\",\"@id\":\"https:\/\/mettapapelaria.com.br\/catalogo\/produto\/fita-dupla-face-fixa-forte-interior-3m\/#primaryimage\",\"url\":\"https:\/\/mettapapelaria.com.br\/catalogo\/wp-content\/uploads\/2024\/11\/BIBLIOCANTO-PASTEL-MAXCRIL-69.png\",\"contentUrl\":\"https:\/\/mettapapelaria.com.br\/catalogo\/wp-content\/uploads\/2024\/11\/BIBLIOCANTO-PASTEL-MAXCRIL-69.png\",\"width\":500,\"height\":500},{\"@type\":\"BreadcrumbList\",\"@id\":\"https:\/\/mettapapelaria.com.br\/catalogo\/produto\/fita-dupla-face-fixa-forte-interior-3m\/#breadcrumb\",\"itemListElement\":[{\"@type\":\"ListItem\",\"position\":1,\"name\":\"In\u00edcio\",\"item\":\"https:\/\/mettapapelaria.com.br\/catalogo\/\"},{\"@type\":\"ListItem\",\"position\":2,\"name\":\"Shop\",\"item\":\"https:\/\/mettapapelaria.com.br\/catalogo\/shop\/\"},{\"@type\":\"ListItem\",\"position\":3,\"name\":\"FITA DUPLA FACE FIXA FORTE INTERIOR 3M\"}]},{\"@type\":\"WebSite\",\"@id\":\"https:\/\/mettapapelaria.com.br\/catalogo\/#website\",\"url\":\"https:\/\/mettapapelaria.com.br\/catalogo\/\",\"name\":\"Metta Papelaria\",\"description\":\"Materiais e equipamentos de escrit\u00f3rio, suprimentos para inform\u00e1tica, e uma diversificada linha de material escolar\",\"publisher\":{\"@id\":\"https:\/\/mettapapelaria.com.br\/catalogo\/#organization\"},\"potentialAction\":[{\"@type\":\"SearchAction\",\"target\":{\"@type\":\"EntryPoint\",\"urlTemplate\":\"https:\/\/mettapapelaria.com.br\/catalogo\/?s={search_term_string}\"},\"query-input\":{\"@type\":\"PropertyValueSpecification\",\"valueRequired\":true,\"valueName\":\"search_term_string\"}}],\"inLanguage\":\"pt-BR\"},{\"@type\":\"Organization\",\"@id\":\"https:\/\/mettapapelaria.com.br\/catalogo\/#organization\",\"name\":\"Metta Papelaria\",\"url\":\"https:\/\/mettapapelaria.com.br\/catalogo\/\",\"logo\":{\"@type\":\"ImageObject\",\"inLanguage\":\"pt-BR\",\"@id\":\"https:\/\/mettapapelaria.com.br\/catalogo\/#\/schema\/logo\/image\/\",\"url\":\"https:\/\/mettapapelaria.com.br\/catalogo\/wp-content\/uploads\/2023\/12\/cropped-favicon-Metta_512-1.png\",\"contentUrl\":\"https:\/\/mettapapelaria.com.br\/catalogo\/wp-content\/uploads\/2023\/12\/cropped-favicon-Metta_512-1.png\",\"width\":512,\"height\":512,\"caption\":\"Metta Papelaria\"},\"image\":{\"@id\":\"https:\/\/mettapapelaria.com.br\/catalogo\/#\/schema\/logo\/image\/\"},\"sameAs\":[\"https:\/\/www.facebook.com\/mettapapelaria\/\",\"https:\/\/www.instagram.com\/papelariametta\/\"]}]}<\/script>\n<!-- \/ Yoast SEO plugin. -->","yoast_head_json":{"title":"FITA DUPLA FACE FIXA FORTE INTERIOR 3M - Metta Papelaria","description":"A Fita Dupla Face 3M Scotch\u00ae Fixa Forte Interiores (Espuma) \u00e9 a solu\u00e7\u00e3o mais pr\u00e1tica para fixar canaletas, porta-chaves, quadros, espelhos e pe\u00e7as de decora\u00e7\u00e3o, entre outros. Sua aplica\u00e7\u00e3o \u00e9 f\u00e1cil, evitando furos e sujeira.","robots":{"index":"index","follow":"follow","max-snippet":"max-snippet:-1","max-image-preview":"max-image-preview:large","max-video-preview":"max-video-preview:-1"},"canonical":"https:\/\/mettapapelaria.com.br\/catalogo\/produto\/fita-dupla-face-fixa-forte-interior-3m\/","og_locale":"pt_BR","og_type":"article","og_title":"FITA DUPLA FACE FIXA FORTE INTERIOR 3M - Metta Papelaria","og_description":"A Fita Dupla Face 3M Scotch\u00ae Fixa Forte Interiores (Espuma) \u00e9 a solu\u00e7\u00e3o mais pr\u00e1tica para fixar canaletas, porta-chaves, quadros, espelhos e pe\u00e7as de decora\u00e7\u00e3o, entre outros. Sua aplica\u00e7\u00e3o \u00e9 f\u00e1cil, evitando furos e sujeira.","og_url":"https:\/\/mettapapelaria.com.br\/catalogo\/produto\/fita-dupla-face-fixa-forte-interior-3m\/","og_site_name":"Metta Papelaria","article_publisher":"https:\/\/www.facebook.com\/mettapapelaria\/","article_modified_time":"2024-11-18T19:03:19+00:00","og_image":[{"width":500,"height":500,"url":"https:\/\/mettapapelaria.com.br\/catalogo\/wp-content\/uploads\/2024\/11\/BIBLIOCANTO-PASTEL-MAXCRIL-69.png","type":"image\/png"}],"twitter_card":"summary_large_image","twitter_misc":{"Est. tempo de leitura":"1 minuto"},"schema":{"@context":"https:\/\/schema.org","@graph":[{"@type":"WebPage","@id":"https:\/\/mettapapelaria.com.br\/catalogo\/produto\/fita-dupla-face-fixa-forte-interior-3m\/","url":"https:\/\/mettapapelaria.com.br\/catalogo\/produto\/fita-dupla-face-fixa-forte-interior-3m\/","name":"FITA DUPLA FACE FIXA FORTE INTERIOR 3M - Metta Papelaria","isPartOf":{"@id":"https:\/\/mettapapelaria.com.br\/catalogo\/#website"},"primaryImageOfPage":{"@id":"https:\/\/mettapapelaria.com.br\/catalogo\/produto\/fita-dupla-face-fixa-forte-interior-3m\/#primaryimage"},"image":{"@id":"https:\/\/mettapapelaria.com.br\/catalogo\/produto\/fita-dupla-face-fixa-forte-interior-3m\/#primaryimage"},"thumbnailUrl":"https:\/\/mettapapelaria.com.br\/catalogo\/wp-content\/uploads\/2024\/11\/BIBLIOCANTO-PASTEL-MAXCRIL-69.png","datePublished":"2024-11-18T19:02:14+00:00","dateModified":"2024-11-18T19:03:19+00:00","description":"A Fita Dupla Face 3M Scotch\u00ae Fixa Forte Interiores (Espuma) \u00e9 a solu\u00e7\u00e3o mais pr\u00e1tica para fixar canaletas, porta-chaves, quadros, espelhos e pe\u00e7as de decora\u00e7\u00e3o, entre outros. Sua aplica\u00e7\u00e3o \u00e9 f\u00e1cil, evitando furos e sujeira.","breadcrumb":{"@id":"https:\/\/mettapapelaria.com.br\/catalogo\/produto\/fita-dupla-face-fixa-forte-interior-3m\/#breadcrumb"},"inLanguage":"pt-BR","potentialAction":[{"@type":"ReadAction","target":["https:\/\/mettapapelaria.com.br\/catalogo\/produto\/fita-dupla-face-fixa-forte-interior-3m\/"]}]},{"@type":"ImageObject","inLanguage":"pt-BR","@id":"https:\/\/mettapapelaria.com.br\/catalogo\/produto\/fita-dupla-face-fixa-forte-interior-3m\/#primaryimage","url":"https:\/\/mettapapelaria.com.br\/catalogo\/wp-content\/uploads\/2024\/11\/BIBLIOCANTO-PASTEL-MAXCRIL-69.png","contentUrl":"https:\/\/mettapapelaria.com.br\/catalogo\/wp-content\/uploads\/2024\/11\/BIBLIOCANTO-PASTEL-MAXCRIL-69.png","width":500,"height":500},{"@type":"BreadcrumbList","@id":"https:\/\/mettapapelaria.com.br\/catalogo\/produto\/fita-dupla-face-fixa-forte-interior-3m\/#breadcrumb","itemListElement":[{"@type":"ListItem","position":1,"name":"In\u00edcio","item":"https:\/\/mettapapelaria.com.br\/catalogo\/"},{"@type":"ListItem","position":2,"name":"Shop","item":"https:\/\/mettapapelaria.com.br\/catalogo\/shop\/"},{"@type":"ListItem","position":3,"name":"FITA DUPLA FACE FIXA FORTE INTERIOR 3M"}]},{"@type":"WebSite","@id":"https:\/\/mettapapelaria.com.br\/catalogo\/#website","url":"https:\/\/mettapapelaria.com.br\/catalogo\/","name":"Metta Papelaria","description":"Materiais e equipamentos de escrit\u00f3rio, suprimentos para inform\u00e1tica, e uma diversificada linha de material escolar","publisher":{"@id":"https:\/\/mettapapelaria.com.br\/catalogo\/#organization"},"potentialAction":[{"@type":"SearchAction","target":{"@type":"EntryPoint","urlTemplate":"https:\/\/mettapapelaria.com.br\/catalogo\/?s={search_term_string}"},"query-input":{"@type":"PropertyValueSpecification","valueRequired":true,"valueName":"search_term_string"}}],"inLanguage":"pt-BR"},{"@type":"Organization","@id":"https:\/\/mettapapelaria.com.br\/catalogo\/#organization","name":"Metta Papelaria","url":"https:\/\/mettapapelaria.com.br\/catalogo\/","logo":{"@type":"ImageObject","inLanguage":"pt-BR","@id":"https:\/\/mettapapelaria.com.br\/catalogo\/#\/schema\/logo\/image\/","url":"https:\/\/mettapapelaria.com.br\/catalogo\/wp-content\/uploads\/2023\/12\/cropped-favicon-Metta_512-1.png","contentUrl":"https:\/\/mettapapelaria.com.br\/catalogo\/wp-content\/uploads\/2023\/12\/cropped-favicon-Metta_512-1.png","width":512,"height":512,"caption":"Metta Papelaria"},"image":{"@id":"https:\/\/mettapapelaria.com.br\/catalogo\/#\/schema\/logo\/image\/"},"sameAs":["https:\/\/www.facebook.com\/mettapapelaria\/","https:\/\/www.instagram.com\/papelariametta\/"]}]}},"_links":{"self":[{"href":"https:\/\/mettapapelaria.com.br\/catalogo\/wp-json\/wp\/v2\/product\/8609","targetHints":{"allow":["GET"]}}],"collection":[{"href":"https:\/\/mettapapelaria.com.br\/catalogo\/wp-json\/wp\/v2\/product"}],"about":[{"href":"https:\/\/mettapapelaria.com.br\/catalogo\/wp-json\/wp\/v2\/types\/product"}],"replies":[{"embeddable":true,"href":"https:\/\/mettapapelaria.com.br\/catalogo\/wp-json\/wp\/v2\/comments?post=8609"}],"version-history":[{"count":1,"href":"https:\/\/mettapapelaria.com.br\/catalogo\/wp-json\/wp\/v2\/product\/8609\/revisions"}],"predecessor-version":[{"id":8611,"href":"https:\/\/mettapapelaria.com.br\/catalogo\/wp-json\/wp\/v2\/product\/8609\/revisions\/8611"}],"wp:featuredmedia":[{"embeddable":true,"href":"https:\/\/mettapapelaria.com.br\/catalogo\/wp-json\/wp\/v2\/media\/8610"}],"wp:attachment":[{"href":"https:\/\/mettapapelaria.com.br\/catalogo\/wp-json\/wp\/v2\/media?parent=8609"}],"wp:term":[{"taxonomy":"brand","embeddable":true,"href":"https:\/\/mettapapelaria.com.br\/catalogo\/wp-json\/wp\/v2\/etheme_brands?post=8609"},{"taxonomy":"product_brand","embeddable":true,"href":"https:\/\/mettapapelaria.com.br\/catalogo\/wp-json\/wp\/v2\/product_brand?post=8609"},{"taxonomy":"product_cat","embeddable":true,"href":"https:\/\/mettapapelaria.com.br\/catalogo\/wp-json\/wp\/v2\/product_cat?post=8609"},{"taxonomy":"product_tag","embeddable":true,"href":"https:\/\/mettapapelaria.com.br\/catalogo\/wp-json\/wp\/v2\/product_tag?post=8609"}],"curies":[{"name":"wp","href":"https:\/\/api.w.org\/{rel}","templated":true}]}}