{"id":8606,"date":"2024-11-18T15:59:07","date_gmt":"2024-11-18T18:59:07","guid":{"rendered":"https:\/\/mettapapelaria.com.br\/catalogo\/?post_type=product&#038;p=8606"},"modified":"2024-11-18T15:59:09","modified_gmt":"2024-11-18T18:59:09","slug":"fita-dupla-face-fixa-forte-banheiro-3m","status":"publish","type":"product","link":"https:\/\/mettapapelaria.com.br\/catalogo\/produto\/fita-dupla-face-fixa-forte-banheiro-3m\/","title":{"rendered":"FITA DUPLA FACE FIXA FORTE BANHEIRO 3M"},"content":{"rendered":"<p>A Band-Tape traz o que h\u00e1 de mais atual e moderno no mundo das fitas adesivas, priorizando sempre a qualidade do produto. Procuramos n\u00e3o apenas atender \u00e0s suas necessidades, mas superar expectativas.<\/p>\n<p>Voc\u00ea gostaria de encontrar uma solu\u00e7\u00e3o mais pr\u00e1tica para fixar de forma permanente os espelhos, quadros, objetos decorativos, acess\u00f3rios em banheiros, entre outros, evitando furos e danos em revestimentos e canos? Pois bem, a Band-Tape est\u00e1 oferecendo uma nova linha de produtos para lhe ajudar nos pequenos reparos: Fita Dupla Face 3M Scotch Fixa Forte Banheiro.<\/p>\n<p>A Fita Dupla Face Fixa Forte Banheiro proporciona fixa\u00e7\u00e3o permanente de qualidade profissional com pouca quantidade de fita. Ela \u00e9 perfeita para fixa\u00e7\u00e3o de objetos em \u00e1reas \u00famidas, como em banheiros e locais com alta umidade. O adesivo utilizado na fabrica\u00e7\u00e3o desta fita \u00e9 de alto desempenho e apresenta extraordin\u00e1ria for\u00e7a de fixa\u00e7\u00e3o em aplica\u00e7\u00f5es de longa dura\u00e7\u00e3o. A for\u00e7a de ades\u00e3o e de coes\u00e3o da fita Fixa Forte \u00e9 devido a sua resist\u00eancia \u00e0 umidade do ambiente. Portanto, ela oferece uma \u00f3tima fixa\u00e7\u00e3o para objetos leves e decorativos de banheiro e possui uma capacidade de suportar 500g usando 15cm. Serve para ambientes internos, substitui pregos e parafusos e a aplica\u00e7\u00e3o \u00e9 r\u00e1pida, f\u00e1cil e segura.<\/p>\n","protected":false},"excerpt":{"rendered":"<p>A Band-Tape traz o que h\u00e1 de mais atual e moderno no mundo das fitas adesivas, priorizando sempre a qualidade do produto. Procuramos n\u00e3o apenas&#8230;<\/p>\n","protected":false},"featured_media":8607,"comment_status":"open","ping_status":"closed","template":"","meta":[],"etheme_brands":[{"term_id":178,"name":"3M","slug":"3m","term_group":0,"term_taxonomy_id":178,"taxonomy":"brand","description":"","parent":0,"count":11,"filter":"raw"}],"product_brand":[],"product_cat":[120],"product_tag":[254,760,761,255,256,225,239],"class_list":{"0":"post-8606","1":"product","2":"type-product","3":"status-publish","4":"has-post-thumbnail","6":"brand-3m","7":"product_cat-fitas-adesivass","8":"product_tag-casa","9":"product_tag-fita","10":"product_tag-fita-dupla-face","11":"product_tag-home","12":"product_tag-lar","13":"product_tag-metta-papelaria","14":"product_tag-organizacao","16":"first","17":"instock","18":"sold-individually","19":"shipping-taxable","20":"purchasable","21":"product-type-simple"},"yoast_head":"<!-- This site is optimized with the Yoast SEO plugin v26.9 - https:\/\/yoast.com\/product\/yoast-seo-wordpress\/ -->\n<title>FITA DUPLA FACE FIXA FORTE BANHEIRO 3M - Metta Papelaria<\/title>\n<meta name=\"description\" content=\"Pois bem, a Band-Tape est\u00e1 oferecendo uma nova linha de produtos para lhe ajudar nos pequenos reparos: Fita Dupla Face 3M Scotch Fixa Forte Banheiro.\" \/>\n<meta name=\"robots\" content=\"index, follow, max-snippet:-1, max-image-preview:large, max-video-preview:-1\" \/>\n<link rel=\"canonical\" href=\"https:\/\/mettapapelaria.com.br\/catalogo\/produto\/fita-dupla-face-fixa-forte-banheiro-3m\/\" \/>\n<meta property=\"og:locale\" content=\"pt_BR\" \/>\n<meta property=\"og:type\" content=\"article\" \/>\n<meta property=\"og:title\" content=\"FITA DUPLA FACE FIXA FORTE BANHEIRO 3M - Metta Papelaria\" \/>\n<meta property=\"og:description\" content=\"Pois bem, a Band-Tape est\u00e1 oferecendo uma nova linha de produtos para lhe ajudar nos pequenos reparos: Fita Dupla Face 3M Scotch Fixa Forte Banheiro.\" \/>\n<meta property=\"og:url\" content=\"https:\/\/mettapapelaria.com.br\/catalogo\/produto\/fita-dupla-face-fixa-forte-banheiro-3m\/\" \/>\n<meta property=\"og:site_name\" content=\"Metta Papelaria\" \/>\n<meta property=\"article:publisher\" content=\"https:\/\/www.facebook.com\/mettapapelaria\/\" \/>\n<meta property=\"article:modified_time\" content=\"2024-11-18T18:59:09+00:00\" \/>\n<meta property=\"og:image\" content=\"https:\/\/mettapapelaria.com.br\/catalogo\/wp-content\/uploads\/2024\/11\/BIBLIOCANTO-PASTEL-MAXCRIL-68.png\" \/>\n\t<meta property=\"og:image:width\" content=\"500\" \/>\n\t<meta property=\"og:image:height\" content=\"500\" \/>\n\t<meta property=\"og:image:type\" content=\"image\/png\" \/>\n<meta name=\"twitter:card\" content=\"summary_large_image\" \/>\n<meta name=\"twitter:label1\" content=\"Est. tempo de leitura\" \/>\n\t<meta name=\"twitter:data1\" content=\"2 minutos\" \/>\n<script type=\"application\/ld+json\" class=\"yoast-schema-graph\">{\"@context\":\"https:\/\/schema.org\",\"@graph\":[{\"@type\":\"WebPage\",\"@id\":\"https:\/\/mettapapelaria.com.br\/catalogo\/produto\/fita-dupla-face-fixa-forte-banheiro-3m\/\",\"url\":\"https:\/\/mettapapelaria.com.br\/catalogo\/produto\/fita-dupla-face-fixa-forte-banheiro-3m\/\",\"name\":\"FITA DUPLA FACE FIXA FORTE BANHEIRO 3M - Metta Papelaria\",\"isPartOf\":{\"@id\":\"https:\/\/mettapapelaria.com.br\/catalogo\/#website\"},\"primaryImageOfPage\":{\"@id\":\"https:\/\/mettapapelaria.com.br\/catalogo\/produto\/fita-dupla-face-fixa-forte-banheiro-3m\/#primaryimage\"},\"image\":{\"@id\":\"https:\/\/mettapapelaria.com.br\/catalogo\/produto\/fita-dupla-face-fixa-forte-banheiro-3m\/#primaryimage\"},\"thumbnailUrl\":\"https:\/\/mettapapelaria.com.br\/catalogo\/wp-content\/uploads\/2024\/11\/BIBLIOCANTO-PASTEL-MAXCRIL-68.png\",\"datePublished\":\"2024-11-18T18:59:07+00:00\",\"dateModified\":\"2024-11-18T18:59:09+00:00\",\"description\":\"Pois bem, a Band-Tape est\u00e1 oferecendo uma nova linha de produtos para lhe ajudar nos pequenos reparos: Fita Dupla Face 3M Scotch Fixa Forte Banheiro.\",\"breadcrumb\":{\"@id\":\"https:\/\/mettapapelaria.com.br\/catalogo\/produto\/fita-dupla-face-fixa-forte-banheiro-3m\/#breadcrumb\"},\"inLanguage\":\"pt-BR\",\"potentialAction\":[{\"@type\":\"ReadAction\",\"target\":[\"https:\/\/mettapapelaria.com.br\/catalogo\/produto\/fita-dupla-face-fixa-forte-banheiro-3m\/\"]}]},{\"@type\":\"ImageObject\",\"inLanguage\":\"pt-BR\",\"@id\":\"https:\/\/mettapapelaria.com.br\/catalogo\/produto\/fita-dupla-face-fixa-forte-banheiro-3m\/#primaryimage\",\"url\":\"https:\/\/mettapapelaria.com.br\/catalogo\/wp-content\/uploads\/2024\/11\/BIBLIOCANTO-PASTEL-MAXCRIL-68.png\",\"contentUrl\":\"https:\/\/mettapapelaria.com.br\/catalogo\/wp-content\/uploads\/2024\/11\/BIBLIOCANTO-PASTEL-MAXCRIL-68.png\",\"width\":500,\"height\":500},{\"@type\":\"BreadcrumbList\",\"@id\":\"https:\/\/mettapapelaria.com.br\/catalogo\/produto\/fita-dupla-face-fixa-forte-banheiro-3m\/#breadcrumb\",\"itemListElement\":[{\"@type\":\"ListItem\",\"position\":1,\"name\":\"In\u00edcio\",\"item\":\"https:\/\/mettapapelaria.com.br\/catalogo\/\"},{\"@type\":\"ListItem\",\"position\":2,\"name\":\"Shop\",\"item\":\"https:\/\/mettapapelaria.com.br\/catalogo\/shop\/\"},{\"@type\":\"ListItem\",\"position\":3,\"name\":\"FITA DUPLA FACE FIXA FORTE BANHEIRO 3M\"}]},{\"@type\":\"WebSite\",\"@id\":\"https:\/\/mettapapelaria.com.br\/catalogo\/#website\",\"url\":\"https:\/\/mettapapelaria.com.br\/catalogo\/\",\"name\":\"Metta Papelaria\",\"description\":\"Materiais e equipamentos de escrit\u00f3rio, suprimentos para inform\u00e1tica, e uma diversificada linha de material escolar\",\"publisher\":{\"@id\":\"https:\/\/mettapapelaria.com.br\/catalogo\/#organization\"},\"potentialAction\":[{\"@type\":\"SearchAction\",\"target\":{\"@type\":\"EntryPoint\",\"urlTemplate\":\"https:\/\/mettapapelaria.com.br\/catalogo\/?s={search_term_string}\"},\"query-input\":{\"@type\":\"PropertyValueSpecification\",\"valueRequired\":true,\"valueName\":\"search_term_string\"}}],\"inLanguage\":\"pt-BR\"},{\"@type\":\"Organization\",\"@id\":\"https:\/\/mettapapelaria.com.br\/catalogo\/#organization\",\"name\":\"Metta Papelaria\",\"url\":\"https:\/\/mettapapelaria.com.br\/catalogo\/\",\"logo\":{\"@type\":\"ImageObject\",\"inLanguage\":\"pt-BR\",\"@id\":\"https:\/\/mettapapelaria.com.br\/catalogo\/#\/schema\/logo\/image\/\",\"url\":\"https:\/\/mettapapelaria.com.br\/catalogo\/wp-content\/uploads\/2023\/12\/cropped-favicon-Metta_512-1.png\",\"contentUrl\":\"https:\/\/mettapapelaria.com.br\/catalogo\/wp-content\/uploads\/2023\/12\/cropped-favicon-Metta_512-1.png\",\"width\":512,\"height\":512,\"caption\":\"Metta Papelaria\"},\"image\":{\"@id\":\"https:\/\/mettapapelaria.com.br\/catalogo\/#\/schema\/logo\/image\/\"},\"sameAs\":[\"https:\/\/www.facebook.com\/mettapapelaria\/\",\"https:\/\/www.instagram.com\/papelariametta\/\"]}]}<\/script>\n<!-- \/ Yoast SEO plugin. -->","yoast_head_json":{"title":"FITA DUPLA FACE FIXA FORTE BANHEIRO 3M - Metta Papelaria","description":"Pois bem, a Band-Tape est\u00e1 oferecendo uma nova linha de produtos para lhe ajudar nos pequenos reparos: Fita Dupla Face 3M Scotch Fixa Forte Banheiro.","robots":{"index":"index","follow":"follow","max-snippet":"max-snippet:-1","max-image-preview":"max-image-preview:large","max-video-preview":"max-video-preview:-1"},"canonical":"https:\/\/mettapapelaria.com.br\/catalogo\/produto\/fita-dupla-face-fixa-forte-banheiro-3m\/","og_locale":"pt_BR","og_type":"article","og_title":"FITA DUPLA FACE FIXA FORTE BANHEIRO 3M - Metta Papelaria","og_description":"Pois bem, a Band-Tape est\u00e1 oferecendo uma nova linha de produtos para lhe ajudar nos pequenos reparos: Fita Dupla Face 3M Scotch Fixa Forte Banheiro.","og_url":"https:\/\/mettapapelaria.com.br\/catalogo\/produto\/fita-dupla-face-fixa-forte-banheiro-3m\/","og_site_name":"Metta Papelaria","article_publisher":"https:\/\/www.facebook.com\/mettapapelaria\/","article_modified_time":"2024-11-18T18:59:09+00:00","og_image":[{"width":500,"height":500,"url":"https:\/\/mettapapelaria.com.br\/catalogo\/wp-content\/uploads\/2024\/11\/BIBLIOCANTO-PASTEL-MAXCRIL-68.png","type":"image\/png"}],"twitter_card":"summary_large_image","twitter_misc":{"Est. tempo de leitura":"2 minutos"},"schema":{"@context":"https:\/\/schema.org","@graph":[{"@type":"WebPage","@id":"https:\/\/mettapapelaria.com.br\/catalogo\/produto\/fita-dupla-face-fixa-forte-banheiro-3m\/","url":"https:\/\/mettapapelaria.com.br\/catalogo\/produto\/fita-dupla-face-fixa-forte-banheiro-3m\/","name":"FITA DUPLA FACE FIXA FORTE BANHEIRO 3M - Metta Papelaria","isPartOf":{"@id":"https:\/\/mettapapelaria.com.br\/catalogo\/#website"},"primaryImageOfPage":{"@id":"https:\/\/mettapapelaria.com.br\/catalogo\/produto\/fita-dupla-face-fixa-forte-banheiro-3m\/#primaryimage"},"image":{"@id":"https:\/\/mettapapelaria.com.br\/catalogo\/produto\/fita-dupla-face-fixa-forte-banheiro-3m\/#primaryimage"},"thumbnailUrl":"https:\/\/mettapapelaria.com.br\/catalogo\/wp-content\/uploads\/2024\/11\/BIBLIOCANTO-PASTEL-MAXCRIL-68.png","datePublished":"2024-11-18T18:59:07+00:00","dateModified":"2024-11-18T18:59:09+00:00","description":"Pois bem, a Band-Tape est\u00e1 oferecendo uma nova linha de produtos para lhe ajudar nos pequenos reparos: Fita Dupla Face 3M Scotch Fixa Forte Banheiro.","breadcrumb":{"@id":"https:\/\/mettapapelaria.com.br\/catalogo\/produto\/fita-dupla-face-fixa-forte-banheiro-3m\/#breadcrumb"},"inLanguage":"pt-BR","potentialAction":[{"@type":"ReadAction","target":["https:\/\/mettapapelaria.com.br\/catalogo\/produto\/fita-dupla-face-fixa-forte-banheiro-3m\/"]}]},{"@type":"ImageObject","inLanguage":"pt-BR","@id":"https:\/\/mettapapelaria.com.br\/catalogo\/produto\/fita-dupla-face-fixa-forte-banheiro-3m\/#primaryimage","url":"https:\/\/mettapapelaria.com.br\/catalogo\/wp-content\/uploads\/2024\/11\/BIBLIOCANTO-PASTEL-MAXCRIL-68.png","contentUrl":"https:\/\/mettapapelaria.com.br\/catalogo\/wp-content\/uploads\/2024\/11\/BIBLIOCANTO-PASTEL-MAXCRIL-68.png","width":500,"height":500},{"@type":"BreadcrumbList","@id":"https:\/\/mettapapelaria.com.br\/catalogo\/produto\/fita-dupla-face-fixa-forte-banheiro-3m\/#breadcrumb","itemListElement":[{"@type":"ListItem","position":1,"name":"In\u00edcio","item":"https:\/\/mettapapelaria.com.br\/catalogo\/"},{"@type":"ListItem","position":2,"name":"Shop","item":"https:\/\/mettapapelaria.com.br\/catalogo\/shop\/"},{"@type":"ListItem","position":3,"name":"FITA DUPLA FACE FIXA FORTE BANHEIRO 3M"}]},{"@type":"WebSite","@id":"https:\/\/mettapapelaria.com.br\/catalogo\/#website","url":"https:\/\/mettapapelaria.com.br\/catalogo\/","name":"Metta Papelaria","description":"Materiais e equipamentos de escrit\u00f3rio, suprimentos para inform\u00e1tica, e uma diversificada linha de material escolar","publisher":{"@id":"https:\/\/mettapapelaria.com.br\/catalogo\/#organization"},"potentialAction":[{"@type":"SearchAction","target":{"@type":"EntryPoint","urlTemplate":"https:\/\/mettapapelaria.com.br\/catalogo\/?s={search_term_string}"},"query-input":{"@type":"PropertyValueSpecification","valueRequired":true,"valueName":"search_term_string"}}],"inLanguage":"pt-BR"},{"@type":"Organization","@id":"https:\/\/mettapapelaria.com.br\/catalogo\/#organization","name":"Metta Papelaria","url":"https:\/\/mettapapelaria.com.br\/catalogo\/","logo":{"@type":"ImageObject","inLanguage":"pt-BR","@id":"https:\/\/mettapapelaria.com.br\/catalogo\/#\/schema\/logo\/image\/","url":"https:\/\/mettapapelaria.com.br\/catalogo\/wp-content\/uploads\/2023\/12\/cropped-favicon-Metta_512-1.png","contentUrl":"https:\/\/mettapapelaria.com.br\/catalogo\/wp-content\/uploads\/2023\/12\/cropped-favicon-Metta_512-1.png","width":512,"height":512,"caption":"Metta Papelaria"},"image":{"@id":"https:\/\/mettapapelaria.com.br\/catalogo\/#\/schema\/logo\/image\/"},"sameAs":["https:\/\/www.facebook.com\/mettapapelaria\/","https:\/\/www.instagram.com\/papelariametta\/"]}]}},"_links":{"self":[{"href":"https:\/\/mettapapelaria.com.br\/catalogo\/wp-json\/wp\/v2\/product\/8606","targetHints":{"allow":["GET"]}}],"collection":[{"href":"https:\/\/mettapapelaria.com.br\/catalogo\/wp-json\/wp\/v2\/product"}],"about":[{"href":"https:\/\/mettapapelaria.com.br\/catalogo\/wp-json\/wp\/v2\/types\/product"}],"replies":[{"embeddable":true,"href":"https:\/\/mettapapelaria.com.br\/catalogo\/wp-json\/wp\/v2\/comments?post=8606"}],"version-history":[{"count":1,"href":"https:\/\/mettapapelaria.com.br\/catalogo\/wp-json\/wp\/v2\/product\/8606\/revisions"}],"predecessor-version":[{"id":8608,"href":"https:\/\/mettapapelaria.com.br\/catalogo\/wp-json\/wp\/v2\/product\/8606\/revisions\/8608"}],"wp:featuredmedia":[{"embeddable":true,"href":"https:\/\/mettapapelaria.com.br\/catalogo\/wp-json\/wp\/v2\/media\/8607"}],"wp:attachment":[{"href":"https:\/\/mettapapelaria.com.br\/catalogo\/wp-json\/wp\/v2\/media?parent=8606"}],"wp:term":[{"taxonomy":"brand","embeddable":true,"href":"https:\/\/mettapapelaria.com.br\/catalogo\/wp-json\/wp\/v2\/etheme_brands?post=8606"},{"taxonomy":"product_brand","embeddable":true,"href":"https:\/\/mettapapelaria.com.br\/catalogo\/wp-json\/wp\/v2\/product_brand?post=8606"},{"taxonomy":"product_cat","embeddable":true,"href":"https:\/\/mettapapelaria.com.br\/catalogo\/wp-json\/wp\/v2\/product_cat?post=8606"},{"taxonomy":"product_tag","embeddable":true,"href":"https:\/\/mettapapelaria.com.br\/catalogo\/wp-json\/wp\/v2\/product_tag?post=8606"}],"curies":[{"name":"wp","href":"https:\/\/api.w.org\/{rel}","templated":true}]}}