{"id":8581,"date":"2024-11-14T09:54:31","date_gmt":"2024-11-14T12:54:31","guid":{"rendered":"https:\/\/mettapapelaria.com.br\/catalogo\/?post_type=product&#038;p=8581"},"modified":"2024-11-14T09:54:32","modified_gmt":"2024-11-14T12:54:32","slug":"organizador-multiuso-maxcril","status":"publish","type":"product","link":"https:\/\/mettapapelaria.com.br\/catalogo\/produto\/organizador-multiuso-maxcril\/","title":{"rendered":"ORGANIZADOR MULTIUSO MAXCRIL"},"content":{"rendered":"<p>\u00c9 perfeito para arrumar a esta\u00e7\u00e3o de estudos ou de trabalho, assim como \u00e9 \u00f3timo para organizar gavetas e prateleiras. Desenvolvido em material dur\u00e1vel e resistente com design moderno e cores que acompanham a tend\u00eancia como: verde pastel, rosa pastel, azul pastel e lil\u00e1s pastel e a tradicional cor cristal. Pode ser usado na forma vertical ou horizontal. Op\u00e7\u00f5es de uso: Organizador de material de escrita, tintas e pinc\u00e9is, material de costura, material de artesanato, produtos baby, controle remoto, talheres, maquiagens, entre outros.<\/p>\n<ul>\n<li>COR: AZUL, ROSA OU VERDE PASTEL<\/li>\n<li>MEDIDAS: 9.5 x 10.7 x 13 cm<\/li>\n<\/ul>\n","protected":false},"excerpt":{"rendered":"<p>\u00c9 perfeito para arrumar a esta\u00e7\u00e3o de estudos ou de trabalho, assim como \u00e9 \u00f3timo para organizar gavetas e prateleiras. Desenvolvido em material dur\u00e1vel e&#8230;<\/p>\n","protected":false},"featured_media":8582,"comment_status":"open","ping_status":"closed","template":"","meta":[],"etheme_brands":[{"term_id":739,"name":"Maxcril","slug":"maxcril","term_group":0,"term_taxonomy_id":739,"taxonomy":"brand","description":"","parent":0,"count":13,"filter":"raw"}],"product_brand":[],"product_cat":[15,85,67],"product_tag":[254,276,385,316,275,255,256,228,227,225,622,239,281,280,317,274],"class_list":{"0":"post-8581","1":"product","2":"type-product","3":"status-publish","4":"has-post-thumbnail","6":"brand-maxcril","7":"product_cat-material-escritorio","8":"product_cat-porta-canetas-lapis","9":"product_cat-porta-coisas","10":"product_tag-casa","11":"product_tag-escola","12":"product_tag-escritorio","13":"product_tag-estudante","14":"product_tag-faculdade","15":"product_tag-home","16":"product_tag-lar","17":"product_tag-material-de-escritorio","18":"product_tag-material-escolar","19":"product_tag-metta-papelaria","20":"product_tag-office","21":"product_tag-organizacao","22":"product_tag-porta-canetas","23":"product_tag-porta-coisas","24":"product_tag-study","25":"product_tag-universidade","27":"first","28":"instock","29":"sold-individually","30":"shipping-taxable","31":"purchasable","32":"product-type-simple"},"yoast_head":"<!-- This site is optimized with the Yoast SEO plugin v26.9 - https:\/\/yoast.com\/product\/yoast-seo-wordpress\/ -->\n<title>ORGANIZADOR MULTIUSO MAXCRIL - Metta Papelaria<\/title>\n<meta name=\"robots\" content=\"index, follow, max-snippet:-1, max-image-preview:large, max-video-preview:-1\" \/>\n<link rel=\"canonical\" href=\"https:\/\/mettapapelaria.com.br\/catalogo\/produto\/organizador-multiuso-maxcril\/\" \/>\n<meta property=\"og:locale\" content=\"pt_BR\" \/>\n<meta property=\"og:type\" content=\"article\" \/>\n<meta property=\"og:title\" content=\"ORGANIZADOR MULTIUSO MAXCRIL - Metta Papelaria\" \/>\n<meta property=\"og:description\" content=\"\u00c9 perfeito para arrumar a esta\u00e7\u00e3o de estudos ou de trabalho, assim como \u00e9 \u00f3timo para organizar gavetas e prateleiras. Desenvolvido em material dur\u00e1vel e...\" \/>\n<meta property=\"og:url\" content=\"https:\/\/mettapapelaria.com.br\/catalogo\/produto\/organizador-multiuso-maxcril\/\" \/>\n<meta property=\"og:site_name\" content=\"Metta Papelaria\" \/>\n<meta property=\"article:publisher\" content=\"https:\/\/www.facebook.com\/mettapapelaria\/\" \/>\n<meta property=\"article:modified_time\" content=\"2024-11-14T12:54:32+00:00\" \/>\n<meta property=\"og:image\" content=\"https:\/\/mettapapelaria.com.br\/catalogo\/wp-content\/uploads\/2024\/11\/ORGANIZADOR-MULTIUSO-MAXCRIL-1.jpg\" \/>\n\t<meta property=\"og:image:width\" content=\"500\" \/>\n\t<meta property=\"og:image:height\" content=\"500\" \/>\n\t<meta property=\"og:image:type\" content=\"image\/jpeg\" \/>\n<meta name=\"twitter:card\" content=\"summary_large_image\" \/>\n<meta name=\"twitter:label1\" content=\"Est. tempo de leitura\" \/>\n\t<meta name=\"twitter:data1\" content=\"1 minuto\" \/>\n<script type=\"application\/ld+json\" class=\"yoast-schema-graph\">{\"@context\":\"https:\/\/schema.org\",\"@graph\":[{\"@type\":\"WebPage\",\"@id\":\"https:\/\/mettapapelaria.com.br\/catalogo\/produto\/organizador-multiuso-maxcril\/\",\"url\":\"https:\/\/mettapapelaria.com.br\/catalogo\/produto\/organizador-multiuso-maxcril\/\",\"name\":\"ORGANIZADOR MULTIUSO MAXCRIL - Metta Papelaria\",\"isPartOf\":{\"@id\":\"https:\/\/mettapapelaria.com.br\/catalogo\/#website\"},\"primaryImageOfPage\":{\"@id\":\"https:\/\/mettapapelaria.com.br\/catalogo\/produto\/organizador-multiuso-maxcril\/#primaryimage\"},\"image\":{\"@id\":\"https:\/\/mettapapelaria.com.br\/catalogo\/produto\/organizador-multiuso-maxcril\/#primaryimage\"},\"thumbnailUrl\":\"https:\/\/mettapapelaria.com.br\/catalogo\/wp-content\/uploads\/2024\/11\/ORGANIZADOR-MULTIUSO-MAXCRIL-1.jpg\",\"datePublished\":\"2024-11-14T12:54:31+00:00\",\"dateModified\":\"2024-11-14T12:54:32+00:00\",\"breadcrumb\":{\"@id\":\"https:\/\/mettapapelaria.com.br\/catalogo\/produto\/organizador-multiuso-maxcril\/#breadcrumb\"},\"inLanguage\":\"pt-BR\",\"potentialAction\":[{\"@type\":\"ReadAction\",\"target\":[\"https:\/\/mettapapelaria.com.br\/catalogo\/produto\/organizador-multiuso-maxcril\/\"]}]},{\"@type\":\"ImageObject\",\"inLanguage\":\"pt-BR\",\"@id\":\"https:\/\/mettapapelaria.com.br\/catalogo\/produto\/organizador-multiuso-maxcril\/#primaryimage\",\"url\":\"https:\/\/mettapapelaria.com.br\/catalogo\/wp-content\/uploads\/2024\/11\/ORGANIZADOR-MULTIUSO-MAXCRIL-1.jpg\",\"contentUrl\":\"https:\/\/mettapapelaria.com.br\/catalogo\/wp-content\/uploads\/2024\/11\/ORGANIZADOR-MULTIUSO-MAXCRIL-1.jpg\",\"width\":500,\"height\":500},{\"@type\":\"BreadcrumbList\",\"@id\":\"https:\/\/mettapapelaria.com.br\/catalogo\/produto\/organizador-multiuso-maxcril\/#breadcrumb\",\"itemListElement\":[{\"@type\":\"ListItem\",\"position\":1,\"name\":\"In\u00edcio\",\"item\":\"https:\/\/mettapapelaria.com.br\/catalogo\/\"},{\"@type\":\"ListItem\",\"position\":2,\"name\":\"Shop\",\"item\":\"https:\/\/mettapapelaria.com.br\/catalogo\/shop\/\"},{\"@type\":\"ListItem\",\"position\":3,\"name\":\"ORGANIZADOR MULTIUSO MAXCRIL\"}]},{\"@type\":\"WebSite\",\"@id\":\"https:\/\/mettapapelaria.com.br\/catalogo\/#website\",\"url\":\"https:\/\/mettapapelaria.com.br\/catalogo\/\",\"name\":\"Metta Papelaria\",\"description\":\"Materiais e equipamentos de escrit\u00f3rio, suprimentos para inform\u00e1tica, e uma diversificada linha de material escolar\",\"publisher\":{\"@id\":\"https:\/\/mettapapelaria.com.br\/catalogo\/#organization\"},\"potentialAction\":[{\"@type\":\"SearchAction\",\"target\":{\"@type\":\"EntryPoint\",\"urlTemplate\":\"https:\/\/mettapapelaria.com.br\/catalogo\/?s={search_term_string}\"},\"query-input\":{\"@type\":\"PropertyValueSpecification\",\"valueRequired\":true,\"valueName\":\"search_term_string\"}}],\"inLanguage\":\"pt-BR\"},{\"@type\":\"Organization\",\"@id\":\"https:\/\/mettapapelaria.com.br\/catalogo\/#organization\",\"name\":\"Metta Papelaria\",\"url\":\"https:\/\/mettapapelaria.com.br\/catalogo\/\",\"logo\":{\"@type\":\"ImageObject\",\"inLanguage\":\"pt-BR\",\"@id\":\"https:\/\/mettapapelaria.com.br\/catalogo\/#\/schema\/logo\/image\/\",\"url\":\"https:\/\/mettapapelaria.com.br\/catalogo\/wp-content\/uploads\/2023\/12\/cropped-favicon-Metta_512-1.png\",\"contentUrl\":\"https:\/\/mettapapelaria.com.br\/catalogo\/wp-content\/uploads\/2023\/12\/cropped-favicon-Metta_512-1.png\",\"width\":512,\"height\":512,\"caption\":\"Metta Papelaria\"},\"image\":{\"@id\":\"https:\/\/mettapapelaria.com.br\/catalogo\/#\/schema\/logo\/image\/\"},\"sameAs\":[\"https:\/\/www.facebook.com\/mettapapelaria\/\",\"https:\/\/www.instagram.com\/papelariametta\/\"]}]}<\/script>\n<!-- \/ Yoast SEO plugin. -->","yoast_head_json":{"title":"ORGANIZADOR MULTIUSO MAXCRIL - Metta Papelaria","robots":{"index":"index","follow":"follow","max-snippet":"max-snippet:-1","max-image-preview":"max-image-preview:large","max-video-preview":"max-video-preview:-1"},"canonical":"https:\/\/mettapapelaria.com.br\/catalogo\/produto\/organizador-multiuso-maxcril\/","og_locale":"pt_BR","og_type":"article","og_title":"ORGANIZADOR MULTIUSO MAXCRIL - Metta Papelaria","og_description":"\u00c9 perfeito para arrumar a esta\u00e7\u00e3o de estudos ou de trabalho, assim como \u00e9 \u00f3timo para organizar gavetas e prateleiras. Desenvolvido em material dur\u00e1vel e...","og_url":"https:\/\/mettapapelaria.com.br\/catalogo\/produto\/organizador-multiuso-maxcril\/","og_site_name":"Metta Papelaria","article_publisher":"https:\/\/www.facebook.com\/mettapapelaria\/","article_modified_time":"2024-11-14T12:54:32+00:00","og_image":[{"width":500,"height":500,"url":"https:\/\/mettapapelaria.com.br\/catalogo\/wp-content\/uploads\/2024\/11\/ORGANIZADOR-MULTIUSO-MAXCRIL-1.jpg","type":"image\/jpeg"}],"twitter_card":"summary_large_image","twitter_misc":{"Est. tempo de leitura":"1 minuto"},"schema":{"@context":"https:\/\/schema.org","@graph":[{"@type":"WebPage","@id":"https:\/\/mettapapelaria.com.br\/catalogo\/produto\/organizador-multiuso-maxcril\/","url":"https:\/\/mettapapelaria.com.br\/catalogo\/produto\/organizador-multiuso-maxcril\/","name":"ORGANIZADOR MULTIUSO MAXCRIL - Metta Papelaria","isPartOf":{"@id":"https:\/\/mettapapelaria.com.br\/catalogo\/#website"},"primaryImageOfPage":{"@id":"https:\/\/mettapapelaria.com.br\/catalogo\/produto\/organizador-multiuso-maxcril\/#primaryimage"},"image":{"@id":"https:\/\/mettapapelaria.com.br\/catalogo\/produto\/organizador-multiuso-maxcril\/#primaryimage"},"thumbnailUrl":"https:\/\/mettapapelaria.com.br\/catalogo\/wp-content\/uploads\/2024\/11\/ORGANIZADOR-MULTIUSO-MAXCRIL-1.jpg","datePublished":"2024-11-14T12:54:31+00:00","dateModified":"2024-11-14T12:54:32+00:00","breadcrumb":{"@id":"https:\/\/mettapapelaria.com.br\/catalogo\/produto\/organizador-multiuso-maxcril\/#breadcrumb"},"inLanguage":"pt-BR","potentialAction":[{"@type":"ReadAction","target":["https:\/\/mettapapelaria.com.br\/catalogo\/produto\/organizador-multiuso-maxcril\/"]}]},{"@type":"ImageObject","inLanguage":"pt-BR","@id":"https:\/\/mettapapelaria.com.br\/catalogo\/produto\/organizador-multiuso-maxcril\/#primaryimage","url":"https:\/\/mettapapelaria.com.br\/catalogo\/wp-content\/uploads\/2024\/11\/ORGANIZADOR-MULTIUSO-MAXCRIL-1.jpg","contentUrl":"https:\/\/mettapapelaria.com.br\/catalogo\/wp-content\/uploads\/2024\/11\/ORGANIZADOR-MULTIUSO-MAXCRIL-1.jpg","width":500,"height":500},{"@type":"BreadcrumbList","@id":"https:\/\/mettapapelaria.com.br\/catalogo\/produto\/organizador-multiuso-maxcril\/#breadcrumb","itemListElement":[{"@type":"ListItem","position":1,"name":"In\u00edcio","item":"https:\/\/mettapapelaria.com.br\/catalogo\/"},{"@type":"ListItem","position":2,"name":"Shop","item":"https:\/\/mettapapelaria.com.br\/catalogo\/shop\/"},{"@type":"ListItem","position":3,"name":"ORGANIZADOR MULTIUSO MAXCRIL"}]},{"@type":"WebSite","@id":"https:\/\/mettapapelaria.com.br\/catalogo\/#website","url":"https:\/\/mettapapelaria.com.br\/catalogo\/","name":"Metta Papelaria","description":"Materiais e equipamentos de escrit\u00f3rio, suprimentos para inform\u00e1tica, e uma diversificada linha de material escolar","publisher":{"@id":"https:\/\/mettapapelaria.com.br\/catalogo\/#organization"},"potentialAction":[{"@type":"SearchAction","target":{"@type":"EntryPoint","urlTemplate":"https:\/\/mettapapelaria.com.br\/catalogo\/?s={search_term_string}"},"query-input":{"@type":"PropertyValueSpecification","valueRequired":true,"valueName":"search_term_string"}}],"inLanguage":"pt-BR"},{"@type":"Organization","@id":"https:\/\/mettapapelaria.com.br\/catalogo\/#organization","name":"Metta Papelaria","url":"https:\/\/mettapapelaria.com.br\/catalogo\/","logo":{"@type":"ImageObject","inLanguage":"pt-BR","@id":"https:\/\/mettapapelaria.com.br\/catalogo\/#\/schema\/logo\/image\/","url":"https:\/\/mettapapelaria.com.br\/catalogo\/wp-content\/uploads\/2023\/12\/cropped-favicon-Metta_512-1.png","contentUrl":"https:\/\/mettapapelaria.com.br\/catalogo\/wp-content\/uploads\/2023\/12\/cropped-favicon-Metta_512-1.png","width":512,"height":512,"caption":"Metta Papelaria"},"image":{"@id":"https:\/\/mettapapelaria.com.br\/catalogo\/#\/schema\/logo\/image\/"},"sameAs":["https:\/\/www.facebook.com\/mettapapelaria\/","https:\/\/www.instagram.com\/papelariametta\/"]}]}},"_links":{"self":[{"href":"https:\/\/mettapapelaria.com.br\/catalogo\/wp-json\/wp\/v2\/product\/8581","targetHints":{"allow":["GET"]}}],"collection":[{"href":"https:\/\/mettapapelaria.com.br\/catalogo\/wp-json\/wp\/v2\/product"}],"about":[{"href":"https:\/\/mettapapelaria.com.br\/catalogo\/wp-json\/wp\/v2\/types\/product"}],"replies":[{"embeddable":true,"href":"https:\/\/mettapapelaria.com.br\/catalogo\/wp-json\/wp\/v2\/comments?post=8581"}],"version-history":[{"count":1,"href":"https:\/\/mettapapelaria.com.br\/catalogo\/wp-json\/wp\/v2\/product\/8581\/revisions"}],"predecessor-version":[{"id":8585,"href":"https:\/\/mettapapelaria.com.br\/catalogo\/wp-json\/wp\/v2\/product\/8581\/revisions\/8585"}],"wp:featuredmedia":[{"embeddable":true,"href":"https:\/\/mettapapelaria.com.br\/catalogo\/wp-json\/wp\/v2\/media\/8582"}],"wp:attachment":[{"href":"https:\/\/mettapapelaria.com.br\/catalogo\/wp-json\/wp\/v2\/media?parent=8581"}],"wp:term":[{"taxonomy":"brand","embeddable":true,"href":"https:\/\/mettapapelaria.com.br\/catalogo\/wp-json\/wp\/v2\/etheme_brands?post=8581"},{"taxonomy":"product_brand","embeddable":true,"href":"https:\/\/mettapapelaria.com.br\/catalogo\/wp-json\/wp\/v2\/product_brand?post=8581"},{"taxonomy":"product_cat","embeddable":true,"href":"https:\/\/mettapapelaria.com.br\/catalogo\/wp-json\/wp\/v2\/product_cat?post=8581"},{"taxonomy":"product_tag","embeddable":true,"href":"https:\/\/mettapapelaria.com.br\/catalogo\/wp-json\/wp\/v2\/product_tag?post=8581"}],"curies":[{"name":"wp","href":"https:\/\/api.w.org\/{rel}","templated":true}]}}