{"id":8552,"date":"2024-11-11T14:32:34","date_gmt":"2024-11-11T17:32:34","guid":{"rendered":"https:\/\/mettapapelaria.com.br\/catalogo\/?post_type=product&#038;p=8552"},"modified":"2024-11-11T14:32:35","modified_gmt":"2024-11-11T17:32:35","slug":"caderno-espiral-200fls-teen-away-jandaia","status":"publish","type":"product","link":"https:\/\/mettapapelaria.com.br\/catalogo\/produto\/caderno-espiral-200fls-teen-away-jandaia\/","title":{"rendered":"CADERNO ESPIRAL 200FLS TEEN AWAY JANDAIA"},"content":{"rendered":"<p>Caderno Universit\u00e1rio 10 Mat\u00e9rias Capa Dura 200 Folhas, Teen Way. Apresentamos o Caderno Universit\u00e1rio 10 Mat\u00e9rias de capa dura da cole\u00e7\u00e3o &#8220;Teen Way&#8221;, com 200 folhas. Este caderno \u00e9 uma escolha vers\u00e1til e estilosa para estudantes que precisam de espa\u00e7o para anotar m\u00faltiplas mat\u00e9rias em um \u00fanico lugar. Com sua capa dura, ele oferece prote\u00e7\u00e3o adicional \u00e0s p\u00e1ginas, garantindo maior durabilidade ao longo do tempo. Com 200 folhas, voc\u00ea ter\u00e1 espa\u00e7o suficiente para registrar suas anota\u00e7\u00f5es, resumos e insights importantes para diversas mat\u00e9rias. O design da cole\u00e7\u00e3o &#8220;Teen Way&#8221; adiciona um toque moderno e descontra\u00eddo ao seu caderno. Seja para a escola, estudos ou projetos pessoais, o Caderno Universit\u00e1rio 10 Mat\u00e9rias Capa Dura da cole\u00e7\u00e3o &#8220;Teen Way&#8221; \u00e9 uma escolha pr\u00e1tica e cheia de personalidade.<\/p>\n","protected":false},"excerpt":{"rendered":"<p>Caderno Universit\u00e1rio 10 Mat\u00e9rias Capa Dura 200 Folhas, Teen Way. Apresentamos o Caderno Universit\u00e1rio 10 Mat\u00e9rias de capa dura da cole\u00e7\u00e3o &#8220;Teen Way&#8221;, com 200&#8230;<\/p>\n","protected":false},"featured_media":8553,"comment_status":"open","ping_status":"closed","template":"","meta":[],"etheme_brands":[{"term_id":319,"name":"Jandaia","slug":"jandaia","term_group":0,"term_taxonomy_id":319,"taxonomy":"brand","description":"","parent":0,"count":24,"filter":"raw"}],"product_brand":[],"product_cat":[20,16],"product_tag":[270,277,501,271,278,273,276,316,275,227,225,317,274,318],"class_list":{"0":"post-8552","1":"product","2":"type-product","3":"status-publish","4":"has-post-thumbnail","6":"brand-jandaia","7":"product_cat-cadernos","8":"product_cat-material-escolar","9":"product_tag-caderno","10":"product_tag-caderno-10-materias","11":"product_tag-caderno-argolado","12":"product_tag-caderno-com-espiral","13":"product_tag-caderno-grande","14":"product_tag-caderno-universitario","15":"product_tag-escola","16":"product_tag-estudante","17":"product_tag-faculdade","18":"product_tag-material-escolar","19":"product_tag-metta-papelaria","20":"product_tag-study","21":"product_tag-universidade","22":"product_tag-volta-as-aulas","24":"first","25":"instock","26":"sold-individually","27":"shipping-taxable","28":"purchasable","29":"product-type-simple"},"yoast_head":"<!-- This site is optimized with the Yoast SEO plugin v26.9 - https:\/\/yoast.com\/product\/yoast-seo-wordpress\/ -->\n<title>CADERNO ESPIRAL 200FLS TEEN AWAY JANDAIA - Metta Papelaria<\/title>\n<meta name=\"description\" content=\"Seja para a escola, estudos ou projetos pessoais, o Caderno Universit\u00e1rio 10 Mat\u00e9rias Capa Dura da cole\u00e7\u00e3o &quot;Teen Way&quot; \u00e9 uma escolha pr\u00e1tica e cheia de personalidade.\" \/>\n<meta name=\"robots\" content=\"index, follow, max-snippet:-1, max-image-preview:large, max-video-preview:-1\" \/>\n<link rel=\"canonical\" href=\"https:\/\/mettapapelaria.com.br\/catalogo\/produto\/caderno-espiral-200fls-teen-away-jandaia\/\" \/>\n<meta property=\"og:locale\" content=\"pt_BR\" \/>\n<meta property=\"og:type\" content=\"article\" \/>\n<meta property=\"og:title\" content=\"CADERNO ESPIRAL 200FLS TEEN AWAY JANDAIA - Metta Papelaria\" \/>\n<meta property=\"og:description\" content=\"Seja para a escola, estudos ou projetos pessoais, o Caderno Universit\u00e1rio 10 Mat\u00e9rias Capa Dura da cole\u00e7\u00e3o &quot;Teen Way&quot; \u00e9 uma escolha pr\u00e1tica e cheia de personalidade.\" \/>\n<meta property=\"og:url\" content=\"https:\/\/mettapapelaria.com.br\/catalogo\/produto\/caderno-espiral-200fls-teen-away-jandaia\/\" \/>\n<meta property=\"og:site_name\" content=\"Metta Papelaria\" \/>\n<meta property=\"article:publisher\" content=\"https:\/\/www.facebook.com\/mettapapelaria\/\" \/>\n<meta property=\"article:modified_time\" content=\"2024-11-11T17:32:35+00:00\" \/>\n<meta property=\"og:image\" content=\"https:\/\/mettapapelaria.com.br\/catalogo\/wp-content\/uploads\/2024\/11\/Copy-of-Copy-of-BORRACHA-BOO-BRILHA-NO-ESCURO-TRIS-46.png\" \/>\n\t<meta property=\"og:image:width\" content=\"500\" \/>\n\t<meta property=\"og:image:height\" content=\"500\" \/>\n\t<meta property=\"og:image:type\" content=\"image\/png\" \/>\n<meta name=\"twitter:card\" content=\"summary_large_image\" \/>\n<meta name=\"twitter:label1\" content=\"Est. tempo de leitura\" \/>\n\t<meta name=\"twitter:data1\" content=\"1 minuto\" \/>\n<script type=\"application\/ld+json\" class=\"yoast-schema-graph\">{\"@context\":\"https:\/\/schema.org\",\"@graph\":[{\"@type\":\"WebPage\",\"@id\":\"https:\/\/mettapapelaria.com.br\/catalogo\/produto\/caderno-espiral-200fls-teen-away-jandaia\/\",\"url\":\"https:\/\/mettapapelaria.com.br\/catalogo\/produto\/caderno-espiral-200fls-teen-away-jandaia\/\",\"name\":\"CADERNO ESPIRAL 200FLS TEEN AWAY JANDAIA - Metta Papelaria\",\"isPartOf\":{\"@id\":\"https:\/\/mettapapelaria.com.br\/catalogo\/#website\"},\"primaryImageOfPage\":{\"@id\":\"https:\/\/mettapapelaria.com.br\/catalogo\/produto\/caderno-espiral-200fls-teen-away-jandaia\/#primaryimage\"},\"image\":{\"@id\":\"https:\/\/mettapapelaria.com.br\/catalogo\/produto\/caderno-espiral-200fls-teen-away-jandaia\/#primaryimage\"},\"thumbnailUrl\":\"https:\/\/mettapapelaria.com.br\/catalogo\/wp-content\/uploads\/2024\/11\/Copy-of-Copy-of-BORRACHA-BOO-BRILHA-NO-ESCURO-TRIS-46.png\",\"datePublished\":\"2024-11-11T17:32:34+00:00\",\"dateModified\":\"2024-11-11T17:32:35+00:00\",\"description\":\"Seja para a escola, estudos ou projetos pessoais, o Caderno Universit\u00e1rio 10 Mat\u00e9rias Capa Dura da cole\u00e7\u00e3o \\\"Teen Way\\\" \u00e9 uma escolha pr\u00e1tica e cheia de personalidade.\",\"breadcrumb\":{\"@id\":\"https:\/\/mettapapelaria.com.br\/catalogo\/produto\/caderno-espiral-200fls-teen-away-jandaia\/#breadcrumb\"},\"inLanguage\":\"pt-BR\",\"potentialAction\":[{\"@type\":\"ReadAction\",\"target\":[\"https:\/\/mettapapelaria.com.br\/catalogo\/produto\/caderno-espiral-200fls-teen-away-jandaia\/\"]}]},{\"@type\":\"ImageObject\",\"inLanguage\":\"pt-BR\",\"@id\":\"https:\/\/mettapapelaria.com.br\/catalogo\/produto\/caderno-espiral-200fls-teen-away-jandaia\/#primaryimage\",\"url\":\"https:\/\/mettapapelaria.com.br\/catalogo\/wp-content\/uploads\/2024\/11\/Copy-of-Copy-of-BORRACHA-BOO-BRILHA-NO-ESCURO-TRIS-46.png\",\"contentUrl\":\"https:\/\/mettapapelaria.com.br\/catalogo\/wp-content\/uploads\/2024\/11\/Copy-of-Copy-of-BORRACHA-BOO-BRILHA-NO-ESCURO-TRIS-46.png\",\"width\":500,\"height\":500},{\"@type\":\"BreadcrumbList\",\"@id\":\"https:\/\/mettapapelaria.com.br\/catalogo\/produto\/caderno-espiral-200fls-teen-away-jandaia\/#breadcrumb\",\"itemListElement\":[{\"@type\":\"ListItem\",\"position\":1,\"name\":\"In\u00edcio\",\"item\":\"https:\/\/mettapapelaria.com.br\/catalogo\/\"},{\"@type\":\"ListItem\",\"position\":2,\"name\":\"Shop\",\"item\":\"https:\/\/mettapapelaria.com.br\/catalogo\/shop\/\"},{\"@type\":\"ListItem\",\"position\":3,\"name\":\"CADERNO ESPIRAL 200FLS TEEN AWAY JANDAIA\"}]},{\"@type\":\"WebSite\",\"@id\":\"https:\/\/mettapapelaria.com.br\/catalogo\/#website\",\"url\":\"https:\/\/mettapapelaria.com.br\/catalogo\/\",\"name\":\"Metta Papelaria\",\"description\":\"Materiais e equipamentos de escrit\u00f3rio, suprimentos para inform\u00e1tica, e uma diversificada linha de material escolar\",\"publisher\":{\"@id\":\"https:\/\/mettapapelaria.com.br\/catalogo\/#organization\"},\"potentialAction\":[{\"@type\":\"SearchAction\",\"target\":{\"@type\":\"EntryPoint\",\"urlTemplate\":\"https:\/\/mettapapelaria.com.br\/catalogo\/?s={search_term_string}\"},\"query-input\":{\"@type\":\"PropertyValueSpecification\",\"valueRequired\":true,\"valueName\":\"search_term_string\"}}],\"inLanguage\":\"pt-BR\"},{\"@type\":\"Organization\",\"@id\":\"https:\/\/mettapapelaria.com.br\/catalogo\/#organization\",\"name\":\"Metta Papelaria\",\"url\":\"https:\/\/mettapapelaria.com.br\/catalogo\/\",\"logo\":{\"@type\":\"ImageObject\",\"inLanguage\":\"pt-BR\",\"@id\":\"https:\/\/mettapapelaria.com.br\/catalogo\/#\/schema\/logo\/image\/\",\"url\":\"https:\/\/mettapapelaria.com.br\/catalogo\/wp-content\/uploads\/2023\/12\/cropped-favicon-Metta_512-1.png\",\"contentUrl\":\"https:\/\/mettapapelaria.com.br\/catalogo\/wp-content\/uploads\/2023\/12\/cropped-favicon-Metta_512-1.png\",\"width\":512,\"height\":512,\"caption\":\"Metta Papelaria\"},\"image\":{\"@id\":\"https:\/\/mettapapelaria.com.br\/catalogo\/#\/schema\/logo\/image\/\"},\"sameAs\":[\"https:\/\/www.facebook.com\/mettapapelaria\/\",\"https:\/\/www.instagram.com\/papelariametta\/\"]}]}<\/script>\n<!-- \/ Yoast SEO plugin. -->","yoast_head_json":{"title":"CADERNO ESPIRAL 200FLS TEEN AWAY JANDAIA - Metta Papelaria","description":"Seja para a escola, estudos ou projetos pessoais, o Caderno Universit\u00e1rio 10 Mat\u00e9rias Capa Dura da cole\u00e7\u00e3o \"Teen Way\" \u00e9 uma escolha pr\u00e1tica e cheia de personalidade.","robots":{"index":"index","follow":"follow","max-snippet":"max-snippet:-1","max-image-preview":"max-image-preview:large","max-video-preview":"max-video-preview:-1"},"canonical":"https:\/\/mettapapelaria.com.br\/catalogo\/produto\/caderno-espiral-200fls-teen-away-jandaia\/","og_locale":"pt_BR","og_type":"article","og_title":"CADERNO ESPIRAL 200FLS TEEN AWAY JANDAIA - Metta Papelaria","og_description":"Seja para a escola, estudos ou projetos pessoais, o Caderno Universit\u00e1rio 10 Mat\u00e9rias Capa Dura da cole\u00e7\u00e3o \"Teen Way\" \u00e9 uma escolha pr\u00e1tica e cheia de personalidade.","og_url":"https:\/\/mettapapelaria.com.br\/catalogo\/produto\/caderno-espiral-200fls-teen-away-jandaia\/","og_site_name":"Metta Papelaria","article_publisher":"https:\/\/www.facebook.com\/mettapapelaria\/","article_modified_time":"2024-11-11T17:32:35+00:00","og_image":[{"width":500,"height":500,"url":"https:\/\/mettapapelaria.com.br\/catalogo\/wp-content\/uploads\/2024\/11\/Copy-of-Copy-of-BORRACHA-BOO-BRILHA-NO-ESCURO-TRIS-46.png","type":"image\/png"}],"twitter_card":"summary_large_image","twitter_misc":{"Est. tempo de leitura":"1 minuto"},"schema":{"@context":"https:\/\/schema.org","@graph":[{"@type":"WebPage","@id":"https:\/\/mettapapelaria.com.br\/catalogo\/produto\/caderno-espiral-200fls-teen-away-jandaia\/","url":"https:\/\/mettapapelaria.com.br\/catalogo\/produto\/caderno-espiral-200fls-teen-away-jandaia\/","name":"CADERNO ESPIRAL 200FLS TEEN AWAY JANDAIA - Metta Papelaria","isPartOf":{"@id":"https:\/\/mettapapelaria.com.br\/catalogo\/#website"},"primaryImageOfPage":{"@id":"https:\/\/mettapapelaria.com.br\/catalogo\/produto\/caderno-espiral-200fls-teen-away-jandaia\/#primaryimage"},"image":{"@id":"https:\/\/mettapapelaria.com.br\/catalogo\/produto\/caderno-espiral-200fls-teen-away-jandaia\/#primaryimage"},"thumbnailUrl":"https:\/\/mettapapelaria.com.br\/catalogo\/wp-content\/uploads\/2024\/11\/Copy-of-Copy-of-BORRACHA-BOO-BRILHA-NO-ESCURO-TRIS-46.png","datePublished":"2024-11-11T17:32:34+00:00","dateModified":"2024-11-11T17:32:35+00:00","description":"Seja para a escola, estudos ou projetos pessoais, o Caderno Universit\u00e1rio 10 Mat\u00e9rias Capa Dura da cole\u00e7\u00e3o \"Teen Way\" \u00e9 uma escolha pr\u00e1tica e cheia de personalidade.","breadcrumb":{"@id":"https:\/\/mettapapelaria.com.br\/catalogo\/produto\/caderno-espiral-200fls-teen-away-jandaia\/#breadcrumb"},"inLanguage":"pt-BR","potentialAction":[{"@type":"ReadAction","target":["https:\/\/mettapapelaria.com.br\/catalogo\/produto\/caderno-espiral-200fls-teen-away-jandaia\/"]}]},{"@type":"ImageObject","inLanguage":"pt-BR","@id":"https:\/\/mettapapelaria.com.br\/catalogo\/produto\/caderno-espiral-200fls-teen-away-jandaia\/#primaryimage","url":"https:\/\/mettapapelaria.com.br\/catalogo\/wp-content\/uploads\/2024\/11\/Copy-of-Copy-of-BORRACHA-BOO-BRILHA-NO-ESCURO-TRIS-46.png","contentUrl":"https:\/\/mettapapelaria.com.br\/catalogo\/wp-content\/uploads\/2024\/11\/Copy-of-Copy-of-BORRACHA-BOO-BRILHA-NO-ESCURO-TRIS-46.png","width":500,"height":500},{"@type":"BreadcrumbList","@id":"https:\/\/mettapapelaria.com.br\/catalogo\/produto\/caderno-espiral-200fls-teen-away-jandaia\/#breadcrumb","itemListElement":[{"@type":"ListItem","position":1,"name":"In\u00edcio","item":"https:\/\/mettapapelaria.com.br\/catalogo\/"},{"@type":"ListItem","position":2,"name":"Shop","item":"https:\/\/mettapapelaria.com.br\/catalogo\/shop\/"},{"@type":"ListItem","position":3,"name":"CADERNO ESPIRAL 200FLS TEEN AWAY JANDAIA"}]},{"@type":"WebSite","@id":"https:\/\/mettapapelaria.com.br\/catalogo\/#website","url":"https:\/\/mettapapelaria.com.br\/catalogo\/","name":"Metta Papelaria","description":"Materiais e equipamentos de escrit\u00f3rio, suprimentos para inform\u00e1tica, e uma diversificada linha de material escolar","publisher":{"@id":"https:\/\/mettapapelaria.com.br\/catalogo\/#organization"},"potentialAction":[{"@type":"SearchAction","target":{"@type":"EntryPoint","urlTemplate":"https:\/\/mettapapelaria.com.br\/catalogo\/?s={search_term_string}"},"query-input":{"@type":"PropertyValueSpecification","valueRequired":true,"valueName":"search_term_string"}}],"inLanguage":"pt-BR"},{"@type":"Organization","@id":"https:\/\/mettapapelaria.com.br\/catalogo\/#organization","name":"Metta Papelaria","url":"https:\/\/mettapapelaria.com.br\/catalogo\/","logo":{"@type":"ImageObject","inLanguage":"pt-BR","@id":"https:\/\/mettapapelaria.com.br\/catalogo\/#\/schema\/logo\/image\/","url":"https:\/\/mettapapelaria.com.br\/catalogo\/wp-content\/uploads\/2023\/12\/cropped-favicon-Metta_512-1.png","contentUrl":"https:\/\/mettapapelaria.com.br\/catalogo\/wp-content\/uploads\/2023\/12\/cropped-favicon-Metta_512-1.png","width":512,"height":512,"caption":"Metta Papelaria"},"image":{"@id":"https:\/\/mettapapelaria.com.br\/catalogo\/#\/schema\/logo\/image\/"},"sameAs":["https:\/\/www.facebook.com\/mettapapelaria\/","https:\/\/www.instagram.com\/papelariametta\/"]}]}},"_links":{"self":[{"href":"https:\/\/mettapapelaria.com.br\/catalogo\/wp-json\/wp\/v2\/product\/8552","targetHints":{"allow":["GET"]}}],"collection":[{"href":"https:\/\/mettapapelaria.com.br\/catalogo\/wp-json\/wp\/v2\/product"}],"about":[{"href":"https:\/\/mettapapelaria.com.br\/catalogo\/wp-json\/wp\/v2\/types\/product"}],"replies":[{"embeddable":true,"href":"https:\/\/mettapapelaria.com.br\/catalogo\/wp-json\/wp\/v2\/comments?post=8552"}],"version-history":[{"count":1,"href":"https:\/\/mettapapelaria.com.br\/catalogo\/wp-json\/wp\/v2\/product\/8552\/revisions"}],"predecessor-version":[{"id":8554,"href":"https:\/\/mettapapelaria.com.br\/catalogo\/wp-json\/wp\/v2\/product\/8552\/revisions\/8554"}],"wp:featuredmedia":[{"embeddable":true,"href":"https:\/\/mettapapelaria.com.br\/catalogo\/wp-json\/wp\/v2\/media\/8553"}],"wp:attachment":[{"href":"https:\/\/mettapapelaria.com.br\/catalogo\/wp-json\/wp\/v2\/media?parent=8552"}],"wp:term":[{"taxonomy":"brand","embeddable":true,"href":"https:\/\/mettapapelaria.com.br\/catalogo\/wp-json\/wp\/v2\/etheme_brands?post=8552"},{"taxonomy":"product_brand","embeddable":true,"href":"https:\/\/mettapapelaria.com.br\/catalogo\/wp-json\/wp\/v2\/product_brand?post=8552"},{"taxonomy":"product_cat","embeddable":true,"href":"https:\/\/mettapapelaria.com.br\/catalogo\/wp-json\/wp\/v2\/product_cat?post=8552"},{"taxonomy":"product_tag","embeddable":true,"href":"https:\/\/mettapapelaria.com.br\/catalogo\/wp-json\/wp\/v2\/product_tag?post=8552"}],"curies":[{"name":"wp","href":"https:\/\/api.w.org\/{rel}","templated":true}]}}