{"id":8524,"date":"2024-11-06T15:39:16","date_gmt":"2024-11-06T18:39:16","guid":{"rendered":"https:\/\/mettapapelaria.com.br\/catalogo\/?post_type=product&#038;p=8524"},"modified":"2024-11-06T15:39:17","modified_gmt":"2024-11-06T18:39:17","slug":"post-it-decor-402-maxprint","status":"publish","type":"product","link":"https:\/\/mettapapelaria.com.br\/catalogo\/produto\/post-it-decor-402-maxprint\/","title":{"rendered":"POST-IT D\u00c9COR 402 MAXPRINT"},"content":{"rendered":"<div class=\"card\">\n<div id=\"tab-descricao1-collapse\" class=\"collapse show\" aria-labelledby=\"tab-descricao1\" data-parent=\"#accordion\">\n<div class=\"card-body\">\n<div class=\"typography\">O Bloco Adesivo da Maxprint \u00e9 a ferramenta perfeita para organizar suas tarefas di\u00e1rias, anotar lembretes importantes e destacar informa\u00e7\u00f5es cruciais. Produzido com papel de alta qualidade, este bloco adesivo oferece uma escrita suave e sem manchas, garantindo que suas anota\u00e7\u00f5es sejam sempre claras e leg\u00edveis.Com cores vibrantes e design compacto, este bloco adesivo n\u00e3o s\u00f3 adiciona um toque de cor ao seu espa\u00e7o de trabalho, mas tamb\u00e9m \u00e9 extremamente port\u00e1til. Voc\u00ea pode facilmente carreg\u00e1-lo em sua bolsa ou mochila, tornando-o perfeito para uso em casa, na escola ou no escrit\u00f3rio.O adesivo de qualidade superior garante que suas notas permane\u00e7am no lugar, mas tamb\u00e9m permite que sejam removidas e reposicionadas sem deixar res\u00edduos. Isso significa que voc\u00ea pode mov\u00ea-las de um lugar para outro sem danificar seus livros, documentos ou a superf\u00edcie onde est\u00e3o coladas.Com o Bloco Adesivo da Maxprint, voc\u00ea n\u00e3o apenas mant\u00e9m suas tarefas organizadas, mas tamb\u00e9m melhora sua efici\u00eancia e produtividade. Seja para anotar uma ideia r\u00e1pida, destacar um ponto importante em um documento ou manter uma lista de tarefas, este bloco adesivo \u00e9 a escolha perfeita.Em resumo, o Bloco Adesivo da Maxprint \u00e9 uma combina\u00e7\u00e3o perfeita de funcionalidade, qualidade e estilo. \u00c9 a escolha ideal para qualquer pessoa que valorize a organiza\u00e7\u00e3o e a efici\u00eancia em suas atividades di\u00e1rias.<\/div>\n<\/div>\n<\/div>\n<\/div>\n<div class=\"card\">\n<div id=\"tab-descricao2\" class=\"card-header\"><\/div>\n<\/div>\n","protected":false},"excerpt":{"rendered":"<p>O Bloco Adesivo da Maxprint \u00e9 a ferramenta perfeita para organizar suas tarefas di\u00e1rias, anotar lembretes importantes e destacar informa\u00e7\u00f5es cruciais. Produzido com papel de&#8230;<\/p>\n","protected":false},"featured_media":8525,"comment_status":"open","ping_status":"closed","template":"","meta":[],"etheme_brands":[{"term_id":386,"name":"MaxPrint","slug":"maxprint","term_group":0,"term_taxonomy_id":386,"taxonomy":"brand","description":"","parent":0,"count":26,"filter":"raw"}],"product_brand":[],"product_cat":[16,23],"product_tag":[338,293,276,316,294,292,227,225,232,317,318],"class_list":{"0":"post-8524","1":"product","2":"type-product","3":"status-publish","4":"has-post-thumbnail","6":"brand-maxprint","7":"product_cat-material-escolar","8":"product_cat-post-it-blocos-adesivos-blocos-de-rascunho","9":"product_tag-colorido","10":"product_tag-crianca","11":"product_tag-escola","12":"product_tag-estudante","13":"product_tag-infantil","14":"product_tag-kids","15":"product_tag-material-escolar","16":"product_tag-metta-papelaria","17":"product_tag-post-it","18":"product_tag-study","19":"product_tag-volta-as-aulas","21":"first","22":"instock","23":"sold-individually","24":"shipping-taxable","25":"purchasable","26":"product-type-simple"},"yoast_head":"<!-- This site is optimized with the Yoast SEO plugin v26.9 - https:\/\/yoast.com\/product\/yoast-seo-wordpress\/ -->\n<title>POST-IT D\u00c9COR 402 MAXPRINT - Metta Papelaria<\/title>\n<meta name=\"description\" content=\"O Bloco Adesivo da Maxprint \u00e9 a ferramenta perfeita para organizar suas tarefas di\u00e1rias, anotar lembretes importantes e destacar informa\u00e7\u00f5es cruciais.\" \/>\n<meta name=\"robots\" content=\"index, follow, max-snippet:-1, max-image-preview:large, max-video-preview:-1\" \/>\n<link rel=\"canonical\" href=\"https:\/\/mettapapelaria.com.br\/catalogo\/produto\/post-it-decor-402-maxprint\/\" \/>\n<meta property=\"og:locale\" content=\"pt_BR\" \/>\n<meta property=\"og:type\" content=\"article\" \/>\n<meta property=\"og:title\" content=\"POST-IT D\u00c9COR 402 MAXPRINT - Metta Papelaria\" \/>\n<meta property=\"og:description\" content=\"O Bloco Adesivo da Maxprint \u00e9 a ferramenta perfeita para organizar suas tarefas di\u00e1rias, anotar lembretes importantes e destacar informa\u00e7\u00f5es cruciais.\" \/>\n<meta property=\"og:url\" content=\"https:\/\/mettapapelaria.com.br\/catalogo\/produto\/post-it-decor-402-maxprint\/\" \/>\n<meta property=\"og:site_name\" content=\"Metta Papelaria\" \/>\n<meta property=\"article:publisher\" content=\"https:\/\/www.facebook.com\/mettapapelaria\/\" \/>\n<meta property=\"article:modified_time\" content=\"2024-11-06T18:39:17+00:00\" \/>\n<meta property=\"og:image\" content=\"https:\/\/mettapapelaria.com.br\/catalogo\/wp-content\/uploads\/2024\/11\/Copy-of-Copy-of-BORRACHA-BOO-BRILHA-NO-ESCURO-TRIS-14.png\" \/>\n\t<meta property=\"og:image:width\" content=\"500\" \/>\n\t<meta property=\"og:image:height\" content=\"500\" \/>\n\t<meta property=\"og:image:type\" content=\"image\/png\" \/>\n<meta name=\"twitter:card\" content=\"summary_large_image\" \/>\n<meta name=\"twitter:label1\" content=\"Est. tempo de leitura\" \/>\n\t<meta name=\"twitter:data1\" content=\"2 minutos\" \/>\n<script type=\"application\/ld+json\" class=\"yoast-schema-graph\">{\"@context\":\"https:\/\/schema.org\",\"@graph\":[{\"@type\":\"WebPage\",\"@id\":\"https:\/\/mettapapelaria.com.br\/catalogo\/produto\/post-it-decor-402-maxprint\/\",\"url\":\"https:\/\/mettapapelaria.com.br\/catalogo\/produto\/post-it-decor-402-maxprint\/\",\"name\":\"POST-IT D\u00c9COR 402 MAXPRINT - Metta Papelaria\",\"isPartOf\":{\"@id\":\"https:\/\/mettapapelaria.com.br\/catalogo\/#website\"},\"primaryImageOfPage\":{\"@id\":\"https:\/\/mettapapelaria.com.br\/catalogo\/produto\/post-it-decor-402-maxprint\/#primaryimage\"},\"image\":{\"@id\":\"https:\/\/mettapapelaria.com.br\/catalogo\/produto\/post-it-decor-402-maxprint\/#primaryimage\"},\"thumbnailUrl\":\"https:\/\/mettapapelaria.com.br\/catalogo\/wp-content\/uploads\/2024\/11\/Copy-of-Copy-of-BORRACHA-BOO-BRILHA-NO-ESCURO-TRIS-14.png\",\"datePublished\":\"2024-11-06T18:39:16+00:00\",\"dateModified\":\"2024-11-06T18:39:17+00:00\",\"description\":\"O Bloco Adesivo da Maxprint \u00e9 a ferramenta perfeita para organizar suas tarefas di\u00e1rias, anotar lembretes importantes e destacar informa\u00e7\u00f5es cruciais.\",\"breadcrumb\":{\"@id\":\"https:\/\/mettapapelaria.com.br\/catalogo\/produto\/post-it-decor-402-maxprint\/#breadcrumb\"},\"inLanguage\":\"pt-BR\",\"potentialAction\":[{\"@type\":\"ReadAction\",\"target\":[\"https:\/\/mettapapelaria.com.br\/catalogo\/produto\/post-it-decor-402-maxprint\/\"]}]},{\"@type\":\"ImageObject\",\"inLanguage\":\"pt-BR\",\"@id\":\"https:\/\/mettapapelaria.com.br\/catalogo\/produto\/post-it-decor-402-maxprint\/#primaryimage\",\"url\":\"https:\/\/mettapapelaria.com.br\/catalogo\/wp-content\/uploads\/2024\/11\/Copy-of-Copy-of-BORRACHA-BOO-BRILHA-NO-ESCURO-TRIS-14.png\",\"contentUrl\":\"https:\/\/mettapapelaria.com.br\/catalogo\/wp-content\/uploads\/2024\/11\/Copy-of-Copy-of-BORRACHA-BOO-BRILHA-NO-ESCURO-TRIS-14.png\",\"width\":500,\"height\":500},{\"@type\":\"BreadcrumbList\",\"@id\":\"https:\/\/mettapapelaria.com.br\/catalogo\/produto\/post-it-decor-402-maxprint\/#breadcrumb\",\"itemListElement\":[{\"@type\":\"ListItem\",\"position\":1,\"name\":\"In\u00edcio\",\"item\":\"https:\/\/mettapapelaria.com.br\/catalogo\/\"},{\"@type\":\"ListItem\",\"position\":2,\"name\":\"Shop\",\"item\":\"https:\/\/mettapapelaria.com.br\/catalogo\/shop\/\"},{\"@type\":\"ListItem\",\"position\":3,\"name\":\"POST-IT D\u00c9COR 402 MAXPRINT\"}]},{\"@type\":\"WebSite\",\"@id\":\"https:\/\/mettapapelaria.com.br\/catalogo\/#website\",\"url\":\"https:\/\/mettapapelaria.com.br\/catalogo\/\",\"name\":\"Metta Papelaria\",\"description\":\"Materiais e equipamentos de escrit\u00f3rio, suprimentos para inform\u00e1tica, e uma diversificada linha de material escolar\",\"publisher\":{\"@id\":\"https:\/\/mettapapelaria.com.br\/catalogo\/#organization\"},\"potentialAction\":[{\"@type\":\"SearchAction\",\"target\":{\"@type\":\"EntryPoint\",\"urlTemplate\":\"https:\/\/mettapapelaria.com.br\/catalogo\/?s={search_term_string}\"},\"query-input\":{\"@type\":\"PropertyValueSpecification\",\"valueRequired\":true,\"valueName\":\"search_term_string\"}}],\"inLanguage\":\"pt-BR\"},{\"@type\":\"Organization\",\"@id\":\"https:\/\/mettapapelaria.com.br\/catalogo\/#organization\",\"name\":\"Metta Papelaria\",\"url\":\"https:\/\/mettapapelaria.com.br\/catalogo\/\",\"logo\":{\"@type\":\"ImageObject\",\"inLanguage\":\"pt-BR\",\"@id\":\"https:\/\/mettapapelaria.com.br\/catalogo\/#\/schema\/logo\/image\/\",\"url\":\"https:\/\/mettapapelaria.com.br\/catalogo\/wp-content\/uploads\/2023\/12\/cropped-favicon-Metta_512-1.png\",\"contentUrl\":\"https:\/\/mettapapelaria.com.br\/catalogo\/wp-content\/uploads\/2023\/12\/cropped-favicon-Metta_512-1.png\",\"width\":512,\"height\":512,\"caption\":\"Metta Papelaria\"},\"image\":{\"@id\":\"https:\/\/mettapapelaria.com.br\/catalogo\/#\/schema\/logo\/image\/\"},\"sameAs\":[\"https:\/\/www.facebook.com\/mettapapelaria\/\",\"https:\/\/www.instagram.com\/papelariametta\/\"]}]}<\/script>\n<!-- \/ Yoast SEO plugin. -->","yoast_head_json":{"title":"POST-IT D\u00c9COR 402 MAXPRINT - Metta Papelaria","description":"O Bloco Adesivo da Maxprint \u00e9 a ferramenta perfeita para organizar suas tarefas di\u00e1rias, anotar lembretes importantes e destacar informa\u00e7\u00f5es cruciais.","robots":{"index":"index","follow":"follow","max-snippet":"max-snippet:-1","max-image-preview":"max-image-preview:large","max-video-preview":"max-video-preview:-1"},"canonical":"https:\/\/mettapapelaria.com.br\/catalogo\/produto\/post-it-decor-402-maxprint\/","og_locale":"pt_BR","og_type":"article","og_title":"POST-IT D\u00c9COR 402 MAXPRINT - Metta Papelaria","og_description":"O Bloco Adesivo da Maxprint \u00e9 a ferramenta perfeita para organizar suas tarefas di\u00e1rias, anotar lembretes importantes e destacar informa\u00e7\u00f5es cruciais.","og_url":"https:\/\/mettapapelaria.com.br\/catalogo\/produto\/post-it-decor-402-maxprint\/","og_site_name":"Metta Papelaria","article_publisher":"https:\/\/www.facebook.com\/mettapapelaria\/","article_modified_time":"2024-11-06T18:39:17+00:00","og_image":[{"width":500,"height":500,"url":"https:\/\/mettapapelaria.com.br\/catalogo\/wp-content\/uploads\/2024\/11\/Copy-of-Copy-of-BORRACHA-BOO-BRILHA-NO-ESCURO-TRIS-14.png","type":"image\/png"}],"twitter_card":"summary_large_image","twitter_misc":{"Est. tempo de leitura":"2 minutos"},"schema":{"@context":"https:\/\/schema.org","@graph":[{"@type":"WebPage","@id":"https:\/\/mettapapelaria.com.br\/catalogo\/produto\/post-it-decor-402-maxprint\/","url":"https:\/\/mettapapelaria.com.br\/catalogo\/produto\/post-it-decor-402-maxprint\/","name":"POST-IT D\u00c9COR 402 MAXPRINT - Metta Papelaria","isPartOf":{"@id":"https:\/\/mettapapelaria.com.br\/catalogo\/#website"},"primaryImageOfPage":{"@id":"https:\/\/mettapapelaria.com.br\/catalogo\/produto\/post-it-decor-402-maxprint\/#primaryimage"},"image":{"@id":"https:\/\/mettapapelaria.com.br\/catalogo\/produto\/post-it-decor-402-maxprint\/#primaryimage"},"thumbnailUrl":"https:\/\/mettapapelaria.com.br\/catalogo\/wp-content\/uploads\/2024\/11\/Copy-of-Copy-of-BORRACHA-BOO-BRILHA-NO-ESCURO-TRIS-14.png","datePublished":"2024-11-06T18:39:16+00:00","dateModified":"2024-11-06T18:39:17+00:00","description":"O Bloco Adesivo da Maxprint \u00e9 a ferramenta perfeita para organizar suas tarefas di\u00e1rias, anotar lembretes importantes e destacar informa\u00e7\u00f5es cruciais.","breadcrumb":{"@id":"https:\/\/mettapapelaria.com.br\/catalogo\/produto\/post-it-decor-402-maxprint\/#breadcrumb"},"inLanguage":"pt-BR","potentialAction":[{"@type":"ReadAction","target":["https:\/\/mettapapelaria.com.br\/catalogo\/produto\/post-it-decor-402-maxprint\/"]}]},{"@type":"ImageObject","inLanguage":"pt-BR","@id":"https:\/\/mettapapelaria.com.br\/catalogo\/produto\/post-it-decor-402-maxprint\/#primaryimage","url":"https:\/\/mettapapelaria.com.br\/catalogo\/wp-content\/uploads\/2024\/11\/Copy-of-Copy-of-BORRACHA-BOO-BRILHA-NO-ESCURO-TRIS-14.png","contentUrl":"https:\/\/mettapapelaria.com.br\/catalogo\/wp-content\/uploads\/2024\/11\/Copy-of-Copy-of-BORRACHA-BOO-BRILHA-NO-ESCURO-TRIS-14.png","width":500,"height":500},{"@type":"BreadcrumbList","@id":"https:\/\/mettapapelaria.com.br\/catalogo\/produto\/post-it-decor-402-maxprint\/#breadcrumb","itemListElement":[{"@type":"ListItem","position":1,"name":"In\u00edcio","item":"https:\/\/mettapapelaria.com.br\/catalogo\/"},{"@type":"ListItem","position":2,"name":"Shop","item":"https:\/\/mettapapelaria.com.br\/catalogo\/shop\/"},{"@type":"ListItem","position":3,"name":"POST-IT D\u00c9COR 402 MAXPRINT"}]},{"@type":"WebSite","@id":"https:\/\/mettapapelaria.com.br\/catalogo\/#website","url":"https:\/\/mettapapelaria.com.br\/catalogo\/","name":"Metta Papelaria","description":"Materiais e equipamentos de escrit\u00f3rio, suprimentos para inform\u00e1tica, e uma diversificada linha de material escolar","publisher":{"@id":"https:\/\/mettapapelaria.com.br\/catalogo\/#organization"},"potentialAction":[{"@type":"SearchAction","target":{"@type":"EntryPoint","urlTemplate":"https:\/\/mettapapelaria.com.br\/catalogo\/?s={search_term_string}"},"query-input":{"@type":"PropertyValueSpecification","valueRequired":true,"valueName":"search_term_string"}}],"inLanguage":"pt-BR"},{"@type":"Organization","@id":"https:\/\/mettapapelaria.com.br\/catalogo\/#organization","name":"Metta Papelaria","url":"https:\/\/mettapapelaria.com.br\/catalogo\/","logo":{"@type":"ImageObject","inLanguage":"pt-BR","@id":"https:\/\/mettapapelaria.com.br\/catalogo\/#\/schema\/logo\/image\/","url":"https:\/\/mettapapelaria.com.br\/catalogo\/wp-content\/uploads\/2023\/12\/cropped-favicon-Metta_512-1.png","contentUrl":"https:\/\/mettapapelaria.com.br\/catalogo\/wp-content\/uploads\/2023\/12\/cropped-favicon-Metta_512-1.png","width":512,"height":512,"caption":"Metta Papelaria"},"image":{"@id":"https:\/\/mettapapelaria.com.br\/catalogo\/#\/schema\/logo\/image\/"},"sameAs":["https:\/\/www.facebook.com\/mettapapelaria\/","https:\/\/www.instagram.com\/papelariametta\/"]}]}},"_links":{"self":[{"href":"https:\/\/mettapapelaria.com.br\/catalogo\/wp-json\/wp\/v2\/product\/8524","targetHints":{"allow":["GET"]}}],"collection":[{"href":"https:\/\/mettapapelaria.com.br\/catalogo\/wp-json\/wp\/v2\/product"}],"about":[{"href":"https:\/\/mettapapelaria.com.br\/catalogo\/wp-json\/wp\/v2\/types\/product"}],"replies":[{"embeddable":true,"href":"https:\/\/mettapapelaria.com.br\/catalogo\/wp-json\/wp\/v2\/comments?post=8524"}],"version-history":[{"count":1,"href":"https:\/\/mettapapelaria.com.br\/catalogo\/wp-json\/wp\/v2\/product\/8524\/revisions"}],"predecessor-version":[{"id":8526,"href":"https:\/\/mettapapelaria.com.br\/catalogo\/wp-json\/wp\/v2\/product\/8524\/revisions\/8526"}],"wp:featuredmedia":[{"embeddable":true,"href":"https:\/\/mettapapelaria.com.br\/catalogo\/wp-json\/wp\/v2\/media\/8525"}],"wp:attachment":[{"href":"https:\/\/mettapapelaria.com.br\/catalogo\/wp-json\/wp\/v2\/media?parent=8524"}],"wp:term":[{"taxonomy":"brand","embeddable":true,"href":"https:\/\/mettapapelaria.com.br\/catalogo\/wp-json\/wp\/v2\/etheme_brands?post=8524"},{"taxonomy":"product_brand","embeddable":true,"href":"https:\/\/mettapapelaria.com.br\/catalogo\/wp-json\/wp\/v2\/product_brand?post=8524"},{"taxonomy":"product_cat","embeddable":true,"href":"https:\/\/mettapapelaria.com.br\/catalogo\/wp-json\/wp\/v2\/product_cat?post=8524"},{"taxonomy":"product_tag","embeddable":true,"href":"https:\/\/mettapapelaria.com.br\/catalogo\/wp-json\/wp\/v2\/product_tag?post=8524"}],"curies":[{"name":"wp","href":"https:\/\/api.w.org\/{rel}","templated":true}]}}