{"id":8511,"date":"2024-11-06T14:14:51","date_gmt":"2024-11-06T17:14:51","guid":{"rendered":"https:\/\/mettapapelaria.com.br\/catalogo\/?post_type=product&#038;p=8511"},"modified":"2024-11-06T14:14:52","modified_gmt":"2024-11-06T17:14:52","slug":"clips-colorido-160un-28mm-maxprint","status":"publish","type":"product","link":"https:\/\/mettapapelaria.com.br\/catalogo\/produto\/clips-colorido-160un-28mm-maxprint\/","title":{"rendered":"CLIPS COLORIDO 160UN 28MM MAXPRINT"},"content":{"rendered":"<p>Ideal para a escola, faculdade ou no trabalho, com o Clips de Papel Maxprint\u00a0\u00e9 poss\u00edvel unir alta qualidade e praticidade em um \u00fanico produto, sem abrir m\u00e3o de muito estilo, delicadeza e sempre seguindo as tend\u00eancias, caracter\u00edsitcas garantidas. Produzido em material super-resistente, proporcionando maior durabilidade e resist\u00eancia, esses clips s\u00e3o pr\u00e1ticos e perfeitos para quem quer deixar seu ambiente de estudo ou trabalho super organizados e com muito estilo. Possui tamanho mini,\u00a0o que \u00e9 excelente para prender pap\u00e9is, documentos e itens escolares, com bastante discri\u00e7\u00e3o. Organiza\u00e7\u00e3o e beleza s\u00e3o sin\u00f4nimos para esse produto que pode agregar ainda mais graciosidade a todos os seus materiais e deixar a mesa do trabalho ou a escrivaninha do quarto ainda mais arrumadas, do jeitinho que voc\u00ea mais gosta. Dispon\u00edvel em estojinho, transparente com 160 unidades, divididas em 6 cores, com esses clips fica super legal separar documentos, trabalhos escolares por mat\u00e9rias e principalmente para anexar o convite individual ou a lista de presentes ao convite de casamento ou anivers\u00e1rio. Sem d\u00favidas, com o Clips de Papel Maxprint, a organiza\u00e7\u00e3o est\u00e1 garantida! Personalize o seu dia a dia e que a sua alma reflita alegria \ud83d\ude00<\/p>\n","protected":false},"excerpt":{"rendered":"<p>Ideal para a escola, faculdade ou no trabalho, com o Clips de Papel Maxprint\u00a0\u00e9 poss\u00edvel unir alta qualidade e praticidade em um \u00fanico produto, sem&#8230;<\/p>\n","protected":false},"featured_media":8512,"comment_status":"open","ping_status":"closed","template":"","meta":[],"etheme_brands":[{"term_id":386,"name":"MaxPrint","slug":"maxprint","term_group":0,"term_taxonomy_id":386,"taxonomy":"brand","description":"","parent":0,"count":26,"filter":"raw"}],"product_brand":[],"product_cat":[54,15],"product_tag":[355,615,338,276,316,275,255,256,228,227,225,622,239,317,274,318],"class_list":{"0":"post-8511","1":"product","2":"type-product","3":"status-publish","4":"has-post-thumbnail","6":"brand-maxprint","7":"product_cat-clips-grampo-prendedor","8":"product_cat-material-escritorio","9":"product_tag-clips","10":"product_tag-clips-de-papel","11":"product_tag-colorido","12":"product_tag-escola","13":"product_tag-estudante","14":"product_tag-faculdade","15":"product_tag-home","16":"product_tag-lar","17":"product_tag-material-de-escritorio","18":"product_tag-material-escolar","19":"product_tag-metta-papelaria","20":"product_tag-office","21":"product_tag-organizacao","22":"product_tag-study","23":"product_tag-universidade","24":"product_tag-volta-as-aulas","26":"first","27":"instock","28":"sold-individually","29":"shipping-taxable","30":"purchasable","31":"product-type-simple"},"yoast_head":"<!-- This site is optimized with the Yoast SEO plugin v26.9 - https:\/\/yoast.com\/product\/yoast-seo-wordpress\/ -->\n<title>CLIPS COLORIDO 160UN 28MM MAXPRINT - Metta Papelaria<\/title>\n<meta name=\"description\" content=\"\u00c0 procura de um produto que tenha qualidade excepcional, \u00f3tima discri\u00e7\u00e3o, al\u00e9m de ser super colorido? Com o Clips de Papel Maxprint sua procura acabou! Ele \u00e9 o item indispens\u00e1vel para a sua organiza\u00e7\u00e3o!\" \/>\n<meta name=\"robots\" content=\"index, follow, max-snippet:-1, max-image-preview:large, max-video-preview:-1\" \/>\n<link rel=\"canonical\" href=\"https:\/\/mettapapelaria.com.br\/catalogo\/produto\/clips-colorido-160un-28mm-maxprint\/\" \/>\n<meta property=\"og:locale\" content=\"pt_BR\" \/>\n<meta property=\"og:type\" content=\"article\" \/>\n<meta property=\"og:title\" content=\"CLIPS COLORIDO 160UN 28MM MAXPRINT - Metta Papelaria\" \/>\n<meta property=\"og:description\" content=\"\u00c0 procura de um produto que tenha qualidade excepcional, \u00f3tima discri\u00e7\u00e3o, al\u00e9m de ser super colorido? Com o Clips de Papel Maxprint sua procura acabou! Ele \u00e9 o item indispens\u00e1vel para a sua organiza\u00e7\u00e3o!\" \/>\n<meta property=\"og:url\" content=\"https:\/\/mettapapelaria.com.br\/catalogo\/produto\/clips-colorido-160un-28mm-maxprint\/\" \/>\n<meta property=\"og:site_name\" content=\"Metta Papelaria\" \/>\n<meta property=\"article:publisher\" content=\"https:\/\/www.facebook.com\/mettapapelaria\/\" \/>\n<meta property=\"article:modified_time\" content=\"2024-11-06T17:14:52+00:00\" \/>\n<meta property=\"og:image\" content=\"https:\/\/mettapapelaria.com.br\/catalogo\/wp-content\/uploads\/2024\/11\/Copy-of-Copy-of-BORRACHA-BOO-BRILHA-NO-ESCURO-TRIS-4.png\" \/>\n\t<meta property=\"og:image:width\" content=\"500\" \/>\n\t<meta property=\"og:image:height\" content=\"500\" \/>\n\t<meta property=\"og:image:type\" content=\"image\/png\" \/>\n<meta name=\"twitter:card\" content=\"summary_large_image\" \/>\n<meta name=\"twitter:label1\" content=\"Est. tempo de leitura\" \/>\n\t<meta name=\"twitter:data1\" content=\"2 minutos\" \/>\n<script type=\"application\/ld+json\" class=\"yoast-schema-graph\">{\"@context\":\"https:\/\/schema.org\",\"@graph\":[{\"@type\":\"WebPage\",\"@id\":\"https:\/\/mettapapelaria.com.br\/catalogo\/produto\/clips-colorido-160un-28mm-maxprint\/\",\"url\":\"https:\/\/mettapapelaria.com.br\/catalogo\/produto\/clips-colorido-160un-28mm-maxprint\/\",\"name\":\"CLIPS COLORIDO 160UN 28MM MAXPRINT - Metta Papelaria\",\"isPartOf\":{\"@id\":\"https:\/\/mettapapelaria.com.br\/catalogo\/#website\"},\"primaryImageOfPage\":{\"@id\":\"https:\/\/mettapapelaria.com.br\/catalogo\/produto\/clips-colorido-160un-28mm-maxprint\/#primaryimage\"},\"image\":{\"@id\":\"https:\/\/mettapapelaria.com.br\/catalogo\/produto\/clips-colorido-160un-28mm-maxprint\/#primaryimage\"},\"thumbnailUrl\":\"https:\/\/mettapapelaria.com.br\/catalogo\/wp-content\/uploads\/2024\/11\/Copy-of-Copy-of-BORRACHA-BOO-BRILHA-NO-ESCURO-TRIS-4.png\",\"datePublished\":\"2024-11-06T17:14:51+00:00\",\"dateModified\":\"2024-11-06T17:14:52+00:00\",\"description\":\"\u00c0 procura de um produto que tenha qualidade excepcional, \u00f3tima discri\u00e7\u00e3o, al\u00e9m de ser super colorido? Com o Clips de Papel Maxprint sua procura acabou! Ele \u00e9 o item indispens\u00e1vel para a sua organiza\u00e7\u00e3o!\",\"breadcrumb\":{\"@id\":\"https:\/\/mettapapelaria.com.br\/catalogo\/produto\/clips-colorido-160un-28mm-maxprint\/#breadcrumb\"},\"inLanguage\":\"pt-BR\",\"potentialAction\":[{\"@type\":\"ReadAction\",\"target\":[\"https:\/\/mettapapelaria.com.br\/catalogo\/produto\/clips-colorido-160un-28mm-maxprint\/\"]}]},{\"@type\":\"ImageObject\",\"inLanguage\":\"pt-BR\",\"@id\":\"https:\/\/mettapapelaria.com.br\/catalogo\/produto\/clips-colorido-160un-28mm-maxprint\/#primaryimage\",\"url\":\"https:\/\/mettapapelaria.com.br\/catalogo\/wp-content\/uploads\/2024\/11\/Copy-of-Copy-of-BORRACHA-BOO-BRILHA-NO-ESCURO-TRIS-4.png\",\"contentUrl\":\"https:\/\/mettapapelaria.com.br\/catalogo\/wp-content\/uploads\/2024\/11\/Copy-of-Copy-of-BORRACHA-BOO-BRILHA-NO-ESCURO-TRIS-4.png\",\"width\":500,\"height\":500},{\"@type\":\"BreadcrumbList\",\"@id\":\"https:\/\/mettapapelaria.com.br\/catalogo\/produto\/clips-colorido-160un-28mm-maxprint\/#breadcrumb\",\"itemListElement\":[{\"@type\":\"ListItem\",\"position\":1,\"name\":\"In\u00edcio\",\"item\":\"https:\/\/mettapapelaria.com.br\/catalogo\/\"},{\"@type\":\"ListItem\",\"position\":2,\"name\":\"Shop\",\"item\":\"https:\/\/mettapapelaria.com.br\/catalogo\/shop\/\"},{\"@type\":\"ListItem\",\"position\":3,\"name\":\"CLIPS COLORIDO 160UN 28MM MAXPRINT\"}]},{\"@type\":\"WebSite\",\"@id\":\"https:\/\/mettapapelaria.com.br\/catalogo\/#website\",\"url\":\"https:\/\/mettapapelaria.com.br\/catalogo\/\",\"name\":\"Metta Papelaria\",\"description\":\"Materiais e equipamentos de escrit\u00f3rio, suprimentos para inform\u00e1tica, e uma diversificada linha de material escolar\",\"publisher\":{\"@id\":\"https:\/\/mettapapelaria.com.br\/catalogo\/#organization\"},\"potentialAction\":[{\"@type\":\"SearchAction\",\"target\":{\"@type\":\"EntryPoint\",\"urlTemplate\":\"https:\/\/mettapapelaria.com.br\/catalogo\/?s={search_term_string}\"},\"query-input\":{\"@type\":\"PropertyValueSpecification\",\"valueRequired\":true,\"valueName\":\"search_term_string\"}}],\"inLanguage\":\"pt-BR\"},{\"@type\":\"Organization\",\"@id\":\"https:\/\/mettapapelaria.com.br\/catalogo\/#organization\",\"name\":\"Metta Papelaria\",\"url\":\"https:\/\/mettapapelaria.com.br\/catalogo\/\",\"logo\":{\"@type\":\"ImageObject\",\"inLanguage\":\"pt-BR\",\"@id\":\"https:\/\/mettapapelaria.com.br\/catalogo\/#\/schema\/logo\/image\/\",\"url\":\"https:\/\/mettapapelaria.com.br\/catalogo\/wp-content\/uploads\/2023\/12\/cropped-favicon-Metta_512-1.png\",\"contentUrl\":\"https:\/\/mettapapelaria.com.br\/catalogo\/wp-content\/uploads\/2023\/12\/cropped-favicon-Metta_512-1.png\",\"width\":512,\"height\":512,\"caption\":\"Metta Papelaria\"},\"image\":{\"@id\":\"https:\/\/mettapapelaria.com.br\/catalogo\/#\/schema\/logo\/image\/\"},\"sameAs\":[\"https:\/\/www.facebook.com\/mettapapelaria\/\",\"https:\/\/www.instagram.com\/papelariametta\/\"]}]}<\/script>\n<!-- \/ Yoast SEO plugin. -->","yoast_head_json":{"title":"CLIPS COLORIDO 160UN 28MM MAXPRINT - Metta Papelaria","description":"\u00c0 procura de um produto que tenha qualidade excepcional, \u00f3tima discri\u00e7\u00e3o, al\u00e9m de ser super colorido? Com o Clips de Papel Maxprint sua procura acabou! Ele \u00e9 o item indispens\u00e1vel para a sua organiza\u00e7\u00e3o!","robots":{"index":"index","follow":"follow","max-snippet":"max-snippet:-1","max-image-preview":"max-image-preview:large","max-video-preview":"max-video-preview:-1"},"canonical":"https:\/\/mettapapelaria.com.br\/catalogo\/produto\/clips-colorido-160un-28mm-maxprint\/","og_locale":"pt_BR","og_type":"article","og_title":"CLIPS COLORIDO 160UN 28MM MAXPRINT - Metta Papelaria","og_description":"\u00c0 procura de um produto que tenha qualidade excepcional, \u00f3tima discri\u00e7\u00e3o, al\u00e9m de ser super colorido? Com o Clips de Papel Maxprint sua procura acabou! Ele \u00e9 o item indispens\u00e1vel para a sua organiza\u00e7\u00e3o!","og_url":"https:\/\/mettapapelaria.com.br\/catalogo\/produto\/clips-colorido-160un-28mm-maxprint\/","og_site_name":"Metta Papelaria","article_publisher":"https:\/\/www.facebook.com\/mettapapelaria\/","article_modified_time":"2024-11-06T17:14:52+00:00","og_image":[{"width":500,"height":500,"url":"https:\/\/mettapapelaria.com.br\/catalogo\/wp-content\/uploads\/2024\/11\/Copy-of-Copy-of-BORRACHA-BOO-BRILHA-NO-ESCURO-TRIS-4.png","type":"image\/png"}],"twitter_card":"summary_large_image","twitter_misc":{"Est. tempo de leitura":"2 minutos"},"schema":{"@context":"https:\/\/schema.org","@graph":[{"@type":"WebPage","@id":"https:\/\/mettapapelaria.com.br\/catalogo\/produto\/clips-colorido-160un-28mm-maxprint\/","url":"https:\/\/mettapapelaria.com.br\/catalogo\/produto\/clips-colorido-160un-28mm-maxprint\/","name":"CLIPS COLORIDO 160UN 28MM MAXPRINT - Metta Papelaria","isPartOf":{"@id":"https:\/\/mettapapelaria.com.br\/catalogo\/#website"},"primaryImageOfPage":{"@id":"https:\/\/mettapapelaria.com.br\/catalogo\/produto\/clips-colorido-160un-28mm-maxprint\/#primaryimage"},"image":{"@id":"https:\/\/mettapapelaria.com.br\/catalogo\/produto\/clips-colorido-160un-28mm-maxprint\/#primaryimage"},"thumbnailUrl":"https:\/\/mettapapelaria.com.br\/catalogo\/wp-content\/uploads\/2024\/11\/Copy-of-Copy-of-BORRACHA-BOO-BRILHA-NO-ESCURO-TRIS-4.png","datePublished":"2024-11-06T17:14:51+00:00","dateModified":"2024-11-06T17:14:52+00:00","description":"\u00c0 procura de um produto que tenha qualidade excepcional, \u00f3tima discri\u00e7\u00e3o, al\u00e9m de ser super colorido? Com o Clips de Papel Maxprint sua procura acabou! Ele \u00e9 o item indispens\u00e1vel para a sua organiza\u00e7\u00e3o!","breadcrumb":{"@id":"https:\/\/mettapapelaria.com.br\/catalogo\/produto\/clips-colorido-160un-28mm-maxprint\/#breadcrumb"},"inLanguage":"pt-BR","potentialAction":[{"@type":"ReadAction","target":["https:\/\/mettapapelaria.com.br\/catalogo\/produto\/clips-colorido-160un-28mm-maxprint\/"]}]},{"@type":"ImageObject","inLanguage":"pt-BR","@id":"https:\/\/mettapapelaria.com.br\/catalogo\/produto\/clips-colorido-160un-28mm-maxprint\/#primaryimage","url":"https:\/\/mettapapelaria.com.br\/catalogo\/wp-content\/uploads\/2024\/11\/Copy-of-Copy-of-BORRACHA-BOO-BRILHA-NO-ESCURO-TRIS-4.png","contentUrl":"https:\/\/mettapapelaria.com.br\/catalogo\/wp-content\/uploads\/2024\/11\/Copy-of-Copy-of-BORRACHA-BOO-BRILHA-NO-ESCURO-TRIS-4.png","width":500,"height":500},{"@type":"BreadcrumbList","@id":"https:\/\/mettapapelaria.com.br\/catalogo\/produto\/clips-colorido-160un-28mm-maxprint\/#breadcrumb","itemListElement":[{"@type":"ListItem","position":1,"name":"In\u00edcio","item":"https:\/\/mettapapelaria.com.br\/catalogo\/"},{"@type":"ListItem","position":2,"name":"Shop","item":"https:\/\/mettapapelaria.com.br\/catalogo\/shop\/"},{"@type":"ListItem","position":3,"name":"CLIPS COLORIDO 160UN 28MM MAXPRINT"}]},{"@type":"WebSite","@id":"https:\/\/mettapapelaria.com.br\/catalogo\/#website","url":"https:\/\/mettapapelaria.com.br\/catalogo\/","name":"Metta Papelaria","description":"Materiais e equipamentos de escrit\u00f3rio, suprimentos para inform\u00e1tica, e uma diversificada linha de material escolar","publisher":{"@id":"https:\/\/mettapapelaria.com.br\/catalogo\/#organization"},"potentialAction":[{"@type":"SearchAction","target":{"@type":"EntryPoint","urlTemplate":"https:\/\/mettapapelaria.com.br\/catalogo\/?s={search_term_string}"},"query-input":{"@type":"PropertyValueSpecification","valueRequired":true,"valueName":"search_term_string"}}],"inLanguage":"pt-BR"},{"@type":"Organization","@id":"https:\/\/mettapapelaria.com.br\/catalogo\/#organization","name":"Metta Papelaria","url":"https:\/\/mettapapelaria.com.br\/catalogo\/","logo":{"@type":"ImageObject","inLanguage":"pt-BR","@id":"https:\/\/mettapapelaria.com.br\/catalogo\/#\/schema\/logo\/image\/","url":"https:\/\/mettapapelaria.com.br\/catalogo\/wp-content\/uploads\/2023\/12\/cropped-favicon-Metta_512-1.png","contentUrl":"https:\/\/mettapapelaria.com.br\/catalogo\/wp-content\/uploads\/2023\/12\/cropped-favicon-Metta_512-1.png","width":512,"height":512,"caption":"Metta Papelaria"},"image":{"@id":"https:\/\/mettapapelaria.com.br\/catalogo\/#\/schema\/logo\/image\/"},"sameAs":["https:\/\/www.facebook.com\/mettapapelaria\/","https:\/\/www.instagram.com\/papelariametta\/"]}]}},"_links":{"self":[{"href":"https:\/\/mettapapelaria.com.br\/catalogo\/wp-json\/wp\/v2\/product\/8511","targetHints":{"allow":["GET"]}}],"collection":[{"href":"https:\/\/mettapapelaria.com.br\/catalogo\/wp-json\/wp\/v2\/product"}],"about":[{"href":"https:\/\/mettapapelaria.com.br\/catalogo\/wp-json\/wp\/v2\/types\/product"}],"replies":[{"embeddable":true,"href":"https:\/\/mettapapelaria.com.br\/catalogo\/wp-json\/wp\/v2\/comments?post=8511"}],"version-history":[{"count":1,"href":"https:\/\/mettapapelaria.com.br\/catalogo\/wp-json\/wp\/v2\/product\/8511\/revisions"}],"predecessor-version":[{"id":8514,"href":"https:\/\/mettapapelaria.com.br\/catalogo\/wp-json\/wp\/v2\/product\/8511\/revisions\/8514"}],"wp:featuredmedia":[{"embeddable":true,"href":"https:\/\/mettapapelaria.com.br\/catalogo\/wp-json\/wp\/v2\/media\/8512"}],"wp:attachment":[{"href":"https:\/\/mettapapelaria.com.br\/catalogo\/wp-json\/wp\/v2\/media?parent=8511"}],"wp:term":[{"taxonomy":"brand","embeddable":true,"href":"https:\/\/mettapapelaria.com.br\/catalogo\/wp-json\/wp\/v2\/etheme_brands?post=8511"},{"taxonomy":"product_brand","embeddable":true,"href":"https:\/\/mettapapelaria.com.br\/catalogo\/wp-json\/wp\/v2\/product_brand?post=8511"},{"taxonomy":"product_cat","embeddable":true,"href":"https:\/\/mettapapelaria.com.br\/catalogo\/wp-json\/wp\/v2\/product_cat?post=8511"},{"taxonomy":"product_tag","embeddable":true,"href":"https:\/\/mettapapelaria.com.br\/catalogo\/wp-json\/wp\/v2\/product_tag?post=8511"}],"curies":[{"name":"wp","href":"https:\/\/api.w.org\/{rel}","templated":true}]}}