{"id":8428,"date":"2024-10-31T16:03:18","date_gmt":"2024-10-31T19:03:18","guid":{"rendered":"https:\/\/mettapapelaria.com.br\/catalogo\/?post_type=product&#038;p=8428"},"modified":"2024-10-31T16:03:18","modified_gmt":"2024-10-31T19:03:18","slug":"slime-kimeleka-acrilex","status":"publish","type":"product","link":"https:\/\/mettapapelaria.com.br\/catalogo\/produto\/slime-kimeleka-acrilex\/","title":{"rendered":"SLIME KIMELEKA ACRILEX"},"content":{"rendered":"<div class=\"vtex-flex-layout-0-x-flexRow vtex-flex-layout-0-x-flexRow--row-description-pdp\">\n<div class=\"flex mt0 mb0 pt0 pb0    justify-start vtex-flex-layout-0-x-flexRowContent vtex-flex-layout-0-x-flexRowContent--row-description-pdp items-stretch w-100\">\n<div class=\"pr0     flex\">\n<div class=\"vtex-store-components-3-x-productDescriptionContainer vtex-store-components-3-x-productDescriptionContainer--product-description-pdp\">\n<div class=\"vtex-store-components-3-x-productDescriptionText vtex-store-components-3-x-productDescriptionText--product-description-pdp c-muted-1\">Com o Slime Kimeleka Rosa Acrilex Art Kids a divers\u00e3o est\u00e1 garantida. O Slime \u00e9 ideal para o desenvolvimento da coordena\u00e7\u00e3o motora, no al\u00edvio do estresse e est\u00edmulo da imagina\u00e7\u00e3o e criatividade. Al\u00e9m disso, \u00e9 um produto lav\u00e1vel, deixando os pais mais tranquilos, pois n\u00e3o mancha as roupas e garante assim a divers\u00e3o da crian\u00e7ada.<\/div>\n<\/div>\n<\/div>\n<\/div>\n<\/div>\n<div class=\"vtex-flex-layout-0-x-flexRow vtex-flex-layout-0-x-flexRow--productSpecification-GroupName\">\n<section class=\"vtex-store-components-3-x-container ph3 ph5-m ph2-xl mw9 center \">\n<div class=\"flex mt0 mb0 pt0 pb0    justify-start vtex-flex-layout-0-x-flexRowContent vtex-flex-layout-0-x-flexRowContent--productSpecification-GroupName items-stretch w-100\">\n<div class=\"pr0 items-stretch vtex-flex-layout-0-x-stretchChildrenWidth   flex\">\n<div class=\"vtex-rich-text-0-x-container vtex-rich-text-0-x-container--groupName flex tl items-start justify-start t-body c-on-base\">\n<div class=\"vtex-rich-text-0-x-wrapper vtex-rich-text-0-x-wrapper--groupName\"><\/div>\n<\/div>\n<\/div>\n<\/div>\n<\/section>\n<\/div>\n","protected":false},"excerpt":{"rendered":"<p>Com o Slime Kimeleka Rosa Acrilex Art Kids a divers\u00e3o est\u00e1 garantida. O Slime \u00e9 ideal para o desenvolvimento da coordena\u00e7\u00e3o motora, no al\u00edvio do&#8230;<\/p>\n","protected":false},"featured_media":8430,"comment_status":"open","ping_status":"closed","template":"","meta":[],"etheme_brands":[{"term_id":720,"name":"Acrilex","slug":"acrilex","term_group":0,"term_taxonomy_id":720,"taxonomy":"brand","description":"","parent":0,"count":11,"filter":"raw"}],"product_brand":[],"product_cat":[518,155,16],"product_tag":[338,293,276,316,294,292,227,225,721,317,318],"class_list":{"0":"post-8428","1":"product","2":"type-product","3":"status-publish","4":"has-post-thumbnail","6":"brand-acrilex","7":"product_cat-sem-categoria","8":"product_cat-massas-de-artesanato","9":"product_cat-material-escolar","10":"product_tag-colorido","11":"product_tag-crianca","12":"product_tag-escola","13":"product_tag-estudante","14":"product_tag-infantil","15":"product_tag-kids","16":"product_tag-material-escolar","17":"product_tag-metta-papelaria","18":"product_tag-slime","19":"product_tag-study","20":"product_tag-volta-as-aulas","22":"first","23":"instock","24":"sold-individually","25":"shipping-taxable","26":"purchasable","27":"product-type-simple"},"yoast_head":"<!-- This site is optimized with the Yoast SEO plugin v26.9 - https:\/\/yoast.com\/product\/yoast-seo-wordpress\/ -->\n<title>SLIME KIMELEKA ACRILEX - Metta Papelaria<\/title>\n<meta name=\"description\" content=\"Com o Slime Kimeleka Rosa Acrilex Art Kids a divers\u00e3o est\u00e1 garantida. O Slime \u00e9 ideal para o desenvolvimento da coordena\u00e7\u00e3o motora, no al\u00edvio do estresse e est\u00edmulo da imagina\u00e7\u00e3o e criatividade.\" \/>\n<meta name=\"robots\" content=\"index, follow, max-snippet:-1, max-image-preview:large, max-video-preview:-1\" \/>\n<link rel=\"canonical\" href=\"https:\/\/mettapapelaria.com.br\/catalogo\/produto\/slime-kimeleka-acrilex\/\" \/>\n<meta property=\"og:locale\" content=\"pt_BR\" \/>\n<meta property=\"og:type\" content=\"article\" \/>\n<meta property=\"og:title\" content=\"SLIME KIMELEKA ACRILEX - Metta Papelaria\" \/>\n<meta property=\"og:description\" content=\"Com o Slime Kimeleka Rosa Acrilex Art Kids a divers\u00e3o est\u00e1 garantida. O Slime \u00e9 ideal para o desenvolvimento da coordena\u00e7\u00e3o motora, no al\u00edvio do estresse e est\u00edmulo da imagina\u00e7\u00e3o e criatividade.\" \/>\n<meta property=\"og:url\" content=\"https:\/\/mettapapelaria.com.br\/catalogo\/produto\/slime-kimeleka-acrilex\/\" \/>\n<meta property=\"og:site_name\" content=\"Metta Papelaria\" \/>\n<meta property=\"article:publisher\" content=\"https:\/\/www.facebook.com\/mettapapelaria\/\" \/>\n<meta property=\"og:image\" content=\"https:\/\/mettapapelaria.com.br\/catalogo\/wp-content\/uploads\/2024\/10\/Copy-of-BORRACHA-BOO-BRILHA-NO-ESCURO-TRIS-65.png\" \/>\n\t<meta property=\"og:image:width\" content=\"500\" \/>\n\t<meta property=\"og:image:height\" content=\"500\" \/>\n\t<meta property=\"og:image:type\" content=\"image\/png\" \/>\n<meta name=\"twitter:card\" content=\"summary_large_image\" \/>\n<meta name=\"twitter:label1\" content=\"Est. tempo de leitura\" \/>\n\t<meta name=\"twitter:data1\" content=\"1 minuto\" \/>\n<script type=\"application\/ld+json\" class=\"yoast-schema-graph\">{\"@context\":\"https:\/\/schema.org\",\"@graph\":[{\"@type\":\"WebPage\",\"@id\":\"https:\/\/mettapapelaria.com.br\/catalogo\/produto\/slime-kimeleka-acrilex\/\",\"url\":\"https:\/\/mettapapelaria.com.br\/catalogo\/produto\/slime-kimeleka-acrilex\/\",\"name\":\"SLIME KIMELEKA ACRILEX - Metta Papelaria\",\"isPartOf\":{\"@id\":\"https:\/\/mettapapelaria.com.br\/catalogo\/#website\"},\"primaryImageOfPage\":{\"@id\":\"https:\/\/mettapapelaria.com.br\/catalogo\/produto\/slime-kimeleka-acrilex\/#primaryimage\"},\"image\":{\"@id\":\"https:\/\/mettapapelaria.com.br\/catalogo\/produto\/slime-kimeleka-acrilex\/#primaryimage\"},\"thumbnailUrl\":\"https:\/\/mettapapelaria.com.br\/catalogo\/wp-content\/uploads\/2024\/10\/Copy-of-BORRACHA-BOO-BRILHA-NO-ESCURO-TRIS-65.png\",\"datePublished\":\"2024-10-31T19:03:18+00:00\",\"description\":\"Com o Slime Kimeleka Rosa Acrilex Art Kids a divers\u00e3o est\u00e1 garantida. O Slime \u00e9 ideal para o desenvolvimento da coordena\u00e7\u00e3o motora, no al\u00edvio do estresse e est\u00edmulo da imagina\u00e7\u00e3o e criatividade.\",\"breadcrumb\":{\"@id\":\"https:\/\/mettapapelaria.com.br\/catalogo\/produto\/slime-kimeleka-acrilex\/#breadcrumb\"},\"inLanguage\":\"pt-BR\",\"potentialAction\":[{\"@type\":\"ReadAction\",\"target\":[\"https:\/\/mettapapelaria.com.br\/catalogo\/produto\/slime-kimeleka-acrilex\/\"]}]},{\"@type\":\"ImageObject\",\"inLanguage\":\"pt-BR\",\"@id\":\"https:\/\/mettapapelaria.com.br\/catalogo\/produto\/slime-kimeleka-acrilex\/#primaryimage\",\"url\":\"https:\/\/mettapapelaria.com.br\/catalogo\/wp-content\/uploads\/2024\/10\/Copy-of-BORRACHA-BOO-BRILHA-NO-ESCURO-TRIS-65.png\",\"contentUrl\":\"https:\/\/mettapapelaria.com.br\/catalogo\/wp-content\/uploads\/2024\/10\/Copy-of-BORRACHA-BOO-BRILHA-NO-ESCURO-TRIS-65.png\",\"width\":500,\"height\":500},{\"@type\":\"BreadcrumbList\",\"@id\":\"https:\/\/mettapapelaria.com.br\/catalogo\/produto\/slime-kimeleka-acrilex\/#breadcrumb\",\"itemListElement\":[{\"@type\":\"ListItem\",\"position\":1,\"name\":\"In\u00edcio\",\"item\":\"https:\/\/mettapapelaria.com.br\/catalogo\/\"},{\"@type\":\"ListItem\",\"position\":2,\"name\":\"Shop\",\"item\":\"https:\/\/mettapapelaria.com.br\/catalogo\/shop\/\"},{\"@type\":\"ListItem\",\"position\":3,\"name\":\"SLIME KIMELEKA ACRILEX\"}]},{\"@type\":\"WebSite\",\"@id\":\"https:\/\/mettapapelaria.com.br\/catalogo\/#website\",\"url\":\"https:\/\/mettapapelaria.com.br\/catalogo\/\",\"name\":\"Metta Papelaria\",\"description\":\"Materiais e equipamentos de escrit\u00f3rio, suprimentos para inform\u00e1tica, e uma diversificada linha de material escolar\",\"publisher\":{\"@id\":\"https:\/\/mettapapelaria.com.br\/catalogo\/#organization\"},\"potentialAction\":[{\"@type\":\"SearchAction\",\"target\":{\"@type\":\"EntryPoint\",\"urlTemplate\":\"https:\/\/mettapapelaria.com.br\/catalogo\/?s={search_term_string}\"},\"query-input\":{\"@type\":\"PropertyValueSpecification\",\"valueRequired\":true,\"valueName\":\"search_term_string\"}}],\"inLanguage\":\"pt-BR\"},{\"@type\":\"Organization\",\"@id\":\"https:\/\/mettapapelaria.com.br\/catalogo\/#organization\",\"name\":\"Metta Papelaria\",\"url\":\"https:\/\/mettapapelaria.com.br\/catalogo\/\",\"logo\":{\"@type\":\"ImageObject\",\"inLanguage\":\"pt-BR\",\"@id\":\"https:\/\/mettapapelaria.com.br\/catalogo\/#\/schema\/logo\/image\/\",\"url\":\"https:\/\/mettapapelaria.com.br\/catalogo\/wp-content\/uploads\/2023\/12\/cropped-favicon-Metta_512-1.png\",\"contentUrl\":\"https:\/\/mettapapelaria.com.br\/catalogo\/wp-content\/uploads\/2023\/12\/cropped-favicon-Metta_512-1.png\",\"width\":512,\"height\":512,\"caption\":\"Metta Papelaria\"},\"image\":{\"@id\":\"https:\/\/mettapapelaria.com.br\/catalogo\/#\/schema\/logo\/image\/\"},\"sameAs\":[\"https:\/\/www.facebook.com\/mettapapelaria\/\",\"https:\/\/www.instagram.com\/papelariametta\/\"]}]}<\/script>\n<!-- \/ Yoast SEO plugin. -->","yoast_head_json":{"title":"SLIME KIMELEKA ACRILEX - Metta Papelaria","description":"Com o Slime Kimeleka Rosa Acrilex Art Kids a divers\u00e3o est\u00e1 garantida. O Slime \u00e9 ideal para o desenvolvimento da coordena\u00e7\u00e3o motora, no al\u00edvio do estresse e est\u00edmulo da imagina\u00e7\u00e3o e criatividade.","robots":{"index":"index","follow":"follow","max-snippet":"max-snippet:-1","max-image-preview":"max-image-preview:large","max-video-preview":"max-video-preview:-1"},"canonical":"https:\/\/mettapapelaria.com.br\/catalogo\/produto\/slime-kimeleka-acrilex\/","og_locale":"pt_BR","og_type":"article","og_title":"SLIME KIMELEKA ACRILEX - Metta Papelaria","og_description":"Com o Slime Kimeleka Rosa Acrilex Art Kids a divers\u00e3o est\u00e1 garantida. O Slime \u00e9 ideal para o desenvolvimento da coordena\u00e7\u00e3o motora, no al\u00edvio do estresse e est\u00edmulo da imagina\u00e7\u00e3o e criatividade.","og_url":"https:\/\/mettapapelaria.com.br\/catalogo\/produto\/slime-kimeleka-acrilex\/","og_site_name":"Metta Papelaria","article_publisher":"https:\/\/www.facebook.com\/mettapapelaria\/","og_image":[{"width":500,"height":500,"url":"https:\/\/mettapapelaria.com.br\/catalogo\/wp-content\/uploads\/2024\/10\/Copy-of-BORRACHA-BOO-BRILHA-NO-ESCURO-TRIS-65.png","type":"image\/png"}],"twitter_card":"summary_large_image","twitter_misc":{"Est. tempo de leitura":"1 minuto"},"schema":{"@context":"https:\/\/schema.org","@graph":[{"@type":"WebPage","@id":"https:\/\/mettapapelaria.com.br\/catalogo\/produto\/slime-kimeleka-acrilex\/","url":"https:\/\/mettapapelaria.com.br\/catalogo\/produto\/slime-kimeleka-acrilex\/","name":"SLIME KIMELEKA ACRILEX - Metta Papelaria","isPartOf":{"@id":"https:\/\/mettapapelaria.com.br\/catalogo\/#website"},"primaryImageOfPage":{"@id":"https:\/\/mettapapelaria.com.br\/catalogo\/produto\/slime-kimeleka-acrilex\/#primaryimage"},"image":{"@id":"https:\/\/mettapapelaria.com.br\/catalogo\/produto\/slime-kimeleka-acrilex\/#primaryimage"},"thumbnailUrl":"https:\/\/mettapapelaria.com.br\/catalogo\/wp-content\/uploads\/2024\/10\/Copy-of-BORRACHA-BOO-BRILHA-NO-ESCURO-TRIS-65.png","datePublished":"2024-10-31T19:03:18+00:00","description":"Com o Slime Kimeleka Rosa Acrilex Art Kids a divers\u00e3o est\u00e1 garantida. O Slime \u00e9 ideal para o desenvolvimento da coordena\u00e7\u00e3o motora, no al\u00edvio do estresse e est\u00edmulo da imagina\u00e7\u00e3o e criatividade.","breadcrumb":{"@id":"https:\/\/mettapapelaria.com.br\/catalogo\/produto\/slime-kimeleka-acrilex\/#breadcrumb"},"inLanguage":"pt-BR","potentialAction":[{"@type":"ReadAction","target":["https:\/\/mettapapelaria.com.br\/catalogo\/produto\/slime-kimeleka-acrilex\/"]}]},{"@type":"ImageObject","inLanguage":"pt-BR","@id":"https:\/\/mettapapelaria.com.br\/catalogo\/produto\/slime-kimeleka-acrilex\/#primaryimage","url":"https:\/\/mettapapelaria.com.br\/catalogo\/wp-content\/uploads\/2024\/10\/Copy-of-BORRACHA-BOO-BRILHA-NO-ESCURO-TRIS-65.png","contentUrl":"https:\/\/mettapapelaria.com.br\/catalogo\/wp-content\/uploads\/2024\/10\/Copy-of-BORRACHA-BOO-BRILHA-NO-ESCURO-TRIS-65.png","width":500,"height":500},{"@type":"BreadcrumbList","@id":"https:\/\/mettapapelaria.com.br\/catalogo\/produto\/slime-kimeleka-acrilex\/#breadcrumb","itemListElement":[{"@type":"ListItem","position":1,"name":"In\u00edcio","item":"https:\/\/mettapapelaria.com.br\/catalogo\/"},{"@type":"ListItem","position":2,"name":"Shop","item":"https:\/\/mettapapelaria.com.br\/catalogo\/shop\/"},{"@type":"ListItem","position":3,"name":"SLIME KIMELEKA ACRILEX"}]},{"@type":"WebSite","@id":"https:\/\/mettapapelaria.com.br\/catalogo\/#website","url":"https:\/\/mettapapelaria.com.br\/catalogo\/","name":"Metta Papelaria","description":"Materiais e equipamentos de escrit\u00f3rio, suprimentos para inform\u00e1tica, e uma diversificada linha de material escolar","publisher":{"@id":"https:\/\/mettapapelaria.com.br\/catalogo\/#organization"},"potentialAction":[{"@type":"SearchAction","target":{"@type":"EntryPoint","urlTemplate":"https:\/\/mettapapelaria.com.br\/catalogo\/?s={search_term_string}"},"query-input":{"@type":"PropertyValueSpecification","valueRequired":true,"valueName":"search_term_string"}}],"inLanguage":"pt-BR"},{"@type":"Organization","@id":"https:\/\/mettapapelaria.com.br\/catalogo\/#organization","name":"Metta Papelaria","url":"https:\/\/mettapapelaria.com.br\/catalogo\/","logo":{"@type":"ImageObject","inLanguage":"pt-BR","@id":"https:\/\/mettapapelaria.com.br\/catalogo\/#\/schema\/logo\/image\/","url":"https:\/\/mettapapelaria.com.br\/catalogo\/wp-content\/uploads\/2023\/12\/cropped-favicon-Metta_512-1.png","contentUrl":"https:\/\/mettapapelaria.com.br\/catalogo\/wp-content\/uploads\/2023\/12\/cropped-favicon-Metta_512-1.png","width":512,"height":512,"caption":"Metta Papelaria"},"image":{"@id":"https:\/\/mettapapelaria.com.br\/catalogo\/#\/schema\/logo\/image\/"},"sameAs":["https:\/\/www.facebook.com\/mettapapelaria\/","https:\/\/www.instagram.com\/papelariametta\/"]}]}},"_links":{"self":[{"href":"https:\/\/mettapapelaria.com.br\/catalogo\/wp-json\/wp\/v2\/product\/8428","targetHints":{"allow":["GET"]}}],"collection":[{"href":"https:\/\/mettapapelaria.com.br\/catalogo\/wp-json\/wp\/v2\/product"}],"about":[{"href":"https:\/\/mettapapelaria.com.br\/catalogo\/wp-json\/wp\/v2\/types\/product"}],"replies":[{"embeddable":true,"href":"https:\/\/mettapapelaria.com.br\/catalogo\/wp-json\/wp\/v2\/comments?post=8428"}],"version-history":[{"count":2,"href":"https:\/\/mettapapelaria.com.br\/catalogo\/wp-json\/wp\/v2\/product\/8428\/revisions"}],"predecessor-version":[{"id":8431,"href":"https:\/\/mettapapelaria.com.br\/catalogo\/wp-json\/wp\/v2\/product\/8428\/revisions\/8431"}],"wp:featuredmedia":[{"embeddable":true,"href":"https:\/\/mettapapelaria.com.br\/catalogo\/wp-json\/wp\/v2\/media\/8430"}],"wp:attachment":[{"href":"https:\/\/mettapapelaria.com.br\/catalogo\/wp-json\/wp\/v2\/media?parent=8428"}],"wp:term":[{"taxonomy":"brand","embeddable":true,"href":"https:\/\/mettapapelaria.com.br\/catalogo\/wp-json\/wp\/v2\/etheme_brands?post=8428"},{"taxonomy":"product_brand","embeddable":true,"href":"https:\/\/mettapapelaria.com.br\/catalogo\/wp-json\/wp\/v2\/product_brand?post=8428"},{"taxonomy":"product_cat","embeddable":true,"href":"https:\/\/mettapapelaria.com.br\/catalogo\/wp-json\/wp\/v2\/product_cat?post=8428"},{"taxonomy":"product_tag","embeddable":true,"href":"https:\/\/mettapapelaria.com.br\/catalogo\/wp-json\/wp\/v2\/product_tag?post=8428"}],"curies":[{"name":"wp","href":"https:\/\/api.w.org\/{rel}","templated":true}]}}