{"id":8367,"date":"2024-10-30T14:54:50","date_gmt":"2024-10-30T17:54:50","guid":{"rendered":"https:\/\/mettapapelaria.com.br\/catalogo\/?post_type=product&#038;p=8367"},"modified":"2024-10-30T14:54:51","modified_gmt":"2024-10-30T17:54:51","slug":"mochila-c-rodinhas-lilo-e-stich-dimarini","status":"publish","type":"product","link":"https:\/\/mettapapelaria.com.br\/catalogo\/produto\/mochila-c-rodinhas-lilo-e-stich-dimarini\/","title":{"rendered":"MOCHILA C\/ RODINHAS LILO E STICH DIMARINI"},"content":{"rendered":"<p>Mochila de Rodinhas Escolar\u00a0 Stitch Dimarini\u00a0 \u00e9 perfeita para os f\u00e3s do Stitch, trazendo toda a magia dos personagens mais queridos da Disney.<br \/>\nOriginal e licenciada, esta mochila \u00e9 confeccionada em poli\u00e9ster de alta qualidade, garantindo durabilidade e resist\u00eancia.<br \/>\nCom um design encantador e colorido do Stitch, \u00e9 ideal para destacar-se na escola ou em qualquer lugar!<br \/>\nFeita de poli\u00e9ster, possui al\u00e7a de m\u00e3o resistente, Com rodinhas resistentes e um puxador retr\u00e1til, ela oferece todo o conforto para transportar os materiais com facilidade e estilo.<br \/>\nAl\u00e9m disso, conta com bolsos laterais para acomodar garrafas, garantindo praticidade e estilo para o dia a dia escolar,<\/p>\n","protected":false},"excerpt":{"rendered":"<p>Mochila de Rodinhas Escolar\u00a0 Stitch Dimarini\u00a0 \u00e9 perfeita para os f\u00e3s do Stitch, trazendo toda a magia dos personagens mais queridos da Disney. Original e&#8230;<\/p>\n","protected":false},"featured_media":8368,"comment_status":"open","ping_status":"closed","template":"","meta":[],"etheme_brands":[{"term_id":719,"name":"Marini","slug":"marini","term_group":0,"term_taxonomy_id":719,"taxonomy":"brand","description":"","parent":0,"count":6,"filter":"raw"}],"product_brand":[],"product_cat":[16,31],"product_tag":[338,293,396,276,316,395,294,292,227,225,226,680,514,317,318],"class_list":{"0":"post-8367","1":"product","2":"type-product","3":"status-publish","4":"has-post-thumbnail","6":"brand-marini","7":"product_cat-material-escolar","8":"product_cat-mochilas-bolsas","9":"product_tag-colorido","10":"product_tag-crianca","11":"product_tag-cute","12":"product_tag-escola","13":"product_tag-estudante","14":"product_tag-fofo","15":"product_tag-infantil","16":"product_tag-kids","17":"product_tag-material-escolar","18":"product_tag-metta-papelaria","19":"product_tag-mochila","20":"product_tag-mochila-de-rodinhas","21":"product_tag-stitch","22":"product_tag-study","23":"product_tag-volta-as-aulas","25":"first","26":"instock","27":"sold-individually","28":"shipping-taxable","29":"purchasable","30":"product-type-simple"},"yoast_head":"<!-- This site is optimized with the Yoast SEO plugin v26.9 - https:\/\/yoast.com\/product\/yoast-seo-wordpress\/ -->\n<title>MOCHILA C\/ RODINHAS LILO E STICH DIMARINI - Metta Papelaria<\/title>\n<meta name=\"description\" content=\"Mochila de Rodinhas Escolar\u00a0 Stitch Dimarini\u00a0 \u00e9 perfeita para os f\u00e3s do Stitch, trazendo toda a magia dos personagens mais queridos da Disney.\" \/>\n<meta name=\"robots\" content=\"index, follow, max-snippet:-1, max-image-preview:large, max-video-preview:-1\" \/>\n<link rel=\"canonical\" href=\"https:\/\/mettapapelaria.com.br\/catalogo\/produto\/mochila-c-rodinhas-lilo-e-stich-dimarini\/\" \/>\n<meta property=\"og:locale\" content=\"pt_BR\" \/>\n<meta property=\"og:type\" content=\"article\" \/>\n<meta property=\"og:title\" content=\"MOCHILA C\/ RODINHAS LILO E STICH DIMARINI - Metta Papelaria\" \/>\n<meta property=\"og:description\" content=\"Mochila de Rodinhas Escolar\u00a0 Stitch Dimarini\u00a0 \u00e9 perfeita para os f\u00e3s do Stitch, trazendo toda a magia dos personagens mais queridos da Disney.\" \/>\n<meta property=\"og:url\" content=\"https:\/\/mettapapelaria.com.br\/catalogo\/produto\/mochila-c-rodinhas-lilo-e-stich-dimarini\/\" \/>\n<meta property=\"og:site_name\" content=\"Metta Papelaria\" \/>\n<meta property=\"article:publisher\" content=\"https:\/\/www.facebook.com\/mettapapelaria\/\" \/>\n<meta property=\"article:modified_time\" content=\"2024-10-30T17:54:51+00:00\" \/>\n<meta property=\"og:image\" content=\"https:\/\/mettapapelaria.com.br\/catalogo\/wp-content\/uploads\/2024\/10\/Copy-of-BORRACHA-BOO-BRILHA-NO-ESCURO-TRIS-38.png\" \/>\n\t<meta property=\"og:image:width\" content=\"500\" \/>\n\t<meta property=\"og:image:height\" content=\"500\" \/>\n\t<meta property=\"og:image:type\" content=\"image\/png\" \/>\n<meta name=\"twitter:card\" content=\"summary_large_image\" \/>\n<meta name=\"twitter:label1\" content=\"Est. tempo de leitura\" \/>\n\t<meta name=\"twitter:data1\" content=\"1 minuto\" \/>\n<script type=\"application\/ld+json\" class=\"yoast-schema-graph\">{\"@context\":\"https:\/\/schema.org\",\"@graph\":[{\"@type\":\"WebPage\",\"@id\":\"https:\/\/mettapapelaria.com.br\/catalogo\/produto\/mochila-c-rodinhas-lilo-e-stich-dimarini\/\",\"url\":\"https:\/\/mettapapelaria.com.br\/catalogo\/produto\/mochila-c-rodinhas-lilo-e-stich-dimarini\/\",\"name\":\"MOCHILA C\/ RODINHAS LILO E STICH DIMARINI - Metta Papelaria\",\"isPartOf\":{\"@id\":\"https:\/\/mettapapelaria.com.br\/catalogo\/#website\"},\"primaryImageOfPage\":{\"@id\":\"https:\/\/mettapapelaria.com.br\/catalogo\/produto\/mochila-c-rodinhas-lilo-e-stich-dimarini\/#primaryimage\"},\"image\":{\"@id\":\"https:\/\/mettapapelaria.com.br\/catalogo\/produto\/mochila-c-rodinhas-lilo-e-stich-dimarini\/#primaryimage\"},\"thumbnailUrl\":\"https:\/\/mettapapelaria.com.br\/catalogo\/wp-content\/uploads\/2024\/10\/Copy-of-BORRACHA-BOO-BRILHA-NO-ESCURO-TRIS-38.png\",\"datePublished\":\"2024-10-30T17:54:50+00:00\",\"dateModified\":\"2024-10-30T17:54:51+00:00\",\"description\":\"Mochila de Rodinhas Escolar\u00a0 Stitch Dimarini\u00a0 \u00e9 perfeita para os f\u00e3s do Stitch, trazendo toda a magia dos personagens mais queridos da Disney.\",\"breadcrumb\":{\"@id\":\"https:\/\/mettapapelaria.com.br\/catalogo\/produto\/mochila-c-rodinhas-lilo-e-stich-dimarini\/#breadcrumb\"},\"inLanguage\":\"pt-BR\",\"potentialAction\":[{\"@type\":\"ReadAction\",\"target\":[\"https:\/\/mettapapelaria.com.br\/catalogo\/produto\/mochila-c-rodinhas-lilo-e-stich-dimarini\/\"]}]},{\"@type\":\"ImageObject\",\"inLanguage\":\"pt-BR\",\"@id\":\"https:\/\/mettapapelaria.com.br\/catalogo\/produto\/mochila-c-rodinhas-lilo-e-stich-dimarini\/#primaryimage\",\"url\":\"https:\/\/mettapapelaria.com.br\/catalogo\/wp-content\/uploads\/2024\/10\/Copy-of-BORRACHA-BOO-BRILHA-NO-ESCURO-TRIS-38.png\",\"contentUrl\":\"https:\/\/mettapapelaria.com.br\/catalogo\/wp-content\/uploads\/2024\/10\/Copy-of-BORRACHA-BOO-BRILHA-NO-ESCURO-TRIS-38.png\",\"width\":500,\"height\":500},{\"@type\":\"BreadcrumbList\",\"@id\":\"https:\/\/mettapapelaria.com.br\/catalogo\/produto\/mochila-c-rodinhas-lilo-e-stich-dimarini\/#breadcrumb\",\"itemListElement\":[{\"@type\":\"ListItem\",\"position\":1,\"name\":\"In\u00edcio\",\"item\":\"https:\/\/mettapapelaria.com.br\/catalogo\/\"},{\"@type\":\"ListItem\",\"position\":2,\"name\":\"Shop\",\"item\":\"https:\/\/mettapapelaria.com.br\/catalogo\/shop\/\"},{\"@type\":\"ListItem\",\"position\":3,\"name\":\"MOCHILA C\/ RODINHAS LILO E STICH DIMARINI\"}]},{\"@type\":\"WebSite\",\"@id\":\"https:\/\/mettapapelaria.com.br\/catalogo\/#website\",\"url\":\"https:\/\/mettapapelaria.com.br\/catalogo\/\",\"name\":\"Metta Papelaria\",\"description\":\"Materiais e equipamentos de escrit\u00f3rio, suprimentos para inform\u00e1tica, e uma diversificada linha de material escolar\",\"publisher\":{\"@id\":\"https:\/\/mettapapelaria.com.br\/catalogo\/#organization\"},\"potentialAction\":[{\"@type\":\"SearchAction\",\"target\":{\"@type\":\"EntryPoint\",\"urlTemplate\":\"https:\/\/mettapapelaria.com.br\/catalogo\/?s={search_term_string}\"},\"query-input\":{\"@type\":\"PropertyValueSpecification\",\"valueRequired\":true,\"valueName\":\"search_term_string\"}}],\"inLanguage\":\"pt-BR\"},{\"@type\":\"Organization\",\"@id\":\"https:\/\/mettapapelaria.com.br\/catalogo\/#organization\",\"name\":\"Metta Papelaria\",\"url\":\"https:\/\/mettapapelaria.com.br\/catalogo\/\",\"logo\":{\"@type\":\"ImageObject\",\"inLanguage\":\"pt-BR\",\"@id\":\"https:\/\/mettapapelaria.com.br\/catalogo\/#\/schema\/logo\/image\/\",\"url\":\"https:\/\/mettapapelaria.com.br\/catalogo\/wp-content\/uploads\/2023\/12\/cropped-favicon-Metta_512-1.png\",\"contentUrl\":\"https:\/\/mettapapelaria.com.br\/catalogo\/wp-content\/uploads\/2023\/12\/cropped-favicon-Metta_512-1.png\",\"width\":512,\"height\":512,\"caption\":\"Metta Papelaria\"},\"image\":{\"@id\":\"https:\/\/mettapapelaria.com.br\/catalogo\/#\/schema\/logo\/image\/\"},\"sameAs\":[\"https:\/\/www.facebook.com\/mettapapelaria\/\",\"https:\/\/www.instagram.com\/papelariametta\/\"]}]}<\/script>\n<!-- \/ Yoast SEO plugin. -->","yoast_head_json":{"title":"MOCHILA C\/ RODINHAS LILO E STICH DIMARINI - Metta Papelaria","description":"Mochila de Rodinhas Escolar\u00a0 Stitch Dimarini\u00a0 \u00e9 perfeita para os f\u00e3s do Stitch, trazendo toda a magia dos personagens mais queridos da Disney.","robots":{"index":"index","follow":"follow","max-snippet":"max-snippet:-1","max-image-preview":"max-image-preview:large","max-video-preview":"max-video-preview:-1"},"canonical":"https:\/\/mettapapelaria.com.br\/catalogo\/produto\/mochila-c-rodinhas-lilo-e-stich-dimarini\/","og_locale":"pt_BR","og_type":"article","og_title":"MOCHILA C\/ RODINHAS LILO E STICH DIMARINI - Metta Papelaria","og_description":"Mochila de Rodinhas Escolar\u00a0 Stitch Dimarini\u00a0 \u00e9 perfeita para os f\u00e3s do Stitch, trazendo toda a magia dos personagens mais queridos da Disney.","og_url":"https:\/\/mettapapelaria.com.br\/catalogo\/produto\/mochila-c-rodinhas-lilo-e-stich-dimarini\/","og_site_name":"Metta Papelaria","article_publisher":"https:\/\/www.facebook.com\/mettapapelaria\/","article_modified_time":"2024-10-30T17:54:51+00:00","og_image":[{"width":500,"height":500,"url":"https:\/\/mettapapelaria.com.br\/catalogo\/wp-content\/uploads\/2024\/10\/Copy-of-BORRACHA-BOO-BRILHA-NO-ESCURO-TRIS-38.png","type":"image\/png"}],"twitter_card":"summary_large_image","twitter_misc":{"Est. tempo de leitura":"1 minuto"},"schema":{"@context":"https:\/\/schema.org","@graph":[{"@type":"WebPage","@id":"https:\/\/mettapapelaria.com.br\/catalogo\/produto\/mochila-c-rodinhas-lilo-e-stich-dimarini\/","url":"https:\/\/mettapapelaria.com.br\/catalogo\/produto\/mochila-c-rodinhas-lilo-e-stich-dimarini\/","name":"MOCHILA C\/ RODINHAS LILO E STICH DIMARINI - Metta Papelaria","isPartOf":{"@id":"https:\/\/mettapapelaria.com.br\/catalogo\/#website"},"primaryImageOfPage":{"@id":"https:\/\/mettapapelaria.com.br\/catalogo\/produto\/mochila-c-rodinhas-lilo-e-stich-dimarini\/#primaryimage"},"image":{"@id":"https:\/\/mettapapelaria.com.br\/catalogo\/produto\/mochila-c-rodinhas-lilo-e-stich-dimarini\/#primaryimage"},"thumbnailUrl":"https:\/\/mettapapelaria.com.br\/catalogo\/wp-content\/uploads\/2024\/10\/Copy-of-BORRACHA-BOO-BRILHA-NO-ESCURO-TRIS-38.png","datePublished":"2024-10-30T17:54:50+00:00","dateModified":"2024-10-30T17:54:51+00:00","description":"Mochila de Rodinhas Escolar\u00a0 Stitch Dimarini\u00a0 \u00e9 perfeita para os f\u00e3s do Stitch, trazendo toda a magia dos personagens mais queridos da Disney.","breadcrumb":{"@id":"https:\/\/mettapapelaria.com.br\/catalogo\/produto\/mochila-c-rodinhas-lilo-e-stich-dimarini\/#breadcrumb"},"inLanguage":"pt-BR","potentialAction":[{"@type":"ReadAction","target":["https:\/\/mettapapelaria.com.br\/catalogo\/produto\/mochila-c-rodinhas-lilo-e-stich-dimarini\/"]}]},{"@type":"ImageObject","inLanguage":"pt-BR","@id":"https:\/\/mettapapelaria.com.br\/catalogo\/produto\/mochila-c-rodinhas-lilo-e-stich-dimarini\/#primaryimage","url":"https:\/\/mettapapelaria.com.br\/catalogo\/wp-content\/uploads\/2024\/10\/Copy-of-BORRACHA-BOO-BRILHA-NO-ESCURO-TRIS-38.png","contentUrl":"https:\/\/mettapapelaria.com.br\/catalogo\/wp-content\/uploads\/2024\/10\/Copy-of-BORRACHA-BOO-BRILHA-NO-ESCURO-TRIS-38.png","width":500,"height":500},{"@type":"BreadcrumbList","@id":"https:\/\/mettapapelaria.com.br\/catalogo\/produto\/mochila-c-rodinhas-lilo-e-stich-dimarini\/#breadcrumb","itemListElement":[{"@type":"ListItem","position":1,"name":"In\u00edcio","item":"https:\/\/mettapapelaria.com.br\/catalogo\/"},{"@type":"ListItem","position":2,"name":"Shop","item":"https:\/\/mettapapelaria.com.br\/catalogo\/shop\/"},{"@type":"ListItem","position":3,"name":"MOCHILA C\/ RODINHAS LILO E STICH DIMARINI"}]},{"@type":"WebSite","@id":"https:\/\/mettapapelaria.com.br\/catalogo\/#website","url":"https:\/\/mettapapelaria.com.br\/catalogo\/","name":"Metta Papelaria","description":"Materiais e equipamentos de escrit\u00f3rio, suprimentos para inform\u00e1tica, e uma diversificada linha de material escolar","publisher":{"@id":"https:\/\/mettapapelaria.com.br\/catalogo\/#organization"},"potentialAction":[{"@type":"SearchAction","target":{"@type":"EntryPoint","urlTemplate":"https:\/\/mettapapelaria.com.br\/catalogo\/?s={search_term_string}"},"query-input":{"@type":"PropertyValueSpecification","valueRequired":true,"valueName":"search_term_string"}}],"inLanguage":"pt-BR"},{"@type":"Organization","@id":"https:\/\/mettapapelaria.com.br\/catalogo\/#organization","name":"Metta Papelaria","url":"https:\/\/mettapapelaria.com.br\/catalogo\/","logo":{"@type":"ImageObject","inLanguage":"pt-BR","@id":"https:\/\/mettapapelaria.com.br\/catalogo\/#\/schema\/logo\/image\/","url":"https:\/\/mettapapelaria.com.br\/catalogo\/wp-content\/uploads\/2023\/12\/cropped-favicon-Metta_512-1.png","contentUrl":"https:\/\/mettapapelaria.com.br\/catalogo\/wp-content\/uploads\/2023\/12\/cropped-favicon-Metta_512-1.png","width":512,"height":512,"caption":"Metta Papelaria"},"image":{"@id":"https:\/\/mettapapelaria.com.br\/catalogo\/#\/schema\/logo\/image\/"},"sameAs":["https:\/\/www.facebook.com\/mettapapelaria\/","https:\/\/www.instagram.com\/papelariametta\/"]}]}},"_links":{"self":[{"href":"https:\/\/mettapapelaria.com.br\/catalogo\/wp-json\/wp\/v2\/product\/8367","targetHints":{"allow":["GET"]}}],"collection":[{"href":"https:\/\/mettapapelaria.com.br\/catalogo\/wp-json\/wp\/v2\/product"}],"about":[{"href":"https:\/\/mettapapelaria.com.br\/catalogo\/wp-json\/wp\/v2\/types\/product"}],"replies":[{"embeddable":true,"href":"https:\/\/mettapapelaria.com.br\/catalogo\/wp-json\/wp\/v2\/comments?post=8367"}],"version-history":[{"count":2,"href":"https:\/\/mettapapelaria.com.br\/catalogo\/wp-json\/wp\/v2\/product\/8367\/revisions"}],"predecessor-version":[{"id":8371,"href":"https:\/\/mettapapelaria.com.br\/catalogo\/wp-json\/wp\/v2\/product\/8367\/revisions\/8371"}],"wp:featuredmedia":[{"embeddable":true,"href":"https:\/\/mettapapelaria.com.br\/catalogo\/wp-json\/wp\/v2\/media\/8368"}],"wp:attachment":[{"href":"https:\/\/mettapapelaria.com.br\/catalogo\/wp-json\/wp\/v2\/media?parent=8367"}],"wp:term":[{"taxonomy":"brand","embeddable":true,"href":"https:\/\/mettapapelaria.com.br\/catalogo\/wp-json\/wp\/v2\/etheme_brands?post=8367"},{"taxonomy":"product_brand","embeddable":true,"href":"https:\/\/mettapapelaria.com.br\/catalogo\/wp-json\/wp\/v2\/product_brand?post=8367"},{"taxonomy":"product_cat","embeddable":true,"href":"https:\/\/mettapapelaria.com.br\/catalogo\/wp-json\/wp\/v2\/product_cat?post=8367"},{"taxonomy":"product_tag","embeddable":true,"href":"https:\/\/mettapapelaria.com.br\/catalogo\/wp-json\/wp\/v2\/product_tag?post=8367"}],"curies":[{"name":"wp","href":"https:\/\/api.w.org\/{rel}","templated":true}]}}