{"id":8337,"date":"2024-10-29T14:21:25","date_gmt":"2024-10-29T17:21:25","guid":{"rendered":"https:\/\/mettapapelaria.com.br\/catalogo\/?post_type=product&#038;p=8337"},"modified":"2024-10-29T14:21:26","modified_gmt":"2024-10-29T17:21:26","slug":"guache-em-bastao-6-cores-leonora","status":"publish","type":"product","link":"https:\/\/mettapapelaria.com.br\/catalogo\/produto\/guache-em-bastao-6-cores-leonora\/","title":{"rendered":"GUACHE EM BAST\u00c3O 6 CORES LEONORA"},"content":{"rendered":"<p>O Guache em Bast\u00e3o &#8211; Caixa com 6 Cores Leo&amp;Leo chegou para mostrar que a alegria de pintar com guache n\u00e3o precisa virar um drama na hora da limpeza. \u00c9 a solu\u00e7\u00e3o perfeita para as crian\u00e7as soltarem a imagina\u00e7\u00e3o, sem fazer aquela bagun\u00e7a com as tintas.<br \/>\nSeu design \u00e9 inteligente e possui um mecanismo rosque\u00e1vel similar ao de uma cola bast\u00e3o, favorecendo a organiza\u00e7\u00e3o e aumentando a durabilidade do produto, j\u00e1 que evita o desperd\u00edcio.<br \/>\nO segredo deste gauche \u00e9 o aspecto mais r\u00edgido da tinta, semelhante ao giz de cera. Assim, al\u00e9m de deixar menos resqu\u00edcios, ela tamb\u00e9m possui um processo de secagem r\u00e1pido.<br \/>\nCada caixa cont\u00e9m seis cores vibrantes: branco, preto, azul, verde, amarelo e vermelho. Agora as crian\u00e7as v\u00e3o poder soltar toda a sua imagina\u00e7\u00e3o em plena harmonia com os ambientes.<\/p>\n","protected":false},"excerpt":{"rendered":"<p>O Guache em Bast\u00e3o &#8211; Caixa com 6 Cores Leo&amp;Leo chegou para mostrar que a alegria de pintar com guache n\u00e3o precisa virar um drama&#8230;<\/p>\n","protected":false},"featured_media":8338,"comment_status":"open","ping_status":"closed","template":"","meta":[],"etheme_brands":[{"term_id":249,"name":"Leonora","slug":"leonora","term_group":0,"term_taxonomy_id":249,"taxonomy":"brand","description":"","parent":0,"count":67,"filter":"raw"}],"product_brand":[],"product_cat":[16,96],"product_tag":[649,338,293,276,316,294,292,227,225,317,353,318],"class_list":{"0":"post-8337","1":"product","2":"type-product","3":"status-publish","4":"has-post-thumbnail","6":"brand-leonora","7":"product_cat-material-escolar","8":"product_cat-tintas","9":"product_tag-cola-bastao","10":"product_tag-colorido","11":"product_tag-crianca","12":"product_tag-escola","13":"product_tag-estudante","14":"product_tag-infantil","15":"product_tag-kids","16":"product_tag-material-escolar","17":"product_tag-metta-papelaria","18":"product_tag-study","19":"product_tag-tinta","20":"product_tag-volta-as-aulas","22":"first","23":"instock","24":"sold-individually","25":"shipping-taxable","26":"purchasable","27":"product-type-simple"},"yoast_head":"<!-- This site is optimized with the Yoast SEO plugin v26.9 - https:\/\/yoast.com\/product\/yoast-seo-wordpress\/ -->\n<title>GUACHE EM BAST\u00c3O 6 CORES LEONORA - Metta Papelaria<\/title>\n<meta name=\"description\" content=\"O Guache em Bast\u00e3o - Caixa com 6 Cores Leo&amp;Leo chegou para mostrar que a alegria de pintar com guache n\u00e3o precisa virar um drama na hora da limpeza.\" \/>\n<meta name=\"robots\" content=\"index, follow, max-snippet:-1, max-image-preview:large, max-video-preview:-1\" \/>\n<link rel=\"canonical\" href=\"https:\/\/mettapapelaria.com.br\/catalogo\/produto\/guache-em-bastao-6-cores-leonora\/\" \/>\n<meta property=\"og:locale\" content=\"pt_BR\" \/>\n<meta property=\"og:type\" content=\"article\" \/>\n<meta property=\"og:title\" content=\"GUACHE EM BAST\u00c3O 6 CORES LEONORA - Metta Papelaria\" \/>\n<meta property=\"og:description\" content=\"O Guache em Bast\u00e3o - Caixa com 6 Cores Leo&amp;Leo chegou para mostrar que a alegria de pintar com guache n\u00e3o precisa virar um drama na hora da limpeza.\" \/>\n<meta property=\"og:url\" content=\"https:\/\/mettapapelaria.com.br\/catalogo\/produto\/guache-em-bastao-6-cores-leonora\/\" \/>\n<meta property=\"og:site_name\" content=\"Metta Papelaria\" \/>\n<meta property=\"article:publisher\" content=\"https:\/\/www.facebook.com\/mettapapelaria\/\" \/>\n<meta property=\"article:modified_time\" content=\"2024-10-29T17:21:26+00:00\" \/>\n<meta property=\"og:image\" content=\"https:\/\/mettapapelaria.com.br\/catalogo\/wp-content\/uploads\/2024\/10\/Copy-of-BORRACHA-BOO-BRILHA-NO-ESCURO-TRIS-8.png\" \/>\n\t<meta property=\"og:image:width\" content=\"500\" \/>\n\t<meta property=\"og:image:height\" content=\"500\" \/>\n\t<meta property=\"og:image:type\" content=\"image\/png\" \/>\n<meta name=\"twitter:card\" content=\"summary_large_image\" \/>\n<meta name=\"twitter:label1\" content=\"Est. tempo de leitura\" \/>\n\t<meta name=\"twitter:data1\" content=\"1 minuto\" \/>\n<script type=\"application\/ld+json\" class=\"yoast-schema-graph\">{\"@context\":\"https:\/\/schema.org\",\"@graph\":[{\"@type\":\"WebPage\",\"@id\":\"https:\/\/mettapapelaria.com.br\/catalogo\/produto\/guache-em-bastao-6-cores-leonora\/\",\"url\":\"https:\/\/mettapapelaria.com.br\/catalogo\/produto\/guache-em-bastao-6-cores-leonora\/\",\"name\":\"GUACHE EM BAST\u00c3O 6 CORES LEONORA - Metta Papelaria\",\"isPartOf\":{\"@id\":\"https:\/\/mettapapelaria.com.br\/catalogo\/#website\"},\"primaryImageOfPage\":{\"@id\":\"https:\/\/mettapapelaria.com.br\/catalogo\/produto\/guache-em-bastao-6-cores-leonora\/#primaryimage\"},\"image\":{\"@id\":\"https:\/\/mettapapelaria.com.br\/catalogo\/produto\/guache-em-bastao-6-cores-leonora\/#primaryimage\"},\"thumbnailUrl\":\"https:\/\/mettapapelaria.com.br\/catalogo\/wp-content\/uploads\/2024\/10\/Copy-of-BORRACHA-BOO-BRILHA-NO-ESCURO-TRIS-8.png\",\"datePublished\":\"2024-10-29T17:21:25+00:00\",\"dateModified\":\"2024-10-29T17:21:26+00:00\",\"description\":\"O Guache em Bast\u00e3o - Caixa com 6 Cores Leo&Leo chegou para mostrar que a alegria de pintar com guache n\u00e3o precisa virar um drama na hora da limpeza.\",\"breadcrumb\":{\"@id\":\"https:\/\/mettapapelaria.com.br\/catalogo\/produto\/guache-em-bastao-6-cores-leonora\/#breadcrumb\"},\"inLanguage\":\"pt-BR\",\"potentialAction\":[{\"@type\":\"ReadAction\",\"target\":[\"https:\/\/mettapapelaria.com.br\/catalogo\/produto\/guache-em-bastao-6-cores-leonora\/\"]}]},{\"@type\":\"ImageObject\",\"inLanguage\":\"pt-BR\",\"@id\":\"https:\/\/mettapapelaria.com.br\/catalogo\/produto\/guache-em-bastao-6-cores-leonora\/#primaryimage\",\"url\":\"https:\/\/mettapapelaria.com.br\/catalogo\/wp-content\/uploads\/2024\/10\/Copy-of-BORRACHA-BOO-BRILHA-NO-ESCURO-TRIS-8.png\",\"contentUrl\":\"https:\/\/mettapapelaria.com.br\/catalogo\/wp-content\/uploads\/2024\/10\/Copy-of-BORRACHA-BOO-BRILHA-NO-ESCURO-TRIS-8.png\",\"width\":500,\"height\":500},{\"@type\":\"BreadcrumbList\",\"@id\":\"https:\/\/mettapapelaria.com.br\/catalogo\/produto\/guache-em-bastao-6-cores-leonora\/#breadcrumb\",\"itemListElement\":[{\"@type\":\"ListItem\",\"position\":1,\"name\":\"In\u00edcio\",\"item\":\"https:\/\/mettapapelaria.com.br\/catalogo\/\"},{\"@type\":\"ListItem\",\"position\":2,\"name\":\"Shop\",\"item\":\"https:\/\/mettapapelaria.com.br\/catalogo\/shop\/\"},{\"@type\":\"ListItem\",\"position\":3,\"name\":\"GUACHE EM BAST\u00c3O 6 CORES LEONORA\"}]},{\"@type\":\"WebSite\",\"@id\":\"https:\/\/mettapapelaria.com.br\/catalogo\/#website\",\"url\":\"https:\/\/mettapapelaria.com.br\/catalogo\/\",\"name\":\"Metta Papelaria\",\"description\":\"Materiais e equipamentos de escrit\u00f3rio, suprimentos para inform\u00e1tica, e uma diversificada linha de material escolar\",\"publisher\":{\"@id\":\"https:\/\/mettapapelaria.com.br\/catalogo\/#organization\"},\"potentialAction\":[{\"@type\":\"SearchAction\",\"target\":{\"@type\":\"EntryPoint\",\"urlTemplate\":\"https:\/\/mettapapelaria.com.br\/catalogo\/?s={search_term_string}\"},\"query-input\":{\"@type\":\"PropertyValueSpecification\",\"valueRequired\":true,\"valueName\":\"search_term_string\"}}],\"inLanguage\":\"pt-BR\"},{\"@type\":\"Organization\",\"@id\":\"https:\/\/mettapapelaria.com.br\/catalogo\/#organization\",\"name\":\"Metta Papelaria\",\"url\":\"https:\/\/mettapapelaria.com.br\/catalogo\/\",\"logo\":{\"@type\":\"ImageObject\",\"inLanguage\":\"pt-BR\",\"@id\":\"https:\/\/mettapapelaria.com.br\/catalogo\/#\/schema\/logo\/image\/\",\"url\":\"https:\/\/mettapapelaria.com.br\/catalogo\/wp-content\/uploads\/2023\/12\/cropped-favicon-Metta_512-1.png\",\"contentUrl\":\"https:\/\/mettapapelaria.com.br\/catalogo\/wp-content\/uploads\/2023\/12\/cropped-favicon-Metta_512-1.png\",\"width\":512,\"height\":512,\"caption\":\"Metta Papelaria\"},\"image\":{\"@id\":\"https:\/\/mettapapelaria.com.br\/catalogo\/#\/schema\/logo\/image\/\"},\"sameAs\":[\"https:\/\/www.facebook.com\/mettapapelaria\/\",\"https:\/\/www.instagram.com\/papelariametta\/\"]}]}<\/script>\n<!-- \/ Yoast SEO plugin. -->","yoast_head_json":{"title":"GUACHE EM BAST\u00c3O 6 CORES LEONORA - Metta Papelaria","description":"O Guache em Bast\u00e3o - Caixa com 6 Cores Leo&Leo chegou para mostrar que a alegria de pintar com guache n\u00e3o precisa virar um drama na hora da limpeza.","robots":{"index":"index","follow":"follow","max-snippet":"max-snippet:-1","max-image-preview":"max-image-preview:large","max-video-preview":"max-video-preview:-1"},"canonical":"https:\/\/mettapapelaria.com.br\/catalogo\/produto\/guache-em-bastao-6-cores-leonora\/","og_locale":"pt_BR","og_type":"article","og_title":"GUACHE EM BAST\u00c3O 6 CORES LEONORA - Metta Papelaria","og_description":"O Guache em Bast\u00e3o - Caixa com 6 Cores Leo&Leo chegou para mostrar que a alegria de pintar com guache n\u00e3o precisa virar um drama na hora da limpeza.","og_url":"https:\/\/mettapapelaria.com.br\/catalogo\/produto\/guache-em-bastao-6-cores-leonora\/","og_site_name":"Metta Papelaria","article_publisher":"https:\/\/www.facebook.com\/mettapapelaria\/","article_modified_time":"2024-10-29T17:21:26+00:00","og_image":[{"width":500,"height":500,"url":"https:\/\/mettapapelaria.com.br\/catalogo\/wp-content\/uploads\/2024\/10\/Copy-of-BORRACHA-BOO-BRILHA-NO-ESCURO-TRIS-8.png","type":"image\/png"}],"twitter_card":"summary_large_image","twitter_misc":{"Est. tempo de leitura":"1 minuto"},"schema":{"@context":"https:\/\/schema.org","@graph":[{"@type":"WebPage","@id":"https:\/\/mettapapelaria.com.br\/catalogo\/produto\/guache-em-bastao-6-cores-leonora\/","url":"https:\/\/mettapapelaria.com.br\/catalogo\/produto\/guache-em-bastao-6-cores-leonora\/","name":"GUACHE EM BAST\u00c3O 6 CORES LEONORA - Metta Papelaria","isPartOf":{"@id":"https:\/\/mettapapelaria.com.br\/catalogo\/#website"},"primaryImageOfPage":{"@id":"https:\/\/mettapapelaria.com.br\/catalogo\/produto\/guache-em-bastao-6-cores-leonora\/#primaryimage"},"image":{"@id":"https:\/\/mettapapelaria.com.br\/catalogo\/produto\/guache-em-bastao-6-cores-leonora\/#primaryimage"},"thumbnailUrl":"https:\/\/mettapapelaria.com.br\/catalogo\/wp-content\/uploads\/2024\/10\/Copy-of-BORRACHA-BOO-BRILHA-NO-ESCURO-TRIS-8.png","datePublished":"2024-10-29T17:21:25+00:00","dateModified":"2024-10-29T17:21:26+00:00","description":"O Guache em Bast\u00e3o - Caixa com 6 Cores Leo&Leo chegou para mostrar que a alegria de pintar com guache n\u00e3o precisa virar um drama na hora da limpeza.","breadcrumb":{"@id":"https:\/\/mettapapelaria.com.br\/catalogo\/produto\/guache-em-bastao-6-cores-leonora\/#breadcrumb"},"inLanguage":"pt-BR","potentialAction":[{"@type":"ReadAction","target":["https:\/\/mettapapelaria.com.br\/catalogo\/produto\/guache-em-bastao-6-cores-leonora\/"]}]},{"@type":"ImageObject","inLanguage":"pt-BR","@id":"https:\/\/mettapapelaria.com.br\/catalogo\/produto\/guache-em-bastao-6-cores-leonora\/#primaryimage","url":"https:\/\/mettapapelaria.com.br\/catalogo\/wp-content\/uploads\/2024\/10\/Copy-of-BORRACHA-BOO-BRILHA-NO-ESCURO-TRIS-8.png","contentUrl":"https:\/\/mettapapelaria.com.br\/catalogo\/wp-content\/uploads\/2024\/10\/Copy-of-BORRACHA-BOO-BRILHA-NO-ESCURO-TRIS-8.png","width":500,"height":500},{"@type":"BreadcrumbList","@id":"https:\/\/mettapapelaria.com.br\/catalogo\/produto\/guache-em-bastao-6-cores-leonora\/#breadcrumb","itemListElement":[{"@type":"ListItem","position":1,"name":"In\u00edcio","item":"https:\/\/mettapapelaria.com.br\/catalogo\/"},{"@type":"ListItem","position":2,"name":"Shop","item":"https:\/\/mettapapelaria.com.br\/catalogo\/shop\/"},{"@type":"ListItem","position":3,"name":"GUACHE EM BAST\u00c3O 6 CORES LEONORA"}]},{"@type":"WebSite","@id":"https:\/\/mettapapelaria.com.br\/catalogo\/#website","url":"https:\/\/mettapapelaria.com.br\/catalogo\/","name":"Metta Papelaria","description":"Materiais e equipamentos de escrit\u00f3rio, suprimentos para inform\u00e1tica, e uma diversificada linha de material escolar","publisher":{"@id":"https:\/\/mettapapelaria.com.br\/catalogo\/#organization"},"potentialAction":[{"@type":"SearchAction","target":{"@type":"EntryPoint","urlTemplate":"https:\/\/mettapapelaria.com.br\/catalogo\/?s={search_term_string}"},"query-input":{"@type":"PropertyValueSpecification","valueRequired":true,"valueName":"search_term_string"}}],"inLanguage":"pt-BR"},{"@type":"Organization","@id":"https:\/\/mettapapelaria.com.br\/catalogo\/#organization","name":"Metta Papelaria","url":"https:\/\/mettapapelaria.com.br\/catalogo\/","logo":{"@type":"ImageObject","inLanguage":"pt-BR","@id":"https:\/\/mettapapelaria.com.br\/catalogo\/#\/schema\/logo\/image\/","url":"https:\/\/mettapapelaria.com.br\/catalogo\/wp-content\/uploads\/2023\/12\/cropped-favicon-Metta_512-1.png","contentUrl":"https:\/\/mettapapelaria.com.br\/catalogo\/wp-content\/uploads\/2023\/12\/cropped-favicon-Metta_512-1.png","width":512,"height":512,"caption":"Metta Papelaria"},"image":{"@id":"https:\/\/mettapapelaria.com.br\/catalogo\/#\/schema\/logo\/image\/"},"sameAs":["https:\/\/www.facebook.com\/mettapapelaria\/","https:\/\/www.instagram.com\/papelariametta\/"]}]}},"_links":{"self":[{"href":"https:\/\/mettapapelaria.com.br\/catalogo\/wp-json\/wp\/v2\/product\/8337","targetHints":{"allow":["GET"]}}],"collection":[{"href":"https:\/\/mettapapelaria.com.br\/catalogo\/wp-json\/wp\/v2\/product"}],"about":[{"href":"https:\/\/mettapapelaria.com.br\/catalogo\/wp-json\/wp\/v2\/types\/product"}],"replies":[{"embeddable":true,"href":"https:\/\/mettapapelaria.com.br\/catalogo\/wp-json\/wp\/v2\/comments?post=8337"}],"version-history":[{"count":1,"href":"https:\/\/mettapapelaria.com.br\/catalogo\/wp-json\/wp\/v2\/product\/8337\/revisions"}],"predecessor-version":[{"id":8340,"href":"https:\/\/mettapapelaria.com.br\/catalogo\/wp-json\/wp\/v2\/product\/8337\/revisions\/8340"}],"wp:featuredmedia":[{"embeddable":true,"href":"https:\/\/mettapapelaria.com.br\/catalogo\/wp-json\/wp\/v2\/media\/8338"}],"wp:attachment":[{"href":"https:\/\/mettapapelaria.com.br\/catalogo\/wp-json\/wp\/v2\/media?parent=8337"}],"wp:term":[{"taxonomy":"brand","embeddable":true,"href":"https:\/\/mettapapelaria.com.br\/catalogo\/wp-json\/wp\/v2\/etheme_brands?post=8337"},{"taxonomy":"product_brand","embeddable":true,"href":"https:\/\/mettapapelaria.com.br\/catalogo\/wp-json\/wp\/v2\/product_brand?post=8337"},{"taxonomy":"product_cat","embeddable":true,"href":"https:\/\/mettapapelaria.com.br\/catalogo\/wp-json\/wp\/v2\/product_cat?post=8337"},{"taxonomy":"product_tag","embeddable":true,"href":"https:\/\/mettapapelaria.com.br\/catalogo\/wp-json\/wp\/v2\/product_tag?post=8337"}],"curies":[{"name":"wp","href":"https:\/\/api.w.org\/{rel}","templated":true}]}}