{"id":8329,"date":"2024-10-29T14:08:23","date_gmt":"2024-10-29T17:08:23","guid":{"rendered":"https:\/\/mettapapelaria.com.br\/catalogo\/?post_type=product&#038;p=8329"},"modified":"2024-10-29T14:08:25","modified_gmt":"2024-10-29T17:08:25","slug":"mouse-sem-fio-looney-tunes-letron","status":"publish","type":"product","link":"https:\/\/mettapapelaria.com.br\/catalogo\/produto\/mouse-sem-fio-looney-tunes-letron\/","title":{"rendered":"MOUSE SEM FIO LOONEY TUNES LETRON"},"content":{"rendered":"<p>Com o Mouse Sem Fio Looney Tunes Piu-Piu da Letron fazer seus trabalhos ou estudos no notebook ou no PC agora ser\u00e3o mais divertidos.<br \/>\nNa cor amarela e estampado com um dos mais queridos e famosos personagens da Looney Tunes, o passarinho Piu-Piu, ele \u00e9 um mouse sem fio macio e silencioso. Com 3 bot\u00f5es, alcance de 10 metros e resolu\u00e7\u00e3o de 1000 DPI para realizar os trabalhos de maneira precisa e r\u00e1pida, ele \u00e9 leve e pequeno, sendo seu design compacto e confort\u00e1vel, ideal tanto para destros como para canhotos. \u00c9 f\u00e1cil de transportar e pr\u00e1tico para utilizar, pois basta plugar o mini receptor na entrada USB do computador e pronto, pode come\u00e7ar a usar!<\/p>\n","protected":false},"excerpt":{"rendered":"<p>Com o Mouse Sem Fio Looney Tunes Piu-Piu da Letron fazer seus trabalhos ou estudos no notebook ou no PC agora ser\u00e3o mais divertidos. Na&#8230;<\/p>\n","protected":false},"featured_media":8330,"comment_status":"open","ping_status":"closed","template":"","meta":[],"etheme_brands":[{"term_id":249,"name":"Leonora","slug":"leonora","term_group":0,"term_taxonomy_id":249,"taxonomy":"brand","description":"","parent":0,"count":67,"filter":"raw"}],"product_brand":[],"product_cat":[15,41],"product_tag":[293,396,275,395,255,294,292,601,228,225,716,622,274],"class_list":{"0":"post-8329","1":"product","2":"type-product","3":"status-publish","4":"has-post-thumbnail","6":"brand-leonora","7":"product_cat-material-escritorio","8":"product_cat-mouses-teclados-e-acessorios","9":"product_tag-crianca","10":"product_tag-cute","11":"product_tag-faculdade","12":"product_tag-fofo","13":"product_tag-home","14":"product_tag-infantil","15":"product_tag-kids","16":"product_tag-looney-tunes","17":"product_tag-material-de-escritorio","18":"product_tag-metta-papelaria","19":"product_tag-mouse","20":"product_tag-office","21":"product_tag-universidade","23":"first","24":"instock","25":"sold-individually","26":"shipping-taxable","27":"purchasable","28":"product-type-simple"},"yoast_head":"<!-- This site is optimized with the Yoast SEO plugin v26.9 - https:\/\/yoast.com\/product\/yoast-seo-wordpress\/ -->\n<title>MOUSE SEM FIO LOONEY TUNES LETRON - Metta Papelaria<\/title>\n<meta name=\"description\" content=\"Com o Mouse Sem Fio Looney Tunes Piu-Piu da Letron fazer seus trabalhos ou estudos no notebook ou no PC agora ser\u00e3o mais divertidos.\" \/>\n<meta name=\"robots\" content=\"index, follow, max-snippet:-1, max-image-preview:large, max-video-preview:-1\" \/>\n<link rel=\"canonical\" href=\"https:\/\/mettapapelaria.com.br\/catalogo\/produto\/mouse-sem-fio-looney-tunes-letron\/\" \/>\n<meta property=\"og:locale\" content=\"pt_BR\" \/>\n<meta property=\"og:type\" content=\"article\" \/>\n<meta property=\"og:title\" content=\"MOUSE SEM FIO LOONEY TUNES LETRON - Metta Papelaria\" \/>\n<meta property=\"og:description\" content=\"Com o Mouse Sem Fio Looney Tunes Piu-Piu da Letron fazer seus trabalhos ou estudos no notebook ou no PC agora ser\u00e3o mais divertidos.\" \/>\n<meta property=\"og:url\" content=\"https:\/\/mettapapelaria.com.br\/catalogo\/produto\/mouse-sem-fio-looney-tunes-letron\/\" \/>\n<meta property=\"og:site_name\" content=\"Metta Papelaria\" \/>\n<meta property=\"article:publisher\" content=\"https:\/\/www.facebook.com\/mettapapelaria\/\" \/>\n<meta property=\"article:modified_time\" content=\"2024-10-29T17:08:25+00:00\" \/>\n<meta property=\"og:image\" content=\"https:\/\/mettapapelaria.com.br\/catalogo\/wp-content\/uploads\/2024\/10\/Copy-of-BORRACHA-BOO-BRILHA-NO-ESCURO-TRIS-4.png\" \/>\n\t<meta property=\"og:image:width\" content=\"500\" \/>\n\t<meta property=\"og:image:height\" content=\"500\" \/>\n\t<meta property=\"og:image:type\" content=\"image\/png\" \/>\n<meta name=\"twitter:card\" content=\"summary_large_image\" \/>\n<meta name=\"twitter:label1\" content=\"Est. tempo de leitura\" \/>\n\t<meta name=\"twitter:data1\" content=\"1 minuto\" \/>\n<script type=\"application\/ld+json\" class=\"yoast-schema-graph\">{\"@context\":\"https:\/\/schema.org\",\"@graph\":[{\"@type\":\"WebPage\",\"@id\":\"https:\/\/mettapapelaria.com.br\/catalogo\/produto\/mouse-sem-fio-looney-tunes-letron\/\",\"url\":\"https:\/\/mettapapelaria.com.br\/catalogo\/produto\/mouse-sem-fio-looney-tunes-letron\/\",\"name\":\"MOUSE SEM FIO LOONEY TUNES LETRON - Metta Papelaria\",\"isPartOf\":{\"@id\":\"https:\/\/mettapapelaria.com.br\/catalogo\/#website\"},\"primaryImageOfPage\":{\"@id\":\"https:\/\/mettapapelaria.com.br\/catalogo\/produto\/mouse-sem-fio-looney-tunes-letron\/#primaryimage\"},\"image\":{\"@id\":\"https:\/\/mettapapelaria.com.br\/catalogo\/produto\/mouse-sem-fio-looney-tunes-letron\/#primaryimage\"},\"thumbnailUrl\":\"https:\/\/mettapapelaria.com.br\/catalogo\/wp-content\/uploads\/2024\/10\/Copy-of-BORRACHA-BOO-BRILHA-NO-ESCURO-TRIS-4.png\",\"datePublished\":\"2024-10-29T17:08:23+00:00\",\"dateModified\":\"2024-10-29T17:08:25+00:00\",\"description\":\"Com o Mouse Sem Fio Looney Tunes Piu-Piu da Letron fazer seus trabalhos ou estudos no notebook ou no PC agora ser\u00e3o mais divertidos.\",\"breadcrumb\":{\"@id\":\"https:\/\/mettapapelaria.com.br\/catalogo\/produto\/mouse-sem-fio-looney-tunes-letron\/#breadcrumb\"},\"inLanguage\":\"pt-BR\",\"potentialAction\":[{\"@type\":\"ReadAction\",\"target\":[\"https:\/\/mettapapelaria.com.br\/catalogo\/produto\/mouse-sem-fio-looney-tunes-letron\/\"]}]},{\"@type\":\"ImageObject\",\"inLanguage\":\"pt-BR\",\"@id\":\"https:\/\/mettapapelaria.com.br\/catalogo\/produto\/mouse-sem-fio-looney-tunes-letron\/#primaryimage\",\"url\":\"https:\/\/mettapapelaria.com.br\/catalogo\/wp-content\/uploads\/2024\/10\/Copy-of-BORRACHA-BOO-BRILHA-NO-ESCURO-TRIS-4.png\",\"contentUrl\":\"https:\/\/mettapapelaria.com.br\/catalogo\/wp-content\/uploads\/2024\/10\/Copy-of-BORRACHA-BOO-BRILHA-NO-ESCURO-TRIS-4.png\",\"width\":500,\"height\":500},{\"@type\":\"BreadcrumbList\",\"@id\":\"https:\/\/mettapapelaria.com.br\/catalogo\/produto\/mouse-sem-fio-looney-tunes-letron\/#breadcrumb\",\"itemListElement\":[{\"@type\":\"ListItem\",\"position\":1,\"name\":\"In\u00edcio\",\"item\":\"https:\/\/mettapapelaria.com.br\/catalogo\/\"},{\"@type\":\"ListItem\",\"position\":2,\"name\":\"Shop\",\"item\":\"https:\/\/mettapapelaria.com.br\/catalogo\/shop\/\"},{\"@type\":\"ListItem\",\"position\":3,\"name\":\"MOUSE SEM FIO LOONEY TUNES LETRON\"}]},{\"@type\":\"WebSite\",\"@id\":\"https:\/\/mettapapelaria.com.br\/catalogo\/#website\",\"url\":\"https:\/\/mettapapelaria.com.br\/catalogo\/\",\"name\":\"Metta Papelaria\",\"description\":\"Materiais e equipamentos de escrit\u00f3rio, suprimentos para inform\u00e1tica, e uma diversificada linha de material escolar\",\"publisher\":{\"@id\":\"https:\/\/mettapapelaria.com.br\/catalogo\/#organization\"},\"potentialAction\":[{\"@type\":\"SearchAction\",\"target\":{\"@type\":\"EntryPoint\",\"urlTemplate\":\"https:\/\/mettapapelaria.com.br\/catalogo\/?s={search_term_string}\"},\"query-input\":{\"@type\":\"PropertyValueSpecification\",\"valueRequired\":true,\"valueName\":\"search_term_string\"}}],\"inLanguage\":\"pt-BR\"},{\"@type\":\"Organization\",\"@id\":\"https:\/\/mettapapelaria.com.br\/catalogo\/#organization\",\"name\":\"Metta Papelaria\",\"url\":\"https:\/\/mettapapelaria.com.br\/catalogo\/\",\"logo\":{\"@type\":\"ImageObject\",\"inLanguage\":\"pt-BR\",\"@id\":\"https:\/\/mettapapelaria.com.br\/catalogo\/#\/schema\/logo\/image\/\",\"url\":\"https:\/\/mettapapelaria.com.br\/catalogo\/wp-content\/uploads\/2023\/12\/cropped-favicon-Metta_512-1.png\",\"contentUrl\":\"https:\/\/mettapapelaria.com.br\/catalogo\/wp-content\/uploads\/2023\/12\/cropped-favicon-Metta_512-1.png\",\"width\":512,\"height\":512,\"caption\":\"Metta Papelaria\"},\"image\":{\"@id\":\"https:\/\/mettapapelaria.com.br\/catalogo\/#\/schema\/logo\/image\/\"},\"sameAs\":[\"https:\/\/www.facebook.com\/mettapapelaria\/\",\"https:\/\/www.instagram.com\/papelariametta\/\"]}]}<\/script>\n<!-- \/ Yoast SEO plugin. -->","yoast_head_json":{"title":"MOUSE SEM FIO LOONEY TUNES LETRON - Metta Papelaria","description":"Com o Mouse Sem Fio Looney Tunes Piu-Piu da Letron fazer seus trabalhos ou estudos no notebook ou no PC agora ser\u00e3o mais divertidos.","robots":{"index":"index","follow":"follow","max-snippet":"max-snippet:-1","max-image-preview":"max-image-preview:large","max-video-preview":"max-video-preview:-1"},"canonical":"https:\/\/mettapapelaria.com.br\/catalogo\/produto\/mouse-sem-fio-looney-tunes-letron\/","og_locale":"pt_BR","og_type":"article","og_title":"MOUSE SEM FIO LOONEY TUNES LETRON - Metta Papelaria","og_description":"Com o Mouse Sem Fio Looney Tunes Piu-Piu da Letron fazer seus trabalhos ou estudos no notebook ou no PC agora ser\u00e3o mais divertidos.","og_url":"https:\/\/mettapapelaria.com.br\/catalogo\/produto\/mouse-sem-fio-looney-tunes-letron\/","og_site_name":"Metta Papelaria","article_publisher":"https:\/\/www.facebook.com\/mettapapelaria\/","article_modified_time":"2024-10-29T17:08:25+00:00","og_image":[{"width":500,"height":500,"url":"https:\/\/mettapapelaria.com.br\/catalogo\/wp-content\/uploads\/2024\/10\/Copy-of-BORRACHA-BOO-BRILHA-NO-ESCURO-TRIS-4.png","type":"image\/png"}],"twitter_card":"summary_large_image","twitter_misc":{"Est. tempo de leitura":"1 minuto"},"schema":{"@context":"https:\/\/schema.org","@graph":[{"@type":"WebPage","@id":"https:\/\/mettapapelaria.com.br\/catalogo\/produto\/mouse-sem-fio-looney-tunes-letron\/","url":"https:\/\/mettapapelaria.com.br\/catalogo\/produto\/mouse-sem-fio-looney-tunes-letron\/","name":"MOUSE SEM FIO LOONEY TUNES LETRON - Metta Papelaria","isPartOf":{"@id":"https:\/\/mettapapelaria.com.br\/catalogo\/#website"},"primaryImageOfPage":{"@id":"https:\/\/mettapapelaria.com.br\/catalogo\/produto\/mouse-sem-fio-looney-tunes-letron\/#primaryimage"},"image":{"@id":"https:\/\/mettapapelaria.com.br\/catalogo\/produto\/mouse-sem-fio-looney-tunes-letron\/#primaryimage"},"thumbnailUrl":"https:\/\/mettapapelaria.com.br\/catalogo\/wp-content\/uploads\/2024\/10\/Copy-of-BORRACHA-BOO-BRILHA-NO-ESCURO-TRIS-4.png","datePublished":"2024-10-29T17:08:23+00:00","dateModified":"2024-10-29T17:08:25+00:00","description":"Com o Mouse Sem Fio Looney Tunes Piu-Piu da Letron fazer seus trabalhos ou estudos no notebook ou no PC agora ser\u00e3o mais divertidos.","breadcrumb":{"@id":"https:\/\/mettapapelaria.com.br\/catalogo\/produto\/mouse-sem-fio-looney-tunes-letron\/#breadcrumb"},"inLanguage":"pt-BR","potentialAction":[{"@type":"ReadAction","target":["https:\/\/mettapapelaria.com.br\/catalogo\/produto\/mouse-sem-fio-looney-tunes-letron\/"]}]},{"@type":"ImageObject","inLanguage":"pt-BR","@id":"https:\/\/mettapapelaria.com.br\/catalogo\/produto\/mouse-sem-fio-looney-tunes-letron\/#primaryimage","url":"https:\/\/mettapapelaria.com.br\/catalogo\/wp-content\/uploads\/2024\/10\/Copy-of-BORRACHA-BOO-BRILHA-NO-ESCURO-TRIS-4.png","contentUrl":"https:\/\/mettapapelaria.com.br\/catalogo\/wp-content\/uploads\/2024\/10\/Copy-of-BORRACHA-BOO-BRILHA-NO-ESCURO-TRIS-4.png","width":500,"height":500},{"@type":"BreadcrumbList","@id":"https:\/\/mettapapelaria.com.br\/catalogo\/produto\/mouse-sem-fio-looney-tunes-letron\/#breadcrumb","itemListElement":[{"@type":"ListItem","position":1,"name":"In\u00edcio","item":"https:\/\/mettapapelaria.com.br\/catalogo\/"},{"@type":"ListItem","position":2,"name":"Shop","item":"https:\/\/mettapapelaria.com.br\/catalogo\/shop\/"},{"@type":"ListItem","position":3,"name":"MOUSE SEM FIO LOONEY TUNES LETRON"}]},{"@type":"WebSite","@id":"https:\/\/mettapapelaria.com.br\/catalogo\/#website","url":"https:\/\/mettapapelaria.com.br\/catalogo\/","name":"Metta Papelaria","description":"Materiais e equipamentos de escrit\u00f3rio, suprimentos para inform\u00e1tica, e uma diversificada linha de material escolar","publisher":{"@id":"https:\/\/mettapapelaria.com.br\/catalogo\/#organization"},"potentialAction":[{"@type":"SearchAction","target":{"@type":"EntryPoint","urlTemplate":"https:\/\/mettapapelaria.com.br\/catalogo\/?s={search_term_string}"},"query-input":{"@type":"PropertyValueSpecification","valueRequired":true,"valueName":"search_term_string"}}],"inLanguage":"pt-BR"},{"@type":"Organization","@id":"https:\/\/mettapapelaria.com.br\/catalogo\/#organization","name":"Metta Papelaria","url":"https:\/\/mettapapelaria.com.br\/catalogo\/","logo":{"@type":"ImageObject","inLanguage":"pt-BR","@id":"https:\/\/mettapapelaria.com.br\/catalogo\/#\/schema\/logo\/image\/","url":"https:\/\/mettapapelaria.com.br\/catalogo\/wp-content\/uploads\/2023\/12\/cropped-favicon-Metta_512-1.png","contentUrl":"https:\/\/mettapapelaria.com.br\/catalogo\/wp-content\/uploads\/2023\/12\/cropped-favicon-Metta_512-1.png","width":512,"height":512,"caption":"Metta Papelaria"},"image":{"@id":"https:\/\/mettapapelaria.com.br\/catalogo\/#\/schema\/logo\/image\/"},"sameAs":["https:\/\/www.facebook.com\/mettapapelaria\/","https:\/\/www.instagram.com\/papelariametta\/"]}]}},"_links":{"self":[{"href":"https:\/\/mettapapelaria.com.br\/catalogo\/wp-json\/wp\/v2\/product\/8329","targetHints":{"allow":["GET"]}}],"collection":[{"href":"https:\/\/mettapapelaria.com.br\/catalogo\/wp-json\/wp\/v2\/product"}],"about":[{"href":"https:\/\/mettapapelaria.com.br\/catalogo\/wp-json\/wp\/v2\/types\/product"}],"replies":[{"embeddable":true,"href":"https:\/\/mettapapelaria.com.br\/catalogo\/wp-json\/wp\/v2\/comments?post=8329"}],"version-history":[{"count":1,"href":"https:\/\/mettapapelaria.com.br\/catalogo\/wp-json\/wp\/v2\/product\/8329\/revisions"}],"predecessor-version":[{"id":8332,"href":"https:\/\/mettapapelaria.com.br\/catalogo\/wp-json\/wp\/v2\/product\/8329\/revisions\/8332"}],"wp:featuredmedia":[{"embeddable":true,"href":"https:\/\/mettapapelaria.com.br\/catalogo\/wp-json\/wp\/v2\/media\/8330"}],"wp:attachment":[{"href":"https:\/\/mettapapelaria.com.br\/catalogo\/wp-json\/wp\/v2\/media?parent=8329"}],"wp:term":[{"taxonomy":"brand","embeddable":true,"href":"https:\/\/mettapapelaria.com.br\/catalogo\/wp-json\/wp\/v2\/etheme_brands?post=8329"},{"taxonomy":"product_brand","embeddable":true,"href":"https:\/\/mettapapelaria.com.br\/catalogo\/wp-json\/wp\/v2\/product_brand?post=8329"},{"taxonomy":"product_cat","embeddable":true,"href":"https:\/\/mettapapelaria.com.br\/catalogo\/wp-json\/wp\/v2\/product_cat?post=8329"},{"taxonomy":"product_tag","embeddable":true,"href":"https:\/\/mettapapelaria.com.br\/catalogo\/wp-json\/wp\/v2\/product_tag?post=8329"}],"curies":[{"name":"wp","href":"https:\/\/api.w.org\/{rel}","templated":true}]}}