{"id":8305,"date":"2024-10-28T08:23:34","date_gmt":"2024-10-28T11:23:34","guid":{"rendered":"https:\/\/mettapapelaria.com.br\/catalogo\/?post_type=product&#038;p=8305"},"modified":"2024-10-28T08:23:36","modified_gmt":"2024-10-28T11:23:36","slug":"lapis-de-escrever-com-borracha-ponteira-animalucos-tris","status":"publish","type":"product","link":"https:\/\/mettapapelaria.com.br\/catalogo\/produto\/lapis-de-escrever-com-borracha-ponteira-animalucos-tris\/","title":{"rendered":"L\u00c1PIS DE ESCREVER COM BORRACHA PONTEIRA ANIMALUCOS TRIS"},"content":{"rendered":"<p>As combina\u00e7\u00f5es mais fofas dos Animalucos agora chegaram nos l\u00e1pis. Com corpo redondo, de madeira reflorestada e estampa metalizada. Com uma incr\u00edvel borracha no topo: escolha a sua estampa!!!<\/p>\n<p>Composi\u00e7\u00e3o<\/p>\n<ul>\n<li>Madeira, grafite, borracha e metal.<\/li>\n<\/ul>\n","protected":false},"excerpt":{"rendered":"<p>As combina\u00e7\u00f5es mais fofas dos Animalucos agora chegaram nos l\u00e1pis. Com corpo redondo, de madeira reflorestada e estampa metalizada. Com uma incr\u00edvel borracha no topo:&#8230;<\/p>\n","protected":false},"featured_media":8306,"comment_status":"open","ping_status":"closed","template":"","meta":[],"etheme_brands":[{"term_id":337,"name":"Tris","slug":"tris","term_group":0,"term_taxonomy_id":337,"taxonomy":"brand","description":"","parent":0,"count":53,"filter":"raw"}],"product_brand":[],"product_cat":[78,16],"product_tag":[338,397,293,396,563,276,707,316,275,395,294,292,432,369,367,368,227,225,384,317,274],"class_list":{"0":"post-8305","1":"product","2":"type-product","3":"status-publish","4":"has-post-thumbnail","6":"brand-tris","7":"product_cat-lapis-de-escrever-preto","8":"product_cat-material-escolar","9":"product_tag-colorido","10":"product_tag-cores-pasteis","11":"product_tag-crianca","12":"product_tag-cute","13":"product_tag-desenho","14":"product_tag-escola","15":"product_tag-escrever","16":"product_tag-estudante","17":"product_tag-faculdade","18":"product_tag-fofo","19":"product_tag-infantil","20":"product_tag-kids","21":"product_tag-lapis","22":"product_tag-lapis-de-escrever","23":"product_tag-lapis-grafite","24":"product_tag-lapis-preto","25":"product_tag-material-escolar","26":"product_tag-metta-papelaria","27":"product_tag-pastel","28":"product_tag-study","29":"product_tag-universidade","31":"first","32":"instock","33":"sold-individually","34":"shipping-taxable","35":"purchasable","36":"product-type-simple"},"yoast_head":"<!-- This site is optimized with the Yoast SEO plugin v26.9 - https:\/\/yoast.com\/product\/yoast-seo-wordpress\/ -->\n<title>L\u00c1PIS DE ESCREVER COM BORRACHA PONTEIRA ANIMALUCOS TRIS - Metta Papelaria<\/title>\n<meta name=\"description\" content=\"As combina\u00e7\u00f5es mais fofas dos Animalucos agora chegaram nos l\u00e1pis. Com corpo redondo, de madeira reflorestada e estampa metalizada. Com uma incr\u00edvel borracha no topo: escolha a sua estampa!!!\" \/>\n<meta name=\"robots\" content=\"index, follow, max-snippet:-1, max-image-preview:large, max-video-preview:-1\" \/>\n<link rel=\"canonical\" href=\"https:\/\/mettapapelaria.com.br\/catalogo\/produto\/lapis-de-escrever-com-borracha-ponteira-animalucos-tris\/\" \/>\n<meta property=\"og:locale\" content=\"pt_BR\" \/>\n<meta property=\"og:type\" content=\"article\" \/>\n<meta property=\"og:title\" content=\"L\u00c1PIS DE ESCREVER COM BORRACHA PONTEIRA ANIMALUCOS TRIS - Metta Papelaria\" \/>\n<meta property=\"og:description\" content=\"As combina\u00e7\u00f5es mais fofas dos Animalucos agora chegaram nos l\u00e1pis. Com corpo redondo, de madeira reflorestada e estampa metalizada. Com uma incr\u00edvel borracha no topo: escolha a sua estampa!!!\" \/>\n<meta property=\"og:url\" content=\"https:\/\/mettapapelaria.com.br\/catalogo\/produto\/lapis-de-escrever-com-borracha-ponteira-animalucos-tris\/\" \/>\n<meta property=\"og:site_name\" content=\"Metta Papelaria\" \/>\n<meta property=\"article:publisher\" content=\"https:\/\/www.facebook.com\/mettapapelaria\/\" \/>\n<meta property=\"article:modified_time\" content=\"2024-10-28T11:23:36+00:00\" \/>\n<meta property=\"og:image\" content=\"https:\/\/mettapapelaria.com.br\/catalogo\/wp-content\/uploads\/2024\/10\/LAPIS-DE-ESCREVER-COM-BORRACHA-PONTEIRA-ANIMALUCOS-TRIS.jpg\" \/>\n\t<meta property=\"og:image:width\" content=\"500\" \/>\n\t<meta property=\"og:image:height\" content=\"500\" \/>\n\t<meta property=\"og:image:type\" content=\"image\/jpeg\" \/>\n<meta name=\"twitter:card\" content=\"summary_large_image\" \/>\n<meta name=\"twitter:label1\" content=\"Est. tempo de leitura\" \/>\n\t<meta name=\"twitter:data1\" content=\"1 minuto\" \/>\n<script type=\"application\/ld+json\" class=\"yoast-schema-graph\">{\"@context\":\"https:\/\/schema.org\",\"@graph\":[{\"@type\":\"WebPage\",\"@id\":\"https:\/\/mettapapelaria.com.br\/catalogo\/produto\/lapis-de-escrever-com-borracha-ponteira-animalucos-tris\/\",\"url\":\"https:\/\/mettapapelaria.com.br\/catalogo\/produto\/lapis-de-escrever-com-borracha-ponteira-animalucos-tris\/\",\"name\":\"L\u00c1PIS DE ESCREVER COM BORRACHA PONTEIRA ANIMALUCOS TRIS - Metta Papelaria\",\"isPartOf\":{\"@id\":\"https:\/\/mettapapelaria.com.br\/catalogo\/#website\"},\"primaryImageOfPage\":{\"@id\":\"https:\/\/mettapapelaria.com.br\/catalogo\/produto\/lapis-de-escrever-com-borracha-ponteira-animalucos-tris\/#primaryimage\"},\"image\":{\"@id\":\"https:\/\/mettapapelaria.com.br\/catalogo\/produto\/lapis-de-escrever-com-borracha-ponteira-animalucos-tris\/#primaryimage\"},\"thumbnailUrl\":\"https:\/\/mettapapelaria.com.br\/catalogo\/wp-content\/uploads\/2024\/10\/LAPIS-DE-ESCREVER-COM-BORRACHA-PONTEIRA-ANIMALUCOS-TRIS.jpg\",\"datePublished\":\"2024-10-28T11:23:34+00:00\",\"dateModified\":\"2024-10-28T11:23:36+00:00\",\"description\":\"As combina\u00e7\u00f5es mais fofas dos Animalucos agora chegaram nos l\u00e1pis. Com corpo redondo, de madeira reflorestada e estampa metalizada. Com uma incr\u00edvel borracha no topo: escolha a sua estampa!!!\",\"breadcrumb\":{\"@id\":\"https:\/\/mettapapelaria.com.br\/catalogo\/produto\/lapis-de-escrever-com-borracha-ponteira-animalucos-tris\/#breadcrumb\"},\"inLanguage\":\"pt-BR\",\"potentialAction\":[{\"@type\":\"ReadAction\",\"target\":[\"https:\/\/mettapapelaria.com.br\/catalogo\/produto\/lapis-de-escrever-com-borracha-ponteira-animalucos-tris\/\"]}]},{\"@type\":\"ImageObject\",\"inLanguage\":\"pt-BR\",\"@id\":\"https:\/\/mettapapelaria.com.br\/catalogo\/produto\/lapis-de-escrever-com-borracha-ponteira-animalucos-tris\/#primaryimage\",\"url\":\"https:\/\/mettapapelaria.com.br\/catalogo\/wp-content\/uploads\/2024\/10\/LAPIS-DE-ESCREVER-COM-BORRACHA-PONTEIRA-ANIMALUCOS-TRIS.jpg\",\"contentUrl\":\"https:\/\/mettapapelaria.com.br\/catalogo\/wp-content\/uploads\/2024\/10\/LAPIS-DE-ESCREVER-COM-BORRACHA-PONTEIRA-ANIMALUCOS-TRIS.jpg\",\"width\":500,\"height\":500},{\"@type\":\"BreadcrumbList\",\"@id\":\"https:\/\/mettapapelaria.com.br\/catalogo\/produto\/lapis-de-escrever-com-borracha-ponteira-animalucos-tris\/#breadcrumb\",\"itemListElement\":[{\"@type\":\"ListItem\",\"position\":1,\"name\":\"In\u00edcio\",\"item\":\"https:\/\/mettapapelaria.com.br\/catalogo\/\"},{\"@type\":\"ListItem\",\"position\":2,\"name\":\"Shop\",\"item\":\"https:\/\/mettapapelaria.com.br\/catalogo\/shop\/\"},{\"@type\":\"ListItem\",\"position\":3,\"name\":\"L\u00c1PIS DE ESCREVER COM BORRACHA PONTEIRA ANIMALUCOS TRIS\"}]},{\"@type\":\"WebSite\",\"@id\":\"https:\/\/mettapapelaria.com.br\/catalogo\/#website\",\"url\":\"https:\/\/mettapapelaria.com.br\/catalogo\/\",\"name\":\"Metta Papelaria\",\"description\":\"Materiais e equipamentos de escrit\u00f3rio, suprimentos para inform\u00e1tica, e uma diversificada linha de material escolar\",\"publisher\":{\"@id\":\"https:\/\/mettapapelaria.com.br\/catalogo\/#organization\"},\"potentialAction\":[{\"@type\":\"SearchAction\",\"target\":{\"@type\":\"EntryPoint\",\"urlTemplate\":\"https:\/\/mettapapelaria.com.br\/catalogo\/?s={search_term_string}\"},\"query-input\":{\"@type\":\"PropertyValueSpecification\",\"valueRequired\":true,\"valueName\":\"search_term_string\"}}],\"inLanguage\":\"pt-BR\"},{\"@type\":\"Organization\",\"@id\":\"https:\/\/mettapapelaria.com.br\/catalogo\/#organization\",\"name\":\"Metta Papelaria\",\"url\":\"https:\/\/mettapapelaria.com.br\/catalogo\/\",\"logo\":{\"@type\":\"ImageObject\",\"inLanguage\":\"pt-BR\",\"@id\":\"https:\/\/mettapapelaria.com.br\/catalogo\/#\/schema\/logo\/image\/\",\"url\":\"https:\/\/mettapapelaria.com.br\/catalogo\/wp-content\/uploads\/2023\/12\/cropped-favicon-Metta_512-1.png\",\"contentUrl\":\"https:\/\/mettapapelaria.com.br\/catalogo\/wp-content\/uploads\/2023\/12\/cropped-favicon-Metta_512-1.png\",\"width\":512,\"height\":512,\"caption\":\"Metta Papelaria\"},\"image\":{\"@id\":\"https:\/\/mettapapelaria.com.br\/catalogo\/#\/schema\/logo\/image\/\"},\"sameAs\":[\"https:\/\/www.facebook.com\/mettapapelaria\/\",\"https:\/\/www.instagram.com\/papelariametta\/\"]}]}<\/script>\n<!-- \/ Yoast SEO plugin. -->","yoast_head_json":{"title":"L\u00c1PIS DE ESCREVER COM BORRACHA PONTEIRA ANIMALUCOS TRIS - Metta Papelaria","description":"As combina\u00e7\u00f5es mais fofas dos Animalucos agora chegaram nos l\u00e1pis. Com corpo redondo, de madeira reflorestada e estampa metalizada. Com uma incr\u00edvel borracha no topo: escolha a sua estampa!!!","robots":{"index":"index","follow":"follow","max-snippet":"max-snippet:-1","max-image-preview":"max-image-preview:large","max-video-preview":"max-video-preview:-1"},"canonical":"https:\/\/mettapapelaria.com.br\/catalogo\/produto\/lapis-de-escrever-com-borracha-ponteira-animalucos-tris\/","og_locale":"pt_BR","og_type":"article","og_title":"L\u00c1PIS DE ESCREVER COM BORRACHA PONTEIRA ANIMALUCOS TRIS - Metta Papelaria","og_description":"As combina\u00e7\u00f5es mais fofas dos Animalucos agora chegaram nos l\u00e1pis. Com corpo redondo, de madeira reflorestada e estampa metalizada. Com uma incr\u00edvel borracha no topo: escolha a sua estampa!!!","og_url":"https:\/\/mettapapelaria.com.br\/catalogo\/produto\/lapis-de-escrever-com-borracha-ponteira-animalucos-tris\/","og_site_name":"Metta Papelaria","article_publisher":"https:\/\/www.facebook.com\/mettapapelaria\/","article_modified_time":"2024-10-28T11:23:36+00:00","og_image":[{"width":500,"height":500,"url":"https:\/\/mettapapelaria.com.br\/catalogo\/wp-content\/uploads\/2024\/10\/LAPIS-DE-ESCREVER-COM-BORRACHA-PONTEIRA-ANIMALUCOS-TRIS.jpg","type":"image\/jpeg"}],"twitter_card":"summary_large_image","twitter_misc":{"Est. tempo de leitura":"1 minuto"},"schema":{"@context":"https:\/\/schema.org","@graph":[{"@type":"WebPage","@id":"https:\/\/mettapapelaria.com.br\/catalogo\/produto\/lapis-de-escrever-com-borracha-ponteira-animalucos-tris\/","url":"https:\/\/mettapapelaria.com.br\/catalogo\/produto\/lapis-de-escrever-com-borracha-ponteira-animalucos-tris\/","name":"L\u00c1PIS DE ESCREVER COM BORRACHA PONTEIRA ANIMALUCOS TRIS - Metta Papelaria","isPartOf":{"@id":"https:\/\/mettapapelaria.com.br\/catalogo\/#website"},"primaryImageOfPage":{"@id":"https:\/\/mettapapelaria.com.br\/catalogo\/produto\/lapis-de-escrever-com-borracha-ponteira-animalucos-tris\/#primaryimage"},"image":{"@id":"https:\/\/mettapapelaria.com.br\/catalogo\/produto\/lapis-de-escrever-com-borracha-ponteira-animalucos-tris\/#primaryimage"},"thumbnailUrl":"https:\/\/mettapapelaria.com.br\/catalogo\/wp-content\/uploads\/2024\/10\/LAPIS-DE-ESCREVER-COM-BORRACHA-PONTEIRA-ANIMALUCOS-TRIS.jpg","datePublished":"2024-10-28T11:23:34+00:00","dateModified":"2024-10-28T11:23:36+00:00","description":"As combina\u00e7\u00f5es mais fofas dos Animalucos agora chegaram nos l\u00e1pis. Com corpo redondo, de madeira reflorestada e estampa metalizada. Com uma incr\u00edvel borracha no topo: escolha a sua estampa!!!","breadcrumb":{"@id":"https:\/\/mettapapelaria.com.br\/catalogo\/produto\/lapis-de-escrever-com-borracha-ponteira-animalucos-tris\/#breadcrumb"},"inLanguage":"pt-BR","potentialAction":[{"@type":"ReadAction","target":["https:\/\/mettapapelaria.com.br\/catalogo\/produto\/lapis-de-escrever-com-borracha-ponteira-animalucos-tris\/"]}]},{"@type":"ImageObject","inLanguage":"pt-BR","@id":"https:\/\/mettapapelaria.com.br\/catalogo\/produto\/lapis-de-escrever-com-borracha-ponteira-animalucos-tris\/#primaryimage","url":"https:\/\/mettapapelaria.com.br\/catalogo\/wp-content\/uploads\/2024\/10\/LAPIS-DE-ESCREVER-COM-BORRACHA-PONTEIRA-ANIMALUCOS-TRIS.jpg","contentUrl":"https:\/\/mettapapelaria.com.br\/catalogo\/wp-content\/uploads\/2024\/10\/LAPIS-DE-ESCREVER-COM-BORRACHA-PONTEIRA-ANIMALUCOS-TRIS.jpg","width":500,"height":500},{"@type":"BreadcrumbList","@id":"https:\/\/mettapapelaria.com.br\/catalogo\/produto\/lapis-de-escrever-com-borracha-ponteira-animalucos-tris\/#breadcrumb","itemListElement":[{"@type":"ListItem","position":1,"name":"In\u00edcio","item":"https:\/\/mettapapelaria.com.br\/catalogo\/"},{"@type":"ListItem","position":2,"name":"Shop","item":"https:\/\/mettapapelaria.com.br\/catalogo\/shop\/"},{"@type":"ListItem","position":3,"name":"L\u00c1PIS DE ESCREVER COM BORRACHA PONTEIRA ANIMALUCOS TRIS"}]},{"@type":"WebSite","@id":"https:\/\/mettapapelaria.com.br\/catalogo\/#website","url":"https:\/\/mettapapelaria.com.br\/catalogo\/","name":"Metta Papelaria","description":"Materiais e equipamentos de escrit\u00f3rio, suprimentos para inform\u00e1tica, e uma diversificada linha de material escolar","publisher":{"@id":"https:\/\/mettapapelaria.com.br\/catalogo\/#organization"},"potentialAction":[{"@type":"SearchAction","target":{"@type":"EntryPoint","urlTemplate":"https:\/\/mettapapelaria.com.br\/catalogo\/?s={search_term_string}"},"query-input":{"@type":"PropertyValueSpecification","valueRequired":true,"valueName":"search_term_string"}}],"inLanguage":"pt-BR"},{"@type":"Organization","@id":"https:\/\/mettapapelaria.com.br\/catalogo\/#organization","name":"Metta Papelaria","url":"https:\/\/mettapapelaria.com.br\/catalogo\/","logo":{"@type":"ImageObject","inLanguage":"pt-BR","@id":"https:\/\/mettapapelaria.com.br\/catalogo\/#\/schema\/logo\/image\/","url":"https:\/\/mettapapelaria.com.br\/catalogo\/wp-content\/uploads\/2023\/12\/cropped-favicon-Metta_512-1.png","contentUrl":"https:\/\/mettapapelaria.com.br\/catalogo\/wp-content\/uploads\/2023\/12\/cropped-favicon-Metta_512-1.png","width":512,"height":512,"caption":"Metta Papelaria"},"image":{"@id":"https:\/\/mettapapelaria.com.br\/catalogo\/#\/schema\/logo\/image\/"},"sameAs":["https:\/\/www.facebook.com\/mettapapelaria\/","https:\/\/www.instagram.com\/papelariametta\/"]}]}},"_links":{"self":[{"href":"https:\/\/mettapapelaria.com.br\/catalogo\/wp-json\/wp\/v2\/product\/8305","targetHints":{"allow":["GET"]}}],"collection":[{"href":"https:\/\/mettapapelaria.com.br\/catalogo\/wp-json\/wp\/v2\/product"}],"about":[{"href":"https:\/\/mettapapelaria.com.br\/catalogo\/wp-json\/wp\/v2\/types\/product"}],"replies":[{"embeddable":true,"href":"https:\/\/mettapapelaria.com.br\/catalogo\/wp-json\/wp\/v2\/comments?post=8305"}],"version-history":[{"count":1,"href":"https:\/\/mettapapelaria.com.br\/catalogo\/wp-json\/wp\/v2\/product\/8305\/revisions"}],"predecessor-version":[{"id":8312,"href":"https:\/\/mettapapelaria.com.br\/catalogo\/wp-json\/wp\/v2\/product\/8305\/revisions\/8312"}],"wp:featuredmedia":[{"embeddable":true,"href":"https:\/\/mettapapelaria.com.br\/catalogo\/wp-json\/wp\/v2\/media\/8306"}],"wp:attachment":[{"href":"https:\/\/mettapapelaria.com.br\/catalogo\/wp-json\/wp\/v2\/media?parent=8305"}],"wp:term":[{"taxonomy":"brand","embeddable":true,"href":"https:\/\/mettapapelaria.com.br\/catalogo\/wp-json\/wp\/v2\/etheme_brands?post=8305"},{"taxonomy":"product_brand","embeddable":true,"href":"https:\/\/mettapapelaria.com.br\/catalogo\/wp-json\/wp\/v2\/product_brand?post=8305"},{"taxonomy":"product_cat","embeddable":true,"href":"https:\/\/mettapapelaria.com.br\/catalogo\/wp-json\/wp\/v2\/product_cat?post=8305"},{"taxonomy":"product_tag","embeddable":true,"href":"https:\/\/mettapapelaria.com.br\/catalogo\/wp-json\/wp\/v2\/product_tag?post=8305"}],"curies":[{"name":"wp","href":"https:\/\/api.w.org\/{rel}","templated":true}]}}