{"id":830,"date":"2022-11-04T16:26:52","date_gmt":"2022-11-04T19:26:52","guid":{"rendered":"https:\/\/mettapapelaria.com.br\/catalogo\/produto\/kit-cola-glitter-bisnague-guache-6-cores-14ml-tris\/"},"modified":"2022-11-04T16:26:52","modified_gmt":"2022-11-04T19:26:52","slug":"kit-cola-glitter-bisnague-guache-6-cores-14ml-tris","status":"publish","type":"product","link":"https:\/\/mettapapelaria.com.br\/catalogo\/produto\/kit-cola-glitter-bisnague-guache-6-cores-14ml-tris\/","title":{"rendered":"KIT COLA GLITTER BISNAGUE GUACHE 6 CORES 14ML TRIS"},"content":{"rendered":"<h4>\n<ul>\n<li><span style=\"font-family: Arial;\">Tinta guache com glitter em bisnaga em 6 cores, lav\u00e1vel e que sai facilmente da pele.<\/span><\/li>\n<li><span style=\"font-family: Arial;\">Para obter melhores resultados em tecidos, lave imediatamente em \u00e1gua morna e detergente.<\/span><\/li>\n<li><span style=\"font-family: Arial;\">Acompanha as cores: laranja, vermelho, verde, azul, roxo e amarelo.&nbsp;<\/span><\/li>\n<li><span style=\"font-family: Arial;\">Formato adequado para a m\u00e3o de crian\u00e7as pequenas, f\u00e1cil de segurar, tinta lav\u00e1vel, tinta guache em formato de bisnaga com pincel, muito mais praticidade, cores com glitter.<\/span><\/li>\n<\/ul>\n<\/h4>\n<div><\/div>\n","protected":false},"excerpt":{"rendered":"<p>Tinta guache com glitter em bisnaga em 6 cores, lav\u00e1vel e que sai facilmente da pele. Para obter melhores resultados em tecidos, lave imediatamente em&#8230;<\/p>\n","protected":false},"featured_media":828,"comment_status":"open","ping_status":"closed","template":"","meta":[],"etheme_brands":[],"product_brand":[],"product_cat":[22,88,92,25],"product_tag":[],"class_list":{"0":"post-830","1":"product","2":"type-product","3":"status-publish","4":"has-post-thumbnail","6":"product_cat-cola","7":"product_cat-colas","8":"product_cat-colas-glitter-colas-coloridas","9":"product_cat-material","11":"first","12":"instock","13":"sold-individually","14":"shipping-taxable","15":"purchasable","16":"product-type-simple"},"yoast_head":"<!-- This site is optimized with the Yoast SEO plugin v26.9 - https:\/\/yoast.com\/product\/yoast-seo-wordpress\/ -->\n<title>KIT COLA GLITTER BISNAGUE GUACHE 6 CORES 14ML TRIS - Metta Papelaria<\/title>\n<meta name=\"robots\" content=\"index, follow, max-snippet:-1, max-image-preview:large, max-video-preview:-1\" \/>\n<link rel=\"canonical\" href=\"https:\/\/mettapapelaria.com.br\/catalogo\/produto\/kit-cola-glitter-bisnague-guache-6-cores-14ml-tris\/\" \/>\n<meta property=\"og:locale\" content=\"pt_BR\" \/>\n<meta property=\"og:type\" content=\"article\" \/>\n<meta property=\"og:title\" content=\"KIT COLA GLITTER BISNAGUE GUACHE 6 CORES 14ML TRIS - Metta Papelaria\" \/>\n<meta property=\"og:description\" content=\"Tinta guache com glitter em bisnaga em 6 cores, lav\u00e1vel e que sai facilmente da pele. Para obter melhores resultados em tecidos, lave imediatamente em...\" \/>\n<meta property=\"og:url\" content=\"https:\/\/mettapapelaria.com.br\/catalogo\/produto\/kit-cola-glitter-bisnague-guache-6-cores-14ml-tris\/\" \/>\n<meta property=\"og:site_name\" content=\"Metta Papelaria\" \/>\n<meta property=\"article:publisher\" content=\"https:\/\/www.facebook.com\/mettapapelaria\/\" \/>\n<meta property=\"og:image\" content=\"https:\/\/mettapapelaria.com.br\/catalogo\/wp-content\/uploads\/2022\/11\/KIT-COLA-GLITTER-BINAGUE-GUACHE-6-CORES-14ML-TRIS.jpg\" \/>\n\t<meta property=\"og:image:width\" content=\"668\" \/>\n\t<meta property=\"og:image:height\" content=\"812\" \/>\n\t<meta property=\"og:image:type\" content=\"image\/jpeg\" \/>\n<meta name=\"twitter:card\" content=\"summary_large_image\" \/>\n<script type=\"application\/ld+json\" class=\"yoast-schema-graph\">{\"@context\":\"https:\/\/schema.org\",\"@graph\":[{\"@type\":\"WebPage\",\"@id\":\"https:\/\/mettapapelaria.com.br\/catalogo\/produto\/kit-cola-glitter-bisnague-guache-6-cores-14ml-tris\/\",\"url\":\"https:\/\/mettapapelaria.com.br\/catalogo\/produto\/kit-cola-glitter-bisnague-guache-6-cores-14ml-tris\/\",\"name\":\"KIT COLA GLITTER BISNAGUE GUACHE 6 CORES 14ML TRIS - Metta Papelaria\",\"isPartOf\":{\"@id\":\"https:\/\/mettapapelaria.com.br\/catalogo\/#website\"},\"primaryImageOfPage\":{\"@id\":\"https:\/\/mettapapelaria.com.br\/catalogo\/produto\/kit-cola-glitter-bisnague-guache-6-cores-14ml-tris\/#primaryimage\"},\"image\":{\"@id\":\"https:\/\/mettapapelaria.com.br\/catalogo\/produto\/kit-cola-glitter-bisnague-guache-6-cores-14ml-tris\/#primaryimage\"},\"thumbnailUrl\":\"https:\/\/mettapapelaria.com.br\/catalogo\/wp-content\/uploads\/2022\/11\/KIT-COLA-GLITTER-BINAGUE-GUACHE-6-CORES-14ML-TRIS.jpg\",\"datePublished\":\"2022-11-04T19:26:52+00:00\",\"breadcrumb\":{\"@id\":\"https:\/\/mettapapelaria.com.br\/catalogo\/produto\/kit-cola-glitter-bisnague-guache-6-cores-14ml-tris\/#breadcrumb\"},\"inLanguage\":\"pt-BR\",\"potentialAction\":[{\"@type\":\"ReadAction\",\"target\":[\"https:\/\/mettapapelaria.com.br\/catalogo\/produto\/kit-cola-glitter-bisnague-guache-6-cores-14ml-tris\/\"]}]},{\"@type\":\"ImageObject\",\"inLanguage\":\"pt-BR\",\"@id\":\"https:\/\/mettapapelaria.com.br\/catalogo\/produto\/kit-cola-glitter-bisnague-guache-6-cores-14ml-tris\/#primaryimage\",\"url\":\"https:\/\/mettapapelaria.com.br\/catalogo\/wp-content\/uploads\/2022\/11\/KIT-COLA-GLITTER-BINAGUE-GUACHE-6-CORES-14ML-TRIS.jpg\",\"contentUrl\":\"https:\/\/mettapapelaria.com.br\/catalogo\/wp-content\/uploads\/2022\/11\/KIT-COLA-GLITTER-BINAGUE-GUACHE-6-CORES-14ML-TRIS.jpg\",\"width\":668,\"height\":812,\"caption\":\"KIT COLA GLITTER BISNAGUE GUACHE 6 CORES 14ML TRIS\"},{\"@type\":\"BreadcrumbList\",\"@id\":\"https:\/\/mettapapelaria.com.br\/catalogo\/produto\/kit-cola-glitter-bisnague-guache-6-cores-14ml-tris\/#breadcrumb\",\"itemListElement\":[{\"@type\":\"ListItem\",\"position\":1,\"name\":\"In\u00edcio\",\"item\":\"https:\/\/mettapapelaria.com.br\/catalogo\/\"},{\"@type\":\"ListItem\",\"position\":2,\"name\":\"Shop\",\"item\":\"https:\/\/mettapapelaria.com.br\/catalogo\/shop\/\"},{\"@type\":\"ListItem\",\"position\":3,\"name\":\"KIT COLA GLITTER BISNAGUE GUACHE 6 CORES 14ML TRIS\"}]},{\"@type\":\"WebSite\",\"@id\":\"https:\/\/mettapapelaria.com.br\/catalogo\/#website\",\"url\":\"https:\/\/mettapapelaria.com.br\/catalogo\/\",\"name\":\"Metta Papelaria\",\"description\":\"Materiais e equipamentos de escrit\u00f3rio, suprimentos para inform\u00e1tica, e uma diversificada linha de material escolar\",\"publisher\":{\"@id\":\"https:\/\/mettapapelaria.com.br\/catalogo\/#organization\"},\"potentialAction\":[{\"@type\":\"SearchAction\",\"target\":{\"@type\":\"EntryPoint\",\"urlTemplate\":\"https:\/\/mettapapelaria.com.br\/catalogo\/?s={search_term_string}\"},\"query-input\":{\"@type\":\"PropertyValueSpecification\",\"valueRequired\":true,\"valueName\":\"search_term_string\"}}],\"inLanguage\":\"pt-BR\"},{\"@type\":\"Organization\",\"@id\":\"https:\/\/mettapapelaria.com.br\/catalogo\/#organization\",\"name\":\"Metta Papelaria\",\"url\":\"https:\/\/mettapapelaria.com.br\/catalogo\/\",\"logo\":{\"@type\":\"ImageObject\",\"inLanguage\":\"pt-BR\",\"@id\":\"https:\/\/mettapapelaria.com.br\/catalogo\/#\/schema\/logo\/image\/\",\"url\":\"https:\/\/mettapapelaria.com.br\/catalogo\/wp-content\/uploads\/2023\/12\/cropped-favicon-Metta_512-1.png\",\"contentUrl\":\"https:\/\/mettapapelaria.com.br\/catalogo\/wp-content\/uploads\/2023\/12\/cropped-favicon-Metta_512-1.png\",\"width\":512,\"height\":512,\"caption\":\"Metta Papelaria\"},\"image\":{\"@id\":\"https:\/\/mettapapelaria.com.br\/catalogo\/#\/schema\/logo\/image\/\"},\"sameAs\":[\"https:\/\/www.facebook.com\/mettapapelaria\/\",\"https:\/\/www.instagram.com\/papelariametta\/\"]}]}<\/script>\n<!-- \/ Yoast SEO plugin. -->","yoast_head_json":{"title":"KIT COLA GLITTER BISNAGUE GUACHE 6 CORES 14ML TRIS - Metta Papelaria","robots":{"index":"index","follow":"follow","max-snippet":"max-snippet:-1","max-image-preview":"max-image-preview:large","max-video-preview":"max-video-preview:-1"},"canonical":"https:\/\/mettapapelaria.com.br\/catalogo\/produto\/kit-cola-glitter-bisnague-guache-6-cores-14ml-tris\/","og_locale":"pt_BR","og_type":"article","og_title":"KIT COLA GLITTER BISNAGUE GUACHE 6 CORES 14ML TRIS - Metta Papelaria","og_description":"Tinta guache com glitter em bisnaga em 6 cores, lav\u00e1vel e que sai facilmente da pele. Para obter melhores resultados em tecidos, lave imediatamente em...","og_url":"https:\/\/mettapapelaria.com.br\/catalogo\/produto\/kit-cola-glitter-bisnague-guache-6-cores-14ml-tris\/","og_site_name":"Metta Papelaria","article_publisher":"https:\/\/www.facebook.com\/mettapapelaria\/","og_image":[{"width":668,"height":812,"url":"https:\/\/mettapapelaria.com.br\/catalogo\/wp-content\/uploads\/2022\/11\/KIT-COLA-GLITTER-BINAGUE-GUACHE-6-CORES-14ML-TRIS.jpg","type":"image\/jpeg"}],"twitter_card":"summary_large_image","schema":{"@context":"https:\/\/schema.org","@graph":[{"@type":"WebPage","@id":"https:\/\/mettapapelaria.com.br\/catalogo\/produto\/kit-cola-glitter-bisnague-guache-6-cores-14ml-tris\/","url":"https:\/\/mettapapelaria.com.br\/catalogo\/produto\/kit-cola-glitter-bisnague-guache-6-cores-14ml-tris\/","name":"KIT COLA GLITTER BISNAGUE GUACHE 6 CORES 14ML TRIS - Metta Papelaria","isPartOf":{"@id":"https:\/\/mettapapelaria.com.br\/catalogo\/#website"},"primaryImageOfPage":{"@id":"https:\/\/mettapapelaria.com.br\/catalogo\/produto\/kit-cola-glitter-bisnague-guache-6-cores-14ml-tris\/#primaryimage"},"image":{"@id":"https:\/\/mettapapelaria.com.br\/catalogo\/produto\/kit-cola-glitter-bisnague-guache-6-cores-14ml-tris\/#primaryimage"},"thumbnailUrl":"https:\/\/mettapapelaria.com.br\/catalogo\/wp-content\/uploads\/2022\/11\/KIT-COLA-GLITTER-BINAGUE-GUACHE-6-CORES-14ML-TRIS.jpg","datePublished":"2022-11-04T19:26:52+00:00","breadcrumb":{"@id":"https:\/\/mettapapelaria.com.br\/catalogo\/produto\/kit-cola-glitter-bisnague-guache-6-cores-14ml-tris\/#breadcrumb"},"inLanguage":"pt-BR","potentialAction":[{"@type":"ReadAction","target":["https:\/\/mettapapelaria.com.br\/catalogo\/produto\/kit-cola-glitter-bisnague-guache-6-cores-14ml-tris\/"]}]},{"@type":"ImageObject","inLanguage":"pt-BR","@id":"https:\/\/mettapapelaria.com.br\/catalogo\/produto\/kit-cola-glitter-bisnague-guache-6-cores-14ml-tris\/#primaryimage","url":"https:\/\/mettapapelaria.com.br\/catalogo\/wp-content\/uploads\/2022\/11\/KIT-COLA-GLITTER-BINAGUE-GUACHE-6-CORES-14ML-TRIS.jpg","contentUrl":"https:\/\/mettapapelaria.com.br\/catalogo\/wp-content\/uploads\/2022\/11\/KIT-COLA-GLITTER-BINAGUE-GUACHE-6-CORES-14ML-TRIS.jpg","width":668,"height":812,"caption":"KIT COLA GLITTER BISNAGUE GUACHE 6 CORES 14ML TRIS"},{"@type":"BreadcrumbList","@id":"https:\/\/mettapapelaria.com.br\/catalogo\/produto\/kit-cola-glitter-bisnague-guache-6-cores-14ml-tris\/#breadcrumb","itemListElement":[{"@type":"ListItem","position":1,"name":"In\u00edcio","item":"https:\/\/mettapapelaria.com.br\/catalogo\/"},{"@type":"ListItem","position":2,"name":"Shop","item":"https:\/\/mettapapelaria.com.br\/catalogo\/shop\/"},{"@type":"ListItem","position":3,"name":"KIT COLA GLITTER BISNAGUE GUACHE 6 CORES 14ML TRIS"}]},{"@type":"WebSite","@id":"https:\/\/mettapapelaria.com.br\/catalogo\/#website","url":"https:\/\/mettapapelaria.com.br\/catalogo\/","name":"Metta Papelaria","description":"Materiais e equipamentos de escrit\u00f3rio, suprimentos para inform\u00e1tica, e uma diversificada linha de material escolar","publisher":{"@id":"https:\/\/mettapapelaria.com.br\/catalogo\/#organization"},"potentialAction":[{"@type":"SearchAction","target":{"@type":"EntryPoint","urlTemplate":"https:\/\/mettapapelaria.com.br\/catalogo\/?s={search_term_string}"},"query-input":{"@type":"PropertyValueSpecification","valueRequired":true,"valueName":"search_term_string"}}],"inLanguage":"pt-BR"},{"@type":"Organization","@id":"https:\/\/mettapapelaria.com.br\/catalogo\/#organization","name":"Metta Papelaria","url":"https:\/\/mettapapelaria.com.br\/catalogo\/","logo":{"@type":"ImageObject","inLanguage":"pt-BR","@id":"https:\/\/mettapapelaria.com.br\/catalogo\/#\/schema\/logo\/image\/","url":"https:\/\/mettapapelaria.com.br\/catalogo\/wp-content\/uploads\/2023\/12\/cropped-favicon-Metta_512-1.png","contentUrl":"https:\/\/mettapapelaria.com.br\/catalogo\/wp-content\/uploads\/2023\/12\/cropped-favicon-Metta_512-1.png","width":512,"height":512,"caption":"Metta Papelaria"},"image":{"@id":"https:\/\/mettapapelaria.com.br\/catalogo\/#\/schema\/logo\/image\/"},"sameAs":["https:\/\/www.facebook.com\/mettapapelaria\/","https:\/\/www.instagram.com\/papelariametta\/"]}]}},"_links":{"self":[{"href":"https:\/\/mettapapelaria.com.br\/catalogo\/wp-json\/wp\/v2\/product\/830","targetHints":{"allow":["GET"]}}],"collection":[{"href":"https:\/\/mettapapelaria.com.br\/catalogo\/wp-json\/wp\/v2\/product"}],"about":[{"href":"https:\/\/mettapapelaria.com.br\/catalogo\/wp-json\/wp\/v2\/types\/product"}],"replies":[{"embeddable":true,"href":"https:\/\/mettapapelaria.com.br\/catalogo\/wp-json\/wp\/v2\/comments?post=830"}],"version-history":[{"count":0,"href":"https:\/\/mettapapelaria.com.br\/catalogo\/wp-json\/wp\/v2\/product\/830\/revisions"}],"wp:featuredmedia":[{"embeddable":true,"href":"https:\/\/mettapapelaria.com.br\/catalogo\/wp-json\/wp\/v2\/media\/828"}],"wp:attachment":[{"href":"https:\/\/mettapapelaria.com.br\/catalogo\/wp-json\/wp\/v2\/media?parent=830"}],"wp:term":[{"taxonomy":"brand","embeddable":true,"href":"https:\/\/mettapapelaria.com.br\/catalogo\/wp-json\/wp\/v2\/etheme_brands?post=830"},{"taxonomy":"product_brand","embeddable":true,"href":"https:\/\/mettapapelaria.com.br\/catalogo\/wp-json\/wp\/v2\/product_brand?post=830"},{"taxonomy":"product_cat","embeddable":true,"href":"https:\/\/mettapapelaria.com.br\/catalogo\/wp-json\/wp\/v2\/product_cat?post=830"},{"taxonomy":"product_tag","embeddable":true,"href":"https:\/\/mettapapelaria.com.br\/catalogo\/wp-json\/wp\/v2\/product_tag?post=830"}],"curies":[{"name":"wp","href":"https:\/\/api.w.org\/{rel}","templated":true}]}}