{"id":824,"date":"2022-11-04T16:08:15","date_gmt":"2022-11-04T19:08:15","guid":{"rendered":"https:\/\/mettapapelaria.com.br\/catalogo\/produto\/clipes-para-papel-coloridos-1-0-acc\/"},"modified":"2022-11-04T16:08:15","modified_gmt":"2022-11-04T19:08:15","slug":"clipes-para-papel-coloridos-1-0-acc","status":"publish","type":"product","link":"https:\/\/mettapapelaria.com.br\/catalogo\/produto\/clipes-para-papel-coloridos-1-0-acc\/","title":{"rendered":"CLIPES PARA PAPEL COLORIDOS 1\/0 ACC"},"content":{"rendered":"<h4><span style=\"font-family: Arial;\">\u00c9 um dos artigos mais comuns em um escrit\u00f3rio. Produzido em a\u00e7o latonado, estes clipes s\u00e3o muito bonito e resistentes \u00e0 oxida\u00e7\u00e3o. Qualidade superior. Flex\u00edvel e resistente (n\u00e3o quebra f\u00e1cil). F\u00e1cil manuseio.<\/span><\/h4>\n<h4><span style=\"font-family: Arial; font-weight: bold;\">Conte\u00fado da embalagem:<\/span><\/h4>\n<h4>\n<ul>\n<li><span style=\"font-family: Arial;\">01 caixa de clipes<\/span><\/li>\n<li><span style=\"font-family: Arial;\">N.1\/0 colorido<\/span><\/li>\n<li><span style=\"font-family: Arial;\">Com 100 unidades<\/span><\/li>\n<li><span style=\"font-family: Arial;\">Dimens\u00f5es aproximadas da embalagem do produto (cm) &#8211; Axlxp: 2,50 x 7 x 7<\/span><\/li>\n<\/ul>\n<\/h4>\n","protected":false},"excerpt":{"rendered":"<p>\u00c9 um dos artigos mais comuns em um escrit\u00f3rio. Produzido em a\u00e7o latonado, estes clipes s\u00e3o muito bonito e resistentes \u00e0 oxida\u00e7\u00e3o. Qualidade superior. Flex\u00edvel&#8230;<\/p>\n","protected":false},"featured_media":822,"comment_status":"open","ping_status":"closed","template":"","meta":[],"etheme_brands":[],"product_brand":[],"product_cat":[54,25],"product_tag":[],"class_list":{"0":"post-824","1":"product","2":"type-product","3":"status-publish","4":"has-post-thumbnail","6":"product_cat-clips-grampo-prendedor","7":"product_cat-material","9":"first","10":"instock","11":"sold-individually","12":"shipping-taxable","13":"purchasable","14":"product-type-simple"},"yoast_head":"<!-- This site is optimized with the Yoast SEO plugin v26.9 - https:\/\/yoast.com\/product\/yoast-seo-wordpress\/ -->\n<title>CLIPES PARA PAPEL COLORIDOS 1\/0 ACC - Metta Papelaria<\/title>\n<meta name=\"robots\" content=\"index, follow, max-snippet:-1, max-image-preview:large, max-video-preview:-1\" \/>\n<link rel=\"canonical\" href=\"https:\/\/mettapapelaria.com.br\/catalogo\/produto\/clipes-para-papel-coloridos-1-0-acc\/\" \/>\n<meta property=\"og:locale\" content=\"pt_BR\" \/>\n<meta property=\"og:type\" content=\"article\" \/>\n<meta property=\"og:title\" content=\"CLIPES PARA PAPEL COLORIDOS 1\/0 ACC - Metta Papelaria\" \/>\n<meta property=\"og:description\" content=\"\u00c9 um dos artigos mais comuns em um escrit\u00f3rio. Produzido em a\u00e7o latonado, estes clipes s\u00e3o muito bonito e resistentes \u00e0 oxida\u00e7\u00e3o. Qualidade superior. Flex\u00edvel...\" \/>\n<meta property=\"og:url\" content=\"https:\/\/mettapapelaria.com.br\/catalogo\/produto\/clipes-para-papel-coloridos-1-0-acc\/\" \/>\n<meta property=\"og:site_name\" content=\"Metta Papelaria\" \/>\n<meta property=\"article:publisher\" content=\"https:\/\/www.facebook.com\/mettapapelaria\/\" \/>\n<meta property=\"og:image\" content=\"https:\/\/mettapapelaria.com.br\/catalogo\/wp-content\/uploads\/2022\/11\/CLIPES-PARA-PAPEL-COLORIDOS-1.0-ACC.jpg\" \/>\n\t<meta property=\"og:image:width\" content=\"754\" \/>\n\t<meta property=\"og:image:height\" content=\"816\" \/>\n\t<meta property=\"og:image:type\" content=\"image\/jpeg\" \/>\n<meta name=\"twitter:card\" content=\"summary_large_image\" \/>\n<script type=\"application\/ld+json\" class=\"yoast-schema-graph\">{\"@context\":\"https:\/\/schema.org\",\"@graph\":[{\"@type\":\"WebPage\",\"@id\":\"https:\/\/mettapapelaria.com.br\/catalogo\/produto\/clipes-para-papel-coloridos-1-0-acc\/\",\"url\":\"https:\/\/mettapapelaria.com.br\/catalogo\/produto\/clipes-para-papel-coloridos-1-0-acc\/\",\"name\":\"CLIPES PARA PAPEL COLORIDOS 1\/0 ACC - Metta Papelaria\",\"isPartOf\":{\"@id\":\"https:\/\/mettapapelaria.com.br\/catalogo\/#website\"},\"primaryImageOfPage\":{\"@id\":\"https:\/\/mettapapelaria.com.br\/catalogo\/produto\/clipes-para-papel-coloridos-1-0-acc\/#primaryimage\"},\"image\":{\"@id\":\"https:\/\/mettapapelaria.com.br\/catalogo\/produto\/clipes-para-papel-coloridos-1-0-acc\/#primaryimage\"},\"thumbnailUrl\":\"https:\/\/mettapapelaria.com.br\/catalogo\/wp-content\/uploads\/2022\/11\/CLIPES-PARA-PAPEL-COLORIDOS-1.0-ACC.jpg\",\"datePublished\":\"2022-11-04T19:08:15+00:00\",\"breadcrumb\":{\"@id\":\"https:\/\/mettapapelaria.com.br\/catalogo\/produto\/clipes-para-papel-coloridos-1-0-acc\/#breadcrumb\"},\"inLanguage\":\"pt-BR\",\"potentialAction\":[{\"@type\":\"ReadAction\",\"target\":[\"https:\/\/mettapapelaria.com.br\/catalogo\/produto\/clipes-para-papel-coloridos-1-0-acc\/\"]}]},{\"@type\":\"ImageObject\",\"inLanguage\":\"pt-BR\",\"@id\":\"https:\/\/mettapapelaria.com.br\/catalogo\/produto\/clipes-para-papel-coloridos-1-0-acc\/#primaryimage\",\"url\":\"https:\/\/mettapapelaria.com.br\/catalogo\/wp-content\/uploads\/2022\/11\/CLIPES-PARA-PAPEL-COLORIDOS-1.0-ACC.jpg\",\"contentUrl\":\"https:\/\/mettapapelaria.com.br\/catalogo\/wp-content\/uploads\/2022\/11\/CLIPES-PARA-PAPEL-COLORIDOS-1.0-ACC.jpg\",\"width\":754,\"height\":816,\"caption\":\"CLIPES PARA PAPEL COLORIDOS 1\/0 ACC\"},{\"@type\":\"BreadcrumbList\",\"@id\":\"https:\/\/mettapapelaria.com.br\/catalogo\/produto\/clipes-para-papel-coloridos-1-0-acc\/#breadcrumb\",\"itemListElement\":[{\"@type\":\"ListItem\",\"position\":1,\"name\":\"In\u00edcio\",\"item\":\"https:\/\/mettapapelaria.com.br\/catalogo\/\"},{\"@type\":\"ListItem\",\"position\":2,\"name\":\"Shop\",\"item\":\"https:\/\/mettapapelaria.com.br\/catalogo\/shop\/\"},{\"@type\":\"ListItem\",\"position\":3,\"name\":\"CLIPES PARA PAPEL COLORIDOS 1\/0 ACC\"}]},{\"@type\":\"WebSite\",\"@id\":\"https:\/\/mettapapelaria.com.br\/catalogo\/#website\",\"url\":\"https:\/\/mettapapelaria.com.br\/catalogo\/\",\"name\":\"Metta Papelaria\",\"description\":\"Materiais e equipamentos de escrit\u00f3rio, suprimentos para inform\u00e1tica, e uma diversificada linha de material escolar\",\"publisher\":{\"@id\":\"https:\/\/mettapapelaria.com.br\/catalogo\/#organization\"},\"potentialAction\":[{\"@type\":\"SearchAction\",\"target\":{\"@type\":\"EntryPoint\",\"urlTemplate\":\"https:\/\/mettapapelaria.com.br\/catalogo\/?s={search_term_string}\"},\"query-input\":{\"@type\":\"PropertyValueSpecification\",\"valueRequired\":true,\"valueName\":\"search_term_string\"}}],\"inLanguage\":\"pt-BR\"},{\"@type\":\"Organization\",\"@id\":\"https:\/\/mettapapelaria.com.br\/catalogo\/#organization\",\"name\":\"Metta Papelaria\",\"url\":\"https:\/\/mettapapelaria.com.br\/catalogo\/\",\"logo\":{\"@type\":\"ImageObject\",\"inLanguage\":\"pt-BR\",\"@id\":\"https:\/\/mettapapelaria.com.br\/catalogo\/#\/schema\/logo\/image\/\",\"url\":\"https:\/\/mettapapelaria.com.br\/catalogo\/wp-content\/uploads\/2023\/12\/cropped-favicon-Metta_512-1.png\",\"contentUrl\":\"https:\/\/mettapapelaria.com.br\/catalogo\/wp-content\/uploads\/2023\/12\/cropped-favicon-Metta_512-1.png\",\"width\":512,\"height\":512,\"caption\":\"Metta Papelaria\"},\"image\":{\"@id\":\"https:\/\/mettapapelaria.com.br\/catalogo\/#\/schema\/logo\/image\/\"},\"sameAs\":[\"https:\/\/www.facebook.com\/mettapapelaria\/\",\"https:\/\/www.instagram.com\/papelariametta\/\"]}]}<\/script>\n<!-- \/ Yoast SEO plugin. -->","yoast_head_json":{"title":"CLIPES PARA PAPEL COLORIDOS 1\/0 ACC - Metta Papelaria","robots":{"index":"index","follow":"follow","max-snippet":"max-snippet:-1","max-image-preview":"max-image-preview:large","max-video-preview":"max-video-preview:-1"},"canonical":"https:\/\/mettapapelaria.com.br\/catalogo\/produto\/clipes-para-papel-coloridos-1-0-acc\/","og_locale":"pt_BR","og_type":"article","og_title":"CLIPES PARA PAPEL COLORIDOS 1\/0 ACC - Metta Papelaria","og_description":"\u00c9 um dos artigos mais comuns em um escrit\u00f3rio. Produzido em a\u00e7o latonado, estes clipes s\u00e3o muito bonito e resistentes \u00e0 oxida\u00e7\u00e3o. Qualidade superior. Flex\u00edvel...","og_url":"https:\/\/mettapapelaria.com.br\/catalogo\/produto\/clipes-para-papel-coloridos-1-0-acc\/","og_site_name":"Metta Papelaria","article_publisher":"https:\/\/www.facebook.com\/mettapapelaria\/","og_image":[{"width":754,"height":816,"url":"https:\/\/mettapapelaria.com.br\/catalogo\/wp-content\/uploads\/2022\/11\/CLIPES-PARA-PAPEL-COLORIDOS-1.0-ACC.jpg","type":"image\/jpeg"}],"twitter_card":"summary_large_image","schema":{"@context":"https:\/\/schema.org","@graph":[{"@type":"WebPage","@id":"https:\/\/mettapapelaria.com.br\/catalogo\/produto\/clipes-para-papel-coloridos-1-0-acc\/","url":"https:\/\/mettapapelaria.com.br\/catalogo\/produto\/clipes-para-papel-coloridos-1-0-acc\/","name":"CLIPES PARA PAPEL COLORIDOS 1\/0 ACC - Metta Papelaria","isPartOf":{"@id":"https:\/\/mettapapelaria.com.br\/catalogo\/#website"},"primaryImageOfPage":{"@id":"https:\/\/mettapapelaria.com.br\/catalogo\/produto\/clipes-para-papel-coloridos-1-0-acc\/#primaryimage"},"image":{"@id":"https:\/\/mettapapelaria.com.br\/catalogo\/produto\/clipes-para-papel-coloridos-1-0-acc\/#primaryimage"},"thumbnailUrl":"https:\/\/mettapapelaria.com.br\/catalogo\/wp-content\/uploads\/2022\/11\/CLIPES-PARA-PAPEL-COLORIDOS-1.0-ACC.jpg","datePublished":"2022-11-04T19:08:15+00:00","breadcrumb":{"@id":"https:\/\/mettapapelaria.com.br\/catalogo\/produto\/clipes-para-papel-coloridos-1-0-acc\/#breadcrumb"},"inLanguage":"pt-BR","potentialAction":[{"@type":"ReadAction","target":["https:\/\/mettapapelaria.com.br\/catalogo\/produto\/clipes-para-papel-coloridos-1-0-acc\/"]}]},{"@type":"ImageObject","inLanguage":"pt-BR","@id":"https:\/\/mettapapelaria.com.br\/catalogo\/produto\/clipes-para-papel-coloridos-1-0-acc\/#primaryimage","url":"https:\/\/mettapapelaria.com.br\/catalogo\/wp-content\/uploads\/2022\/11\/CLIPES-PARA-PAPEL-COLORIDOS-1.0-ACC.jpg","contentUrl":"https:\/\/mettapapelaria.com.br\/catalogo\/wp-content\/uploads\/2022\/11\/CLIPES-PARA-PAPEL-COLORIDOS-1.0-ACC.jpg","width":754,"height":816,"caption":"CLIPES PARA PAPEL COLORIDOS 1\/0 ACC"},{"@type":"BreadcrumbList","@id":"https:\/\/mettapapelaria.com.br\/catalogo\/produto\/clipes-para-papel-coloridos-1-0-acc\/#breadcrumb","itemListElement":[{"@type":"ListItem","position":1,"name":"In\u00edcio","item":"https:\/\/mettapapelaria.com.br\/catalogo\/"},{"@type":"ListItem","position":2,"name":"Shop","item":"https:\/\/mettapapelaria.com.br\/catalogo\/shop\/"},{"@type":"ListItem","position":3,"name":"CLIPES PARA PAPEL COLORIDOS 1\/0 ACC"}]},{"@type":"WebSite","@id":"https:\/\/mettapapelaria.com.br\/catalogo\/#website","url":"https:\/\/mettapapelaria.com.br\/catalogo\/","name":"Metta Papelaria","description":"Materiais e equipamentos de escrit\u00f3rio, suprimentos para inform\u00e1tica, e uma diversificada linha de material escolar","publisher":{"@id":"https:\/\/mettapapelaria.com.br\/catalogo\/#organization"},"potentialAction":[{"@type":"SearchAction","target":{"@type":"EntryPoint","urlTemplate":"https:\/\/mettapapelaria.com.br\/catalogo\/?s={search_term_string}"},"query-input":{"@type":"PropertyValueSpecification","valueRequired":true,"valueName":"search_term_string"}}],"inLanguage":"pt-BR"},{"@type":"Organization","@id":"https:\/\/mettapapelaria.com.br\/catalogo\/#organization","name":"Metta Papelaria","url":"https:\/\/mettapapelaria.com.br\/catalogo\/","logo":{"@type":"ImageObject","inLanguage":"pt-BR","@id":"https:\/\/mettapapelaria.com.br\/catalogo\/#\/schema\/logo\/image\/","url":"https:\/\/mettapapelaria.com.br\/catalogo\/wp-content\/uploads\/2023\/12\/cropped-favicon-Metta_512-1.png","contentUrl":"https:\/\/mettapapelaria.com.br\/catalogo\/wp-content\/uploads\/2023\/12\/cropped-favicon-Metta_512-1.png","width":512,"height":512,"caption":"Metta Papelaria"},"image":{"@id":"https:\/\/mettapapelaria.com.br\/catalogo\/#\/schema\/logo\/image\/"},"sameAs":["https:\/\/www.facebook.com\/mettapapelaria\/","https:\/\/www.instagram.com\/papelariametta\/"]}]}},"_links":{"self":[{"href":"https:\/\/mettapapelaria.com.br\/catalogo\/wp-json\/wp\/v2\/product\/824","targetHints":{"allow":["GET"]}}],"collection":[{"href":"https:\/\/mettapapelaria.com.br\/catalogo\/wp-json\/wp\/v2\/product"}],"about":[{"href":"https:\/\/mettapapelaria.com.br\/catalogo\/wp-json\/wp\/v2\/types\/product"}],"replies":[{"embeddable":true,"href":"https:\/\/mettapapelaria.com.br\/catalogo\/wp-json\/wp\/v2\/comments?post=824"}],"version-history":[{"count":0,"href":"https:\/\/mettapapelaria.com.br\/catalogo\/wp-json\/wp\/v2\/product\/824\/revisions"}],"wp:featuredmedia":[{"embeddable":true,"href":"https:\/\/mettapapelaria.com.br\/catalogo\/wp-json\/wp\/v2\/media\/822"}],"wp:attachment":[{"href":"https:\/\/mettapapelaria.com.br\/catalogo\/wp-json\/wp\/v2\/media?parent=824"}],"wp:term":[{"taxonomy":"brand","embeddable":true,"href":"https:\/\/mettapapelaria.com.br\/catalogo\/wp-json\/wp\/v2\/etheme_brands?post=824"},{"taxonomy":"product_brand","embeddable":true,"href":"https:\/\/mettapapelaria.com.br\/catalogo\/wp-json\/wp\/v2\/product_brand?post=824"},{"taxonomy":"product_cat","embeddable":true,"href":"https:\/\/mettapapelaria.com.br\/catalogo\/wp-json\/wp\/v2\/product_cat?post=824"},{"taxonomy":"product_tag","embeddable":true,"href":"https:\/\/mettapapelaria.com.br\/catalogo\/wp-json\/wp\/v2\/product_tag?post=824"}],"curies":[{"name":"wp","href":"https:\/\/api.w.org\/{rel}","templated":true}]}}