{"id":8229,"date":"2024-10-25T15:31:12","date_gmt":"2024-10-25T18:31:12","guid":{"rendered":"https:\/\/mettapapelaria.com.br\/catalogo\/?post_type=product&#038;p=8229"},"modified":"2024-10-25T15:31:13","modified_gmt":"2024-10-25T18:31:13","slug":"mini-grampeador-c-chaveiro-pet-tris","status":"publish","type":"product","link":"https:\/\/mettapapelaria.com.br\/catalogo\/produto\/mini-grampeador-c-chaveiro-pet-tris\/","title":{"rendered":"MINI GRAMPEADOR C\/ CHAVEIRO PET TRIS"},"content":{"rendered":"<p>Tudo de mais fofo \u00e9 o que voc\u00ea vai ver por aqui: comidinhas, arco-\u00edris e os bichinhos mais requisitados! A linha Holic Fofurices veio para deixar o seu estojo ainda mais lindo. O mini grampeador Petit possui topper muuuito fofo de bichinhos, e chaveiro. Ideal para grampos tipo n\u00famero 10 e capacidade de grampear at\u00e9 10 fls.<\/p>\n","protected":false},"excerpt":{"rendered":"<p>Tudo de mais fofo \u00e9 o que voc\u00ea vai ver por aqui: comidinhas, arco-\u00edris e os bichinhos mais requisitados! A linha Holic Fofurices veio para&#8230;<\/p>\n","protected":false},"featured_media":8230,"comment_status":"open","ping_status":"closed","template":"","meta":[],"etheme_brands":[{"term_id":337,"name":"Tris","slug":"tris","term_group":0,"term_taxonomy_id":337,"taxonomy":"brand","description":"","parent":0,"count":53,"filter":"raw"}],"product_brand":[],"product_cat":[62,16],"product_tag":[],"class_list":{"0":"post-8229","1":"product","2":"type-product","3":"status-publish","4":"has-post-thumbnail","6":"brand-tris","7":"product_cat-grampeador-grampos","8":"product_cat-material-escolar","10":"first","11":"instock","12":"sold-individually","13":"shipping-taxable","14":"purchasable","15":"product-type-simple"},"yoast_head":"<!-- This site is optimized with the Yoast SEO plugin v26.9 - https:\/\/yoast.com\/product\/yoast-seo-wordpress\/ -->\n<title>MINI GRAMPEADOR C\/ CHAVEIRO PET TRIS - Metta Papelaria<\/title>\n<meta name=\"description\" content=\"Tudo de mais fofo \u00e9 o que voc\u00ea vai ver por aqui: comidinhas, arco-\u00edris e os bichinhos mais requisitados! A linha Holic Fofurices veio para deixar o seu estojo ainda mais lindo. O mini grampeador Petit possui topper muuuito fofo de bichinhos, e chaveiro. Ideal para grampos tipo n\u00famero 10 e capacidade de grampear at\u00e9 10 fls.\" \/>\n<meta name=\"robots\" content=\"index, follow, max-snippet:-1, max-image-preview:large, max-video-preview:-1\" \/>\n<link rel=\"canonical\" href=\"https:\/\/mettapapelaria.com.br\/catalogo\/produto\/mini-grampeador-c-chaveiro-pet-tris\/\" \/>\n<meta property=\"og:locale\" content=\"pt_BR\" \/>\n<meta property=\"og:type\" content=\"article\" \/>\n<meta property=\"og:title\" content=\"MINI GRAMPEADOR C\/ CHAVEIRO PET TRIS - Metta Papelaria\" \/>\n<meta property=\"og:description\" content=\"Tudo de mais fofo \u00e9 o que voc\u00ea vai ver por aqui: comidinhas, arco-\u00edris e os bichinhos mais requisitados! A linha Holic Fofurices veio para deixar o seu estojo ainda mais lindo. O mini grampeador Petit possui topper muuuito fofo de bichinhos, e chaveiro. Ideal para grampos tipo n\u00famero 10 e capacidade de grampear at\u00e9 10 fls.\" \/>\n<meta property=\"og:url\" content=\"https:\/\/mettapapelaria.com.br\/catalogo\/produto\/mini-grampeador-c-chaveiro-pet-tris\/\" \/>\n<meta property=\"og:site_name\" content=\"Metta Papelaria\" \/>\n<meta property=\"article:publisher\" content=\"https:\/\/www.facebook.com\/mettapapelaria\/\" \/>\n<meta property=\"article:modified_time\" content=\"2024-10-25T18:31:13+00:00\" \/>\n<meta property=\"og:image\" content=\"https:\/\/mettapapelaria.com.br\/catalogo\/wp-content\/uploads\/2024\/10\/ESTOJO-FUNDO-DO-MAR-88.png\" \/>\n\t<meta property=\"og:image:width\" content=\"1080\" \/>\n\t<meta property=\"og:image:height\" content=\"1080\" \/>\n\t<meta property=\"og:image:type\" content=\"image\/png\" \/>\n<meta name=\"twitter:card\" content=\"summary_large_image\" \/>\n<meta name=\"twitter:label1\" content=\"Est. tempo de leitura\" \/>\n\t<meta name=\"twitter:data1\" content=\"1 minuto\" \/>\n<script type=\"application\/ld+json\" class=\"yoast-schema-graph\">{\"@context\":\"https:\/\/schema.org\",\"@graph\":[{\"@type\":\"WebPage\",\"@id\":\"https:\/\/mettapapelaria.com.br\/catalogo\/produto\/mini-grampeador-c-chaveiro-pet-tris\/\",\"url\":\"https:\/\/mettapapelaria.com.br\/catalogo\/produto\/mini-grampeador-c-chaveiro-pet-tris\/\",\"name\":\"MINI GRAMPEADOR C\/ CHAVEIRO PET TRIS - Metta Papelaria\",\"isPartOf\":{\"@id\":\"https:\/\/mettapapelaria.com.br\/catalogo\/#website\"},\"primaryImageOfPage\":{\"@id\":\"https:\/\/mettapapelaria.com.br\/catalogo\/produto\/mini-grampeador-c-chaveiro-pet-tris\/#primaryimage\"},\"image\":{\"@id\":\"https:\/\/mettapapelaria.com.br\/catalogo\/produto\/mini-grampeador-c-chaveiro-pet-tris\/#primaryimage\"},\"thumbnailUrl\":\"https:\/\/mettapapelaria.com.br\/catalogo\/wp-content\/uploads\/2024\/10\/ESTOJO-FUNDO-DO-MAR-88.png\",\"datePublished\":\"2024-10-25T18:31:12+00:00\",\"dateModified\":\"2024-10-25T18:31:13+00:00\",\"description\":\"Tudo de mais fofo \u00e9 o que voc\u00ea vai ver por aqui: comidinhas, arco-\u00edris e os bichinhos mais requisitados! A linha Holic Fofurices veio para deixar o seu estojo ainda mais lindo. O mini grampeador Petit possui topper muuuito fofo de bichinhos, e chaveiro. Ideal para grampos tipo n\u00famero 10 e capacidade de grampear at\u00e9 10 fls.\",\"breadcrumb\":{\"@id\":\"https:\/\/mettapapelaria.com.br\/catalogo\/produto\/mini-grampeador-c-chaveiro-pet-tris\/#breadcrumb\"},\"inLanguage\":\"pt-BR\",\"potentialAction\":[{\"@type\":\"ReadAction\",\"target\":[\"https:\/\/mettapapelaria.com.br\/catalogo\/produto\/mini-grampeador-c-chaveiro-pet-tris\/\"]}]},{\"@type\":\"ImageObject\",\"inLanguage\":\"pt-BR\",\"@id\":\"https:\/\/mettapapelaria.com.br\/catalogo\/produto\/mini-grampeador-c-chaveiro-pet-tris\/#primaryimage\",\"url\":\"https:\/\/mettapapelaria.com.br\/catalogo\/wp-content\/uploads\/2024\/10\/ESTOJO-FUNDO-DO-MAR-88.png\",\"contentUrl\":\"https:\/\/mettapapelaria.com.br\/catalogo\/wp-content\/uploads\/2024\/10\/ESTOJO-FUNDO-DO-MAR-88.png\",\"width\":1080,\"height\":1080},{\"@type\":\"BreadcrumbList\",\"@id\":\"https:\/\/mettapapelaria.com.br\/catalogo\/produto\/mini-grampeador-c-chaveiro-pet-tris\/#breadcrumb\",\"itemListElement\":[{\"@type\":\"ListItem\",\"position\":1,\"name\":\"In\u00edcio\",\"item\":\"https:\/\/mettapapelaria.com.br\/catalogo\/\"},{\"@type\":\"ListItem\",\"position\":2,\"name\":\"Shop\",\"item\":\"https:\/\/mettapapelaria.com.br\/catalogo\/shop\/\"},{\"@type\":\"ListItem\",\"position\":3,\"name\":\"MINI GRAMPEADOR C\/ CHAVEIRO PET TRIS\"}]},{\"@type\":\"WebSite\",\"@id\":\"https:\/\/mettapapelaria.com.br\/catalogo\/#website\",\"url\":\"https:\/\/mettapapelaria.com.br\/catalogo\/\",\"name\":\"Metta Papelaria\",\"description\":\"Materiais e equipamentos de escrit\u00f3rio, suprimentos para inform\u00e1tica, e uma diversificada linha de material escolar\",\"publisher\":{\"@id\":\"https:\/\/mettapapelaria.com.br\/catalogo\/#organization\"},\"potentialAction\":[{\"@type\":\"SearchAction\",\"target\":{\"@type\":\"EntryPoint\",\"urlTemplate\":\"https:\/\/mettapapelaria.com.br\/catalogo\/?s={search_term_string}\"},\"query-input\":{\"@type\":\"PropertyValueSpecification\",\"valueRequired\":true,\"valueName\":\"search_term_string\"}}],\"inLanguage\":\"pt-BR\"},{\"@type\":\"Organization\",\"@id\":\"https:\/\/mettapapelaria.com.br\/catalogo\/#organization\",\"name\":\"Metta Papelaria\",\"url\":\"https:\/\/mettapapelaria.com.br\/catalogo\/\",\"logo\":{\"@type\":\"ImageObject\",\"inLanguage\":\"pt-BR\",\"@id\":\"https:\/\/mettapapelaria.com.br\/catalogo\/#\/schema\/logo\/image\/\",\"url\":\"https:\/\/mettapapelaria.com.br\/catalogo\/wp-content\/uploads\/2023\/12\/cropped-favicon-Metta_512-1.png\",\"contentUrl\":\"https:\/\/mettapapelaria.com.br\/catalogo\/wp-content\/uploads\/2023\/12\/cropped-favicon-Metta_512-1.png\",\"width\":512,\"height\":512,\"caption\":\"Metta Papelaria\"},\"image\":{\"@id\":\"https:\/\/mettapapelaria.com.br\/catalogo\/#\/schema\/logo\/image\/\"},\"sameAs\":[\"https:\/\/www.facebook.com\/mettapapelaria\/\",\"https:\/\/www.instagram.com\/papelariametta\/\"]}]}<\/script>\n<!-- \/ Yoast SEO plugin. -->","yoast_head_json":{"title":"MINI GRAMPEADOR C\/ CHAVEIRO PET TRIS - Metta Papelaria","description":"Tudo de mais fofo \u00e9 o que voc\u00ea vai ver por aqui: comidinhas, arco-\u00edris e os bichinhos mais requisitados! A linha Holic Fofurices veio para deixar o seu estojo ainda mais lindo. O mini grampeador Petit possui topper muuuito fofo de bichinhos, e chaveiro. Ideal para grampos tipo n\u00famero 10 e capacidade de grampear at\u00e9 10 fls.","robots":{"index":"index","follow":"follow","max-snippet":"max-snippet:-1","max-image-preview":"max-image-preview:large","max-video-preview":"max-video-preview:-1"},"canonical":"https:\/\/mettapapelaria.com.br\/catalogo\/produto\/mini-grampeador-c-chaveiro-pet-tris\/","og_locale":"pt_BR","og_type":"article","og_title":"MINI GRAMPEADOR C\/ CHAVEIRO PET TRIS - Metta Papelaria","og_description":"Tudo de mais fofo \u00e9 o que voc\u00ea vai ver por aqui: comidinhas, arco-\u00edris e os bichinhos mais requisitados! A linha Holic Fofurices veio para deixar o seu estojo ainda mais lindo. O mini grampeador Petit possui topper muuuito fofo de bichinhos, e chaveiro. Ideal para grampos tipo n\u00famero 10 e capacidade de grampear at\u00e9 10 fls.","og_url":"https:\/\/mettapapelaria.com.br\/catalogo\/produto\/mini-grampeador-c-chaveiro-pet-tris\/","og_site_name":"Metta Papelaria","article_publisher":"https:\/\/www.facebook.com\/mettapapelaria\/","article_modified_time":"2024-10-25T18:31:13+00:00","og_image":[{"width":1080,"height":1080,"url":"https:\/\/mettapapelaria.com.br\/catalogo\/wp-content\/uploads\/2024\/10\/ESTOJO-FUNDO-DO-MAR-88.png","type":"image\/png"}],"twitter_card":"summary_large_image","twitter_misc":{"Est. tempo de leitura":"1 minuto"},"schema":{"@context":"https:\/\/schema.org","@graph":[{"@type":"WebPage","@id":"https:\/\/mettapapelaria.com.br\/catalogo\/produto\/mini-grampeador-c-chaveiro-pet-tris\/","url":"https:\/\/mettapapelaria.com.br\/catalogo\/produto\/mini-grampeador-c-chaveiro-pet-tris\/","name":"MINI GRAMPEADOR C\/ CHAVEIRO PET TRIS - Metta Papelaria","isPartOf":{"@id":"https:\/\/mettapapelaria.com.br\/catalogo\/#website"},"primaryImageOfPage":{"@id":"https:\/\/mettapapelaria.com.br\/catalogo\/produto\/mini-grampeador-c-chaveiro-pet-tris\/#primaryimage"},"image":{"@id":"https:\/\/mettapapelaria.com.br\/catalogo\/produto\/mini-grampeador-c-chaveiro-pet-tris\/#primaryimage"},"thumbnailUrl":"https:\/\/mettapapelaria.com.br\/catalogo\/wp-content\/uploads\/2024\/10\/ESTOJO-FUNDO-DO-MAR-88.png","datePublished":"2024-10-25T18:31:12+00:00","dateModified":"2024-10-25T18:31:13+00:00","description":"Tudo de mais fofo \u00e9 o que voc\u00ea vai ver por aqui: comidinhas, arco-\u00edris e os bichinhos mais requisitados! A linha Holic Fofurices veio para deixar o seu estojo ainda mais lindo. O mini grampeador Petit possui topper muuuito fofo de bichinhos, e chaveiro. Ideal para grampos tipo n\u00famero 10 e capacidade de grampear at\u00e9 10 fls.","breadcrumb":{"@id":"https:\/\/mettapapelaria.com.br\/catalogo\/produto\/mini-grampeador-c-chaveiro-pet-tris\/#breadcrumb"},"inLanguage":"pt-BR","potentialAction":[{"@type":"ReadAction","target":["https:\/\/mettapapelaria.com.br\/catalogo\/produto\/mini-grampeador-c-chaveiro-pet-tris\/"]}]},{"@type":"ImageObject","inLanguage":"pt-BR","@id":"https:\/\/mettapapelaria.com.br\/catalogo\/produto\/mini-grampeador-c-chaveiro-pet-tris\/#primaryimage","url":"https:\/\/mettapapelaria.com.br\/catalogo\/wp-content\/uploads\/2024\/10\/ESTOJO-FUNDO-DO-MAR-88.png","contentUrl":"https:\/\/mettapapelaria.com.br\/catalogo\/wp-content\/uploads\/2024\/10\/ESTOJO-FUNDO-DO-MAR-88.png","width":1080,"height":1080},{"@type":"BreadcrumbList","@id":"https:\/\/mettapapelaria.com.br\/catalogo\/produto\/mini-grampeador-c-chaveiro-pet-tris\/#breadcrumb","itemListElement":[{"@type":"ListItem","position":1,"name":"In\u00edcio","item":"https:\/\/mettapapelaria.com.br\/catalogo\/"},{"@type":"ListItem","position":2,"name":"Shop","item":"https:\/\/mettapapelaria.com.br\/catalogo\/shop\/"},{"@type":"ListItem","position":3,"name":"MINI GRAMPEADOR C\/ CHAVEIRO PET TRIS"}]},{"@type":"WebSite","@id":"https:\/\/mettapapelaria.com.br\/catalogo\/#website","url":"https:\/\/mettapapelaria.com.br\/catalogo\/","name":"Metta Papelaria","description":"Materiais e equipamentos de escrit\u00f3rio, suprimentos para inform\u00e1tica, e uma diversificada linha de material escolar","publisher":{"@id":"https:\/\/mettapapelaria.com.br\/catalogo\/#organization"},"potentialAction":[{"@type":"SearchAction","target":{"@type":"EntryPoint","urlTemplate":"https:\/\/mettapapelaria.com.br\/catalogo\/?s={search_term_string}"},"query-input":{"@type":"PropertyValueSpecification","valueRequired":true,"valueName":"search_term_string"}}],"inLanguage":"pt-BR"},{"@type":"Organization","@id":"https:\/\/mettapapelaria.com.br\/catalogo\/#organization","name":"Metta Papelaria","url":"https:\/\/mettapapelaria.com.br\/catalogo\/","logo":{"@type":"ImageObject","inLanguage":"pt-BR","@id":"https:\/\/mettapapelaria.com.br\/catalogo\/#\/schema\/logo\/image\/","url":"https:\/\/mettapapelaria.com.br\/catalogo\/wp-content\/uploads\/2023\/12\/cropped-favicon-Metta_512-1.png","contentUrl":"https:\/\/mettapapelaria.com.br\/catalogo\/wp-content\/uploads\/2023\/12\/cropped-favicon-Metta_512-1.png","width":512,"height":512,"caption":"Metta Papelaria"},"image":{"@id":"https:\/\/mettapapelaria.com.br\/catalogo\/#\/schema\/logo\/image\/"},"sameAs":["https:\/\/www.facebook.com\/mettapapelaria\/","https:\/\/www.instagram.com\/papelariametta\/"]}]}},"_links":{"self":[{"href":"https:\/\/mettapapelaria.com.br\/catalogo\/wp-json\/wp\/v2\/product\/8229","targetHints":{"allow":["GET"]}}],"collection":[{"href":"https:\/\/mettapapelaria.com.br\/catalogo\/wp-json\/wp\/v2\/product"}],"about":[{"href":"https:\/\/mettapapelaria.com.br\/catalogo\/wp-json\/wp\/v2\/types\/product"}],"replies":[{"embeddable":true,"href":"https:\/\/mettapapelaria.com.br\/catalogo\/wp-json\/wp\/v2\/comments?post=8229"}],"version-history":[{"count":1,"href":"https:\/\/mettapapelaria.com.br\/catalogo\/wp-json\/wp\/v2\/product\/8229\/revisions"}],"predecessor-version":[{"id":8233,"href":"https:\/\/mettapapelaria.com.br\/catalogo\/wp-json\/wp\/v2\/product\/8229\/revisions\/8233"}],"wp:featuredmedia":[{"embeddable":true,"href":"https:\/\/mettapapelaria.com.br\/catalogo\/wp-json\/wp\/v2\/media\/8230"}],"wp:attachment":[{"href":"https:\/\/mettapapelaria.com.br\/catalogo\/wp-json\/wp\/v2\/media?parent=8229"}],"wp:term":[{"taxonomy":"brand","embeddable":true,"href":"https:\/\/mettapapelaria.com.br\/catalogo\/wp-json\/wp\/v2\/etheme_brands?post=8229"},{"taxonomy":"product_brand","embeddable":true,"href":"https:\/\/mettapapelaria.com.br\/catalogo\/wp-json\/wp\/v2\/product_brand?post=8229"},{"taxonomy":"product_cat","embeddable":true,"href":"https:\/\/mettapapelaria.com.br\/catalogo\/wp-json\/wp\/v2\/product_cat?post=8229"},{"taxonomy":"product_tag","embeddable":true,"href":"https:\/\/mettapapelaria.com.br\/catalogo\/wp-json\/wp\/v2\/product_tag?post=8229"}],"curies":[{"name":"wp","href":"https:\/\/api.w.org\/{rel}","templated":true}]}}