{"id":821,"date":"2022-11-04T15:54:23","date_gmt":"2022-11-04T18:54:23","guid":{"rendered":"https:\/\/mettapapelaria.com.br\/catalogo\/produto\/clipes-para-papel-coloridos-soul-2-0-brw\/"},"modified":"2022-11-04T15:54:23","modified_gmt":"2022-11-04T18:54:23","slug":"clipes-para-papel-coloridos-soul-2-0-brw","status":"publish","type":"product","link":"https:\/\/mettapapelaria.com.br\/catalogo\/produto\/clipes-para-papel-coloridos-soul-2-0-brw\/","title":{"rendered":"CLIPES PARA PAPEL COLORIDOS SOUL 2\/0 BRW"},"content":{"rendered":"<h4><span style=\"font-family: Arial;\">Tem como finalidade organizar e classificar pap\u00e9is, documentos, relat\u00f3rios, pl\u00e1sticos, embalagens e muito mais! Com eles \u00e9 poss\u00edvel manter seu ambiente de trabalho e de estudos totalmente organizado, o que amplia sua produtividade e bem estar.&nbsp;<\/span><\/h4>\n<h4><span style=\"font-family: Arial;\">Produzido em arame de a\u00e7o niquelado de qualidade, os clipes possuem alta durabilidade, firmeza e excelente fixa\u00e7\u00e3o. Tamb\u00e9m s\u00e3o flex\u00edveis, resistentes a oxida\u00e7\u00e3o e n\u00e3o quebram facilmente. Al\u00e9m disso, \u00e9 poss\u00edvel mesclar as cores para diferenciar documentos e tarefas importantes a serem conclu\u00eddas.&nbsp;<\/span><\/h4>\n<h4><span style=\"font-family: Arial;\">Seu manuseio \u00e9 de grande facilidade e totalmente seguro, pois n\u00e3o contam com rebarbas. Os Clipes BRW s\u00e3o artigos indispens\u00e1veis para uso no dia a dia! Dispon\u00edveis em embalagens acr\u00edlicas de 50 unidades.<\/span><\/h4>\n","protected":false},"excerpt":{"rendered":"<p>Tem como finalidade organizar e classificar pap\u00e9is, documentos, relat\u00f3rios, pl\u00e1sticos, embalagens e muito mais! Com eles \u00e9 poss\u00edvel manter seu ambiente de trabalho e de&#8230;<\/p>\n","protected":false},"featured_media":819,"comment_status":"open","ping_status":"closed","template":"","meta":[],"etheme_brands":[],"product_brand":[],"product_cat":[54,25],"product_tag":[],"class_list":{"0":"post-821","1":"product","2":"type-product","3":"status-publish","4":"has-post-thumbnail","6":"product_cat-clips-grampo-prendedor","7":"product_cat-material","9":"first","10":"instock","11":"sold-individually","12":"shipping-taxable","13":"purchasable","14":"product-type-simple"},"yoast_head":"<!-- This site is optimized with the Yoast SEO plugin v26.9 - https:\/\/yoast.com\/product\/yoast-seo-wordpress\/ -->\n<title>CLIPES PARA PAPEL COLORIDOS SOUL 2\/0 BRW - Metta Papelaria<\/title>\n<meta name=\"robots\" content=\"index, follow, max-snippet:-1, max-image-preview:large, max-video-preview:-1\" \/>\n<link rel=\"canonical\" href=\"https:\/\/mettapapelaria.com.br\/catalogo\/produto\/clipes-para-papel-coloridos-soul-2-0-brw\/\" \/>\n<meta property=\"og:locale\" content=\"pt_BR\" \/>\n<meta property=\"og:type\" content=\"article\" \/>\n<meta property=\"og:title\" content=\"CLIPES PARA PAPEL COLORIDOS SOUL 2\/0 BRW - Metta Papelaria\" \/>\n<meta property=\"og:description\" content=\"Tem como finalidade organizar e classificar pap\u00e9is, documentos, relat\u00f3rios, pl\u00e1sticos, embalagens e muito mais! Com eles \u00e9 poss\u00edvel manter seu ambiente de trabalho e de...\" \/>\n<meta property=\"og:url\" content=\"https:\/\/mettapapelaria.com.br\/catalogo\/produto\/clipes-para-papel-coloridos-soul-2-0-brw\/\" \/>\n<meta property=\"og:site_name\" content=\"Metta Papelaria\" \/>\n<meta property=\"article:publisher\" content=\"https:\/\/www.facebook.com\/mettapapelaria\/\" \/>\n<meta property=\"og:image\" content=\"https:\/\/mettapapelaria.com.br\/catalogo\/wp-content\/uploads\/2022\/11\/CLIPES-PARA-PAPEL-COLORIDOS-SOUL-2.0-BRW.jpg\" \/>\n\t<meta property=\"og:image:width\" content=\"457\" \/>\n\t<meta property=\"og:image:height\" content=\"422\" \/>\n\t<meta property=\"og:image:type\" content=\"image\/jpeg\" \/>\n<meta name=\"twitter:card\" content=\"summary_large_image\" \/>\n<meta name=\"twitter:label1\" content=\"Est. tempo de leitura\" \/>\n\t<meta name=\"twitter:data1\" content=\"1 minuto\" \/>\n<script type=\"application\/ld+json\" class=\"yoast-schema-graph\">{\"@context\":\"https:\/\/schema.org\",\"@graph\":[{\"@type\":\"WebPage\",\"@id\":\"https:\/\/mettapapelaria.com.br\/catalogo\/produto\/clipes-para-papel-coloridos-soul-2-0-brw\/\",\"url\":\"https:\/\/mettapapelaria.com.br\/catalogo\/produto\/clipes-para-papel-coloridos-soul-2-0-brw\/\",\"name\":\"CLIPES PARA PAPEL COLORIDOS SOUL 2\/0 BRW - Metta Papelaria\",\"isPartOf\":{\"@id\":\"https:\/\/mettapapelaria.com.br\/catalogo\/#website\"},\"primaryImageOfPage\":{\"@id\":\"https:\/\/mettapapelaria.com.br\/catalogo\/produto\/clipes-para-papel-coloridos-soul-2-0-brw\/#primaryimage\"},\"image\":{\"@id\":\"https:\/\/mettapapelaria.com.br\/catalogo\/produto\/clipes-para-papel-coloridos-soul-2-0-brw\/#primaryimage\"},\"thumbnailUrl\":\"https:\/\/mettapapelaria.com.br\/catalogo\/wp-content\/uploads\/2022\/11\/CLIPES-PARA-PAPEL-COLORIDOS-SOUL-2.0-BRW.jpg\",\"datePublished\":\"2022-11-04T18:54:23+00:00\",\"breadcrumb\":{\"@id\":\"https:\/\/mettapapelaria.com.br\/catalogo\/produto\/clipes-para-papel-coloridos-soul-2-0-brw\/#breadcrumb\"},\"inLanguage\":\"pt-BR\",\"potentialAction\":[{\"@type\":\"ReadAction\",\"target\":[\"https:\/\/mettapapelaria.com.br\/catalogo\/produto\/clipes-para-papel-coloridos-soul-2-0-brw\/\"]}]},{\"@type\":\"ImageObject\",\"inLanguage\":\"pt-BR\",\"@id\":\"https:\/\/mettapapelaria.com.br\/catalogo\/produto\/clipes-para-papel-coloridos-soul-2-0-brw\/#primaryimage\",\"url\":\"https:\/\/mettapapelaria.com.br\/catalogo\/wp-content\/uploads\/2022\/11\/CLIPES-PARA-PAPEL-COLORIDOS-SOUL-2.0-BRW.jpg\",\"contentUrl\":\"https:\/\/mettapapelaria.com.br\/catalogo\/wp-content\/uploads\/2022\/11\/CLIPES-PARA-PAPEL-COLORIDOS-SOUL-2.0-BRW.jpg\",\"width\":457,\"height\":422,\"caption\":\"CLIPES PARA PAPEL COLORIDOS SOUL 2\/0 BRW\"},{\"@type\":\"BreadcrumbList\",\"@id\":\"https:\/\/mettapapelaria.com.br\/catalogo\/produto\/clipes-para-papel-coloridos-soul-2-0-brw\/#breadcrumb\",\"itemListElement\":[{\"@type\":\"ListItem\",\"position\":1,\"name\":\"In\u00edcio\",\"item\":\"https:\/\/mettapapelaria.com.br\/catalogo\/\"},{\"@type\":\"ListItem\",\"position\":2,\"name\":\"Shop\",\"item\":\"https:\/\/mettapapelaria.com.br\/catalogo\/shop\/\"},{\"@type\":\"ListItem\",\"position\":3,\"name\":\"CLIPES PARA PAPEL COLORIDOS SOUL 2\/0 BRW\"}]},{\"@type\":\"WebSite\",\"@id\":\"https:\/\/mettapapelaria.com.br\/catalogo\/#website\",\"url\":\"https:\/\/mettapapelaria.com.br\/catalogo\/\",\"name\":\"Metta Papelaria\",\"description\":\"Materiais e equipamentos de escrit\u00f3rio, suprimentos para inform\u00e1tica, e uma diversificada linha de material escolar\",\"publisher\":{\"@id\":\"https:\/\/mettapapelaria.com.br\/catalogo\/#organization\"},\"potentialAction\":[{\"@type\":\"SearchAction\",\"target\":{\"@type\":\"EntryPoint\",\"urlTemplate\":\"https:\/\/mettapapelaria.com.br\/catalogo\/?s={search_term_string}\"},\"query-input\":{\"@type\":\"PropertyValueSpecification\",\"valueRequired\":true,\"valueName\":\"search_term_string\"}}],\"inLanguage\":\"pt-BR\"},{\"@type\":\"Organization\",\"@id\":\"https:\/\/mettapapelaria.com.br\/catalogo\/#organization\",\"name\":\"Metta Papelaria\",\"url\":\"https:\/\/mettapapelaria.com.br\/catalogo\/\",\"logo\":{\"@type\":\"ImageObject\",\"inLanguage\":\"pt-BR\",\"@id\":\"https:\/\/mettapapelaria.com.br\/catalogo\/#\/schema\/logo\/image\/\",\"url\":\"https:\/\/mettapapelaria.com.br\/catalogo\/wp-content\/uploads\/2023\/12\/cropped-favicon-Metta_512-1.png\",\"contentUrl\":\"https:\/\/mettapapelaria.com.br\/catalogo\/wp-content\/uploads\/2023\/12\/cropped-favicon-Metta_512-1.png\",\"width\":512,\"height\":512,\"caption\":\"Metta Papelaria\"},\"image\":{\"@id\":\"https:\/\/mettapapelaria.com.br\/catalogo\/#\/schema\/logo\/image\/\"},\"sameAs\":[\"https:\/\/www.facebook.com\/mettapapelaria\/\",\"https:\/\/www.instagram.com\/papelariametta\/\"]}]}<\/script>\n<!-- \/ Yoast SEO plugin. -->","yoast_head_json":{"title":"CLIPES PARA PAPEL COLORIDOS SOUL 2\/0 BRW - Metta Papelaria","robots":{"index":"index","follow":"follow","max-snippet":"max-snippet:-1","max-image-preview":"max-image-preview:large","max-video-preview":"max-video-preview:-1"},"canonical":"https:\/\/mettapapelaria.com.br\/catalogo\/produto\/clipes-para-papel-coloridos-soul-2-0-brw\/","og_locale":"pt_BR","og_type":"article","og_title":"CLIPES PARA PAPEL COLORIDOS SOUL 2\/0 BRW - Metta Papelaria","og_description":"Tem como finalidade organizar e classificar pap\u00e9is, documentos, relat\u00f3rios, pl\u00e1sticos, embalagens e muito mais! Com eles \u00e9 poss\u00edvel manter seu ambiente de trabalho e de...","og_url":"https:\/\/mettapapelaria.com.br\/catalogo\/produto\/clipes-para-papel-coloridos-soul-2-0-brw\/","og_site_name":"Metta Papelaria","article_publisher":"https:\/\/www.facebook.com\/mettapapelaria\/","og_image":[{"width":457,"height":422,"url":"https:\/\/mettapapelaria.com.br\/catalogo\/wp-content\/uploads\/2022\/11\/CLIPES-PARA-PAPEL-COLORIDOS-SOUL-2.0-BRW.jpg","type":"image\/jpeg"}],"twitter_card":"summary_large_image","twitter_misc":{"Est. tempo de leitura":"1 minuto"},"schema":{"@context":"https:\/\/schema.org","@graph":[{"@type":"WebPage","@id":"https:\/\/mettapapelaria.com.br\/catalogo\/produto\/clipes-para-papel-coloridos-soul-2-0-brw\/","url":"https:\/\/mettapapelaria.com.br\/catalogo\/produto\/clipes-para-papel-coloridos-soul-2-0-brw\/","name":"CLIPES PARA PAPEL COLORIDOS SOUL 2\/0 BRW - Metta Papelaria","isPartOf":{"@id":"https:\/\/mettapapelaria.com.br\/catalogo\/#website"},"primaryImageOfPage":{"@id":"https:\/\/mettapapelaria.com.br\/catalogo\/produto\/clipes-para-papel-coloridos-soul-2-0-brw\/#primaryimage"},"image":{"@id":"https:\/\/mettapapelaria.com.br\/catalogo\/produto\/clipes-para-papel-coloridos-soul-2-0-brw\/#primaryimage"},"thumbnailUrl":"https:\/\/mettapapelaria.com.br\/catalogo\/wp-content\/uploads\/2022\/11\/CLIPES-PARA-PAPEL-COLORIDOS-SOUL-2.0-BRW.jpg","datePublished":"2022-11-04T18:54:23+00:00","breadcrumb":{"@id":"https:\/\/mettapapelaria.com.br\/catalogo\/produto\/clipes-para-papel-coloridos-soul-2-0-brw\/#breadcrumb"},"inLanguage":"pt-BR","potentialAction":[{"@type":"ReadAction","target":["https:\/\/mettapapelaria.com.br\/catalogo\/produto\/clipes-para-papel-coloridos-soul-2-0-brw\/"]}]},{"@type":"ImageObject","inLanguage":"pt-BR","@id":"https:\/\/mettapapelaria.com.br\/catalogo\/produto\/clipes-para-papel-coloridos-soul-2-0-brw\/#primaryimage","url":"https:\/\/mettapapelaria.com.br\/catalogo\/wp-content\/uploads\/2022\/11\/CLIPES-PARA-PAPEL-COLORIDOS-SOUL-2.0-BRW.jpg","contentUrl":"https:\/\/mettapapelaria.com.br\/catalogo\/wp-content\/uploads\/2022\/11\/CLIPES-PARA-PAPEL-COLORIDOS-SOUL-2.0-BRW.jpg","width":457,"height":422,"caption":"CLIPES PARA PAPEL COLORIDOS SOUL 2\/0 BRW"},{"@type":"BreadcrumbList","@id":"https:\/\/mettapapelaria.com.br\/catalogo\/produto\/clipes-para-papel-coloridos-soul-2-0-brw\/#breadcrumb","itemListElement":[{"@type":"ListItem","position":1,"name":"In\u00edcio","item":"https:\/\/mettapapelaria.com.br\/catalogo\/"},{"@type":"ListItem","position":2,"name":"Shop","item":"https:\/\/mettapapelaria.com.br\/catalogo\/shop\/"},{"@type":"ListItem","position":3,"name":"CLIPES PARA PAPEL COLORIDOS SOUL 2\/0 BRW"}]},{"@type":"WebSite","@id":"https:\/\/mettapapelaria.com.br\/catalogo\/#website","url":"https:\/\/mettapapelaria.com.br\/catalogo\/","name":"Metta Papelaria","description":"Materiais e equipamentos de escrit\u00f3rio, suprimentos para inform\u00e1tica, e uma diversificada linha de material escolar","publisher":{"@id":"https:\/\/mettapapelaria.com.br\/catalogo\/#organization"},"potentialAction":[{"@type":"SearchAction","target":{"@type":"EntryPoint","urlTemplate":"https:\/\/mettapapelaria.com.br\/catalogo\/?s={search_term_string}"},"query-input":{"@type":"PropertyValueSpecification","valueRequired":true,"valueName":"search_term_string"}}],"inLanguage":"pt-BR"},{"@type":"Organization","@id":"https:\/\/mettapapelaria.com.br\/catalogo\/#organization","name":"Metta Papelaria","url":"https:\/\/mettapapelaria.com.br\/catalogo\/","logo":{"@type":"ImageObject","inLanguage":"pt-BR","@id":"https:\/\/mettapapelaria.com.br\/catalogo\/#\/schema\/logo\/image\/","url":"https:\/\/mettapapelaria.com.br\/catalogo\/wp-content\/uploads\/2023\/12\/cropped-favicon-Metta_512-1.png","contentUrl":"https:\/\/mettapapelaria.com.br\/catalogo\/wp-content\/uploads\/2023\/12\/cropped-favicon-Metta_512-1.png","width":512,"height":512,"caption":"Metta Papelaria"},"image":{"@id":"https:\/\/mettapapelaria.com.br\/catalogo\/#\/schema\/logo\/image\/"},"sameAs":["https:\/\/www.facebook.com\/mettapapelaria\/","https:\/\/www.instagram.com\/papelariametta\/"]}]}},"_links":{"self":[{"href":"https:\/\/mettapapelaria.com.br\/catalogo\/wp-json\/wp\/v2\/product\/821","targetHints":{"allow":["GET"]}}],"collection":[{"href":"https:\/\/mettapapelaria.com.br\/catalogo\/wp-json\/wp\/v2\/product"}],"about":[{"href":"https:\/\/mettapapelaria.com.br\/catalogo\/wp-json\/wp\/v2\/types\/product"}],"replies":[{"embeddable":true,"href":"https:\/\/mettapapelaria.com.br\/catalogo\/wp-json\/wp\/v2\/comments?post=821"}],"version-history":[{"count":0,"href":"https:\/\/mettapapelaria.com.br\/catalogo\/wp-json\/wp\/v2\/product\/821\/revisions"}],"wp:featuredmedia":[{"embeddable":true,"href":"https:\/\/mettapapelaria.com.br\/catalogo\/wp-json\/wp\/v2\/media\/819"}],"wp:attachment":[{"href":"https:\/\/mettapapelaria.com.br\/catalogo\/wp-json\/wp\/v2\/media?parent=821"}],"wp:term":[{"taxonomy":"brand","embeddable":true,"href":"https:\/\/mettapapelaria.com.br\/catalogo\/wp-json\/wp\/v2\/etheme_brands?post=821"},{"taxonomy":"product_brand","embeddable":true,"href":"https:\/\/mettapapelaria.com.br\/catalogo\/wp-json\/wp\/v2\/product_brand?post=821"},{"taxonomy":"product_cat","embeddable":true,"href":"https:\/\/mettapapelaria.com.br\/catalogo\/wp-json\/wp\/v2\/product_cat?post=821"},{"taxonomy":"product_tag","embeddable":true,"href":"https:\/\/mettapapelaria.com.br\/catalogo\/wp-json\/wp\/v2\/product_tag?post=821"}],"curies":[{"name":"wp","href":"https:\/\/api.w.org\/{rel}","templated":true}]}}