{"id":8121,"date":"2024-10-22T16:15:52","date_gmt":"2024-10-22T19:15:52","guid":{"rendered":"https:\/\/mettapapelaria.com.br\/catalogo\/?post_type=product&#038;p=8121"},"modified":"2024-10-22T16:15:53","modified_gmt":"2024-10-22T19:15:53","slug":"pincel-chato-longo-escolar-leonora-06","status":"publish","type":"product","link":"https:\/\/mettapapelaria.com.br\/catalogo\/produto\/pincel-chato-longo-escolar-leonora-06\/","title":{"rendered":"PINCEL CHATO LONGO ESCOLAR LEONORA 06"},"content":{"rendered":"<p>O Pincel Escolar Chato Longo da L\u00e9o e L\u00e9o \u00e9 uma ferramenta vers\u00e1til e indispens\u00e1vel para artistas e estudantes de arte. Com suas cerdas sint\u00e9ticas de alta qualidade, proporciona uma aplica\u00e7\u00e3o suave e precisa de tintas, permitindo a cria\u00e7\u00e3o de tra\u00e7os largos e preenchimento de \u00e1reas com facilidade.<\/p>\n<p>O Pincel Escolar Chato Longo \u00e9 perfeito para uso em escolas, ateli\u00eas e em casa, atendendo \u00e0s demandas de artistas de diferentes n\u00edveis de habilidade. Com qualidade e durabilidade, esse pincel ir\u00e1 auxili\u00e1-lo a obter resultados incr\u00edveis em suas pinturas e projetos art\u00edsticos. N\u00e3o deixe de adquirir esse item essencial para sua cole\u00e7\u00e3o de materiais art\u00edsticos.<\/p>\n","protected":false},"excerpt":{"rendered":"<p>O Pincel Escolar Chato Longo da L\u00e9o e L\u00e9o \u00e9 uma ferramenta vers\u00e1til e indispens\u00e1vel para artistas e estudantes de arte. Com suas cerdas sint\u00e9ticas&#8230;<\/p>\n","protected":false},"featured_media":8122,"comment_status":"open","ping_status":"closed","template":"","meta":[],"etheme_brands":[{"term_id":249,"name":"Leonora","slug":"leonora","term_group":0,"term_taxonomy_id":249,"taxonomy":"brand","description":"","parent":0,"count":67,"filter":"raw"}],"product_brand":[],"product_cat":[16,125],"product_tag":[293,276,316,294,292,227,225,352,556,317,318],"class_list":{"0":"post-8121","1":"product","2":"type-product","3":"status-publish","4":"has-post-thumbnail","6":"brand-leonora","7":"product_cat-material-escolar","8":"product_cat-pincel","9":"product_tag-crianca","10":"product_tag-escola","11":"product_tag-estudante","12":"product_tag-infantil","13":"product_tag-kids","14":"product_tag-material-escolar","15":"product_tag-metta-papelaria","16":"product_tag-pincel","17":"product_tag-pincel-escolar","18":"product_tag-study","19":"product_tag-volta-as-aulas","21":"first","22":"instock","23":"sold-individually","24":"shipping-taxable","25":"purchasable","26":"product-type-simple"},"yoast_head":"<!-- This site is optimized with the Yoast SEO plugin v26.9 - https:\/\/yoast.com\/product\/yoast-seo-wordpress\/ -->\n<title>PINCEL CHATO LONGO ESCOLAR LEONORA 06 - Metta Papelaria<\/title>\n<meta name=\"description\" content=\"O Pincel Escolar Chato Longo da L\u00e9o e L\u00e9o \u00e9 uma ferramenta vers\u00e1til e indispens\u00e1vel para artistas e estudantes de arte.\" \/>\n<meta name=\"robots\" content=\"index, follow, max-snippet:-1, max-image-preview:large, max-video-preview:-1\" \/>\n<link rel=\"canonical\" href=\"https:\/\/mettapapelaria.com.br\/catalogo\/produto\/pincel-chato-longo-escolar-leonora-06\/\" \/>\n<meta property=\"og:locale\" content=\"pt_BR\" \/>\n<meta property=\"og:type\" content=\"article\" \/>\n<meta property=\"og:title\" content=\"PINCEL CHATO LONGO ESCOLAR LEONORA 06 - Metta Papelaria\" \/>\n<meta property=\"og:description\" content=\"O Pincel Escolar Chato Longo da L\u00e9o e L\u00e9o \u00e9 uma ferramenta vers\u00e1til e indispens\u00e1vel para artistas e estudantes de arte.\" \/>\n<meta property=\"og:url\" content=\"https:\/\/mettapapelaria.com.br\/catalogo\/produto\/pincel-chato-longo-escolar-leonora-06\/\" \/>\n<meta property=\"og:site_name\" content=\"Metta Papelaria\" \/>\n<meta property=\"article:publisher\" content=\"https:\/\/www.facebook.com\/mettapapelaria\/\" \/>\n<meta property=\"article:modified_time\" content=\"2024-10-22T19:15:53+00:00\" \/>\n<meta property=\"og:image\" content=\"https:\/\/mettapapelaria.com.br\/catalogo\/wp-content\/uploads\/2024\/10\/ESTOJO-FUNDO-DO-MAR-31.png\" \/>\n\t<meta property=\"og:image:width\" content=\"1080\" \/>\n\t<meta property=\"og:image:height\" content=\"1080\" \/>\n\t<meta property=\"og:image:type\" content=\"image\/png\" \/>\n<meta name=\"twitter:card\" content=\"summary_large_image\" \/>\n<meta name=\"twitter:label1\" content=\"Est. tempo de leitura\" \/>\n\t<meta name=\"twitter:data1\" content=\"1 minuto\" \/>\n<script type=\"application\/ld+json\" class=\"yoast-schema-graph\">{\"@context\":\"https:\/\/schema.org\",\"@graph\":[{\"@type\":\"WebPage\",\"@id\":\"https:\/\/mettapapelaria.com.br\/catalogo\/produto\/pincel-chato-longo-escolar-leonora-06\/\",\"url\":\"https:\/\/mettapapelaria.com.br\/catalogo\/produto\/pincel-chato-longo-escolar-leonora-06\/\",\"name\":\"PINCEL CHATO LONGO ESCOLAR LEONORA 06 - Metta Papelaria\",\"isPartOf\":{\"@id\":\"https:\/\/mettapapelaria.com.br\/catalogo\/#website\"},\"primaryImageOfPage\":{\"@id\":\"https:\/\/mettapapelaria.com.br\/catalogo\/produto\/pincel-chato-longo-escolar-leonora-06\/#primaryimage\"},\"image\":{\"@id\":\"https:\/\/mettapapelaria.com.br\/catalogo\/produto\/pincel-chato-longo-escolar-leonora-06\/#primaryimage\"},\"thumbnailUrl\":\"https:\/\/mettapapelaria.com.br\/catalogo\/wp-content\/uploads\/2024\/10\/ESTOJO-FUNDO-DO-MAR-31.png\",\"datePublished\":\"2024-10-22T19:15:52+00:00\",\"dateModified\":\"2024-10-22T19:15:53+00:00\",\"description\":\"O Pincel Escolar Chato Longo da L\u00e9o e L\u00e9o \u00e9 uma ferramenta vers\u00e1til e indispens\u00e1vel para artistas e estudantes de arte.\",\"breadcrumb\":{\"@id\":\"https:\/\/mettapapelaria.com.br\/catalogo\/produto\/pincel-chato-longo-escolar-leonora-06\/#breadcrumb\"},\"inLanguage\":\"pt-BR\",\"potentialAction\":[{\"@type\":\"ReadAction\",\"target\":[\"https:\/\/mettapapelaria.com.br\/catalogo\/produto\/pincel-chato-longo-escolar-leonora-06\/\"]}]},{\"@type\":\"ImageObject\",\"inLanguage\":\"pt-BR\",\"@id\":\"https:\/\/mettapapelaria.com.br\/catalogo\/produto\/pincel-chato-longo-escolar-leonora-06\/#primaryimage\",\"url\":\"https:\/\/mettapapelaria.com.br\/catalogo\/wp-content\/uploads\/2024\/10\/ESTOJO-FUNDO-DO-MAR-31.png\",\"contentUrl\":\"https:\/\/mettapapelaria.com.br\/catalogo\/wp-content\/uploads\/2024\/10\/ESTOJO-FUNDO-DO-MAR-31.png\",\"width\":1080,\"height\":1080},{\"@type\":\"BreadcrumbList\",\"@id\":\"https:\/\/mettapapelaria.com.br\/catalogo\/produto\/pincel-chato-longo-escolar-leonora-06\/#breadcrumb\",\"itemListElement\":[{\"@type\":\"ListItem\",\"position\":1,\"name\":\"In\u00edcio\",\"item\":\"https:\/\/mettapapelaria.com.br\/catalogo\/\"},{\"@type\":\"ListItem\",\"position\":2,\"name\":\"Shop\",\"item\":\"https:\/\/mettapapelaria.com.br\/catalogo\/shop\/\"},{\"@type\":\"ListItem\",\"position\":3,\"name\":\"PINCEL CHATO LONGO ESCOLAR LEONORA 06\"}]},{\"@type\":\"WebSite\",\"@id\":\"https:\/\/mettapapelaria.com.br\/catalogo\/#website\",\"url\":\"https:\/\/mettapapelaria.com.br\/catalogo\/\",\"name\":\"Metta Papelaria\",\"description\":\"Materiais e equipamentos de escrit\u00f3rio, suprimentos para inform\u00e1tica, e uma diversificada linha de material escolar\",\"publisher\":{\"@id\":\"https:\/\/mettapapelaria.com.br\/catalogo\/#organization\"},\"potentialAction\":[{\"@type\":\"SearchAction\",\"target\":{\"@type\":\"EntryPoint\",\"urlTemplate\":\"https:\/\/mettapapelaria.com.br\/catalogo\/?s={search_term_string}\"},\"query-input\":{\"@type\":\"PropertyValueSpecification\",\"valueRequired\":true,\"valueName\":\"search_term_string\"}}],\"inLanguage\":\"pt-BR\"},{\"@type\":\"Organization\",\"@id\":\"https:\/\/mettapapelaria.com.br\/catalogo\/#organization\",\"name\":\"Metta Papelaria\",\"url\":\"https:\/\/mettapapelaria.com.br\/catalogo\/\",\"logo\":{\"@type\":\"ImageObject\",\"inLanguage\":\"pt-BR\",\"@id\":\"https:\/\/mettapapelaria.com.br\/catalogo\/#\/schema\/logo\/image\/\",\"url\":\"https:\/\/mettapapelaria.com.br\/catalogo\/wp-content\/uploads\/2023\/12\/cropped-favicon-Metta_512-1.png\",\"contentUrl\":\"https:\/\/mettapapelaria.com.br\/catalogo\/wp-content\/uploads\/2023\/12\/cropped-favicon-Metta_512-1.png\",\"width\":512,\"height\":512,\"caption\":\"Metta Papelaria\"},\"image\":{\"@id\":\"https:\/\/mettapapelaria.com.br\/catalogo\/#\/schema\/logo\/image\/\"},\"sameAs\":[\"https:\/\/www.facebook.com\/mettapapelaria\/\",\"https:\/\/www.instagram.com\/papelariametta\/\"]}]}<\/script>\n<!-- \/ Yoast SEO plugin. -->","yoast_head_json":{"title":"PINCEL CHATO LONGO ESCOLAR LEONORA 06 - Metta Papelaria","description":"O Pincel Escolar Chato Longo da L\u00e9o e L\u00e9o \u00e9 uma ferramenta vers\u00e1til e indispens\u00e1vel para artistas e estudantes de arte.","robots":{"index":"index","follow":"follow","max-snippet":"max-snippet:-1","max-image-preview":"max-image-preview:large","max-video-preview":"max-video-preview:-1"},"canonical":"https:\/\/mettapapelaria.com.br\/catalogo\/produto\/pincel-chato-longo-escolar-leonora-06\/","og_locale":"pt_BR","og_type":"article","og_title":"PINCEL CHATO LONGO ESCOLAR LEONORA 06 - Metta Papelaria","og_description":"O Pincel Escolar Chato Longo da L\u00e9o e L\u00e9o \u00e9 uma ferramenta vers\u00e1til e indispens\u00e1vel para artistas e estudantes de arte.","og_url":"https:\/\/mettapapelaria.com.br\/catalogo\/produto\/pincel-chato-longo-escolar-leonora-06\/","og_site_name":"Metta Papelaria","article_publisher":"https:\/\/www.facebook.com\/mettapapelaria\/","article_modified_time":"2024-10-22T19:15:53+00:00","og_image":[{"width":1080,"height":1080,"url":"https:\/\/mettapapelaria.com.br\/catalogo\/wp-content\/uploads\/2024\/10\/ESTOJO-FUNDO-DO-MAR-31.png","type":"image\/png"}],"twitter_card":"summary_large_image","twitter_misc":{"Est. tempo de leitura":"1 minuto"},"schema":{"@context":"https:\/\/schema.org","@graph":[{"@type":"WebPage","@id":"https:\/\/mettapapelaria.com.br\/catalogo\/produto\/pincel-chato-longo-escolar-leonora-06\/","url":"https:\/\/mettapapelaria.com.br\/catalogo\/produto\/pincel-chato-longo-escolar-leonora-06\/","name":"PINCEL CHATO LONGO ESCOLAR LEONORA 06 - Metta Papelaria","isPartOf":{"@id":"https:\/\/mettapapelaria.com.br\/catalogo\/#website"},"primaryImageOfPage":{"@id":"https:\/\/mettapapelaria.com.br\/catalogo\/produto\/pincel-chato-longo-escolar-leonora-06\/#primaryimage"},"image":{"@id":"https:\/\/mettapapelaria.com.br\/catalogo\/produto\/pincel-chato-longo-escolar-leonora-06\/#primaryimage"},"thumbnailUrl":"https:\/\/mettapapelaria.com.br\/catalogo\/wp-content\/uploads\/2024\/10\/ESTOJO-FUNDO-DO-MAR-31.png","datePublished":"2024-10-22T19:15:52+00:00","dateModified":"2024-10-22T19:15:53+00:00","description":"O Pincel Escolar Chato Longo da L\u00e9o e L\u00e9o \u00e9 uma ferramenta vers\u00e1til e indispens\u00e1vel para artistas e estudantes de arte.","breadcrumb":{"@id":"https:\/\/mettapapelaria.com.br\/catalogo\/produto\/pincel-chato-longo-escolar-leonora-06\/#breadcrumb"},"inLanguage":"pt-BR","potentialAction":[{"@type":"ReadAction","target":["https:\/\/mettapapelaria.com.br\/catalogo\/produto\/pincel-chato-longo-escolar-leonora-06\/"]}]},{"@type":"ImageObject","inLanguage":"pt-BR","@id":"https:\/\/mettapapelaria.com.br\/catalogo\/produto\/pincel-chato-longo-escolar-leonora-06\/#primaryimage","url":"https:\/\/mettapapelaria.com.br\/catalogo\/wp-content\/uploads\/2024\/10\/ESTOJO-FUNDO-DO-MAR-31.png","contentUrl":"https:\/\/mettapapelaria.com.br\/catalogo\/wp-content\/uploads\/2024\/10\/ESTOJO-FUNDO-DO-MAR-31.png","width":1080,"height":1080},{"@type":"BreadcrumbList","@id":"https:\/\/mettapapelaria.com.br\/catalogo\/produto\/pincel-chato-longo-escolar-leonora-06\/#breadcrumb","itemListElement":[{"@type":"ListItem","position":1,"name":"In\u00edcio","item":"https:\/\/mettapapelaria.com.br\/catalogo\/"},{"@type":"ListItem","position":2,"name":"Shop","item":"https:\/\/mettapapelaria.com.br\/catalogo\/shop\/"},{"@type":"ListItem","position":3,"name":"PINCEL CHATO LONGO ESCOLAR LEONORA 06"}]},{"@type":"WebSite","@id":"https:\/\/mettapapelaria.com.br\/catalogo\/#website","url":"https:\/\/mettapapelaria.com.br\/catalogo\/","name":"Metta Papelaria","description":"Materiais e equipamentos de escrit\u00f3rio, suprimentos para inform\u00e1tica, e uma diversificada linha de material escolar","publisher":{"@id":"https:\/\/mettapapelaria.com.br\/catalogo\/#organization"},"potentialAction":[{"@type":"SearchAction","target":{"@type":"EntryPoint","urlTemplate":"https:\/\/mettapapelaria.com.br\/catalogo\/?s={search_term_string}"},"query-input":{"@type":"PropertyValueSpecification","valueRequired":true,"valueName":"search_term_string"}}],"inLanguage":"pt-BR"},{"@type":"Organization","@id":"https:\/\/mettapapelaria.com.br\/catalogo\/#organization","name":"Metta Papelaria","url":"https:\/\/mettapapelaria.com.br\/catalogo\/","logo":{"@type":"ImageObject","inLanguage":"pt-BR","@id":"https:\/\/mettapapelaria.com.br\/catalogo\/#\/schema\/logo\/image\/","url":"https:\/\/mettapapelaria.com.br\/catalogo\/wp-content\/uploads\/2023\/12\/cropped-favicon-Metta_512-1.png","contentUrl":"https:\/\/mettapapelaria.com.br\/catalogo\/wp-content\/uploads\/2023\/12\/cropped-favicon-Metta_512-1.png","width":512,"height":512,"caption":"Metta Papelaria"},"image":{"@id":"https:\/\/mettapapelaria.com.br\/catalogo\/#\/schema\/logo\/image\/"},"sameAs":["https:\/\/www.facebook.com\/mettapapelaria\/","https:\/\/www.instagram.com\/papelariametta\/"]}]}},"_links":{"self":[{"href":"https:\/\/mettapapelaria.com.br\/catalogo\/wp-json\/wp\/v2\/product\/8121","targetHints":{"allow":["GET"]}}],"collection":[{"href":"https:\/\/mettapapelaria.com.br\/catalogo\/wp-json\/wp\/v2\/product"}],"about":[{"href":"https:\/\/mettapapelaria.com.br\/catalogo\/wp-json\/wp\/v2\/types\/product"}],"replies":[{"embeddable":true,"href":"https:\/\/mettapapelaria.com.br\/catalogo\/wp-json\/wp\/v2\/comments?post=8121"}],"version-history":[{"count":1,"href":"https:\/\/mettapapelaria.com.br\/catalogo\/wp-json\/wp\/v2\/product\/8121\/revisions"}],"predecessor-version":[{"id":8124,"href":"https:\/\/mettapapelaria.com.br\/catalogo\/wp-json\/wp\/v2\/product\/8121\/revisions\/8124"}],"wp:featuredmedia":[{"embeddable":true,"href":"https:\/\/mettapapelaria.com.br\/catalogo\/wp-json\/wp\/v2\/media\/8122"}],"wp:attachment":[{"href":"https:\/\/mettapapelaria.com.br\/catalogo\/wp-json\/wp\/v2\/media?parent=8121"}],"wp:term":[{"taxonomy":"brand","embeddable":true,"href":"https:\/\/mettapapelaria.com.br\/catalogo\/wp-json\/wp\/v2\/etheme_brands?post=8121"},{"taxonomy":"product_brand","embeddable":true,"href":"https:\/\/mettapapelaria.com.br\/catalogo\/wp-json\/wp\/v2\/product_brand?post=8121"},{"taxonomy":"product_cat","embeddable":true,"href":"https:\/\/mettapapelaria.com.br\/catalogo\/wp-json\/wp\/v2\/product_cat?post=8121"},{"taxonomy":"product_tag","embeddable":true,"href":"https:\/\/mettapapelaria.com.br\/catalogo\/wp-json\/wp\/v2\/product_tag?post=8121"}],"curies":[{"name":"wp","href":"https:\/\/api.w.org\/{rel}","templated":true}]}}