{"id":8105,"date":"2024-10-22T14:40:03","date_gmt":"2024-10-22T17:40:03","guid":{"rendered":"https:\/\/mettapapelaria.com.br\/catalogo\/?post_type=product&#038;p=8105"},"modified":"2024-10-22T14:40:04","modified_gmt":"2024-10-22T17:40:04","slug":"pasta-envelope-pink-vibes-leonora","status":"publish","type":"product","link":"https:\/\/mettapapelaria.com.br\/catalogo\/produto\/pasta-envelope-pink-vibes-leonora\/","title":{"rendered":"PASTA ENVELOPE PINK VIBES LEONORA"},"content":{"rendered":"<p>A pasta pl\u00e1stica envelope Pink Vibes Hologr\u00e1fica da LeoArte \u00e9 perfeita para organizar e proteger seus documentos de forma estilosa. Com um design hologr\u00e1fico em tons de rosa vibrante, ela adiciona um toque de divers\u00e3o e brilho ao seu material escolar ou de escrit\u00f3rio. Feita de pl\u00e1stico resistente, essa pasta envelope \u00e9 dur\u00e1vel e possui um fecho de bot\u00e3o para manter seus documentos seguros. Seu tamanho \u00e9 ideal para armazenar pap\u00e9is, relat\u00f3rios, trabalhos e outros itens de tamanho padr\u00e3o. Al\u00e9m de sua fun\u00e7\u00e3o pr\u00e1tica, a pasta envelope Pink Vibes Hologr\u00e1fica tamb\u00e9m \u00e9 uma op\u00e7\u00e3o de acess\u00f3rio de moda, permitindo que voc\u00ea se destaque com estilo enquanto mant\u00e9m seus documentos organizados.<\/p>\n","protected":false},"excerpt":{"rendered":"<p>A pasta pl\u00e1stica envelope Pink Vibes Hologr\u00e1fica da LeoArte \u00e9 perfeita para organizar e proteger seus documentos de forma estilosa. Com um design hologr\u00e1fico em&#8230;<\/p>\n","protected":false},"featured_media":8106,"comment_status":"open","ping_status":"closed","template":"","meta":[],"etheme_brands":[{"term_id":249,"name":"Leonora","slug":"leonora","term_group":0,"term_taxonomy_id":249,"taxonomy":"brand","description":"","parent":0,"count":67,"filter":"raw"}],"product_brand":[],"product_cat":[16,697,106],"product_tag":[338,293,396,276,316,395,294,292,227,225,239,370,698,317,318],"class_list":{"0":"post-8105","1":"product","2":"type-product","3":"status-publish","4":"has-post-thumbnail","6":"brand-leonora","7":"product_cat-material-escolar","8":"product_cat-pasta-envelope","9":"product_cat-pastas1","10":"product_tag-colorido","11":"product_tag-crianca","12":"product_tag-cute","13":"product_tag-escola","14":"product_tag-estudante","15":"product_tag-fofo","16":"product_tag-infantil","17":"product_tag-kids","18":"product_tag-material-escolar","19":"product_tag-metta-papelaria","20":"product_tag-organizacao","21":"product_tag-pasta","22":"product_tag-pasta-envelope","23":"product_tag-study","24":"product_tag-volta-as-aulas","26":"first","27":"instock","28":"sold-individually","29":"shipping-taxable","30":"purchasable","31":"product-type-simple"},"yoast_head":"<!-- This site is optimized with the Yoast SEO plugin v26.9 - https:\/\/yoast.com\/product\/yoast-seo-wordpress\/ -->\n<title>PASTA ENVELOPE PINK VIBES LEONORA - Metta Papelaria<\/title>\n<meta name=\"description\" content=\"A pasta pl\u00e1stica envelope Pink Vibes Hologr\u00e1fica da LeoArte \u00e9 perfeita para organizar e proteger seus documentos de forma estilosa.\" \/>\n<meta name=\"robots\" content=\"index, follow, max-snippet:-1, max-image-preview:large, max-video-preview:-1\" \/>\n<link rel=\"canonical\" href=\"https:\/\/mettapapelaria.com.br\/catalogo\/produto\/pasta-envelope-pink-vibes-leonora\/\" \/>\n<meta property=\"og:locale\" content=\"pt_BR\" \/>\n<meta property=\"og:type\" content=\"article\" \/>\n<meta property=\"og:title\" content=\"PASTA ENVELOPE PINK VIBES LEONORA - Metta Papelaria\" \/>\n<meta property=\"og:description\" content=\"A pasta pl\u00e1stica envelope Pink Vibes Hologr\u00e1fica da LeoArte \u00e9 perfeita para organizar e proteger seus documentos de forma estilosa.\" \/>\n<meta property=\"og:url\" content=\"https:\/\/mettapapelaria.com.br\/catalogo\/produto\/pasta-envelope-pink-vibes-leonora\/\" \/>\n<meta property=\"og:site_name\" content=\"Metta Papelaria\" \/>\n<meta property=\"article:publisher\" content=\"https:\/\/www.facebook.com\/mettapapelaria\/\" \/>\n<meta property=\"article:modified_time\" content=\"2024-10-22T17:40:04+00:00\" \/>\n<meta property=\"og:image\" content=\"https:\/\/mettapapelaria.com.br\/catalogo\/wp-content\/uploads\/2024\/10\/ESTOJO-FUNDO-DO-MAR-23.png\" \/>\n\t<meta property=\"og:image:width\" content=\"1080\" \/>\n\t<meta property=\"og:image:height\" content=\"1080\" \/>\n\t<meta property=\"og:image:type\" content=\"image\/png\" \/>\n<meta name=\"twitter:card\" content=\"summary_large_image\" \/>\n<meta name=\"twitter:label1\" content=\"Est. tempo de leitura\" \/>\n\t<meta name=\"twitter:data1\" content=\"1 minuto\" \/>\n<script type=\"application\/ld+json\" class=\"yoast-schema-graph\">{\"@context\":\"https:\/\/schema.org\",\"@graph\":[{\"@type\":\"WebPage\",\"@id\":\"https:\/\/mettapapelaria.com.br\/catalogo\/produto\/pasta-envelope-pink-vibes-leonora\/\",\"url\":\"https:\/\/mettapapelaria.com.br\/catalogo\/produto\/pasta-envelope-pink-vibes-leonora\/\",\"name\":\"PASTA ENVELOPE PINK VIBES LEONORA - Metta Papelaria\",\"isPartOf\":{\"@id\":\"https:\/\/mettapapelaria.com.br\/catalogo\/#website\"},\"primaryImageOfPage\":{\"@id\":\"https:\/\/mettapapelaria.com.br\/catalogo\/produto\/pasta-envelope-pink-vibes-leonora\/#primaryimage\"},\"image\":{\"@id\":\"https:\/\/mettapapelaria.com.br\/catalogo\/produto\/pasta-envelope-pink-vibes-leonora\/#primaryimage\"},\"thumbnailUrl\":\"https:\/\/mettapapelaria.com.br\/catalogo\/wp-content\/uploads\/2024\/10\/ESTOJO-FUNDO-DO-MAR-23.png\",\"datePublished\":\"2024-10-22T17:40:03+00:00\",\"dateModified\":\"2024-10-22T17:40:04+00:00\",\"description\":\"A pasta pl\u00e1stica envelope Pink Vibes Hologr\u00e1fica da LeoArte \u00e9 perfeita para organizar e proteger seus documentos de forma estilosa.\",\"breadcrumb\":{\"@id\":\"https:\/\/mettapapelaria.com.br\/catalogo\/produto\/pasta-envelope-pink-vibes-leonora\/#breadcrumb\"},\"inLanguage\":\"pt-BR\",\"potentialAction\":[{\"@type\":\"ReadAction\",\"target\":[\"https:\/\/mettapapelaria.com.br\/catalogo\/produto\/pasta-envelope-pink-vibes-leonora\/\"]}]},{\"@type\":\"ImageObject\",\"inLanguage\":\"pt-BR\",\"@id\":\"https:\/\/mettapapelaria.com.br\/catalogo\/produto\/pasta-envelope-pink-vibes-leonora\/#primaryimage\",\"url\":\"https:\/\/mettapapelaria.com.br\/catalogo\/wp-content\/uploads\/2024\/10\/ESTOJO-FUNDO-DO-MAR-23.png\",\"contentUrl\":\"https:\/\/mettapapelaria.com.br\/catalogo\/wp-content\/uploads\/2024\/10\/ESTOJO-FUNDO-DO-MAR-23.png\",\"width\":1080,\"height\":1080},{\"@type\":\"BreadcrumbList\",\"@id\":\"https:\/\/mettapapelaria.com.br\/catalogo\/produto\/pasta-envelope-pink-vibes-leonora\/#breadcrumb\",\"itemListElement\":[{\"@type\":\"ListItem\",\"position\":1,\"name\":\"In\u00edcio\",\"item\":\"https:\/\/mettapapelaria.com.br\/catalogo\/\"},{\"@type\":\"ListItem\",\"position\":2,\"name\":\"Shop\",\"item\":\"https:\/\/mettapapelaria.com.br\/catalogo\/shop\/\"},{\"@type\":\"ListItem\",\"position\":3,\"name\":\"PASTA ENVELOPE PINK VIBES LEONORA\"}]},{\"@type\":\"WebSite\",\"@id\":\"https:\/\/mettapapelaria.com.br\/catalogo\/#website\",\"url\":\"https:\/\/mettapapelaria.com.br\/catalogo\/\",\"name\":\"Metta Papelaria\",\"description\":\"Materiais e equipamentos de escrit\u00f3rio, suprimentos para inform\u00e1tica, e uma diversificada linha de material escolar\",\"publisher\":{\"@id\":\"https:\/\/mettapapelaria.com.br\/catalogo\/#organization\"},\"potentialAction\":[{\"@type\":\"SearchAction\",\"target\":{\"@type\":\"EntryPoint\",\"urlTemplate\":\"https:\/\/mettapapelaria.com.br\/catalogo\/?s={search_term_string}\"},\"query-input\":{\"@type\":\"PropertyValueSpecification\",\"valueRequired\":true,\"valueName\":\"search_term_string\"}}],\"inLanguage\":\"pt-BR\"},{\"@type\":\"Organization\",\"@id\":\"https:\/\/mettapapelaria.com.br\/catalogo\/#organization\",\"name\":\"Metta Papelaria\",\"url\":\"https:\/\/mettapapelaria.com.br\/catalogo\/\",\"logo\":{\"@type\":\"ImageObject\",\"inLanguage\":\"pt-BR\",\"@id\":\"https:\/\/mettapapelaria.com.br\/catalogo\/#\/schema\/logo\/image\/\",\"url\":\"https:\/\/mettapapelaria.com.br\/catalogo\/wp-content\/uploads\/2023\/12\/cropped-favicon-Metta_512-1.png\",\"contentUrl\":\"https:\/\/mettapapelaria.com.br\/catalogo\/wp-content\/uploads\/2023\/12\/cropped-favicon-Metta_512-1.png\",\"width\":512,\"height\":512,\"caption\":\"Metta Papelaria\"},\"image\":{\"@id\":\"https:\/\/mettapapelaria.com.br\/catalogo\/#\/schema\/logo\/image\/\"},\"sameAs\":[\"https:\/\/www.facebook.com\/mettapapelaria\/\",\"https:\/\/www.instagram.com\/papelariametta\/\"]}]}<\/script>\n<!-- \/ Yoast SEO plugin. -->","yoast_head_json":{"title":"PASTA ENVELOPE PINK VIBES LEONORA - Metta Papelaria","description":"A pasta pl\u00e1stica envelope Pink Vibes Hologr\u00e1fica da LeoArte \u00e9 perfeita para organizar e proteger seus documentos de forma estilosa.","robots":{"index":"index","follow":"follow","max-snippet":"max-snippet:-1","max-image-preview":"max-image-preview:large","max-video-preview":"max-video-preview:-1"},"canonical":"https:\/\/mettapapelaria.com.br\/catalogo\/produto\/pasta-envelope-pink-vibes-leonora\/","og_locale":"pt_BR","og_type":"article","og_title":"PASTA ENVELOPE PINK VIBES LEONORA - Metta Papelaria","og_description":"A pasta pl\u00e1stica envelope Pink Vibes Hologr\u00e1fica da LeoArte \u00e9 perfeita para organizar e proteger seus documentos de forma estilosa.","og_url":"https:\/\/mettapapelaria.com.br\/catalogo\/produto\/pasta-envelope-pink-vibes-leonora\/","og_site_name":"Metta Papelaria","article_publisher":"https:\/\/www.facebook.com\/mettapapelaria\/","article_modified_time":"2024-10-22T17:40:04+00:00","og_image":[{"width":1080,"height":1080,"url":"https:\/\/mettapapelaria.com.br\/catalogo\/wp-content\/uploads\/2024\/10\/ESTOJO-FUNDO-DO-MAR-23.png","type":"image\/png"}],"twitter_card":"summary_large_image","twitter_misc":{"Est. tempo de leitura":"1 minuto"},"schema":{"@context":"https:\/\/schema.org","@graph":[{"@type":"WebPage","@id":"https:\/\/mettapapelaria.com.br\/catalogo\/produto\/pasta-envelope-pink-vibes-leonora\/","url":"https:\/\/mettapapelaria.com.br\/catalogo\/produto\/pasta-envelope-pink-vibes-leonora\/","name":"PASTA ENVELOPE PINK VIBES LEONORA - Metta Papelaria","isPartOf":{"@id":"https:\/\/mettapapelaria.com.br\/catalogo\/#website"},"primaryImageOfPage":{"@id":"https:\/\/mettapapelaria.com.br\/catalogo\/produto\/pasta-envelope-pink-vibes-leonora\/#primaryimage"},"image":{"@id":"https:\/\/mettapapelaria.com.br\/catalogo\/produto\/pasta-envelope-pink-vibes-leonora\/#primaryimage"},"thumbnailUrl":"https:\/\/mettapapelaria.com.br\/catalogo\/wp-content\/uploads\/2024\/10\/ESTOJO-FUNDO-DO-MAR-23.png","datePublished":"2024-10-22T17:40:03+00:00","dateModified":"2024-10-22T17:40:04+00:00","description":"A pasta pl\u00e1stica envelope Pink Vibes Hologr\u00e1fica da LeoArte \u00e9 perfeita para organizar e proteger seus documentos de forma estilosa.","breadcrumb":{"@id":"https:\/\/mettapapelaria.com.br\/catalogo\/produto\/pasta-envelope-pink-vibes-leonora\/#breadcrumb"},"inLanguage":"pt-BR","potentialAction":[{"@type":"ReadAction","target":["https:\/\/mettapapelaria.com.br\/catalogo\/produto\/pasta-envelope-pink-vibes-leonora\/"]}]},{"@type":"ImageObject","inLanguage":"pt-BR","@id":"https:\/\/mettapapelaria.com.br\/catalogo\/produto\/pasta-envelope-pink-vibes-leonora\/#primaryimage","url":"https:\/\/mettapapelaria.com.br\/catalogo\/wp-content\/uploads\/2024\/10\/ESTOJO-FUNDO-DO-MAR-23.png","contentUrl":"https:\/\/mettapapelaria.com.br\/catalogo\/wp-content\/uploads\/2024\/10\/ESTOJO-FUNDO-DO-MAR-23.png","width":1080,"height":1080},{"@type":"BreadcrumbList","@id":"https:\/\/mettapapelaria.com.br\/catalogo\/produto\/pasta-envelope-pink-vibes-leonora\/#breadcrumb","itemListElement":[{"@type":"ListItem","position":1,"name":"In\u00edcio","item":"https:\/\/mettapapelaria.com.br\/catalogo\/"},{"@type":"ListItem","position":2,"name":"Shop","item":"https:\/\/mettapapelaria.com.br\/catalogo\/shop\/"},{"@type":"ListItem","position":3,"name":"PASTA ENVELOPE PINK VIBES LEONORA"}]},{"@type":"WebSite","@id":"https:\/\/mettapapelaria.com.br\/catalogo\/#website","url":"https:\/\/mettapapelaria.com.br\/catalogo\/","name":"Metta Papelaria","description":"Materiais e equipamentos de escrit\u00f3rio, suprimentos para inform\u00e1tica, e uma diversificada linha de material escolar","publisher":{"@id":"https:\/\/mettapapelaria.com.br\/catalogo\/#organization"},"potentialAction":[{"@type":"SearchAction","target":{"@type":"EntryPoint","urlTemplate":"https:\/\/mettapapelaria.com.br\/catalogo\/?s={search_term_string}"},"query-input":{"@type":"PropertyValueSpecification","valueRequired":true,"valueName":"search_term_string"}}],"inLanguage":"pt-BR"},{"@type":"Organization","@id":"https:\/\/mettapapelaria.com.br\/catalogo\/#organization","name":"Metta Papelaria","url":"https:\/\/mettapapelaria.com.br\/catalogo\/","logo":{"@type":"ImageObject","inLanguage":"pt-BR","@id":"https:\/\/mettapapelaria.com.br\/catalogo\/#\/schema\/logo\/image\/","url":"https:\/\/mettapapelaria.com.br\/catalogo\/wp-content\/uploads\/2023\/12\/cropped-favicon-Metta_512-1.png","contentUrl":"https:\/\/mettapapelaria.com.br\/catalogo\/wp-content\/uploads\/2023\/12\/cropped-favicon-Metta_512-1.png","width":512,"height":512,"caption":"Metta Papelaria"},"image":{"@id":"https:\/\/mettapapelaria.com.br\/catalogo\/#\/schema\/logo\/image\/"},"sameAs":["https:\/\/www.facebook.com\/mettapapelaria\/","https:\/\/www.instagram.com\/papelariametta\/"]}]}},"_links":{"self":[{"href":"https:\/\/mettapapelaria.com.br\/catalogo\/wp-json\/wp\/v2\/product\/8105","targetHints":{"allow":["GET"]}}],"collection":[{"href":"https:\/\/mettapapelaria.com.br\/catalogo\/wp-json\/wp\/v2\/product"}],"about":[{"href":"https:\/\/mettapapelaria.com.br\/catalogo\/wp-json\/wp\/v2\/types\/product"}],"replies":[{"embeddable":true,"href":"https:\/\/mettapapelaria.com.br\/catalogo\/wp-json\/wp\/v2\/comments?post=8105"}],"version-history":[{"count":1,"href":"https:\/\/mettapapelaria.com.br\/catalogo\/wp-json\/wp\/v2\/product\/8105\/revisions"}],"predecessor-version":[{"id":8108,"href":"https:\/\/mettapapelaria.com.br\/catalogo\/wp-json\/wp\/v2\/product\/8105\/revisions\/8108"}],"wp:featuredmedia":[{"embeddable":true,"href":"https:\/\/mettapapelaria.com.br\/catalogo\/wp-json\/wp\/v2\/media\/8106"}],"wp:attachment":[{"href":"https:\/\/mettapapelaria.com.br\/catalogo\/wp-json\/wp\/v2\/media?parent=8105"}],"wp:term":[{"taxonomy":"brand","embeddable":true,"href":"https:\/\/mettapapelaria.com.br\/catalogo\/wp-json\/wp\/v2\/etheme_brands?post=8105"},{"taxonomy":"product_brand","embeddable":true,"href":"https:\/\/mettapapelaria.com.br\/catalogo\/wp-json\/wp\/v2\/product_brand?post=8105"},{"taxonomy":"product_cat","embeddable":true,"href":"https:\/\/mettapapelaria.com.br\/catalogo\/wp-json\/wp\/v2\/product_cat?post=8105"},{"taxonomy":"product_tag","embeddable":true,"href":"https:\/\/mettapapelaria.com.br\/catalogo\/wp-json\/wp\/v2\/product_tag?post=8105"}],"curies":[{"name":"wp","href":"https:\/\/api.w.org\/{rel}","templated":true}]}}