{"id":8055,"date":"2024-10-21T14:25:23","date_gmt":"2024-10-21T17:25:23","guid":{"rendered":"https:\/\/mettapapelaria.com.br\/catalogo\/?post_type=product&#038;p=8055"},"modified":"2024-10-21T14:25:24","modified_gmt":"2024-10-21T17:25:24","slug":"fone-sem-fio-slim-preto-leonora","status":"publish","type":"product","link":"https:\/\/mettapapelaria.com.br\/catalogo\/produto\/fone-sem-fio-slim-preto-leonora\/","title":{"rendered":"FONE SEM FIO SLIM PRETO LEONORA"},"content":{"rendered":"<h3>Solta o som DJ, que com o Fone De Ouvido Bluetooth Slim Preto Letron, o c\u00e9u \u00e9 o limite\u2026 e olhe l\u00e1, porque \u00e9 um \u00f3timo parceiro de viagem, viu?<\/h3>\n<h4><\/h4>\n<h4>Para usar no mar, no c\u00e9u e na terra, na maior descontra\u00e7\u00e3o e sem enrola\u00e7\u00e3o, isso porque ele conta com a tecnologia bluetooth 5.1, sem fios, ideal pra quem adora se locomover sem se preocupar com os fios.<\/h4>\n<h4>E n\u00e3o para por a\u00ed, pois acompanha um case que al\u00e9m de guardar os fones com seguran\u00e7a, \u00e9 carregador, ou seja: cumpre duas fun\u00e7\u00f5es em uma s\u00f3. E sem ocupar espa\u00e7o, pois seu modelo slim \u00e9 compacto e cabe em qualquer espacinho da sua mochila, bolsa ou mala.<\/h4>\n","protected":false},"excerpt":{"rendered":"<p>Solta o som DJ, que com o Fone De Ouvido Bluetooth Slim Preto Letron, o c\u00e9u \u00e9 o limite\u2026 e olhe l\u00e1, porque \u00e9 um&#8230;<\/p>\n","protected":false},"featured_media":8056,"comment_status":"open","ping_status":"closed","template":"","meta":[],"etheme_brands":[{"term_id":249,"name":"Leonora","slug":"leonora","term_group":0,"term_taxonomy_id":249,"taxonomy":"brand","description":"","parent":0,"count":67,"filter":"raw"}],"product_brand":[],"product_cat":[124],"product_tag":[385,275,422,443,442,274],"class_list":{"0":"post-8055","1":"product","2":"type-product","3":"status-publish","4":"has-post-thumbnail","6":"brand-leonora","7":"product_cat-fone-de-ouvido","8":"product_tag-escritorio","9":"product_tag-faculdade","10":"product_tag-fone-de-ouvido","11":"product_tag-fone-de-ouvido-bluetooth","12":"product_tag-fone-de-ouvido-sem-fio","13":"product_tag-universidade","15":"first","16":"instock","17":"sold-individually","18":"shipping-taxable","19":"purchasable","20":"product-type-simple"},"yoast_head":"<!-- This site is optimized with the Yoast SEO plugin v26.9 - https:\/\/yoast.com\/product\/yoast-seo-wordpress\/ -->\n<title>FONE SEM FIO SLIM PRETO LEONORA - Metta Papelaria<\/title>\n<meta name=\"description\" content=\"Solta o som DJ, que com o Fone De Ouvido Bluetooth Slim Preto Letron, o c\u00e9u \u00e9 o limite\u2026 e olhe l\u00e1, porque \u00e9 um \u00f3timo parceiro de viagem, viu?\" \/>\n<meta name=\"robots\" content=\"index, follow, max-snippet:-1, max-image-preview:large, max-video-preview:-1\" \/>\n<link rel=\"canonical\" href=\"https:\/\/mettapapelaria.com.br\/catalogo\/produto\/fone-sem-fio-slim-preto-leonora\/\" \/>\n<meta property=\"og:locale\" content=\"pt_BR\" \/>\n<meta property=\"og:type\" content=\"article\" \/>\n<meta property=\"og:title\" content=\"FONE SEM FIO SLIM PRETO LEONORA - Metta Papelaria\" \/>\n<meta property=\"og:description\" content=\"Solta o som DJ, que com o Fone De Ouvido Bluetooth Slim Preto Letron, o c\u00e9u \u00e9 o limite\u2026 e olhe l\u00e1, porque \u00e9 um \u00f3timo parceiro de viagem, viu?\" \/>\n<meta property=\"og:url\" content=\"https:\/\/mettapapelaria.com.br\/catalogo\/produto\/fone-sem-fio-slim-preto-leonora\/\" \/>\n<meta property=\"og:site_name\" content=\"Metta Papelaria\" \/>\n<meta property=\"article:publisher\" content=\"https:\/\/www.facebook.com\/mettapapelaria\/\" \/>\n<meta property=\"article:modified_time\" content=\"2024-10-21T17:25:24+00:00\" \/>\n<meta property=\"og:image\" content=\"https:\/\/mettapapelaria.com.br\/catalogo\/wp-content\/uploads\/2024\/10\/1.png\" \/>\n\t<meta property=\"og:image:width\" content=\"1080\" \/>\n\t<meta property=\"og:image:height\" content=\"1080\" \/>\n\t<meta property=\"og:image:type\" content=\"image\/png\" \/>\n<meta name=\"twitter:card\" content=\"summary_large_image\" \/>\n<meta name=\"twitter:label1\" content=\"Est. tempo de leitura\" \/>\n\t<meta name=\"twitter:data1\" content=\"1 minuto\" \/>\n<script type=\"application\/ld+json\" class=\"yoast-schema-graph\">{\"@context\":\"https:\/\/schema.org\",\"@graph\":[{\"@type\":\"WebPage\",\"@id\":\"https:\/\/mettapapelaria.com.br\/catalogo\/produto\/fone-sem-fio-slim-preto-leonora\/\",\"url\":\"https:\/\/mettapapelaria.com.br\/catalogo\/produto\/fone-sem-fio-slim-preto-leonora\/\",\"name\":\"FONE SEM FIO SLIM PRETO LEONORA - Metta Papelaria\",\"isPartOf\":{\"@id\":\"https:\/\/mettapapelaria.com.br\/catalogo\/#website\"},\"primaryImageOfPage\":{\"@id\":\"https:\/\/mettapapelaria.com.br\/catalogo\/produto\/fone-sem-fio-slim-preto-leonora\/#primaryimage\"},\"image\":{\"@id\":\"https:\/\/mettapapelaria.com.br\/catalogo\/produto\/fone-sem-fio-slim-preto-leonora\/#primaryimage\"},\"thumbnailUrl\":\"https:\/\/mettapapelaria.com.br\/catalogo\/wp-content\/uploads\/2024\/10\/1.png\",\"datePublished\":\"2024-10-21T17:25:23+00:00\",\"dateModified\":\"2024-10-21T17:25:24+00:00\",\"description\":\"Solta o som DJ, que com o Fone De Ouvido Bluetooth Slim Preto Letron, o c\u00e9u \u00e9 o limite\u2026 e olhe l\u00e1, porque \u00e9 um \u00f3timo parceiro de viagem, viu?\",\"breadcrumb\":{\"@id\":\"https:\/\/mettapapelaria.com.br\/catalogo\/produto\/fone-sem-fio-slim-preto-leonora\/#breadcrumb\"},\"inLanguage\":\"pt-BR\",\"potentialAction\":[{\"@type\":\"ReadAction\",\"target\":[\"https:\/\/mettapapelaria.com.br\/catalogo\/produto\/fone-sem-fio-slim-preto-leonora\/\"]}]},{\"@type\":\"ImageObject\",\"inLanguage\":\"pt-BR\",\"@id\":\"https:\/\/mettapapelaria.com.br\/catalogo\/produto\/fone-sem-fio-slim-preto-leonora\/#primaryimage\",\"url\":\"https:\/\/mettapapelaria.com.br\/catalogo\/wp-content\/uploads\/2024\/10\/1.png\",\"contentUrl\":\"https:\/\/mettapapelaria.com.br\/catalogo\/wp-content\/uploads\/2024\/10\/1.png\",\"width\":1080,\"height\":1080},{\"@type\":\"BreadcrumbList\",\"@id\":\"https:\/\/mettapapelaria.com.br\/catalogo\/produto\/fone-sem-fio-slim-preto-leonora\/#breadcrumb\",\"itemListElement\":[{\"@type\":\"ListItem\",\"position\":1,\"name\":\"In\u00edcio\",\"item\":\"https:\/\/mettapapelaria.com.br\/catalogo\/\"},{\"@type\":\"ListItem\",\"position\":2,\"name\":\"Shop\",\"item\":\"https:\/\/mettapapelaria.com.br\/catalogo\/shop\/\"},{\"@type\":\"ListItem\",\"position\":3,\"name\":\"FONE SEM FIO SLIM PRETO LEONORA\"}]},{\"@type\":\"WebSite\",\"@id\":\"https:\/\/mettapapelaria.com.br\/catalogo\/#website\",\"url\":\"https:\/\/mettapapelaria.com.br\/catalogo\/\",\"name\":\"Metta Papelaria\",\"description\":\"Materiais e equipamentos de escrit\u00f3rio, suprimentos para inform\u00e1tica, e uma diversificada linha de material escolar\",\"publisher\":{\"@id\":\"https:\/\/mettapapelaria.com.br\/catalogo\/#organization\"},\"potentialAction\":[{\"@type\":\"SearchAction\",\"target\":{\"@type\":\"EntryPoint\",\"urlTemplate\":\"https:\/\/mettapapelaria.com.br\/catalogo\/?s={search_term_string}\"},\"query-input\":{\"@type\":\"PropertyValueSpecification\",\"valueRequired\":true,\"valueName\":\"search_term_string\"}}],\"inLanguage\":\"pt-BR\"},{\"@type\":\"Organization\",\"@id\":\"https:\/\/mettapapelaria.com.br\/catalogo\/#organization\",\"name\":\"Metta Papelaria\",\"url\":\"https:\/\/mettapapelaria.com.br\/catalogo\/\",\"logo\":{\"@type\":\"ImageObject\",\"inLanguage\":\"pt-BR\",\"@id\":\"https:\/\/mettapapelaria.com.br\/catalogo\/#\/schema\/logo\/image\/\",\"url\":\"https:\/\/mettapapelaria.com.br\/catalogo\/wp-content\/uploads\/2023\/12\/cropped-favicon-Metta_512-1.png\",\"contentUrl\":\"https:\/\/mettapapelaria.com.br\/catalogo\/wp-content\/uploads\/2023\/12\/cropped-favicon-Metta_512-1.png\",\"width\":512,\"height\":512,\"caption\":\"Metta Papelaria\"},\"image\":{\"@id\":\"https:\/\/mettapapelaria.com.br\/catalogo\/#\/schema\/logo\/image\/\"},\"sameAs\":[\"https:\/\/www.facebook.com\/mettapapelaria\/\",\"https:\/\/www.instagram.com\/papelariametta\/\"]}]}<\/script>\n<!-- \/ Yoast SEO plugin. -->","yoast_head_json":{"title":"FONE SEM FIO SLIM PRETO LEONORA - Metta Papelaria","description":"Solta o som DJ, que com o Fone De Ouvido Bluetooth Slim Preto Letron, o c\u00e9u \u00e9 o limite\u2026 e olhe l\u00e1, porque \u00e9 um \u00f3timo parceiro de viagem, viu?","robots":{"index":"index","follow":"follow","max-snippet":"max-snippet:-1","max-image-preview":"max-image-preview:large","max-video-preview":"max-video-preview:-1"},"canonical":"https:\/\/mettapapelaria.com.br\/catalogo\/produto\/fone-sem-fio-slim-preto-leonora\/","og_locale":"pt_BR","og_type":"article","og_title":"FONE SEM FIO SLIM PRETO LEONORA - Metta Papelaria","og_description":"Solta o som DJ, que com o Fone De Ouvido Bluetooth Slim Preto Letron, o c\u00e9u \u00e9 o limite\u2026 e olhe l\u00e1, porque \u00e9 um \u00f3timo parceiro de viagem, viu?","og_url":"https:\/\/mettapapelaria.com.br\/catalogo\/produto\/fone-sem-fio-slim-preto-leonora\/","og_site_name":"Metta Papelaria","article_publisher":"https:\/\/www.facebook.com\/mettapapelaria\/","article_modified_time":"2024-10-21T17:25:24+00:00","og_image":[{"width":1080,"height":1080,"url":"https:\/\/mettapapelaria.com.br\/catalogo\/wp-content\/uploads\/2024\/10\/1.png","type":"image\/png"}],"twitter_card":"summary_large_image","twitter_misc":{"Est. tempo de leitura":"1 minuto"},"schema":{"@context":"https:\/\/schema.org","@graph":[{"@type":"WebPage","@id":"https:\/\/mettapapelaria.com.br\/catalogo\/produto\/fone-sem-fio-slim-preto-leonora\/","url":"https:\/\/mettapapelaria.com.br\/catalogo\/produto\/fone-sem-fio-slim-preto-leonora\/","name":"FONE SEM FIO SLIM PRETO LEONORA - Metta Papelaria","isPartOf":{"@id":"https:\/\/mettapapelaria.com.br\/catalogo\/#website"},"primaryImageOfPage":{"@id":"https:\/\/mettapapelaria.com.br\/catalogo\/produto\/fone-sem-fio-slim-preto-leonora\/#primaryimage"},"image":{"@id":"https:\/\/mettapapelaria.com.br\/catalogo\/produto\/fone-sem-fio-slim-preto-leonora\/#primaryimage"},"thumbnailUrl":"https:\/\/mettapapelaria.com.br\/catalogo\/wp-content\/uploads\/2024\/10\/1.png","datePublished":"2024-10-21T17:25:23+00:00","dateModified":"2024-10-21T17:25:24+00:00","description":"Solta o som DJ, que com o Fone De Ouvido Bluetooth Slim Preto Letron, o c\u00e9u \u00e9 o limite\u2026 e olhe l\u00e1, porque \u00e9 um \u00f3timo parceiro de viagem, viu?","breadcrumb":{"@id":"https:\/\/mettapapelaria.com.br\/catalogo\/produto\/fone-sem-fio-slim-preto-leonora\/#breadcrumb"},"inLanguage":"pt-BR","potentialAction":[{"@type":"ReadAction","target":["https:\/\/mettapapelaria.com.br\/catalogo\/produto\/fone-sem-fio-slim-preto-leonora\/"]}]},{"@type":"ImageObject","inLanguage":"pt-BR","@id":"https:\/\/mettapapelaria.com.br\/catalogo\/produto\/fone-sem-fio-slim-preto-leonora\/#primaryimage","url":"https:\/\/mettapapelaria.com.br\/catalogo\/wp-content\/uploads\/2024\/10\/1.png","contentUrl":"https:\/\/mettapapelaria.com.br\/catalogo\/wp-content\/uploads\/2024\/10\/1.png","width":1080,"height":1080},{"@type":"BreadcrumbList","@id":"https:\/\/mettapapelaria.com.br\/catalogo\/produto\/fone-sem-fio-slim-preto-leonora\/#breadcrumb","itemListElement":[{"@type":"ListItem","position":1,"name":"In\u00edcio","item":"https:\/\/mettapapelaria.com.br\/catalogo\/"},{"@type":"ListItem","position":2,"name":"Shop","item":"https:\/\/mettapapelaria.com.br\/catalogo\/shop\/"},{"@type":"ListItem","position":3,"name":"FONE SEM FIO SLIM PRETO LEONORA"}]},{"@type":"WebSite","@id":"https:\/\/mettapapelaria.com.br\/catalogo\/#website","url":"https:\/\/mettapapelaria.com.br\/catalogo\/","name":"Metta Papelaria","description":"Materiais e equipamentos de escrit\u00f3rio, suprimentos para inform\u00e1tica, e uma diversificada linha de material escolar","publisher":{"@id":"https:\/\/mettapapelaria.com.br\/catalogo\/#organization"},"potentialAction":[{"@type":"SearchAction","target":{"@type":"EntryPoint","urlTemplate":"https:\/\/mettapapelaria.com.br\/catalogo\/?s={search_term_string}"},"query-input":{"@type":"PropertyValueSpecification","valueRequired":true,"valueName":"search_term_string"}}],"inLanguage":"pt-BR"},{"@type":"Organization","@id":"https:\/\/mettapapelaria.com.br\/catalogo\/#organization","name":"Metta Papelaria","url":"https:\/\/mettapapelaria.com.br\/catalogo\/","logo":{"@type":"ImageObject","inLanguage":"pt-BR","@id":"https:\/\/mettapapelaria.com.br\/catalogo\/#\/schema\/logo\/image\/","url":"https:\/\/mettapapelaria.com.br\/catalogo\/wp-content\/uploads\/2023\/12\/cropped-favicon-Metta_512-1.png","contentUrl":"https:\/\/mettapapelaria.com.br\/catalogo\/wp-content\/uploads\/2023\/12\/cropped-favicon-Metta_512-1.png","width":512,"height":512,"caption":"Metta Papelaria"},"image":{"@id":"https:\/\/mettapapelaria.com.br\/catalogo\/#\/schema\/logo\/image\/"},"sameAs":["https:\/\/www.facebook.com\/mettapapelaria\/","https:\/\/www.instagram.com\/papelariametta\/"]}]}},"_links":{"self":[{"href":"https:\/\/mettapapelaria.com.br\/catalogo\/wp-json\/wp\/v2\/product\/8055","targetHints":{"allow":["GET"]}}],"collection":[{"href":"https:\/\/mettapapelaria.com.br\/catalogo\/wp-json\/wp\/v2\/product"}],"about":[{"href":"https:\/\/mettapapelaria.com.br\/catalogo\/wp-json\/wp\/v2\/types\/product"}],"replies":[{"embeddable":true,"href":"https:\/\/mettapapelaria.com.br\/catalogo\/wp-json\/wp\/v2\/comments?post=8055"}],"version-history":[{"count":1,"href":"https:\/\/mettapapelaria.com.br\/catalogo\/wp-json\/wp\/v2\/product\/8055\/revisions"}],"predecessor-version":[{"id":8058,"href":"https:\/\/mettapapelaria.com.br\/catalogo\/wp-json\/wp\/v2\/product\/8055\/revisions\/8058"}],"wp:featuredmedia":[{"embeddable":true,"href":"https:\/\/mettapapelaria.com.br\/catalogo\/wp-json\/wp\/v2\/media\/8056"}],"wp:attachment":[{"href":"https:\/\/mettapapelaria.com.br\/catalogo\/wp-json\/wp\/v2\/media?parent=8055"}],"wp:term":[{"taxonomy":"brand","embeddable":true,"href":"https:\/\/mettapapelaria.com.br\/catalogo\/wp-json\/wp\/v2\/etheme_brands?post=8055"},{"taxonomy":"product_brand","embeddable":true,"href":"https:\/\/mettapapelaria.com.br\/catalogo\/wp-json\/wp\/v2\/product_brand?post=8055"},{"taxonomy":"product_cat","embeddable":true,"href":"https:\/\/mettapapelaria.com.br\/catalogo\/wp-json\/wp\/v2\/product_cat?post=8055"},{"taxonomy":"product_tag","embeddable":true,"href":"https:\/\/mettapapelaria.com.br\/catalogo\/wp-json\/wp\/v2\/product_tag?post=8055"}],"curies":[{"name":"wp","href":"https:\/\/api.w.org\/{rel}","templated":true}]}}