{"id":797,"date":"2022-11-04T14:52:37","date_gmt":"2022-11-04T17:52:37","guid":{"rendered":"https:\/\/mettapapelaria.com.br\/catalogo\/produto\/blocos-adesivos-neon-2-cores-38mm-x-50mm-post-it-3m\/"},"modified":"2022-11-04T14:52:37","modified_gmt":"2022-11-04T17:52:37","slug":"blocos-adesivos-neon-2-cores-38mm-x-50mm-post-it-3m","status":"publish","type":"product","link":"https:\/\/mettapapelaria.com.br\/catalogo\/produto\/blocos-adesivos-neon-2-cores-38mm-x-50mm-post-it-3m\/","title":{"rendered":"BLOCOS ADESIVOS NEON 2 CORES 38MM X 50MM POST IT 3M"},"content":{"rendered":"<h4>\n<ul>\n<li><span style=\"font-family: Arial;\">38 mm x 50 mm<\/span><\/li>\n<li><span style=\"font-family: Arial;\">Ideal para pequenas anota\u00e7\u00f5es e lembretes<\/span><\/li>\n<li><span style=\"font-family: Arial;\">4 blocos por embalagem<\/span><\/li>\n<li><span style=\"font-family: Arial;\">Recicl\u00e1vel<\/span><\/li>\n<li><span style=\"font-family: Arial;\">Suas folhas s\u00e3o reposicion\u00e1veis, pois possuem adesivo de qualidade 3M que permite que essas sejam retiradas e recolocadas sem danificar pap\u00e9is ou outras superf\u00edcies. N\u00e3o deixa res\u00edduos do adesivo<\/span><\/li>\n<li><span style=\"font-family: Arial;\">Todo papel utilizado nas notas Post-it\u00ae \u00e9 certificado pelo SFI (Chain of Custody Certified), o que garante que vem de florestas bem administradas, onde as \u00e1rvores s\u00e3o replantadas<\/span><\/li>\n<\/ul>\n<\/h4>\n","protected":false},"excerpt":{"rendered":"<p>38 mm x 50 mm Ideal para pequenas anota\u00e7\u00f5es e lembretes 4 blocos por embalagem Recicl\u00e1vel Suas folhas s\u00e3o reposicion\u00e1veis, pois possuem adesivo de qualidade&#8230;<\/p>\n","protected":false},"featured_media":795,"comment_status":"open","ping_status":"closed","template":"","meta":[],"etheme_brands":[],"product_brand":[],"product_cat":[25,23,50],"product_tag":[],"class_list":{"0":"post-797","1":"product","2":"type-product","3":"status-publish","4":"has-post-thumbnail","6":"product_cat-material","7":"product_cat-post-it-blocos-adesivos-blocos-de-rascunho","8":"product_cat-post-it-blocos-cadernetas-lembrete-e-placas","10":"first","11":"instock","12":"sold-individually","13":"shipping-taxable","14":"purchasable","15":"product-type-simple"},"yoast_head":"<!-- This site is optimized with the Yoast SEO plugin v26.9 - https:\/\/yoast.com\/product\/yoast-seo-wordpress\/ -->\n<title>BLOCOS ADESIVOS NEON 2 CORES 38MM X 50MM POST IT 3M - Metta Papelaria<\/title>\n<meta name=\"robots\" content=\"index, follow, max-snippet:-1, max-image-preview:large, max-video-preview:-1\" \/>\n<link rel=\"canonical\" href=\"https:\/\/mettapapelaria.com.br\/catalogo\/produto\/blocos-adesivos-neon-2-cores-38mm-x-50mm-post-it-3m\/\" \/>\n<meta property=\"og:locale\" content=\"pt_BR\" \/>\n<meta property=\"og:type\" content=\"article\" \/>\n<meta property=\"og:title\" content=\"BLOCOS ADESIVOS NEON 2 CORES 38MM X 50MM POST IT 3M - Metta Papelaria\" \/>\n<meta property=\"og:description\" content=\"38 mm x 50 mm Ideal para pequenas anota\u00e7\u00f5es e lembretes 4 blocos por embalagem Recicl\u00e1vel Suas folhas s\u00e3o reposicion\u00e1veis, pois possuem adesivo de qualidade...\" \/>\n<meta property=\"og:url\" content=\"https:\/\/mettapapelaria.com.br\/catalogo\/produto\/blocos-adesivos-neon-2-cores-38mm-x-50mm-post-it-3m\/\" \/>\n<meta property=\"og:site_name\" content=\"Metta Papelaria\" \/>\n<meta property=\"article:publisher\" content=\"https:\/\/www.facebook.com\/mettapapelaria\/\" \/>\n<meta property=\"og:image\" content=\"https:\/\/mettapapelaria.com.br\/catalogo\/wp-content\/uploads\/2022\/11\/BLOCOS-POST-IT-NEON-2-CORES-38MM-X-50MM-3M.jpg\" \/>\n\t<meta property=\"og:image:width\" content=\"361\" \/>\n\t<meta property=\"og:image:height\" content=\"277\" \/>\n\t<meta property=\"og:image:type\" content=\"image\/jpeg\" \/>\n<meta name=\"twitter:card\" content=\"summary_large_image\" \/>\n<script type=\"application\/ld+json\" class=\"yoast-schema-graph\">{\"@context\":\"https:\/\/schema.org\",\"@graph\":[{\"@type\":\"WebPage\",\"@id\":\"https:\/\/mettapapelaria.com.br\/catalogo\/produto\/blocos-adesivos-neon-2-cores-38mm-x-50mm-post-it-3m\/\",\"url\":\"https:\/\/mettapapelaria.com.br\/catalogo\/produto\/blocos-adesivos-neon-2-cores-38mm-x-50mm-post-it-3m\/\",\"name\":\"BLOCOS ADESIVOS NEON 2 CORES 38MM X 50MM POST IT 3M - Metta Papelaria\",\"isPartOf\":{\"@id\":\"https:\/\/mettapapelaria.com.br\/catalogo\/#website\"},\"primaryImageOfPage\":{\"@id\":\"https:\/\/mettapapelaria.com.br\/catalogo\/produto\/blocos-adesivos-neon-2-cores-38mm-x-50mm-post-it-3m\/#primaryimage\"},\"image\":{\"@id\":\"https:\/\/mettapapelaria.com.br\/catalogo\/produto\/blocos-adesivos-neon-2-cores-38mm-x-50mm-post-it-3m\/#primaryimage\"},\"thumbnailUrl\":\"https:\/\/mettapapelaria.com.br\/catalogo\/wp-content\/uploads\/2022\/11\/BLOCOS-POST-IT-NEON-2-CORES-38MM-X-50MM-3M.jpg\",\"datePublished\":\"2022-11-04T17:52:37+00:00\",\"breadcrumb\":{\"@id\":\"https:\/\/mettapapelaria.com.br\/catalogo\/produto\/blocos-adesivos-neon-2-cores-38mm-x-50mm-post-it-3m\/#breadcrumb\"},\"inLanguage\":\"pt-BR\",\"potentialAction\":[{\"@type\":\"ReadAction\",\"target\":[\"https:\/\/mettapapelaria.com.br\/catalogo\/produto\/blocos-adesivos-neon-2-cores-38mm-x-50mm-post-it-3m\/\"]}]},{\"@type\":\"ImageObject\",\"inLanguage\":\"pt-BR\",\"@id\":\"https:\/\/mettapapelaria.com.br\/catalogo\/produto\/blocos-adesivos-neon-2-cores-38mm-x-50mm-post-it-3m\/#primaryimage\",\"url\":\"https:\/\/mettapapelaria.com.br\/catalogo\/wp-content\/uploads\/2022\/11\/BLOCOS-POST-IT-NEON-2-CORES-38MM-X-50MM-3M.jpg\",\"contentUrl\":\"https:\/\/mettapapelaria.com.br\/catalogo\/wp-content\/uploads\/2022\/11\/BLOCOS-POST-IT-NEON-2-CORES-38MM-X-50MM-3M.jpg\",\"width\":361,\"height\":277,\"caption\":\"BLOCOS ADESIVOS NEON 2 CORES 38MM X 50MM POST IT 3M\"},{\"@type\":\"BreadcrumbList\",\"@id\":\"https:\/\/mettapapelaria.com.br\/catalogo\/produto\/blocos-adesivos-neon-2-cores-38mm-x-50mm-post-it-3m\/#breadcrumb\",\"itemListElement\":[{\"@type\":\"ListItem\",\"position\":1,\"name\":\"In\u00edcio\",\"item\":\"https:\/\/mettapapelaria.com.br\/catalogo\/\"},{\"@type\":\"ListItem\",\"position\":2,\"name\":\"Shop\",\"item\":\"https:\/\/mettapapelaria.com.br\/catalogo\/shop\/\"},{\"@type\":\"ListItem\",\"position\":3,\"name\":\"BLOCOS ADESIVOS NEON 2 CORES 38MM X 50MM POST IT 3M\"}]},{\"@type\":\"WebSite\",\"@id\":\"https:\/\/mettapapelaria.com.br\/catalogo\/#website\",\"url\":\"https:\/\/mettapapelaria.com.br\/catalogo\/\",\"name\":\"Metta Papelaria\",\"description\":\"Materiais e equipamentos de escrit\u00f3rio, suprimentos para inform\u00e1tica, e uma diversificada linha de material escolar\",\"publisher\":{\"@id\":\"https:\/\/mettapapelaria.com.br\/catalogo\/#organization\"},\"potentialAction\":[{\"@type\":\"SearchAction\",\"target\":{\"@type\":\"EntryPoint\",\"urlTemplate\":\"https:\/\/mettapapelaria.com.br\/catalogo\/?s={search_term_string}\"},\"query-input\":{\"@type\":\"PropertyValueSpecification\",\"valueRequired\":true,\"valueName\":\"search_term_string\"}}],\"inLanguage\":\"pt-BR\"},{\"@type\":\"Organization\",\"@id\":\"https:\/\/mettapapelaria.com.br\/catalogo\/#organization\",\"name\":\"Metta Papelaria\",\"url\":\"https:\/\/mettapapelaria.com.br\/catalogo\/\",\"logo\":{\"@type\":\"ImageObject\",\"inLanguage\":\"pt-BR\",\"@id\":\"https:\/\/mettapapelaria.com.br\/catalogo\/#\/schema\/logo\/image\/\",\"url\":\"https:\/\/mettapapelaria.com.br\/catalogo\/wp-content\/uploads\/2023\/12\/cropped-favicon-Metta_512-1.png\",\"contentUrl\":\"https:\/\/mettapapelaria.com.br\/catalogo\/wp-content\/uploads\/2023\/12\/cropped-favicon-Metta_512-1.png\",\"width\":512,\"height\":512,\"caption\":\"Metta Papelaria\"},\"image\":{\"@id\":\"https:\/\/mettapapelaria.com.br\/catalogo\/#\/schema\/logo\/image\/\"},\"sameAs\":[\"https:\/\/www.facebook.com\/mettapapelaria\/\",\"https:\/\/www.instagram.com\/papelariametta\/\"]}]}<\/script>\n<!-- \/ Yoast SEO plugin. -->","yoast_head_json":{"title":"BLOCOS ADESIVOS NEON 2 CORES 38MM X 50MM POST IT 3M - Metta Papelaria","robots":{"index":"index","follow":"follow","max-snippet":"max-snippet:-1","max-image-preview":"max-image-preview:large","max-video-preview":"max-video-preview:-1"},"canonical":"https:\/\/mettapapelaria.com.br\/catalogo\/produto\/blocos-adesivos-neon-2-cores-38mm-x-50mm-post-it-3m\/","og_locale":"pt_BR","og_type":"article","og_title":"BLOCOS ADESIVOS NEON 2 CORES 38MM X 50MM POST IT 3M - Metta Papelaria","og_description":"38 mm x 50 mm Ideal para pequenas anota\u00e7\u00f5es e lembretes 4 blocos por embalagem Recicl\u00e1vel Suas folhas s\u00e3o reposicion\u00e1veis, pois possuem adesivo de qualidade...","og_url":"https:\/\/mettapapelaria.com.br\/catalogo\/produto\/blocos-adesivos-neon-2-cores-38mm-x-50mm-post-it-3m\/","og_site_name":"Metta Papelaria","article_publisher":"https:\/\/www.facebook.com\/mettapapelaria\/","og_image":[{"width":361,"height":277,"url":"https:\/\/mettapapelaria.com.br\/catalogo\/wp-content\/uploads\/2022\/11\/BLOCOS-POST-IT-NEON-2-CORES-38MM-X-50MM-3M.jpg","type":"image\/jpeg"}],"twitter_card":"summary_large_image","schema":{"@context":"https:\/\/schema.org","@graph":[{"@type":"WebPage","@id":"https:\/\/mettapapelaria.com.br\/catalogo\/produto\/blocos-adesivos-neon-2-cores-38mm-x-50mm-post-it-3m\/","url":"https:\/\/mettapapelaria.com.br\/catalogo\/produto\/blocos-adesivos-neon-2-cores-38mm-x-50mm-post-it-3m\/","name":"BLOCOS ADESIVOS NEON 2 CORES 38MM X 50MM POST IT 3M - Metta Papelaria","isPartOf":{"@id":"https:\/\/mettapapelaria.com.br\/catalogo\/#website"},"primaryImageOfPage":{"@id":"https:\/\/mettapapelaria.com.br\/catalogo\/produto\/blocos-adesivos-neon-2-cores-38mm-x-50mm-post-it-3m\/#primaryimage"},"image":{"@id":"https:\/\/mettapapelaria.com.br\/catalogo\/produto\/blocos-adesivos-neon-2-cores-38mm-x-50mm-post-it-3m\/#primaryimage"},"thumbnailUrl":"https:\/\/mettapapelaria.com.br\/catalogo\/wp-content\/uploads\/2022\/11\/BLOCOS-POST-IT-NEON-2-CORES-38MM-X-50MM-3M.jpg","datePublished":"2022-11-04T17:52:37+00:00","breadcrumb":{"@id":"https:\/\/mettapapelaria.com.br\/catalogo\/produto\/blocos-adesivos-neon-2-cores-38mm-x-50mm-post-it-3m\/#breadcrumb"},"inLanguage":"pt-BR","potentialAction":[{"@type":"ReadAction","target":["https:\/\/mettapapelaria.com.br\/catalogo\/produto\/blocos-adesivos-neon-2-cores-38mm-x-50mm-post-it-3m\/"]}]},{"@type":"ImageObject","inLanguage":"pt-BR","@id":"https:\/\/mettapapelaria.com.br\/catalogo\/produto\/blocos-adesivos-neon-2-cores-38mm-x-50mm-post-it-3m\/#primaryimage","url":"https:\/\/mettapapelaria.com.br\/catalogo\/wp-content\/uploads\/2022\/11\/BLOCOS-POST-IT-NEON-2-CORES-38MM-X-50MM-3M.jpg","contentUrl":"https:\/\/mettapapelaria.com.br\/catalogo\/wp-content\/uploads\/2022\/11\/BLOCOS-POST-IT-NEON-2-CORES-38MM-X-50MM-3M.jpg","width":361,"height":277,"caption":"BLOCOS ADESIVOS NEON 2 CORES 38MM X 50MM POST IT 3M"},{"@type":"BreadcrumbList","@id":"https:\/\/mettapapelaria.com.br\/catalogo\/produto\/blocos-adesivos-neon-2-cores-38mm-x-50mm-post-it-3m\/#breadcrumb","itemListElement":[{"@type":"ListItem","position":1,"name":"In\u00edcio","item":"https:\/\/mettapapelaria.com.br\/catalogo\/"},{"@type":"ListItem","position":2,"name":"Shop","item":"https:\/\/mettapapelaria.com.br\/catalogo\/shop\/"},{"@type":"ListItem","position":3,"name":"BLOCOS ADESIVOS NEON 2 CORES 38MM X 50MM POST IT 3M"}]},{"@type":"WebSite","@id":"https:\/\/mettapapelaria.com.br\/catalogo\/#website","url":"https:\/\/mettapapelaria.com.br\/catalogo\/","name":"Metta Papelaria","description":"Materiais e equipamentos de escrit\u00f3rio, suprimentos para inform\u00e1tica, e uma diversificada linha de material escolar","publisher":{"@id":"https:\/\/mettapapelaria.com.br\/catalogo\/#organization"},"potentialAction":[{"@type":"SearchAction","target":{"@type":"EntryPoint","urlTemplate":"https:\/\/mettapapelaria.com.br\/catalogo\/?s={search_term_string}"},"query-input":{"@type":"PropertyValueSpecification","valueRequired":true,"valueName":"search_term_string"}}],"inLanguage":"pt-BR"},{"@type":"Organization","@id":"https:\/\/mettapapelaria.com.br\/catalogo\/#organization","name":"Metta Papelaria","url":"https:\/\/mettapapelaria.com.br\/catalogo\/","logo":{"@type":"ImageObject","inLanguage":"pt-BR","@id":"https:\/\/mettapapelaria.com.br\/catalogo\/#\/schema\/logo\/image\/","url":"https:\/\/mettapapelaria.com.br\/catalogo\/wp-content\/uploads\/2023\/12\/cropped-favicon-Metta_512-1.png","contentUrl":"https:\/\/mettapapelaria.com.br\/catalogo\/wp-content\/uploads\/2023\/12\/cropped-favicon-Metta_512-1.png","width":512,"height":512,"caption":"Metta Papelaria"},"image":{"@id":"https:\/\/mettapapelaria.com.br\/catalogo\/#\/schema\/logo\/image\/"},"sameAs":["https:\/\/www.facebook.com\/mettapapelaria\/","https:\/\/www.instagram.com\/papelariametta\/"]}]}},"_links":{"self":[{"href":"https:\/\/mettapapelaria.com.br\/catalogo\/wp-json\/wp\/v2\/product\/797","targetHints":{"allow":["GET"]}}],"collection":[{"href":"https:\/\/mettapapelaria.com.br\/catalogo\/wp-json\/wp\/v2\/product"}],"about":[{"href":"https:\/\/mettapapelaria.com.br\/catalogo\/wp-json\/wp\/v2\/types\/product"}],"replies":[{"embeddable":true,"href":"https:\/\/mettapapelaria.com.br\/catalogo\/wp-json\/wp\/v2\/comments?post=797"}],"version-history":[{"count":0,"href":"https:\/\/mettapapelaria.com.br\/catalogo\/wp-json\/wp\/v2\/product\/797\/revisions"}],"wp:featuredmedia":[{"embeddable":true,"href":"https:\/\/mettapapelaria.com.br\/catalogo\/wp-json\/wp\/v2\/media\/795"}],"wp:attachment":[{"href":"https:\/\/mettapapelaria.com.br\/catalogo\/wp-json\/wp\/v2\/media?parent=797"}],"wp:term":[{"taxonomy":"brand","embeddable":true,"href":"https:\/\/mettapapelaria.com.br\/catalogo\/wp-json\/wp\/v2\/etheme_brands?post=797"},{"taxonomy":"product_brand","embeddable":true,"href":"https:\/\/mettapapelaria.com.br\/catalogo\/wp-json\/wp\/v2\/product_brand?post=797"},{"taxonomy":"product_cat","embeddable":true,"href":"https:\/\/mettapapelaria.com.br\/catalogo\/wp-json\/wp\/v2\/product_cat?post=797"},{"taxonomy":"product_tag","embeddable":true,"href":"https:\/\/mettapapelaria.com.br\/catalogo\/wp-json\/wp\/v2\/product_tag?post=797"}],"curies":[{"name":"wp","href":"https:\/\/api.w.org\/{rel}","templated":true}]}}