{"id":7817,"date":"2024-09-27T14:50:17","date_gmt":"2024-09-27T17:50:17","guid":{"rendered":"https:\/\/mettapapelaria.com.br\/catalogo\/?post_type=product&#038;p=7817"},"modified":"2024-09-27T14:50:18","modified_gmt":"2024-09-27T17:50:18","slug":"caderno-brochura-cross-racing-foroni-2","status":"publish","type":"product","link":"https:\/\/mettapapelaria.com.br\/catalogo\/produto\/caderno-brochura-cross-racing-foroni-2\/","title":{"rendered":"CADERNO BROCHURA CROSS RACING FORONI"},"content":{"rendered":"<p>O Caderno Brochura Capa Dura Cross Racing traz um visual din\u00e2mico e moderno atrav\u00e9s de carros turbinados com cores e estilos in\u00e9ditos.<\/p>\n<p>Detalhes<\/p>\n<ul>\n<li>4 op\u00e7\u00f5es de capas<\/li>\n<li>Formato: 200 x 275<\/li>\n<li>Gramatura: 56 g\/m\u00b2<\/li>\n<li>Lamina\u00e7\u00e3o Brilho<\/li>\n<li>N\u00b0 de FLS: 80<\/li>\n<li>Pauta B\u00e1sica<\/li>\n<\/ul>\n","protected":false},"excerpt":{"rendered":"<p>O Caderno Brochura Capa Dura Cross Racing traz um visual din\u00e2mico e moderno atrav\u00e9s de carros turbinados com cores e estilos in\u00e9ditos. Detalhes 4 op\u00e7\u00f5es&#8230;<\/p>\n","protected":false},"featured_media":7707,"comment_status":"open","ping_status":"closed","template":"","meta":[],"etheme_brands":[{"term_id":219,"name":"Foroni","slug":"foroni","term_group":0,"term_taxonomy_id":219,"taxonomy":"brand","description":"","parent":0,"count":46,"filter":"raw"}],"product_brand":[],"product_cat":[518,20,130,16],"product_tag":[270,272,271,650,338,651,293,276,316,275,653,294,292,227,225,317,274,652,318],"class_list":{"0":"post-7817","1":"product","2":"type-product","3":"status-publish","4":"has-post-thumbnail","6":"brand-foroni","7":"product_cat-sem-categoria","8":"product_cat-cadernos","9":"product_cat-cadernos-de-brochura","10":"product_cat-material-escolar","11":"product_tag-caderno","12":"product_tag-caderno-1-materia","13":"product_tag-caderno-com-espiral","14":"product_tag-carros","15":"product_tag-colorido","16":"product_tag-corrida-de-carro","17":"product_tag-crianca","18":"product_tag-escola","19":"product_tag-estudante","20":"product_tag-faculdade","21":"product_tag-formula-1","22":"product_tag-infantil","23":"product_tag-kids","24":"product_tag-material-escolar","25":"product_tag-metta-papelaria","26":"product_tag-study","27":"product_tag-universidade","28":"product_tag-velozes-e-furiosos","29":"product_tag-volta-as-aulas","31":"first","32":"instock","33":"sold-individually","34":"shipping-taxable","35":"purchasable","36":"product-type-simple"},"yoast_head":"<!-- This site is optimized with the Yoast SEO plugin v26.9 - https:\/\/yoast.com\/product\/yoast-seo-wordpress\/ -->\n<title>CADERNO BROCHURA CROSS RACING FORONI - Metta Papelaria<\/title>\n<meta name=\"description\" content=\"O Caderno Brochura Capa Dura Cross Racing traz um visual din\u00e2mico e moderno atrav\u00e9s de carros turbinados com cores e estilos in\u00e9ditos.\" \/>\n<meta name=\"robots\" content=\"index, follow, max-snippet:-1, max-image-preview:large, max-video-preview:-1\" \/>\n<link rel=\"canonical\" href=\"https:\/\/mettapapelaria.com.br\/catalogo\/produto\/caderno-brochura-cross-racing-foroni-2\/\" \/>\n<meta property=\"og:locale\" content=\"pt_BR\" \/>\n<meta property=\"og:type\" content=\"article\" \/>\n<meta property=\"og:title\" content=\"CADERNO BROCHURA CROSS RACING FORONI - Metta Papelaria\" \/>\n<meta property=\"og:description\" content=\"O Caderno Brochura Capa Dura Cross Racing traz um visual din\u00e2mico e moderno atrav\u00e9s de carros turbinados com cores e estilos in\u00e9ditos.\" \/>\n<meta property=\"og:url\" content=\"https:\/\/mettapapelaria.com.br\/catalogo\/produto\/caderno-brochura-cross-racing-foroni-2\/\" \/>\n<meta property=\"og:site_name\" content=\"Metta Papelaria\" \/>\n<meta property=\"article:publisher\" content=\"https:\/\/www.facebook.com\/mettapapelaria\/\" \/>\n<meta property=\"article:modified_time\" content=\"2024-09-27T17:50:18+00:00\" \/>\n<meta property=\"og:image\" content=\"https:\/\/mettapapelaria.com.br\/catalogo\/wp-content\/uploads\/2024\/09\/CADERNO-BROCHURA-14-CROSS-RACING-FORONI-3.jpg\" \/>\n\t<meta property=\"og:image:width\" content=\"500\" \/>\n\t<meta property=\"og:image:height\" content=\"500\" \/>\n\t<meta property=\"og:image:type\" content=\"image\/jpeg\" \/>\n<meta name=\"twitter:card\" content=\"summary_large_image\" \/>\n<meta name=\"twitter:label1\" content=\"Est. tempo de leitura\" \/>\n\t<meta name=\"twitter:data1\" content=\"1 minuto\" \/>\n<script type=\"application\/ld+json\" class=\"yoast-schema-graph\">{\"@context\":\"https:\/\/schema.org\",\"@graph\":[{\"@type\":\"WebPage\",\"@id\":\"https:\/\/mettapapelaria.com.br\/catalogo\/produto\/caderno-brochura-cross-racing-foroni-2\/\",\"url\":\"https:\/\/mettapapelaria.com.br\/catalogo\/produto\/caderno-brochura-cross-racing-foroni-2\/\",\"name\":\"CADERNO BROCHURA CROSS RACING FORONI - Metta Papelaria\",\"isPartOf\":{\"@id\":\"https:\/\/mettapapelaria.com.br\/catalogo\/#website\"},\"primaryImageOfPage\":{\"@id\":\"https:\/\/mettapapelaria.com.br\/catalogo\/produto\/caderno-brochura-cross-racing-foroni-2\/#primaryimage\"},\"image\":{\"@id\":\"https:\/\/mettapapelaria.com.br\/catalogo\/produto\/caderno-brochura-cross-racing-foroni-2\/#primaryimage\"},\"thumbnailUrl\":\"https:\/\/mettapapelaria.com.br\/catalogo\/wp-content\/uploads\/2024\/09\/CADERNO-BROCHURA-14-CROSS-RACING-FORONI-3.jpg\",\"datePublished\":\"2024-09-27T17:50:17+00:00\",\"dateModified\":\"2024-09-27T17:50:18+00:00\",\"description\":\"O Caderno Brochura Capa Dura Cross Racing traz um visual din\u00e2mico e moderno atrav\u00e9s de carros turbinados com cores e estilos in\u00e9ditos.\",\"breadcrumb\":{\"@id\":\"https:\/\/mettapapelaria.com.br\/catalogo\/produto\/caderno-brochura-cross-racing-foroni-2\/#breadcrumb\"},\"inLanguage\":\"pt-BR\",\"potentialAction\":[{\"@type\":\"ReadAction\",\"target\":[\"https:\/\/mettapapelaria.com.br\/catalogo\/produto\/caderno-brochura-cross-racing-foroni-2\/\"]}]},{\"@type\":\"ImageObject\",\"inLanguage\":\"pt-BR\",\"@id\":\"https:\/\/mettapapelaria.com.br\/catalogo\/produto\/caderno-brochura-cross-racing-foroni-2\/#primaryimage\",\"url\":\"https:\/\/mettapapelaria.com.br\/catalogo\/wp-content\/uploads\/2024\/09\/CADERNO-BROCHURA-14-CROSS-RACING-FORONI-3.jpg\",\"contentUrl\":\"https:\/\/mettapapelaria.com.br\/catalogo\/wp-content\/uploads\/2024\/09\/CADERNO-BROCHURA-14-CROSS-RACING-FORONI-3.jpg\",\"width\":500,\"height\":500},{\"@type\":\"BreadcrumbList\",\"@id\":\"https:\/\/mettapapelaria.com.br\/catalogo\/produto\/caderno-brochura-cross-racing-foroni-2\/#breadcrumb\",\"itemListElement\":[{\"@type\":\"ListItem\",\"position\":1,\"name\":\"In\u00edcio\",\"item\":\"https:\/\/mettapapelaria.com.br\/catalogo\/\"},{\"@type\":\"ListItem\",\"position\":2,\"name\":\"Shop\",\"item\":\"https:\/\/mettapapelaria.com.br\/catalogo\/shop\/\"},{\"@type\":\"ListItem\",\"position\":3,\"name\":\"CADERNO BROCHURA CROSS RACING FORONI\"}]},{\"@type\":\"WebSite\",\"@id\":\"https:\/\/mettapapelaria.com.br\/catalogo\/#website\",\"url\":\"https:\/\/mettapapelaria.com.br\/catalogo\/\",\"name\":\"Metta Papelaria\",\"description\":\"Materiais e equipamentos de escrit\u00f3rio, suprimentos para inform\u00e1tica, e uma diversificada linha de material escolar\",\"publisher\":{\"@id\":\"https:\/\/mettapapelaria.com.br\/catalogo\/#organization\"},\"potentialAction\":[{\"@type\":\"SearchAction\",\"target\":{\"@type\":\"EntryPoint\",\"urlTemplate\":\"https:\/\/mettapapelaria.com.br\/catalogo\/?s={search_term_string}\"},\"query-input\":{\"@type\":\"PropertyValueSpecification\",\"valueRequired\":true,\"valueName\":\"search_term_string\"}}],\"inLanguage\":\"pt-BR\"},{\"@type\":\"Organization\",\"@id\":\"https:\/\/mettapapelaria.com.br\/catalogo\/#organization\",\"name\":\"Metta Papelaria\",\"url\":\"https:\/\/mettapapelaria.com.br\/catalogo\/\",\"logo\":{\"@type\":\"ImageObject\",\"inLanguage\":\"pt-BR\",\"@id\":\"https:\/\/mettapapelaria.com.br\/catalogo\/#\/schema\/logo\/image\/\",\"url\":\"https:\/\/mettapapelaria.com.br\/catalogo\/wp-content\/uploads\/2023\/12\/cropped-favicon-Metta_512-1.png\",\"contentUrl\":\"https:\/\/mettapapelaria.com.br\/catalogo\/wp-content\/uploads\/2023\/12\/cropped-favicon-Metta_512-1.png\",\"width\":512,\"height\":512,\"caption\":\"Metta Papelaria\"},\"image\":{\"@id\":\"https:\/\/mettapapelaria.com.br\/catalogo\/#\/schema\/logo\/image\/\"},\"sameAs\":[\"https:\/\/www.facebook.com\/mettapapelaria\/\",\"https:\/\/www.instagram.com\/papelariametta\/\"]}]}<\/script>\n<!-- \/ Yoast SEO plugin. -->","yoast_head_json":{"title":"CADERNO BROCHURA CROSS RACING FORONI - Metta Papelaria","description":"O Caderno Brochura Capa Dura Cross Racing traz um visual din\u00e2mico e moderno atrav\u00e9s de carros turbinados com cores e estilos in\u00e9ditos.","robots":{"index":"index","follow":"follow","max-snippet":"max-snippet:-1","max-image-preview":"max-image-preview:large","max-video-preview":"max-video-preview:-1"},"canonical":"https:\/\/mettapapelaria.com.br\/catalogo\/produto\/caderno-brochura-cross-racing-foroni-2\/","og_locale":"pt_BR","og_type":"article","og_title":"CADERNO BROCHURA CROSS RACING FORONI - Metta Papelaria","og_description":"O Caderno Brochura Capa Dura Cross Racing traz um visual din\u00e2mico e moderno atrav\u00e9s de carros turbinados com cores e estilos in\u00e9ditos.","og_url":"https:\/\/mettapapelaria.com.br\/catalogo\/produto\/caderno-brochura-cross-racing-foroni-2\/","og_site_name":"Metta Papelaria","article_publisher":"https:\/\/www.facebook.com\/mettapapelaria\/","article_modified_time":"2024-09-27T17:50:18+00:00","og_image":[{"width":500,"height":500,"url":"https:\/\/mettapapelaria.com.br\/catalogo\/wp-content\/uploads\/2024\/09\/CADERNO-BROCHURA-14-CROSS-RACING-FORONI-3.jpg","type":"image\/jpeg"}],"twitter_card":"summary_large_image","twitter_misc":{"Est. tempo de leitura":"1 minuto"},"schema":{"@context":"https:\/\/schema.org","@graph":[{"@type":"WebPage","@id":"https:\/\/mettapapelaria.com.br\/catalogo\/produto\/caderno-brochura-cross-racing-foroni-2\/","url":"https:\/\/mettapapelaria.com.br\/catalogo\/produto\/caderno-brochura-cross-racing-foroni-2\/","name":"CADERNO BROCHURA CROSS RACING FORONI - Metta Papelaria","isPartOf":{"@id":"https:\/\/mettapapelaria.com.br\/catalogo\/#website"},"primaryImageOfPage":{"@id":"https:\/\/mettapapelaria.com.br\/catalogo\/produto\/caderno-brochura-cross-racing-foroni-2\/#primaryimage"},"image":{"@id":"https:\/\/mettapapelaria.com.br\/catalogo\/produto\/caderno-brochura-cross-racing-foroni-2\/#primaryimage"},"thumbnailUrl":"https:\/\/mettapapelaria.com.br\/catalogo\/wp-content\/uploads\/2024\/09\/CADERNO-BROCHURA-14-CROSS-RACING-FORONI-3.jpg","datePublished":"2024-09-27T17:50:17+00:00","dateModified":"2024-09-27T17:50:18+00:00","description":"O Caderno Brochura Capa Dura Cross Racing traz um visual din\u00e2mico e moderno atrav\u00e9s de carros turbinados com cores e estilos in\u00e9ditos.","breadcrumb":{"@id":"https:\/\/mettapapelaria.com.br\/catalogo\/produto\/caderno-brochura-cross-racing-foroni-2\/#breadcrumb"},"inLanguage":"pt-BR","potentialAction":[{"@type":"ReadAction","target":["https:\/\/mettapapelaria.com.br\/catalogo\/produto\/caderno-brochura-cross-racing-foroni-2\/"]}]},{"@type":"ImageObject","inLanguage":"pt-BR","@id":"https:\/\/mettapapelaria.com.br\/catalogo\/produto\/caderno-brochura-cross-racing-foroni-2\/#primaryimage","url":"https:\/\/mettapapelaria.com.br\/catalogo\/wp-content\/uploads\/2024\/09\/CADERNO-BROCHURA-14-CROSS-RACING-FORONI-3.jpg","contentUrl":"https:\/\/mettapapelaria.com.br\/catalogo\/wp-content\/uploads\/2024\/09\/CADERNO-BROCHURA-14-CROSS-RACING-FORONI-3.jpg","width":500,"height":500},{"@type":"BreadcrumbList","@id":"https:\/\/mettapapelaria.com.br\/catalogo\/produto\/caderno-brochura-cross-racing-foroni-2\/#breadcrumb","itemListElement":[{"@type":"ListItem","position":1,"name":"In\u00edcio","item":"https:\/\/mettapapelaria.com.br\/catalogo\/"},{"@type":"ListItem","position":2,"name":"Shop","item":"https:\/\/mettapapelaria.com.br\/catalogo\/shop\/"},{"@type":"ListItem","position":3,"name":"CADERNO BROCHURA CROSS RACING FORONI"}]},{"@type":"WebSite","@id":"https:\/\/mettapapelaria.com.br\/catalogo\/#website","url":"https:\/\/mettapapelaria.com.br\/catalogo\/","name":"Metta Papelaria","description":"Materiais e equipamentos de escrit\u00f3rio, suprimentos para inform\u00e1tica, e uma diversificada linha de material escolar","publisher":{"@id":"https:\/\/mettapapelaria.com.br\/catalogo\/#organization"},"potentialAction":[{"@type":"SearchAction","target":{"@type":"EntryPoint","urlTemplate":"https:\/\/mettapapelaria.com.br\/catalogo\/?s={search_term_string}"},"query-input":{"@type":"PropertyValueSpecification","valueRequired":true,"valueName":"search_term_string"}}],"inLanguage":"pt-BR"},{"@type":"Organization","@id":"https:\/\/mettapapelaria.com.br\/catalogo\/#organization","name":"Metta Papelaria","url":"https:\/\/mettapapelaria.com.br\/catalogo\/","logo":{"@type":"ImageObject","inLanguage":"pt-BR","@id":"https:\/\/mettapapelaria.com.br\/catalogo\/#\/schema\/logo\/image\/","url":"https:\/\/mettapapelaria.com.br\/catalogo\/wp-content\/uploads\/2023\/12\/cropped-favicon-Metta_512-1.png","contentUrl":"https:\/\/mettapapelaria.com.br\/catalogo\/wp-content\/uploads\/2023\/12\/cropped-favicon-Metta_512-1.png","width":512,"height":512,"caption":"Metta Papelaria"},"image":{"@id":"https:\/\/mettapapelaria.com.br\/catalogo\/#\/schema\/logo\/image\/"},"sameAs":["https:\/\/www.facebook.com\/mettapapelaria\/","https:\/\/www.instagram.com\/papelariametta\/"]}]}},"_links":{"self":[{"href":"https:\/\/mettapapelaria.com.br\/catalogo\/wp-json\/wp\/v2\/product\/7817","targetHints":{"allow":["GET"]}}],"collection":[{"href":"https:\/\/mettapapelaria.com.br\/catalogo\/wp-json\/wp\/v2\/product"}],"about":[{"href":"https:\/\/mettapapelaria.com.br\/catalogo\/wp-json\/wp\/v2\/types\/product"}],"replies":[{"embeddable":true,"href":"https:\/\/mettapapelaria.com.br\/catalogo\/wp-json\/wp\/v2\/comments?post=7817"}],"version-history":[{"count":2,"href":"https:\/\/mettapapelaria.com.br\/catalogo\/wp-json\/wp\/v2\/product\/7817\/revisions"}],"predecessor-version":[{"id":7820,"href":"https:\/\/mettapapelaria.com.br\/catalogo\/wp-json\/wp\/v2\/product\/7817\/revisions\/7820"}],"wp:featuredmedia":[{"embeddable":true,"href":"https:\/\/mettapapelaria.com.br\/catalogo\/wp-json\/wp\/v2\/media\/7707"}],"wp:attachment":[{"href":"https:\/\/mettapapelaria.com.br\/catalogo\/wp-json\/wp\/v2\/media?parent=7817"}],"wp:term":[{"taxonomy":"brand","embeddable":true,"href":"https:\/\/mettapapelaria.com.br\/catalogo\/wp-json\/wp\/v2\/etheme_brands?post=7817"},{"taxonomy":"product_brand","embeddable":true,"href":"https:\/\/mettapapelaria.com.br\/catalogo\/wp-json\/wp\/v2\/product_brand?post=7817"},{"taxonomy":"product_cat","embeddable":true,"href":"https:\/\/mettapapelaria.com.br\/catalogo\/wp-json\/wp\/v2\/product_cat?post=7817"},{"taxonomy":"product_tag","embeddable":true,"href":"https:\/\/mettapapelaria.com.br\/catalogo\/wp-json\/wp\/v2\/product_tag?post=7817"}],"curies":[{"name":"wp","href":"https:\/\/api.w.org\/{rel}","templated":true}]}}