{"id":7682,"date":"2024-09-25T17:12:23","date_gmt":"2024-09-25T20:12:23","guid":{"rendered":"https:\/\/mettapapelaria.com.br\/catalogo\/?post_type=product&#038;p=7682"},"modified":"2024-09-25T17:12:24","modified_gmt":"2024-09-25T20:12:24","slug":"fita-corretiva-clip-tape-cis","status":"publish","type":"product","link":"https:\/\/mettapapelaria.com.br\/catalogo\/produto\/fita-corretiva-clip-tape-cis\/","title":{"rendered":"FITA CORRETIVA CLIP TAPE CIS"},"content":{"rendered":"<p>Fita Corretiva \u00e9 ideal para apagar com facilidade todo tipo de caneta, cobrindo o erro sem sujeira e sem ter que esperar secar. A fita Corretiva \u00e9 f\u00e1cil de aplicar, n\u00e3o possui cheiro e pode ser utilizada por adultos e crian\u00e7as (acima de 3 anos) por ser um produto n\u00e3o toxico. Possui formato anat\u00f4mico para uso de destros e canhotos.<\/p>\n","protected":false},"excerpt":{"rendered":"<p>Fita Corretiva \u00e9 ideal para apagar com facilidade todo tipo de caneta, cobrindo o erro sem sujeira e sem ter que esperar secar. A fita&#8230;<\/p>\n","protected":false},"featured_media":7683,"comment_status":"open","ping_status":"closed","template":"","meta":[],"etheme_brands":[{"term_id":379,"name":"CIS","slug":"cis","term_group":0,"term_taxonomy_id":379,"taxonomy":"brand","description":"","parent":0,"count":31,"filter":"raw"}],"product_brand":[],"product_cat":[55,72,103,105,16,15],"product_tag":[582,338,647,293,581,276,316,275,646,255,294,292,227,225],"class_list":{"0":"post-7682","1":"product","2":"type-product","3":"status-publish","4":"has-post-thumbnail","6":"brand-cis","7":"product_cat-corretivos1","8":"product_cat-corretivos","9":"product_cat-corretivos-em-fita","10":"product_cat-corretivos-em-fita1","11":"product_cat-material-escolar","12":"product_cat-material-escritorio","13":"product_tag-branquinho","14":"product_tag-colorido","15":"product_tag-corretivo-em-fita","16":"product_tag-crianca","17":"product_tag-errorex","18":"product_tag-escola","19":"product_tag-estudante","20":"product_tag-faculdade","21":"product_tag-fita-corretiva","22":"product_tag-home","23":"product_tag-infantil","24":"product_tag-kids","25":"product_tag-material-escolar","26":"product_tag-metta-papelaria","28":"first","29":"instock","30":"sold-individually","31":"shipping-taxable","32":"purchasable","33":"product-type-simple"},"yoast_head":"<!-- This site is optimized with the Yoast SEO plugin v26.9 - https:\/\/yoast.com\/product\/yoast-seo-wordpress\/ -->\n<title>FITA CORRETIVA CLIP TAPE CIS - Metta Papelaria<\/title>\n<meta name=\"description\" content=\"Fita Corretiva \u00e9 ideal para apagar com facilidade todo tipo de caneta, cobrindo o erro sem sujeira e sem ter que esperar secar. A fita Corretiva \u00e9 f\u00e1cil de aplicar, n\u00e3o possui cheiro e pode ser utilizada por adultos e crian\u00e7as (acima de 3 anos) por ser um produto n\u00e3o toxico. Possui formato anat\u00f4mico para uso de destros e canhotos.\" \/>\n<meta name=\"robots\" content=\"index, follow, max-snippet:-1, max-image-preview:large, max-video-preview:-1\" \/>\n<link rel=\"canonical\" href=\"https:\/\/mettapapelaria.com.br\/catalogo\/produto\/fita-corretiva-clip-tape-cis\/\" \/>\n<meta property=\"og:locale\" content=\"pt_BR\" \/>\n<meta property=\"og:type\" content=\"article\" \/>\n<meta property=\"og:title\" content=\"FITA CORRETIVA CLIP TAPE CIS - Metta Papelaria\" \/>\n<meta property=\"og:description\" content=\"Fita Corretiva \u00e9 ideal para apagar com facilidade todo tipo de caneta, cobrindo o erro sem sujeira e sem ter que esperar secar. A fita Corretiva \u00e9 f\u00e1cil de aplicar, n\u00e3o possui cheiro e pode ser utilizada por adultos e crian\u00e7as (acima de 3 anos) por ser um produto n\u00e3o toxico. Possui formato anat\u00f4mico para uso de destros e canhotos.\" \/>\n<meta property=\"og:url\" content=\"https:\/\/mettapapelaria.com.br\/catalogo\/produto\/fita-corretiva-clip-tape-cis\/\" \/>\n<meta property=\"og:site_name\" content=\"Metta Papelaria\" \/>\n<meta property=\"article:publisher\" content=\"https:\/\/www.facebook.com\/mettapapelaria\/\" \/>\n<meta property=\"article:modified_time\" content=\"2024-09-25T20:12:24+00:00\" \/>\n<meta property=\"og:image\" content=\"https:\/\/mettapapelaria.com.br\/catalogo\/wp-content\/uploads\/2024\/09\/FITA-CORRETIVA-CLIP-TAPE-CIS.jpg\" \/>\n\t<meta property=\"og:image:width\" content=\"500\" \/>\n\t<meta property=\"og:image:height\" content=\"500\" \/>\n\t<meta property=\"og:image:type\" content=\"image\/jpeg\" \/>\n<meta name=\"twitter:card\" content=\"summary_large_image\" \/>\n<meta name=\"twitter:label1\" content=\"Est. tempo de leitura\" \/>\n\t<meta name=\"twitter:data1\" content=\"1 minuto\" \/>\n<script type=\"application\/ld+json\" class=\"yoast-schema-graph\">{\"@context\":\"https:\/\/schema.org\",\"@graph\":[{\"@type\":\"WebPage\",\"@id\":\"https:\/\/mettapapelaria.com.br\/catalogo\/produto\/fita-corretiva-clip-tape-cis\/\",\"url\":\"https:\/\/mettapapelaria.com.br\/catalogo\/produto\/fita-corretiva-clip-tape-cis\/\",\"name\":\"FITA CORRETIVA CLIP TAPE CIS - Metta Papelaria\",\"isPartOf\":{\"@id\":\"https:\/\/mettapapelaria.com.br\/catalogo\/#website\"},\"primaryImageOfPage\":{\"@id\":\"https:\/\/mettapapelaria.com.br\/catalogo\/produto\/fita-corretiva-clip-tape-cis\/#primaryimage\"},\"image\":{\"@id\":\"https:\/\/mettapapelaria.com.br\/catalogo\/produto\/fita-corretiva-clip-tape-cis\/#primaryimage\"},\"thumbnailUrl\":\"https:\/\/mettapapelaria.com.br\/catalogo\/wp-content\/uploads\/2024\/09\/FITA-CORRETIVA-CLIP-TAPE-CIS.jpg\",\"datePublished\":\"2024-09-25T20:12:23+00:00\",\"dateModified\":\"2024-09-25T20:12:24+00:00\",\"description\":\"Fita Corretiva \u00e9 ideal para apagar com facilidade todo tipo de caneta, cobrindo o erro sem sujeira e sem ter que esperar secar. A fita Corretiva \u00e9 f\u00e1cil de aplicar, n\u00e3o possui cheiro e pode ser utilizada por adultos e crian\u00e7as (acima de 3 anos) por ser um produto n\u00e3o toxico. Possui formato anat\u00f4mico para uso de destros e canhotos.\",\"breadcrumb\":{\"@id\":\"https:\/\/mettapapelaria.com.br\/catalogo\/produto\/fita-corretiva-clip-tape-cis\/#breadcrumb\"},\"inLanguage\":\"pt-BR\",\"potentialAction\":[{\"@type\":\"ReadAction\",\"target\":[\"https:\/\/mettapapelaria.com.br\/catalogo\/produto\/fita-corretiva-clip-tape-cis\/\"]}]},{\"@type\":\"ImageObject\",\"inLanguage\":\"pt-BR\",\"@id\":\"https:\/\/mettapapelaria.com.br\/catalogo\/produto\/fita-corretiva-clip-tape-cis\/#primaryimage\",\"url\":\"https:\/\/mettapapelaria.com.br\/catalogo\/wp-content\/uploads\/2024\/09\/FITA-CORRETIVA-CLIP-TAPE-CIS.jpg\",\"contentUrl\":\"https:\/\/mettapapelaria.com.br\/catalogo\/wp-content\/uploads\/2024\/09\/FITA-CORRETIVA-CLIP-TAPE-CIS.jpg\",\"width\":500,\"height\":500},{\"@type\":\"BreadcrumbList\",\"@id\":\"https:\/\/mettapapelaria.com.br\/catalogo\/produto\/fita-corretiva-clip-tape-cis\/#breadcrumb\",\"itemListElement\":[{\"@type\":\"ListItem\",\"position\":1,\"name\":\"In\u00edcio\",\"item\":\"https:\/\/mettapapelaria.com.br\/catalogo\/\"},{\"@type\":\"ListItem\",\"position\":2,\"name\":\"Shop\",\"item\":\"https:\/\/mettapapelaria.com.br\/catalogo\/shop\/\"},{\"@type\":\"ListItem\",\"position\":3,\"name\":\"FITA CORRETIVA CLIP TAPE CIS\"}]},{\"@type\":\"WebSite\",\"@id\":\"https:\/\/mettapapelaria.com.br\/catalogo\/#website\",\"url\":\"https:\/\/mettapapelaria.com.br\/catalogo\/\",\"name\":\"Metta Papelaria\",\"description\":\"Materiais e equipamentos de escrit\u00f3rio, suprimentos para inform\u00e1tica, e uma diversificada linha de material escolar\",\"publisher\":{\"@id\":\"https:\/\/mettapapelaria.com.br\/catalogo\/#organization\"},\"potentialAction\":[{\"@type\":\"SearchAction\",\"target\":{\"@type\":\"EntryPoint\",\"urlTemplate\":\"https:\/\/mettapapelaria.com.br\/catalogo\/?s={search_term_string}\"},\"query-input\":{\"@type\":\"PropertyValueSpecification\",\"valueRequired\":true,\"valueName\":\"search_term_string\"}}],\"inLanguage\":\"pt-BR\"},{\"@type\":\"Organization\",\"@id\":\"https:\/\/mettapapelaria.com.br\/catalogo\/#organization\",\"name\":\"Metta Papelaria\",\"url\":\"https:\/\/mettapapelaria.com.br\/catalogo\/\",\"logo\":{\"@type\":\"ImageObject\",\"inLanguage\":\"pt-BR\",\"@id\":\"https:\/\/mettapapelaria.com.br\/catalogo\/#\/schema\/logo\/image\/\",\"url\":\"https:\/\/mettapapelaria.com.br\/catalogo\/wp-content\/uploads\/2023\/12\/cropped-favicon-Metta_512-1.png\",\"contentUrl\":\"https:\/\/mettapapelaria.com.br\/catalogo\/wp-content\/uploads\/2023\/12\/cropped-favicon-Metta_512-1.png\",\"width\":512,\"height\":512,\"caption\":\"Metta Papelaria\"},\"image\":{\"@id\":\"https:\/\/mettapapelaria.com.br\/catalogo\/#\/schema\/logo\/image\/\"},\"sameAs\":[\"https:\/\/www.facebook.com\/mettapapelaria\/\",\"https:\/\/www.instagram.com\/papelariametta\/\"]}]}<\/script>\n<!-- \/ Yoast SEO plugin. -->","yoast_head_json":{"title":"FITA CORRETIVA CLIP TAPE CIS - Metta Papelaria","description":"Fita Corretiva \u00e9 ideal para apagar com facilidade todo tipo de caneta, cobrindo o erro sem sujeira e sem ter que esperar secar. A fita Corretiva \u00e9 f\u00e1cil de aplicar, n\u00e3o possui cheiro e pode ser utilizada por adultos e crian\u00e7as (acima de 3 anos) por ser um produto n\u00e3o toxico. Possui formato anat\u00f4mico para uso de destros e canhotos.","robots":{"index":"index","follow":"follow","max-snippet":"max-snippet:-1","max-image-preview":"max-image-preview:large","max-video-preview":"max-video-preview:-1"},"canonical":"https:\/\/mettapapelaria.com.br\/catalogo\/produto\/fita-corretiva-clip-tape-cis\/","og_locale":"pt_BR","og_type":"article","og_title":"FITA CORRETIVA CLIP TAPE CIS - Metta Papelaria","og_description":"Fita Corretiva \u00e9 ideal para apagar com facilidade todo tipo de caneta, cobrindo o erro sem sujeira e sem ter que esperar secar. A fita Corretiva \u00e9 f\u00e1cil de aplicar, n\u00e3o possui cheiro e pode ser utilizada por adultos e crian\u00e7as (acima de 3 anos) por ser um produto n\u00e3o toxico. Possui formato anat\u00f4mico para uso de destros e canhotos.","og_url":"https:\/\/mettapapelaria.com.br\/catalogo\/produto\/fita-corretiva-clip-tape-cis\/","og_site_name":"Metta Papelaria","article_publisher":"https:\/\/www.facebook.com\/mettapapelaria\/","article_modified_time":"2024-09-25T20:12:24+00:00","og_image":[{"width":500,"height":500,"url":"https:\/\/mettapapelaria.com.br\/catalogo\/wp-content\/uploads\/2024\/09\/FITA-CORRETIVA-CLIP-TAPE-CIS.jpg","type":"image\/jpeg"}],"twitter_card":"summary_large_image","twitter_misc":{"Est. tempo de leitura":"1 minuto"},"schema":{"@context":"https:\/\/schema.org","@graph":[{"@type":"WebPage","@id":"https:\/\/mettapapelaria.com.br\/catalogo\/produto\/fita-corretiva-clip-tape-cis\/","url":"https:\/\/mettapapelaria.com.br\/catalogo\/produto\/fita-corretiva-clip-tape-cis\/","name":"FITA CORRETIVA CLIP TAPE CIS - Metta Papelaria","isPartOf":{"@id":"https:\/\/mettapapelaria.com.br\/catalogo\/#website"},"primaryImageOfPage":{"@id":"https:\/\/mettapapelaria.com.br\/catalogo\/produto\/fita-corretiva-clip-tape-cis\/#primaryimage"},"image":{"@id":"https:\/\/mettapapelaria.com.br\/catalogo\/produto\/fita-corretiva-clip-tape-cis\/#primaryimage"},"thumbnailUrl":"https:\/\/mettapapelaria.com.br\/catalogo\/wp-content\/uploads\/2024\/09\/FITA-CORRETIVA-CLIP-TAPE-CIS.jpg","datePublished":"2024-09-25T20:12:23+00:00","dateModified":"2024-09-25T20:12:24+00:00","description":"Fita Corretiva \u00e9 ideal para apagar com facilidade todo tipo de caneta, cobrindo o erro sem sujeira e sem ter que esperar secar. A fita Corretiva \u00e9 f\u00e1cil de aplicar, n\u00e3o possui cheiro e pode ser utilizada por adultos e crian\u00e7as (acima de 3 anos) por ser um produto n\u00e3o toxico. Possui formato anat\u00f4mico para uso de destros e canhotos.","breadcrumb":{"@id":"https:\/\/mettapapelaria.com.br\/catalogo\/produto\/fita-corretiva-clip-tape-cis\/#breadcrumb"},"inLanguage":"pt-BR","potentialAction":[{"@type":"ReadAction","target":["https:\/\/mettapapelaria.com.br\/catalogo\/produto\/fita-corretiva-clip-tape-cis\/"]}]},{"@type":"ImageObject","inLanguage":"pt-BR","@id":"https:\/\/mettapapelaria.com.br\/catalogo\/produto\/fita-corretiva-clip-tape-cis\/#primaryimage","url":"https:\/\/mettapapelaria.com.br\/catalogo\/wp-content\/uploads\/2024\/09\/FITA-CORRETIVA-CLIP-TAPE-CIS.jpg","contentUrl":"https:\/\/mettapapelaria.com.br\/catalogo\/wp-content\/uploads\/2024\/09\/FITA-CORRETIVA-CLIP-TAPE-CIS.jpg","width":500,"height":500},{"@type":"BreadcrumbList","@id":"https:\/\/mettapapelaria.com.br\/catalogo\/produto\/fita-corretiva-clip-tape-cis\/#breadcrumb","itemListElement":[{"@type":"ListItem","position":1,"name":"In\u00edcio","item":"https:\/\/mettapapelaria.com.br\/catalogo\/"},{"@type":"ListItem","position":2,"name":"Shop","item":"https:\/\/mettapapelaria.com.br\/catalogo\/shop\/"},{"@type":"ListItem","position":3,"name":"FITA CORRETIVA CLIP TAPE CIS"}]},{"@type":"WebSite","@id":"https:\/\/mettapapelaria.com.br\/catalogo\/#website","url":"https:\/\/mettapapelaria.com.br\/catalogo\/","name":"Metta Papelaria","description":"Materiais e equipamentos de escrit\u00f3rio, suprimentos para inform\u00e1tica, e uma diversificada linha de material escolar","publisher":{"@id":"https:\/\/mettapapelaria.com.br\/catalogo\/#organization"},"potentialAction":[{"@type":"SearchAction","target":{"@type":"EntryPoint","urlTemplate":"https:\/\/mettapapelaria.com.br\/catalogo\/?s={search_term_string}"},"query-input":{"@type":"PropertyValueSpecification","valueRequired":true,"valueName":"search_term_string"}}],"inLanguage":"pt-BR"},{"@type":"Organization","@id":"https:\/\/mettapapelaria.com.br\/catalogo\/#organization","name":"Metta Papelaria","url":"https:\/\/mettapapelaria.com.br\/catalogo\/","logo":{"@type":"ImageObject","inLanguage":"pt-BR","@id":"https:\/\/mettapapelaria.com.br\/catalogo\/#\/schema\/logo\/image\/","url":"https:\/\/mettapapelaria.com.br\/catalogo\/wp-content\/uploads\/2023\/12\/cropped-favicon-Metta_512-1.png","contentUrl":"https:\/\/mettapapelaria.com.br\/catalogo\/wp-content\/uploads\/2023\/12\/cropped-favicon-Metta_512-1.png","width":512,"height":512,"caption":"Metta Papelaria"},"image":{"@id":"https:\/\/mettapapelaria.com.br\/catalogo\/#\/schema\/logo\/image\/"},"sameAs":["https:\/\/www.facebook.com\/mettapapelaria\/","https:\/\/www.instagram.com\/papelariametta\/"]}]}},"_links":{"self":[{"href":"https:\/\/mettapapelaria.com.br\/catalogo\/wp-json\/wp\/v2\/product\/7682","targetHints":{"allow":["GET"]}}],"collection":[{"href":"https:\/\/mettapapelaria.com.br\/catalogo\/wp-json\/wp\/v2\/product"}],"about":[{"href":"https:\/\/mettapapelaria.com.br\/catalogo\/wp-json\/wp\/v2\/types\/product"}],"replies":[{"embeddable":true,"href":"https:\/\/mettapapelaria.com.br\/catalogo\/wp-json\/wp\/v2\/comments?post=7682"}],"version-history":[{"count":1,"href":"https:\/\/mettapapelaria.com.br\/catalogo\/wp-json\/wp\/v2\/product\/7682\/revisions"}],"predecessor-version":[{"id":7687,"href":"https:\/\/mettapapelaria.com.br\/catalogo\/wp-json\/wp\/v2\/product\/7682\/revisions\/7687"}],"wp:featuredmedia":[{"embeddable":true,"href":"https:\/\/mettapapelaria.com.br\/catalogo\/wp-json\/wp\/v2\/media\/7683"}],"wp:attachment":[{"href":"https:\/\/mettapapelaria.com.br\/catalogo\/wp-json\/wp\/v2\/media?parent=7682"}],"wp:term":[{"taxonomy":"brand","embeddable":true,"href":"https:\/\/mettapapelaria.com.br\/catalogo\/wp-json\/wp\/v2\/etheme_brands?post=7682"},{"taxonomy":"product_brand","embeddable":true,"href":"https:\/\/mettapapelaria.com.br\/catalogo\/wp-json\/wp\/v2\/product_brand?post=7682"},{"taxonomy":"product_cat","embeddable":true,"href":"https:\/\/mettapapelaria.com.br\/catalogo\/wp-json\/wp\/v2\/product_cat?post=7682"},{"taxonomy":"product_tag","embeddable":true,"href":"https:\/\/mettapapelaria.com.br\/catalogo\/wp-json\/wp\/v2\/product_tag?post=7682"}],"curies":[{"name":"wp","href":"https:\/\/api.w.org\/{rel}","templated":true}]}}