{"id":7672,"date":"2024-09-25T16:52:51","date_gmt":"2024-09-25T19:52:51","guid":{"rendered":"https:\/\/mettapapelaria.com.br\/catalogo\/?post_type=product&#038;p=7672"},"modified":"2024-09-25T16:52:53","modified_gmt":"2024-09-25T19:52:53","slug":"carimbo-stamp-emoji-cis","status":"publish","type":"product","link":"https:\/\/mettapapelaria.com.br\/catalogo\/produto\/carimbo-stamp-emoji-cis\/","title":{"rendered":"CARIMBO STAMP EMOJI CIS"},"content":{"rendered":"<div id=\"ProdBlock\" class=\"product-tabs\">\n<div id=\"descricao\" class=\"prodBox\">\n<div class=\"board\">\n<div class=\"board_htm description\">\n<p>Quem n\u00e3o gosta de um carimbo de emojis, n\u00e3o \u00e9 mesmo? Esses carimbos da CiS s\u00e3o da linha Emoji e v\u00e3o deixar seu dia muito mais divertido!<\/p>\n<p><strong>Especifica\u00e7\u00f5es:\u00a0<\/strong><\/p>\n<ul>\n<li>Com encaixe para l\u00e1pis<\/li>\n<li>12 modelos de carimbos<\/li>\n<\/ul>\n<p>Produto Certificado INMETRO (Seguran\u00e7a do Brinquedo): Registro CE-BRI\/INNAC 00382-07A &#8211; NM 300\/2002 &#8211; OCP 0061<\/p>\n<p>ATEN\u00c7\u00c3O: N\u00e3o recomend\u00e1vel para crian\u00e7as menores de 3 (tr\u00eas) anos por conter parte(s) pequena(s) que pode(m) ser engolida(s) ou aspirada(s).<\/p>\n<\/div>\n<\/div>\n<\/div>\n<\/div>\n<div class=\"list-products\">\n<div class=\"catalog-products\"><\/div>\n<\/div>\n","protected":false},"excerpt":{"rendered":"<p>Quem n\u00e3o gosta de um carimbo de emojis, n\u00e3o \u00e9 mesmo? Esses carimbos da CiS s\u00e3o da linha Emoji e v\u00e3o deixar seu dia muito&#8230;<\/p>\n","protected":false},"featured_media":7673,"comment_status":"open","ping_status":"closed","template":"","meta":[],"etheme_brands":[{"term_id":379,"name":"CIS","slug":"cis","term_group":0,"term_taxonomy_id":379,"taxonomy":"brand","description":"","parent":0,"count":31,"filter":"raw"}],"product_brand":[],"product_cat":[43,16,34],"product_tag":[642,254,338,397,293,396,645,643,644,276,316,275,395,255,294,292,256,227,225,384],"class_list":{"0":"post-7672","1":"product","2":"type-product","3":"status-publish","4":"has-post-thumbnail","6":"brand-cis","7":"product_cat-bazar-artesanato","8":"product_cat-material-escolar","9":"product_cat-tintas-guache-tempera-diversos","10":"product_tag-carimbo","11":"product_tag-casa","12":"product_tag-colorido","13":"product_tag-cores-pasteis","14":"product_tag-crianca","15":"product_tag-cute","16":"product_tag-emocoes","17":"product_tag-emojis","18":"product_tag-emoticos","19":"product_tag-escola","20":"product_tag-estudante","21":"product_tag-faculdade","22":"product_tag-fofo","23":"product_tag-home","24":"product_tag-infantil","25":"product_tag-kids","26":"product_tag-lar","27":"product_tag-material-escolar","28":"product_tag-metta-papelaria","29":"product_tag-pastel","31":"first","32":"instock","33":"sold-individually","34":"shipping-taxable","35":"purchasable","36":"product-type-simple"},"yoast_head":"<!-- This site is optimized with the Yoast SEO plugin v26.9 - https:\/\/yoast.com\/product\/yoast-seo-wordpress\/ -->\n<title>CARIMBO STAMP EMOJI CIS - Metta Papelaria<\/title>\n<meta name=\"robots\" content=\"index, follow, max-snippet:-1, max-image-preview:large, max-video-preview:-1\" \/>\n<link rel=\"canonical\" href=\"https:\/\/mettapapelaria.com.br\/catalogo\/produto\/carimbo-stamp-emoji-cis\/\" \/>\n<meta property=\"og:locale\" content=\"pt_BR\" \/>\n<meta property=\"og:type\" content=\"article\" \/>\n<meta property=\"og:title\" content=\"CARIMBO STAMP EMOJI CIS - Metta Papelaria\" \/>\n<meta property=\"og:description\" content=\"Quem n\u00e3o gosta de um carimbo de emojis, n\u00e3o \u00e9 mesmo? Esses carimbos da CiS s\u00e3o da linha Emoji e v\u00e3o deixar seu dia muito...\" \/>\n<meta property=\"og:url\" content=\"https:\/\/mettapapelaria.com.br\/catalogo\/produto\/carimbo-stamp-emoji-cis\/\" \/>\n<meta property=\"og:site_name\" content=\"Metta Papelaria\" \/>\n<meta property=\"article:publisher\" content=\"https:\/\/www.facebook.com\/mettapapelaria\/\" \/>\n<meta property=\"article:modified_time\" content=\"2024-09-25T19:52:53+00:00\" \/>\n<meta property=\"og:image\" content=\"https:\/\/mettapapelaria.com.br\/catalogo\/wp-content\/uploads\/2024\/09\/CARIMBO-STAMP-EMOJI-CIS.jpg\" \/>\n\t<meta property=\"og:image:width\" content=\"500\" \/>\n\t<meta property=\"og:image:height\" content=\"500\" \/>\n\t<meta property=\"og:image:type\" content=\"image\/jpeg\" \/>\n<meta name=\"twitter:card\" content=\"summary_large_image\" \/>\n<meta name=\"twitter:label1\" content=\"Est. tempo de leitura\" \/>\n\t<meta name=\"twitter:data1\" content=\"1 minuto\" \/>\n<script type=\"application\/ld+json\" class=\"yoast-schema-graph\">{\"@context\":\"https:\/\/schema.org\",\"@graph\":[{\"@type\":\"WebPage\",\"@id\":\"https:\/\/mettapapelaria.com.br\/catalogo\/produto\/carimbo-stamp-emoji-cis\/\",\"url\":\"https:\/\/mettapapelaria.com.br\/catalogo\/produto\/carimbo-stamp-emoji-cis\/\",\"name\":\"CARIMBO STAMP EMOJI CIS - Metta Papelaria\",\"isPartOf\":{\"@id\":\"https:\/\/mettapapelaria.com.br\/catalogo\/#website\"},\"primaryImageOfPage\":{\"@id\":\"https:\/\/mettapapelaria.com.br\/catalogo\/produto\/carimbo-stamp-emoji-cis\/#primaryimage\"},\"image\":{\"@id\":\"https:\/\/mettapapelaria.com.br\/catalogo\/produto\/carimbo-stamp-emoji-cis\/#primaryimage\"},\"thumbnailUrl\":\"https:\/\/mettapapelaria.com.br\/catalogo\/wp-content\/uploads\/2024\/09\/CARIMBO-STAMP-EMOJI-CIS.jpg\",\"datePublished\":\"2024-09-25T19:52:51+00:00\",\"dateModified\":\"2024-09-25T19:52:53+00:00\",\"breadcrumb\":{\"@id\":\"https:\/\/mettapapelaria.com.br\/catalogo\/produto\/carimbo-stamp-emoji-cis\/#breadcrumb\"},\"inLanguage\":\"pt-BR\",\"potentialAction\":[{\"@type\":\"ReadAction\",\"target\":[\"https:\/\/mettapapelaria.com.br\/catalogo\/produto\/carimbo-stamp-emoji-cis\/\"]}]},{\"@type\":\"ImageObject\",\"inLanguage\":\"pt-BR\",\"@id\":\"https:\/\/mettapapelaria.com.br\/catalogo\/produto\/carimbo-stamp-emoji-cis\/#primaryimage\",\"url\":\"https:\/\/mettapapelaria.com.br\/catalogo\/wp-content\/uploads\/2024\/09\/CARIMBO-STAMP-EMOJI-CIS.jpg\",\"contentUrl\":\"https:\/\/mettapapelaria.com.br\/catalogo\/wp-content\/uploads\/2024\/09\/CARIMBO-STAMP-EMOJI-CIS.jpg\",\"width\":500,\"height\":500},{\"@type\":\"BreadcrumbList\",\"@id\":\"https:\/\/mettapapelaria.com.br\/catalogo\/produto\/carimbo-stamp-emoji-cis\/#breadcrumb\",\"itemListElement\":[{\"@type\":\"ListItem\",\"position\":1,\"name\":\"In\u00edcio\",\"item\":\"https:\/\/mettapapelaria.com.br\/catalogo\/\"},{\"@type\":\"ListItem\",\"position\":2,\"name\":\"Shop\",\"item\":\"https:\/\/mettapapelaria.com.br\/catalogo\/shop\/\"},{\"@type\":\"ListItem\",\"position\":3,\"name\":\"CARIMBO STAMP EMOJI CIS\"}]},{\"@type\":\"WebSite\",\"@id\":\"https:\/\/mettapapelaria.com.br\/catalogo\/#website\",\"url\":\"https:\/\/mettapapelaria.com.br\/catalogo\/\",\"name\":\"Metta Papelaria\",\"description\":\"Materiais e equipamentos de escrit\u00f3rio, suprimentos para inform\u00e1tica, e uma diversificada linha de material escolar\",\"publisher\":{\"@id\":\"https:\/\/mettapapelaria.com.br\/catalogo\/#organization\"},\"potentialAction\":[{\"@type\":\"SearchAction\",\"target\":{\"@type\":\"EntryPoint\",\"urlTemplate\":\"https:\/\/mettapapelaria.com.br\/catalogo\/?s={search_term_string}\"},\"query-input\":{\"@type\":\"PropertyValueSpecification\",\"valueRequired\":true,\"valueName\":\"search_term_string\"}}],\"inLanguage\":\"pt-BR\"},{\"@type\":\"Organization\",\"@id\":\"https:\/\/mettapapelaria.com.br\/catalogo\/#organization\",\"name\":\"Metta Papelaria\",\"url\":\"https:\/\/mettapapelaria.com.br\/catalogo\/\",\"logo\":{\"@type\":\"ImageObject\",\"inLanguage\":\"pt-BR\",\"@id\":\"https:\/\/mettapapelaria.com.br\/catalogo\/#\/schema\/logo\/image\/\",\"url\":\"https:\/\/mettapapelaria.com.br\/catalogo\/wp-content\/uploads\/2023\/12\/cropped-favicon-Metta_512-1.png\",\"contentUrl\":\"https:\/\/mettapapelaria.com.br\/catalogo\/wp-content\/uploads\/2023\/12\/cropped-favicon-Metta_512-1.png\",\"width\":512,\"height\":512,\"caption\":\"Metta Papelaria\"},\"image\":{\"@id\":\"https:\/\/mettapapelaria.com.br\/catalogo\/#\/schema\/logo\/image\/\"},\"sameAs\":[\"https:\/\/www.facebook.com\/mettapapelaria\/\",\"https:\/\/www.instagram.com\/papelariametta\/\"]}]}<\/script>\n<!-- \/ Yoast SEO plugin. -->","yoast_head_json":{"title":"CARIMBO STAMP EMOJI CIS - Metta Papelaria","robots":{"index":"index","follow":"follow","max-snippet":"max-snippet:-1","max-image-preview":"max-image-preview:large","max-video-preview":"max-video-preview:-1"},"canonical":"https:\/\/mettapapelaria.com.br\/catalogo\/produto\/carimbo-stamp-emoji-cis\/","og_locale":"pt_BR","og_type":"article","og_title":"CARIMBO STAMP EMOJI CIS - Metta Papelaria","og_description":"Quem n\u00e3o gosta de um carimbo de emojis, n\u00e3o \u00e9 mesmo? Esses carimbos da CiS s\u00e3o da linha Emoji e v\u00e3o deixar seu dia muito...","og_url":"https:\/\/mettapapelaria.com.br\/catalogo\/produto\/carimbo-stamp-emoji-cis\/","og_site_name":"Metta Papelaria","article_publisher":"https:\/\/www.facebook.com\/mettapapelaria\/","article_modified_time":"2024-09-25T19:52:53+00:00","og_image":[{"width":500,"height":500,"url":"https:\/\/mettapapelaria.com.br\/catalogo\/wp-content\/uploads\/2024\/09\/CARIMBO-STAMP-EMOJI-CIS.jpg","type":"image\/jpeg"}],"twitter_card":"summary_large_image","twitter_misc":{"Est. tempo de leitura":"1 minuto"},"schema":{"@context":"https:\/\/schema.org","@graph":[{"@type":"WebPage","@id":"https:\/\/mettapapelaria.com.br\/catalogo\/produto\/carimbo-stamp-emoji-cis\/","url":"https:\/\/mettapapelaria.com.br\/catalogo\/produto\/carimbo-stamp-emoji-cis\/","name":"CARIMBO STAMP EMOJI CIS - Metta Papelaria","isPartOf":{"@id":"https:\/\/mettapapelaria.com.br\/catalogo\/#website"},"primaryImageOfPage":{"@id":"https:\/\/mettapapelaria.com.br\/catalogo\/produto\/carimbo-stamp-emoji-cis\/#primaryimage"},"image":{"@id":"https:\/\/mettapapelaria.com.br\/catalogo\/produto\/carimbo-stamp-emoji-cis\/#primaryimage"},"thumbnailUrl":"https:\/\/mettapapelaria.com.br\/catalogo\/wp-content\/uploads\/2024\/09\/CARIMBO-STAMP-EMOJI-CIS.jpg","datePublished":"2024-09-25T19:52:51+00:00","dateModified":"2024-09-25T19:52:53+00:00","breadcrumb":{"@id":"https:\/\/mettapapelaria.com.br\/catalogo\/produto\/carimbo-stamp-emoji-cis\/#breadcrumb"},"inLanguage":"pt-BR","potentialAction":[{"@type":"ReadAction","target":["https:\/\/mettapapelaria.com.br\/catalogo\/produto\/carimbo-stamp-emoji-cis\/"]}]},{"@type":"ImageObject","inLanguage":"pt-BR","@id":"https:\/\/mettapapelaria.com.br\/catalogo\/produto\/carimbo-stamp-emoji-cis\/#primaryimage","url":"https:\/\/mettapapelaria.com.br\/catalogo\/wp-content\/uploads\/2024\/09\/CARIMBO-STAMP-EMOJI-CIS.jpg","contentUrl":"https:\/\/mettapapelaria.com.br\/catalogo\/wp-content\/uploads\/2024\/09\/CARIMBO-STAMP-EMOJI-CIS.jpg","width":500,"height":500},{"@type":"BreadcrumbList","@id":"https:\/\/mettapapelaria.com.br\/catalogo\/produto\/carimbo-stamp-emoji-cis\/#breadcrumb","itemListElement":[{"@type":"ListItem","position":1,"name":"In\u00edcio","item":"https:\/\/mettapapelaria.com.br\/catalogo\/"},{"@type":"ListItem","position":2,"name":"Shop","item":"https:\/\/mettapapelaria.com.br\/catalogo\/shop\/"},{"@type":"ListItem","position":3,"name":"CARIMBO STAMP EMOJI CIS"}]},{"@type":"WebSite","@id":"https:\/\/mettapapelaria.com.br\/catalogo\/#website","url":"https:\/\/mettapapelaria.com.br\/catalogo\/","name":"Metta Papelaria","description":"Materiais e equipamentos de escrit\u00f3rio, suprimentos para inform\u00e1tica, e uma diversificada linha de material escolar","publisher":{"@id":"https:\/\/mettapapelaria.com.br\/catalogo\/#organization"},"potentialAction":[{"@type":"SearchAction","target":{"@type":"EntryPoint","urlTemplate":"https:\/\/mettapapelaria.com.br\/catalogo\/?s={search_term_string}"},"query-input":{"@type":"PropertyValueSpecification","valueRequired":true,"valueName":"search_term_string"}}],"inLanguage":"pt-BR"},{"@type":"Organization","@id":"https:\/\/mettapapelaria.com.br\/catalogo\/#organization","name":"Metta Papelaria","url":"https:\/\/mettapapelaria.com.br\/catalogo\/","logo":{"@type":"ImageObject","inLanguage":"pt-BR","@id":"https:\/\/mettapapelaria.com.br\/catalogo\/#\/schema\/logo\/image\/","url":"https:\/\/mettapapelaria.com.br\/catalogo\/wp-content\/uploads\/2023\/12\/cropped-favicon-Metta_512-1.png","contentUrl":"https:\/\/mettapapelaria.com.br\/catalogo\/wp-content\/uploads\/2023\/12\/cropped-favicon-Metta_512-1.png","width":512,"height":512,"caption":"Metta Papelaria"},"image":{"@id":"https:\/\/mettapapelaria.com.br\/catalogo\/#\/schema\/logo\/image\/"},"sameAs":["https:\/\/www.facebook.com\/mettapapelaria\/","https:\/\/www.instagram.com\/papelariametta\/"]}]}},"_links":{"self":[{"href":"https:\/\/mettapapelaria.com.br\/catalogo\/wp-json\/wp\/v2\/product\/7672","targetHints":{"allow":["GET"]}}],"collection":[{"href":"https:\/\/mettapapelaria.com.br\/catalogo\/wp-json\/wp\/v2\/product"}],"about":[{"href":"https:\/\/mettapapelaria.com.br\/catalogo\/wp-json\/wp\/v2\/types\/product"}],"replies":[{"embeddable":true,"href":"https:\/\/mettapapelaria.com.br\/catalogo\/wp-json\/wp\/v2\/comments?post=7672"}],"version-history":[{"count":1,"href":"https:\/\/mettapapelaria.com.br\/catalogo\/wp-json\/wp\/v2\/product\/7672\/revisions"}],"predecessor-version":[{"id":7675,"href":"https:\/\/mettapapelaria.com.br\/catalogo\/wp-json\/wp\/v2\/product\/7672\/revisions\/7675"}],"wp:featuredmedia":[{"embeddable":true,"href":"https:\/\/mettapapelaria.com.br\/catalogo\/wp-json\/wp\/v2\/media\/7673"}],"wp:attachment":[{"href":"https:\/\/mettapapelaria.com.br\/catalogo\/wp-json\/wp\/v2\/media?parent=7672"}],"wp:term":[{"taxonomy":"brand","embeddable":true,"href":"https:\/\/mettapapelaria.com.br\/catalogo\/wp-json\/wp\/v2\/etheme_brands?post=7672"},{"taxonomy":"product_brand","embeddable":true,"href":"https:\/\/mettapapelaria.com.br\/catalogo\/wp-json\/wp\/v2\/product_brand?post=7672"},{"taxonomy":"product_cat","embeddable":true,"href":"https:\/\/mettapapelaria.com.br\/catalogo\/wp-json\/wp\/v2\/product_cat?post=7672"},{"taxonomy":"product_tag","embeddable":true,"href":"https:\/\/mettapapelaria.com.br\/catalogo\/wp-json\/wp\/v2\/product_tag?post=7672"}],"curies":[{"name":"wp","href":"https:\/\/api.w.org\/{rel}","templated":true}]}}