{"id":7644,"date":"2024-09-25T16:04:23","date_gmt":"2024-09-25T19:04:23","guid":{"rendered":"https:\/\/mettapapelaria.com.br\/catalogo\/?post_type=product&#038;p=7644"},"modified":"2024-09-25T16:04:25","modified_gmt":"2024-09-25T19:04:25","slug":"estilete-169bc-cis","status":"publish","type":"product","link":"https:\/\/mettapapelaria.com.br\/catalogo\/produto\/estilete-169bc-cis\/","title":{"rendered":"ESTILETE 169BC CIS"},"content":{"rendered":"<p>O estilete estreito da marca CIS, modelo COLOR 169 BC, \u00e9 uma ferramenta de corte vers\u00e1til e resistente. Possui um corpo refor\u00e7ado, o que garante durabilidade e seguran\u00e7a durante o uso. Sua l\u00e2mina afiada e estreita permite cortes precisos em materiais diversos, como papel, papel\u00e3o, pl\u00e1stico e tecido. Al\u00e9m disso, o estilete \u00e9 ergon\u00f4mico, proporcionando conforto e facilidade de manuseio. Com o estilete estreito CIS COLOR 169 BC, voc\u00ea ter\u00e1 uma ferramenta confi\u00e1vel para suas necessidades de corte.<\/p>\n<p>CARACTER\u00cdSTICAS<\/p>\n<ul>\n<li>L\u00e2mina estreita.<\/li>\n<li>Grip emborrachado.<\/li>\n<\/ul>\n<p>MEDIDAS<\/p>\n<ul>\n<li>(L x A): 3cm x 13,5cm<\/li>\n<\/ul>\n<p>CORES<\/p>\n<ul>\n<li>Amarelo<\/li>\n<li>Azul<\/li>\n<li>Vermelho<\/li>\n<\/ul>\n","protected":false},"excerpt":{"rendered":"<p>O estilete estreito da marca CIS, modelo COLOR 169 BC, \u00e9 uma ferramenta de corte vers\u00e1til e resistente. Possui um corpo refor\u00e7ado, o que garante&#8230;<\/p>\n","protected":false},"featured_media":7645,"comment_status":"open","ping_status":"closed","template":"","meta":[],"etheme_brands":[{"term_id":379,"name":"CIS","slug":"cis","term_group":0,"term_taxonomy_id":379,"taxonomy":"brand","description":"","parent":0,"count":31,"filter":"raw"}],"product_brand":[],"product_cat":[43,57,160,16,15,116],"product_tag":[635,562,242,254,637,276,385,638,316,636,275,255,256,228,227,225,622,317,274],"class_list":{"0":"post-7644","1":"product","2":"type-product","3":"status-publish","4":"has-post-thumbnail","6":"brand-cis","7":"product_cat-bazar-artesanato","8":"product_cat-estilete-laminas-e-extratores","9":"product_cat-instrumentos","10":"product_cat-material-escolar","11":"product_cat-material-escritorio","12":"product_cat-tesouras-material-escolar","13":"product_tag-arquitetura","14":"product_tag-artes","15":"product_tag-artesanato","16":"product_tag-casa","17":"product_tag-diy","18":"product_tag-escola","19":"product_tag-escritorio","20":"product_tag-estilete","21":"product_tag-estudante","22":"product_tag-faca-voce-mesmo","23":"product_tag-faculdade","24":"product_tag-home","25":"product_tag-lar","26":"product_tag-material-de-escritorio","27":"product_tag-material-escolar","28":"product_tag-metta-papelaria","29":"product_tag-office","30":"product_tag-study","31":"product_tag-universidade","33":"first","34":"instock","35":"sold-individually","36":"shipping-taxable","37":"purchasable","38":"product-type-simple"},"yoast_head":"<!-- This site is optimized with the Yoast SEO plugin v26.9 - https:\/\/yoast.com\/product\/yoast-seo-wordpress\/ -->\n<title>ESTILETE 169BC CIS - Metta Papelaria<\/title>\n<meta name=\"description\" content=\"O estilete estreito da marca CIS, modelo COLOR 169 BC, \u00e9 uma ferramenta de corte vers\u00e1til e resistente. Possui um corpo refor\u00e7ado, o que garante durabilidade e seguran\u00e7a durante o uso. Sua l\u00e2mina afiada e estreita permite cortes precisos em materiais diversos, como papel, papel\u00e3o, pl\u00e1stico e tecido. Al\u00e9m disso, o estilete \u00e9 ergon\u00f4mico, proporcionando conforto e facilidade de manuseio. Com o estilete estreito CIS COLOR 169 BC, voc\u00ea ter\u00e1 uma ferramenta confi\u00e1vel para suas necessidades de corte.\" \/>\n<meta name=\"robots\" content=\"index, follow, max-snippet:-1, max-image-preview:large, max-video-preview:-1\" \/>\n<link rel=\"canonical\" href=\"https:\/\/mettapapelaria.com.br\/catalogo\/produto\/estilete-169bc-cis\/\" \/>\n<meta property=\"og:locale\" content=\"pt_BR\" \/>\n<meta property=\"og:type\" content=\"article\" \/>\n<meta property=\"og:title\" content=\"ESTILETE 169BC CIS - Metta Papelaria\" \/>\n<meta property=\"og:description\" content=\"O estilete estreito da marca CIS, modelo COLOR 169 BC, \u00e9 uma ferramenta de corte vers\u00e1til e resistente. Possui um corpo refor\u00e7ado, o que garante durabilidade e seguran\u00e7a durante o uso. Sua l\u00e2mina afiada e estreita permite cortes precisos em materiais diversos, como papel, papel\u00e3o, pl\u00e1stico e tecido. Al\u00e9m disso, o estilete \u00e9 ergon\u00f4mico, proporcionando conforto e facilidade de manuseio. Com o estilete estreito CIS COLOR 169 BC, voc\u00ea ter\u00e1 uma ferramenta confi\u00e1vel para suas necessidades de corte.\" \/>\n<meta property=\"og:url\" content=\"https:\/\/mettapapelaria.com.br\/catalogo\/produto\/estilete-169bc-cis\/\" \/>\n<meta property=\"og:site_name\" content=\"Metta Papelaria\" \/>\n<meta property=\"article:publisher\" content=\"https:\/\/www.facebook.com\/mettapapelaria\/\" \/>\n<meta property=\"article:modified_time\" content=\"2024-09-25T19:04:25+00:00\" \/>\n<meta property=\"og:image\" content=\"https:\/\/mettapapelaria.com.br\/catalogo\/wp-content\/uploads\/2024\/09\/ESTILETE-169BC-CIS.jpg\" \/>\n\t<meta property=\"og:image:width\" content=\"500\" \/>\n\t<meta property=\"og:image:height\" content=\"500\" \/>\n\t<meta property=\"og:image:type\" content=\"image\/jpeg\" \/>\n<meta name=\"twitter:card\" content=\"summary_large_image\" \/>\n<meta name=\"twitter:label1\" content=\"Est. tempo de leitura\" \/>\n\t<meta name=\"twitter:data1\" content=\"1 minuto\" \/>\n<script type=\"application\/ld+json\" class=\"yoast-schema-graph\">{\"@context\":\"https:\/\/schema.org\",\"@graph\":[{\"@type\":\"WebPage\",\"@id\":\"https:\/\/mettapapelaria.com.br\/catalogo\/produto\/estilete-169bc-cis\/\",\"url\":\"https:\/\/mettapapelaria.com.br\/catalogo\/produto\/estilete-169bc-cis\/\",\"name\":\"ESTILETE 169BC CIS - Metta Papelaria\",\"isPartOf\":{\"@id\":\"https:\/\/mettapapelaria.com.br\/catalogo\/#website\"},\"primaryImageOfPage\":{\"@id\":\"https:\/\/mettapapelaria.com.br\/catalogo\/produto\/estilete-169bc-cis\/#primaryimage\"},\"image\":{\"@id\":\"https:\/\/mettapapelaria.com.br\/catalogo\/produto\/estilete-169bc-cis\/#primaryimage\"},\"thumbnailUrl\":\"https:\/\/mettapapelaria.com.br\/catalogo\/wp-content\/uploads\/2024\/09\/ESTILETE-169BC-CIS.jpg\",\"datePublished\":\"2024-09-25T19:04:23+00:00\",\"dateModified\":\"2024-09-25T19:04:25+00:00\",\"description\":\"O estilete estreito da marca CIS, modelo COLOR 169 BC, \u00e9 uma ferramenta de corte vers\u00e1til e resistente. Possui um corpo refor\u00e7ado, o que garante durabilidade e seguran\u00e7a durante o uso. Sua l\u00e2mina afiada e estreita permite cortes precisos em materiais diversos, como papel, papel\u00e3o, pl\u00e1stico e tecido. Al\u00e9m disso, o estilete \u00e9 ergon\u00f4mico, proporcionando conforto e facilidade de manuseio. Com o estilete estreito CIS COLOR 169 BC, voc\u00ea ter\u00e1 uma ferramenta confi\u00e1vel para suas necessidades de corte.\",\"breadcrumb\":{\"@id\":\"https:\/\/mettapapelaria.com.br\/catalogo\/produto\/estilete-169bc-cis\/#breadcrumb\"},\"inLanguage\":\"pt-BR\",\"potentialAction\":[{\"@type\":\"ReadAction\",\"target\":[\"https:\/\/mettapapelaria.com.br\/catalogo\/produto\/estilete-169bc-cis\/\"]}]},{\"@type\":\"ImageObject\",\"inLanguage\":\"pt-BR\",\"@id\":\"https:\/\/mettapapelaria.com.br\/catalogo\/produto\/estilete-169bc-cis\/#primaryimage\",\"url\":\"https:\/\/mettapapelaria.com.br\/catalogo\/wp-content\/uploads\/2024\/09\/ESTILETE-169BC-CIS.jpg\",\"contentUrl\":\"https:\/\/mettapapelaria.com.br\/catalogo\/wp-content\/uploads\/2024\/09\/ESTILETE-169BC-CIS.jpg\",\"width\":500,\"height\":500},{\"@type\":\"BreadcrumbList\",\"@id\":\"https:\/\/mettapapelaria.com.br\/catalogo\/produto\/estilete-169bc-cis\/#breadcrumb\",\"itemListElement\":[{\"@type\":\"ListItem\",\"position\":1,\"name\":\"In\u00edcio\",\"item\":\"https:\/\/mettapapelaria.com.br\/catalogo\/\"},{\"@type\":\"ListItem\",\"position\":2,\"name\":\"Shop\",\"item\":\"https:\/\/mettapapelaria.com.br\/catalogo\/shop\/\"},{\"@type\":\"ListItem\",\"position\":3,\"name\":\"ESTILETE 169BC CIS\"}]},{\"@type\":\"WebSite\",\"@id\":\"https:\/\/mettapapelaria.com.br\/catalogo\/#website\",\"url\":\"https:\/\/mettapapelaria.com.br\/catalogo\/\",\"name\":\"Metta Papelaria\",\"description\":\"Materiais e equipamentos de escrit\u00f3rio, suprimentos para inform\u00e1tica, e uma diversificada linha de material escolar\",\"publisher\":{\"@id\":\"https:\/\/mettapapelaria.com.br\/catalogo\/#organization\"},\"potentialAction\":[{\"@type\":\"SearchAction\",\"target\":{\"@type\":\"EntryPoint\",\"urlTemplate\":\"https:\/\/mettapapelaria.com.br\/catalogo\/?s={search_term_string}\"},\"query-input\":{\"@type\":\"PropertyValueSpecification\",\"valueRequired\":true,\"valueName\":\"search_term_string\"}}],\"inLanguage\":\"pt-BR\"},{\"@type\":\"Organization\",\"@id\":\"https:\/\/mettapapelaria.com.br\/catalogo\/#organization\",\"name\":\"Metta Papelaria\",\"url\":\"https:\/\/mettapapelaria.com.br\/catalogo\/\",\"logo\":{\"@type\":\"ImageObject\",\"inLanguage\":\"pt-BR\",\"@id\":\"https:\/\/mettapapelaria.com.br\/catalogo\/#\/schema\/logo\/image\/\",\"url\":\"https:\/\/mettapapelaria.com.br\/catalogo\/wp-content\/uploads\/2023\/12\/cropped-favicon-Metta_512-1.png\",\"contentUrl\":\"https:\/\/mettapapelaria.com.br\/catalogo\/wp-content\/uploads\/2023\/12\/cropped-favicon-Metta_512-1.png\",\"width\":512,\"height\":512,\"caption\":\"Metta Papelaria\"},\"image\":{\"@id\":\"https:\/\/mettapapelaria.com.br\/catalogo\/#\/schema\/logo\/image\/\"},\"sameAs\":[\"https:\/\/www.facebook.com\/mettapapelaria\/\",\"https:\/\/www.instagram.com\/papelariametta\/\"]}]}<\/script>\n<!-- \/ Yoast SEO plugin. -->","yoast_head_json":{"title":"ESTILETE 169BC CIS - Metta Papelaria","description":"O estilete estreito da marca CIS, modelo COLOR 169 BC, \u00e9 uma ferramenta de corte vers\u00e1til e resistente. Possui um corpo refor\u00e7ado, o que garante durabilidade e seguran\u00e7a durante o uso. Sua l\u00e2mina afiada e estreita permite cortes precisos em materiais diversos, como papel, papel\u00e3o, pl\u00e1stico e tecido. Al\u00e9m disso, o estilete \u00e9 ergon\u00f4mico, proporcionando conforto e facilidade de manuseio. Com o estilete estreito CIS COLOR 169 BC, voc\u00ea ter\u00e1 uma ferramenta confi\u00e1vel para suas necessidades de corte.","robots":{"index":"index","follow":"follow","max-snippet":"max-snippet:-1","max-image-preview":"max-image-preview:large","max-video-preview":"max-video-preview:-1"},"canonical":"https:\/\/mettapapelaria.com.br\/catalogo\/produto\/estilete-169bc-cis\/","og_locale":"pt_BR","og_type":"article","og_title":"ESTILETE 169BC CIS - Metta Papelaria","og_description":"O estilete estreito da marca CIS, modelo COLOR 169 BC, \u00e9 uma ferramenta de corte vers\u00e1til e resistente. Possui um corpo refor\u00e7ado, o que garante durabilidade e seguran\u00e7a durante o uso. Sua l\u00e2mina afiada e estreita permite cortes precisos em materiais diversos, como papel, papel\u00e3o, pl\u00e1stico e tecido. Al\u00e9m disso, o estilete \u00e9 ergon\u00f4mico, proporcionando conforto e facilidade de manuseio. Com o estilete estreito CIS COLOR 169 BC, voc\u00ea ter\u00e1 uma ferramenta confi\u00e1vel para suas necessidades de corte.","og_url":"https:\/\/mettapapelaria.com.br\/catalogo\/produto\/estilete-169bc-cis\/","og_site_name":"Metta Papelaria","article_publisher":"https:\/\/www.facebook.com\/mettapapelaria\/","article_modified_time":"2024-09-25T19:04:25+00:00","og_image":[{"width":500,"height":500,"url":"https:\/\/mettapapelaria.com.br\/catalogo\/wp-content\/uploads\/2024\/09\/ESTILETE-169BC-CIS.jpg","type":"image\/jpeg"}],"twitter_card":"summary_large_image","twitter_misc":{"Est. tempo de leitura":"1 minuto"},"schema":{"@context":"https:\/\/schema.org","@graph":[{"@type":"WebPage","@id":"https:\/\/mettapapelaria.com.br\/catalogo\/produto\/estilete-169bc-cis\/","url":"https:\/\/mettapapelaria.com.br\/catalogo\/produto\/estilete-169bc-cis\/","name":"ESTILETE 169BC CIS - Metta Papelaria","isPartOf":{"@id":"https:\/\/mettapapelaria.com.br\/catalogo\/#website"},"primaryImageOfPage":{"@id":"https:\/\/mettapapelaria.com.br\/catalogo\/produto\/estilete-169bc-cis\/#primaryimage"},"image":{"@id":"https:\/\/mettapapelaria.com.br\/catalogo\/produto\/estilete-169bc-cis\/#primaryimage"},"thumbnailUrl":"https:\/\/mettapapelaria.com.br\/catalogo\/wp-content\/uploads\/2024\/09\/ESTILETE-169BC-CIS.jpg","datePublished":"2024-09-25T19:04:23+00:00","dateModified":"2024-09-25T19:04:25+00:00","description":"O estilete estreito da marca CIS, modelo COLOR 169 BC, \u00e9 uma ferramenta de corte vers\u00e1til e resistente. Possui um corpo refor\u00e7ado, o que garante durabilidade e seguran\u00e7a durante o uso. Sua l\u00e2mina afiada e estreita permite cortes precisos em materiais diversos, como papel, papel\u00e3o, pl\u00e1stico e tecido. Al\u00e9m disso, o estilete \u00e9 ergon\u00f4mico, proporcionando conforto e facilidade de manuseio. Com o estilete estreito CIS COLOR 169 BC, voc\u00ea ter\u00e1 uma ferramenta confi\u00e1vel para suas necessidades de corte.","breadcrumb":{"@id":"https:\/\/mettapapelaria.com.br\/catalogo\/produto\/estilete-169bc-cis\/#breadcrumb"},"inLanguage":"pt-BR","potentialAction":[{"@type":"ReadAction","target":["https:\/\/mettapapelaria.com.br\/catalogo\/produto\/estilete-169bc-cis\/"]}]},{"@type":"ImageObject","inLanguage":"pt-BR","@id":"https:\/\/mettapapelaria.com.br\/catalogo\/produto\/estilete-169bc-cis\/#primaryimage","url":"https:\/\/mettapapelaria.com.br\/catalogo\/wp-content\/uploads\/2024\/09\/ESTILETE-169BC-CIS.jpg","contentUrl":"https:\/\/mettapapelaria.com.br\/catalogo\/wp-content\/uploads\/2024\/09\/ESTILETE-169BC-CIS.jpg","width":500,"height":500},{"@type":"BreadcrumbList","@id":"https:\/\/mettapapelaria.com.br\/catalogo\/produto\/estilete-169bc-cis\/#breadcrumb","itemListElement":[{"@type":"ListItem","position":1,"name":"In\u00edcio","item":"https:\/\/mettapapelaria.com.br\/catalogo\/"},{"@type":"ListItem","position":2,"name":"Shop","item":"https:\/\/mettapapelaria.com.br\/catalogo\/shop\/"},{"@type":"ListItem","position":3,"name":"ESTILETE 169BC CIS"}]},{"@type":"WebSite","@id":"https:\/\/mettapapelaria.com.br\/catalogo\/#website","url":"https:\/\/mettapapelaria.com.br\/catalogo\/","name":"Metta Papelaria","description":"Materiais e equipamentos de escrit\u00f3rio, suprimentos para inform\u00e1tica, e uma diversificada linha de material escolar","publisher":{"@id":"https:\/\/mettapapelaria.com.br\/catalogo\/#organization"},"potentialAction":[{"@type":"SearchAction","target":{"@type":"EntryPoint","urlTemplate":"https:\/\/mettapapelaria.com.br\/catalogo\/?s={search_term_string}"},"query-input":{"@type":"PropertyValueSpecification","valueRequired":true,"valueName":"search_term_string"}}],"inLanguage":"pt-BR"},{"@type":"Organization","@id":"https:\/\/mettapapelaria.com.br\/catalogo\/#organization","name":"Metta Papelaria","url":"https:\/\/mettapapelaria.com.br\/catalogo\/","logo":{"@type":"ImageObject","inLanguage":"pt-BR","@id":"https:\/\/mettapapelaria.com.br\/catalogo\/#\/schema\/logo\/image\/","url":"https:\/\/mettapapelaria.com.br\/catalogo\/wp-content\/uploads\/2023\/12\/cropped-favicon-Metta_512-1.png","contentUrl":"https:\/\/mettapapelaria.com.br\/catalogo\/wp-content\/uploads\/2023\/12\/cropped-favicon-Metta_512-1.png","width":512,"height":512,"caption":"Metta Papelaria"},"image":{"@id":"https:\/\/mettapapelaria.com.br\/catalogo\/#\/schema\/logo\/image\/"},"sameAs":["https:\/\/www.facebook.com\/mettapapelaria\/","https:\/\/www.instagram.com\/papelariametta\/"]}]}},"_links":{"self":[{"href":"https:\/\/mettapapelaria.com.br\/catalogo\/wp-json\/wp\/v2\/product\/7644","targetHints":{"allow":["GET"]}}],"collection":[{"href":"https:\/\/mettapapelaria.com.br\/catalogo\/wp-json\/wp\/v2\/product"}],"about":[{"href":"https:\/\/mettapapelaria.com.br\/catalogo\/wp-json\/wp\/v2\/types\/product"}],"replies":[{"embeddable":true,"href":"https:\/\/mettapapelaria.com.br\/catalogo\/wp-json\/wp\/v2\/comments?post=7644"}],"version-history":[{"count":1,"href":"https:\/\/mettapapelaria.com.br\/catalogo\/wp-json\/wp\/v2\/product\/7644\/revisions"}],"predecessor-version":[{"id":7649,"href":"https:\/\/mettapapelaria.com.br\/catalogo\/wp-json\/wp\/v2\/product\/7644\/revisions\/7649"}],"wp:featuredmedia":[{"embeddable":true,"href":"https:\/\/mettapapelaria.com.br\/catalogo\/wp-json\/wp\/v2\/media\/7645"}],"wp:attachment":[{"href":"https:\/\/mettapapelaria.com.br\/catalogo\/wp-json\/wp\/v2\/media?parent=7644"}],"wp:term":[{"taxonomy":"brand","embeddable":true,"href":"https:\/\/mettapapelaria.com.br\/catalogo\/wp-json\/wp\/v2\/etheme_brands?post=7644"},{"taxonomy":"product_brand","embeddable":true,"href":"https:\/\/mettapapelaria.com.br\/catalogo\/wp-json\/wp\/v2\/product_brand?post=7644"},{"taxonomy":"product_cat","embeddable":true,"href":"https:\/\/mettapapelaria.com.br\/catalogo\/wp-json\/wp\/v2\/product_cat?post=7644"},{"taxonomy":"product_tag","embeddable":true,"href":"https:\/\/mettapapelaria.com.br\/catalogo\/wp-json\/wp\/v2\/product_tag?post=7644"}],"curies":[{"name":"wp","href":"https:\/\/api.w.org\/{rel}","templated":true}]}}